{"id":9843,"date":"2025-12-15T13:24:00","date_gmt":"2025-12-15T13:24:00","guid":{"rendered":"https:\/\/sleepcity.ee\/?post_type=product&#038;p=9843"},"modified":"2025-12-15T13:34:42","modified_gmt":"2025-12-15T13:34:42","slug":"max-benjamin-lohnakuunal-acqua-viva","status":"publish","type":"product","link":"https:\/\/www.sleepcity.ee\/toode\/max-benjamin-lohnakuunal-acqua-viva\/","title":{"rendered":"Max Benjamin l\u00f5hnak\u00fc\u00fcnal Acqua Viva"},"content":{"rendered":"<p><strong>Kaal:<\/strong> 569g<\/p>\n<p><strong>M\u00f5\u00f5tmed:<\/strong> 87x86x113mm<\/p>\n<div class=\"sub-content\">\n<p><strong><span dir=\"auto\">Toote koostisosad<\/span><\/strong><\/p>\n<p><span dir=\"auto\">Acqua Viva k\u00fc\u00fcnal: EUH208 Sisaldab: (R)-p-menta-1,8-dieeni, d-limoneeni (5989-27-5) | 1-(1,2,3,4,6,7,8,8a-oktah\u00fcdro-2,3,8,8-tetramet\u00fc\u00fcl-2-naft\u00fc\u00fcl)etaan-1-ooni (68155-67-9) | 1-(1,2,3,4,5,6,7,8-oktah\u00fcdro-2,3,8,8-tetramet\u00fc\u00fcl-2-naft\u00fc\u00fcl)etaan-1-ooni (54464-57-2)| 1-(1,2,3,5,6,7,8,8a-oktah\u00fcdro-2,3,8,8-tetramet\u00fc\u00fcl-2-naft\u00fc\u00fcl)etaan-1-ooni (68155-66-8) | linal\u00fc\u00fclatsetaati (115-95-7) | 1,2,3,5,6,7-heksah\u00fcdro-1,1,2,3,3-pentamet\u00fc\u00fcl-4H-indeen-4-oon (33704-61-9).<\/span><\/p>\n<\/div>\n<div class=\"sub-content\">\n<p><strong><span dir=\"auto\">Ettevaatusabin\u00f5ud<\/span><\/strong><\/p>\n<p><span dir=\"auto\">HOIATUS! V\u00f5ib esile kutsuda allergilise reaktsiooni. Kahjulik veeorganismidele, pikaajalise toimega. Hoida lastele k\u00e4ttesaamatus kohas. V\u00e4ltida keskkonda sattumist. Sisu k\u00f5rvaldada heakskiidetud k\u00e4itluskeskuses vastavalt riiklikele eeskirjadele.<\/span><\/p>\n<\/div>\n","protected":false},"excerpt":{"rendered":"<p><span dir=\"auto\">Ainulaadne l\u00f5hn, mis on inspireeritud Vahemere perepuhkustest Itaalia Amalfi rannikul. Tipunoodid mandariinist, apelsinist, sidrunist ja mustast s\u00f5strast viivavad tsitruselised noodid viivavad s\u00fcgavamale kardemoni ja <\/span><span dir=\"auto\">pipra s\u00fcdamele ning aluseks muskus, merevaigukollane ja seedripuu.<\/span><\/p>\n<p><span dir=\"auto\">Telli oma\u00a0<\/span><span dir=\"auto\">Acqua Viva k\u00fc\u00fcnal <\/span><span dir=\"auto\">juba t\u00e4na ja asu aromaatsele avastusretkele!<\/span><\/p>\n<p><span dir=\"auto\">Meie l\u00f5hnak\u00fc\u00fcnlad on valmistatud 100% looduslikust vahast ja tahid puuvillast, et tagada puhas ja tahmavaba p\u00f5lemine. Iga k\u00fc\u00fcnal valatakse k\u00e4sitsi\u00a0 ja iga meie \u00fche tahiga k\u00fc\u00fcnla minimaalne p\u00f5lemisaeg on 50 tundi. <\/span><\/p>\n<p><span dir=\"auto\">Acqua Viva 210g luksuslik k\u00fc\u00fcnal ja kaas.<\/span><\/p>\n","protected":false},"featured_media":9846,"comment_status":"open","ping_status":"closed","template":"","meta":{"_monsterinsights_skip_tracking":false,"_monsterinsights_sitenote_active":false,"_monsterinsights_sitenote_note":"","_monsterinsights_sitenote_category":0},"product_brand":[],"product_cat":[687,421,275,272,15],"product_tag":[],"class_list":{"0":"post-9843","1":"product","2":"type-product","3":"status-publish","4":"has-post-thumbnail","6":"product_cat-kingitused","7":"product_cat-kodus","8":"product_cat-kuunlad","9":"product_cat-meeleolu","10":"product_cat-muu","12":"first","13":"instock","14":"taxable","15":"shipping-taxable","16":"purchasable","17":"product-type-simple"},"yoast_head":"<!-- This site is optimized with the Yoast SEO plugin v27.3 - https:\/\/yoast.com\/product\/yoast-seo-wordpress\/ -->\n<title>Max Benjamin l\u00f5hnak\u00fc\u00fcnal Acqua Viva - SleepCity - Hea Une Valem<\/title>\n<meta name=\"description\" content=\"Ainulaadne l\u00f5hn, mis on inspireeritud Vahemere perepuhkustest Itaalia Amalfi rannikul. Tipunoodid mandariinist, apelsinist, sidrunist ja mustast s\u00f5strast viivavad tsitruselised noodid viivavad s\u00fcgavamale kardemoni ja pipra s\u00fcdamele ning aluseks muskus, merevaigukollane ja seedripuu.  Telli oma\u00a0Acqua Viva k\u00fc\u00fcnal juba t\u00e4na ja asu aromaatsele avastusretkele!  Meie l\u00f5hnak\u00fc\u00fcnlad on valmistatud 100% looduslikust vahast ja tahid puuvillast, et tagada puhas ja tahmavaba p\u00f5lemine. Iga k\u00fc\u00fcnal valatakse k\u00e4sitsi\u00a0 ja iga meie \u00fche tahiga k\u00fc\u00fcnla minimaalne p\u00f5lemisaeg on 50 tundi.   Acqua Viva 210g luksuslik k\u00fc\u00fcnal ja kaas.\" \/>\n<meta name=\"robots\" content=\"index, follow, max-snippet:-1, max-image-preview:large, max-video-preview:-1\" \/>\n<link rel=\"canonical\" href=\"https:\/\/sleepcity.ee\/toode\/max-benjamin-lohnakuunal-acqua-viva\/\" \/>\n<meta property=\"og:locale\" content=\"et_EE\" \/>\n<meta property=\"og:type\" content=\"article\" \/>\n<meta property=\"og:title\" content=\"Max Benjamin l\u00f5hnak\u00fc\u00fcnal Acqua Viva - SleepCity - Hea Une Valem\" \/>\n<meta property=\"og:description\" content=\"Ainulaadne l\u00f5hn, mis on inspireeritud Vahemere perepuhkustest Itaalia Amalfi rannikul. Tipunoodid mandariinist, apelsinist, sidrunist ja mustast s\u00f5strast viivavad tsitruselised noodid viivavad s\u00fcgavamale kardemoni ja pipra s\u00fcdamele ning aluseks muskus, merevaigukollane ja seedripuu.  Telli oma\u00a0Acqua Viva k\u00fc\u00fcnal juba t\u00e4na ja asu aromaatsele avastusretkele!  Meie l\u00f5hnak\u00fc\u00fcnlad on valmistatud 100% looduslikust vahast ja tahid puuvillast, et tagada puhas ja tahmavaba p\u00f5lemine. Iga k\u00fc\u00fcnal valatakse k\u00e4sitsi\u00a0 ja iga meie \u00fche tahiga k\u00fc\u00fcnla minimaalne p\u00f5lemisaeg on 50 tundi.   Acqua Viva 210g luksuslik k\u00fc\u00fcnal ja kaas.\" \/>\n<meta property=\"og:url\" content=\"https:\/\/sleepcity.ee\/toode\/max-benjamin-lohnakuunal-acqua-viva\/\" \/>\n<meta property=\"og:site_name\" content=\"SleepCity - Hea Une Valem\" \/>\n<meta property=\"article:publisher\" content=\"http:\/\/www.fb.com\/TempurEstonia\" \/>\n<meta property=\"article:modified_time\" content=\"2025-12-15T13:34:42+00:00\" \/>\n<meta property=\"og:image\" content=\"https:\/\/sleepcity.ee\/wp-content\/uploads\/2025\/12\/210mg_AcquaViva-lit-600x600-1.png\" \/>\n\t<meta property=\"og:image:width\" content=\"600\" \/>\n\t<meta property=\"og:image:height\" content=\"600\" \/>\n\t<meta property=\"og:image:type\" content=\"image\/png\" \/>\n<meta name=\"twitter:card\" content=\"summary_large_image\" \/>\n<script type=\"application\/ld+json\" class=\"yoast-schema-graph\">{\"@context\":\"https:\\\/\\\/schema.org\",\"@graph\":[{\"@type\":\"WebPage\",\"@id\":\"https:\\\/\\\/sleepcity.ee\\\/toode\\\/max-benjamin-lohnakuunal-acqua-viva\\\/\",\"url\":\"https:\\\/\\\/sleepcity.ee\\\/toode\\\/max-benjamin-lohnakuunal-acqua-viva\\\/\",\"name\":\"Max Benjamin l\u00f5hnak\u00fc\u00fcnal Acqua Viva - SleepCity - Hea Une Valem\",\"isPartOf\":{\"@id\":\"https:\\\/\\\/sleepcity.ee\\\/#website\"},\"primaryImageOfPage\":{\"@id\":\"https:\\\/\\\/sleepcity.ee\\\/toode\\\/max-benjamin-lohnakuunal-acqua-viva\\\/#primaryimage\"},\"image\":{\"@id\":\"https:\\\/\\\/sleepcity.ee\\\/toode\\\/max-benjamin-lohnakuunal-acqua-viva\\\/#primaryimage\"},\"thumbnailUrl\":\"https:\\\/\\\/www.sleepcity.ee\\\/wp-content\\\/uploads\\\/2025\\\/12\\\/210mg_AcquaViva-lit-600x600-1.png\",\"datePublished\":\"2025-12-15T13:24:00+00:00\",\"dateModified\":\"2025-12-15T13:34:42+00:00\",\"description\":\"Ainulaadne l\u00f5hn, mis on inspireeritud Vahemere perepuhkustest Itaalia Amalfi rannikul. Tipunoodid mandariinist, apelsinist, sidrunist ja mustast s\u00f5strast viivavad tsitruselised noodid viivavad s\u00fcgavamale kardemoni ja pipra s\u00fcdamele ning aluseks muskus, merevaigukollane ja seedripuu. Telli oma\u00a0Acqua Viva k\u00fc\u00fcnal juba t\u00e4na ja asu aromaatsele avastusretkele! Meie l\u00f5hnak\u00fc\u00fcnlad on valmistatud 100% looduslikust vahast ja tahid puuvillast, et tagada puhas ja tahmavaba p\u00f5lemine. Iga k\u00fc\u00fcnal valatakse k\u00e4sitsi\u00a0 ja iga meie \u00fche tahiga k\u00fc\u00fcnla minimaalne p\u00f5lemisaeg on 50 tundi. Acqua Viva 210g luksuslik k\u00fc\u00fcnal ja kaas.\",\"breadcrumb\":{\"@id\":\"https:\\\/\\\/sleepcity.ee\\\/toode\\\/max-benjamin-lohnakuunal-acqua-viva\\\/#breadcrumb\"},\"inLanguage\":\"et\",\"potentialAction\":[{\"@type\":\"ReadAction\",\"target\":[\"https:\\\/\\\/sleepcity.ee\\\/toode\\\/max-benjamin-lohnakuunal-acqua-viva\\\/\"]}]},{\"@type\":\"ImageObject\",\"inLanguage\":\"et\",\"@id\":\"https:\\\/\\\/sleepcity.ee\\\/toode\\\/max-benjamin-lohnakuunal-acqua-viva\\\/#primaryimage\",\"url\":\"https:\\\/\\\/www.sleepcity.ee\\\/wp-content\\\/uploads\\\/2025\\\/12\\\/210mg_AcquaViva-lit-600x600-1.png\",\"contentUrl\":\"https:\\\/\\\/www.sleepcity.ee\\\/wp-content\\\/uploads\\\/2025\\\/12\\\/210mg_AcquaViva-lit-600x600-1.png\",\"width\":600,\"height\":600},{\"@type\":\"BreadcrumbList\",\"@id\":\"https:\\\/\\\/sleepcity.ee\\\/toode\\\/max-benjamin-lohnakuunal-acqua-viva\\\/#breadcrumb\",\"itemListElement\":[{\"@type\":\"ListItem\",\"position\":1,\"name\":\"Home\",\"item\":\"https:\\\/\\\/www.sleepcity.ee\\\/\"},{\"@type\":\"ListItem\",\"position\":2,\"name\":\"Pood\",\"item\":\"https:\\\/\\\/sleepcity.ee\\\/pood\\\/\"},{\"@type\":\"ListItem\",\"position\":3,\"name\":\"Max Benjamin l\u00f5hnak\u00fc\u00fcnal Acqua Viva\"}]},{\"@type\":\"WebSite\",\"@id\":\"https:\\\/\\\/sleepcity.ee\\\/#website\",\"url\":\"https:\\\/\\\/sleepcity.ee\\\/\",\"name\":\"Tempur Shop\",\"description\":\"TEMPUR madratsid, voodid, padjad ja muud unetooted.\",\"publisher\":{\"@id\":\"https:\\\/\\\/sleepcity.ee\\\/#organization\"},\"potentialAction\":[{\"@type\":\"SearchAction\",\"target\":{\"@type\":\"EntryPoint\",\"urlTemplate\":\"https:\\\/\\\/sleepcity.ee\\\/?s={search_term_string}\"},\"query-input\":{\"@type\":\"PropertyValueSpecification\",\"valueRequired\":true,\"valueName\":\"search_term_string\"}}],\"inLanguage\":\"et\"},{\"@type\":\"Organization\",\"@id\":\"https:\\\/\\\/sleepcity.ee\\\/#organization\",\"name\":\"VG Design O\u00dc\",\"url\":\"https:\\\/\\\/sleepcity.ee\\\/\",\"logo\":{\"@type\":\"ImageObject\",\"inLanguage\":\"et\",\"@id\":\"https:\\\/\\\/sleepcity.ee\\\/#\\\/schema\\\/logo\\\/image\\\/\",\"url\":\"https:\\\/\\\/www.sleepcity.ee\\\/wp-content\\\/uploads\\\/2023\\\/09\\\/sleepcity_logo.png\",\"contentUrl\":\"https:\\\/\\\/www.sleepcity.ee\\\/wp-content\\\/uploads\\\/2023\\\/09\\\/sleepcity_logo.png\",\"width\":1034,\"height\":318,\"caption\":\"VG Design O\u00dc\"},\"image\":{\"@id\":\"https:\\\/\\\/sleepcity.ee\\\/#\\\/schema\\\/logo\\\/image\\\/\"},\"sameAs\":[\"http:\\\/\\\/www.fb.com\\\/TempurEstonia\",\"http:\\\/\\\/www.instagram.com\\\/tempurestonia\"]}]}<\/script>\n<!-- \/ Yoast SEO plugin. -->","yoast_head_json":{"title":"Max Benjamin l\u00f5hnak\u00fc\u00fcnal Acqua Viva - SleepCity - Hea Une Valem","description":"Ainulaadne l\u00f5hn, mis on inspireeritud Vahemere perepuhkustest Itaalia Amalfi rannikul. Tipunoodid mandariinist, apelsinist, sidrunist ja mustast s\u00f5strast viivavad tsitruselised noodid viivavad s\u00fcgavamale kardemoni ja pipra s\u00fcdamele ning aluseks muskus, merevaigukollane ja seedripuu.  Telli oma\u00a0Acqua Viva k\u00fc\u00fcnal juba t\u00e4na ja asu aromaatsele avastusretkele!  Meie l\u00f5hnak\u00fc\u00fcnlad on valmistatud 100% looduslikust vahast ja tahid puuvillast, et tagada puhas ja tahmavaba p\u00f5lemine. Iga k\u00fc\u00fcnal valatakse k\u00e4sitsi\u00a0 ja iga meie \u00fche tahiga k\u00fc\u00fcnla minimaalne p\u00f5lemisaeg on 50 tundi.   Acqua Viva 210g luksuslik k\u00fc\u00fcnal ja kaas.","robots":{"index":"index","follow":"follow","max-snippet":"max-snippet:-1","max-image-preview":"max-image-preview:large","max-video-preview":"max-video-preview:-1"},"canonical":"https:\/\/sleepcity.ee\/toode\/max-benjamin-lohnakuunal-acqua-viva\/","og_locale":"et_EE","og_type":"article","og_title":"Max Benjamin l\u00f5hnak\u00fc\u00fcnal Acqua Viva - SleepCity - Hea Une Valem","og_description":"Ainulaadne l\u00f5hn, mis on inspireeritud Vahemere perepuhkustest Itaalia Amalfi rannikul. Tipunoodid mandariinist, apelsinist, sidrunist ja mustast s\u00f5strast viivavad tsitruselised noodid viivavad s\u00fcgavamale kardemoni ja pipra s\u00fcdamele ning aluseks muskus, merevaigukollane ja seedripuu.  Telli oma\u00a0Acqua Viva k\u00fc\u00fcnal juba t\u00e4na ja asu aromaatsele avastusretkele!  Meie l\u00f5hnak\u00fc\u00fcnlad on valmistatud 100% looduslikust vahast ja tahid puuvillast, et tagada puhas ja tahmavaba p\u00f5lemine. Iga k\u00fc\u00fcnal valatakse k\u00e4sitsi\u00a0 ja iga meie \u00fche tahiga k\u00fc\u00fcnla minimaalne p\u00f5lemisaeg on 50 tundi.   Acqua Viva 210g luksuslik k\u00fc\u00fcnal ja kaas.","og_url":"https:\/\/sleepcity.ee\/toode\/max-benjamin-lohnakuunal-acqua-viva\/","og_site_name":"SleepCity - Hea Une Valem","article_publisher":"http:\/\/www.fb.com\/TempurEstonia","article_modified_time":"2025-12-15T13:34:42+00:00","og_image":[{"width":600,"height":600,"url":"https:\/\/sleepcity.ee\/wp-content\/uploads\/2025\/12\/210mg_AcquaViva-lit-600x600-1.png","type":"image\/png"}],"twitter_card":"summary_large_image","schema":{"@context":"https:\/\/schema.org","@graph":[{"@type":"WebPage","@id":"https:\/\/sleepcity.ee\/toode\/max-benjamin-lohnakuunal-acqua-viva\/","url":"https:\/\/sleepcity.ee\/toode\/max-benjamin-lohnakuunal-acqua-viva\/","name":"Max Benjamin l\u00f5hnak\u00fc\u00fcnal Acqua Viva - SleepCity - Hea Une Valem","isPartOf":{"@id":"https:\/\/sleepcity.ee\/#website"},"primaryImageOfPage":{"@id":"https:\/\/sleepcity.ee\/toode\/max-benjamin-lohnakuunal-acqua-viva\/#primaryimage"},"image":{"@id":"https:\/\/sleepcity.ee\/toode\/max-benjamin-lohnakuunal-acqua-viva\/#primaryimage"},"thumbnailUrl":"https:\/\/www.sleepcity.ee\/wp-content\/uploads\/2025\/12\/210mg_AcquaViva-lit-600x600-1.png","datePublished":"2025-12-15T13:24:00+00:00","dateModified":"2025-12-15T13:34:42+00:00","description":"Ainulaadne l\u00f5hn, mis on inspireeritud Vahemere perepuhkustest Itaalia Amalfi rannikul. Tipunoodid mandariinist, apelsinist, sidrunist ja mustast s\u00f5strast viivavad tsitruselised noodid viivavad s\u00fcgavamale kardemoni ja pipra s\u00fcdamele ning aluseks muskus, merevaigukollane ja seedripuu. Telli oma\u00a0Acqua Viva k\u00fc\u00fcnal juba t\u00e4na ja asu aromaatsele avastusretkele! Meie l\u00f5hnak\u00fc\u00fcnlad on valmistatud 100% looduslikust vahast ja tahid puuvillast, et tagada puhas ja tahmavaba p\u00f5lemine. Iga k\u00fc\u00fcnal valatakse k\u00e4sitsi\u00a0 ja iga meie \u00fche tahiga k\u00fc\u00fcnla minimaalne p\u00f5lemisaeg on 50 tundi. Acqua Viva 210g luksuslik k\u00fc\u00fcnal ja kaas.","breadcrumb":{"@id":"https:\/\/sleepcity.ee\/toode\/max-benjamin-lohnakuunal-acqua-viva\/#breadcrumb"},"inLanguage":"et","potentialAction":[{"@type":"ReadAction","target":["https:\/\/sleepcity.ee\/toode\/max-benjamin-lohnakuunal-acqua-viva\/"]}]},{"@type":"ImageObject","inLanguage":"et","@id":"https:\/\/sleepcity.ee\/toode\/max-benjamin-lohnakuunal-acqua-viva\/#primaryimage","url":"https:\/\/www.sleepcity.ee\/wp-content\/uploads\/2025\/12\/210mg_AcquaViva-lit-600x600-1.png","contentUrl":"https:\/\/www.sleepcity.ee\/wp-content\/uploads\/2025\/12\/210mg_AcquaViva-lit-600x600-1.png","width":600,"height":600},{"@type":"BreadcrumbList","@id":"https:\/\/sleepcity.ee\/toode\/max-benjamin-lohnakuunal-acqua-viva\/#breadcrumb","itemListElement":[{"@type":"ListItem","position":1,"name":"Home","item":"https:\/\/www.sleepcity.ee\/"},{"@type":"ListItem","position":2,"name":"Pood","item":"https:\/\/sleepcity.ee\/pood\/"},{"@type":"ListItem","position":3,"name":"Max Benjamin l\u00f5hnak\u00fc\u00fcnal Acqua Viva"}]},{"@type":"WebSite","@id":"https:\/\/sleepcity.ee\/#website","url":"https:\/\/sleepcity.ee\/","name":"Tempur Shop","description":"TEMPUR madratsid, voodid, padjad ja muud unetooted.","publisher":{"@id":"https:\/\/sleepcity.ee\/#organization"},"potentialAction":[{"@type":"SearchAction","target":{"@type":"EntryPoint","urlTemplate":"https:\/\/sleepcity.ee\/?s={search_term_string}"},"query-input":{"@type":"PropertyValueSpecification","valueRequired":true,"valueName":"search_term_string"}}],"inLanguage":"et"},{"@type":"Organization","@id":"https:\/\/sleepcity.ee\/#organization","name":"VG Design O\u00dc","url":"https:\/\/sleepcity.ee\/","logo":{"@type":"ImageObject","inLanguage":"et","@id":"https:\/\/sleepcity.ee\/#\/schema\/logo\/image\/","url":"https:\/\/www.sleepcity.ee\/wp-content\/uploads\/2023\/09\/sleepcity_logo.png","contentUrl":"https:\/\/www.sleepcity.ee\/wp-content\/uploads\/2023\/09\/sleepcity_logo.png","width":1034,"height":318,"caption":"VG Design O\u00dc"},"image":{"@id":"https:\/\/sleepcity.ee\/#\/schema\/logo\/image\/"},"sameAs":["http:\/\/www.fb.com\/TempurEstonia","http:\/\/www.instagram.com\/tempurestonia"]}]}},"_links":{"self":[{"href":"https:\/\/www.sleepcity.ee\/wp-json\/wp\/v2\/product\/9843","targetHints":{"allow":["GET"]}}],"collection":[{"href":"https:\/\/www.sleepcity.ee\/wp-json\/wp\/v2\/product"}],"about":[{"href":"https:\/\/www.sleepcity.ee\/wp-json\/wp\/v2\/types\/product"}],"replies":[{"embeddable":true,"href":"https:\/\/www.sleepcity.ee\/wp-json\/wp\/v2\/comments?post=9843"}],"wp:featuredmedia":[{"embeddable":true,"href":"https:\/\/www.sleepcity.ee\/wp-json\/wp\/v2\/media\/9846"}],"wp:attachment":[{"href":"https:\/\/www.sleepcity.ee\/wp-json\/wp\/v2\/media?parent=9843"}],"wp:term":[{"taxonomy":"product_brand","embeddable":true,"href":"https:\/\/www.sleepcity.ee\/wp-json\/wp\/v2\/product_brand?post=9843"},{"taxonomy":"product_cat","embeddable":true,"href":"https:\/\/www.sleepcity.ee\/wp-json\/wp\/v2\/product_cat?post=9843"},{"taxonomy":"product_tag","embeddable":true,"href":"https:\/\/www.sleepcity.ee\/wp-json\/wp\/v2\/product_tag?post=9843"}],"curies":[{"name":"wp","href":"https:\/\/api.w.org\/{rel}","templated":true}]}}