{"id":9829,"date":"2025-12-15T12:52:26","date_gmt":"2025-12-15T12:52:26","guid":{"rendered":"https:\/\/sleepcity.ee\/?post_type=product&#038;p=9829"},"modified":"2025-12-15T13:36:48","modified_gmt":"2025-12-15T13:36:48","slug":"max-benjamin-lohnakuunal-italian-apothecary","status":"publish","type":"product","link":"https:\/\/www.sleepcity.ee\/toode\/max-benjamin-lohnakuunal-italian-apothecary\/","title":{"rendered":"Max Benjamin l\u00f5hnak\u00fc\u00fcnal Italian Apothecary"},"content":{"rendered":"<p><strong>Kaal:<\/strong> 569g<\/p>\n<p><strong>M\u00f5\u00f5tmed:<\/strong> 87x86x113mm<\/p>\n<div class=\"sub-content\">\n<p><strong><span dir=\"auto\">Toote koostisosad<\/span><\/strong><\/p>\n<p><span dir=\"auto\">Itaalia apteegik\u00fc\u00fcnal sisaldab: 1-(1,2,3,4,5,6,7,8-oktah\u00fcdro-2,3,8,8-tetramet\u00fc\u00fcl-2-naft\u00fc\u00fcl)etaan-1-ooni (CAS nr: 54464-57-2) | atset\u00fc\u00fcltsedreeni (CAS nr: 32388-55-9) | [3R-(3\u03b1,3a\u03b2,6\u03b1,7\u03b2,8a\u03b1)]-oktah\u00fcdro-6-metoks\u00fc-3,6,8,8-tetramet\u00fc\u00fcl-1H-3a,7-metanoasuleeni (CAS nr: 67874-81-1) | isoeugenooli (CAS nr: 97-54-1)<\/span><\/p>\n<\/div>\n<div class=\"sub-content\">\n<p><strong><span dir=\"auto\">Ettevaatusabin\u00f5ud<\/span><\/strong><\/p>\n<p><span dir=\"auto\">HOIATUS! V\u00f5ib esile kutsuda allergilise reaktsiooni. Kahjulik veeorganismidele, pikaajalise toimega. Hoida lastele k\u00e4ttesaamatus kohas. V\u00e4ltida keskkonda sattumist. Sisu k\u00f5rvaldada heakskiidetud k\u00e4itluskeskuses vastavalt riiklikele eeskirjadele.<\/span><\/p>\n<\/div>\n","protected":false},"excerpt":{"rendered":"<p><span dir=\"auto\">Astu ajatu v\u00f5lu maailma meie\u00a0<\/span><span dir=\"auto\">Itaalia apteegik\u00fc\u00fcnlaga,\u00a0<\/span><span dir=\"auto\">meistriteosega, mis on inspireeritud m\u00f6\u00f6dunud ajastute rikkalikust Firenze apteekrite p\u00e4randist. See k\u00fc\u00fcnal kehastab meie signatuurl\u00f5hna, mis on loodud meenutama m\u00f6\u00f6dunud ajastu sugestiivseid seguretsepte ja aroome.<\/span><\/p>\n<p><span dir=\"auto\">Itaalia\u00a0<\/span><span dir=\"auto\">apteegik\u00fc\u00fcnal\u00a0<\/span><span dir=\"auto\">ahvatleb v\u00fcrtsikate tipunootidega, mis kannavad teid teise aega ja kohta. L\u00f5hna avanedes sukelduge pat\u0161uli ja nelgi muskuslikku s\u00fcdamesse, mis annab sellele k\u00fctkestavale aroomile s\u00fcgavust ja iseloomu. L\u00f5puks nautige ambra ja sandlipuu puidust baasnooti, \u200b\u200bmis loob soojuse ja rafineerituse terviku.<\/span><\/p>\n<p><span dir=\"auto\">Loo oma \u00f5hkkond veelgi erilisemaks meie Itaalia apteegik\u00fc\u00fcnla\u00a0<\/span><span dir=\"auto\">lummava aroomiga .\u00a0<\/span><\/p>\n<p><span dir=\"auto\">Telli oma\u00a0<\/span><span dir=\"auto\">Itaalia apteegik\u00fc\u00fcnal\u00a0<\/span><span dir=\"auto\">kohe ja t\u00e4ida oma ruum vintage-luksuse olemusega!<\/span><\/p>\n<p><span dir=\"auto\">Itaalia apteegi 210g luksuslik k\u00fc\u00fcnal ja kaas.<\/span><\/p>\n<p><span dir=\"auto\">K\u00f5ik meie l\u00f5hnak\u00fc\u00fcnlad on valmistatud 100% looduslikust vahast ja meie tahid on puuvillast, et tagada puhas ja tahmavaba p\u00f5lemine. Iga k\u00fc\u00fcnal valatakse k\u00e4sitsi Enniskerrys ja iga meie \u00fche tahiga k\u00fc\u00fcnla minimaalne p\u00f5lemisaeg on 50 tundi.<\/span><\/p>\n","protected":false},"featured_media":9831,"comment_status":"open","ping_status":"closed","template":"","meta":{"_monsterinsights_skip_tracking":false,"_monsterinsights_sitenote_active":false,"_monsterinsights_sitenote_note":"","_monsterinsights_sitenote_category":0},"product_brand":[],"product_cat":[687,421,275,272,15],"product_tag":[],"class_list":{"0":"post-9829","1":"product","2":"type-product","3":"status-publish","4":"has-post-thumbnail","6":"product_cat-kingitused","7":"product_cat-kodus","8":"product_cat-kuunlad","9":"product_cat-meeleolu","10":"product_cat-muu","12":"first","13":"instock","14":"taxable","15":"shipping-taxable","16":"purchasable","17":"product-type-simple"},"yoast_head":"<!-- This site is optimized with the Yoast SEO plugin v27.4 - https:\/\/yoast.com\/product\/yoast-seo-wordpress\/ -->\n<title>Max Benjamin l\u00f5hnak\u00fc\u00fcnal Italian Apothecary - SleepCity - Hea Une Valem<\/title>\n<meta name=\"description\" content=\"Astu ajatu v\u00f5lu maailma meie\u00a0Itaalia apteegik\u00fc\u00fcnlaga,\u00a0meistriteosega, mis on inspireeritud m\u00f6\u00f6dunud ajastute rikkalikust Firenze apteekrite p\u00e4randist. See k\u00fc\u00fcnal kehastab meie signatuurl\u00f5hna, mis on loodud meenutama m\u00f6\u00f6dunud ajastu sugestiivseid seguretsepte ja aroome.  Itaalia\u00a0apteegik\u00fc\u00fcnal\u00a0ahvatleb v\u00fcrtsikate tipunootidega, mis kannavad teid teise aega ja kohta. L\u00f5hna avanedes sukelduge pat\u0161uli ja nelgi muskuslikku s\u00fcdamesse, mis annab sellele k\u00fctkestavale aroomile s\u00fcgavust ja iseloomu. L\u00f5puks nautige ambra ja sandlipuu puidust baasnooti, \u200b\u200bmis loob soojuse ja rafineerituse terviku.  Loo oma \u00f5hkkond veelgi erilisemaks meie Itaalia apteegik\u00fc\u00fcnla\u00a0lummava aroomiga .\u00a0  Telli oma\u00a0Itaalia apteegik\u00fc\u00fcnal\u00a0kohe ja t\u00e4ida oma ruum vintage-luksuse olemusega!  Itaalia apteegi 210g luksuslik k\u00fc\u00fcnal ja kaas.  K\u00f5ik meie l\u00f5hnak\u00fc\u00fcnlad on valmistatud 100% looduslikust vahast ja meie tahid on puuvillast, et tagada puhas ja tahmavaba p\u00f5lemine. Iga k\u00fc\u00fcnal valatakse k\u00e4sitsi Enniskerrys ja iga meie \u00fche tahiga k\u00fc\u00fcnla minimaalne p\u00f5lemisaeg on 50 tundi.\" \/>\n<meta name=\"robots\" content=\"index, follow, max-snippet:-1, max-image-preview:large, max-video-preview:-1\" \/>\n<link rel=\"canonical\" href=\"https:\/\/www.sleepcity.ee\/toode\/max-benjamin-lohnakuunal-italian-apothecary\/\" \/>\n<meta property=\"og:locale\" content=\"et_EE\" \/>\n<meta property=\"og:type\" content=\"article\" \/>\n<meta property=\"og:title\" content=\"Max Benjamin l\u00f5hnak\u00fc\u00fcnal Italian Apothecary - SleepCity - Hea Une Valem\" \/>\n<meta property=\"og:description\" content=\"Astu ajatu v\u00f5lu maailma meie\u00a0Itaalia apteegik\u00fc\u00fcnlaga,\u00a0meistriteosega, mis on inspireeritud m\u00f6\u00f6dunud ajastute rikkalikust Firenze apteekrite p\u00e4randist. See k\u00fc\u00fcnal kehastab meie signatuurl\u00f5hna, mis on loodud meenutama m\u00f6\u00f6dunud ajastu sugestiivseid seguretsepte ja aroome.  Itaalia\u00a0apteegik\u00fc\u00fcnal\u00a0ahvatleb v\u00fcrtsikate tipunootidega, mis kannavad teid teise aega ja kohta. L\u00f5hna avanedes sukelduge pat\u0161uli ja nelgi muskuslikku s\u00fcdamesse, mis annab sellele k\u00fctkestavale aroomile s\u00fcgavust ja iseloomu. L\u00f5puks nautige ambra ja sandlipuu puidust baasnooti, \u200b\u200bmis loob soojuse ja rafineerituse terviku.  Loo oma \u00f5hkkond veelgi erilisemaks meie Itaalia apteegik\u00fc\u00fcnla\u00a0lummava aroomiga .\u00a0  Telli oma\u00a0Itaalia apteegik\u00fc\u00fcnal\u00a0kohe ja t\u00e4ida oma ruum vintage-luksuse olemusega!  Itaalia apteegi 210g luksuslik k\u00fc\u00fcnal ja kaas.  K\u00f5ik meie l\u00f5hnak\u00fc\u00fcnlad on valmistatud 100% looduslikust vahast ja meie tahid on puuvillast, et tagada puhas ja tahmavaba p\u00f5lemine. Iga k\u00fc\u00fcnal valatakse k\u00e4sitsi Enniskerrys ja iga meie \u00fche tahiga k\u00fc\u00fcnla minimaalne p\u00f5lemisaeg on 50 tundi.\" \/>\n<meta property=\"og:url\" content=\"https:\/\/www.sleepcity.ee\/toode\/max-benjamin-lohnakuunal-italian-apothecary\/\" \/>\n<meta property=\"og:site_name\" content=\"SleepCity - Hea Une Valem\" \/>\n<meta property=\"article:publisher\" content=\"http:\/\/www.fb.com\/TempurEstonia\" \/>\n<meta property=\"article:modified_time\" content=\"2025-12-15T13:36:48+00:00\" \/>\n<meta property=\"og:image\" content=\"https:\/\/www.sleepcity.ee\/wp-content\/uploads\/2025\/12\/210mg_ItalianApothecary-lit.png\" \/>\n\t<meta property=\"og:image:width\" content=\"1200\" \/>\n\t<meta property=\"og:image:height\" content=\"1200\" \/>\n\t<meta property=\"og:image:type\" content=\"image\/png\" \/>\n<meta name=\"twitter:card\" content=\"summary_large_image\" \/>\n<script type=\"application\/ld+json\" class=\"yoast-schema-graph\">{\"@context\":\"https:\\\/\\\/schema.org\",\"@graph\":[{\"@type\":\"WebPage\",\"@id\":\"https:\\\/\\\/www.sleepcity.ee\\\/toode\\\/max-benjamin-lohnakuunal-italian-apothecary\\\/\",\"url\":\"https:\\\/\\\/www.sleepcity.ee\\\/toode\\\/max-benjamin-lohnakuunal-italian-apothecary\\\/\",\"name\":\"Max Benjamin l\u00f5hnak\u00fc\u00fcnal Italian Apothecary - SleepCity - Hea Une Valem\",\"isPartOf\":{\"@id\":\"https:\\\/\\\/sleepcity.ee\\\/#website\"},\"primaryImageOfPage\":{\"@id\":\"https:\\\/\\\/www.sleepcity.ee\\\/toode\\\/max-benjamin-lohnakuunal-italian-apothecary\\\/#primaryimage\"},\"image\":{\"@id\":\"https:\\\/\\\/www.sleepcity.ee\\\/toode\\\/max-benjamin-lohnakuunal-italian-apothecary\\\/#primaryimage\"},\"thumbnailUrl\":\"https:\\\/\\\/www.sleepcity.ee\\\/wp-content\\\/uploads\\\/2025\\\/12\\\/210mg_ItalianApothecary-lit.png\",\"datePublished\":\"2025-12-15T12:52:26+00:00\",\"dateModified\":\"2025-12-15T13:36:48+00:00\",\"description\":\"Astu ajatu v\u00f5lu maailma meie\u00a0Itaalia apteegik\u00fc\u00fcnlaga,\u00a0meistriteosega, mis on inspireeritud m\u00f6\u00f6dunud ajastute rikkalikust Firenze apteekrite p\u00e4randist. See k\u00fc\u00fcnal kehastab meie signatuurl\u00f5hna, mis on loodud meenutama m\u00f6\u00f6dunud ajastu sugestiivseid seguretsepte ja aroome. Itaalia\u00a0apteegik\u00fc\u00fcnal\u00a0ahvatleb v\u00fcrtsikate tipunootidega, mis kannavad teid teise aega ja kohta. L\u00f5hna avanedes sukelduge pat\u0161uli ja nelgi muskuslikku s\u00fcdamesse, mis annab sellele k\u00fctkestavale aroomile s\u00fcgavust ja iseloomu. L\u00f5puks nautige ambra ja sandlipuu puidust baasnooti, \u200b\u200bmis loob soojuse ja rafineerituse terviku. Loo oma \u00f5hkkond veelgi erilisemaks meie Itaalia apteegik\u00fc\u00fcnla\u00a0lummava aroomiga .\u00a0 Telli oma\u00a0Itaalia apteegik\u00fc\u00fcnal\u00a0kohe ja t\u00e4ida oma ruum vintage-luksuse olemusega! Itaalia apteegi 210g luksuslik k\u00fc\u00fcnal ja kaas. K\u00f5ik meie l\u00f5hnak\u00fc\u00fcnlad on valmistatud 100% looduslikust vahast ja meie tahid on puuvillast, et tagada puhas ja tahmavaba p\u00f5lemine. Iga k\u00fc\u00fcnal valatakse k\u00e4sitsi Enniskerrys ja iga meie \u00fche tahiga k\u00fc\u00fcnla minimaalne p\u00f5lemisaeg on 50 tundi.\",\"breadcrumb\":{\"@id\":\"https:\\\/\\\/www.sleepcity.ee\\\/toode\\\/max-benjamin-lohnakuunal-italian-apothecary\\\/#breadcrumb\"},\"inLanguage\":\"et\",\"potentialAction\":[{\"@type\":\"ReadAction\",\"target\":[\"https:\\\/\\\/www.sleepcity.ee\\\/toode\\\/max-benjamin-lohnakuunal-italian-apothecary\\\/\"]}]},{\"@type\":\"ImageObject\",\"inLanguage\":\"et\",\"@id\":\"https:\\\/\\\/www.sleepcity.ee\\\/toode\\\/max-benjamin-lohnakuunal-italian-apothecary\\\/#primaryimage\",\"url\":\"https:\\\/\\\/www.sleepcity.ee\\\/wp-content\\\/uploads\\\/2025\\\/12\\\/210mg_ItalianApothecary-lit.png\",\"contentUrl\":\"https:\\\/\\\/www.sleepcity.ee\\\/wp-content\\\/uploads\\\/2025\\\/12\\\/210mg_ItalianApothecary-lit.png\",\"width\":1200,\"height\":1200},{\"@type\":\"BreadcrumbList\",\"@id\":\"https:\\\/\\\/www.sleepcity.ee\\\/toode\\\/max-benjamin-lohnakuunal-italian-apothecary\\\/#breadcrumb\",\"itemListElement\":[{\"@type\":\"ListItem\",\"position\":1,\"name\":\"Home\",\"item\":\"https:\\\/\\\/sleepcity.ee\\\/\"},{\"@type\":\"ListItem\",\"position\":2,\"name\":\"Pood\",\"item\":\"https:\\\/\\\/sleepcity.ee\\\/pood\\\/\"},{\"@type\":\"ListItem\",\"position\":3,\"name\":\"Max Benjamin l\u00f5hnak\u00fc\u00fcnal Italian Apothecary\"}]},{\"@type\":\"WebSite\",\"@id\":\"https:\\\/\\\/sleepcity.ee\\\/#website\",\"url\":\"https:\\\/\\\/sleepcity.ee\\\/\",\"name\":\"Tempur Shop\",\"description\":\"TEMPUR madratsid, voodid, padjad ja muud unetooted.\",\"publisher\":{\"@id\":\"https:\\\/\\\/sleepcity.ee\\\/#organization\"},\"potentialAction\":[{\"@type\":\"SearchAction\",\"target\":{\"@type\":\"EntryPoint\",\"urlTemplate\":\"https:\\\/\\\/sleepcity.ee\\\/?s={search_term_string}\"},\"query-input\":{\"@type\":\"PropertyValueSpecification\",\"valueRequired\":true,\"valueName\":\"search_term_string\"}}],\"inLanguage\":\"et\"},{\"@type\":\"Organization\",\"@id\":\"https:\\\/\\\/sleepcity.ee\\\/#organization\",\"name\":\"VG Design O\u00dc\",\"url\":\"https:\\\/\\\/sleepcity.ee\\\/\",\"logo\":{\"@type\":\"ImageObject\",\"inLanguage\":\"et\",\"@id\":\"https:\\\/\\\/sleepcity.ee\\\/#\\\/schema\\\/logo\\\/image\\\/\",\"url\":\"https:\\\/\\\/www.sleepcity.ee\\\/wp-content\\\/uploads\\\/2023\\\/09\\\/sleepcity_logo.png\",\"contentUrl\":\"https:\\\/\\\/www.sleepcity.ee\\\/wp-content\\\/uploads\\\/2023\\\/09\\\/sleepcity_logo.png\",\"width\":1034,\"height\":318,\"caption\":\"VG Design O\u00dc\"},\"image\":{\"@id\":\"https:\\\/\\\/sleepcity.ee\\\/#\\\/schema\\\/logo\\\/image\\\/\"},\"sameAs\":[\"http:\\\/\\\/www.fb.com\\\/TempurEstonia\",\"http:\\\/\\\/www.instagram.com\\\/tempurestonia\"]}]}<\/script>\n<!-- \/ Yoast SEO plugin. -->","yoast_head_json":{"title":"Max Benjamin l\u00f5hnak\u00fc\u00fcnal Italian Apothecary - SleepCity - Hea Une Valem","description":"Astu ajatu v\u00f5lu maailma meie\u00a0Itaalia apteegik\u00fc\u00fcnlaga,\u00a0meistriteosega, mis on inspireeritud m\u00f6\u00f6dunud ajastute rikkalikust Firenze apteekrite p\u00e4randist. See k\u00fc\u00fcnal kehastab meie signatuurl\u00f5hna, mis on loodud meenutama m\u00f6\u00f6dunud ajastu sugestiivseid seguretsepte ja aroome.  Itaalia\u00a0apteegik\u00fc\u00fcnal\u00a0ahvatleb v\u00fcrtsikate tipunootidega, mis kannavad teid teise aega ja kohta. L\u00f5hna avanedes sukelduge pat\u0161uli ja nelgi muskuslikku s\u00fcdamesse, mis annab sellele k\u00fctkestavale aroomile s\u00fcgavust ja iseloomu. L\u00f5puks nautige ambra ja sandlipuu puidust baasnooti, \u200b\u200bmis loob soojuse ja rafineerituse terviku.  Loo oma \u00f5hkkond veelgi erilisemaks meie Itaalia apteegik\u00fc\u00fcnla\u00a0lummava aroomiga .\u00a0  Telli oma\u00a0Itaalia apteegik\u00fc\u00fcnal\u00a0kohe ja t\u00e4ida oma ruum vintage-luksuse olemusega!  Itaalia apteegi 210g luksuslik k\u00fc\u00fcnal ja kaas.  K\u00f5ik meie l\u00f5hnak\u00fc\u00fcnlad on valmistatud 100% looduslikust vahast ja meie tahid on puuvillast, et tagada puhas ja tahmavaba p\u00f5lemine. Iga k\u00fc\u00fcnal valatakse k\u00e4sitsi Enniskerrys ja iga meie \u00fche tahiga k\u00fc\u00fcnla minimaalne p\u00f5lemisaeg on 50 tundi.","robots":{"index":"index","follow":"follow","max-snippet":"max-snippet:-1","max-image-preview":"max-image-preview:large","max-video-preview":"max-video-preview:-1"},"canonical":"https:\/\/www.sleepcity.ee\/toode\/max-benjamin-lohnakuunal-italian-apothecary\/","og_locale":"et_EE","og_type":"article","og_title":"Max Benjamin l\u00f5hnak\u00fc\u00fcnal Italian Apothecary - SleepCity - Hea Une Valem","og_description":"Astu ajatu v\u00f5lu maailma meie\u00a0Itaalia apteegik\u00fc\u00fcnlaga,\u00a0meistriteosega, mis on inspireeritud m\u00f6\u00f6dunud ajastute rikkalikust Firenze apteekrite p\u00e4randist. See k\u00fc\u00fcnal kehastab meie signatuurl\u00f5hna, mis on loodud meenutama m\u00f6\u00f6dunud ajastu sugestiivseid seguretsepte ja aroome.  Itaalia\u00a0apteegik\u00fc\u00fcnal\u00a0ahvatleb v\u00fcrtsikate tipunootidega, mis kannavad teid teise aega ja kohta. L\u00f5hna avanedes sukelduge pat\u0161uli ja nelgi muskuslikku s\u00fcdamesse, mis annab sellele k\u00fctkestavale aroomile s\u00fcgavust ja iseloomu. L\u00f5puks nautige ambra ja sandlipuu puidust baasnooti, \u200b\u200bmis loob soojuse ja rafineerituse terviku.  Loo oma \u00f5hkkond veelgi erilisemaks meie Itaalia apteegik\u00fc\u00fcnla\u00a0lummava aroomiga .\u00a0  Telli oma\u00a0Itaalia apteegik\u00fc\u00fcnal\u00a0kohe ja t\u00e4ida oma ruum vintage-luksuse olemusega!  Itaalia apteegi 210g luksuslik k\u00fc\u00fcnal ja kaas.  K\u00f5ik meie l\u00f5hnak\u00fc\u00fcnlad on valmistatud 100% looduslikust vahast ja meie tahid on puuvillast, et tagada puhas ja tahmavaba p\u00f5lemine. Iga k\u00fc\u00fcnal valatakse k\u00e4sitsi Enniskerrys ja iga meie \u00fche tahiga k\u00fc\u00fcnla minimaalne p\u00f5lemisaeg on 50 tundi.","og_url":"https:\/\/www.sleepcity.ee\/toode\/max-benjamin-lohnakuunal-italian-apothecary\/","og_site_name":"SleepCity - Hea Une Valem","article_publisher":"http:\/\/www.fb.com\/TempurEstonia","article_modified_time":"2025-12-15T13:36:48+00:00","og_image":[{"width":1200,"height":1200,"url":"https:\/\/www.sleepcity.ee\/wp-content\/uploads\/2025\/12\/210mg_ItalianApothecary-lit.png","type":"image\/png"}],"twitter_card":"summary_large_image","schema":{"@context":"https:\/\/schema.org","@graph":[{"@type":"WebPage","@id":"https:\/\/www.sleepcity.ee\/toode\/max-benjamin-lohnakuunal-italian-apothecary\/","url":"https:\/\/www.sleepcity.ee\/toode\/max-benjamin-lohnakuunal-italian-apothecary\/","name":"Max Benjamin l\u00f5hnak\u00fc\u00fcnal Italian Apothecary - SleepCity - Hea Une Valem","isPartOf":{"@id":"https:\/\/sleepcity.ee\/#website"},"primaryImageOfPage":{"@id":"https:\/\/www.sleepcity.ee\/toode\/max-benjamin-lohnakuunal-italian-apothecary\/#primaryimage"},"image":{"@id":"https:\/\/www.sleepcity.ee\/toode\/max-benjamin-lohnakuunal-italian-apothecary\/#primaryimage"},"thumbnailUrl":"https:\/\/www.sleepcity.ee\/wp-content\/uploads\/2025\/12\/210mg_ItalianApothecary-lit.png","datePublished":"2025-12-15T12:52:26+00:00","dateModified":"2025-12-15T13:36:48+00:00","description":"Astu ajatu v\u00f5lu maailma meie\u00a0Itaalia apteegik\u00fc\u00fcnlaga,\u00a0meistriteosega, mis on inspireeritud m\u00f6\u00f6dunud ajastute rikkalikust Firenze apteekrite p\u00e4randist. See k\u00fc\u00fcnal kehastab meie signatuurl\u00f5hna, mis on loodud meenutama m\u00f6\u00f6dunud ajastu sugestiivseid seguretsepte ja aroome. Itaalia\u00a0apteegik\u00fc\u00fcnal\u00a0ahvatleb v\u00fcrtsikate tipunootidega, mis kannavad teid teise aega ja kohta. L\u00f5hna avanedes sukelduge pat\u0161uli ja nelgi muskuslikku s\u00fcdamesse, mis annab sellele k\u00fctkestavale aroomile s\u00fcgavust ja iseloomu. L\u00f5puks nautige ambra ja sandlipuu puidust baasnooti, \u200b\u200bmis loob soojuse ja rafineerituse terviku. Loo oma \u00f5hkkond veelgi erilisemaks meie Itaalia apteegik\u00fc\u00fcnla\u00a0lummava aroomiga .\u00a0 Telli oma\u00a0Itaalia apteegik\u00fc\u00fcnal\u00a0kohe ja t\u00e4ida oma ruum vintage-luksuse olemusega! Itaalia apteegi 210g luksuslik k\u00fc\u00fcnal ja kaas. K\u00f5ik meie l\u00f5hnak\u00fc\u00fcnlad on valmistatud 100% looduslikust vahast ja meie tahid on puuvillast, et tagada puhas ja tahmavaba p\u00f5lemine. Iga k\u00fc\u00fcnal valatakse k\u00e4sitsi Enniskerrys ja iga meie \u00fche tahiga k\u00fc\u00fcnla minimaalne p\u00f5lemisaeg on 50 tundi.","breadcrumb":{"@id":"https:\/\/www.sleepcity.ee\/toode\/max-benjamin-lohnakuunal-italian-apothecary\/#breadcrumb"},"inLanguage":"et","potentialAction":[{"@type":"ReadAction","target":["https:\/\/www.sleepcity.ee\/toode\/max-benjamin-lohnakuunal-italian-apothecary\/"]}]},{"@type":"ImageObject","inLanguage":"et","@id":"https:\/\/www.sleepcity.ee\/toode\/max-benjamin-lohnakuunal-italian-apothecary\/#primaryimage","url":"https:\/\/www.sleepcity.ee\/wp-content\/uploads\/2025\/12\/210mg_ItalianApothecary-lit.png","contentUrl":"https:\/\/www.sleepcity.ee\/wp-content\/uploads\/2025\/12\/210mg_ItalianApothecary-lit.png","width":1200,"height":1200},{"@type":"BreadcrumbList","@id":"https:\/\/www.sleepcity.ee\/toode\/max-benjamin-lohnakuunal-italian-apothecary\/#breadcrumb","itemListElement":[{"@type":"ListItem","position":1,"name":"Home","item":"https:\/\/sleepcity.ee\/"},{"@type":"ListItem","position":2,"name":"Pood","item":"https:\/\/sleepcity.ee\/pood\/"},{"@type":"ListItem","position":3,"name":"Max Benjamin l\u00f5hnak\u00fc\u00fcnal Italian Apothecary"}]},{"@type":"WebSite","@id":"https:\/\/sleepcity.ee\/#website","url":"https:\/\/sleepcity.ee\/","name":"Tempur Shop","description":"TEMPUR madratsid, voodid, padjad ja muud unetooted.","publisher":{"@id":"https:\/\/sleepcity.ee\/#organization"},"potentialAction":[{"@type":"SearchAction","target":{"@type":"EntryPoint","urlTemplate":"https:\/\/sleepcity.ee\/?s={search_term_string}"},"query-input":{"@type":"PropertyValueSpecification","valueRequired":true,"valueName":"search_term_string"}}],"inLanguage":"et"},{"@type":"Organization","@id":"https:\/\/sleepcity.ee\/#organization","name":"VG Design O\u00dc","url":"https:\/\/sleepcity.ee\/","logo":{"@type":"ImageObject","inLanguage":"et","@id":"https:\/\/sleepcity.ee\/#\/schema\/logo\/image\/","url":"https:\/\/www.sleepcity.ee\/wp-content\/uploads\/2023\/09\/sleepcity_logo.png","contentUrl":"https:\/\/www.sleepcity.ee\/wp-content\/uploads\/2023\/09\/sleepcity_logo.png","width":1034,"height":318,"caption":"VG Design O\u00dc"},"image":{"@id":"https:\/\/sleepcity.ee\/#\/schema\/logo\/image\/"},"sameAs":["http:\/\/www.fb.com\/TempurEstonia","http:\/\/www.instagram.com\/tempurestonia"]}]}},"_links":{"self":[{"href":"https:\/\/www.sleepcity.ee\/wp-json\/wp\/v2\/product\/9829","targetHints":{"allow":["GET"]}}],"collection":[{"href":"https:\/\/www.sleepcity.ee\/wp-json\/wp\/v2\/product"}],"about":[{"href":"https:\/\/www.sleepcity.ee\/wp-json\/wp\/v2\/types\/product"}],"replies":[{"embeddable":true,"href":"https:\/\/www.sleepcity.ee\/wp-json\/wp\/v2\/comments?post=9829"}],"wp:featuredmedia":[{"embeddable":true,"href":"https:\/\/www.sleepcity.ee\/wp-json\/wp\/v2\/media\/9831"}],"wp:attachment":[{"href":"https:\/\/www.sleepcity.ee\/wp-json\/wp\/v2\/media?parent=9829"}],"wp:term":[{"taxonomy":"product_brand","embeddable":true,"href":"https:\/\/www.sleepcity.ee\/wp-json\/wp\/v2\/product_brand?post=9829"},{"taxonomy":"product_cat","embeddable":true,"href":"https:\/\/www.sleepcity.ee\/wp-json\/wp\/v2\/product_cat?post=9829"},{"taxonomy":"product_tag","embeddable":true,"href":"https:\/\/www.sleepcity.ee\/wp-json\/wp\/v2\/product_tag?post=9829"}],"curies":[{"name":"wp","href":"https:\/\/api.w.org\/{rel}","templated":true}]}}