{"id":9828,"date":"2025-12-15T13:31:58","date_gmt":"2025-12-15T13:31:58","guid":{"rendered":"https:\/\/sleepcity.ee\/?post_type=product&#038;p=9828"},"modified":"2025-12-15T13:33:00","modified_gmt":"2025-12-15T13:33:00","slug":"max-benjami-lohnakuunal-pink-pepper","status":"publish","type":"product","link":"https:\/\/www.sleepcity.ee\/toode\/max-benjami-lohnakuunal-pink-pepper\/","title":{"rendered":"Max Benjami l\u00f5hnak\u00fc\u00fcnal Pink Pepper"},"content":{"rendered":"<div class=\"sub-content\">\n<p><strong>Kaal:<\/strong> 569g<\/p>\n<p><strong>M\u00f5\u00f5tmed:<\/strong> 87x86x113mm<\/p>\n<p><strong><span dir=\"auto\">Toote koostisosad<\/span><\/strong><\/p>\n<p><span dir=\"auto\">Roosa pipraga k\u00fc\u00fcnal sisaldab: linal\u00fc\u00fclatsetaati (CAS nr: 115-95-7) | d-limoneeni (CAS nr: 5989-27-5) | 7-h\u00fcdroks\u00fctsitronellaali (CAS nr: 107-75-5) | 1-(1,2,3,4,5,6,7,8-oktah\u00fcdro-2,3,8,8-tetramet\u00fc\u00fcl-2-naft\u00fc\u00fcl)etaan-1-ooni (CAS nr: 54464-57-2).<\/span><\/p>\n<\/div>\n<div class=\"sub-content\">\n<p><strong><span dir=\"auto\">Ettevaatusabin\u00f5ud<\/span><\/strong><\/p>\n<p><span dir=\"auto\">HOIATUS! V\u00f5ib esile kutsuda allergilise reaktsiooni. Kahjulik veeorganismidele, pikaajalise toimega. Hoida lastele k\u00e4ttesaamatus kohas. V\u00e4ltida keskkonda sattumist. Sisu k\u00f5rvaldada heakskiidetud k\u00e4itluskeskuses vastavalt riiklikele eeskirjadele.<\/span><\/p>\n<\/div>\n","protected":false},"excerpt":{"rendered":"<p><span dir=\"auto\">Sukeldu meie roosa pipra k\u00fc\u00fcnla\u00a0<\/span><span dir=\"auto\">ahvatlevasse olemusse\u00a0<\/span><span dir=\"auto\">\u2013 see on l\u00f5hnav aare, mis on inspireeritud Madagaskari elavatest n\u00e4dala keskpaiga turgudest. See eksootiline l\u00f5hn kehastab selle l\u00e4rmaka turu rikkalikku vaipa, kutsudes sind nautima ainulaadset aromaatset teekonda.<\/span><\/p>\n<p><span dir=\"auto\">Roosa\u00a0<\/span><span dir=\"auto\">pipra k\u00fc\u00fcnla\u00a0<\/span><span dir=\"auto\">tipunootides peituvad roosa pipar, neroli ja pirn, luues k\u00fctkestava ava, mis loob pinnase t\u00f5eliselt ainulaadseks kogemuseks. Sukeldu s\u00fcgavamale selle s\u00fcdamesse, kus jasmiin ja kohv p\u00f5imuvad, lisades sellele lummavale aroomile s\u00fcgavust ja v\u00f5lu. Ja l\u00f5hna lahti rulludes naudi vanilli, pat\u0161uli ja seedripuu rikkalikke baasnoote, mis loovad soojuse ja rafineerituse s\u00fcmfoonia.<\/span><\/p>\n<p><span dir=\"auto\">Nende sugestiivsete elementide olemusega l\u00e4bi imbunud\u00a0<\/span><span dir=\"auto\">roosa pipraga k\u00fc\u00fcnal\u00a0<\/span><span dir=\"auto\">muudab iga ruumi eksootika ja k\u00fclluse oaasiks. Iga \u00f5rn leegiv\u00e4re vabastab l\u00f5hnade kaskaadi, mis kannab teid otse Madagaskari elavatele turgudele.<\/span><\/p>\n<p><span dir=\"auto\">Telli oma\u00a0<\/span><span dir=\"auto\">roosa pipraga k\u00fc\u00fcnal\u00a0<\/span><span dir=\"auto\">juba t\u00e4na ja asu aromaatsele avastusretkele!<\/span><\/p>\n<p><span dir=\"auto\">K\u00f5ik meie l\u00f5hnak\u00fc\u00fcnlad on valmistatud 100% looduslikust vahast ja meie tahid on puuvillast, et tagada puhas ja tahmavaba p\u00f5lemine. Iga k\u00fc\u00fcnal valatakse k\u00e4sitsi\u00a0 ja iga meie \u00fche tahiga k\u00fc\u00fcnla minimaalne p\u00f5lemisaeg on 50 tundi.<\/span><\/p>\n<p><span dir=\"auto\">Roosa pipraga 210g luksuslik k\u00fc\u00fcnal ja kaas.<\/span><\/p>\n","protected":false},"featured_media":9850,"comment_status":"open","ping_status":"closed","template":"","meta":{"_monsterinsights_skip_tracking":false,"_monsterinsights_sitenote_active":false,"_monsterinsights_sitenote_note":"","_monsterinsights_sitenote_category":0},"product_brand":[],"product_cat":[687,421,275,272,15],"product_tag":[],"class_list":{"0":"post-9828","1":"product","2":"type-product","3":"status-publish","4":"has-post-thumbnail","6":"product_cat-kingitused","7":"product_cat-kodus","8":"product_cat-kuunlad","9":"product_cat-meeleolu","10":"product_cat-muu","12":"first","13":"instock","14":"taxable","15":"shipping-taxable","16":"purchasable","17":"product-type-simple"},"yoast_head":"<!-- This site is optimized with the Yoast SEO plugin v27.3 - https:\/\/yoast.com\/product\/yoast-seo-wordpress\/ -->\n<title>Max Benjami l\u00f5hnak\u00fc\u00fcnal Pink Pepper - SleepCity - Hea Une Valem<\/title>\n<meta name=\"description\" content=\"Sukeldu meie roosa pipra k\u00fc\u00fcnla\u00a0ahvatlevasse olemusse\u00a0\u2013 see on l\u00f5hnav aare, mis on inspireeritud Madagaskari elavatest n\u00e4dala keskpaiga turgudest. See eksootiline l\u00f5hn kehastab selle l\u00e4rmaka turu rikkalikku vaipa, kutsudes sind nautima ainulaadset aromaatset teekonda.  Roosa\u00a0pipra k\u00fc\u00fcnla\u00a0tipunootides peituvad roosa pipar, neroli ja pirn, luues k\u00fctkestava ava, mis loob pinnase t\u00f5eliselt ainulaadseks kogemuseks. Sukeldu s\u00fcgavamale selle s\u00fcdamesse, kus jasmiin ja kohv p\u00f5imuvad, lisades sellele lummavale aroomile s\u00fcgavust ja v\u00f5lu. Ja l\u00f5hna lahti rulludes naudi vanilli, pat\u0161uli ja seedripuu rikkalikke baasnoote, mis loovad soojuse ja rafineerituse s\u00fcmfoonia.  Nende sugestiivsete elementide olemusega l\u00e4bi imbunud\u00a0roosa pipraga k\u00fc\u00fcnal\u00a0muudab iga ruumi eksootika ja k\u00fclluse oaasiks. Iga \u00f5rn leegiv\u00e4re vabastab l\u00f5hnade kaskaadi, mis kannab teid otse Madagaskari elavatele turgudele.  Telli oma\u00a0roosa pipraga k\u00fc\u00fcnal\u00a0juba t\u00e4na ja asu aromaatsele avastusretkele!  K\u00f5ik meie l\u00f5hnak\u00fc\u00fcnlad on valmistatud 100% looduslikust vahast ja meie tahid on puuvillast, et tagada puhas ja tahmavaba p\u00f5lemine. Iga k\u00fc\u00fcnal valatakse k\u00e4sitsi\u00a0 ja iga meie \u00fche tahiga k\u00fc\u00fcnla minimaalne p\u00f5lemisaeg on 50 tundi.  Roosa pipraga 210g luksuslik k\u00fc\u00fcnal ja kaas.\" \/>\n<meta name=\"robots\" content=\"index, follow, max-snippet:-1, max-image-preview:large, max-video-preview:-1\" \/>\n<link rel=\"canonical\" href=\"https:\/\/www.sleepcity.ee\/toode\/max-benjami-lohnakuunal-pink-pepper\/\" \/>\n<meta property=\"og:locale\" content=\"et_EE\" \/>\n<meta property=\"og:type\" content=\"article\" \/>\n<meta property=\"og:title\" content=\"Max Benjami l\u00f5hnak\u00fc\u00fcnal Pink Pepper - SleepCity - Hea Une Valem\" \/>\n<meta property=\"og:description\" content=\"Sukeldu meie roosa pipra k\u00fc\u00fcnla\u00a0ahvatlevasse olemusse\u00a0\u2013 see on l\u00f5hnav aare, mis on inspireeritud Madagaskari elavatest n\u00e4dala keskpaiga turgudest. See eksootiline l\u00f5hn kehastab selle l\u00e4rmaka turu rikkalikku vaipa, kutsudes sind nautima ainulaadset aromaatset teekonda.  Roosa\u00a0pipra k\u00fc\u00fcnla\u00a0tipunootides peituvad roosa pipar, neroli ja pirn, luues k\u00fctkestava ava, mis loob pinnase t\u00f5eliselt ainulaadseks kogemuseks. Sukeldu s\u00fcgavamale selle s\u00fcdamesse, kus jasmiin ja kohv p\u00f5imuvad, lisades sellele lummavale aroomile s\u00fcgavust ja v\u00f5lu. Ja l\u00f5hna lahti rulludes naudi vanilli, pat\u0161uli ja seedripuu rikkalikke baasnoote, mis loovad soojuse ja rafineerituse s\u00fcmfoonia.  Nende sugestiivsete elementide olemusega l\u00e4bi imbunud\u00a0roosa pipraga k\u00fc\u00fcnal\u00a0muudab iga ruumi eksootika ja k\u00fclluse oaasiks. Iga \u00f5rn leegiv\u00e4re vabastab l\u00f5hnade kaskaadi, mis kannab teid otse Madagaskari elavatele turgudele.  Telli oma\u00a0roosa pipraga k\u00fc\u00fcnal\u00a0juba t\u00e4na ja asu aromaatsele avastusretkele!  K\u00f5ik meie l\u00f5hnak\u00fc\u00fcnlad on valmistatud 100% looduslikust vahast ja meie tahid on puuvillast, et tagada puhas ja tahmavaba p\u00f5lemine. Iga k\u00fc\u00fcnal valatakse k\u00e4sitsi\u00a0 ja iga meie \u00fche tahiga k\u00fc\u00fcnla minimaalne p\u00f5lemisaeg on 50 tundi.  Roosa pipraga 210g luksuslik k\u00fc\u00fcnal ja kaas.\" \/>\n<meta property=\"og:url\" content=\"https:\/\/www.sleepcity.ee\/toode\/max-benjami-lohnakuunal-pink-pepper\/\" \/>\n<meta property=\"og:site_name\" content=\"SleepCity - Hea Une Valem\" \/>\n<meta property=\"article:publisher\" content=\"http:\/\/www.fb.com\/TempurEstonia\" \/>\n<meta property=\"article:modified_time\" content=\"2025-12-15T13:33:00+00:00\" \/>\n<meta property=\"og:image\" content=\"https:\/\/www.sleepcity.ee\/wp-content\/uploads\/2025\/12\/210mg_PinkPepper-lit.png\" \/>\n\t<meta property=\"og:image:width\" content=\"1200\" \/>\n\t<meta property=\"og:image:height\" content=\"1200\" \/>\n\t<meta property=\"og:image:type\" content=\"image\/png\" \/>\n<meta name=\"twitter:card\" content=\"summary_large_image\" \/>\n<script type=\"application\/ld+json\" class=\"yoast-schema-graph\">{\"@context\":\"https:\\\/\\\/schema.org\",\"@graph\":[{\"@type\":\"WebPage\",\"@id\":\"https:\\\/\\\/www.sleepcity.ee\\\/toode\\\/max-benjami-lohnakuunal-pink-pepper\\\/\",\"url\":\"https:\\\/\\\/www.sleepcity.ee\\\/toode\\\/max-benjami-lohnakuunal-pink-pepper\\\/\",\"name\":\"Max Benjami l\u00f5hnak\u00fc\u00fcnal Pink Pepper - SleepCity - Hea Une Valem\",\"isPartOf\":{\"@id\":\"https:\\\/\\\/sleepcity.ee\\\/#website\"},\"primaryImageOfPage\":{\"@id\":\"https:\\\/\\\/www.sleepcity.ee\\\/toode\\\/max-benjami-lohnakuunal-pink-pepper\\\/#primaryimage\"},\"image\":{\"@id\":\"https:\\\/\\\/www.sleepcity.ee\\\/toode\\\/max-benjami-lohnakuunal-pink-pepper\\\/#primaryimage\"},\"thumbnailUrl\":\"https:\\\/\\\/www.sleepcity.ee\\\/wp-content\\\/uploads\\\/2025\\\/12\\\/210mg_PinkPepper-lit.png\",\"datePublished\":\"2025-12-15T13:31:58+00:00\",\"dateModified\":\"2025-12-15T13:33:00+00:00\",\"description\":\"Sukeldu meie roosa pipra k\u00fc\u00fcnla\u00a0ahvatlevasse olemusse\u00a0\u2013 see on l\u00f5hnav aare, mis on inspireeritud Madagaskari elavatest n\u00e4dala keskpaiga turgudest. See eksootiline l\u00f5hn kehastab selle l\u00e4rmaka turu rikkalikku vaipa, kutsudes sind nautima ainulaadset aromaatset teekonda. Roosa\u00a0pipra k\u00fc\u00fcnla\u00a0tipunootides peituvad roosa pipar, neroli ja pirn, luues k\u00fctkestava ava, mis loob pinnase t\u00f5eliselt ainulaadseks kogemuseks. Sukeldu s\u00fcgavamale selle s\u00fcdamesse, kus jasmiin ja kohv p\u00f5imuvad, lisades sellele lummavale aroomile s\u00fcgavust ja v\u00f5lu. Ja l\u00f5hna lahti rulludes naudi vanilli, pat\u0161uli ja seedripuu rikkalikke baasnoote, mis loovad soojuse ja rafineerituse s\u00fcmfoonia. Nende sugestiivsete elementide olemusega l\u00e4bi imbunud\u00a0roosa pipraga k\u00fc\u00fcnal\u00a0muudab iga ruumi eksootika ja k\u00fclluse oaasiks. Iga \u00f5rn leegiv\u00e4re vabastab l\u00f5hnade kaskaadi, mis kannab teid otse Madagaskari elavatele turgudele. Telli oma\u00a0roosa pipraga k\u00fc\u00fcnal\u00a0juba t\u00e4na ja asu aromaatsele avastusretkele! K\u00f5ik meie l\u00f5hnak\u00fc\u00fcnlad on valmistatud 100% looduslikust vahast ja meie tahid on puuvillast, et tagada puhas ja tahmavaba p\u00f5lemine. Iga k\u00fc\u00fcnal valatakse k\u00e4sitsi\u00a0 ja iga meie \u00fche tahiga k\u00fc\u00fcnla minimaalne p\u00f5lemisaeg on 50 tundi. Roosa pipraga 210g luksuslik k\u00fc\u00fcnal ja kaas.\",\"breadcrumb\":{\"@id\":\"https:\\\/\\\/www.sleepcity.ee\\\/toode\\\/max-benjami-lohnakuunal-pink-pepper\\\/#breadcrumb\"},\"inLanguage\":\"et\",\"potentialAction\":[{\"@type\":\"ReadAction\",\"target\":[\"https:\\\/\\\/www.sleepcity.ee\\\/toode\\\/max-benjami-lohnakuunal-pink-pepper\\\/\"]}]},{\"@type\":\"ImageObject\",\"inLanguage\":\"et\",\"@id\":\"https:\\\/\\\/www.sleepcity.ee\\\/toode\\\/max-benjami-lohnakuunal-pink-pepper\\\/#primaryimage\",\"url\":\"https:\\\/\\\/www.sleepcity.ee\\\/wp-content\\\/uploads\\\/2025\\\/12\\\/210mg_PinkPepper-lit.png\",\"contentUrl\":\"https:\\\/\\\/www.sleepcity.ee\\\/wp-content\\\/uploads\\\/2025\\\/12\\\/210mg_PinkPepper-lit.png\",\"width\":1200,\"height\":1200},{\"@type\":\"BreadcrumbList\",\"@id\":\"https:\\\/\\\/www.sleepcity.ee\\\/toode\\\/max-benjami-lohnakuunal-pink-pepper\\\/#breadcrumb\",\"itemListElement\":[{\"@type\":\"ListItem\",\"position\":1,\"name\":\"Home\",\"item\":\"https:\\\/\\\/www.sleepcity.ee\\\/\"},{\"@type\":\"ListItem\",\"position\":2,\"name\":\"Pood\",\"item\":\"https:\\\/\\\/sleepcity.ee\\\/pood\\\/\"},{\"@type\":\"ListItem\",\"position\":3,\"name\":\"Max Benjami l\u00f5hnak\u00fc\u00fcnal Pink Pepper\"}]},{\"@type\":\"WebSite\",\"@id\":\"https:\\\/\\\/sleepcity.ee\\\/#website\",\"url\":\"https:\\\/\\\/sleepcity.ee\\\/\",\"name\":\"Tempur Shop\",\"description\":\"TEMPUR madratsid, voodid, padjad ja muud unetooted.\",\"publisher\":{\"@id\":\"https:\\\/\\\/sleepcity.ee\\\/#organization\"},\"potentialAction\":[{\"@type\":\"SearchAction\",\"target\":{\"@type\":\"EntryPoint\",\"urlTemplate\":\"https:\\\/\\\/sleepcity.ee\\\/?s={search_term_string}\"},\"query-input\":{\"@type\":\"PropertyValueSpecification\",\"valueRequired\":true,\"valueName\":\"search_term_string\"}}],\"inLanguage\":\"et\"},{\"@type\":\"Organization\",\"@id\":\"https:\\\/\\\/sleepcity.ee\\\/#organization\",\"name\":\"VG Design O\u00dc\",\"url\":\"https:\\\/\\\/sleepcity.ee\\\/\",\"logo\":{\"@type\":\"ImageObject\",\"inLanguage\":\"et\",\"@id\":\"https:\\\/\\\/sleepcity.ee\\\/#\\\/schema\\\/logo\\\/image\\\/\",\"url\":\"https:\\\/\\\/www.sleepcity.ee\\\/wp-content\\\/uploads\\\/2023\\\/09\\\/sleepcity_logo.png\",\"contentUrl\":\"https:\\\/\\\/www.sleepcity.ee\\\/wp-content\\\/uploads\\\/2023\\\/09\\\/sleepcity_logo.png\",\"width\":1034,\"height\":318,\"caption\":\"VG Design O\u00dc\"},\"image\":{\"@id\":\"https:\\\/\\\/sleepcity.ee\\\/#\\\/schema\\\/logo\\\/image\\\/\"},\"sameAs\":[\"http:\\\/\\\/www.fb.com\\\/TempurEstonia\",\"http:\\\/\\\/www.instagram.com\\\/tempurestonia\"]}]}<\/script>\n<!-- \/ Yoast SEO plugin. -->","yoast_head_json":{"title":"Max Benjami l\u00f5hnak\u00fc\u00fcnal Pink Pepper - SleepCity - Hea Une Valem","description":"Sukeldu meie roosa pipra k\u00fc\u00fcnla\u00a0ahvatlevasse olemusse\u00a0\u2013 see on l\u00f5hnav aare, mis on inspireeritud Madagaskari elavatest n\u00e4dala keskpaiga turgudest. See eksootiline l\u00f5hn kehastab selle l\u00e4rmaka turu rikkalikku vaipa, kutsudes sind nautima ainulaadset aromaatset teekonda.  Roosa\u00a0pipra k\u00fc\u00fcnla\u00a0tipunootides peituvad roosa pipar, neroli ja pirn, luues k\u00fctkestava ava, mis loob pinnase t\u00f5eliselt ainulaadseks kogemuseks. Sukeldu s\u00fcgavamale selle s\u00fcdamesse, kus jasmiin ja kohv p\u00f5imuvad, lisades sellele lummavale aroomile s\u00fcgavust ja v\u00f5lu. Ja l\u00f5hna lahti rulludes naudi vanilli, pat\u0161uli ja seedripuu rikkalikke baasnoote, mis loovad soojuse ja rafineerituse s\u00fcmfoonia.  Nende sugestiivsete elementide olemusega l\u00e4bi imbunud\u00a0roosa pipraga k\u00fc\u00fcnal\u00a0muudab iga ruumi eksootika ja k\u00fclluse oaasiks. Iga \u00f5rn leegiv\u00e4re vabastab l\u00f5hnade kaskaadi, mis kannab teid otse Madagaskari elavatele turgudele.  Telli oma\u00a0roosa pipraga k\u00fc\u00fcnal\u00a0juba t\u00e4na ja asu aromaatsele avastusretkele!  K\u00f5ik meie l\u00f5hnak\u00fc\u00fcnlad on valmistatud 100% looduslikust vahast ja meie tahid on puuvillast, et tagada puhas ja tahmavaba p\u00f5lemine. Iga k\u00fc\u00fcnal valatakse k\u00e4sitsi\u00a0 ja iga meie \u00fche tahiga k\u00fc\u00fcnla minimaalne p\u00f5lemisaeg on 50 tundi.  Roosa pipraga 210g luksuslik k\u00fc\u00fcnal ja kaas.","robots":{"index":"index","follow":"follow","max-snippet":"max-snippet:-1","max-image-preview":"max-image-preview:large","max-video-preview":"max-video-preview:-1"},"canonical":"https:\/\/www.sleepcity.ee\/toode\/max-benjami-lohnakuunal-pink-pepper\/","og_locale":"et_EE","og_type":"article","og_title":"Max Benjami l\u00f5hnak\u00fc\u00fcnal Pink Pepper - SleepCity - Hea Une Valem","og_description":"Sukeldu meie roosa pipra k\u00fc\u00fcnla\u00a0ahvatlevasse olemusse\u00a0\u2013 see on l\u00f5hnav aare, mis on inspireeritud Madagaskari elavatest n\u00e4dala keskpaiga turgudest. See eksootiline l\u00f5hn kehastab selle l\u00e4rmaka turu rikkalikku vaipa, kutsudes sind nautima ainulaadset aromaatset teekonda.  Roosa\u00a0pipra k\u00fc\u00fcnla\u00a0tipunootides peituvad roosa pipar, neroli ja pirn, luues k\u00fctkestava ava, mis loob pinnase t\u00f5eliselt ainulaadseks kogemuseks. Sukeldu s\u00fcgavamale selle s\u00fcdamesse, kus jasmiin ja kohv p\u00f5imuvad, lisades sellele lummavale aroomile s\u00fcgavust ja v\u00f5lu. Ja l\u00f5hna lahti rulludes naudi vanilli, pat\u0161uli ja seedripuu rikkalikke baasnoote, mis loovad soojuse ja rafineerituse s\u00fcmfoonia.  Nende sugestiivsete elementide olemusega l\u00e4bi imbunud\u00a0roosa pipraga k\u00fc\u00fcnal\u00a0muudab iga ruumi eksootika ja k\u00fclluse oaasiks. Iga \u00f5rn leegiv\u00e4re vabastab l\u00f5hnade kaskaadi, mis kannab teid otse Madagaskari elavatele turgudele.  Telli oma\u00a0roosa pipraga k\u00fc\u00fcnal\u00a0juba t\u00e4na ja asu aromaatsele avastusretkele!  K\u00f5ik meie l\u00f5hnak\u00fc\u00fcnlad on valmistatud 100% looduslikust vahast ja meie tahid on puuvillast, et tagada puhas ja tahmavaba p\u00f5lemine. Iga k\u00fc\u00fcnal valatakse k\u00e4sitsi\u00a0 ja iga meie \u00fche tahiga k\u00fc\u00fcnla minimaalne p\u00f5lemisaeg on 50 tundi.  Roosa pipraga 210g luksuslik k\u00fc\u00fcnal ja kaas.","og_url":"https:\/\/www.sleepcity.ee\/toode\/max-benjami-lohnakuunal-pink-pepper\/","og_site_name":"SleepCity - Hea Une Valem","article_publisher":"http:\/\/www.fb.com\/TempurEstonia","article_modified_time":"2025-12-15T13:33:00+00:00","og_image":[{"width":1200,"height":1200,"url":"https:\/\/www.sleepcity.ee\/wp-content\/uploads\/2025\/12\/210mg_PinkPepper-lit.png","type":"image\/png"}],"twitter_card":"summary_large_image","schema":{"@context":"https:\/\/schema.org","@graph":[{"@type":"WebPage","@id":"https:\/\/www.sleepcity.ee\/toode\/max-benjami-lohnakuunal-pink-pepper\/","url":"https:\/\/www.sleepcity.ee\/toode\/max-benjami-lohnakuunal-pink-pepper\/","name":"Max Benjami l\u00f5hnak\u00fc\u00fcnal Pink Pepper - SleepCity - Hea Une Valem","isPartOf":{"@id":"https:\/\/sleepcity.ee\/#website"},"primaryImageOfPage":{"@id":"https:\/\/www.sleepcity.ee\/toode\/max-benjami-lohnakuunal-pink-pepper\/#primaryimage"},"image":{"@id":"https:\/\/www.sleepcity.ee\/toode\/max-benjami-lohnakuunal-pink-pepper\/#primaryimage"},"thumbnailUrl":"https:\/\/www.sleepcity.ee\/wp-content\/uploads\/2025\/12\/210mg_PinkPepper-lit.png","datePublished":"2025-12-15T13:31:58+00:00","dateModified":"2025-12-15T13:33:00+00:00","description":"Sukeldu meie roosa pipra k\u00fc\u00fcnla\u00a0ahvatlevasse olemusse\u00a0\u2013 see on l\u00f5hnav aare, mis on inspireeritud Madagaskari elavatest n\u00e4dala keskpaiga turgudest. See eksootiline l\u00f5hn kehastab selle l\u00e4rmaka turu rikkalikku vaipa, kutsudes sind nautima ainulaadset aromaatset teekonda. Roosa\u00a0pipra k\u00fc\u00fcnla\u00a0tipunootides peituvad roosa pipar, neroli ja pirn, luues k\u00fctkestava ava, mis loob pinnase t\u00f5eliselt ainulaadseks kogemuseks. Sukeldu s\u00fcgavamale selle s\u00fcdamesse, kus jasmiin ja kohv p\u00f5imuvad, lisades sellele lummavale aroomile s\u00fcgavust ja v\u00f5lu. Ja l\u00f5hna lahti rulludes naudi vanilli, pat\u0161uli ja seedripuu rikkalikke baasnoote, mis loovad soojuse ja rafineerituse s\u00fcmfoonia. Nende sugestiivsete elementide olemusega l\u00e4bi imbunud\u00a0roosa pipraga k\u00fc\u00fcnal\u00a0muudab iga ruumi eksootika ja k\u00fclluse oaasiks. Iga \u00f5rn leegiv\u00e4re vabastab l\u00f5hnade kaskaadi, mis kannab teid otse Madagaskari elavatele turgudele. Telli oma\u00a0roosa pipraga k\u00fc\u00fcnal\u00a0juba t\u00e4na ja asu aromaatsele avastusretkele! K\u00f5ik meie l\u00f5hnak\u00fc\u00fcnlad on valmistatud 100% looduslikust vahast ja meie tahid on puuvillast, et tagada puhas ja tahmavaba p\u00f5lemine. Iga k\u00fc\u00fcnal valatakse k\u00e4sitsi\u00a0 ja iga meie \u00fche tahiga k\u00fc\u00fcnla minimaalne p\u00f5lemisaeg on 50 tundi. Roosa pipraga 210g luksuslik k\u00fc\u00fcnal ja kaas.","breadcrumb":{"@id":"https:\/\/www.sleepcity.ee\/toode\/max-benjami-lohnakuunal-pink-pepper\/#breadcrumb"},"inLanguage":"et","potentialAction":[{"@type":"ReadAction","target":["https:\/\/www.sleepcity.ee\/toode\/max-benjami-lohnakuunal-pink-pepper\/"]}]},{"@type":"ImageObject","inLanguage":"et","@id":"https:\/\/www.sleepcity.ee\/toode\/max-benjami-lohnakuunal-pink-pepper\/#primaryimage","url":"https:\/\/www.sleepcity.ee\/wp-content\/uploads\/2025\/12\/210mg_PinkPepper-lit.png","contentUrl":"https:\/\/www.sleepcity.ee\/wp-content\/uploads\/2025\/12\/210mg_PinkPepper-lit.png","width":1200,"height":1200},{"@type":"BreadcrumbList","@id":"https:\/\/www.sleepcity.ee\/toode\/max-benjami-lohnakuunal-pink-pepper\/#breadcrumb","itemListElement":[{"@type":"ListItem","position":1,"name":"Home","item":"https:\/\/www.sleepcity.ee\/"},{"@type":"ListItem","position":2,"name":"Pood","item":"https:\/\/sleepcity.ee\/pood\/"},{"@type":"ListItem","position":3,"name":"Max Benjami l\u00f5hnak\u00fc\u00fcnal Pink Pepper"}]},{"@type":"WebSite","@id":"https:\/\/sleepcity.ee\/#website","url":"https:\/\/sleepcity.ee\/","name":"Tempur Shop","description":"TEMPUR madratsid, voodid, padjad ja muud unetooted.","publisher":{"@id":"https:\/\/sleepcity.ee\/#organization"},"potentialAction":[{"@type":"SearchAction","target":{"@type":"EntryPoint","urlTemplate":"https:\/\/sleepcity.ee\/?s={search_term_string}"},"query-input":{"@type":"PropertyValueSpecification","valueRequired":true,"valueName":"search_term_string"}}],"inLanguage":"et"},{"@type":"Organization","@id":"https:\/\/sleepcity.ee\/#organization","name":"VG Design O\u00dc","url":"https:\/\/sleepcity.ee\/","logo":{"@type":"ImageObject","inLanguage":"et","@id":"https:\/\/sleepcity.ee\/#\/schema\/logo\/image\/","url":"https:\/\/www.sleepcity.ee\/wp-content\/uploads\/2023\/09\/sleepcity_logo.png","contentUrl":"https:\/\/www.sleepcity.ee\/wp-content\/uploads\/2023\/09\/sleepcity_logo.png","width":1034,"height":318,"caption":"VG Design O\u00dc"},"image":{"@id":"https:\/\/sleepcity.ee\/#\/schema\/logo\/image\/"},"sameAs":["http:\/\/www.fb.com\/TempurEstonia","http:\/\/www.instagram.com\/tempurestonia"]}]}},"_links":{"self":[{"href":"https:\/\/www.sleepcity.ee\/wp-json\/wp\/v2\/product\/9828","targetHints":{"allow":["GET"]}}],"collection":[{"href":"https:\/\/www.sleepcity.ee\/wp-json\/wp\/v2\/product"}],"about":[{"href":"https:\/\/www.sleepcity.ee\/wp-json\/wp\/v2\/types\/product"}],"replies":[{"embeddable":true,"href":"https:\/\/www.sleepcity.ee\/wp-json\/wp\/v2\/comments?post=9828"}],"wp:featuredmedia":[{"embeddable":true,"href":"https:\/\/www.sleepcity.ee\/wp-json\/wp\/v2\/media\/9850"}],"wp:attachment":[{"href":"https:\/\/www.sleepcity.ee\/wp-json\/wp\/v2\/media?parent=9828"}],"wp:term":[{"taxonomy":"product_brand","embeddable":true,"href":"https:\/\/www.sleepcity.ee\/wp-json\/wp\/v2\/product_brand?post=9828"},{"taxonomy":"product_cat","embeddable":true,"href":"https:\/\/www.sleepcity.ee\/wp-json\/wp\/v2\/product_cat?post=9828"},{"taxonomy":"product_tag","embeddable":true,"href":"https:\/\/www.sleepcity.ee\/wp-json\/wp\/v2\/product_tag?post=9828"}],"curies":[{"name":"wp","href":"https:\/\/api.w.org\/{rel}","templated":true}]}}