{"id":9825,"date":"2025-12-15T12:46:27","date_gmt":"2025-12-15T12:46:27","guid":{"rendered":"https:\/\/sleepcity.ee\/?post_type=product&#038;p=9825"},"modified":"2025-12-15T13:38:22","modified_gmt":"2025-12-15T13:38:22","slug":"max-benjamin-kuunal-french-linen-water","status":"publish","type":"product","link":"https:\/\/www.sleepcity.ee\/toode\/max-benjamin-kuunal-french-linen-water\/","title":{"rendered":"Max Benjamin l\u00f5hnak\u00fc\u00fcnal French Linen Water"},"content":{"rendered":"<div class=\"sub-content\">\n<p><strong>Kaal:<\/strong> 569g<\/p>\n<p><strong>M\u00f5\u00f5tmed:<\/strong> 87x86x113mm<\/p>\n<p><strong><span dir=\"auto\">Toote koostisosad<\/span><\/strong><\/p>\n<p><span dir=\"auto\">Prantsuse linase veega k\u00fc\u00fcnal. Sisaldab: linal\u00fc\u00fclatsetaati (CAS nr: 115-95-7) | (R)-p-menta-1,8-dieeni, d-limoneeni (CAS nr: 5989-27-5) | linalooli (CAS nr: 78-70-6) | eugenooli (CAS nr: 97-53-0).<\/span><\/p>\n<\/div>\n<div class=\"sub-content\">\n<p><strong><span dir=\"auto\">Ettevaatusabin\u00f5ud<\/span><\/strong><\/p>\n<p><span dir=\"auto\">HOIATUS! V\u00f5ib esile kutsuda allergilise reaktsiooni. Kahjulik veeorganismidele, pikaajalise toimega. Hoida lastele k\u00e4ttesaamatus kohas. V\u00e4ltida keskkonda sattumist. Sisu k\u00f5rvaldada heakskiidetud k\u00e4itluskeskuses vastavalt riiklikele eeskirjadele.<\/span><\/p>\n<\/div>\n","protected":false},"excerpt":{"rendered":"<div class=\"elementor-element elementor-element-727dbc46 e-con-full e-flex e-con e-child\" data-id=\"727dbc46\" data-element_type=\"container\">\n<div class=\"elementor-element elementor-element-4edad19 elementor-widget elementor-widget-woocommerce-product-short-description\" data-id=\"4edad19\" data-element_type=\"widget\" data-widget_type=\"woocommerce-product-short-description.default\">\n<div class=\"elementor-widget-container\">\n<div class=\"woocommerce-product-details__short-description\">\n<p><span dir=\"auto\">Pehme lilleline l\u00f5hn, mis meenutab Provence&#8217;i verandal m\u00f5nusalt l\u00f5\u00f5gastuvaid \u00f5htuid, r\u00fc\u00fcbates kerget ja jahutatud ros\u00e9&#8217;d. <\/span><\/p>\n<p><span dir=\"auto\">L\u00f5hnaaineks on lavendli, magusa apelsini, petitgrain&#8217;i \u00f5lid ja v\u00e4rsked tsitruselised noodid.<\/span><\/p>\n<p><span dir=\"auto\">Telli oma French Linen Water l\u00f5hnak\u00fc\u00fcnal <\/span><span dir=\"auto\">juba t\u00e4na ja asu aromaatsele avastusretkele!<\/span><\/p>\n<\/div>\n<\/div>\n<\/div>\n<\/div>\n<div class=\"elementor-element elementor-element-424c53b1 e-flex e-con-boxed e-con e-child\" data-id=\"424c53b1\" data-element_type=\"container\">\n<div class=\"e-con-inner\">\n<div class=\"elementor-element elementor-element-7a871de9 elementor-widget elementor-widget-heading\" data-id=\"7a871de9\" data-element_type=\"widget\" data-widget_type=\"heading.default\">\n<div class=\"elementor-widget-container\">Meie l\u00f5hnak\u00fc\u00fcnlad on valmistatud 100% looduslikust vahast ja tahid puuvillast, et tagada puhas ja tahmavaba p\u00f5lemine.<\/div>\n<div class=\"elementor-widget-container\">Iga k\u00fc\u00fcnal valatakse k\u00e4sitsi ja iga meie \u00fche tahiga k\u00fc\u00fcnla minimaalne p\u00f5lemisaeg on 50 tundi.<\/div>\n<\/div>\n<\/div>\n<\/div>\n","protected":false},"featured_media":9827,"comment_status":"open","ping_status":"closed","template":"","meta":{"_monsterinsights_skip_tracking":false,"_monsterinsights_sitenote_active":false,"_monsterinsights_sitenote_note":"","_monsterinsights_sitenote_category":0},"product_brand":[],"product_cat":[687,421,275,272,15],"product_tag":[],"class_list":{"0":"post-9825","1":"product","2":"type-product","3":"status-publish","4":"has-post-thumbnail","6":"product_cat-kingitused","7":"product_cat-kodus","8":"product_cat-kuunlad","9":"product_cat-meeleolu","10":"product_cat-muu","12":"first","13":"instock","14":"taxable","15":"shipping-taxable","16":"purchasable","17":"product-type-simple"},"yoast_head":"<!-- This site is optimized with the Yoast SEO plugin v27.4 - https:\/\/yoast.com\/product\/yoast-seo-wordpress\/ -->\n<title>Max Benjamin l\u00f5hnak\u00fc\u00fcnal French Linen Water - SleepCity - Hea Une Valem<\/title>\n<meta name=\"description\" content=\"Pehme lilleline l\u00f5hn, mis meenutab Provence&#039;i verandal m\u00f5nusalt l\u00f5\u00f5gastuvaid \u00f5htuid, r\u00fc\u00fcbates kerget ja jahutatud ros\u00e9&#039;d.   L\u00f5hnaaineks on lavendli, magusa apelsini, petitgrain&#039;i \u00f5lid ja v\u00e4rsked tsitruselised noodid.  Telli oma French Linen Water l\u00f5hnak\u00fc\u00fcnal juba t\u00e4na ja asu aromaatsele avastusretkele!         Meie l\u00f5hnak\u00fc\u00fcnlad on valmistatud 100% looduslikust vahast ja tahid puuvillast, et tagada puhas ja tahmavaba p\u00f5lemine. Iga k\u00fc\u00fcnal valatakse k\u00e4sitsi ja iga meie \u00fche tahiga k\u00fc\u00fcnla minimaalne p\u00f5lemisaeg on 50 tundi.\" \/>\n<meta name=\"robots\" content=\"index, follow, max-snippet:-1, max-image-preview:large, max-video-preview:-1\" \/>\n<link rel=\"canonical\" href=\"https:\/\/sleepcity.ee\/toode\/max-benjamin-kuunal-french-linen-water\/\" \/>\n<meta property=\"og:locale\" content=\"et_EE\" \/>\n<meta property=\"og:type\" content=\"article\" \/>\n<meta property=\"og:title\" content=\"Max Benjamin l\u00f5hnak\u00fc\u00fcnal French Linen Water - SleepCity - Hea Une Valem\" \/>\n<meta property=\"og:description\" content=\"Pehme lilleline l\u00f5hn, mis meenutab Provence&#039;i verandal m\u00f5nusalt l\u00f5\u00f5gastuvaid \u00f5htuid, r\u00fc\u00fcbates kerget ja jahutatud ros\u00e9&#039;d.   L\u00f5hnaaineks on lavendli, magusa apelsini, petitgrain&#039;i \u00f5lid ja v\u00e4rsked tsitruselised noodid.  Telli oma French Linen Water l\u00f5hnak\u00fc\u00fcnal juba t\u00e4na ja asu aromaatsele avastusretkele!         Meie l\u00f5hnak\u00fc\u00fcnlad on valmistatud 100% looduslikust vahast ja tahid puuvillast, et tagada puhas ja tahmavaba p\u00f5lemine. Iga k\u00fc\u00fcnal valatakse k\u00e4sitsi ja iga meie \u00fche tahiga k\u00fc\u00fcnla minimaalne p\u00f5lemisaeg on 50 tundi.\" \/>\n<meta property=\"og:url\" content=\"https:\/\/sleepcity.ee\/toode\/max-benjamin-kuunal-french-linen-water\/\" \/>\n<meta property=\"og:site_name\" content=\"SleepCity - Hea Une Valem\" \/>\n<meta property=\"article:publisher\" content=\"http:\/\/www.fb.com\/TempurEstonia\" \/>\n<meta property=\"article:modified_time\" content=\"2025-12-15T13:38:22+00:00\" \/>\n<meta property=\"og:image\" content=\"https:\/\/sleepcity.ee\/wp-content\/uploads\/2025\/12\/210mg_FrenchLinenWater-lit.png\" \/>\n\t<meta property=\"og:image:width\" content=\"1200\" \/>\n\t<meta property=\"og:image:height\" content=\"1200\" \/>\n\t<meta property=\"og:image:type\" content=\"image\/png\" \/>\n<meta name=\"twitter:card\" content=\"summary_large_image\" \/>\n<script type=\"application\/ld+json\" class=\"yoast-schema-graph\">{\"@context\":\"https:\\\/\\\/schema.org\",\"@graph\":[{\"@type\":\"WebPage\",\"@id\":\"https:\\\/\\\/sleepcity.ee\\\/toode\\\/max-benjamin-kuunal-french-linen-water\\\/\",\"url\":\"https:\\\/\\\/sleepcity.ee\\\/toode\\\/max-benjamin-kuunal-french-linen-water\\\/\",\"name\":\"Max Benjamin l\u00f5hnak\u00fc\u00fcnal French Linen Water - SleepCity - Hea Une Valem\",\"isPartOf\":{\"@id\":\"https:\\\/\\\/sleepcity.ee\\\/#website\"},\"primaryImageOfPage\":{\"@id\":\"https:\\\/\\\/sleepcity.ee\\\/toode\\\/max-benjamin-kuunal-french-linen-water\\\/#primaryimage\"},\"image\":{\"@id\":\"https:\\\/\\\/sleepcity.ee\\\/toode\\\/max-benjamin-kuunal-french-linen-water\\\/#primaryimage\"},\"thumbnailUrl\":\"https:\\\/\\\/sleepcity.ee\\\/wp-content\\\/uploads\\\/2025\\\/12\\\/210mg_FrenchLinenWater-lit.png\",\"datePublished\":\"2025-12-15T12:46:27+00:00\",\"dateModified\":\"2025-12-15T13:38:22+00:00\",\"description\":\"Pehme lilleline l\u00f5hn, mis meenutab Provence'i verandal m\u00f5nusalt l\u00f5\u00f5gastuvaid \u00f5htuid, r\u00fc\u00fcbates kerget ja jahutatud ros\u00e9'd. L\u00f5hnaaineks on lavendli, magusa apelsini, petitgrain'i \u00f5lid ja v\u00e4rsked tsitruselised noodid. Telli oma French Linen Water l\u00f5hnak\u00fc\u00fcnal juba t\u00e4na ja asu aromaatsele avastusretkele! Meie l\u00f5hnak\u00fc\u00fcnlad on valmistatud 100% looduslikust vahast ja tahid puuvillast, et tagada puhas ja tahmavaba p\u00f5lemine. Iga k\u00fc\u00fcnal valatakse k\u00e4sitsi ja iga meie \u00fche tahiga k\u00fc\u00fcnla minimaalne p\u00f5lemisaeg on 50 tundi.\",\"breadcrumb\":{\"@id\":\"https:\\\/\\\/sleepcity.ee\\\/toode\\\/max-benjamin-kuunal-french-linen-water\\\/#breadcrumb\"},\"inLanguage\":\"et\",\"potentialAction\":[{\"@type\":\"ReadAction\",\"target\":[\"https:\\\/\\\/sleepcity.ee\\\/toode\\\/max-benjamin-kuunal-french-linen-water\\\/\"]}]},{\"@type\":\"ImageObject\",\"inLanguage\":\"et\",\"@id\":\"https:\\\/\\\/sleepcity.ee\\\/toode\\\/max-benjamin-kuunal-french-linen-water\\\/#primaryimage\",\"url\":\"https:\\\/\\\/sleepcity.ee\\\/wp-content\\\/uploads\\\/2025\\\/12\\\/210mg_FrenchLinenWater-lit.png\",\"contentUrl\":\"https:\\\/\\\/sleepcity.ee\\\/wp-content\\\/uploads\\\/2025\\\/12\\\/210mg_FrenchLinenWater-lit.png\",\"width\":1200,\"height\":1200},{\"@type\":\"BreadcrumbList\",\"@id\":\"https:\\\/\\\/sleepcity.ee\\\/toode\\\/max-benjamin-kuunal-french-linen-water\\\/#breadcrumb\",\"itemListElement\":[{\"@type\":\"ListItem\",\"position\":1,\"name\":\"Home\",\"item\":\"https:\\\/\\\/sleepcity.ee\\\/\"},{\"@type\":\"ListItem\",\"position\":2,\"name\":\"Pood\",\"item\":\"https:\\\/\\\/sleepcity.ee\\\/pood\\\/\"},{\"@type\":\"ListItem\",\"position\":3,\"name\":\"Max Benjamin l\u00f5hnak\u00fc\u00fcnal French Linen Water\"}]},{\"@type\":\"WebSite\",\"@id\":\"https:\\\/\\\/sleepcity.ee\\\/#website\",\"url\":\"https:\\\/\\\/sleepcity.ee\\\/\",\"name\":\"Tempur Shop\",\"description\":\"TEMPUR madratsid, voodid, padjad ja muud unetooted.\",\"publisher\":{\"@id\":\"https:\\\/\\\/sleepcity.ee\\\/#organization\"},\"potentialAction\":[{\"@type\":\"SearchAction\",\"target\":{\"@type\":\"EntryPoint\",\"urlTemplate\":\"https:\\\/\\\/sleepcity.ee\\\/?s={search_term_string}\"},\"query-input\":{\"@type\":\"PropertyValueSpecification\",\"valueRequired\":true,\"valueName\":\"search_term_string\"}}],\"inLanguage\":\"et\"},{\"@type\":\"Organization\",\"@id\":\"https:\\\/\\\/sleepcity.ee\\\/#organization\",\"name\":\"VG Design O\u00dc\",\"url\":\"https:\\\/\\\/sleepcity.ee\\\/\",\"logo\":{\"@type\":\"ImageObject\",\"inLanguage\":\"et\",\"@id\":\"https:\\\/\\\/sleepcity.ee\\\/#\\\/schema\\\/logo\\\/image\\\/\",\"url\":\"https:\\\/\\\/sleepcity.ee\\\/wp-content\\\/uploads\\\/2023\\\/09\\\/sleepcity_logo.png\",\"contentUrl\":\"https:\\\/\\\/sleepcity.ee\\\/wp-content\\\/uploads\\\/2023\\\/09\\\/sleepcity_logo.png\",\"width\":1034,\"height\":318,\"caption\":\"VG Design O\u00dc\"},\"image\":{\"@id\":\"https:\\\/\\\/sleepcity.ee\\\/#\\\/schema\\\/logo\\\/image\\\/\"},\"sameAs\":[\"http:\\\/\\\/www.fb.com\\\/TempurEstonia\",\"http:\\\/\\\/www.instagram.com\\\/tempurestonia\"]}]}<\/script>\n<!-- \/ Yoast SEO plugin. -->","yoast_head_json":{"title":"Max Benjamin l\u00f5hnak\u00fc\u00fcnal French Linen Water - SleepCity - Hea Une Valem","description":"Pehme lilleline l\u00f5hn, mis meenutab Provence'i verandal m\u00f5nusalt l\u00f5\u00f5gastuvaid \u00f5htuid, r\u00fc\u00fcbates kerget ja jahutatud ros\u00e9'd.   L\u00f5hnaaineks on lavendli, magusa apelsini, petitgrain'i \u00f5lid ja v\u00e4rsked tsitruselised noodid.  Telli oma French Linen Water l\u00f5hnak\u00fc\u00fcnal juba t\u00e4na ja asu aromaatsele avastusretkele!         Meie l\u00f5hnak\u00fc\u00fcnlad on valmistatud 100% looduslikust vahast ja tahid puuvillast, et tagada puhas ja tahmavaba p\u00f5lemine. Iga k\u00fc\u00fcnal valatakse k\u00e4sitsi ja iga meie \u00fche tahiga k\u00fc\u00fcnla minimaalne p\u00f5lemisaeg on 50 tundi.","robots":{"index":"index","follow":"follow","max-snippet":"max-snippet:-1","max-image-preview":"max-image-preview:large","max-video-preview":"max-video-preview:-1"},"canonical":"https:\/\/sleepcity.ee\/toode\/max-benjamin-kuunal-french-linen-water\/","og_locale":"et_EE","og_type":"article","og_title":"Max Benjamin l\u00f5hnak\u00fc\u00fcnal French Linen Water - SleepCity - Hea Une Valem","og_description":"Pehme lilleline l\u00f5hn, mis meenutab Provence'i verandal m\u00f5nusalt l\u00f5\u00f5gastuvaid \u00f5htuid, r\u00fc\u00fcbates kerget ja jahutatud ros\u00e9'd.   L\u00f5hnaaineks on lavendli, magusa apelsini, petitgrain'i \u00f5lid ja v\u00e4rsked tsitruselised noodid.  Telli oma French Linen Water l\u00f5hnak\u00fc\u00fcnal juba t\u00e4na ja asu aromaatsele avastusretkele!         Meie l\u00f5hnak\u00fc\u00fcnlad on valmistatud 100% looduslikust vahast ja tahid puuvillast, et tagada puhas ja tahmavaba p\u00f5lemine. Iga k\u00fc\u00fcnal valatakse k\u00e4sitsi ja iga meie \u00fche tahiga k\u00fc\u00fcnla minimaalne p\u00f5lemisaeg on 50 tundi.","og_url":"https:\/\/sleepcity.ee\/toode\/max-benjamin-kuunal-french-linen-water\/","og_site_name":"SleepCity - Hea Une Valem","article_publisher":"http:\/\/www.fb.com\/TempurEstonia","article_modified_time":"2025-12-15T13:38:22+00:00","og_image":[{"width":1200,"height":1200,"url":"https:\/\/sleepcity.ee\/wp-content\/uploads\/2025\/12\/210mg_FrenchLinenWater-lit.png","type":"image\/png"}],"twitter_card":"summary_large_image","schema":{"@context":"https:\/\/schema.org","@graph":[{"@type":"WebPage","@id":"https:\/\/sleepcity.ee\/toode\/max-benjamin-kuunal-french-linen-water\/","url":"https:\/\/sleepcity.ee\/toode\/max-benjamin-kuunal-french-linen-water\/","name":"Max Benjamin l\u00f5hnak\u00fc\u00fcnal French Linen Water - SleepCity - Hea Une Valem","isPartOf":{"@id":"https:\/\/sleepcity.ee\/#website"},"primaryImageOfPage":{"@id":"https:\/\/sleepcity.ee\/toode\/max-benjamin-kuunal-french-linen-water\/#primaryimage"},"image":{"@id":"https:\/\/sleepcity.ee\/toode\/max-benjamin-kuunal-french-linen-water\/#primaryimage"},"thumbnailUrl":"https:\/\/sleepcity.ee\/wp-content\/uploads\/2025\/12\/210mg_FrenchLinenWater-lit.png","datePublished":"2025-12-15T12:46:27+00:00","dateModified":"2025-12-15T13:38:22+00:00","description":"Pehme lilleline l\u00f5hn, mis meenutab Provence'i verandal m\u00f5nusalt l\u00f5\u00f5gastuvaid \u00f5htuid, r\u00fc\u00fcbates kerget ja jahutatud ros\u00e9'd. L\u00f5hnaaineks on lavendli, magusa apelsini, petitgrain'i \u00f5lid ja v\u00e4rsked tsitruselised noodid. Telli oma French Linen Water l\u00f5hnak\u00fc\u00fcnal juba t\u00e4na ja asu aromaatsele avastusretkele! Meie l\u00f5hnak\u00fc\u00fcnlad on valmistatud 100% looduslikust vahast ja tahid puuvillast, et tagada puhas ja tahmavaba p\u00f5lemine. Iga k\u00fc\u00fcnal valatakse k\u00e4sitsi ja iga meie \u00fche tahiga k\u00fc\u00fcnla minimaalne p\u00f5lemisaeg on 50 tundi.","breadcrumb":{"@id":"https:\/\/sleepcity.ee\/toode\/max-benjamin-kuunal-french-linen-water\/#breadcrumb"},"inLanguage":"et","potentialAction":[{"@type":"ReadAction","target":["https:\/\/sleepcity.ee\/toode\/max-benjamin-kuunal-french-linen-water\/"]}]},{"@type":"ImageObject","inLanguage":"et","@id":"https:\/\/sleepcity.ee\/toode\/max-benjamin-kuunal-french-linen-water\/#primaryimage","url":"https:\/\/sleepcity.ee\/wp-content\/uploads\/2025\/12\/210mg_FrenchLinenWater-lit.png","contentUrl":"https:\/\/sleepcity.ee\/wp-content\/uploads\/2025\/12\/210mg_FrenchLinenWater-lit.png","width":1200,"height":1200},{"@type":"BreadcrumbList","@id":"https:\/\/sleepcity.ee\/toode\/max-benjamin-kuunal-french-linen-water\/#breadcrumb","itemListElement":[{"@type":"ListItem","position":1,"name":"Home","item":"https:\/\/sleepcity.ee\/"},{"@type":"ListItem","position":2,"name":"Pood","item":"https:\/\/sleepcity.ee\/pood\/"},{"@type":"ListItem","position":3,"name":"Max Benjamin l\u00f5hnak\u00fc\u00fcnal French Linen Water"}]},{"@type":"WebSite","@id":"https:\/\/sleepcity.ee\/#website","url":"https:\/\/sleepcity.ee\/","name":"Tempur Shop","description":"TEMPUR madratsid, voodid, padjad ja muud unetooted.","publisher":{"@id":"https:\/\/sleepcity.ee\/#organization"},"potentialAction":[{"@type":"SearchAction","target":{"@type":"EntryPoint","urlTemplate":"https:\/\/sleepcity.ee\/?s={search_term_string}"},"query-input":{"@type":"PropertyValueSpecification","valueRequired":true,"valueName":"search_term_string"}}],"inLanguage":"et"},{"@type":"Organization","@id":"https:\/\/sleepcity.ee\/#organization","name":"VG Design O\u00dc","url":"https:\/\/sleepcity.ee\/","logo":{"@type":"ImageObject","inLanguage":"et","@id":"https:\/\/sleepcity.ee\/#\/schema\/logo\/image\/","url":"https:\/\/sleepcity.ee\/wp-content\/uploads\/2023\/09\/sleepcity_logo.png","contentUrl":"https:\/\/sleepcity.ee\/wp-content\/uploads\/2023\/09\/sleepcity_logo.png","width":1034,"height":318,"caption":"VG Design O\u00dc"},"image":{"@id":"https:\/\/sleepcity.ee\/#\/schema\/logo\/image\/"},"sameAs":["http:\/\/www.fb.com\/TempurEstonia","http:\/\/www.instagram.com\/tempurestonia"]}]}},"_links":{"self":[{"href":"https:\/\/www.sleepcity.ee\/wp-json\/wp\/v2\/product\/9825","targetHints":{"allow":["GET"]}}],"collection":[{"href":"https:\/\/www.sleepcity.ee\/wp-json\/wp\/v2\/product"}],"about":[{"href":"https:\/\/www.sleepcity.ee\/wp-json\/wp\/v2\/types\/product"}],"replies":[{"embeddable":true,"href":"https:\/\/www.sleepcity.ee\/wp-json\/wp\/v2\/comments?post=9825"}],"wp:featuredmedia":[{"embeddable":true,"href":"https:\/\/www.sleepcity.ee\/wp-json\/wp\/v2\/media\/9827"}],"wp:attachment":[{"href":"https:\/\/www.sleepcity.ee\/wp-json\/wp\/v2\/media?parent=9825"}],"wp:term":[{"taxonomy":"product_brand","embeddable":true,"href":"https:\/\/www.sleepcity.ee\/wp-json\/wp\/v2\/product_brand?post=9825"},{"taxonomy":"product_cat","embeddable":true,"href":"https:\/\/www.sleepcity.ee\/wp-json\/wp\/v2\/product_cat?post=9825"},{"taxonomy":"product_tag","embeddable":true,"href":"https:\/\/www.sleepcity.ee\/wp-json\/wp\/v2\/product_tag?post=9825"}],"curies":[{"name":"wp","href":"https:\/\/api.w.org\/{rel}","templated":true}]}}