{"id":9813,"date":"2025-12-15T10:01:47","date_gmt":"2025-12-15T10:01:47","guid":{"rendered":"https:\/\/sleepcity.ee\/?post_type=product&#038;p=9813"},"modified":"2025-12-15T10:03:13","modified_gmt":"2025-12-15T10:03:13","slug":"max-benjamin-lohnakaart-white-pomegranate","status":"publish","type":"product","link":"https:\/\/www.sleepcity.ee\/toode\/max-benjamin-lohnakaart-white-pomegranate\/","title":{"rendered":"Max Benjamin l\u00f5hnakaart White Pomegranate"},"content":{"rendered":"<div class=\"sub-content\">\n<h4><span dir=\"auto\">Toote koostisosad.<\/span><\/h4>\n<p><span dir=\"auto\">Valge granaat\u00f5una l\u00f5hnaga kaart sisaldab: heks\u00fc\u00fcltsinnamaali (CAS nr: 101-86-0) | dl-tsitronellooli (CAS nr: 106-22-9) | linal\u00fc\u00fclatsetaati (CAS nr: 115-95-7) | geran\u00fc\u00fclatsetaati (CAS nr: 105-87-3)<\/span><\/p>\n<p><strong>Ettevaatusabin\u00f5ud<\/strong><\/p>\n<\/div>\n<div class=\"sub-content\">\n<p><span dir=\"auto\">HOIATUS! V\u00f5ib p\u00f5hjustada allergilist nahareaktsiooni. M\u00fcrgine veeorganismidele, pikaajalise toimega. Ettevaatusabin\u00f5ud: Hoida lastele k\u00e4ttesaamatus kohas. V\u00e4ltida keskkonda sattumist. NAHA PEALE SATTUMISE KORRAL: pesta rohke vee ja seebiga. Sisu k\u00f5rvaldada heakskiidetud k\u00e4itluskeskuses vastavalt riiklikele eeskirjadele.<\/span><\/p>\n<\/div>\n","protected":false},"excerpt":{"rendered":"<p>V\u00f5rgutav ja eksootiline l\u00f5hn, mis on inspireeritud Itaalia romantiliseima linna Verona v\u00e4liturgudelt.<\/p>\n<p>V\u00e4rske granaat\u00f5un ja eksootiline roosinupp paljastavad liilia ja gardeenia s\u00fcdame. S\u00fcdamenootide hulka kuuluvad must s\u00f5star ja vanill.<\/p>\n<p>Need kaunid v\u00e4ikesed kaardid pakuvad v\u00f5imsat l\u00f5hnaelamust. Need sobivad ideaalselt v\u00e4ikestesse ruumidesse nagu riidekapid, sahtlid, k\u00e4ekotid v\u00f5i isegi kohvrisse, et saaksite oma lemmikl\u00f5hna endaga kaasa v\u00f5tta.<\/p>\n","protected":false},"featured_media":9814,"comment_status":"open","ping_status":"closed","template":"","meta":{"_monsterinsights_skip_tracking":false,"_monsterinsights_sitenote_active":false,"_monsterinsights_sitenote_note":"","_monsterinsights_sitenote_category":0},"product_brand":[],"product_cat":[687,421,272,15,274],"product_tag":[],"class_list":{"0":"post-9813","1":"product","2":"type-product","3":"status-publish","4":"has-post-thumbnail","6":"product_cat-kingitused","7":"product_cat-kodus","8":"product_cat-meeleolu","9":"product_cat-muu","10":"product_cat-ruumi-lohnastajad","12":"first","13":"instock","14":"taxable","15":"shipping-taxable","16":"purchasable","17":"product-type-simple"},"yoast_head":"<!-- This site is optimized with the Yoast SEO plugin v27.3 - https:\/\/yoast.com\/product\/yoast-seo-wordpress\/ -->\n<title>Max Benjamin l\u00f5hnakaart White Pomegranate - SleepCity - Hea Une Valem<\/title>\n<meta name=\"description\" content=\"V\u00f5rgutav ja eksootiline l\u00f5hn, mis on inspireeritud Itaalia romantiliseima linna Verona v\u00e4liturgudelt.  V\u00e4rske granaat\u00f5un ja eksootiline roosinupp paljastavad liilia ja gardeenia s\u00fcdame. S\u00fcdamenootide hulka kuuluvad must s\u00f5star ja vanill.  Need kaunid v\u00e4ikesed kaardid pakuvad v\u00f5imsat l\u00f5hnaelamust. Need sobivad ideaalselt v\u00e4ikestesse ruumidesse nagu riidekapid, sahtlid, k\u00e4ekotid v\u00f5i isegi kohvrisse, et saaksite oma lemmikl\u00f5hna endaga kaasa v\u00f5tta.\" \/>\n<meta name=\"robots\" content=\"index, follow, max-snippet:-1, max-image-preview:large, max-video-preview:-1\" \/>\n<link rel=\"canonical\" href=\"https:\/\/www.sleepcity.ee\/toode\/max-benjamin-lohnakaart-white-pomegranate\/\" \/>\n<meta property=\"og:locale\" content=\"et_EE\" \/>\n<meta property=\"og:type\" content=\"article\" \/>\n<meta property=\"og:title\" content=\"Max Benjamin l\u00f5hnakaart White Pomegranate - SleepCity - Hea Une Valem\" \/>\n<meta property=\"og:description\" content=\"V\u00f5rgutav ja eksootiline l\u00f5hn, mis on inspireeritud Itaalia romantiliseima linna Verona v\u00e4liturgudelt.  V\u00e4rske granaat\u00f5un ja eksootiline roosinupp paljastavad liilia ja gardeenia s\u00fcdame. S\u00fcdamenootide hulka kuuluvad must s\u00f5star ja vanill.  Need kaunid v\u00e4ikesed kaardid pakuvad v\u00f5imsat l\u00f5hnaelamust. Need sobivad ideaalselt v\u00e4ikestesse ruumidesse nagu riidekapid, sahtlid, k\u00e4ekotid v\u00f5i isegi kohvrisse, et saaksite oma lemmikl\u00f5hna endaga kaasa v\u00f5tta.\" \/>\n<meta property=\"og:url\" content=\"https:\/\/www.sleepcity.ee\/toode\/max-benjamin-lohnakaart-white-pomegranate\/\" \/>\n<meta property=\"og:site_name\" content=\"SleepCity - Hea Une Valem\" \/>\n<meta property=\"article:publisher\" content=\"http:\/\/www.fb.com\/TempurEstonia\" \/>\n<meta property=\"article:modified_time\" content=\"2025-12-15T10:03:13+00:00\" \/>\n<meta property=\"og:image\" content=\"https:\/\/www.sleepcity.ee\/wp-content\/uploads\/2025\/12\/ScentedCard_WhitePomegranate.png\" \/>\n\t<meta property=\"og:image:width\" content=\"1200\" \/>\n\t<meta property=\"og:image:height\" content=\"1200\" \/>\n\t<meta property=\"og:image:type\" content=\"image\/png\" \/>\n<meta name=\"twitter:card\" content=\"summary_large_image\" \/>\n<script type=\"application\/ld+json\" class=\"yoast-schema-graph\">{\"@context\":\"https:\\\/\\\/schema.org\",\"@graph\":[{\"@type\":\"WebPage\",\"@id\":\"https:\\\/\\\/www.sleepcity.ee\\\/toode\\\/max-benjamin-lohnakaart-white-pomegranate\\\/\",\"url\":\"https:\\\/\\\/www.sleepcity.ee\\\/toode\\\/max-benjamin-lohnakaart-white-pomegranate\\\/\",\"name\":\"Max Benjamin l\u00f5hnakaart White Pomegranate - SleepCity - Hea Une Valem\",\"isPartOf\":{\"@id\":\"https:\\\/\\\/sleepcity.ee\\\/#website\"},\"primaryImageOfPage\":{\"@id\":\"https:\\\/\\\/www.sleepcity.ee\\\/toode\\\/max-benjamin-lohnakaart-white-pomegranate\\\/#primaryimage\"},\"image\":{\"@id\":\"https:\\\/\\\/www.sleepcity.ee\\\/toode\\\/max-benjamin-lohnakaart-white-pomegranate\\\/#primaryimage\"},\"thumbnailUrl\":\"https:\\\/\\\/www.sleepcity.ee\\\/wp-content\\\/uploads\\\/2025\\\/12\\\/ScentedCard_WhitePomegranate.png\",\"datePublished\":\"2025-12-15T10:01:47+00:00\",\"dateModified\":\"2025-12-15T10:03:13+00:00\",\"description\":\"V\u00f5rgutav ja eksootiline l\u00f5hn, mis on inspireeritud Itaalia romantiliseima linna Verona v\u00e4liturgudelt. V\u00e4rske granaat\u00f5un ja eksootiline roosinupp paljastavad liilia ja gardeenia s\u00fcdame. S\u00fcdamenootide hulka kuuluvad must s\u00f5star ja vanill. Need kaunid v\u00e4ikesed kaardid pakuvad v\u00f5imsat l\u00f5hnaelamust. Need sobivad ideaalselt v\u00e4ikestesse ruumidesse nagu riidekapid, sahtlid, k\u00e4ekotid v\u00f5i isegi kohvrisse, et saaksite oma lemmikl\u00f5hna endaga kaasa v\u00f5tta.\",\"breadcrumb\":{\"@id\":\"https:\\\/\\\/www.sleepcity.ee\\\/toode\\\/max-benjamin-lohnakaart-white-pomegranate\\\/#breadcrumb\"},\"inLanguage\":\"et\",\"potentialAction\":[{\"@type\":\"ReadAction\",\"target\":[\"https:\\\/\\\/www.sleepcity.ee\\\/toode\\\/max-benjamin-lohnakaart-white-pomegranate\\\/\"]}]},{\"@type\":\"ImageObject\",\"inLanguage\":\"et\",\"@id\":\"https:\\\/\\\/www.sleepcity.ee\\\/toode\\\/max-benjamin-lohnakaart-white-pomegranate\\\/#primaryimage\",\"url\":\"https:\\\/\\\/www.sleepcity.ee\\\/wp-content\\\/uploads\\\/2025\\\/12\\\/ScentedCard_WhitePomegranate.png\",\"contentUrl\":\"https:\\\/\\\/www.sleepcity.ee\\\/wp-content\\\/uploads\\\/2025\\\/12\\\/ScentedCard_WhitePomegranate.png\",\"width\":1200,\"height\":1200},{\"@type\":\"BreadcrumbList\",\"@id\":\"https:\\\/\\\/www.sleepcity.ee\\\/toode\\\/max-benjamin-lohnakaart-white-pomegranate\\\/#breadcrumb\",\"itemListElement\":[{\"@type\":\"ListItem\",\"position\":1,\"name\":\"Home\",\"item\":\"https:\\\/\\\/www.sleepcity.ee\\\/\"},{\"@type\":\"ListItem\",\"position\":2,\"name\":\"Pood\",\"item\":\"https:\\\/\\\/sleepcity.ee\\\/pood\\\/\"},{\"@type\":\"ListItem\",\"position\":3,\"name\":\"Max Benjamin l\u00f5hnakaart White Pomegranate\"}]},{\"@type\":\"WebSite\",\"@id\":\"https:\\\/\\\/sleepcity.ee\\\/#website\",\"url\":\"https:\\\/\\\/sleepcity.ee\\\/\",\"name\":\"Tempur Shop\",\"description\":\"TEMPUR madratsid, voodid, padjad ja muud unetooted.\",\"publisher\":{\"@id\":\"https:\\\/\\\/sleepcity.ee\\\/#organization\"},\"potentialAction\":[{\"@type\":\"SearchAction\",\"target\":{\"@type\":\"EntryPoint\",\"urlTemplate\":\"https:\\\/\\\/sleepcity.ee\\\/?s={search_term_string}\"},\"query-input\":{\"@type\":\"PropertyValueSpecification\",\"valueRequired\":true,\"valueName\":\"search_term_string\"}}],\"inLanguage\":\"et\"},{\"@type\":\"Organization\",\"@id\":\"https:\\\/\\\/sleepcity.ee\\\/#organization\",\"name\":\"VG Design O\u00dc\",\"url\":\"https:\\\/\\\/sleepcity.ee\\\/\",\"logo\":{\"@type\":\"ImageObject\",\"inLanguage\":\"et\",\"@id\":\"https:\\\/\\\/sleepcity.ee\\\/#\\\/schema\\\/logo\\\/image\\\/\",\"url\":\"https:\\\/\\\/www.sleepcity.ee\\\/wp-content\\\/uploads\\\/2023\\\/09\\\/sleepcity_logo.png\",\"contentUrl\":\"https:\\\/\\\/www.sleepcity.ee\\\/wp-content\\\/uploads\\\/2023\\\/09\\\/sleepcity_logo.png\",\"width\":1034,\"height\":318,\"caption\":\"VG Design O\u00dc\"},\"image\":{\"@id\":\"https:\\\/\\\/sleepcity.ee\\\/#\\\/schema\\\/logo\\\/image\\\/\"},\"sameAs\":[\"http:\\\/\\\/www.fb.com\\\/TempurEstonia\",\"http:\\\/\\\/www.instagram.com\\\/tempurestonia\"]}]}<\/script>\n<!-- \/ Yoast SEO plugin. -->","yoast_head_json":{"title":"Max Benjamin l\u00f5hnakaart White Pomegranate - SleepCity - Hea Une Valem","description":"V\u00f5rgutav ja eksootiline l\u00f5hn, mis on inspireeritud Itaalia romantiliseima linna Verona v\u00e4liturgudelt.  V\u00e4rske granaat\u00f5un ja eksootiline roosinupp paljastavad liilia ja gardeenia s\u00fcdame. S\u00fcdamenootide hulka kuuluvad must s\u00f5star ja vanill.  Need kaunid v\u00e4ikesed kaardid pakuvad v\u00f5imsat l\u00f5hnaelamust. Need sobivad ideaalselt v\u00e4ikestesse ruumidesse nagu riidekapid, sahtlid, k\u00e4ekotid v\u00f5i isegi kohvrisse, et saaksite oma lemmikl\u00f5hna endaga kaasa v\u00f5tta.","robots":{"index":"index","follow":"follow","max-snippet":"max-snippet:-1","max-image-preview":"max-image-preview:large","max-video-preview":"max-video-preview:-1"},"canonical":"https:\/\/www.sleepcity.ee\/toode\/max-benjamin-lohnakaart-white-pomegranate\/","og_locale":"et_EE","og_type":"article","og_title":"Max Benjamin l\u00f5hnakaart White Pomegranate - SleepCity - Hea Une Valem","og_description":"V\u00f5rgutav ja eksootiline l\u00f5hn, mis on inspireeritud Itaalia romantiliseima linna Verona v\u00e4liturgudelt.  V\u00e4rske granaat\u00f5un ja eksootiline roosinupp paljastavad liilia ja gardeenia s\u00fcdame. S\u00fcdamenootide hulka kuuluvad must s\u00f5star ja vanill.  Need kaunid v\u00e4ikesed kaardid pakuvad v\u00f5imsat l\u00f5hnaelamust. Need sobivad ideaalselt v\u00e4ikestesse ruumidesse nagu riidekapid, sahtlid, k\u00e4ekotid v\u00f5i isegi kohvrisse, et saaksite oma lemmikl\u00f5hna endaga kaasa v\u00f5tta.","og_url":"https:\/\/www.sleepcity.ee\/toode\/max-benjamin-lohnakaart-white-pomegranate\/","og_site_name":"SleepCity - Hea Une Valem","article_publisher":"http:\/\/www.fb.com\/TempurEstonia","article_modified_time":"2025-12-15T10:03:13+00:00","og_image":[{"width":1200,"height":1200,"url":"https:\/\/www.sleepcity.ee\/wp-content\/uploads\/2025\/12\/ScentedCard_WhitePomegranate.png","type":"image\/png"}],"twitter_card":"summary_large_image","schema":{"@context":"https:\/\/schema.org","@graph":[{"@type":"WebPage","@id":"https:\/\/www.sleepcity.ee\/toode\/max-benjamin-lohnakaart-white-pomegranate\/","url":"https:\/\/www.sleepcity.ee\/toode\/max-benjamin-lohnakaart-white-pomegranate\/","name":"Max Benjamin l\u00f5hnakaart White Pomegranate - SleepCity - Hea Une Valem","isPartOf":{"@id":"https:\/\/sleepcity.ee\/#website"},"primaryImageOfPage":{"@id":"https:\/\/www.sleepcity.ee\/toode\/max-benjamin-lohnakaart-white-pomegranate\/#primaryimage"},"image":{"@id":"https:\/\/www.sleepcity.ee\/toode\/max-benjamin-lohnakaart-white-pomegranate\/#primaryimage"},"thumbnailUrl":"https:\/\/www.sleepcity.ee\/wp-content\/uploads\/2025\/12\/ScentedCard_WhitePomegranate.png","datePublished":"2025-12-15T10:01:47+00:00","dateModified":"2025-12-15T10:03:13+00:00","description":"V\u00f5rgutav ja eksootiline l\u00f5hn, mis on inspireeritud Itaalia romantiliseima linna Verona v\u00e4liturgudelt. V\u00e4rske granaat\u00f5un ja eksootiline roosinupp paljastavad liilia ja gardeenia s\u00fcdame. S\u00fcdamenootide hulka kuuluvad must s\u00f5star ja vanill. Need kaunid v\u00e4ikesed kaardid pakuvad v\u00f5imsat l\u00f5hnaelamust. Need sobivad ideaalselt v\u00e4ikestesse ruumidesse nagu riidekapid, sahtlid, k\u00e4ekotid v\u00f5i isegi kohvrisse, et saaksite oma lemmikl\u00f5hna endaga kaasa v\u00f5tta.","breadcrumb":{"@id":"https:\/\/www.sleepcity.ee\/toode\/max-benjamin-lohnakaart-white-pomegranate\/#breadcrumb"},"inLanguage":"et","potentialAction":[{"@type":"ReadAction","target":["https:\/\/www.sleepcity.ee\/toode\/max-benjamin-lohnakaart-white-pomegranate\/"]}]},{"@type":"ImageObject","inLanguage":"et","@id":"https:\/\/www.sleepcity.ee\/toode\/max-benjamin-lohnakaart-white-pomegranate\/#primaryimage","url":"https:\/\/www.sleepcity.ee\/wp-content\/uploads\/2025\/12\/ScentedCard_WhitePomegranate.png","contentUrl":"https:\/\/www.sleepcity.ee\/wp-content\/uploads\/2025\/12\/ScentedCard_WhitePomegranate.png","width":1200,"height":1200},{"@type":"BreadcrumbList","@id":"https:\/\/www.sleepcity.ee\/toode\/max-benjamin-lohnakaart-white-pomegranate\/#breadcrumb","itemListElement":[{"@type":"ListItem","position":1,"name":"Home","item":"https:\/\/www.sleepcity.ee\/"},{"@type":"ListItem","position":2,"name":"Pood","item":"https:\/\/sleepcity.ee\/pood\/"},{"@type":"ListItem","position":3,"name":"Max Benjamin l\u00f5hnakaart White Pomegranate"}]},{"@type":"WebSite","@id":"https:\/\/sleepcity.ee\/#website","url":"https:\/\/sleepcity.ee\/","name":"Tempur Shop","description":"TEMPUR madratsid, voodid, padjad ja muud unetooted.","publisher":{"@id":"https:\/\/sleepcity.ee\/#organization"},"potentialAction":[{"@type":"SearchAction","target":{"@type":"EntryPoint","urlTemplate":"https:\/\/sleepcity.ee\/?s={search_term_string}"},"query-input":{"@type":"PropertyValueSpecification","valueRequired":true,"valueName":"search_term_string"}}],"inLanguage":"et"},{"@type":"Organization","@id":"https:\/\/sleepcity.ee\/#organization","name":"VG Design O\u00dc","url":"https:\/\/sleepcity.ee\/","logo":{"@type":"ImageObject","inLanguage":"et","@id":"https:\/\/sleepcity.ee\/#\/schema\/logo\/image\/","url":"https:\/\/www.sleepcity.ee\/wp-content\/uploads\/2023\/09\/sleepcity_logo.png","contentUrl":"https:\/\/www.sleepcity.ee\/wp-content\/uploads\/2023\/09\/sleepcity_logo.png","width":1034,"height":318,"caption":"VG Design O\u00dc"},"image":{"@id":"https:\/\/sleepcity.ee\/#\/schema\/logo\/image\/"},"sameAs":["http:\/\/www.fb.com\/TempurEstonia","http:\/\/www.instagram.com\/tempurestonia"]}]}},"_links":{"self":[{"href":"https:\/\/www.sleepcity.ee\/wp-json\/wp\/v2\/product\/9813","targetHints":{"allow":["GET"]}}],"collection":[{"href":"https:\/\/www.sleepcity.ee\/wp-json\/wp\/v2\/product"}],"about":[{"href":"https:\/\/www.sleepcity.ee\/wp-json\/wp\/v2\/types\/product"}],"replies":[{"embeddable":true,"href":"https:\/\/www.sleepcity.ee\/wp-json\/wp\/v2\/comments?post=9813"}],"wp:featuredmedia":[{"embeddable":true,"href":"https:\/\/www.sleepcity.ee\/wp-json\/wp\/v2\/media\/9814"}],"wp:attachment":[{"href":"https:\/\/www.sleepcity.ee\/wp-json\/wp\/v2\/media?parent=9813"}],"wp:term":[{"taxonomy":"product_brand","embeddable":true,"href":"https:\/\/www.sleepcity.ee\/wp-json\/wp\/v2\/product_brand?post=9813"},{"taxonomy":"product_cat","embeddable":true,"href":"https:\/\/www.sleepcity.ee\/wp-json\/wp\/v2\/product_cat?post=9813"},{"taxonomy":"product_tag","embeddable":true,"href":"https:\/\/www.sleepcity.ee\/wp-json\/wp\/v2\/product_tag?post=9813"}],"curies":[{"name":"wp","href":"https:\/\/api.w.org\/{rel}","templated":true}]}}