{"id":9811,"date":"2025-12-15T09:57:55","date_gmt":"2025-12-15T09:57:55","guid":{"rendered":"https:\/\/sleepcity.ee\/?post_type=product&#038;p=9811"},"modified":"2025-12-15T09:57:55","modified_gmt":"2025-12-15T09:57:55","slug":"max-benjamn-lohnakaart-dodici","status":"publish","type":"product","link":"https:\/\/www.sleepcity.ee\/toode\/max-benjamn-lohnakaart-dodici\/","title":{"rendered":"Max Benjamn l\u00f5hnakaart Dodici"},"content":{"rendered":"<h4><span dir=\"auto\">Koostis:<\/span><\/h4>\n<p><span dir=\"auto\">Dodici l\u00f5hnav kaart sisaldab: heks\u00fc\u00fcltsinnamaali (CAS nr: 101-86-0) | 4-tert-but\u00fc\u00fclts\u00fckloheks\u00fc\u00fclatsetaati (CAS nr: 32210-23-4) | linalooli (CAS nr: 78-70-6) | eukal\u00fcptooli (CAS nr: 470-82-6) | kumariini (CAS nr: 91-64-5)<\/span><\/p>\n","protected":false},"excerpt":{"rendered":"<p>Taasloob t\u00e4histaevas veedetud \u00f6id munakivit\u00e4navatel Sitsiilia t\u00e4navatel, kus soe tuuleke h\u00f5ljub joovastavas tsitruseliste ja l\u00f5hnavate \u00fcrtide aroomis.<\/p>\n<p>Sidruni ja majoraani tipunootide, millele on lisatud Toscana lavendli ja rosmariini\u00f5li noote.<\/p>\n<p>Need kaunid v\u00e4ikesed kaardid pakuvad v\u00f5imsat l\u00f5hnaelamust.<\/p>\n<p>Need sobivad ideaalselt v\u00e4ikestesse ruumidesse nagu riidekapid, sahtlid, k\u00e4ekotid v\u00f5i isegi kohvrisse, et saaksite oma lemmikl\u00f5hna endaga kaasa v\u00f5tta.<\/p>\n","protected":false},"featured_media":9661,"comment_status":"open","ping_status":"closed","template":"","meta":{"_monsterinsights_skip_tracking":false,"_monsterinsights_sitenote_active":false,"_monsterinsights_sitenote_note":"","_monsterinsights_sitenote_category":0},"product_brand":[],"product_cat":[687,421,272,15,274],"product_tag":[],"class_list":{"0":"post-9811","1":"product","2":"type-product","3":"status-publish","4":"has-post-thumbnail","6":"product_cat-kingitused","7":"product_cat-kodus","8":"product_cat-meeleolu","9":"product_cat-muu","10":"product_cat-ruumi-lohnastajad","12":"first","13":"instock","14":"taxable","15":"shipping-taxable","16":"purchasable","17":"product-type-simple"},"yoast_head":"<!-- This site is optimized with the Yoast SEO plugin v27.4 - https:\/\/yoast.com\/product\/yoast-seo-wordpress\/ -->\n<title>Max Benjamn l\u00f5hnakaart Dodici - SleepCity - Hea Une Valem<\/title>\n<meta name=\"description\" content=\"Taasloob t\u00e4histaevas veedetud \u00f6id munakivit\u00e4navatel Sitsiilia t\u00e4navatel, kus soe tuuleke h\u00f5ljub joovastavas tsitruseliste ja l\u00f5hnavate \u00fcrtide aroomis.  Sidruni ja majoraani tipunootide, millele on lisatud Toscana lavendli ja rosmariini\u00f5li noote.  Need kaunid v\u00e4ikesed kaardid pakuvad v\u00f5imsat l\u00f5hnaelamust.  Need sobivad ideaalselt v\u00e4ikestesse ruumidesse nagu riidekapid, sahtlid, k\u00e4ekotid v\u00f5i isegi kohvrisse, et saaksite oma lemmikl\u00f5hna endaga kaasa v\u00f5tta.\" \/>\n<meta name=\"robots\" content=\"index, follow, max-snippet:-1, max-image-preview:large, max-video-preview:-1\" \/>\n<link rel=\"canonical\" href=\"https:\/\/sleepcity.ee\/toode\/max-benjamn-lohnakaart-dodici\/\" \/>\n<meta property=\"og:locale\" content=\"et_EE\" \/>\n<meta property=\"og:type\" content=\"article\" \/>\n<meta property=\"og:title\" content=\"Max Benjamn l\u00f5hnakaart Dodici - SleepCity - Hea Une Valem\" \/>\n<meta property=\"og:description\" content=\"Taasloob t\u00e4histaevas veedetud \u00f6id munakivit\u00e4navatel Sitsiilia t\u00e4navatel, kus soe tuuleke h\u00f5ljub joovastavas tsitruseliste ja l\u00f5hnavate \u00fcrtide aroomis.  Sidruni ja majoraani tipunootide, millele on lisatud Toscana lavendli ja rosmariini\u00f5li noote.  Need kaunid v\u00e4ikesed kaardid pakuvad v\u00f5imsat l\u00f5hnaelamust.  Need sobivad ideaalselt v\u00e4ikestesse ruumidesse nagu riidekapid, sahtlid, k\u00e4ekotid v\u00f5i isegi kohvrisse, et saaksite oma lemmikl\u00f5hna endaga kaasa v\u00f5tta.\" \/>\n<meta property=\"og:url\" content=\"https:\/\/sleepcity.ee\/toode\/max-benjamn-lohnakaart-dodici\/\" \/>\n<meta property=\"og:site_name\" content=\"SleepCity - Hea Une Valem\" \/>\n<meta property=\"article:publisher\" content=\"http:\/\/www.fb.com\/TempurEstonia\" \/>\n<meta property=\"og:image\" content=\"https:\/\/sleepcity.ee\/wp-content\/uploads\/2025\/11\/ScentedCard_Dodici.png\" \/>\n\t<meta property=\"og:image:width\" content=\"1200\" \/>\n\t<meta property=\"og:image:height\" content=\"1200\" \/>\n\t<meta property=\"og:image:type\" content=\"image\/png\" \/>\n<meta name=\"twitter:card\" content=\"summary_large_image\" \/>\n<script type=\"application\/ld+json\" class=\"yoast-schema-graph\">{\"@context\":\"https:\\\/\\\/schema.org\",\"@graph\":[{\"@type\":\"WebPage\",\"@id\":\"https:\\\/\\\/sleepcity.ee\\\/toode\\\/max-benjamn-lohnakaart-dodici\\\/\",\"url\":\"https:\\\/\\\/sleepcity.ee\\\/toode\\\/max-benjamn-lohnakaart-dodici\\\/\",\"name\":\"Max Benjamn l\u00f5hnakaart Dodici - SleepCity - Hea Une Valem\",\"isPartOf\":{\"@id\":\"https:\\\/\\\/sleepcity.ee\\\/#website\"},\"primaryImageOfPage\":{\"@id\":\"https:\\\/\\\/sleepcity.ee\\\/toode\\\/max-benjamn-lohnakaart-dodici\\\/#primaryimage\"},\"image\":{\"@id\":\"https:\\\/\\\/sleepcity.ee\\\/toode\\\/max-benjamn-lohnakaart-dodici\\\/#primaryimage\"},\"thumbnailUrl\":\"https:\\\/\\\/sleepcity.ee\\\/wp-content\\\/uploads\\\/2025\\\/11\\\/ScentedCard_Dodici.png\",\"datePublished\":\"2025-12-15T09:57:55+00:00\",\"description\":\"Taasloob t\u00e4histaevas veedetud \u00f6id munakivit\u00e4navatel Sitsiilia t\u00e4navatel, kus soe tuuleke h\u00f5ljub joovastavas tsitruseliste ja l\u00f5hnavate \u00fcrtide aroomis. Sidruni ja majoraani tipunootide, millele on lisatud Toscana lavendli ja rosmariini\u00f5li noote. Need kaunid v\u00e4ikesed kaardid pakuvad v\u00f5imsat l\u00f5hnaelamust. Need sobivad ideaalselt v\u00e4ikestesse ruumidesse nagu riidekapid, sahtlid, k\u00e4ekotid v\u00f5i isegi kohvrisse, et saaksite oma lemmikl\u00f5hna endaga kaasa v\u00f5tta.\",\"breadcrumb\":{\"@id\":\"https:\\\/\\\/sleepcity.ee\\\/toode\\\/max-benjamn-lohnakaart-dodici\\\/#breadcrumb\"},\"inLanguage\":\"et\",\"potentialAction\":[{\"@type\":\"ReadAction\",\"target\":[\"https:\\\/\\\/sleepcity.ee\\\/toode\\\/max-benjamn-lohnakaart-dodici\\\/\"]}]},{\"@type\":\"ImageObject\",\"inLanguage\":\"et\",\"@id\":\"https:\\\/\\\/sleepcity.ee\\\/toode\\\/max-benjamn-lohnakaart-dodici\\\/#primaryimage\",\"url\":\"https:\\\/\\\/sleepcity.ee\\\/wp-content\\\/uploads\\\/2025\\\/11\\\/ScentedCard_Dodici.png\",\"contentUrl\":\"https:\\\/\\\/sleepcity.ee\\\/wp-content\\\/uploads\\\/2025\\\/11\\\/ScentedCard_Dodici.png\",\"width\":1200,\"height\":1200},{\"@type\":\"BreadcrumbList\",\"@id\":\"https:\\\/\\\/sleepcity.ee\\\/toode\\\/max-benjamn-lohnakaart-dodici\\\/#breadcrumb\",\"itemListElement\":[{\"@type\":\"ListItem\",\"position\":1,\"name\":\"Home\",\"item\":\"https:\\\/\\\/sleepcity.ee\\\/\"},{\"@type\":\"ListItem\",\"position\":2,\"name\":\"Pood\",\"item\":\"https:\\\/\\\/sleepcity.ee\\\/pood\\\/\"},{\"@type\":\"ListItem\",\"position\":3,\"name\":\"Max Benjamn l\u00f5hnakaart Dodici\"}]},{\"@type\":\"WebSite\",\"@id\":\"https:\\\/\\\/sleepcity.ee\\\/#website\",\"url\":\"https:\\\/\\\/sleepcity.ee\\\/\",\"name\":\"Tempur Shop\",\"description\":\"TEMPUR madratsid, voodid, padjad ja muud unetooted.\",\"publisher\":{\"@id\":\"https:\\\/\\\/sleepcity.ee\\\/#organization\"},\"potentialAction\":[{\"@type\":\"SearchAction\",\"target\":{\"@type\":\"EntryPoint\",\"urlTemplate\":\"https:\\\/\\\/sleepcity.ee\\\/?s={search_term_string}\"},\"query-input\":{\"@type\":\"PropertyValueSpecification\",\"valueRequired\":true,\"valueName\":\"search_term_string\"}}],\"inLanguage\":\"et\"},{\"@type\":\"Organization\",\"@id\":\"https:\\\/\\\/sleepcity.ee\\\/#organization\",\"name\":\"VG Design O\u00dc\",\"url\":\"https:\\\/\\\/sleepcity.ee\\\/\",\"logo\":{\"@type\":\"ImageObject\",\"inLanguage\":\"et\",\"@id\":\"https:\\\/\\\/sleepcity.ee\\\/#\\\/schema\\\/logo\\\/image\\\/\",\"url\":\"https:\\\/\\\/sleepcity.ee\\\/wp-content\\\/uploads\\\/2023\\\/09\\\/sleepcity_logo.png\",\"contentUrl\":\"https:\\\/\\\/sleepcity.ee\\\/wp-content\\\/uploads\\\/2023\\\/09\\\/sleepcity_logo.png\",\"width\":1034,\"height\":318,\"caption\":\"VG Design O\u00dc\"},\"image\":{\"@id\":\"https:\\\/\\\/sleepcity.ee\\\/#\\\/schema\\\/logo\\\/image\\\/\"},\"sameAs\":[\"http:\\\/\\\/www.fb.com\\\/TempurEstonia\",\"http:\\\/\\\/www.instagram.com\\\/tempurestonia\"]}]}<\/script>\n<!-- \/ Yoast SEO plugin. -->","yoast_head_json":{"title":"Max Benjamn l\u00f5hnakaart Dodici - SleepCity - Hea Une Valem","description":"Taasloob t\u00e4histaevas veedetud \u00f6id munakivit\u00e4navatel Sitsiilia t\u00e4navatel, kus soe tuuleke h\u00f5ljub joovastavas tsitruseliste ja l\u00f5hnavate \u00fcrtide aroomis.  Sidruni ja majoraani tipunootide, millele on lisatud Toscana lavendli ja rosmariini\u00f5li noote.  Need kaunid v\u00e4ikesed kaardid pakuvad v\u00f5imsat l\u00f5hnaelamust.  Need sobivad ideaalselt v\u00e4ikestesse ruumidesse nagu riidekapid, sahtlid, k\u00e4ekotid v\u00f5i isegi kohvrisse, et saaksite oma lemmikl\u00f5hna endaga kaasa v\u00f5tta.","robots":{"index":"index","follow":"follow","max-snippet":"max-snippet:-1","max-image-preview":"max-image-preview:large","max-video-preview":"max-video-preview:-1"},"canonical":"https:\/\/sleepcity.ee\/toode\/max-benjamn-lohnakaart-dodici\/","og_locale":"et_EE","og_type":"article","og_title":"Max Benjamn l\u00f5hnakaart Dodici - SleepCity - Hea Une Valem","og_description":"Taasloob t\u00e4histaevas veedetud \u00f6id munakivit\u00e4navatel Sitsiilia t\u00e4navatel, kus soe tuuleke h\u00f5ljub joovastavas tsitruseliste ja l\u00f5hnavate \u00fcrtide aroomis.  Sidruni ja majoraani tipunootide, millele on lisatud Toscana lavendli ja rosmariini\u00f5li noote.  Need kaunid v\u00e4ikesed kaardid pakuvad v\u00f5imsat l\u00f5hnaelamust.  Need sobivad ideaalselt v\u00e4ikestesse ruumidesse nagu riidekapid, sahtlid, k\u00e4ekotid v\u00f5i isegi kohvrisse, et saaksite oma lemmikl\u00f5hna endaga kaasa v\u00f5tta.","og_url":"https:\/\/sleepcity.ee\/toode\/max-benjamn-lohnakaart-dodici\/","og_site_name":"SleepCity - Hea Une Valem","article_publisher":"http:\/\/www.fb.com\/TempurEstonia","og_image":[{"width":1200,"height":1200,"url":"https:\/\/sleepcity.ee\/wp-content\/uploads\/2025\/11\/ScentedCard_Dodici.png","type":"image\/png"}],"twitter_card":"summary_large_image","schema":{"@context":"https:\/\/schema.org","@graph":[{"@type":"WebPage","@id":"https:\/\/sleepcity.ee\/toode\/max-benjamn-lohnakaart-dodici\/","url":"https:\/\/sleepcity.ee\/toode\/max-benjamn-lohnakaart-dodici\/","name":"Max Benjamn l\u00f5hnakaart Dodici - SleepCity - Hea Une Valem","isPartOf":{"@id":"https:\/\/sleepcity.ee\/#website"},"primaryImageOfPage":{"@id":"https:\/\/sleepcity.ee\/toode\/max-benjamn-lohnakaart-dodici\/#primaryimage"},"image":{"@id":"https:\/\/sleepcity.ee\/toode\/max-benjamn-lohnakaart-dodici\/#primaryimage"},"thumbnailUrl":"https:\/\/sleepcity.ee\/wp-content\/uploads\/2025\/11\/ScentedCard_Dodici.png","datePublished":"2025-12-15T09:57:55+00:00","description":"Taasloob t\u00e4histaevas veedetud \u00f6id munakivit\u00e4navatel Sitsiilia t\u00e4navatel, kus soe tuuleke h\u00f5ljub joovastavas tsitruseliste ja l\u00f5hnavate \u00fcrtide aroomis. Sidruni ja majoraani tipunootide, millele on lisatud Toscana lavendli ja rosmariini\u00f5li noote. Need kaunid v\u00e4ikesed kaardid pakuvad v\u00f5imsat l\u00f5hnaelamust. Need sobivad ideaalselt v\u00e4ikestesse ruumidesse nagu riidekapid, sahtlid, k\u00e4ekotid v\u00f5i isegi kohvrisse, et saaksite oma lemmikl\u00f5hna endaga kaasa v\u00f5tta.","breadcrumb":{"@id":"https:\/\/sleepcity.ee\/toode\/max-benjamn-lohnakaart-dodici\/#breadcrumb"},"inLanguage":"et","potentialAction":[{"@type":"ReadAction","target":["https:\/\/sleepcity.ee\/toode\/max-benjamn-lohnakaart-dodici\/"]}]},{"@type":"ImageObject","inLanguage":"et","@id":"https:\/\/sleepcity.ee\/toode\/max-benjamn-lohnakaart-dodici\/#primaryimage","url":"https:\/\/sleepcity.ee\/wp-content\/uploads\/2025\/11\/ScentedCard_Dodici.png","contentUrl":"https:\/\/sleepcity.ee\/wp-content\/uploads\/2025\/11\/ScentedCard_Dodici.png","width":1200,"height":1200},{"@type":"BreadcrumbList","@id":"https:\/\/sleepcity.ee\/toode\/max-benjamn-lohnakaart-dodici\/#breadcrumb","itemListElement":[{"@type":"ListItem","position":1,"name":"Home","item":"https:\/\/sleepcity.ee\/"},{"@type":"ListItem","position":2,"name":"Pood","item":"https:\/\/sleepcity.ee\/pood\/"},{"@type":"ListItem","position":3,"name":"Max Benjamn l\u00f5hnakaart Dodici"}]},{"@type":"WebSite","@id":"https:\/\/sleepcity.ee\/#website","url":"https:\/\/sleepcity.ee\/","name":"Tempur Shop","description":"TEMPUR madratsid, voodid, padjad ja muud unetooted.","publisher":{"@id":"https:\/\/sleepcity.ee\/#organization"},"potentialAction":[{"@type":"SearchAction","target":{"@type":"EntryPoint","urlTemplate":"https:\/\/sleepcity.ee\/?s={search_term_string}"},"query-input":{"@type":"PropertyValueSpecification","valueRequired":true,"valueName":"search_term_string"}}],"inLanguage":"et"},{"@type":"Organization","@id":"https:\/\/sleepcity.ee\/#organization","name":"VG Design O\u00dc","url":"https:\/\/sleepcity.ee\/","logo":{"@type":"ImageObject","inLanguage":"et","@id":"https:\/\/sleepcity.ee\/#\/schema\/logo\/image\/","url":"https:\/\/sleepcity.ee\/wp-content\/uploads\/2023\/09\/sleepcity_logo.png","contentUrl":"https:\/\/sleepcity.ee\/wp-content\/uploads\/2023\/09\/sleepcity_logo.png","width":1034,"height":318,"caption":"VG Design O\u00dc"},"image":{"@id":"https:\/\/sleepcity.ee\/#\/schema\/logo\/image\/"},"sameAs":["http:\/\/www.fb.com\/TempurEstonia","http:\/\/www.instagram.com\/tempurestonia"]}]}},"_links":{"self":[{"href":"https:\/\/www.sleepcity.ee\/wp-json\/wp\/v2\/product\/9811","targetHints":{"allow":["GET"]}}],"collection":[{"href":"https:\/\/www.sleepcity.ee\/wp-json\/wp\/v2\/product"}],"about":[{"href":"https:\/\/www.sleepcity.ee\/wp-json\/wp\/v2\/types\/product"}],"replies":[{"embeddable":true,"href":"https:\/\/www.sleepcity.ee\/wp-json\/wp\/v2\/comments?post=9811"}],"wp:featuredmedia":[{"embeddable":true,"href":"https:\/\/www.sleepcity.ee\/wp-json\/wp\/v2\/media\/9661"}],"wp:attachment":[{"href":"https:\/\/www.sleepcity.ee\/wp-json\/wp\/v2\/media?parent=9811"}],"wp:term":[{"taxonomy":"product_brand","embeddable":true,"href":"https:\/\/www.sleepcity.ee\/wp-json\/wp\/v2\/product_brand?post=9811"},{"taxonomy":"product_cat","embeddable":true,"href":"https:\/\/www.sleepcity.ee\/wp-json\/wp\/v2\/product_cat?post=9811"},{"taxonomy":"product_tag","embeddable":true,"href":"https:\/\/www.sleepcity.ee\/wp-json\/wp\/v2\/product_tag?post=9811"}],"curies":[{"name":"wp","href":"https:\/\/api.w.org\/{rel}","templated":true}]}}