{"id":9793,"date":"2025-12-15T09:28:46","date_gmt":"2025-12-15T09:28:46","guid":{"rendered":"https:\/\/sleepcity.ee\/?post_type=product&#038;p=9793"},"modified":"2025-12-15T09:30:05","modified_gmt":"2025-12-15T09:30:05","slug":"max-benjamin-katekreemide-kinkekomplekt","status":"publish","type":"product","link":"https:\/\/www.sleepcity.ee\/toode\/max-benjamin-katekreemide-kinkekomplekt\/","title":{"rendered":"Max Benjamin  k\u00e4tekreemide kinkekomplekt"},"content":{"rendered":"<p><strong>Koostis:<\/strong><\/p>\n<ul>\n<li>sisaldab minimaalselt 93% looduslikku p\u00e4ritolu koostisosi<\/li>\n<\/ul>\n<p><strong>Kasutamine:<\/strong><br \/>\nKandke kreemi vastavalt vajadusele k\u00e4tele ja masseerige kuni kreemi imendumiseni.<\/p>\n","protected":false},"excerpt":{"rendered":"<p>Eriliseks puhuks on vaja erilisi kingitusi, s\u00f5ltumata sellest, kas soovite teha nendega r\u00f5\u00f5mu iseendale v\u00f5i oma l\u00e4hedasele. Kinkekomplekt MAX Benjamin Natural Hand Cream Gift Set sisaldab hoolikalt v\u00e4lja valitud ja armastusega kokku pandud l\u00f5hnade ja kosmeetikatoodete kombinatsiooni, mis toob kindlasti teile v\u00f5i teie l\u00e4hedasele naeratuse n\u00e4ole, s\u00f5ltumata sellest, kas asuda neid uurima kohe k\u00f5iki korraga v\u00f5i avada hoopis j\u00e4rk-j\u00e4rgult kuu jooksul.<\/p>\n<p><strong>Komplekti kuuluvad:<\/strong><\/p>\n<ul>\n<li>Acqua Viva K\u00e4tekreem 75 ml<\/li>\n<li>Dodici K\u00e4tekreem 75 ml<\/li>\n<li>True Lavender K\u00e4tekreem 75 ml<\/li>\n<\/ul>\n<p><strong>Omadused:<\/strong><\/p>\n<ul>\n<li>niisutab ja toidab nahka<\/li>\n<li>muudab naha pehmeks ja siidiseks<\/li>\n<li>kaitseb v\u00e4liskeskkonna kahjulike m\u00f5jude eest<\/li>\n<li>imendub kiiresti<\/li>\n<\/ul>\n","protected":false},"featured_media":9794,"comment_status":"open","ping_status":"closed","template":"","meta":{"_monsterinsights_skip_tracking":false,"_monsterinsights_sitenote_active":false,"_monsterinsights_sitenote_note":"","_monsterinsights_sitenote_category":0},"product_brand":[],"product_cat":[273,688,687,272,15],"product_tag":[],"class_list":{"0":"post-9793","1":"product","2":"type-product","3":"status-publish","4":"has-post-thumbnail","6":"product_cat-iseendale","7":"product_cat-kehale","8":"product_cat-kingitused","9":"product_cat-meeleolu","10":"product_cat-muu","12":"first","13":"instock","14":"taxable","15":"shipping-taxable","16":"purchasable","17":"product-type-simple"},"yoast_head":"<!-- This site is optimized with the Yoast SEO plugin v27.3 - https:\/\/yoast.com\/product\/yoast-seo-wordpress\/ -->\n<title>Max Benjamin k\u00e4tekreemide kinkekomplekt - SleepCity - Hea Une Valem<\/title>\n<meta name=\"description\" content=\"Eriliseks puhuks on vaja erilisi kingitusi, s\u00f5ltumata sellest, kas soovite teha nendega r\u00f5\u00f5mu iseendale v\u00f5i oma l\u00e4hedasele. Kinkekomplekt MAX Benjamin Natural Hand Cream Gift Set sisaldab hoolikalt v\u00e4lja valitud ja armastusega kokku pandud l\u00f5hnade ja kosmeetikatoodete kombinatsiooni, mis toob kindlasti teile v\u00f5i teie l\u00e4hedasele naeratuse n\u00e4ole, s\u00f5ltumata sellest, kas asuda neid uurima kohe k\u00f5iki korraga v\u00f5i avada hoopis j\u00e4rk-j\u00e4rgult kuu jooksul.  Komplekti kuuluvad:   Acqua Viva K\u00e4tekreem 75 ml  Dodici K\u00e4tekreem 75 ml  True Lavender K\u00e4tekreem 75 ml  Omadused:   niisutab ja toidab nahka  muudab naha pehmeks ja siidiseks  kaitseb v\u00e4liskeskkonna kahjulike m\u00f5jude eest  imendub kiiresti\" \/>\n<meta name=\"robots\" content=\"index, follow, max-snippet:-1, max-image-preview:large, max-video-preview:-1\" \/>\n<link rel=\"canonical\" href=\"https:\/\/sleepcity.ee\/toode\/max-benjamin-katekreemide-kinkekomplekt\/\" \/>\n<meta property=\"og:locale\" content=\"et_EE\" \/>\n<meta property=\"og:type\" content=\"article\" \/>\n<meta property=\"og:title\" content=\"Max Benjamin k\u00e4tekreemide kinkekomplekt - SleepCity - Hea Une Valem\" \/>\n<meta property=\"og:description\" content=\"Eriliseks puhuks on vaja erilisi kingitusi, s\u00f5ltumata sellest, kas soovite teha nendega r\u00f5\u00f5mu iseendale v\u00f5i oma l\u00e4hedasele. Kinkekomplekt MAX Benjamin Natural Hand Cream Gift Set sisaldab hoolikalt v\u00e4lja valitud ja armastusega kokku pandud l\u00f5hnade ja kosmeetikatoodete kombinatsiooni, mis toob kindlasti teile v\u00f5i teie l\u00e4hedasele naeratuse n\u00e4ole, s\u00f5ltumata sellest, kas asuda neid uurima kohe k\u00f5iki korraga v\u00f5i avada hoopis j\u00e4rk-j\u00e4rgult kuu jooksul.  Komplekti kuuluvad:   Acqua Viva K\u00e4tekreem 75 ml  Dodici K\u00e4tekreem 75 ml  True Lavender K\u00e4tekreem 75 ml  Omadused:   niisutab ja toidab nahka  muudab naha pehmeks ja siidiseks  kaitseb v\u00e4liskeskkonna kahjulike m\u00f5jude eest  imendub kiiresti\" \/>\n<meta property=\"og:url\" content=\"https:\/\/sleepcity.ee\/toode\/max-benjamin-katekreemide-kinkekomplekt\/\" \/>\n<meta property=\"og:site_name\" content=\"SleepCity - Hea Une Valem\" \/>\n<meta property=\"article:publisher\" content=\"http:\/\/www.fb.com\/TempurEstonia\" \/>\n<meta property=\"article:modified_time\" content=\"2025-12-15T09:30:05+00:00\" \/>\n<meta property=\"og:image\" content=\"https:\/\/sleepcity.ee\/wp-content\/uploads\/2025\/12\/natural-hand-cream-gift-set___241128.webp\" \/>\n\t<meta property=\"og:image:width\" content=\"800\" \/>\n\t<meta property=\"og:image:height\" content=\"408\" \/>\n\t<meta property=\"og:image:type\" content=\"image\/webp\" \/>\n<meta name=\"twitter:card\" content=\"summary_large_image\" \/>\n<script type=\"application\/ld+json\" class=\"yoast-schema-graph\">{\"@context\":\"https:\\\/\\\/schema.org\",\"@graph\":[{\"@type\":\"WebPage\",\"@id\":\"https:\\\/\\\/sleepcity.ee\\\/toode\\\/max-benjamin-katekreemide-kinkekomplekt\\\/\",\"url\":\"https:\\\/\\\/sleepcity.ee\\\/toode\\\/max-benjamin-katekreemide-kinkekomplekt\\\/\",\"name\":\"Max Benjamin k\u00e4tekreemide kinkekomplekt - SleepCity - Hea Une Valem\",\"isPartOf\":{\"@id\":\"https:\\\/\\\/sleepcity.ee\\\/#website\"},\"primaryImageOfPage\":{\"@id\":\"https:\\\/\\\/sleepcity.ee\\\/toode\\\/max-benjamin-katekreemide-kinkekomplekt\\\/#primaryimage\"},\"image\":{\"@id\":\"https:\\\/\\\/sleepcity.ee\\\/toode\\\/max-benjamin-katekreemide-kinkekomplekt\\\/#primaryimage\"},\"thumbnailUrl\":\"https:\\\/\\\/sleepcity.ee\\\/wp-content\\\/uploads\\\/2025\\\/12\\\/natural-hand-cream-gift-set___241128.webp\",\"datePublished\":\"2025-12-15T09:28:46+00:00\",\"dateModified\":\"2025-12-15T09:30:05+00:00\",\"description\":\"Eriliseks puhuks on vaja erilisi kingitusi, s\u00f5ltumata sellest, kas soovite teha nendega r\u00f5\u00f5mu iseendale v\u00f5i oma l\u00e4hedasele. Kinkekomplekt MAX Benjamin Natural Hand Cream Gift Set sisaldab hoolikalt v\u00e4lja valitud ja armastusega kokku pandud l\u00f5hnade ja kosmeetikatoodete kombinatsiooni, mis toob kindlasti teile v\u00f5i teie l\u00e4hedasele naeratuse n\u00e4ole, s\u00f5ltumata sellest, kas asuda neid uurima kohe k\u00f5iki korraga v\u00f5i avada hoopis j\u00e4rk-j\u00e4rgult kuu jooksul. Komplekti kuuluvad: Acqua Viva K\u00e4tekreem 75 ml Dodici K\u00e4tekreem 75 ml True Lavender K\u00e4tekreem 75 ml Omadused: niisutab ja toidab nahka muudab naha pehmeks ja siidiseks kaitseb v\u00e4liskeskkonna kahjulike m\u00f5jude eest imendub kiiresti\",\"breadcrumb\":{\"@id\":\"https:\\\/\\\/sleepcity.ee\\\/toode\\\/max-benjamin-katekreemide-kinkekomplekt\\\/#breadcrumb\"},\"inLanguage\":\"et\",\"potentialAction\":[{\"@type\":\"ReadAction\",\"target\":[\"https:\\\/\\\/sleepcity.ee\\\/toode\\\/max-benjamin-katekreemide-kinkekomplekt\\\/\"]}]},{\"@type\":\"ImageObject\",\"inLanguage\":\"et\",\"@id\":\"https:\\\/\\\/sleepcity.ee\\\/toode\\\/max-benjamin-katekreemide-kinkekomplekt\\\/#primaryimage\",\"url\":\"https:\\\/\\\/sleepcity.ee\\\/wp-content\\\/uploads\\\/2025\\\/12\\\/natural-hand-cream-gift-set___241128.webp\",\"contentUrl\":\"https:\\\/\\\/sleepcity.ee\\\/wp-content\\\/uploads\\\/2025\\\/12\\\/natural-hand-cream-gift-set___241128.webp\",\"width\":800,\"height\":408},{\"@type\":\"BreadcrumbList\",\"@id\":\"https:\\\/\\\/sleepcity.ee\\\/toode\\\/max-benjamin-katekreemide-kinkekomplekt\\\/#breadcrumb\",\"itemListElement\":[{\"@type\":\"ListItem\",\"position\":1,\"name\":\"Home\",\"item\":\"https:\\\/\\\/www.sleepcity.ee\\\/\"},{\"@type\":\"ListItem\",\"position\":2,\"name\":\"Pood\",\"item\":\"https:\\\/\\\/sleepcity.ee\\\/pood\\\/\"},{\"@type\":\"ListItem\",\"position\":3,\"name\":\"Max Benjamin k\u00e4tekreemide kinkekomplekt\"}]},{\"@type\":\"WebSite\",\"@id\":\"https:\\\/\\\/sleepcity.ee\\\/#website\",\"url\":\"https:\\\/\\\/sleepcity.ee\\\/\",\"name\":\"Tempur Shop\",\"description\":\"TEMPUR madratsid, voodid, padjad ja muud unetooted.\",\"publisher\":{\"@id\":\"https:\\\/\\\/sleepcity.ee\\\/#organization\"},\"potentialAction\":[{\"@type\":\"SearchAction\",\"target\":{\"@type\":\"EntryPoint\",\"urlTemplate\":\"https:\\\/\\\/sleepcity.ee\\\/?s={search_term_string}\"},\"query-input\":{\"@type\":\"PropertyValueSpecification\",\"valueRequired\":true,\"valueName\":\"search_term_string\"}}],\"inLanguage\":\"et\"},{\"@type\":\"Organization\",\"@id\":\"https:\\\/\\\/sleepcity.ee\\\/#organization\",\"name\":\"VG Design O\u00dc\",\"url\":\"https:\\\/\\\/sleepcity.ee\\\/\",\"logo\":{\"@type\":\"ImageObject\",\"inLanguage\":\"et\",\"@id\":\"https:\\\/\\\/sleepcity.ee\\\/#\\\/schema\\\/logo\\\/image\\\/\",\"url\":\"https:\\\/\\\/sleepcity.ee\\\/wp-content\\\/uploads\\\/2023\\\/09\\\/sleepcity_logo.png\",\"contentUrl\":\"https:\\\/\\\/sleepcity.ee\\\/wp-content\\\/uploads\\\/2023\\\/09\\\/sleepcity_logo.png\",\"width\":1034,\"height\":318,\"caption\":\"VG Design O\u00dc\"},\"image\":{\"@id\":\"https:\\\/\\\/sleepcity.ee\\\/#\\\/schema\\\/logo\\\/image\\\/\"},\"sameAs\":[\"http:\\\/\\\/www.fb.com\\\/TempurEstonia\",\"http:\\\/\\\/www.instagram.com\\\/tempurestonia\"]}]}<\/script>\n<!-- \/ Yoast SEO plugin. -->","yoast_head_json":{"title":"Max Benjamin k\u00e4tekreemide kinkekomplekt - SleepCity - Hea Une Valem","description":"Eriliseks puhuks on vaja erilisi kingitusi, s\u00f5ltumata sellest, kas soovite teha nendega r\u00f5\u00f5mu iseendale v\u00f5i oma l\u00e4hedasele. Kinkekomplekt MAX Benjamin Natural Hand Cream Gift Set sisaldab hoolikalt v\u00e4lja valitud ja armastusega kokku pandud l\u00f5hnade ja kosmeetikatoodete kombinatsiooni, mis toob kindlasti teile v\u00f5i teie l\u00e4hedasele naeratuse n\u00e4ole, s\u00f5ltumata sellest, kas asuda neid uurima kohe k\u00f5iki korraga v\u00f5i avada hoopis j\u00e4rk-j\u00e4rgult kuu jooksul.  Komplekti kuuluvad:   Acqua Viva K\u00e4tekreem 75 ml  Dodici K\u00e4tekreem 75 ml  True Lavender K\u00e4tekreem 75 ml  Omadused:   niisutab ja toidab nahka  muudab naha pehmeks ja siidiseks  kaitseb v\u00e4liskeskkonna kahjulike m\u00f5jude eest  imendub kiiresti","robots":{"index":"index","follow":"follow","max-snippet":"max-snippet:-1","max-image-preview":"max-image-preview:large","max-video-preview":"max-video-preview:-1"},"canonical":"https:\/\/sleepcity.ee\/toode\/max-benjamin-katekreemide-kinkekomplekt\/","og_locale":"et_EE","og_type":"article","og_title":"Max Benjamin k\u00e4tekreemide kinkekomplekt - SleepCity - Hea Une Valem","og_description":"Eriliseks puhuks on vaja erilisi kingitusi, s\u00f5ltumata sellest, kas soovite teha nendega r\u00f5\u00f5mu iseendale v\u00f5i oma l\u00e4hedasele. Kinkekomplekt MAX Benjamin Natural Hand Cream Gift Set sisaldab hoolikalt v\u00e4lja valitud ja armastusega kokku pandud l\u00f5hnade ja kosmeetikatoodete kombinatsiooni, mis toob kindlasti teile v\u00f5i teie l\u00e4hedasele naeratuse n\u00e4ole, s\u00f5ltumata sellest, kas asuda neid uurima kohe k\u00f5iki korraga v\u00f5i avada hoopis j\u00e4rk-j\u00e4rgult kuu jooksul.  Komplekti kuuluvad:   Acqua Viva K\u00e4tekreem 75 ml  Dodici K\u00e4tekreem 75 ml  True Lavender K\u00e4tekreem 75 ml  Omadused:   niisutab ja toidab nahka  muudab naha pehmeks ja siidiseks  kaitseb v\u00e4liskeskkonna kahjulike m\u00f5jude eest  imendub kiiresti","og_url":"https:\/\/sleepcity.ee\/toode\/max-benjamin-katekreemide-kinkekomplekt\/","og_site_name":"SleepCity - Hea Une Valem","article_publisher":"http:\/\/www.fb.com\/TempurEstonia","article_modified_time":"2025-12-15T09:30:05+00:00","og_image":[{"width":800,"height":408,"url":"https:\/\/sleepcity.ee\/wp-content\/uploads\/2025\/12\/natural-hand-cream-gift-set___241128.webp","type":"image\/webp"}],"twitter_card":"summary_large_image","schema":{"@context":"https:\/\/schema.org","@graph":[{"@type":"WebPage","@id":"https:\/\/sleepcity.ee\/toode\/max-benjamin-katekreemide-kinkekomplekt\/","url":"https:\/\/sleepcity.ee\/toode\/max-benjamin-katekreemide-kinkekomplekt\/","name":"Max Benjamin k\u00e4tekreemide kinkekomplekt - SleepCity - Hea Une Valem","isPartOf":{"@id":"https:\/\/sleepcity.ee\/#website"},"primaryImageOfPage":{"@id":"https:\/\/sleepcity.ee\/toode\/max-benjamin-katekreemide-kinkekomplekt\/#primaryimage"},"image":{"@id":"https:\/\/sleepcity.ee\/toode\/max-benjamin-katekreemide-kinkekomplekt\/#primaryimage"},"thumbnailUrl":"https:\/\/sleepcity.ee\/wp-content\/uploads\/2025\/12\/natural-hand-cream-gift-set___241128.webp","datePublished":"2025-12-15T09:28:46+00:00","dateModified":"2025-12-15T09:30:05+00:00","description":"Eriliseks puhuks on vaja erilisi kingitusi, s\u00f5ltumata sellest, kas soovite teha nendega r\u00f5\u00f5mu iseendale v\u00f5i oma l\u00e4hedasele. Kinkekomplekt MAX Benjamin Natural Hand Cream Gift Set sisaldab hoolikalt v\u00e4lja valitud ja armastusega kokku pandud l\u00f5hnade ja kosmeetikatoodete kombinatsiooni, mis toob kindlasti teile v\u00f5i teie l\u00e4hedasele naeratuse n\u00e4ole, s\u00f5ltumata sellest, kas asuda neid uurima kohe k\u00f5iki korraga v\u00f5i avada hoopis j\u00e4rk-j\u00e4rgult kuu jooksul. Komplekti kuuluvad: Acqua Viva K\u00e4tekreem 75 ml Dodici K\u00e4tekreem 75 ml True Lavender K\u00e4tekreem 75 ml Omadused: niisutab ja toidab nahka muudab naha pehmeks ja siidiseks kaitseb v\u00e4liskeskkonna kahjulike m\u00f5jude eest imendub kiiresti","breadcrumb":{"@id":"https:\/\/sleepcity.ee\/toode\/max-benjamin-katekreemide-kinkekomplekt\/#breadcrumb"},"inLanguage":"et","potentialAction":[{"@type":"ReadAction","target":["https:\/\/sleepcity.ee\/toode\/max-benjamin-katekreemide-kinkekomplekt\/"]}]},{"@type":"ImageObject","inLanguage":"et","@id":"https:\/\/sleepcity.ee\/toode\/max-benjamin-katekreemide-kinkekomplekt\/#primaryimage","url":"https:\/\/sleepcity.ee\/wp-content\/uploads\/2025\/12\/natural-hand-cream-gift-set___241128.webp","contentUrl":"https:\/\/sleepcity.ee\/wp-content\/uploads\/2025\/12\/natural-hand-cream-gift-set___241128.webp","width":800,"height":408},{"@type":"BreadcrumbList","@id":"https:\/\/sleepcity.ee\/toode\/max-benjamin-katekreemide-kinkekomplekt\/#breadcrumb","itemListElement":[{"@type":"ListItem","position":1,"name":"Home","item":"https:\/\/www.sleepcity.ee\/"},{"@type":"ListItem","position":2,"name":"Pood","item":"https:\/\/sleepcity.ee\/pood\/"},{"@type":"ListItem","position":3,"name":"Max Benjamin k\u00e4tekreemide kinkekomplekt"}]},{"@type":"WebSite","@id":"https:\/\/sleepcity.ee\/#website","url":"https:\/\/sleepcity.ee\/","name":"Tempur Shop","description":"TEMPUR madratsid, voodid, padjad ja muud unetooted.","publisher":{"@id":"https:\/\/sleepcity.ee\/#organization"},"potentialAction":[{"@type":"SearchAction","target":{"@type":"EntryPoint","urlTemplate":"https:\/\/sleepcity.ee\/?s={search_term_string}"},"query-input":{"@type":"PropertyValueSpecification","valueRequired":true,"valueName":"search_term_string"}}],"inLanguage":"et"},{"@type":"Organization","@id":"https:\/\/sleepcity.ee\/#organization","name":"VG Design O\u00dc","url":"https:\/\/sleepcity.ee\/","logo":{"@type":"ImageObject","inLanguage":"et","@id":"https:\/\/sleepcity.ee\/#\/schema\/logo\/image\/","url":"https:\/\/sleepcity.ee\/wp-content\/uploads\/2023\/09\/sleepcity_logo.png","contentUrl":"https:\/\/sleepcity.ee\/wp-content\/uploads\/2023\/09\/sleepcity_logo.png","width":1034,"height":318,"caption":"VG Design O\u00dc"},"image":{"@id":"https:\/\/sleepcity.ee\/#\/schema\/logo\/image\/"},"sameAs":["http:\/\/www.fb.com\/TempurEstonia","http:\/\/www.instagram.com\/tempurestonia"]}]}},"_links":{"self":[{"href":"https:\/\/www.sleepcity.ee\/wp-json\/wp\/v2\/product\/9793","targetHints":{"allow":["GET"]}}],"collection":[{"href":"https:\/\/www.sleepcity.ee\/wp-json\/wp\/v2\/product"}],"about":[{"href":"https:\/\/www.sleepcity.ee\/wp-json\/wp\/v2\/types\/product"}],"replies":[{"embeddable":true,"href":"https:\/\/www.sleepcity.ee\/wp-json\/wp\/v2\/comments?post=9793"}],"wp:featuredmedia":[{"embeddable":true,"href":"https:\/\/www.sleepcity.ee\/wp-json\/wp\/v2\/media\/9794"}],"wp:attachment":[{"href":"https:\/\/www.sleepcity.ee\/wp-json\/wp\/v2\/media?parent=9793"}],"wp:term":[{"taxonomy":"product_brand","embeddable":true,"href":"https:\/\/www.sleepcity.ee\/wp-json\/wp\/v2\/product_brand?post=9793"},{"taxonomy":"product_cat","embeddable":true,"href":"https:\/\/www.sleepcity.ee\/wp-json\/wp\/v2\/product_cat?post=9793"},{"taxonomy":"product_tag","embeddable":true,"href":"https:\/\/www.sleepcity.ee\/wp-json\/wp\/v2\/product_tag?post=9793"}],"curies":[{"name":"wp","href":"https:\/\/api.w.org\/{rel}","templated":true}]}}