{"id":9676,"date":"2025-11-28T07:34:25","date_gmt":"2025-11-28T07:34:25","guid":{"rendered":"https:\/\/sleepcity.ee\/?post_type=product&#038;p=9676"},"modified":"2025-12-02T01:21:41","modified_gmt":"2025-12-02T01:21:41","slug":"ruumilohnastaja-white-pomegranete-150ml","status":"publish","type":"product","link":"https:\/\/sleepcity.ee\/toode\/ruumilohnastaja-white-pomegranete-150ml\/","title":{"rendered":"Ruumil\u00f5hnastaja White Pomegranete 150ml"},"content":{"rendered":"<p><strong>Max Benjamin<\/strong> on Iiri ettev\u00f5te, mis on tegutsenud alates 1990ndate algusest ja on p\u00fchendunud kvaliteetsete l\u00f5hnak\u00fc\u00fcnalde ja kodul\u00f5hnade tootmisele. See on luksus, mis avaldub keerukates l\u00f5hnades, loodud k\u00f5rgeima kvaliteediga eeterlike \u00f5lidega ja esitatud luksuslike toodetena.<\/p>\n<p>&nbsp;<\/p>\n","protected":false},"excerpt":{"rendered":"<p>V\u00e4rske granaat\u00f5un, millele on lisatud eksootilisid roosinupud, toob esile liilia ja gardeenia s\u00fcdame. Kassis ja vanilje lisavad soojust ja sensuaalsust.<br \/>\nLuksuslik ruumil\u00f5hnastaja on lihtne viis lisada \u00fcmbritsev aroom igasse teie valitud koju, kontorisse v\u00f5i ruumi. L\u00f5hn p\u00fcsib minimaalselt 4 kuud. P\u00f6\u00f6rake l\u00f5hnastaja pilliroogu kord n\u00e4dalas, et need ei kuivaks, mis annab ka teie toale v\u00e4rske l\u00f5hna.<\/p>\n<p>Max Benjamin tooted on k\u00e4sitsi valmistatud Iirimaal looduslikest taimevahadest.<\/p>\n","protected":false},"featured_media":9677,"comment_status":"open","ping_status":"closed","template":"","meta":{"_monsterinsights_skip_tracking":false,"_monsterinsights_sitenote_active":false,"_monsterinsights_sitenote_note":"","_monsterinsights_sitenote_category":0},"product_brand":[],"product_cat":[687,421,272,15,274],"product_tag":[],"class_list":{"0":"post-9676","1":"product","2":"type-product","3":"status-publish","4":"has-post-thumbnail","6":"product_cat-kingitused","7":"product_cat-kodus","8":"product_cat-meeleolu","9":"product_cat-muu","10":"product_cat-ruumi-lohnastajad","12":"first","13":"instock","14":"taxable","15":"shipping-taxable","16":"purchasable","17":"product-type-simple"},"yoast_head":"<!-- This site is optimized with the Yoast SEO plugin v27.3 - https:\/\/yoast.com\/product\/yoast-seo-wordpress\/ -->\n<title>Ruumil\u00f5hnastaja White Pomegranete 150ml - SleepCity - Hea Une Valem<\/title>\n<meta name=\"description\" content=\"V\u00e4rske granaat\u00f5un, millele on lisatud eksootilisid roosinupud, toob esile liilia ja gardeenia s\u00fcdame. Kassis ja vanilje lisavad soojust ja sensuaalsust. Luksuslik ruumil\u00f5hnastaja on lihtne viis lisada \u00fcmbritsev aroom igasse teie valitud koju, kontorisse v\u00f5i ruumi. L\u00f5hn p\u00fcsib minimaalselt 4 kuud. P\u00f6\u00f6rake l\u00f5hnastaja pilliroogu kord n\u00e4dalas, et need ei kuivaks, mis annab ka teie toale v\u00e4rske l\u00f5hna.  Max Benjamin tooted on k\u00e4sitsi valmistatud Iirimaal looduslikest taimevahadest.\" \/>\n<meta name=\"robots\" content=\"index, follow, max-snippet:-1, max-image-preview:large, max-video-preview:-1\" \/>\n<link rel=\"canonical\" href=\"https:\/\/sleepcity.ee\/toode\/ruumilohnastaja-white-pomegranete-150ml\/\" \/>\n<meta property=\"og:locale\" content=\"et_EE\" \/>\n<meta property=\"og:type\" content=\"article\" \/>\n<meta property=\"og:title\" content=\"Ruumil\u00f5hnastaja White Pomegranete 150ml - SleepCity - Hea Une Valem\" \/>\n<meta property=\"og:description\" content=\"V\u00e4rske granaat\u00f5un, millele on lisatud eksootilisid roosinupud, toob esile liilia ja gardeenia s\u00fcdame. Kassis ja vanilje lisavad soojust ja sensuaalsust. Luksuslik ruumil\u00f5hnastaja on lihtne viis lisada \u00fcmbritsev aroom igasse teie valitud koju, kontorisse v\u00f5i ruumi. L\u00f5hn p\u00fcsib minimaalselt 4 kuud. P\u00f6\u00f6rake l\u00f5hnastaja pilliroogu kord n\u00e4dalas, et need ei kuivaks, mis annab ka teie toale v\u00e4rske l\u00f5hna.  Max Benjamin tooted on k\u00e4sitsi valmistatud Iirimaal looduslikest taimevahadest.\" \/>\n<meta property=\"og:url\" content=\"https:\/\/sleepcity.ee\/toode\/ruumilohnastaja-white-pomegranete-150ml\/\" \/>\n<meta property=\"og:site_name\" content=\"SleepCity - Hea Une Valem\" \/>\n<meta property=\"article:publisher\" content=\"http:\/\/www.fb.com\/TempurEstonia\" \/>\n<meta property=\"article:modified_time\" content=\"2025-12-02T01:21:41+00:00\" \/>\n<meta property=\"og:image\" content=\"https:\/\/sleepcity.ee\/wp-content\/uploads\/2025\/11\/Diffuser_WhitePomegranate.png\" \/>\n\t<meta property=\"og:image:width\" content=\"1200\" \/>\n\t<meta property=\"og:image:height\" content=\"1200\" \/>\n\t<meta property=\"og:image:type\" content=\"image\/png\" \/>\n<meta name=\"twitter:card\" content=\"summary_large_image\" \/>\n<script type=\"application\/ld+json\" class=\"yoast-schema-graph\">{\"@context\":\"https:\\\/\\\/schema.org\",\"@graph\":[{\"@type\":\"WebPage\",\"@id\":\"https:\\\/\\\/sleepcity.ee\\\/toode\\\/ruumilohnastaja-white-pomegranete-150ml\\\/\",\"url\":\"https:\\\/\\\/sleepcity.ee\\\/toode\\\/ruumilohnastaja-white-pomegranete-150ml\\\/\",\"name\":\"Ruumil\u00f5hnastaja White Pomegranete 150ml - SleepCity - Hea Une Valem\",\"isPartOf\":{\"@id\":\"https:\\\/\\\/sleepcity.ee\\\/#website\"},\"primaryImageOfPage\":{\"@id\":\"https:\\\/\\\/sleepcity.ee\\\/toode\\\/ruumilohnastaja-white-pomegranete-150ml\\\/#primaryimage\"},\"image\":{\"@id\":\"https:\\\/\\\/sleepcity.ee\\\/toode\\\/ruumilohnastaja-white-pomegranete-150ml\\\/#primaryimage\"},\"thumbnailUrl\":\"https:\\\/\\\/sleepcity.ee\\\/wp-content\\\/uploads\\\/2025\\\/11\\\/Diffuser_WhitePomegranate.png\",\"datePublished\":\"2025-11-28T07:34:25+00:00\",\"dateModified\":\"2025-12-02T01:21:41+00:00\",\"description\":\"V\u00e4rske granaat\u00f5un, millele on lisatud eksootilisid roosinupud, toob esile liilia ja gardeenia s\u00fcdame. Kassis ja vanilje lisavad soojust ja sensuaalsust. Luksuslik ruumil\u00f5hnastaja on lihtne viis lisada \u00fcmbritsev aroom igasse teie valitud koju, kontorisse v\u00f5i ruumi. L\u00f5hn p\u00fcsib minimaalselt 4 kuud. P\u00f6\u00f6rake l\u00f5hnastaja pilliroogu kord n\u00e4dalas, et need ei kuivaks, mis annab ka teie toale v\u00e4rske l\u00f5hna. Max Benjamin tooted on k\u00e4sitsi valmistatud Iirimaal looduslikest taimevahadest.\",\"breadcrumb\":{\"@id\":\"https:\\\/\\\/sleepcity.ee\\\/toode\\\/ruumilohnastaja-white-pomegranete-150ml\\\/#breadcrumb\"},\"inLanguage\":\"et\",\"potentialAction\":[{\"@type\":\"ReadAction\",\"target\":[\"https:\\\/\\\/sleepcity.ee\\\/toode\\\/ruumilohnastaja-white-pomegranete-150ml\\\/\"]}]},{\"@type\":\"ImageObject\",\"inLanguage\":\"et\",\"@id\":\"https:\\\/\\\/sleepcity.ee\\\/toode\\\/ruumilohnastaja-white-pomegranete-150ml\\\/#primaryimage\",\"url\":\"https:\\\/\\\/sleepcity.ee\\\/wp-content\\\/uploads\\\/2025\\\/11\\\/Diffuser_WhitePomegranate.png\",\"contentUrl\":\"https:\\\/\\\/sleepcity.ee\\\/wp-content\\\/uploads\\\/2025\\\/11\\\/Diffuser_WhitePomegranate.png\",\"width\":1200,\"height\":1200},{\"@type\":\"BreadcrumbList\",\"@id\":\"https:\\\/\\\/sleepcity.ee\\\/toode\\\/ruumilohnastaja-white-pomegranete-150ml\\\/#breadcrumb\",\"itemListElement\":[{\"@type\":\"ListItem\",\"position\":1,\"name\":\"Home\",\"item\":\"https:\\\/\\\/www.sleepcity.ee\\\/\"},{\"@type\":\"ListItem\",\"position\":2,\"name\":\"Pood\",\"item\":\"https:\\\/\\\/sleepcity.ee\\\/pood\\\/\"},{\"@type\":\"ListItem\",\"position\":3,\"name\":\"Ruumil\u00f5hnastaja White Pomegranete 150ml\"}]},{\"@type\":\"WebSite\",\"@id\":\"https:\\\/\\\/sleepcity.ee\\\/#website\",\"url\":\"https:\\\/\\\/sleepcity.ee\\\/\",\"name\":\"Tempur Shop\",\"description\":\"TEMPUR madratsid, voodid, padjad ja muud unetooted.\",\"publisher\":{\"@id\":\"https:\\\/\\\/sleepcity.ee\\\/#organization\"},\"potentialAction\":[{\"@type\":\"SearchAction\",\"target\":{\"@type\":\"EntryPoint\",\"urlTemplate\":\"https:\\\/\\\/sleepcity.ee\\\/?s={search_term_string}\"},\"query-input\":{\"@type\":\"PropertyValueSpecification\",\"valueRequired\":true,\"valueName\":\"search_term_string\"}}],\"inLanguage\":\"et\"},{\"@type\":\"Organization\",\"@id\":\"https:\\\/\\\/sleepcity.ee\\\/#organization\",\"name\":\"VG Design O\u00dc\",\"url\":\"https:\\\/\\\/sleepcity.ee\\\/\",\"logo\":{\"@type\":\"ImageObject\",\"inLanguage\":\"et\",\"@id\":\"https:\\\/\\\/sleepcity.ee\\\/#\\\/schema\\\/logo\\\/image\\\/\",\"url\":\"https:\\\/\\\/sleepcity.ee\\\/wp-content\\\/uploads\\\/2023\\\/09\\\/sleepcity_logo.png\",\"contentUrl\":\"https:\\\/\\\/sleepcity.ee\\\/wp-content\\\/uploads\\\/2023\\\/09\\\/sleepcity_logo.png\",\"width\":1034,\"height\":318,\"caption\":\"VG Design O\u00dc\"},\"image\":{\"@id\":\"https:\\\/\\\/sleepcity.ee\\\/#\\\/schema\\\/logo\\\/image\\\/\"},\"sameAs\":[\"http:\\\/\\\/www.fb.com\\\/TempurEstonia\",\"http:\\\/\\\/www.instagram.com\\\/tempurestonia\"]}]}<\/script>\n<!-- \/ Yoast SEO plugin. -->","yoast_head_json":{"title":"Ruumil\u00f5hnastaja White Pomegranete 150ml - SleepCity - Hea Une Valem","description":"V\u00e4rske granaat\u00f5un, millele on lisatud eksootilisid roosinupud, toob esile liilia ja gardeenia s\u00fcdame. Kassis ja vanilje lisavad soojust ja sensuaalsust. Luksuslik ruumil\u00f5hnastaja on lihtne viis lisada \u00fcmbritsev aroom igasse teie valitud koju, kontorisse v\u00f5i ruumi. L\u00f5hn p\u00fcsib minimaalselt 4 kuud. P\u00f6\u00f6rake l\u00f5hnastaja pilliroogu kord n\u00e4dalas, et need ei kuivaks, mis annab ka teie toale v\u00e4rske l\u00f5hna.  Max Benjamin tooted on k\u00e4sitsi valmistatud Iirimaal looduslikest taimevahadest.","robots":{"index":"index","follow":"follow","max-snippet":"max-snippet:-1","max-image-preview":"max-image-preview:large","max-video-preview":"max-video-preview:-1"},"canonical":"https:\/\/sleepcity.ee\/toode\/ruumilohnastaja-white-pomegranete-150ml\/","og_locale":"et_EE","og_type":"article","og_title":"Ruumil\u00f5hnastaja White Pomegranete 150ml - SleepCity - Hea Une Valem","og_description":"V\u00e4rske granaat\u00f5un, millele on lisatud eksootilisid roosinupud, toob esile liilia ja gardeenia s\u00fcdame. Kassis ja vanilje lisavad soojust ja sensuaalsust. Luksuslik ruumil\u00f5hnastaja on lihtne viis lisada \u00fcmbritsev aroom igasse teie valitud koju, kontorisse v\u00f5i ruumi. L\u00f5hn p\u00fcsib minimaalselt 4 kuud. P\u00f6\u00f6rake l\u00f5hnastaja pilliroogu kord n\u00e4dalas, et need ei kuivaks, mis annab ka teie toale v\u00e4rske l\u00f5hna.  Max Benjamin tooted on k\u00e4sitsi valmistatud Iirimaal looduslikest taimevahadest.","og_url":"https:\/\/sleepcity.ee\/toode\/ruumilohnastaja-white-pomegranete-150ml\/","og_site_name":"SleepCity - Hea Une Valem","article_publisher":"http:\/\/www.fb.com\/TempurEstonia","article_modified_time":"2025-12-02T01:21:41+00:00","og_image":[{"width":1200,"height":1200,"url":"https:\/\/sleepcity.ee\/wp-content\/uploads\/2025\/11\/Diffuser_WhitePomegranate.png","type":"image\/png"}],"twitter_card":"summary_large_image","schema":{"@context":"https:\/\/schema.org","@graph":[{"@type":"WebPage","@id":"https:\/\/sleepcity.ee\/toode\/ruumilohnastaja-white-pomegranete-150ml\/","url":"https:\/\/sleepcity.ee\/toode\/ruumilohnastaja-white-pomegranete-150ml\/","name":"Ruumil\u00f5hnastaja White Pomegranete 150ml - SleepCity - Hea Une Valem","isPartOf":{"@id":"https:\/\/sleepcity.ee\/#website"},"primaryImageOfPage":{"@id":"https:\/\/sleepcity.ee\/toode\/ruumilohnastaja-white-pomegranete-150ml\/#primaryimage"},"image":{"@id":"https:\/\/sleepcity.ee\/toode\/ruumilohnastaja-white-pomegranete-150ml\/#primaryimage"},"thumbnailUrl":"https:\/\/sleepcity.ee\/wp-content\/uploads\/2025\/11\/Diffuser_WhitePomegranate.png","datePublished":"2025-11-28T07:34:25+00:00","dateModified":"2025-12-02T01:21:41+00:00","description":"V\u00e4rske granaat\u00f5un, millele on lisatud eksootilisid roosinupud, toob esile liilia ja gardeenia s\u00fcdame. Kassis ja vanilje lisavad soojust ja sensuaalsust. Luksuslik ruumil\u00f5hnastaja on lihtne viis lisada \u00fcmbritsev aroom igasse teie valitud koju, kontorisse v\u00f5i ruumi. L\u00f5hn p\u00fcsib minimaalselt 4 kuud. P\u00f6\u00f6rake l\u00f5hnastaja pilliroogu kord n\u00e4dalas, et need ei kuivaks, mis annab ka teie toale v\u00e4rske l\u00f5hna. Max Benjamin tooted on k\u00e4sitsi valmistatud Iirimaal looduslikest taimevahadest.","breadcrumb":{"@id":"https:\/\/sleepcity.ee\/toode\/ruumilohnastaja-white-pomegranete-150ml\/#breadcrumb"},"inLanguage":"et","potentialAction":[{"@type":"ReadAction","target":["https:\/\/sleepcity.ee\/toode\/ruumilohnastaja-white-pomegranete-150ml\/"]}]},{"@type":"ImageObject","inLanguage":"et","@id":"https:\/\/sleepcity.ee\/toode\/ruumilohnastaja-white-pomegranete-150ml\/#primaryimage","url":"https:\/\/sleepcity.ee\/wp-content\/uploads\/2025\/11\/Diffuser_WhitePomegranate.png","contentUrl":"https:\/\/sleepcity.ee\/wp-content\/uploads\/2025\/11\/Diffuser_WhitePomegranate.png","width":1200,"height":1200},{"@type":"BreadcrumbList","@id":"https:\/\/sleepcity.ee\/toode\/ruumilohnastaja-white-pomegranete-150ml\/#breadcrumb","itemListElement":[{"@type":"ListItem","position":1,"name":"Home","item":"https:\/\/www.sleepcity.ee\/"},{"@type":"ListItem","position":2,"name":"Pood","item":"https:\/\/sleepcity.ee\/pood\/"},{"@type":"ListItem","position":3,"name":"Ruumil\u00f5hnastaja White Pomegranete 150ml"}]},{"@type":"WebSite","@id":"https:\/\/sleepcity.ee\/#website","url":"https:\/\/sleepcity.ee\/","name":"Tempur Shop","description":"TEMPUR madratsid, voodid, padjad ja muud unetooted.","publisher":{"@id":"https:\/\/sleepcity.ee\/#organization"},"potentialAction":[{"@type":"SearchAction","target":{"@type":"EntryPoint","urlTemplate":"https:\/\/sleepcity.ee\/?s={search_term_string}"},"query-input":{"@type":"PropertyValueSpecification","valueRequired":true,"valueName":"search_term_string"}}],"inLanguage":"et"},{"@type":"Organization","@id":"https:\/\/sleepcity.ee\/#organization","name":"VG Design O\u00dc","url":"https:\/\/sleepcity.ee\/","logo":{"@type":"ImageObject","inLanguage":"et","@id":"https:\/\/sleepcity.ee\/#\/schema\/logo\/image\/","url":"https:\/\/sleepcity.ee\/wp-content\/uploads\/2023\/09\/sleepcity_logo.png","contentUrl":"https:\/\/sleepcity.ee\/wp-content\/uploads\/2023\/09\/sleepcity_logo.png","width":1034,"height":318,"caption":"VG Design O\u00dc"},"image":{"@id":"https:\/\/sleepcity.ee\/#\/schema\/logo\/image\/"},"sameAs":["http:\/\/www.fb.com\/TempurEstonia","http:\/\/www.instagram.com\/tempurestonia"]}]}},"_links":{"self":[{"href":"https:\/\/sleepcity.ee\/wp-json\/wp\/v2\/product\/9676","targetHints":{"allow":["GET"]}}],"collection":[{"href":"https:\/\/sleepcity.ee\/wp-json\/wp\/v2\/product"}],"about":[{"href":"https:\/\/sleepcity.ee\/wp-json\/wp\/v2\/types\/product"}],"replies":[{"embeddable":true,"href":"https:\/\/sleepcity.ee\/wp-json\/wp\/v2\/comments?post=9676"}],"wp:featuredmedia":[{"embeddable":true,"href":"https:\/\/sleepcity.ee\/wp-json\/wp\/v2\/media\/9677"}],"wp:attachment":[{"href":"https:\/\/sleepcity.ee\/wp-json\/wp\/v2\/media?parent=9676"}],"wp:term":[{"taxonomy":"product_brand","embeddable":true,"href":"https:\/\/sleepcity.ee\/wp-json\/wp\/v2\/product_brand?post=9676"},{"taxonomy":"product_cat","embeddable":true,"href":"https:\/\/sleepcity.ee\/wp-json\/wp\/v2\/product_cat?post=9676"},{"taxonomy":"product_tag","embeddable":true,"href":"https:\/\/sleepcity.ee\/wp-json\/wp\/v2\/product_tag?post=9676"}],"curies":[{"name":"wp","href":"https:\/\/api.w.org\/{rel}","templated":true}]}}