{"id":9483,"date":"2025-09-19T15:39:47","date_gmt":"2025-09-19T15:39:47","guid":{"rendered":"https:\/\/www.sleepcity.ee\/?post_type=product&#038;p=9483"},"modified":"2025-09-19T16:11:14","modified_gmt":"2025-09-19T16:11:14","slug":"home-by-tempur-luxe-jacquard-puuvillasatiinist-lina","status":"publish","type":"product","link":"https:\/\/sleepcity.ee\/toode\/home-by-tempur-luxe-jacquard-puuvillasatiinist-lina\/","title":{"rendered":"Home by TEMPUR\u00ae Luxe puuvillasatiinist lina"},"content":{"rendered":"<div id=\"headingInfoOne\" class=\"accordion-header\">\n<h3 class=\"mb-0\"><button class=\"accordion-button text-uppercase shadow-none\" aria-controls=\"collapseInfoOne\" aria-expanded=\"true\" data-bs-target=\"#collapseInfoOne\" data-bs-toggle=\"collapse\"><span class=\"heading-left\"><i class=\"icon-product-detail\"><\/i><span dir=\"auto\">Toote spetsifikatsioonid<\/span><\/span><\/button><\/h3>\n<\/div>\n<div id=\"collapseInfoOne\" class=\"accordion-collapse collapse show\" aria-labelledby=\"headingInfoOne\" data-bs-parent=\"#ProductInfo\">\n<div class=\"card-body px-2 py-0\">\n<div class=\"accordion-body\">\n<ul>\n<li><span dir=\"auto\"><span dir=\"auto\">Valmistatud 400 niiditihedusega jacquard-puuvillasatiinist<\/span><\/span><\/li>\n<li><span dir=\"auto\"><sup><span dir=\"auto\">TEMPUR \u00ae<\/span><\/sup><span dir=\"auto\"> disainitud Skandinaavia kodu jaoks<\/span><\/span><\/li>\n<li><span dir=\"auto\"><span dir=\"auto\">OEKO-TEX\u00ae\u00a0<\/span><\/span><sup><span dir=\"auto\"><span dir=\"auto\">Standard<\/span><\/span><\/sup><span dir=\"auto\"><span dir=\"auto\">\u00a0100 sertifikaadiga \u2013 kahjulike kemikaalide vaba<\/span><\/span><\/li>\n<li><span dir=\"auto\"><span dir=\"auto\">Luksuslik, kuid vastupidav kangas hoiab teie voodipesu sileda ja v\u00e4rskena<\/span><\/span><\/li>\n<li>Lina on kummiga, mis hoiab teda paigal kogu \u00f6\u00f6<\/li>\n<li><span dir=\"auto\"><span dir=\"auto\">Jaheda puudutusega \u2013 ideaalne rahustavaks ja l\u00f5\u00f5gastavaks uneks<\/span><\/span><\/li>\n<li><span dir=\"auto\"><span dir=\"auto\">Saadaval kolmes klassikalises v\u00e4rvitoonis: valge, tumehall ja beez<\/span><\/span><\/li>\n<li><span dir=\"auto\"><span dir=\"auto\">Vali oma voodile ideaalselt sobiv-160&#215;200 v\u00f5i 180x200cm<\/span><\/span><\/li>\n<li>Madratsile k\u00f5rgusega kuni 40cm<\/li>\n<li><span dir=\"auto\"><span dir=\"auto\">T\u00e4ieliku ilme saavutamiseks on saadaval sobivaid padjap\u00fc\u00fcre ja tekikotte<\/span><\/span><\/li>\n<\/ul>\n<h4 class=\"text-uppercase\"><span dir=\"auto\">Hooldusjuhised<\/span><\/h4>\n<p><img decoding=\"async\" class=\"img-fluid w-25 mb-2\" title=\"Pesemise s\u00fcmbolid\" src=\"https:\/\/media.tempur.com\/i\/tempursealy\/HBT-washing-instructions\" alt=\"Pesemise s\u00fcmbolid\" \/><strong><span dir=\"auto\">TEE:<\/span><\/strong><\/p>\n<ul>\n<li><span dir=\"auto\">Pesta sarnaste v\u00e4rvidega kuni 60\u00b0C juures.<\/span><\/li>\n<li><span dir=\"auto\">V\u00f5ib trummelkuivatada madalal temperatuuril<\/span><\/li>\n<li><span dir=\"auto\">V\u00f5ib triikida k\u00f5rgemal temperatuuril<\/span><\/li>\n<li><span dir=\"auto\">V\u00f5ib keemiliselt puhastada<\/span><\/li>\n<\/ul>\n<p><strong><span dir=\"auto\">T\u00c4HELEPANU!:<\/span><\/strong><\/p>\n<ul>\n<li><span dir=\"auto\">\u00c4rge kasutage selle eseme puhastamisel valgendit<\/span><\/li>\n<li><span dir=\"auto\">\u00c4rge peske koos froteematerjalist esemetega<\/span><\/li>\n<\/ul>\n<\/div>\n<\/div>\n<\/div>\n","protected":false},"excerpt":{"rendered":"<h1 data-block-key=\"de5ah\"><b><span dir=\"auto\">Luksuslik Egiptus<\/span><\/b><\/h1>\n<p data-block-key=\"4v1ra\"><span dir=\"auto\">\u00dclipehmed 400-niitilise tihedusega pikakiulised puuvillasatiinlinad pakuvad siidist tunnet luksusliku mugavuse tagamiseks.<\/span><\/p>\n<p class=\"half-center\"><span dir=\"auto\">See kvaliteetne kangas pakub karget, puhast ja jahedat tunnet, pakkudes sulle igal \u00f6\u00f6l luksusliku hotellikvaliteediga elamuse.\u00a0<\/span><\/p>\n<p><span dir=\"auto\">OEKO-TEX\u00a0<\/span><sup><span dir=\"auto\">\u00ae<\/span><\/sup><span dir=\"auto\"> Standard 100 sertifikaadiga v\u00f5id rahulikult magada, teades, et sinu voodipesu on kahjulike kemikaalide vaba.<\/span><\/p>\n<p><span dir=\"auto\">Saadaval on ka sobivad padjap\u00fc\u00fcrid ja soovile vastavad tekikotid.<\/span><\/p>\n","protected":false},"featured_media":9493,"comment_status":"open","ping_status":"closed","template":"","meta":{"_monsterinsights_skip_tracking":false,"_monsterinsights_sitenote_active":false,"_monsterinsights_sitenote_note":"","_monsterinsights_sitenote_category":0},"product_brand":[],"product_cat":[672,15,90],"product_tag":[],"class_list":{"0":"post-9483","1":"product","2":"type-product","3":"status-publish","4":"has-post-thumbnail","6":"product_cat-home-by-tempur-voodipesu","7":"product_cat-muu","8":"product_cat-voodipesu","9":"pa_varv-beez","10":"pa_varv-tumehall","11":"pa_varv-valge","13":"first","14":"instock","15":"taxable","16":"shipping-taxable","17":"purchasable","18":"product-type-variable"},"yoast_head":"<!-- This site is optimized with the Yoast SEO plugin v27.4 - https:\/\/yoast.com\/product\/yoast-seo-wordpress\/ -->\n<title>Home by TEMPUR\u00ae Luxe puuvillasatiinist lina - SleepCity - Hea Une Valem<\/title>\n<meta name=\"description\" content=\"Luksuslik Egiptus \u00dclipehmed 400-niitilise tihedusega pikakiulised puuvillasatiinlinad pakuvad siidist tunnet luksusliku mugavuse tagamiseks. See kvaliteetne kangas pakub karget, puhast ja jahedat tunnet, pakkudes sulle igal \u00f6\u00f6l luksusliku hotellikvaliteediga elamuse.\u00a0 OEKO-TEX\u00a0\u00ae Standard 100 sertifikaadiga v\u00f5id rahulikult magada, teades, et sinu voodipesu on kahjulike kemikaalide vaba.  Saadaval on ka sobivad padjap\u00fc\u00fcrid ja soovile vastavad tekikotid.\" \/>\n<meta name=\"robots\" content=\"index, follow, max-snippet:-1, max-image-preview:large, max-video-preview:-1\" \/>\n<link rel=\"canonical\" href=\"https:\/\/sleepcity.ee\/toode\/home-by-tempur-luxe-jacquard-puuvillasatiinist-lina\/\" \/>\n<meta property=\"og:locale\" content=\"et_EE\" \/>\n<meta property=\"og:type\" content=\"article\" \/>\n<meta property=\"og:title\" content=\"Home by TEMPUR\u00ae Luxe puuvillasatiinist lina - SleepCity - Hea Une Valem\" \/>\n<meta property=\"og:description\" content=\"Luksuslik Egiptus \u00dclipehmed 400-niitilise tihedusega pikakiulised puuvillasatiinlinad pakuvad siidist tunnet luksusliku mugavuse tagamiseks. See kvaliteetne kangas pakub karget, puhast ja jahedat tunnet, pakkudes sulle igal \u00f6\u00f6l luksusliku hotellikvaliteediga elamuse.\u00a0 OEKO-TEX\u00a0\u00ae Standard 100 sertifikaadiga v\u00f5id rahulikult magada, teades, et sinu voodipesu on kahjulike kemikaalide vaba.  Saadaval on ka sobivad padjap\u00fc\u00fcrid ja soovile vastavad tekikotid.\" \/>\n<meta property=\"og:url\" content=\"https:\/\/sleepcity.ee\/toode\/home-by-tempur-luxe-jacquard-puuvillasatiinist-lina\/\" \/>\n<meta property=\"og:site_name\" content=\"SleepCity - Hea Une Valem\" \/>\n<meta property=\"article:publisher\" content=\"http:\/\/www.fb.com\/TempurEstonia\" \/>\n<meta property=\"article:modified_time\" content=\"2025-09-19T16:11:14+00:00\" \/>\n<meta property=\"og:image\" content=\"https:\/\/sleepcity.ee\/wp-content\/uploads\/2025\/09\/home_by_tempur_single_bed_light-pillow_w_folded_duvet-nature_angled_right_head_04-0106.jpg\" \/>\n\t<meta property=\"og:image:width\" content=\"290\" \/>\n\t<meta property=\"og:image:height\" content=\"360\" \/>\n\t<meta property=\"og:image:type\" content=\"image\/jpeg\" \/>\n<meta name=\"twitter:card\" content=\"summary_large_image\" \/>\n<meta name=\"twitter:label1\" content=\"Est. reading time\" \/>\n\t<meta name=\"twitter:data1\" content=\"1 minut\" \/>\n<script type=\"application\/ld+json\" class=\"yoast-schema-graph\">{\"@context\":\"https:\\\/\\\/schema.org\",\"@graph\":[{\"@type\":\"WebPage\",\"@id\":\"https:\\\/\\\/sleepcity.ee\\\/toode\\\/home-by-tempur-luxe-jacquard-puuvillasatiinist-lina\\\/\",\"url\":\"https:\\\/\\\/sleepcity.ee\\\/toode\\\/home-by-tempur-luxe-jacquard-puuvillasatiinist-lina\\\/\",\"name\":\"Home by TEMPUR\u00ae Luxe puuvillasatiinist lina - SleepCity - Hea Une Valem\",\"isPartOf\":{\"@id\":\"https:\\\/\\\/sleepcity.ee\\\/#website\"},\"primaryImageOfPage\":{\"@id\":\"https:\\\/\\\/sleepcity.ee\\\/toode\\\/home-by-tempur-luxe-jacquard-puuvillasatiinist-lina\\\/#primaryimage\"},\"image\":{\"@id\":\"https:\\\/\\\/sleepcity.ee\\\/toode\\\/home-by-tempur-luxe-jacquard-puuvillasatiinist-lina\\\/#primaryimage\"},\"thumbnailUrl\":\"https:\\\/\\\/sleepcity.ee\\\/wp-content\\\/uploads\\\/2025\\\/09\\\/home_by_tempur_single_bed_light-pillow_w_folded_duvet-nature_angled_right_head_04-0106.jpg\",\"datePublished\":\"2025-09-19T15:39:47+00:00\",\"dateModified\":\"2025-09-19T16:11:14+00:00\",\"description\":\"Luksuslik Egiptus \u00dclipehmed 400-niitilise tihedusega pikakiulised puuvillasatiinlinad pakuvad siidist tunnet luksusliku mugavuse tagamiseks. See kvaliteetne kangas pakub karget, puhast ja jahedat tunnet, pakkudes sulle igal \u00f6\u00f6l luksusliku hotellikvaliteediga elamuse.\u00a0 OEKO-TEX\u00a0\u00ae Standard 100 sertifikaadiga v\u00f5id rahulikult magada, teades, et sinu voodipesu on kahjulike kemikaalide vaba. Saadaval on ka sobivad padjap\u00fc\u00fcrid ja soovile vastavad tekikotid.\",\"breadcrumb\":{\"@id\":\"https:\\\/\\\/sleepcity.ee\\\/toode\\\/home-by-tempur-luxe-jacquard-puuvillasatiinist-lina\\\/#breadcrumb\"},\"inLanguage\":\"et\",\"potentialAction\":[{\"@type\":\"ReadAction\",\"target\":[\"https:\\\/\\\/sleepcity.ee\\\/toode\\\/home-by-tempur-luxe-jacquard-puuvillasatiinist-lina\\\/\"]}]},{\"@type\":\"ImageObject\",\"inLanguage\":\"et\",\"@id\":\"https:\\\/\\\/sleepcity.ee\\\/toode\\\/home-by-tempur-luxe-jacquard-puuvillasatiinist-lina\\\/#primaryimage\",\"url\":\"https:\\\/\\\/sleepcity.ee\\\/wp-content\\\/uploads\\\/2025\\\/09\\\/home_by_tempur_single_bed_light-pillow_w_folded_duvet-nature_angled_right_head_04-0106.jpg\",\"contentUrl\":\"https:\\\/\\\/sleepcity.ee\\\/wp-content\\\/uploads\\\/2025\\\/09\\\/home_by_tempur_single_bed_light-pillow_w_folded_duvet-nature_angled_right_head_04-0106.jpg\",\"width\":290,\"height\":360},{\"@type\":\"BreadcrumbList\",\"@id\":\"https:\\\/\\\/sleepcity.ee\\\/toode\\\/home-by-tempur-luxe-jacquard-puuvillasatiinist-lina\\\/#breadcrumb\",\"itemListElement\":[{\"@type\":\"ListItem\",\"position\":1,\"name\":\"Home\",\"item\":\"https:\\\/\\\/sleepcity.ee\\\/\"},{\"@type\":\"ListItem\",\"position\":2,\"name\":\"Pood\",\"item\":\"https:\\\/\\\/sleepcity.ee\\\/pood\\\/\"},{\"@type\":\"ListItem\",\"position\":3,\"name\":\"Home by TEMPUR\u00ae Luxe puuvillasatiinist lina\"}]},{\"@type\":\"WebSite\",\"@id\":\"https:\\\/\\\/sleepcity.ee\\\/#website\",\"url\":\"https:\\\/\\\/sleepcity.ee\\\/\",\"name\":\"Tempur Shop\",\"description\":\"TEMPUR madratsid, voodid, padjad ja muud unetooted.\",\"publisher\":{\"@id\":\"https:\\\/\\\/sleepcity.ee\\\/#organization\"},\"potentialAction\":[{\"@type\":\"SearchAction\",\"target\":{\"@type\":\"EntryPoint\",\"urlTemplate\":\"https:\\\/\\\/sleepcity.ee\\\/?s={search_term_string}\"},\"query-input\":{\"@type\":\"PropertyValueSpecification\",\"valueRequired\":true,\"valueName\":\"search_term_string\"}}],\"inLanguage\":\"et\"},{\"@type\":\"Organization\",\"@id\":\"https:\\\/\\\/sleepcity.ee\\\/#organization\",\"name\":\"VG Design O\u00dc\",\"url\":\"https:\\\/\\\/sleepcity.ee\\\/\",\"logo\":{\"@type\":\"ImageObject\",\"inLanguage\":\"et\",\"@id\":\"https:\\\/\\\/sleepcity.ee\\\/#\\\/schema\\\/logo\\\/image\\\/\",\"url\":\"https:\\\/\\\/sleepcity.ee\\\/wp-content\\\/uploads\\\/2023\\\/09\\\/sleepcity_logo.png\",\"contentUrl\":\"https:\\\/\\\/sleepcity.ee\\\/wp-content\\\/uploads\\\/2023\\\/09\\\/sleepcity_logo.png\",\"width\":1034,\"height\":318,\"caption\":\"VG Design O\u00dc\"},\"image\":{\"@id\":\"https:\\\/\\\/sleepcity.ee\\\/#\\\/schema\\\/logo\\\/image\\\/\"},\"sameAs\":[\"http:\\\/\\\/www.fb.com\\\/TempurEstonia\",\"http:\\\/\\\/www.instagram.com\\\/tempurestonia\"]}]}<\/script>\n<!-- \/ Yoast SEO plugin. -->","yoast_head_json":{"title":"Home by TEMPUR\u00ae Luxe puuvillasatiinist lina - SleepCity - Hea Une Valem","description":"Luksuslik Egiptus \u00dclipehmed 400-niitilise tihedusega pikakiulised puuvillasatiinlinad pakuvad siidist tunnet luksusliku mugavuse tagamiseks. See kvaliteetne kangas pakub karget, puhast ja jahedat tunnet, pakkudes sulle igal \u00f6\u00f6l luksusliku hotellikvaliteediga elamuse.\u00a0 OEKO-TEX\u00a0\u00ae Standard 100 sertifikaadiga v\u00f5id rahulikult magada, teades, et sinu voodipesu on kahjulike kemikaalide vaba.  Saadaval on ka sobivad padjap\u00fc\u00fcrid ja soovile vastavad tekikotid.","robots":{"index":"index","follow":"follow","max-snippet":"max-snippet:-1","max-image-preview":"max-image-preview:large","max-video-preview":"max-video-preview:-1"},"canonical":"https:\/\/sleepcity.ee\/toode\/home-by-tempur-luxe-jacquard-puuvillasatiinist-lina\/","og_locale":"et_EE","og_type":"article","og_title":"Home by TEMPUR\u00ae Luxe puuvillasatiinist lina - SleepCity - Hea Une Valem","og_description":"Luksuslik Egiptus \u00dclipehmed 400-niitilise tihedusega pikakiulised puuvillasatiinlinad pakuvad siidist tunnet luksusliku mugavuse tagamiseks. See kvaliteetne kangas pakub karget, puhast ja jahedat tunnet, pakkudes sulle igal \u00f6\u00f6l luksusliku hotellikvaliteediga elamuse.\u00a0 OEKO-TEX\u00a0\u00ae Standard 100 sertifikaadiga v\u00f5id rahulikult magada, teades, et sinu voodipesu on kahjulike kemikaalide vaba.  Saadaval on ka sobivad padjap\u00fc\u00fcrid ja soovile vastavad tekikotid.","og_url":"https:\/\/sleepcity.ee\/toode\/home-by-tempur-luxe-jacquard-puuvillasatiinist-lina\/","og_site_name":"SleepCity - Hea Une Valem","article_publisher":"http:\/\/www.fb.com\/TempurEstonia","article_modified_time":"2025-09-19T16:11:14+00:00","og_image":[{"width":290,"height":360,"url":"https:\/\/sleepcity.ee\/wp-content\/uploads\/2025\/09\/home_by_tempur_single_bed_light-pillow_w_folded_duvet-nature_angled_right_head_04-0106.jpg","type":"image\/jpeg"}],"twitter_card":"summary_large_image","twitter_misc":{"Est. reading time":"1 minut"},"schema":{"@context":"https:\/\/schema.org","@graph":[{"@type":"WebPage","@id":"https:\/\/sleepcity.ee\/toode\/home-by-tempur-luxe-jacquard-puuvillasatiinist-lina\/","url":"https:\/\/sleepcity.ee\/toode\/home-by-tempur-luxe-jacquard-puuvillasatiinist-lina\/","name":"Home by TEMPUR\u00ae Luxe puuvillasatiinist lina - SleepCity - Hea Une Valem","isPartOf":{"@id":"https:\/\/sleepcity.ee\/#website"},"primaryImageOfPage":{"@id":"https:\/\/sleepcity.ee\/toode\/home-by-tempur-luxe-jacquard-puuvillasatiinist-lina\/#primaryimage"},"image":{"@id":"https:\/\/sleepcity.ee\/toode\/home-by-tempur-luxe-jacquard-puuvillasatiinist-lina\/#primaryimage"},"thumbnailUrl":"https:\/\/sleepcity.ee\/wp-content\/uploads\/2025\/09\/home_by_tempur_single_bed_light-pillow_w_folded_duvet-nature_angled_right_head_04-0106.jpg","datePublished":"2025-09-19T15:39:47+00:00","dateModified":"2025-09-19T16:11:14+00:00","description":"Luksuslik Egiptus \u00dclipehmed 400-niitilise tihedusega pikakiulised puuvillasatiinlinad pakuvad siidist tunnet luksusliku mugavuse tagamiseks. See kvaliteetne kangas pakub karget, puhast ja jahedat tunnet, pakkudes sulle igal \u00f6\u00f6l luksusliku hotellikvaliteediga elamuse.\u00a0 OEKO-TEX\u00a0\u00ae Standard 100 sertifikaadiga v\u00f5id rahulikult magada, teades, et sinu voodipesu on kahjulike kemikaalide vaba. Saadaval on ka sobivad padjap\u00fc\u00fcrid ja soovile vastavad tekikotid.","breadcrumb":{"@id":"https:\/\/sleepcity.ee\/toode\/home-by-tempur-luxe-jacquard-puuvillasatiinist-lina\/#breadcrumb"},"inLanguage":"et","potentialAction":[{"@type":"ReadAction","target":["https:\/\/sleepcity.ee\/toode\/home-by-tempur-luxe-jacquard-puuvillasatiinist-lina\/"]}]},{"@type":"ImageObject","inLanguage":"et","@id":"https:\/\/sleepcity.ee\/toode\/home-by-tempur-luxe-jacquard-puuvillasatiinist-lina\/#primaryimage","url":"https:\/\/sleepcity.ee\/wp-content\/uploads\/2025\/09\/home_by_tempur_single_bed_light-pillow_w_folded_duvet-nature_angled_right_head_04-0106.jpg","contentUrl":"https:\/\/sleepcity.ee\/wp-content\/uploads\/2025\/09\/home_by_tempur_single_bed_light-pillow_w_folded_duvet-nature_angled_right_head_04-0106.jpg","width":290,"height":360},{"@type":"BreadcrumbList","@id":"https:\/\/sleepcity.ee\/toode\/home-by-tempur-luxe-jacquard-puuvillasatiinist-lina\/#breadcrumb","itemListElement":[{"@type":"ListItem","position":1,"name":"Home","item":"https:\/\/sleepcity.ee\/"},{"@type":"ListItem","position":2,"name":"Pood","item":"https:\/\/sleepcity.ee\/pood\/"},{"@type":"ListItem","position":3,"name":"Home by TEMPUR\u00ae Luxe puuvillasatiinist lina"}]},{"@type":"WebSite","@id":"https:\/\/sleepcity.ee\/#website","url":"https:\/\/sleepcity.ee\/","name":"Tempur Shop","description":"TEMPUR madratsid, voodid, padjad ja muud unetooted.","publisher":{"@id":"https:\/\/sleepcity.ee\/#organization"},"potentialAction":[{"@type":"SearchAction","target":{"@type":"EntryPoint","urlTemplate":"https:\/\/sleepcity.ee\/?s={search_term_string}"},"query-input":{"@type":"PropertyValueSpecification","valueRequired":true,"valueName":"search_term_string"}}],"inLanguage":"et"},{"@type":"Organization","@id":"https:\/\/sleepcity.ee\/#organization","name":"VG Design O\u00dc","url":"https:\/\/sleepcity.ee\/","logo":{"@type":"ImageObject","inLanguage":"et","@id":"https:\/\/sleepcity.ee\/#\/schema\/logo\/image\/","url":"https:\/\/sleepcity.ee\/wp-content\/uploads\/2023\/09\/sleepcity_logo.png","contentUrl":"https:\/\/sleepcity.ee\/wp-content\/uploads\/2023\/09\/sleepcity_logo.png","width":1034,"height":318,"caption":"VG Design O\u00dc"},"image":{"@id":"https:\/\/sleepcity.ee\/#\/schema\/logo\/image\/"},"sameAs":["http:\/\/www.fb.com\/TempurEstonia","http:\/\/www.instagram.com\/tempurestonia"]}]}},"_links":{"self":[{"href":"https:\/\/sleepcity.ee\/wp-json\/wp\/v2\/product\/9483","targetHints":{"allow":["GET"]}}],"collection":[{"href":"https:\/\/sleepcity.ee\/wp-json\/wp\/v2\/product"}],"about":[{"href":"https:\/\/sleepcity.ee\/wp-json\/wp\/v2\/types\/product"}],"replies":[{"embeddable":true,"href":"https:\/\/sleepcity.ee\/wp-json\/wp\/v2\/comments?post=9483"}],"wp:featuredmedia":[{"embeddable":true,"href":"https:\/\/sleepcity.ee\/wp-json\/wp\/v2\/media\/9493"}],"wp:attachment":[{"href":"https:\/\/sleepcity.ee\/wp-json\/wp\/v2\/media?parent=9483"}],"wp:term":[{"taxonomy":"product_brand","embeddable":true,"href":"https:\/\/sleepcity.ee\/wp-json\/wp\/v2\/product_brand?post=9483"},{"taxonomy":"product_cat","embeddable":true,"href":"https:\/\/sleepcity.ee\/wp-json\/wp\/v2\/product_cat?post=9483"},{"taxonomy":"product_tag","embeddable":true,"href":"https:\/\/sleepcity.ee\/wp-json\/wp\/v2\/product_tag?post=9483"}],"curies":[{"name":"wp","href":"https:\/\/api.w.org\/{rel}","templated":true}]}}