{"id":9453,"date":"2025-09-19T15:14:32","date_gmt":"2025-09-19T15:14:32","guid":{"rendered":"https:\/\/www.sleepcity.ee\/?post_type=product&#038;p=9453"},"modified":"2025-09-19T15:14:32","modified_gmt":"2025-09-19T15:14:32","slug":"home-by-tempur-luxe-jacquard-puuvillasatiinist-padjapuur","status":"publish","type":"product","link":"https:\/\/www.sleepcity.ee\/toode\/home-by-tempur-luxe-jacquard-puuvillasatiinist-padjapuur\/","title":{"rendered":"Home by TEMPUR\u00ae Luxe jacquard-puuvillasatiinist padjap\u00fc\u00fcr"},"content":{"rendered":"<div id=\"headingInfoOne\" class=\"accordion-header\">\n<h3 class=\"mb-0\"><button class=\"accordion-button text-uppercase shadow-none\" aria-controls=\"collapseInfoOne\" aria-expanded=\"true\" data-bs-target=\"#collapseInfoOne\" data-bs-toggle=\"collapse\"><span class=\"heading-left\"><i class=\"icon-product-detail\"><\/i><span dir=\"auto\">Toote spetsifikatsioonid<\/span><\/span><\/button><\/h3>\n<\/div>\n<div id=\"collapseInfoOne\" class=\"accordion-collapse collapse show\" aria-labelledby=\"headingInfoOne\" data-bs-parent=\"#ProductInfo\">\n<div class=\"card-body px-2 py-0\">\n<div class=\"accordion-body\">\n<ul>\n<li><span dir=\"auto\">Valmistatud 400 niiditihedusega jacquard-puuvillasatiinist<\/span><\/li>\n<li><span dir=\"auto\">Luksuslik ja peen, kuid stiilne tekstuurne geomeetriline muster ja dekoratiivne \u00e4\u00e4ris<\/span><\/li>\n<li><span dir=\"auto\"><sup>TEMPUR \u00ae<\/sup>\u00a0disainitud ja toodetud Skandinaavias kodu jaoks<\/span><\/li>\n<li><span dir=\"auto\">Luksuslik, kuid vastupidav kangas hoiab teie voodipesu sileda ja v\u00e4rskena.<\/span><\/li>\n<li><span dir=\"auto\">Saadaval kolmes klassikalises v\u00e4rvitoonis: valge, naturaalne ja antratsiit<\/span><\/li>\n<li><span dir=\"auto\">Jahe puudutus ja k\u00f5rge niiskuseimavus rahustava une tagamiseks<\/span><\/li>\n<li><span dir=\"auto\">T\u00e4ieliku ilme saavutamiseks on saadaval sobivad voodipesud ja tekikott<\/span><\/li>\n<li><span dir=\"auto\">Kohaletoimetamine otse teile kulleriga, v\u00e4lja arvatud juhul, kui olete tellinud ka madratsi v\u00f5i voodi<\/span><\/li>\n<\/ul>\n<h4 class=\"text-uppercase\"><span dir=\"auto\">Hooldusjuhised<\/span><\/h4>\n<p><img decoding=\"async\" class=\"img-fluid w-25 mb-2\" title=\"Pesemise s\u00fcmbolid\" src=\"https:\/\/media.tempur.com\/i\/tempursealy\/HBT-washing-instructions\" alt=\"Pesemise s\u00fcmbolid\" \/><strong><span dir=\"auto\">TEE:<\/span><\/strong><\/p>\n<ul>\n<li><span dir=\"auto\">Pesta sarnaste v\u00e4rvidega kuni 60\u00b0C juures.<\/span><\/li>\n<li><span dir=\"auto\">V\u00f5ib trummelkuivatada madalal temperatuuril<\/span><\/li>\n<li><span dir=\"auto\">V\u00f5ib triikida k\u00f5rgemal temperatuuril<\/span><\/li>\n<li><span dir=\"auto\">V\u00f5ib keemiliselt puhastada<\/span><\/li>\n<\/ul>\n<p><strong><span dir=\"auto\">T\u00c4HELEPANU!:<\/span><\/strong><\/p>\n<ul>\n<li><span dir=\"auto\">\u00c4rge kasutage selle eseme puhastamisel valgendit<\/span><\/li>\n<li><span dir=\"auto\">\u00c4rge peske koos froteematerjalist esemetega<\/span><\/li>\n<\/ul>\n<\/div>\n<\/div>\n<\/div>\n","protected":false},"excerpt":{"rendered":"<h2 class=\"long-descr-title text-center\"><span dir=\"auto\">Kaasaegne luksus<\/span><\/h2>\n<p class=\"half-center\"><span dir=\"auto\">L\u00f5\u00f5gastu padjap\u00fc\u00fcril, mis annab karge ja puhta hotellitunde ning Skandinaavia stiili h\u00f5ngu.<\/span><br \/>\n<span dir=\"auto\">Ideaalne praktilisuse ja mugavuse kombinatsioon \u2013 naudi jahedat viimistlust ja head niiskuseimavust, et tagada rahustav uni isegi k\u00f5ige kuumema temperatuuriga.<\/span><br \/>\n<span dir=\"auto\">\u00c4\u00e4rmiselt vastupidav \u00f5rna mustriga kangas on loodud taluma suurt kulumist, nii et teie voodipesu p\u00fcsib karge ja v\u00e4rske.<\/span><\/p>\n<p class=\"my-3\"><span dir=\"auto\">Luksusliku jaheda puudutusega ja kaasaegse Skandinaavia disainiga, mis sobib igasse moodsasse magamistuppa.<\/span><\/p>\n<p><span dir=\"auto\">Saadaval on ka sobivad tekikotid ja valitud sobivaid \u00fchev\u00e4rvilised linad.<\/span><\/p>\n","protected":false},"featured_media":9462,"comment_status":"open","ping_status":"closed","template":"","meta":{"_monsterinsights_skip_tracking":false,"_monsterinsights_sitenote_active":false,"_monsterinsights_sitenote_note":"","_monsterinsights_sitenote_category":0},"product_brand":[],"product_cat":[672,15,90],"product_tag":[],"class_list":{"0":"post-9453","1":"product","2":"type-product","3":"status-publish","4":"has-post-thumbnail","6":"product_cat-home-by-tempur-voodipesu","7":"product_cat-muu","8":"product_cat-voodipesu","9":"pa_varv-beez","10":"pa_varv-tumehall","11":"pa_varv-valge","13":"first","14":"instock","15":"taxable","16":"shipping-taxable","17":"purchasable","18":"product-type-variable"},"yoast_head":"<!-- This site is optimized with the Yoast SEO plugin v27.4 - https:\/\/yoast.com\/product\/yoast-seo-wordpress\/ -->\n<title>Home by TEMPUR\u00ae Luxe jacquard-puuvillasatiinist padjap\u00fc\u00fcr - SleepCity - Hea Une Valem<\/title>\n<meta name=\"description\" content=\"Kaasaegne luksus L\u00f5\u00f5gastu padjap\u00fc\u00fcril, mis annab karge ja puhta hotellitunde ning Skandinaavia stiili h\u00f5ngu. Ideaalne praktilisuse ja mugavuse kombinatsioon \u2013 naudi jahedat viimistlust ja head niiskuseimavust, et tagada rahustav uni isegi k\u00f5ige kuumema temperatuuriga. \u00c4\u00e4rmiselt vastupidav \u00f5rna mustriga kangas on loodud taluma suurt kulumist, nii et teie voodipesu p\u00fcsib karge ja v\u00e4rske. Luksusliku jaheda puudutusega ja kaasaegse Skandinaavia disainiga, mis sobib igasse moodsasse magamistuppa. Saadaval on ka sobivad tekikotid ja valitud sobivaid \u00fchev\u00e4rvilised linad.\" \/>\n<meta name=\"robots\" content=\"index, follow, max-snippet:-1, max-image-preview:large, max-video-preview:-1\" \/>\n<link rel=\"canonical\" href=\"https:\/\/sleepcity.ee\/toode\/home-by-tempur-luxe-jacquard-puuvillasatiinist-padjapuur\/\" \/>\n<meta property=\"og:locale\" content=\"et_EE\" \/>\n<meta property=\"og:type\" content=\"article\" \/>\n<meta property=\"og:title\" content=\"Home by TEMPUR\u00ae Luxe jacquard-puuvillasatiinist padjap\u00fc\u00fcr - SleepCity - Hea Une Valem\" \/>\n<meta property=\"og:description\" content=\"Kaasaegne luksus L\u00f5\u00f5gastu padjap\u00fc\u00fcril, mis annab karge ja puhta hotellitunde ning Skandinaavia stiili h\u00f5ngu. Ideaalne praktilisuse ja mugavuse kombinatsioon \u2013 naudi jahedat viimistlust ja head niiskuseimavust, et tagada rahustav uni isegi k\u00f5ige kuumema temperatuuriga. \u00c4\u00e4rmiselt vastupidav \u00f5rna mustriga kangas on loodud taluma suurt kulumist, nii et teie voodipesu p\u00fcsib karge ja v\u00e4rske. Luksusliku jaheda puudutusega ja kaasaegse Skandinaavia disainiga, mis sobib igasse moodsasse magamistuppa. Saadaval on ka sobivad tekikotid ja valitud sobivaid \u00fchev\u00e4rvilised linad.\" \/>\n<meta property=\"og:url\" content=\"https:\/\/sleepcity.ee\/toode\/home-by-tempur-luxe-jacquard-puuvillasatiinist-padjapuur\/\" \/>\n<meta property=\"og:site_name\" content=\"SleepCity - Hea Une Valem\" \/>\n<meta property=\"article:publisher\" content=\"http:\/\/www.fb.com\/TempurEstonia\" \/>\n<meta property=\"og:image\" content=\"https:\/\/sleepcity.ee\/wp-content\/uploads\/2025\/09\/HBT-CLP-pillowcovers-example-scaled.jpg\" \/>\n\t<meta property=\"og:image:width\" content=\"2560\" \/>\n\t<meta property=\"og:image:height\" content=\"1438\" \/>\n\t<meta property=\"og:image:type\" content=\"image\/jpeg\" \/>\n<meta name=\"twitter:card\" content=\"summary_large_image\" \/>\n<meta name=\"twitter:label1\" content=\"Est. reading time\" \/>\n\t<meta name=\"twitter:data1\" content=\"1 minut\" \/>\n<script type=\"application\/ld+json\" class=\"yoast-schema-graph\">{\"@context\":\"https:\\\/\\\/schema.org\",\"@graph\":[{\"@type\":\"WebPage\",\"@id\":\"https:\\\/\\\/sleepcity.ee\\\/toode\\\/home-by-tempur-luxe-jacquard-puuvillasatiinist-padjapuur\\\/\",\"url\":\"https:\\\/\\\/sleepcity.ee\\\/toode\\\/home-by-tempur-luxe-jacquard-puuvillasatiinist-padjapuur\\\/\",\"name\":\"Home by TEMPUR\u00ae Luxe jacquard-puuvillasatiinist padjap\u00fc\u00fcr - SleepCity - Hea Une Valem\",\"isPartOf\":{\"@id\":\"https:\\\/\\\/sleepcity.ee\\\/#website\"},\"primaryImageOfPage\":{\"@id\":\"https:\\\/\\\/sleepcity.ee\\\/toode\\\/home-by-tempur-luxe-jacquard-puuvillasatiinist-padjapuur\\\/#primaryimage\"},\"image\":{\"@id\":\"https:\\\/\\\/sleepcity.ee\\\/toode\\\/home-by-tempur-luxe-jacquard-puuvillasatiinist-padjapuur\\\/#primaryimage\"},\"thumbnailUrl\":\"https:\\\/\\\/sleepcity.ee\\\/wp-content\\\/uploads\\\/2025\\\/09\\\/HBT-CLP-pillowcovers-example-scaled.jpg\",\"datePublished\":\"2025-09-19T15:14:32+00:00\",\"description\":\"Kaasaegne luksus L\u00f5\u00f5gastu padjap\u00fc\u00fcril, mis annab karge ja puhta hotellitunde ning Skandinaavia stiili h\u00f5ngu. Ideaalne praktilisuse ja mugavuse kombinatsioon \u2013 naudi jahedat viimistlust ja head niiskuseimavust, et tagada rahustav uni isegi k\u00f5ige kuumema temperatuuriga. \u00c4\u00e4rmiselt vastupidav \u00f5rna mustriga kangas on loodud taluma suurt kulumist, nii et teie voodipesu p\u00fcsib karge ja v\u00e4rske. Luksusliku jaheda puudutusega ja kaasaegse Skandinaavia disainiga, mis sobib igasse moodsasse magamistuppa. Saadaval on ka sobivad tekikotid ja valitud sobivaid \u00fchev\u00e4rvilised linad.\",\"breadcrumb\":{\"@id\":\"https:\\\/\\\/sleepcity.ee\\\/toode\\\/home-by-tempur-luxe-jacquard-puuvillasatiinist-padjapuur\\\/#breadcrumb\"},\"inLanguage\":\"et\",\"potentialAction\":[{\"@type\":\"ReadAction\",\"target\":[\"https:\\\/\\\/sleepcity.ee\\\/toode\\\/home-by-tempur-luxe-jacquard-puuvillasatiinist-padjapuur\\\/\"]}]},{\"@type\":\"ImageObject\",\"inLanguage\":\"et\",\"@id\":\"https:\\\/\\\/sleepcity.ee\\\/toode\\\/home-by-tempur-luxe-jacquard-puuvillasatiinist-padjapuur\\\/#primaryimage\",\"url\":\"https:\\\/\\\/sleepcity.ee\\\/wp-content\\\/uploads\\\/2025\\\/09\\\/HBT-CLP-pillowcovers-example-scaled.jpg\",\"contentUrl\":\"https:\\\/\\\/sleepcity.ee\\\/wp-content\\\/uploads\\\/2025\\\/09\\\/HBT-CLP-pillowcovers-example-scaled.jpg\",\"width\":2560,\"height\":1438},{\"@type\":\"BreadcrumbList\",\"@id\":\"https:\\\/\\\/sleepcity.ee\\\/toode\\\/home-by-tempur-luxe-jacquard-puuvillasatiinist-padjapuur\\\/#breadcrumb\",\"itemListElement\":[{\"@type\":\"ListItem\",\"position\":1,\"name\":\"Home\",\"item\":\"https:\\\/\\\/sleepcity.ee\\\/\"},{\"@type\":\"ListItem\",\"position\":2,\"name\":\"Pood\",\"item\":\"https:\\\/\\\/sleepcity.ee\\\/pood\\\/\"},{\"@type\":\"ListItem\",\"position\":3,\"name\":\"Home by TEMPUR\u00ae Luxe jacquard-puuvillasatiinist padjap\u00fc\u00fcr\"}]},{\"@type\":\"WebSite\",\"@id\":\"https:\\\/\\\/sleepcity.ee\\\/#website\",\"url\":\"https:\\\/\\\/sleepcity.ee\\\/\",\"name\":\"Tempur Shop\",\"description\":\"TEMPUR madratsid, voodid, padjad ja muud unetooted.\",\"publisher\":{\"@id\":\"https:\\\/\\\/sleepcity.ee\\\/#organization\"},\"potentialAction\":[{\"@type\":\"SearchAction\",\"target\":{\"@type\":\"EntryPoint\",\"urlTemplate\":\"https:\\\/\\\/sleepcity.ee\\\/?s={search_term_string}\"},\"query-input\":{\"@type\":\"PropertyValueSpecification\",\"valueRequired\":true,\"valueName\":\"search_term_string\"}}],\"inLanguage\":\"et\"},{\"@type\":\"Organization\",\"@id\":\"https:\\\/\\\/sleepcity.ee\\\/#organization\",\"name\":\"VG Design O\u00dc\",\"url\":\"https:\\\/\\\/sleepcity.ee\\\/\",\"logo\":{\"@type\":\"ImageObject\",\"inLanguage\":\"et\",\"@id\":\"https:\\\/\\\/sleepcity.ee\\\/#\\\/schema\\\/logo\\\/image\\\/\",\"url\":\"https:\\\/\\\/sleepcity.ee\\\/wp-content\\\/uploads\\\/2023\\\/09\\\/sleepcity_logo.png\",\"contentUrl\":\"https:\\\/\\\/sleepcity.ee\\\/wp-content\\\/uploads\\\/2023\\\/09\\\/sleepcity_logo.png\",\"width\":1034,\"height\":318,\"caption\":\"VG Design O\u00dc\"},\"image\":{\"@id\":\"https:\\\/\\\/sleepcity.ee\\\/#\\\/schema\\\/logo\\\/image\\\/\"},\"sameAs\":[\"http:\\\/\\\/www.fb.com\\\/TempurEstonia\",\"http:\\\/\\\/www.instagram.com\\\/tempurestonia\"]}]}<\/script>\n<!-- \/ Yoast SEO plugin. -->","yoast_head_json":{"title":"Home by TEMPUR\u00ae Luxe jacquard-puuvillasatiinist padjap\u00fc\u00fcr - SleepCity - Hea Une Valem","description":"Kaasaegne luksus L\u00f5\u00f5gastu padjap\u00fc\u00fcril, mis annab karge ja puhta hotellitunde ning Skandinaavia stiili h\u00f5ngu. Ideaalne praktilisuse ja mugavuse kombinatsioon \u2013 naudi jahedat viimistlust ja head niiskuseimavust, et tagada rahustav uni isegi k\u00f5ige kuumema temperatuuriga. \u00c4\u00e4rmiselt vastupidav \u00f5rna mustriga kangas on loodud taluma suurt kulumist, nii et teie voodipesu p\u00fcsib karge ja v\u00e4rske. Luksusliku jaheda puudutusega ja kaasaegse Skandinaavia disainiga, mis sobib igasse moodsasse magamistuppa. Saadaval on ka sobivad tekikotid ja valitud sobivaid \u00fchev\u00e4rvilised linad.","robots":{"index":"index","follow":"follow","max-snippet":"max-snippet:-1","max-image-preview":"max-image-preview:large","max-video-preview":"max-video-preview:-1"},"canonical":"https:\/\/sleepcity.ee\/toode\/home-by-tempur-luxe-jacquard-puuvillasatiinist-padjapuur\/","og_locale":"et_EE","og_type":"article","og_title":"Home by TEMPUR\u00ae Luxe jacquard-puuvillasatiinist padjap\u00fc\u00fcr - SleepCity - Hea Une Valem","og_description":"Kaasaegne luksus L\u00f5\u00f5gastu padjap\u00fc\u00fcril, mis annab karge ja puhta hotellitunde ning Skandinaavia stiili h\u00f5ngu. Ideaalne praktilisuse ja mugavuse kombinatsioon \u2013 naudi jahedat viimistlust ja head niiskuseimavust, et tagada rahustav uni isegi k\u00f5ige kuumema temperatuuriga. \u00c4\u00e4rmiselt vastupidav \u00f5rna mustriga kangas on loodud taluma suurt kulumist, nii et teie voodipesu p\u00fcsib karge ja v\u00e4rske. Luksusliku jaheda puudutusega ja kaasaegse Skandinaavia disainiga, mis sobib igasse moodsasse magamistuppa. Saadaval on ka sobivad tekikotid ja valitud sobivaid \u00fchev\u00e4rvilised linad.","og_url":"https:\/\/sleepcity.ee\/toode\/home-by-tempur-luxe-jacquard-puuvillasatiinist-padjapuur\/","og_site_name":"SleepCity - Hea Une Valem","article_publisher":"http:\/\/www.fb.com\/TempurEstonia","og_image":[{"width":2560,"height":1438,"url":"https:\/\/sleepcity.ee\/wp-content\/uploads\/2025\/09\/HBT-CLP-pillowcovers-example-scaled.jpg","type":"image\/jpeg"}],"twitter_card":"summary_large_image","twitter_misc":{"Est. reading time":"1 minut"},"schema":{"@context":"https:\/\/schema.org","@graph":[{"@type":"WebPage","@id":"https:\/\/sleepcity.ee\/toode\/home-by-tempur-luxe-jacquard-puuvillasatiinist-padjapuur\/","url":"https:\/\/sleepcity.ee\/toode\/home-by-tempur-luxe-jacquard-puuvillasatiinist-padjapuur\/","name":"Home by TEMPUR\u00ae Luxe jacquard-puuvillasatiinist padjap\u00fc\u00fcr - SleepCity - Hea Une Valem","isPartOf":{"@id":"https:\/\/sleepcity.ee\/#website"},"primaryImageOfPage":{"@id":"https:\/\/sleepcity.ee\/toode\/home-by-tempur-luxe-jacquard-puuvillasatiinist-padjapuur\/#primaryimage"},"image":{"@id":"https:\/\/sleepcity.ee\/toode\/home-by-tempur-luxe-jacquard-puuvillasatiinist-padjapuur\/#primaryimage"},"thumbnailUrl":"https:\/\/sleepcity.ee\/wp-content\/uploads\/2025\/09\/HBT-CLP-pillowcovers-example-scaled.jpg","datePublished":"2025-09-19T15:14:32+00:00","description":"Kaasaegne luksus L\u00f5\u00f5gastu padjap\u00fc\u00fcril, mis annab karge ja puhta hotellitunde ning Skandinaavia stiili h\u00f5ngu. Ideaalne praktilisuse ja mugavuse kombinatsioon \u2013 naudi jahedat viimistlust ja head niiskuseimavust, et tagada rahustav uni isegi k\u00f5ige kuumema temperatuuriga. \u00c4\u00e4rmiselt vastupidav \u00f5rna mustriga kangas on loodud taluma suurt kulumist, nii et teie voodipesu p\u00fcsib karge ja v\u00e4rske. Luksusliku jaheda puudutusega ja kaasaegse Skandinaavia disainiga, mis sobib igasse moodsasse magamistuppa. Saadaval on ka sobivad tekikotid ja valitud sobivaid \u00fchev\u00e4rvilised linad.","breadcrumb":{"@id":"https:\/\/sleepcity.ee\/toode\/home-by-tempur-luxe-jacquard-puuvillasatiinist-padjapuur\/#breadcrumb"},"inLanguage":"et","potentialAction":[{"@type":"ReadAction","target":["https:\/\/sleepcity.ee\/toode\/home-by-tempur-luxe-jacquard-puuvillasatiinist-padjapuur\/"]}]},{"@type":"ImageObject","inLanguage":"et","@id":"https:\/\/sleepcity.ee\/toode\/home-by-tempur-luxe-jacquard-puuvillasatiinist-padjapuur\/#primaryimage","url":"https:\/\/sleepcity.ee\/wp-content\/uploads\/2025\/09\/HBT-CLP-pillowcovers-example-scaled.jpg","contentUrl":"https:\/\/sleepcity.ee\/wp-content\/uploads\/2025\/09\/HBT-CLP-pillowcovers-example-scaled.jpg","width":2560,"height":1438},{"@type":"BreadcrumbList","@id":"https:\/\/sleepcity.ee\/toode\/home-by-tempur-luxe-jacquard-puuvillasatiinist-padjapuur\/#breadcrumb","itemListElement":[{"@type":"ListItem","position":1,"name":"Home","item":"https:\/\/sleepcity.ee\/"},{"@type":"ListItem","position":2,"name":"Pood","item":"https:\/\/sleepcity.ee\/pood\/"},{"@type":"ListItem","position":3,"name":"Home by TEMPUR\u00ae Luxe jacquard-puuvillasatiinist padjap\u00fc\u00fcr"}]},{"@type":"WebSite","@id":"https:\/\/sleepcity.ee\/#website","url":"https:\/\/sleepcity.ee\/","name":"Tempur Shop","description":"TEMPUR madratsid, voodid, padjad ja muud unetooted.","publisher":{"@id":"https:\/\/sleepcity.ee\/#organization"},"potentialAction":[{"@type":"SearchAction","target":{"@type":"EntryPoint","urlTemplate":"https:\/\/sleepcity.ee\/?s={search_term_string}"},"query-input":{"@type":"PropertyValueSpecification","valueRequired":true,"valueName":"search_term_string"}}],"inLanguage":"et"},{"@type":"Organization","@id":"https:\/\/sleepcity.ee\/#organization","name":"VG Design O\u00dc","url":"https:\/\/sleepcity.ee\/","logo":{"@type":"ImageObject","inLanguage":"et","@id":"https:\/\/sleepcity.ee\/#\/schema\/logo\/image\/","url":"https:\/\/sleepcity.ee\/wp-content\/uploads\/2023\/09\/sleepcity_logo.png","contentUrl":"https:\/\/sleepcity.ee\/wp-content\/uploads\/2023\/09\/sleepcity_logo.png","width":1034,"height":318,"caption":"VG Design O\u00dc"},"image":{"@id":"https:\/\/sleepcity.ee\/#\/schema\/logo\/image\/"},"sameAs":["http:\/\/www.fb.com\/TempurEstonia","http:\/\/www.instagram.com\/tempurestonia"]}]}},"_links":{"self":[{"href":"https:\/\/www.sleepcity.ee\/wp-json\/wp\/v2\/product\/9453","targetHints":{"allow":["GET"]}}],"collection":[{"href":"https:\/\/www.sleepcity.ee\/wp-json\/wp\/v2\/product"}],"about":[{"href":"https:\/\/www.sleepcity.ee\/wp-json\/wp\/v2\/types\/product"}],"replies":[{"embeddable":true,"href":"https:\/\/www.sleepcity.ee\/wp-json\/wp\/v2\/comments?post=9453"}],"wp:featuredmedia":[{"embeddable":true,"href":"https:\/\/www.sleepcity.ee\/wp-json\/wp\/v2\/media\/9462"}],"wp:attachment":[{"href":"https:\/\/www.sleepcity.ee\/wp-json\/wp\/v2\/media?parent=9453"}],"wp:term":[{"taxonomy":"product_brand","embeddable":true,"href":"https:\/\/www.sleepcity.ee\/wp-json\/wp\/v2\/product_brand?post=9453"},{"taxonomy":"product_cat","embeddable":true,"href":"https:\/\/www.sleepcity.ee\/wp-json\/wp\/v2\/product_cat?post=9453"},{"taxonomy":"product_tag","embeddable":true,"href":"https:\/\/www.sleepcity.ee\/wp-json\/wp\/v2\/product_tag?post=9453"}],"curies":[{"name":"wp","href":"https:\/\/api.w.org\/{rel}","templated":true}]}}