{"id":9442,"date":"2025-09-19T09:15:23","date_gmt":"2025-09-19T09:15:23","guid":{"rendered":"https:\/\/sleepcity.ee\/?post_type=product&#038;p=9442"},"modified":"2025-10-31T08:39:32","modified_gmt":"2025-10-31T08:39:32","slug":"luksuslik-siidist-padi-50x70cm-madal","status":"publish","type":"product","link":"https:\/\/www.sleepcity.ee\/toode\/luksuslik-siidist-padi-50x70cm-madal\/","title":{"rendered":"LUKSUSLIK Siidist Padi 50x70cm, madal"},"content":{"rendered":"<ul class=\"nav nav-tabs m-product-additional-info-tabs\">\n<li class=\"active m-product-additional-info customdata\"><a data-target=\"#tabs-pane2\" data-toggle=\"content\"><span dir=\"auto\">Spetsifikatsioonid<\/span><\/a><\/li>\n<\/ul>\n<div class=\"toggle-content t-panel-clean m-product-additional-info-content\">\n<div id=\"tabs-pane2\" class=\"pane active m-product-additional-info customdata\">\n<div class=\"responsive-table-wrap m-product-customdata\">\n<table class=\"table-h-striped\">\n<tbody>\n<tr id=\"m-product-customdata-type-2\">\n<td class=\"m-product-customdata-title\"><span dir=\"auto\">T\u00e4idis<\/span><\/td>\n<td class=\"m-product-customdata-data\"><span id=\"m-product-customdata-data-172\" class=\"m-product-customdata-data-title\"><span dir=\"auto\">100% mooruspuu siid<\/span><\/span><\/td>\n<\/tr>\n<tr id=\"m-product-customdata-type-4\">\n<td class=\"m-product-customdata-title\"><span dir=\"auto\">Kangas<\/span><\/td>\n<td class=\"m-product-customdata-data\"><span id=\"m-product-customdata-data-151\" class=\"m-product-customdata-data-title\"><span dir=\"auto\">100% mooruspuu siid<\/span><\/span><\/td>\n<\/tr>\n<tr id=\"m-product-customdata-type-7\">\n<td class=\"m-product-customdata-title\"><span dir=\"auto\">Kudumine<\/span><\/td>\n<td class=\"m-product-customdata-data\"><span id=\"m-product-customdata-data-12\" class=\"m-product-customdata-data-title\"><span dir=\"auto\">Satiin<\/span><\/span><\/td>\n<\/tr>\n<tr id=\"m-product-customdata-type-6\">\n<td class=\"m-product-customdata-title\"><span dir=\"auto\">Kvaliteet<\/span><\/td>\n<td class=\"m-product-customdata-data\"><span id=\"m-product-customdata-data-181\" class=\"m-product-customdata-data-title\"><span dir=\"auto\">19 , v\u00e4rv: valge<\/span><\/span><\/td>\n<\/tr>\n<tr id=\"m-product-customdata-type-1\">\n<td class=\"m-product-customdata-title\"><span dir=\"auto\">Sertifikaadid<\/span><\/td>\n<td class=\"m-product-customdata-data\"><span id=\"m-product-customdata-data-5\" class=\"m-product-customdata-data-title\"><span dir=\"auto\">Oeko-Tex Standard 100 &#8211; I klass<\/span><\/span><\/td>\n<\/tr>\n<tr id=\"m-product-customdata-type-20\">\n<td class=\"m-product-customdata-title\"><span dir=\"auto\">P\u00e4ritoluriik<\/span><\/td>\n<td class=\"m-product-customdata-data\"><span id=\"m-product-customdata-data-72\" class=\"m-product-customdata-data-title\"><span dir=\"auto\">Disainitud Taanis<\/span><\/span><\/td>\n<\/tr>\n<\/tbody>\n<\/table>\n<\/div>\n<\/div>\n<\/div>\n","protected":false},"excerpt":{"rendered":"<p>Luksuslik siidipadi, mis pakub unikaalset kergust ja pehmust. Valmistatud naturaalsest siidist, mis hingab ja reguleerib temperatuuri, hoides Sind \u00f6\u00f6 l\u00e4bi v\u00e4rske ja mugavana.<\/p>\n<p>Klassikaline 50\u00d770 m\u00f5\u00f5t sobib enamikule padjap\u00fc\u00fcridele ning annab magamistoale elegantse ilme.<\/p>\n<p>Ideaalne valik neile, kes hindavad kvaliteeti, tervislikku und ja looduslikke materjale.<\/p>\n","protected":false},"featured_media":9444,"comment_status":"open","ping_status":"closed","template":"","meta":{"_monsterinsights_skip_tracking":false,"_monsterinsights_sitenote_active":false,"_monsterinsights_sitenote_note":"","_monsterinsights_sitenote_category":0},"product_brand":[],"product_cat":[92,670],"product_tag":[682],"class_list":{"0":"post-9442","1":"product","2":"type-product","3":"status-publish","4":"has-post-thumbnail","6":"product_cat-padjad","7":"product_cat-siidipadjad","8":"product_tag-madal-padi","10":"first","11":"instock","12":"taxable","13":"shipping-taxable","14":"purchasable","15":"product-type-simple"},"yoast_head":"<!-- This site is optimized with the Yoast SEO plugin v27.3 - https:\/\/yoast.com\/product\/yoast-seo-wordpress\/ -->\n<title>LUKSUSLIK Siidist Padi 50x70cm, madal - SleepCity - Hea Une Valem<\/title>\n<meta name=\"description\" content=\"Luksuslik siidipadi, mis pakub unikaalset kergust ja pehmust. Valmistatud naturaalsest siidist, mis hingab ja reguleerib temperatuuri, hoides Sind \u00f6\u00f6 l\u00e4bi v\u00e4rske ja mugavana.  Klassikaline 50\u00d770 m\u00f5\u00f5t sobib enamikule padjap\u00fc\u00fcridele ning annab magamistoale elegantse ilme.  Ideaalne valik neile, kes hindavad kvaliteeti, tervislikku und ja looduslikke materjale.\" \/>\n<meta name=\"robots\" content=\"index, follow, max-snippet:-1, max-image-preview:large, max-video-preview:-1\" \/>\n<link rel=\"canonical\" href=\"https:\/\/sleepcity.ee\/toode\/luksuslik-siidist-padi-50x70cm-madal\/\" \/>\n<meta property=\"og:locale\" content=\"et_EE\" \/>\n<meta property=\"og:type\" content=\"article\" \/>\n<meta property=\"og:title\" content=\"LUKSUSLIK Siidist Padi 50x70cm, madal - SleepCity - Hea Une Valem\" \/>\n<meta property=\"og:description\" content=\"Luksuslik siidipadi, mis pakub unikaalset kergust ja pehmust. Valmistatud naturaalsest siidist, mis hingab ja reguleerib temperatuuri, hoides Sind \u00f6\u00f6 l\u00e4bi v\u00e4rske ja mugavana.  Klassikaline 50\u00d770 m\u00f5\u00f5t sobib enamikule padjap\u00fc\u00fcridele ning annab magamistoale elegantse ilme.  Ideaalne valik neile, kes hindavad kvaliteeti, tervislikku und ja looduslikke materjale.\" \/>\n<meta property=\"og:url\" content=\"https:\/\/sleepcity.ee\/toode\/luksuslik-siidist-padi-50x70cm-madal\/\" \/>\n<meta property=\"og:site_name\" content=\"SleepCity - Hea Une Valem\" \/>\n<meta property=\"article:publisher\" content=\"http:\/\/www.fb.com\/TempurEstonia\" \/>\n<meta property=\"article:modified_time\" content=\"2025-10-31T08:39:32+00:00\" \/>\n<meta property=\"og:image\" content=\"https:\/\/sleepcity.ee\/wp-content\/uploads\/2025\/09\/bsoc_silkepude_2021.w1220.h1220.fill_.webp\" \/>\n\t<meta property=\"og:image:width\" content=\"1220\" \/>\n\t<meta property=\"og:image:height\" content=\"1220\" \/>\n\t<meta property=\"og:image:type\" content=\"image\/webp\" \/>\n<meta name=\"twitter:card\" content=\"summary_large_image\" \/>\n<script type=\"application\/ld+json\" class=\"yoast-schema-graph\">{\"@context\":\"https:\\\/\\\/schema.org\",\"@graph\":[{\"@type\":\"WebPage\",\"@id\":\"https:\\\/\\\/sleepcity.ee\\\/toode\\\/luksuslik-siidist-padi-50x70cm-madal\\\/\",\"url\":\"https:\\\/\\\/sleepcity.ee\\\/toode\\\/luksuslik-siidist-padi-50x70cm-madal\\\/\",\"name\":\"LUKSUSLIK Siidist Padi 50x70cm, madal - SleepCity - Hea Une Valem\",\"isPartOf\":{\"@id\":\"https:\\\/\\\/sleepcity.ee\\\/#website\"},\"primaryImageOfPage\":{\"@id\":\"https:\\\/\\\/sleepcity.ee\\\/toode\\\/luksuslik-siidist-padi-50x70cm-madal\\\/#primaryimage\"},\"image\":{\"@id\":\"https:\\\/\\\/sleepcity.ee\\\/toode\\\/luksuslik-siidist-padi-50x70cm-madal\\\/#primaryimage\"},\"thumbnailUrl\":\"https:\\\/\\\/sleepcity.ee\\\/wp-content\\\/uploads\\\/2025\\\/09\\\/bsoc_silkepude_2021.w1220.h1220.fill_.webp\",\"datePublished\":\"2025-09-19T09:15:23+00:00\",\"dateModified\":\"2025-10-31T08:39:32+00:00\",\"description\":\"Luksuslik siidipadi, mis pakub unikaalset kergust ja pehmust. Valmistatud naturaalsest siidist, mis hingab ja reguleerib temperatuuri, hoides Sind \u00f6\u00f6 l\u00e4bi v\u00e4rske ja mugavana. Klassikaline 50\u00d770 m\u00f5\u00f5t sobib enamikule padjap\u00fc\u00fcridele ning annab magamistoale elegantse ilme. Ideaalne valik neile, kes hindavad kvaliteeti, tervislikku und ja looduslikke materjale.\",\"breadcrumb\":{\"@id\":\"https:\\\/\\\/sleepcity.ee\\\/toode\\\/luksuslik-siidist-padi-50x70cm-madal\\\/#breadcrumb\"},\"inLanguage\":\"et\",\"potentialAction\":[{\"@type\":\"ReadAction\",\"target\":[\"https:\\\/\\\/sleepcity.ee\\\/toode\\\/luksuslik-siidist-padi-50x70cm-madal\\\/\"]}]},{\"@type\":\"ImageObject\",\"inLanguage\":\"et\",\"@id\":\"https:\\\/\\\/sleepcity.ee\\\/toode\\\/luksuslik-siidist-padi-50x70cm-madal\\\/#primaryimage\",\"url\":\"https:\\\/\\\/sleepcity.ee\\\/wp-content\\\/uploads\\\/2025\\\/09\\\/bsoc_silkepude_2021.w1220.h1220.fill_.webp\",\"contentUrl\":\"https:\\\/\\\/sleepcity.ee\\\/wp-content\\\/uploads\\\/2025\\\/09\\\/bsoc_silkepude_2021.w1220.h1220.fill_.webp\",\"width\":1220,\"height\":1220},{\"@type\":\"BreadcrumbList\",\"@id\":\"https:\\\/\\\/sleepcity.ee\\\/toode\\\/luksuslik-siidist-padi-50x70cm-madal\\\/#breadcrumb\",\"itemListElement\":[{\"@type\":\"ListItem\",\"position\":1,\"name\":\"Home\",\"item\":\"https:\\\/\\\/www.sleepcity.ee\\\/\"},{\"@type\":\"ListItem\",\"position\":2,\"name\":\"Pood\",\"item\":\"https:\\\/\\\/sleepcity.ee\\\/pood\\\/\"},{\"@type\":\"ListItem\",\"position\":3,\"name\":\"LUKSUSLIK Siidist Padi 50x70cm, madal\"}]},{\"@type\":\"WebSite\",\"@id\":\"https:\\\/\\\/sleepcity.ee\\\/#website\",\"url\":\"https:\\\/\\\/sleepcity.ee\\\/\",\"name\":\"Tempur Shop\",\"description\":\"TEMPUR madratsid, voodid, padjad ja muud unetooted.\",\"publisher\":{\"@id\":\"https:\\\/\\\/sleepcity.ee\\\/#organization\"},\"potentialAction\":[{\"@type\":\"SearchAction\",\"target\":{\"@type\":\"EntryPoint\",\"urlTemplate\":\"https:\\\/\\\/sleepcity.ee\\\/?s={search_term_string}\"},\"query-input\":{\"@type\":\"PropertyValueSpecification\",\"valueRequired\":true,\"valueName\":\"search_term_string\"}}],\"inLanguage\":\"et\"},{\"@type\":\"Organization\",\"@id\":\"https:\\\/\\\/sleepcity.ee\\\/#organization\",\"name\":\"VG Design O\u00dc\",\"url\":\"https:\\\/\\\/sleepcity.ee\\\/\",\"logo\":{\"@type\":\"ImageObject\",\"inLanguage\":\"et\",\"@id\":\"https:\\\/\\\/sleepcity.ee\\\/#\\\/schema\\\/logo\\\/image\\\/\",\"url\":\"https:\\\/\\\/sleepcity.ee\\\/wp-content\\\/uploads\\\/2023\\\/09\\\/sleepcity_logo.png\",\"contentUrl\":\"https:\\\/\\\/sleepcity.ee\\\/wp-content\\\/uploads\\\/2023\\\/09\\\/sleepcity_logo.png\",\"width\":1034,\"height\":318,\"caption\":\"VG Design O\u00dc\"},\"image\":{\"@id\":\"https:\\\/\\\/sleepcity.ee\\\/#\\\/schema\\\/logo\\\/image\\\/\"},\"sameAs\":[\"http:\\\/\\\/www.fb.com\\\/TempurEstonia\",\"http:\\\/\\\/www.instagram.com\\\/tempurestonia\"]}]}<\/script>\n<!-- \/ Yoast SEO plugin. -->","yoast_head_json":{"title":"LUKSUSLIK Siidist Padi 50x70cm, madal - SleepCity - Hea Une Valem","description":"Luksuslik siidipadi, mis pakub unikaalset kergust ja pehmust. Valmistatud naturaalsest siidist, mis hingab ja reguleerib temperatuuri, hoides Sind \u00f6\u00f6 l\u00e4bi v\u00e4rske ja mugavana.  Klassikaline 50\u00d770 m\u00f5\u00f5t sobib enamikule padjap\u00fc\u00fcridele ning annab magamistoale elegantse ilme.  Ideaalne valik neile, kes hindavad kvaliteeti, tervislikku und ja looduslikke materjale.","robots":{"index":"index","follow":"follow","max-snippet":"max-snippet:-1","max-image-preview":"max-image-preview:large","max-video-preview":"max-video-preview:-1"},"canonical":"https:\/\/sleepcity.ee\/toode\/luksuslik-siidist-padi-50x70cm-madal\/","og_locale":"et_EE","og_type":"article","og_title":"LUKSUSLIK Siidist Padi 50x70cm, madal - SleepCity - Hea Une Valem","og_description":"Luksuslik siidipadi, mis pakub unikaalset kergust ja pehmust. Valmistatud naturaalsest siidist, mis hingab ja reguleerib temperatuuri, hoides Sind \u00f6\u00f6 l\u00e4bi v\u00e4rske ja mugavana.  Klassikaline 50\u00d770 m\u00f5\u00f5t sobib enamikule padjap\u00fc\u00fcridele ning annab magamistoale elegantse ilme.  Ideaalne valik neile, kes hindavad kvaliteeti, tervislikku und ja looduslikke materjale.","og_url":"https:\/\/sleepcity.ee\/toode\/luksuslik-siidist-padi-50x70cm-madal\/","og_site_name":"SleepCity - Hea Une Valem","article_publisher":"http:\/\/www.fb.com\/TempurEstonia","article_modified_time":"2025-10-31T08:39:32+00:00","og_image":[{"width":1220,"height":1220,"url":"https:\/\/sleepcity.ee\/wp-content\/uploads\/2025\/09\/bsoc_silkepude_2021.w1220.h1220.fill_.webp","type":"image\/webp"}],"twitter_card":"summary_large_image","schema":{"@context":"https:\/\/schema.org","@graph":[{"@type":"WebPage","@id":"https:\/\/sleepcity.ee\/toode\/luksuslik-siidist-padi-50x70cm-madal\/","url":"https:\/\/sleepcity.ee\/toode\/luksuslik-siidist-padi-50x70cm-madal\/","name":"LUKSUSLIK Siidist Padi 50x70cm, madal - SleepCity - Hea Une Valem","isPartOf":{"@id":"https:\/\/sleepcity.ee\/#website"},"primaryImageOfPage":{"@id":"https:\/\/sleepcity.ee\/toode\/luksuslik-siidist-padi-50x70cm-madal\/#primaryimage"},"image":{"@id":"https:\/\/sleepcity.ee\/toode\/luksuslik-siidist-padi-50x70cm-madal\/#primaryimage"},"thumbnailUrl":"https:\/\/sleepcity.ee\/wp-content\/uploads\/2025\/09\/bsoc_silkepude_2021.w1220.h1220.fill_.webp","datePublished":"2025-09-19T09:15:23+00:00","dateModified":"2025-10-31T08:39:32+00:00","description":"Luksuslik siidipadi, mis pakub unikaalset kergust ja pehmust. Valmistatud naturaalsest siidist, mis hingab ja reguleerib temperatuuri, hoides Sind \u00f6\u00f6 l\u00e4bi v\u00e4rske ja mugavana. Klassikaline 50\u00d770 m\u00f5\u00f5t sobib enamikule padjap\u00fc\u00fcridele ning annab magamistoale elegantse ilme. Ideaalne valik neile, kes hindavad kvaliteeti, tervislikku und ja looduslikke materjale.","breadcrumb":{"@id":"https:\/\/sleepcity.ee\/toode\/luksuslik-siidist-padi-50x70cm-madal\/#breadcrumb"},"inLanguage":"et","potentialAction":[{"@type":"ReadAction","target":["https:\/\/sleepcity.ee\/toode\/luksuslik-siidist-padi-50x70cm-madal\/"]}]},{"@type":"ImageObject","inLanguage":"et","@id":"https:\/\/sleepcity.ee\/toode\/luksuslik-siidist-padi-50x70cm-madal\/#primaryimage","url":"https:\/\/sleepcity.ee\/wp-content\/uploads\/2025\/09\/bsoc_silkepude_2021.w1220.h1220.fill_.webp","contentUrl":"https:\/\/sleepcity.ee\/wp-content\/uploads\/2025\/09\/bsoc_silkepude_2021.w1220.h1220.fill_.webp","width":1220,"height":1220},{"@type":"BreadcrumbList","@id":"https:\/\/sleepcity.ee\/toode\/luksuslik-siidist-padi-50x70cm-madal\/#breadcrumb","itemListElement":[{"@type":"ListItem","position":1,"name":"Home","item":"https:\/\/www.sleepcity.ee\/"},{"@type":"ListItem","position":2,"name":"Pood","item":"https:\/\/sleepcity.ee\/pood\/"},{"@type":"ListItem","position":3,"name":"LUKSUSLIK Siidist Padi 50x70cm, madal"}]},{"@type":"WebSite","@id":"https:\/\/sleepcity.ee\/#website","url":"https:\/\/sleepcity.ee\/","name":"Tempur Shop","description":"TEMPUR madratsid, voodid, padjad ja muud unetooted.","publisher":{"@id":"https:\/\/sleepcity.ee\/#organization"},"potentialAction":[{"@type":"SearchAction","target":{"@type":"EntryPoint","urlTemplate":"https:\/\/sleepcity.ee\/?s={search_term_string}"},"query-input":{"@type":"PropertyValueSpecification","valueRequired":true,"valueName":"search_term_string"}}],"inLanguage":"et"},{"@type":"Organization","@id":"https:\/\/sleepcity.ee\/#organization","name":"VG Design O\u00dc","url":"https:\/\/sleepcity.ee\/","logo":{"@type":"ImageObject","inLanguage":"et","@id":"https:\/\/sleepcity.ee\/#\/schema\/logo\/image\/","url":"https:\/\/sleepcity.ee\/wp-content\/uploads\/2023\/09\/sleepcity_logo.png","contentUrl":"https:\/\/sleepcity.ee\/wp-content\/uploads\/2023\/09\/sleepcity_logo.png","width":1034,"height":318,"caption":"VG Design O\u00dc"},"image":{"@id":"https:\/\/sleepcity.ee\/#\/schema\/logo\/image\/"},"sameAs":["http:\/\/www.fb.com\/TempurEstonia","http:\/\/www.instagram.com\/tempurestonia"]}]}},"_links":{"self":[{"href":"https:\/\/www.sleepcity.ee\/wp-json\/wp\/v2\/product\/9442","targetHints":{"allow":["GET"]}}],"collection":[{"href":"https:\/\/www.sleepcity.ee\/wp-json\/wp\/v2\/product"}],"about":[{"href":"https:\/\/www.sleepcity.ee\/wp-json\/wp\/v2\/types\/product"}],"replies":[{"embeddable":true,"href":"https:\/\/www.sleepcity.ee\/wp-json\/wp\/v2\/comments?post=9442"}],"wp:featuredmedia":[{"embeddable":true,"href":"https:\/\/www.sleepcity.ee\/wp-json\/wp\/v2\/media\/9444"}],"wp:attachment":[{"href":"https:\/\/www.sleepcity.ee\/wp-json\/wp\/v2\/media?parent=9442"}],"wp:term":[{"taxonomy":"product_brand","embeddable":true,"href":"https:\/\/www.sleepcity.ee\/wp-json\/wp\/v2\/product_brand?post=9442"},{"taxonomy":"product_cat","embeddable":true,"href":"https:\/\/www.sleepcity.ee\/wp-json\/wp\/v2\/product_cat?post=9442"},{"taxonomy":"product_tag","embeddable":true,"href":"https:\/\/www.sleepcity.ee\/wp-json\/wp\/v2\/product_tag?post=9442"}],"curies":[{"name":"wp","href":"https:\/\/api.w.org\/{rel}","templated":true}]}}