{"id":924,"date":"2019-05-10T10:09:17","date_gmt":"2019-05-10T10:09:17","guid":{"rendered":"https:\/\/sleepcity.ee\/?post_type=product&#038;p=924"},"modified":"2025-12-05T15:59:37","modified_gmt":"2025-12-05T15:59:37","slug":"tempuri-padi-original","status":"publish","type":"product","link":"https:\/\/www.sleepcity.ee\/toode\/tempuri-padi-original\/","title":{"rendered":"TEMPURI padi Original"},"content":{"rendered":"<div class=\"contentexpander hide-contentexpander active\">\n<div class=\"description\">\n<div class=\"description-description\">\n<p>Saadaval uus mudel! <span class=\"colour\">UUS TEMPUR\u00ae\ufe0f originaalne padi <a href=\"https:\/\/sleepcity.ee\/product\/tempur-padi-original-smartcool\/\">ORIGINAL koos CoolTouch \u2122 s\u00fcsteemiga<\/a> \ufe0fon loodud kaela ja selgroo optimaalseks toetamiseks n\u00f6. jaheda puudutusega (CoolTouch). CoolTouch jahutuss\u00fcsteem akumuleerib \u00fcleliigse soojuse endasse, v\u00e4ga mugav on magada ja samal ajal ei aja higistama.<\/span><\/p>\n<\/div>\n<\/div>\n<h3><strong>Miks valida TEMPUR?<\/strong><\/h3>\n<p class=\"lead\">TEMPUR\u00ae reageerib keha liigutuste peale alates pikali viskamise hetkest kuni \u00e4rkamiseni.<\/p>\n<div class=\"description\">\n<p>TEMPUR\u00ae materjal on suure tihedusega viskoelastne vaht, mis kohandub ideaalselt teie kehakujuga, kehakaalu ja temperatuuriga, et tagada teile \u00f6\u00f6 l\u00e4bi mugavust ja tuge.<\/p>\n<\/div>\n<div class=\"contentexpander-control\"><\/div>\n<\/div>\n","protected":false},"excerpt":{"rendered":"<div class=\"description-description\">\n<p><span class=\"colour\">Ergonoomiline disain, mis on just enda keha loomuliku kuju j\u00e4rgi ainulaadselt kujundatud, aitab mugavamaks muuta selgroo asendit ning toetab ka kaela, kui magate selili.<\/span><\/p>\n<p><span class=\"colour\">TEMPUR\u00ae\ufe0f materjal <strong>leevendab survet \u00f5lgade, kaela ja selja \u00fcmber, v\u00f5imaldades lihastel t\u00e4ielikult l\u00f5\u00f5gastuda.<\/strong><\/span><\/p>\n<ul>\n<li>See toetav padi on soovitatav kasutajale, kes vajab ravipatja ja korrigeeritud magamisasendit.\u00a0Padi j\u00e4rgib keha kontuuri, samas toetab pead, kaela ja \u00f5lgu, tagab l\u00fclisamba loomuliku asendi ning kindlustab t\u00e4iusliku une.<\/li>\n<li>Saadaval ka vastav padjap\u00fc\u00fcr, kui vana on kulunud<\/li>\n<\/ul>\n<\/div>\n<div class=\"description-options\"><\/div>\n","protected":false},"featured_media":257,"comment_status":"closed","ping_status":"closed","template":"","meta":{"_monsterinsights_skip_tracking":false,"_monsterinsights_sitenote_active":false,"_monsterinsights_sitenote_note":"","_monsterinsights_sitenote_category":0},"product_brand":[],"product_cat":[94],"product_tag":[],"class_list":{"0":"post-924","1":"product","2":"type-product","3":"status-publish","4":"has-post-thumbnail","6":"product_cat-ergonoomilised-padjad","8":"first","9":"instock","10":"taxable","11":"shipping-taxable","12":"purchasable","13":"product-type-variable"},"yoast_head":"<!-- This site is optimized with the Yoast SEO plugin v27.4 - https:\/\/yoast.com\/product\/yoast-seo-wordpress\/ -->\n<title>TEMPURI padi Original - SleepCity - Hea Une Valem<\/title>\n<meta name=\"description\" content=\"See toetav ORIGINAL padi on soovitatav kasutajale, kes vajab ravipatja ja korrigeeritud magamisasendit.Sobib just selili magajatele.\" \/>\n<meta name=\"robots\" content=\"index, follow, max-snippet:-1, max-image-preview:large, max-video-preview:-1\" \/>\n<link rel=\"canonical\" href=\"https:\/\/www.sleepcity.ee\/toode\/tempuri-padi-original\/\" \/>\n<meta property=\"og:locale\" content=\"et_EE\" \/>\n<meta property=\"og:type\" content=\"article\" \/>\n<meta property=\"og:title\" content=\"TEMPURI padi Original - SleepCity - Hea Une Valem\" \/>\n<meta property=\"og:description\" content=\"See toetav ORIGINAL padi on soovitatav kasutajale, kes vajab ravipatja ja korrigeeritud magamisasendit.Sobib just selili magajatele.\" \/>\n<meta property=\"og:url\" content=\"https:\/\/www.sleepcity.ee\/toode\/tempuri-padi-original\/\" \/>\n<meta property=\"og:site_name\" content=\"SleepCity - Hea Une Valem\" \/>\n<meta property=\"article:publisher\" content=\"http:\/\/www.fb.com\/TempurEstonia\" \/>\n<meta property=\"article:modified_time\" content=\"2025-12-05T15:59:37+00:00\" \/>\n<meta property=\"og:image\" content=\"https:\/\/www.sleepcity.ee\/wp-content\/uploads\/2018\/11\/tempur-padi-original-1.jpg\" \/>\n\t<meta property=\"og:image:width\" content=\"700\" \/>\n\t<meta property=\"og:image:height\" content=\"700\" \/>\n\t<meta property=\"og:image:type\" content=\"image\/jpeg\" \/>\n<meta name=\"twitter:card\" content=\"summary_large_image\" \/>\n<script type=\"application\/ld+json\" class=\"yoast-schema-graph\">{\"@context\":\"https:\\\/\\\/schema.org\",\"@graph\":[{\"@type\":\"WebPage\",\"@id\":\"https:\\\/\\\/www.sleepcity.ee\\\/toode\\\/tempuri-padi-original\\\/\",\"url\":\"https:\\\/\\\/www.sleepcity.ee\\\/toode\\\/tempuri-padi-original\\\/\",\"name\":\"TEMPURI padi Original - SleepCity - Hea Une Valem\",\"isPartOf\":{\"@id\":\"https:\\\/\\\/sleepcity.ee\\\/#website\"},\"primaryImageOfPage\":{\"@id\":\"https:\\\/\\\/www.sleepcity.ee\\\/toode\\\/tempuri-padi-original\\\/#primaryimage\"},\"image\":{\"@id\":\"https:\\\/\\\/www.sleepcity.ee\\\/toode\\\/tempuri-padi-original\\\/#primaryimage\"},\"thumbnailUrl\":\"https:\\\/\\\/www.sleepcity.ee\\\/wp-content\\\/uploads\\\/2018\\\/11\\\/tempur-padi-original-1.jpg\",\"datePublished\":\"2019-05-10T10:09:17+00:00\",\"dateModified\":\"2025-12-05T15:59:37+00:00\",\"description\":\"See toetav ORIGINAL padi on soovitatav kasutajale, kes vajab ravipatja ja korrigeeritud magamisasendit.Sobib just selili magajatele.\",\"breadcrumb\":{\"@id\":\"https:\\\/\\\/www.sleepcity.ee\\\/toode\\\/tempuri-padi-original\\\/#breadcrumb\"},\"inLanguage\":\"et\",\"potentialAction\":[{\"@type\":\"ReadAction\",\"target\":[\"https:\\\/\\\/www.sleepcity.ee\\\/toode\\\/tempuri-padi-original\\\/\"]}]},{\"@type\":\"ImageObject\",\"inLanguage\":\"et\",\"@id\":\"https:\\\/\\\/www.sleepcity.ee\\\/toode\\\/tempuri-padi-original\\\/#primaryimage\",\"url\":\"https:\\\/\\\/www.sleepcity.ee\\\/wp-content\\\/uploads\\\/2018\\\/11\\\/tempur-padi-original-1.jpg\",\"contentUrl\":\"https:\\\/\\\/www.sleepcity.ee\\\/wp-content\\\/uploads\\\/2018\\\/11\\\/tempur-padi-original-1.jpg\",\"width\":700,\"height\":700},{\"@type\":\"BreadcrumbList\",\"@id\":\"https:\\\/\\\/www.sleepcity.ee\\\/toode\\\/tempuri-padi-original\\\/#breadcrumb\",\"itemListElement\":[{\"@type\":\"ListItem\",\"position\":1,\"name\":\"Home\",\"item\":\"https:\\\/\\\/sleepcity.ee\\\/\"},{\"@type\":\"ListItem\",\"position\":2,\"name\":\"Pood\",\"item\":\"https:\\\/\\\/sleepcity.ee\\\/pood\\\/\"},{\"@type\":\"ListItem\",\"position\":3,\"name\":\"TEMPURI padi Original\"}]},{\"@type\":\"WebSite\",\"@id\":\"https:\\\/\\\/sleepcity.ee\\\/#website\",\"url\":\"https:\\\/\\\/sleepcity.ee\\\/\",\"name\":\"Tempur Shop\",\"description\":\"TEMPUR madratsid, voodid, padjad ja muud unetooted.\",\"publisher\":{\"@id\":\"https:\\\/\\\/sleepcity.ee\\\/#organization\"},\"potentialAction\":[{\"@type\":\"SearchAction\",\"target\":{\"@type\":\"EntryPoint\",\"urlTemplate\":\"https:\\\/\\\/sleepcity.ee\\\/?s={search_term_string}\"},\"query-input\":{\"@type\":\"PropertyValueSpecification\",\"valueRequired\":true,\"valueName\":\"search_term_string\"}}],\"inLanguage\":\"et\"},{\"@type\":\"Organization\",\"@id\":\"https:\\\/\\\/sleepcity.ee\\\/#organization\",\"name\":\"VG Design O\u00dc\",\"url\":\"https:\\\/\\\/sleepcity.ee\\\/\",\"logo\":{\"@type\":\"ImageObject\",\"inLanguage\":\"et\",\"@id\":\"https:\\\/\\\/sleepcity.ee\\\/#\\\/schema\\\/logo\\\/image\\\/\",\"url\":\"https:\\\/\\\/www.sleepcity.ee\\\/wp-content\\\/uploads\\\/2023\\\/09\\\/sleepcity_logo.png\",\"contentUrl\":\"https:\\\/\\\/www.sleepcity.ee\\\/wp-content\\\/uploads\\\/2023\\\/09\\\/sleepcity_logo.png\",\"width\":1034,\"height\":318,\"caption\":\"VG Design O\u00dc\"},\"image\":{\"@id\":\"https:\\\/\\\/sleepcity.ee\\\/#\\\/schema\\\/logo\\\/image\\\/\"},\"sameAs\":[\"http:\\\/\\\/www.fb.com\\\/TempurEstonia\",\"http:\\\/\\\/www.instagram.com\\\/tempurestonia\"]}]}<\/script>\n<!-- \/ Yoast SEO plugin. -->","yoast_head_json":{"title":"TEMPURI padi Original - SleepCity - Hea Une Valem","description":"See toetav ORIGINAL padi on soovitatav kasutajale, kes vajab ravipatja ja korrigeeritud magamisasendit.Sobib just selili magajatele.","robots":{"index":"index","follow":"follow","max-snippet":"max-snippet:-1","max-image-preview":"max-image-preview:large","max-video-preview":"max-video-preview:-1"},"canonical":"https:\/\/www.sleepcity.ee\/toode\/tempuri-padi-original\/","og_locale":"et_EE","og_type":"article","og_title":"TEMPURI padi Original - SleepCity - Hea Une Valem","og_description":"See toetav ORIGINAL padi on soovitatav kasutajale, kes vajab ravipatja ja korrigeeritud magamisasendit.Sobib just selili magajatele.","og_url":"https:\/\/www.sleepcity.ee\/toode\/tempuri-padi-original\/","og_site_name":"SleepCity - Hea Une Valem","article_publisher":"http:\/\/www.fb.com\/TempurEstonia","article_modified_time":"2025-12-05T15:59:37+00:00","og_image":[{"width":700,"height":700,"url":"https:\/\/www.sleepcity.ee\/wp-content\/uploads\/2018\/11\/tempur-padi-original-1.jpg","type":"image\/jpeg"}],"twitter_card":"summary_large_image","schema":{"@context":"https:\/\/schema.org","@graph":[{"@type":"WebPage","@id":"https:\/\/www.sleepcity.ee\/toode\/tempuri-padi-original\/","url":"https:\/\/www.sleepcity.ee\/toode\/tempuri-padi-original\/","name":"TEMPURI padi Original - SleepCity - Hea Une Valem","isPartOf":{"@id":"https:\/\/sleepcity.ee\/#website"},"primaryImageOfPage":{"@id":"https:\/\/www.sleepcity.ee\/toode\/tempuri-padi-original\/#primaryimage"},"image":{"@id":"https:\/\/www.sleepcity.ee\/toode\/tempuri-padi-original\/#primaryimage"},"thumbnailUrl":"https:\/\/www.sleepcity.ee\/wp-content\/uploads\/2018\/11\/tempur-padi-original-1.jpg","datePublished":"2019-05-10T10:09:17+00:00","dateModified":"2025-12-05T15:59:37+00:00","description":"See toetav ORIGINAL padi on soovitatav kasutajale, kes vajab ravipatja ja korrigeeritud magamisasendit.Sobib just selili magajatele.","breadcrumb":{"@id":"https:\/\/www.sleepcity.ee\/toode\/tempuri-padi-original\/#breadcrumb"},"inLanguage":"et","potentialAction":[{"@type":"ReadAction","target":["https:\/\/www.sleepcity.ee\/toode\/tempuri-padi-original\/"]}]},{"@type":"ImageObject","inLanguage":"et","@id":"https:\/\/www.sleepcity.ee\/toode\/tempuri-padi-original\/#primaryimage","url":"https:\/\/www.sleepcity.ee\/wp-content\/uploads\/2018\/11\/tempur-padi-original-1.jpg","contentUrl":"https:\/\/www.sleepcity.ee\/wp-content\/uploads\/2018\/11\/tempur-padi-original-1.jpg","width":700,"height":700},{"@type":"BreadcrumbList","@id":"https:\/\/www.sleepcity.ee\/toode\/tempuri-padi-original\/#breadcrumb","itemListElement":[{"@type":"ListItem","position":1,"name":"Home","item":"https:\/\/sleepcity.ee\/"},{"@type":"ListItem","position":2,"name":"Pood","item":"https:\/\/sleepcity.ee\/pood\/"},{"@type":"ListItem","position":3,"name":"TEMPURI padi Original"}]},{"@type":"WebSite","@id":"https:\/\/sleepcity.ee\/#website","url":"https:\/\/sleepcity.ee\/","name":"Tempur Shop","description":"TEMPUR madratsid, voodid, padjad ja muud unetooted.","publisher":{"@id":"https:\/\/sleepcity.ee\/#organization"},"potentialAction":[{"@type":"SearchAction","target":{"@type":"EntryPoint","urlTemplate":"https:\/\/sleepcity.ee\/?s={search_term_string}"},"query-input":{"@type":"PropertyValueSpecification","valueRequired":true,"valueName":"search_term_string"}}],"inLanguage":"et"},{"@type":"Organization","@id":"https:\/\/sleepcity.ee\/#organization","name":"VG Design O\u00dc","url":"https:\/\/sleepcity.ee\/","logo":{"@type":"ImageObject","inLanguage":"et","@id":"https:\/\/sleepcity.ee\/#\/schema\/logo\/image\/","url":"https:\/\/www.sleepcity.ee\/wp-content\/uploads\/2023\/09\/sleepcity_logo.png","contentUrl":"https:\/\/www.sleepcity.ee\/wp-content\/uploads\/2023\/09\/sleepcity_logo.png","width":1034,"height":318,"caption":"VG Design O\u00dc"},"image":{"@id":"https:\/\/sleepcity.ee\/#\/schema\/logo\/image\/"},"sameAs":["http:\/\/www.fb.com\/TempurEstonia","http:\/\/www.instagram.com\/tempurestonia"]}]}},"_links":{"self":[{"href":"https:\/\/www.sleepcity.ee\/wp-json\/wp\/v2\/product\/924","targetHints":{"allow":["GET"]}}],"collection":[{"href":"https:\/\/www.sleepcity.ee\/wp-json\/wp\/v2\/product"}],"about":[{"href":"https:\/\/www.sleepcity.ee\/wp-json\/wp\/v2\/types\/product"}],"replies":[{"embeddable":true,"href":"https:\/\/www.sleepcity.ee\/wp-json\/wp\/v2\/comments?post=924"}],"wp:featuredmedia":[{"embeddable":true,"href":"https:\/\/www.sleepcity.ee\/wp-json\/wp\/v2\/media\/257"}],"wp:attachment":[{"href":"https:\/\/www.sleepcity.ee\/wp-json\/wp\/v2\/media?parent=924"}],"wp:term":[{"taxonomy":"product_brand","embeddable":true,"href":"https:\/\/www.sleepcity.ee\/wp-json\/wp\/v2\/product_brand?post=924"},{"taxonomy":"product_cat","embeddable":true,"href":"https:\/\/www.sleepcity.ee\/wp-json\/wp\/v2\/product_cat?post=924"},{"taxonomy":"product_tag","embeddable":true,"href":"https:\/\/www.sleepcity.ee\/wp-json\/wp\/v2\/product_tag?post=924"}],"curies":[{"name":"wp","href":"https:\/\/api.w.org\/{rel}","templated":true}]}}