{"id":899,"date":"2019-05-09T15:57:13","date_gmt":"2019-05-09T15:57:13","guid":{"rendered":"https:\/\/sleepcity.ee\/?post_type=product&#038;p=899"},"modified":"2023-11-02T16:23:02","modified_gmt":"2023-11-02T16:23:02","slug":"tempur-unemask","status":"publish","type":"product","link":"https:\/\/www.sleepcity.ee\/toode\/tempur-unemask\/","title":{"rendered":"TEMPUR UNEMASK"},"content":{"rendered":"<div class=\"description-description\">\n<div class=\"description-description\">\n<div class=\"description-description\">\n<h3>Tootekirjeldus<\/h3>\n<ul>\n<li>Kohandub \u00f5rnalt vastavalt n\u00e4o kontuurile, ei lase magamise v\u00f5i puhkamise ajal valgust sisse ja on silmade peal pehme.<\/li>\n<\/ul>\n<\/div>\n<div class=\"description-options\">\n<h3>M\u00f5\u00f5dud<\/h3>\n<ul>\n<li>suurus One Size<\/li>\n<\/ul>\n<\/div>\n<\/div>\n<\/div>\n","protected":false},"excerpt":{"rendered":"<div class=\"description-description\">\n<div class=\"description-description\">\n<h3>Tootekirjeldus<\/h3>\n<ul>\n<li>Kohandub \u00f5rnalt vastavalt n\u00e4o kontuurile, ei lase magamise v\u00f5i puhkamise ajal valgust sisse ja on silmade peal pehme.<\/li>\n<\/ul>\n<\/div>\n<div class=\"description-options\">\n<h3>M\u00f5\u00f5dud<\/h3>\n<ul>\n<li>suurus One Size<\/li>\n<\/ul>\n<\/div>\n<\/div>\n","protected":false},"featured_media":896,"comment_status":"closed","ping_status":"closed","template":"","meta":{"_monsterinsights_skip_tracking":false,"_monsterinsights_sitenote_active":false,"_monsterinsights_sitenote_note":"","_monsterinsights_sitenote_category":0},"product_brand":[],"product_cat":[421,15,420],"product_tag":[],"class_list":{"0":"post-899","1":"product","2":"type-product","3":"status-publish","4":"has-post-thumbnail","6":"product_cat-kodus","7":"product_cat-muu","8":"product_cat-reisil","10":"first","11":"instock","12":"taxable","13":"shipping-taxable","14":"purchasable","15":"product-type-simple"},"yoast_head":"<!-- This site is optimized with the Yoast SEO plugin v27.3 - https:\/\/yoast.com\/product\/yoast-seo-wordpress\/ -->\n<title>TEMPUR UNEMASK - SleepCity - Hea Une Valem<\/title>\n<meta name=\"description\" content=\"Tootekirjeldus   Kohandub \u00f5rnalt vastavalt n\u00e4o kontuurile, ei lase magamise v\u00f5i puhkamise ajal valgust sisse ja on silmade peal pehme.    M\u00f5\u00f5dud   suurus One Size\" \/>\n<meta name=\"robots\" content=\"index, follow, max-snippet:-1, max-image-preview:large, max-video-preview:-1\" \/>\n<link rel=\"canonical\" href=\"https:\/\/sleepcity.ee\/toode\/tempur-unemask\/\" \/>\n<meta property=\"og:locale\" content=\"et_EE\" \/>\n<meta property=\"og:type\" content=\"article\" \/>\n<meta property=\"og:title\" content=\"TEMPUR UNEMASK - SleepCity - Hea Une Valem\" \/>\n<meta property=\"og:description\" content=\"Tootekirjeldus   Kohandub \u00f5rnalt vastavalt n\u00e4o kontuurile, ei lase magamise v\u00f5i puhkamise ajal valgust sisse ja on silmade peal pehme.    M\u00f5\u00f5dud   suurus One Size\" \/>\n<meta property=\"og:url\" content=\"https:\/\/sleepcity.ee\/toode\/tempur-unemask\/\" \/>\n<meta property=\"og:site_name\" content=\"SleepCity - Hea Une Valem\" \/>\n<meta property=\"article:publisher\" content=\"http:\/\/www.fb.com\/TempurEstonia\" \/>\n<meta property=\"article:modified_time\" content=\"2023-11-02T16:23:02+00:00\" \/>\n<meta property=\"og:image\" content=\"https:\/\/sleepcity.ee\/wp-content\/uploads\/2019\/05\/slaapmasker.jpg\" \/>\n\t<meta property=\"og:image:width\" content=\"1000\" \/>\n\t<meta property=\"og:image:height\" content=\"998\" \/>\n\t<meta property=\"og:image:type\" content=\"image\/jpeg\" \/>\n<meta name=\"twitter:card\" content=\"summary_large_image\" \/>\n<script type=\"application\/ld+json\" class=\"yoast-schema-graph\">{\"@context\":\"https:\\\/\\\/schema.org\",\"@graph\":[{\"@type\":\"WebPage\",\"@id\":\"https:\\\/\\\/sleepcity.ee\\\/toode\\\/tempur-unemask\\\/\",\"url\":\"https:\\\/\\\/sleepcity.ee\\\/toode\\\/tempur-unemask\\\/\",\"name\":\"TEMPUR UNEMASK - SleepCity - Hea Une Valem\",\"isPartOf\":{\"@id\":\"https:\\\/\\\/sleepcity.ee\\\/#website\"},\"primaryImageOfPage\":{\"@id\":\"https:\\\/\\\/sleepcity.ee\\\/toode\\\/tempur-unemask\\\/#primaryimage\"},\"image\":{\"@id\":\"https:\\\/\\\/sleepcity.ee\\\/toode\\\/tempur-unemask\\\/#primaryimage\"},\"thumbnailUrl\":\"https:\\\/\\\/www.sleepcity.ee\\\/wp-content\\\/uploads\\\/2019\\\/05\\\/slaapmasker.jpg\",\"datePublished\":\"2019-05-09T15:57:13+00:00\",\"dateModified\":\"2023-11-02T16:23:02+00:00\",\"description\":\"Tootekirjeldus Kohandub \u00f5rnalt vastavalt n\u00e4o kontuurile, ei lase magamise v\u00f5i puhkamise ajal valgust sisse ja on silmade peal pehme. M\u00f5\u00f5dud suurus One Size\",\"breadcrumb\":{\"@id\":\"https:\\\/\\\/sleepcity.ee\\\/toode\\\/tempur-unemask\\\/#breadcrumb\"},\"inLanguage\":\"et\",\"potentialAction\":[{\"@type\":\"ReadAction\",\"target\":[\"https:\\\/\\\/sleepcity.ee\\\/toode\\\/tempur-unemask\\\/\"]}]},{\"@type\":\"ImageObject\",\"inLanguage\":\"et\",\"@id\":\"https:\\\/\\\/sleepcity.ee\\\/toode\\\/tempur-unemask\\\/#primaryimage\",\"url\":\"https:\\\/\\\/www.sleepcity.ee\\\/wp-content\\\/uploads\\\/2019\\\/05\\\/slaapmasker.jpg\",\"contentUrl\":\"https:\\\/\\\/www.sleepcity.ee\\\/wp-content\\\/uploads\\\/2019\\\/05\\\/slaapmasker.jpg\",\"width\":1000,\"height\":998},{\"@type\":\"BreadcrumbList\",\"@id\":\"https:\\\/\\\/sleepcity.ee\\\/toode\\\/tempur-unemask\\\/#breadcrumb\",\"itemListElement\":[{\"@type\":\"ListItem\",\"position\":1,\"name\":\"Home\",\"item\":\"https:\\\/\\\/www.sleepcity.ee\\\/\"},{\"@type\":\"ListItem\",\"position\":2,\"name\":\"Pood\",\"item\":\"https:\\\/\\\/sleepcity.ee\\\/pood\\\/\"},{\"@type\":\"ListItem\",\"position\":3,\"name\":\"TEMPUR UNEMASK\"}]},{\"@type\":\"WebSite\",\"@id\":\"https:\\\/\\\/sleepcity.ee\\\/#website\",\"url\":\"https:\\\/\\\/sleepcity.ee\\\/\",\"name\":\"Tempur Shop\",\"description\":\"TEMPUR madratsid, voodid, padjad ja muud unetooted.\",\"publisher\":{\"@id\":\"https:\\\/\\\/sleepcity.ee\\\/#organization\"},\"potentialAction\":[{\"@type\":\"SearchAction\",\"target\":{\"@type\":\"EntryPoint\",\"urlTemplate\":\"https:\\\/\\\/sleepcity.ee\\\/?s={search_term_string}\"},\"query-input\":{\"@type\":\"PropertyValueSpecification\",\"valueRequired\":true,\"valueName\":\"search_term_string\"}}],\"inLanguage\":\"et\"},{\"@type\":\"Organization\",\"@id\":\"https:\\\/\\\/sleepcity.ee\\\/#organization\",\"name\":\"VG Design O\u00dc\",\"url\":\"https:\\\/\\\/sleepcity.ee\\\/\",\"logo\":{\"@type\":\"ImageObject\",\"inLanguage\":\"et\",\"@id\":\"https:\\\/\\\/sleepcity.ee\\\/#\\\/schema\\\/logo\\\/image\\\/\",\"url\":\"https:\\\/\\\/www.sleepcity.ee\\\/wp-content\\\/uploads\\\/2023\\\/09\\\/sleepcity_logo.png\",\"contentUrl\":\"https:\\\/\\\/www.sleepcity.ee\\\/wp-content\\\/uploads\\\/2023\\\/09\\\/sleepcity_logo.png\",\"width\":1034,\"height\":318,\"caption\":\"VG Design O\u00dc\"},\"image\":{\"@id\":\"https:\\\/\\\/sleepcity.ee\\\/#\\\/schema\\\/logo\\\/image\\\/\"},\"sameAs\":[\"http:\\\/\\\/www.fb.com\\\/TempurEstonia\",\"http:\\\/\\\/www.instagram.com\\\/tempurestonia\"]}]}<\/script>\n<!-- \/ Yoast SEO plugin. -->","yoast_head_json":{"title":"TEMPUR UNEMASK - SleepCity - Hea Une Valem","description":"Tootekirjeldus   Kohandub \u00f5rnalt vastavalt n\u00e4o kontuurile, ei lase magamise v\u00f5i puhkamise ajal valgust sisse ja on silmade peal pehme.    M\u00f5\u00f5dud   suurus One Size","robots":{"index":"index","follow":"follow","max-snippet":"max-snippet:-1","max-image-preview":"max-image-preview:large","max-video-preview":"max-video-preview:-1"},"canonical":"https:\/\/sleepcity.ee\/toode\/tempur-unemask\/","og_locale":"et_EE","og_type":"article","og_title":"TEMPUR UNEMASK - SleepCity - Hea Une Valem","og_description":"Tootekirjeldus   Kohandub \u00f5rnalt vastavalt n\u00e4o kontuurile, ei lase magamise v\u00f5i puhkamise ajal valgust sisse ja on silmade peal pehme.    M\u00f5\u00f5dud   suurus One Size","og_url":"https:\/\/sleepcity.ee\/toode\/tempur-unemask\/","og_site_name":"SleepCity - Hea Une Valem","article_publisher":"http:\/\/www.fb.com\/TempurEstonia","article_modified_time":"2023-11-02T16:23:02+00:00","og_image":[{"width":1000,"height":998,"url":"https:\/\/sleepcity.ee\/wp-content\/uploads\/2019\/05\/slaapmasker.jpg","type":"image\/jpeg"}],"twitter_card":"summary_large_image","schema":{"@context":"https:\/\/schema.org","@graph":[{"@type":"WebPage","@id":"https:\/\/sleepcity.ee\/toode\/tempur-unemask\/","url":"https:\/\/sleepcity.ee\/toode\/tempur-unemask\/","name":"TEMPUR UNEMASK - SleepCity - Hea Une Valem","isPartOf":{"@id":"https:\/\/sleepcity.ee\/#website"},"primaryImageOfPage":{"@id":"https:\/\/sleepcity.ee\/toode\/tempur-unemask\/#primaryimage"},"image":{"@id":"https:\/\/sleepcity.ee\/toode\/tempur-unemask\/#primaryimage"},"thumbnailUrl":"https:\/\/www.sleepcity.ee\/wp-content\/uploads\/2019\/05\/slaapmasker.jpg","datePublished":"2019-05-09T15:57:13+00:00","dateModified":"2023-11-02T16:23:02+00:00","description":"Tootekirjeldus Kohandub \u00f5rnalt vastavalt n\u00e4o kontuurile, ei lase magamise v\u00f5i puhkamise ajal valgust sisse ja on silmade peal pehme. M\u00f5\u00f5dud suurus One Size","breadcrumb":{"@id":"https:\/\/sleepcity.ee\/toode\/tempur-unemask\/#breadcrumb"},"inLanguage":"et","potentialAction":[{"@type":"ReadAction","target":["https:\/\/sleepcity.ee\/toode\/tempur-unemask\/"]}]},{"@type":"ImageObject","inLanguage":"et","@id":"https:\/\/sleepcity.ee\/toode\/tempur-unemask\/#primaryimage","url":"https:\/\/www.sleepcity.ee\/wp-content\/uploads\/2019\/05\/slaapmasker.jpg","contentUrl":"https:\/\/www.sleepcity.ee\/wp-content\/uploads\/2019\/05\/slaapmasker.jpg","width":1000,"height":998},{"@type":"BreadcrumbList","@id":"https:\/\/sleepcity.ee\/toode\/tempur-unemask\/#breadcrumb","itemListElement":[{"@type":"ListItem","position":1,"name":"Home","item":"https:\/\/www.sleepcity.ee\/"},{"@type":"ListItem","position":2,"name":"Pood","item":"https:\/\/sleepcity.ee\/pood\/"},{"@type":"ListItem","position":3,"name":"TEMPUR UNEMASK"}]},{"@type":"WebSite","@id":"https:\/\/sleepcity.ee\/#website","url":"https:\/\/sleepcity.ee\/","name":"Tempur Shop","description":"TEMPUR madratsid, voodid, padjad ja muud unetooted.","publisher":{"@id":"https:\/\/sleepcity.ee\/#organization"},"potentialAction":[{"@type":"SearchAction","target":{"@type":"EntryPoint","urlTemplate":"https:\/\/sleepcity.ee\/?s={search_term_string}"},"query-input":{"@type":"PropertyValueSpecification","valueRequired":true,"valueName":"search_term_string"}}],"inLanguage":"et"},{"@type":"Organization","@id":"https:\/\/sleepcity.ee\/#organization","name":"VG Design O\u00dc","url":"https:\/\/sleepcity.ee\/","logo":{"@type":"ImageObject","inLanguage":"et","@id":"https:\/\/sleepcity.ee\/#\/schema\/logo\/image\/","url":"https:\/\/www.sleepcity.ee\/wp-content\/uploads\/2023\/09\/sleepcity_logo.png","contentUrl":"https:\/\/www.sleepcity.ee\/wp-content\/uploads\/2023\/09\/sleepcity_logo.png","width":1034,"height":318,"caption":"VG Design O\u00dc"},"image":{"@id":"https:\/\/sleepcity.ee\/#\/schema\/logo\/image\/"},"sameAs":["http:\/\/www.fb.com\/TempurEstonia","http:\/\/www.instagram.com\/tempurestonia"]}]}},"_links":{"self":[{"href":"https:\/\/www.sleepcity.ee\/wp-json\/wp\/v2\/product\/899","targetHints":{"allow":["GET"]}}],"collection":[{"href":"https:\/\/www.sleepcity.ee\/wp-json\/wp\/v2\/product"}],"about":[{"href":"https:\/\/www.sleepcity.ee\/wp-json\/wp\/v2\/types\/product"}],"replies":[{"embeddable":true,"href":"https:\/\/www.sleepcity.ee\/wp-json\/wp\/v2\/comments?post=899"}],"wp:featuredmedia":[{"embeddable":true,"href":"https:\/\/www.sleepcity.ee\/wp-json\/wp\/v2\/media\/896"}],"wp:attachment":[{"href":"https:\/\/www.sleepcity.ee\/wp-json\/wp\/v2\/media?parent=899"}],"wp:term":[{"taxonomy":"product_brand","embeddable":true,"href":"https:\/\/www.sleepcity.ee\/wp-json\/wp\/v2\/product_brand?post=899"},{"taxonomy":"product_cat","embeddable":true,"href":"https:\/\/www.sleepcity.ee\/wp-json\/wp\/v2\/product_cat?post=899"},{"taxonomy":"product_tag","embeddable":true,"href":"https:\/\/www.sleepcity.ee\/wp-json\/wp\/v2\/product_tag?post=899"}],"curies":[{"name":"wp","href":"https:\/\/api.w.org\/{rel}","templated":true}]}}