{"id":854,"date":"2019-04-16T09:46:06","date_gmt":"2019-04-16T09:46:06","guid":{"rendered":"https:\/\/sleepcity.ee\/?post_type=product&#038;p=854"},"modified":"2025-05-23T15:35:46","modified_gmt":"2025-05-23T15:35:46","slug":"tempur-kaisupadi","status":"publish","type":"product","link":"https:\/\/www.sleepcity.ee\/toode\/tempur-kaisupadi\/","title":{"rendered":"TEMPUR pikk kaisupadi"},"content":{"rendered":"<div class=\"description-description\">\n<div class=\"description-description\">\n<ul>\n<li>V\u00f5rratult mitmek\u00fclgne padi, mida saab kasutada kaisupadjana, kuid padja pikkus v\u00f5imaldab seda kasutada ka kaheinimesevoodil kahe padja asemel.<\/li>\n<li>Kaisupatja v\u00f5ib kasutada tugipadjaks seljale voodis, diivanil lugedes v\u00f5i telerit vaadates.<\/li>\n<li>Samuti sobib padi ideaalselt rasedate jaoks.<\/li>\n<\/ul>\n<\/div>\n<div class=\"description-options\">\n<h3>M\u00f5\u00f5dud<\/h3>\n<ul>\n<li>37&#215;120 cm<\/li>\n<\/ul>\n<\/div>\n<\/div>\n","protected":false},"excerpt":{"rendered":"<p data-start=\"0\" data-end=\"179\">TEMPUR\u00ae kaisupadi \u2013 see pikem padjat\u00fc\u00fcp aitab loomulikult joondada selgroogu ning toetab mugavalt kogu \u00fclakeha, puusi ja jalgu. Ideaalne kallistamiseks ja k\u00fclili magamiseks.<\/p>\n<p data-start=\"181\" data-end=\"271\">Soovitatav ka rasedatele naistele, kuna aitab s\u00e4ilitada stabiilse ja mugava magamisasendi.<\/p>\n<p data-start=\"273\" data-end=\"436\">Padja sisemuses olevad TEMPUR\u00ae mikro-padjakesed vormuvad aktiivselt keha j\u00e4rgi ilma oma kuju kaotamata, tagades maksimaalse mugavuse ja stabiilsuse kogu \u00f6\u00f6 v\u00e4ltel.<\/p>\n<p data-start=\"438\" data-end=\"555\" data-is-last-node=\"\" data-is-only-node=\"\">Toode on kaitstud eemaldatava ja pestava kattega (Zip Off), mis on valmistatud pehmest, h\u00fcpoallergeensest puuvillast.<\/p>\n","protected":false},"featured_media":9106,"comment_status":"closed","ping_status":"closed","template":"","meta":{"_monsterinsights_skip_tracking":false,"_monsterinsights_sitenote_active":false,"_monsterinsights_sitenote_note":"","_monsterinsights_sitenote_category":0},"product_brand":[],"product_cat":[94,421,15],"product_tag":[],"class_list":{"0":"post-854","1":"product","2":"type-product","3":"status-publish","4":"has-post-thumbnail","6":"product_cat-ergonoomilised-padjad","7":"product_cat-kodus","8":"product_cat-muu","10":"first","11":"instock","12":"taxable","13":"shipping-taxable","14":"purchasable","15":"product-type-simple"},"yoast_head":"<!-- This site is optimized with the Yoast SEO plugin v27.3 - https:\/\/yoast.com\/product\/yoast-seo-wordpress\/ -->\n<title>TEMPUR pikk kaisupadi - SleepCity - Hea Une Valem<\/title>\n<meta name=\"description\" content=\"V\u00f5rratult mitmek\u00fclgne padi, mida saab kasutada kaisupadjana, kuid padja pikkus v\u00f5imaldab seda kasutada ka kaheinimesevoodil kahe padja asemel.Kaisupatja v\u00f5ib kasutada tugipadjaks seljale voodis v\u00f5i diivanil lugedes v\u00f5i telerit vaadates.Samuti sobib padi\u00a0 ideaalselt rasedate jaoks.\" \/>\n<meta name=\"robots\" content=\"index, follow, max-snippet:-1, max-image-preview:large, max-video-preview:-1\" \/>\n<link rel=\"canonical\" href=\"https:\/\/sleepcity.ee\/toode\/tempur-kaisupadi\/\" \/>\n<meta property=\"og:locale\" content=\"et_EE\" \/>\n<meta property=\"og:type\" content=\"article\" \/>\n<meta property=\"og:title\" content=\"TEMPUR pikk kaisupadi - SleepCity - Hea Une Valem\" \/>\n<meta property=\"og:description\" content=\"V\u00f5rratult mitmek\u00fclgne padi, mida saab kasutada kaisupadjana, kuid padja pikkus v\u00f5imaldab seda kasutada ka kaheinimesevoodil kahe padja asemel.Kaisupatja v\u00f5ib kasutada tugipadjaks seljale voodis v\u00f5i diivanil lugedes v\u00f5i telerit vaadates.Samuti sobib padi\u00a0 ideaalselt rasedate jaoks.\" \/>\n<meta property=\"og:url\" content=\"https:\/\/sleepcity.ee\/toode\/tempur-kaisupadi\/\" \/>\n<meta property=\"og:site_name\" content=\"SleepCity - Hea Une Valem\" \/>\n<meta property=\"article:publisher\" content=\"http:\/\/www.fb.com\/TempurEstonia\" \/>\n<meta property=\"article:modified_time\" content=\"2025-05-23T15:35:46+00:00\" \/>\n<meta property=\"og:image\" content=\"https:\/\/sleepcity.ee\/wp-content\/uploads\/2019\/04\/TEMPUR-kaisupadi1.png\" \/>\n\t<meta property=\"og:image:width\" content=\"1000\" \/>\n\t<meta property=\"og:image:height\" content=\"1000\" \/>\n\t<meta property=\"og:image:type\" content=\"image\/png\" \/>\n<meta name=\"twitter:card\" content=\"summary_large_image\" \/>\n<script type=\"application\/ld+json\" class=\"yoast-schema-graph\">{\"@context\":\"https:\\\/\\\/schema.org\",\"@graph\":[{\"@type\":\"WebPage\",\"@id\":\"https:\\\/\\\/sleepcity.ee\\\/toode\\\/tempur-kaisupadi\\\/\",\"url\":\"https:\\\/\\\/sleepcity.ee\\\/toode\\\/tempur-kaisupadi\\\/\",\"name\":\"TEMPUR pikk kaisupadi - SleepCity - Hea Une Valem\",\"isPartOf\":{\"@id\":\"https:\\\/\\\/sleepcity.ee\\\/#website\"},\"primaryImageOfPage\":{\"@id\":\"https:\\\/\\\/sleepcity.ee\\\/toode\\\/tempur-kaisupadi\\\/#primaryimage\"},\"image\":{\"@id\":\"https:\\\/\\\/sleepcity.ee\\\/toode\\\/tempur-kaisupadi\\\/#primaryimage\"},\"thumbnailUrl\":\"https:\\\/\\\/sleepcity.ee\\\/wp-content\\\/uploads\\\/2019\\\/04\\\/TEMPUR-kaisupadi1.png\",\"datePublished\":\"2019-04-16T09:46:06+00:00\",\"dateModified\":\"2025-05-23T15:35:46+00:00\",\"description\":\"V\u00f5rratult mitmek\u00fclgne padi, mida saab kasutada kaisupadjana, kuid padja pikkus v\u00f5imaldab seda kasutada ka kaheinimesevoodil kahe padja asemel.Kaisupatja v\u00f5ib kasutada tugipadjaks seljale voodis v\u00f5i diivanil lugedes v\u00f5i telerit vaadates.Samuti sobib padi\u00a0 ideaalselt rasedate jaoks.\",\"breadcrumb\":{\"@id\":\"https:\\\/\\\/sleepcity.ee\\\/toode\\\/tempur-kaisupadi\\\/#breadcrumb\"},\"inLanguage\":\"et\",\"potentialAction\":[{\"@type\":\"ReadAction\",\"target\":[\"https:\\\/\\\/sleepcity.ee\\\/toode\\\/tempur-kaisupadi\\\/\"]}]},{\"@type\":\"ImageObject\",\"inLanguage\":\"et\",\"@id\":\"https:\\\/\\\/sleepcity.ee\\\/toode\\\/tempur-kaisupadi\\\/#primaryimage\",\"url\":\"https:\\\/\\\/sleepcity.ee\\\/wp-content\\\/uploads\\\/2019\\\/04\\\/TEMPUR-kaisupadi1.png\",\"contentUrl\":\"https:\\\/\\\/sleepcity.ee\\\/wp-content\\\/uploads\\\/2019\\\/04\\\/TEMPUR-kaisupadi1.png\",\"width\":1000,\"height\":1000},{\"@type\":\"BreadcrumbList\",\"@id\":\"https:\\\/\\\/sleepcity.ee\\\/toode\\\/tempur-kaisupadi\\\/#breadcrumb\",\"itemListElement\":[{\"@type\":\"ListItem\",\"position\":1,\"name\":\"Home\",\"item\":\"https:\\\/\\\/www.sleepcity.ee\\\/\"},{\"@type\":\"ListItem\",\"position\":2,\"name\":\"Pood\",\"item\":\"https:\\\/\\\/sleepcity.ee\\\/pood\\\/\"},{\"@type\":\"ListItem\",\"position\":3,\"name\":\"TEMPUR pikk kaisupadi\"}]},{\"@type\":\"WebSite\",\"@id\":\"https:\\\/\\\/sleepcity.ee\\\/#website\",\"url\":\"https:\\\/\\\/sleepcity.ee\\\/\",\"name\":\"Tempur Shop\",\"description\":\"TEMPUR madratsid, voodid, padjad ja muud unetooted.\",\"publisher\":{\"@id\":\"https:\\\/\\\/sleepcity.ee\\\/#organization\"},\"potentialAction\":[{\"@type\":\"SearchAction\",\"target\":{\"@type\":\"EntryPoint\",\"urlTemplate\":\"https:\\\/\\\/sleepcity.ee\\\/?s={search_term_string}\"},\"query-input\":{\"@type\":\"PropertyValueSpecification\",\"valueRequired\":true,\"valueName\":\"search_term_string\"}}],\"inLanguage\":\"et\"},{\"@type\":\"Organization\",\"@id\":\"https:\\\/\\\/sleepcity.ee\\\/#organization\",\"name\":\"VG Design O\u00dc\",\"url\":\"https:\\\/\\\/sleepcity.ee\\\/\",\"logo\":{\"@type\":\"ImageObject\",\"inLanguage\":\"et\",\"@id\":\"https:\\\/\\\/sleepcity.ee\\\/#\\\/schema\\\/logo\\\/image\\\/\",\"url\":\"https:\\\/\\\/sleepcity.ee\\\/wp-content\\\/uploads\\\/2023\\\/09\\\/sleepcity_logo.png\",\"contentUrl\":\"https:\\\/\\\/sleepcity.ee\\\/wp-content\\\/uploads\\\/2023\\\/09\\\/sleepcity_logo.png\",\"width\":1034,\"height\":318,\"caption\":\"VG Design O\u00dc\"},\"image\":{\"@id\":\"https:\\\/\\\/sleepcity.ee\\\/#\\\/schema\\\/logo\\\/image\\\/\"},\"sameAs\":[\"http:\\\/\\\/www.fb.com\\\/TempurEstonia\",\"http:\\\/\\\/www.instagram.com\\\/tempurestonia\"]}]}<\/script>\n<!-- \/ Yoast SEO plugin. -->","yoast_head_json":{"title":"TEMPUR pikk kaisupadi - SleepCity - Hea Une Valem","description":"V\u00f5rratult mitmek\u00fclgne padi, mida saab kasutada kaisupadjana, kuid padja pikkus v\u00f5imaldab seda kasutada ka kaheinimesevoodil kahe padja asemel.Kaisupatja v\u00f5ib kasutada tugipadjaks seljale voodis v\u00f5i diivanil lugedes v\u00f5i telerit vaadates.Samuti sobib padi\u00a0 ideaalselt rasedate jaoks.","robots":{"index":"index","follow":"follow","max-snippet":"max-snippet:-1","max-image-preview":"max-image-preview:large","max-video-preview":"max-video-preview:-1"},"canonical":"https:\/\/sleepcity.ee\/toode\/tempur-kaisupadi\/","og_locale":"et_EE","og_type":"article","og_title":"TEMPUR pikk kaisupadi - SleepCity - Hea Une Valem","og_description":"V\u00f5rratult mitmek\u00fclgne padi, mida saab kasutada kaisupadjana, kuid padja pikkus v\u00f5imaldab seda kasutada ka kaheinimesevoodil kahe padja asemel.Kaisupatja v\u00f5ib kasutada tugipadjaks seljale voodis v\u00f5i diivanil lugedes v\u00f5i telerit vaadates.Samuti sobib padi\u00a0 ideaalselt rasedate jaoks.","og_url":"https:\/\/sleepcity.ee\/toode\/tempur-kaisupadi\/","og_site_name":"SleepCity - Hea Une Valem","article_publisher":"http:\/\/www.fb.com\/TempurEstonia","article_modified_time":"2025-05-23T15:35:46+00:00","og_image":[{"width":1000,"height":1000,"url":"https:\/\/sleepcity.ee\/wp-content\/uploads\/2019\/04\/TEMPUR-kaisupadi1.png","type":"image\/png"}],"twitter_card":"summary_large_image","schema":{"@context":"https:\/\/schema.org","@graph":[{"@type":"WebPage","@id":"https:\/\/sleepcity.ee\/toode\/tempur-kaisupadi\/","url":"https:\/\/sleepcity.ee\/toode\/tempur-kaisupadi\/","name":"TEMPUR pikk kaisupadi - SleepCity - Hea Une Valem","isPartOf":{"@id":"https:\/\/sleepcity.ee\/#website"},"primaryImageOfPage":{"@id":"https:\/\/sleepcity.ee\/toode\/tempur-kaisupadi\/#primaryimage"},"image":{"@id":"https:\/\/sleepcity.ee\/toode\/tempur-kaisupadi\/#primaryimage"},"thumbnailUrl":"https:\/\/sleepcity.ee\/wp-content\/uploads\/2019\/04\/TEMPUR-kaisupadi1.png","datePublished":"2019-04-16T09:46:06+00:00","dateModified":"2025-05-23T15:35:46+00:00","description":"V\u00f5rratult mitmek\u00fclgne padi, mida saab kasutada kaisupadjana, kuid padja pikkus v\u00f5imaldab seda kasutada ka kaheinimesevoodil kahe padja asemel.Kaisupatja v\u00f5ib kasutada tugipadjaks seljale voodis v\u00f5i diivanil lugedes v\u00f5i telerit vaadates.Samuti sobib padi\u00a0 ideaalselt rasedate jaoks.","breadcrumb":{"@id":"https:\/\/sleepcity.ee\/toode\/tempur-kaisupadi\/#breadcrumb"},"inLanguage":"et","potentialAction":[{"@type":"ReadAction","target":["https:\/\/sleepcity.ee\/toode\/tempur-kaisupadi\/"]}]},{"@type":"ImageObject","inLanguage":"et","@id":"https:\/\/sleepcity.ee\/toode\/tempur-kaisupadi\/#primaryimage","url":"https:\/\/sleepcity.ee\/wp-content\/uploads\/2019\/04\/TEMPUR-kaisupadi1.png","contentUrl":"https:\/\/sleepcity.ee\/wp-content\/uploads\/2019\/04\/TEMPUR-kaisupadi1.png","width":1000,"height":1000},{"@type":"BreadcrumbList","@id":"https:\/\/sleepcity.ee\/toode\/tempur-kaisupadi\/#breadcrumb","itemListElement":[{"@type":"ListItem","position":1,"name":"Home","item":"https:\/\/www.sleepcity.ee\/"},{"@type":"ListItem","position":2,"name":"Pood","item":"https:\/\/sleepcity.ee\/pood\/"},{"@type":"ListItem","position":3,"name":"TEMPUR pikk kaisupadi"}]},{"@type":"WebSite","@id":"https:\/\/sleepcity.ee\/#website","url":"https:\/\/sleepcity.ee\/","name":"Tempur Shop","description":"TEMPUR madratsid, voodid, padjad ja muud unetooted.","publisher":{"@id":"https:\/\/sleepcity.ee\/#organization"},"potentialAction":[{"@type":"SearchAction","target":{"@type":"EntryPoint","urlTemplate":"https:\/\/sleepcity.ee\/?s={search_term_string}"},"query-input":{"@type":"PropertyValueSpecification","valueRequired":true,"valueName":"search_term_string"}}],"inLanguage":"et"},{"@type":"Organization","@id":"https:\/\/sleepcity.ee\/#organization","name":"VG Design O\u00dc","url":"https:\/\/sleepcity.ee\/","logo":{"@type":"ImageObject","inLanguage":"et","@id":"https:\/\/sleepcity.ee\/#\/schema\/logo\/image\/","url":"https:\/\/sleepcity.ee\/wp-content\/uploads\/2023\/09\/sleepcity_logo.png","contentUrl":"https:\/\/sleepcity.ee\/wp-content\/uploads\/2023\/09\/sleepcity_logo.png","width":1034,"height":318,"caption":"VG Design O\u00dc"},"image":{"@id":"https:\/\/sleepcity.ee\/#\/schema\/logo\/image\/"},"sameAs":["http:\/\/www.fb.com\/TempurEstonia","http:\/\/www.instagram.com\/tempurestonia"]}]}},"_links":{"self":[{"href":"https:\/\/www.sleepcity.ee\/wp-json\/wp\/v2\/product\/854","targetHints":{"allow":["GET"]}}],"collection":[{"href":"https:\/\/www.sleepcity.ee\/wp-json\/wp\/v2\/product"}],"about":[{"href":"https:\/\/www.sleepcity.ee\/wp-json\/wp\/v2\/types\/product"}],"replies":[{"embeddable":true,"href":"https:\/\/www.sleepcity.ee\/wp-json\/wp\/v2\/comments?post=854"}],"wp:featuredmedia":[{"embeddable":true,"href":"https:\/\/www.sleepcity.ee\/wp-json\/wp\/v2\/media\/9106"}],"wp:attachment":[{"href":"https:\/\/www.sleepcity.ee\/wp-json\/wp\/v2\/media?parent=854"}],"wp:term":[{"taxonomy":"product_brand","embeddable":true,"href":"https:\/\/www.sleepcity.ee\/wp-json\/wp\/v2\/product_brand?post=854"},{"taxonomy":"product_cat","embeddable":true,"href":"https:\/\/www.sleepcity.ee\/wp-json\/wp\/v2\/product_cat?post=854"},{"taxonomy":"product_tag","embeddable":true,"href":"https:\/\/www.sleepcity.ee\/wp-json\/wp\/v2\/product_tag?post=854"}],"curies":[{"name":"wp","href":"https:\/\/api.w.org\/{rel}","templated":true}]}}