{"id":8055,"date":"2024-11-02T09:08:54","date_gmt":"2024-11-02T09:08:54","guid":{"rendered":"https:\/\/sleepcity.ee\/?post_type=product&#038;p=8055"},"modified":"2025-05-23T16:14:43","modified_gmt":"2025-05-23T16:14:43","slug":"smart-relieve-padi","status":"publish","type":"product","link":"https:\/\/www.sleepcity.ee\/toode\/smart-relieve-padi\/","title":{"rendered":"Smart\u00ae RELIEVE Padi"},"content":{"rendered":"<p><strong><em>Toote omadused:<\/em><\/strong><\/p>\n<p><em>Viskoelastne m\u00e4luvaht\u00a0<\/em><br \/>\nKvaliteetne vahts\u00fcdamik (BasFi CosyPur\u00ae) pakub ideaalseid tugiomadusi ja kohandub optimaalselt individuaalse kontaktr\u00f5huga. V\u00f5imaldab magada h\u00e4sti erinevates magamisasendites.<\/p>\n<p><em>Ideaalne allergikutele<\/em><br \/>\nAntiallergiline, k\u00f5rge vastupidavusega lestadele ja mikroobidele ning vaba saasteainetest ja l\u00f5hnadest.<\/p>\n<p><em>T\u00f5hus soojusjuhtimine<\/em><br \/>\nKvaliteetne vahts\u00fcdamik ja integreeritud \u00f5hukanalid tagavad optimaalse \u00f5huringluse ja t\u00f5husa temperatuuri juhtimise.<\/p>\n<p><em>\u00d5rn ja h\u00fcgieeniline pind<\/em><br \/>\nPehme padjap\u00fc\u00fcriga, et sellel lamades oleks \u00f5rn tunne. Eemaldatav ja pestav 40 kraadi juures.<\/p>\n<p><em>Suurus, m\u00f5\u00f5tmed ja kaal<\/em><br \/>\nPadi: L\u00a0<strong>|<\/strong>\u00a054\u00a0<span class=\"a-list-item\"><span class=\"a-size-base\">x 43 x 13,5 cm<\/span><\/span><strong>\u00a0|<\/strong>\u00a01,2 kg\u00a0Pakend: 43 x 16,5 x 16,5 cm\u00a0<strong>|<\/strong>\u00a01,4 kg<\/p>\n<p><em>Tarnekomplekt : padi,<br \/>\n<\/em>sealhulgas pestav padjakate ja transpordikate<\/p>\n<p><strong>Hooldus:<\/strong><\/p>\n<p>Vahts\u00fcdamik-\u00a0viskoelastne m\u00e4luvaht (CosyPur\u00ae firmalt BASF)<br \/>\n<em>Hooldusjuhised:<\/em>\u00a0P\u00e4rast esmast avamist laske sellel 24 tundi \u00f5hkuda ja lahti voltida.<\/p>\n<p>Vahtmaterjalist s\u00fcdamik ei ole pestav. Vajadusel puhastage niiske lapiga ja laske seej\u00e4rel piisavalt kuivada.<\/p>\n<p>Padjap\u00fc\u00fcr:<br \/>\n65% pol\u00fcester, 35% viskoos<br \/>\nPuhastamiseks, eemaldamiseks, keerake tagurpidi ja peske kuni 40 kraadi Celsiuse j\u00e4rgi.<\/p>\n<p>Sertifitseeritud vastavalt OEKO-TEX STANDARD 100.<\/p>\n","protected":false},"excerpt":{"rendered":"<p><span class=\"\">Smart\u00ae RELIEVE Padi on ergonoomiline padi <strong>selili ja k\u00fclili magajatele<\/strong>, mis on valmistatud\u00a0kvaliteetsest m\u00e4luvahust<\/span><span class=\"\">\u00a0(BASF-i CosyPur\u00ae). <\/span><span class=\"\">Ergonoomilise kujuga disain pakub ideaalset tuge kaelale ja \u00f5lgadele ning stabiliseerib l\u00fclisamba kaelaosa une ajal. <\/span><\/p>\n<p><span class=\"\">T\u00e4nu optimaalsetele tugiomadustele, t\u00f5husale temperatuurikontrollile t\u00e4nu integreeritud \u00f5hukanalitele ning k\u00f5rgele vastupanuv\u00f5imele lestade ja mikroobide vastu on smart\u00ae RELIEVE Padi ideaalne ka <strong>allergikutele<\/strong> ning v\u00f5imaldab igak\u00fclgset v\u00e4rskendavat und.<\/span><\/p>\n<p>13,5 cm padja k\u00f5rgusega padi sobib eriti h\u00e4sti pikematele ja raskematele inimestele.<\/p>\n","protected":false},"featured_media":8062,"comment_status":"open","ping_status":"closed","template":"","meta":{"_monsterinsights_skip_tracking":false,"_monsterinsights_sitenote_active":false,"_monsterinsights_sitenote_note":"","_monsterinsights_sitenote_category":0},"product_brand":[],"product_cat":[92,271],"product_tag":[],"class_list":{"0":"post-8055","1":"product","2":"type-product","3":"status-publish","4":"has-post-thumbnail","6":"product_cat-padjad","7":"product_cat-sleepcity-padjad","9":"first","10":"instock","11":"taxable","12":"shipping-taxable","13":"purchasable","14":"product-type-simple"},"yoast_head":"<!-- This site is optimized with the Yoast SEO plugin v27.4 - https:\/\/yoast.com\/product\/yoast-seo-wordpress\/ -->\n<title>Smart\u00ae RELIEVE Padi - SleepCity - Hea Une Valem<\/title>\n<meta name=\"description\" content=\"Smart\u00ae RELIEVE Padi on ergonoomiline padi selili ja k\u00fclili magajatele, mis on valmistatud\u00a0kvaliteetsest m\u00e4luvahust\u00a0(BASF-i CosyPur\u00ae). Ergonoomilise kujuga disain pakub ideaalset tuge kaelale ja \u00f5lgadele ning stabiliseerib l\u00fclisamba kaelaosa une ajal.   T\u00e4nu optimaalsetele tugiomadustele, t\u00f5husale temperatuurikontrollile t\u00e4nu integreeritud \u00f5hukanalitele ning k\u00f5rgele vastupanuv\u00f5imele lestade ja mikroobide vastu on smart\u00ae RELIEVE Padi ideaalne ka allergikutele ning v\u00f5imaldab igak\u00fclgset v\u00e4rskendavat und.  13,5 cm padja k\u00f5rgusega padi sobib eriti h\u00e4sti pikematele ja raskematele inimestele.\" \/>\n<meta name=\"robots\" content=\"index, follow, max-snippet:-1, max-image-preview:large, max-video-preview:-1\" \/>\n<link rel=\"canonical\" href=\"https:\/\/sleepcity.ee\/toode\/smart-relieve-padi\/\" \/>\n<meta property=\"og:locale\" content=\"et_EE\" \/>\n<meta property=\"og:type\" content=\"article\" \/>\n<meta property=\"og:title\" content=\"Smart\u00ae RELIEVE Padi - SleepCity - Hea Une Valem\" \/>\n<meta property=\"og:description\" content=\"Smart\u00ae RELIEVE Padi on ergonoomiline padi selili ja k\u00fclili magajatele, mis on valmistatud\u00a0kvaliteetsest m\u00e4luvahust\u00a0(BASF-i CosyPur\u00ae). Ergonoomilise kujuga disain pakub ideaalset tuge kaelale ja \u00f5lgadele ning stabiliseerib l\u00fclisamba kaelaosa une ajal.   T\u00e4nu optimaalsetele tugiomadustele, t\u00f5husale temperatuurikontrollile t\u00e4nu integreeritud \u00f5hukanalitele ning k\u00f5rgele vastupanuv\u00f5imele lestade ja mikroobide vastu on smart\u00ae RELIEVE Padi ideaalne ka allergikutele ning v\u00f5imaldab igak\u00fclgset v\u00e4rskendavat und.  13,5 cm padja k\u00f5rgusega padi sobib eriti h\u00e4sti pikematele ja raskematele inimestele.\" \/>\n<meta property=\"og:url\" content=\"https:\/\/sleepcity.ee\/toode\/smart-relieve-padi\/\" \/>\n<meta property=\"og:site_name\" content=\"SleepCity - Hea Une Valem\" \/>\n<meta property=\"article:publisher\" content=\"http:\/\/www.fb.com\/TempurEstonia\" \/>\n<meta property=\"article:modified_time\" content=\"2025-05-23T16:14:43+00:00\" \/>\n<meta property=\"og:image\" content=\"https:\/\/sleepcity.ee\/wp-content\/uploads\/2024\/11\/smart-relive-padi.png\" \/>\n\t<meta property=\"og:image:width\" content=\"588\" \/>\n\t<meta property=\"og:image:height\" content=\"581\" \/>\n\t<meta property=\"og:image:type\" content=\"image\/png\" \/>\n<meta name=\"twitter:card\" content=\"summary_large_image\" \/>\n<meta name=\"twitter:label1\" content=\"Est. reading time\" \/>\n\t<meta name=\"twitter:data1\" content=\"1 minut\" \/>\n<script type=\"application\/ld+json\" class=\"yoast-schema-graph\">{\"@context\":\"https:\\\/\\\/schema.org\",\"@graph\":[{\"@type\":\"WebPage\",\"@id\":\"https:\\\/\\\/sleepcity.ee\\\/toode\\\/smart-relieve-padi\\\/\",\"url\":\"https:\\\/\\\/sleepcity.ee\\\/toode\\\/smart-relieve-padi\\\/\",\"name\":\"Smart\u00ae RELIEVE Padi - SleepCity - Hea Une Valem\",\"isPartOf\":{\"@id\":\"https:\\\/\\\/sleepcity.ee\\\/#website\"},\"primaryImageOfPage\":{\"@id\":\"https:\\\/\\\/sleepcity.ee\\\/toode\\\/smart-relieve-padi\\\/#primaryimage\"},\"image\":{\"@id\":\"https:\\\/\\\/sleepcity.ee\\\/toode\\\/smart-relieve-padi\\\/#primaryimage\"},\"thumbnailUrl\":\"https:\\\/\\\/www.sleepcity.ee\\\/wp-content\\\/uploads\\\/2024\\\/11\\\/smart-relive-padi.png\",\"datePublished\":\"2024-11-02T09:08:54+00:00\",\"dateModified\":\"2025-05-23T16:14:43+00:00\",\"description\":\"Smart\u00ae RELIEVE Padi on ergonoomiline padi selili ja k\u00fclili magajatele, mis on valmistatud\u00a0kvaliteetsest m\u00e4luvahust\u00a0(BASF-i CosyPur\u00ae). Ergonoomilise kujuga disain pakub ideaalset tuge kaelale ja \u00f5lgadele ning stabiliseerib l\u00fclisamba kaelaosa une ajal. T\u00e4nu optimaalsetele tugiomadustele, t\u00f5husale temperatuurikontrollile t\u00e4nu integreeritud \u00f5hukanalitele ning k\u00f5rgele vastupanuv\u00f5imele lestade ja mikroobide vastu on smart\u00ae RELIEVE Padi ideaalne ka allergikutele ning v\u00f5imaldab igak\u00fclgset v\u00e4rskendavat und. 13,5 cm padja k\u00f5rgusega padi sobib eriti h\u00e4sti pikematele ja raskematele inimestele.\",\"breadcrumb\":{\"@id\":\"https:\\\/\\\/sleepcity.ee\\\/toode\\\/smart-relieve-padi\\\/#breadcrumb\"},\"inLanguage\":\"et\",\"potentialAction\":[{\"@type\":\"ReadAction\",\"target\":[\"https:\\\/\\\/sleepcity.ee\\\/toode\\\/smart-relieve-padi\\\/\"]}]},{\"@type\":\"ImageObject\",\"inLanguage\":\"et\",\"@id\":\"https:\\\/\\\/sleepcity.ee\\\/toode\\\/smart-relieve-padi\\\/#primaryimage\",\"url\":\"https:\\\/\\\/www.sleepcity.ee\\\/wp-content\\\/uploads\\\/2024\\\/11\\\/smart-relive-padi.png\",\"contentUrl\":\"https:\\\/\\\/www.sleepcity.ee\\\/wp-content\\\/uploads\\\/2024\\\/11\\\/smart-relive-padi.png\",\"width\":588,\"height\":581},{\"@type\":\"BreadcrumbList\",\"@id\":\"https:\\\/\\\/sleepcity.ee\\\/toode\\\/smart-relieve-padi\\\/#breadcrumb\",\"itemListElement\":[{\"@type\":\"ListItem\",\"position\":1,\"name\":\"Home\",\"item\":\"https:\\\/\\\/sleepcity.ee\\\/\"},{\"@type\":\"ListItem\",\"position\":2,\"name\":\"Pood\",\"item\":\"https:\\\/\\\/sleepcity.ee\\\/pood\\\/\"},{\"@type\":\"ListItem\",\"position\":3,\"name\":\"Smart\u00ae RELIEVE Padi\"}]},{\"@type\":\"WebSite\",\"@id\":\"https:\\\/\\\/sleepcity.ee\\\/#website\",\"url\":\"https:\\\/\\\/sleepcity.ee\\\/\",\"name\":\"Tempur Shop\",\"description\":\"TEMPUR madratsid, voodid, padjad ja muud unetooted.\",\"publisher\":{\"@id\":\"https:\\\/\\\/sleepcity.ee\\\/#organization\"},\"potentialAction\":[{\"@type\":\"SearchAction\",\"target\":{\"@type\":\"EntryPoint\",\"urlTemplate\":\"https:\\\/\\\/sleepcity.ee\\\/?s={search_term_string}\"},\"query-input\":{\"@type\":\"PropertyValueSpecification\",\"valueRequired\":true,\"valueName\":\"search_term_string\"}}],\"inLanguage\":\"et\"},{\"@type\":\"Organization\",\"@id\":\"https:\\\/\\\/sleepcity.ee\\\/#organization\",\"name\":\"VG Design O\u00dc\",\"url\":\"https:\\\/\\\/sleepcity.ee\\\/\",\"logo\":{\"@type\":\"ImageObject\",\"inLanguage\":\"et\",\"@id\":\"https:\\\/\\\/sleepcity.ee\\\/#\\\/schema\\\/logo\\\/image\\\/\",\"url\":\"https:\\\/\\\/www.sleepcity.ee\\\/wp-content\\\/uploads\\\/2023\\\/09\\\/sleepcity_logo.png\",\"contentUrl\":\"https:\\\/\\\/www.sleepcity.ee\\\/wp-content\\\/uploads\\\/2023\\\/09\\\/sleepcity_logo.png\",\"width\":1034,\"height\":318,\"caption\":\"VG Design O\u00dc\"},\"image\":{\"@id\":\"https:\\\/\\\/sleepcity.ee\\\/#\\\/schema\\\/logo\\\/image\\\/\"},\"sameAs\":[\"http:\\\/\\\/www.fb.com\\\/TempurEstonia\",\"http:\\\/\\\/www.instagram.com\\\/tempurestonia\"]}]}<\/script>\n<!-- \/ Yoast SEO plugin. -->","yoast_head_json":{"title":"Smart\u00ae RELIEVE Padi - SleepCity - Hea Une Valem","description":"Smart\u00ae RELIEVE Padi on ergonoomiline padi selili ja k\u00fclili magajatele, mis on valmistatud\u00a0kvaliteetsest m\u00e4luvahust\u00a0(BASF-i CosyPur\u00ae). Ergonoomilise kujuga disain pakub ideaalset tuge kaelale ja \u00f5lgadele ning stabiliseerib l\u00fclisamba kaelaosa une ajal.   T\u00e4nu optimaalsetele tugiomadustele, t\u00f5husale temperatuurikontrollile t\u00e4nu integreeritud \u00f5hukanalitele ning k\u00f5rgele vastupanuv\u00f5imele lestade ja mikroobide vastu on smart\u00ae RELIEVE Padi ideaalne ka allergikutele ning v\u00f5imaldab igak\u00fclgset v\u00e4rskendavat und.  13,5 cm padja k\u00f5rgusega padi sobib eriti h\u00e4sti pikematele ja raskematele inimestele.","robots":{"index":"index","follow":"follow","max-snippet":"max-snippet:-1","max-image-preview":"max-image-preview:large","max-video-preview":"max-video-preview:-1"},"canonical":"https:\/\/sleepcity.ee\/toode\/smart-relieve-padi\/","og_locale":"et_EE","og_type":"article","og_title":"Smart\u00ae RELIEVE Padi - SleepCity - Hea Une Valem","og_description":"Smart\u00ae RELIEVE Padi on ergonoomiline padi selili ja k\u00fclili magajatele, mis on valmistatud\u00a0kvaliteetsest m\u00e4luvahust\u00a0(BASF-i CosyPur\u00ae). Ergonoomilise kujuga disain pakub ideaalset tuge kaelale ja \u00f5lgadele ning stabiliseerib l\u00fclisamba kaelaosa une ajal.   T\u00e4nu optimaalsetele tugiomadustele, t\u00f5husale temperatuurikontrollile t\u00e4nu integreeritud \u00f5hukanalitele ning k\u00f5rgele vastupanuv\u00f5imele lestade ja mikroobide vastu on smart\u00ae RELIEVE Padi ideaalne ka allergikutele ning v\u00f5imaldab igak\u00fclgset v\u00e4rskendavat und.  13,5 cm padja k\u00f5rgusega padi sobib eriti h\u00e4sti pikematele ja raskematele inimestele.","og_url":"https:\/\/sleepcity.ee\/toode\/smart-relieve-padi\/","og_site_name":"SleepCity - Hea Une Valem","article_publisher":"http:\/\/www.fb.com\/TempurEstonia","article_modified_time":"2025-05-23T16:14:43+00:00","og_image":[{"width":588,"height":581,"url":"https:\/\/sleepcity.ee\/wp-content\/uploads\/2024\/11\/smart-relive-padi.png","type":"image\/png"}],"twitter_card":"summary_large_image","twitter_misc":{"Est. reading time":"1 minut"},"schema":{"@context":"https:\/\/schema.org","@graph":[{"@type":"WebPage","@id":"https:\/\/sleepcity.ee\/toode\/smart-relieve-padi\/","url":"https:\/\/sleepcity.ee\/toode\/smart-relieve-padi\/","name":"Smart\u00ae RELIEVE Padi - SleepCity - Hea Une Valem","isPartOf":{"@id":"https:\/\/sleepcity.ee\/#website"},"primaryImageOfPage":{"@id":"https:\/\/sleepcity.ee\/toode\/smart-relieve-padi\/#primaryimage"},"image":{"@id":"https:\/\/sleepcity.ee\/toode\/smart-relieve-padi\/#primaryimage"},"thumbnailUrl":"https:\/\/www.sleepcity.ee\/wp-content\/uploads\/2024\/11\/smart-relive-padi.png","datePublished":"2024-11-02T09:08:54+00:00","dateModified":"2025-05-23T16:14:43+00:00","description":"Smart\u00ae RELIEVE Padi on ergonoomiline padi selili ja k\u00fclili magajatele, mis on valmistatud\u00a0kvaliteetsest m\u00e4luvahust\u00a0(BASF-i CosyPur\u00ae). Ergonoomilise kujuga disain pakub ideaalset tuge kaelale ja \u00f5lgadele ning stabiliseerib l\u00fclisamba kaelaosa une ajal. T\u00e4nu optimaalsetele tugiomadustele, t\u00f5husale temperatuurikontrollile t\u00e4nu integreeritud \u00f5hukanalitele ning k\u00f5rgele vastupanuv\u00f5imele lestade ja mikroobide vastu on smart\u00ae RELIEVE Padi ideaalne ka allergikutele ning v\u00f5imaldab igak\u00fclgset v\u00e4rskendavat und. 13,5 cm padja k\u00f5rgusega padi sobib eriti h\u00e4sti pikematele ja raskematele inimestele.","breadcrumb":{"@id":"https:\/\/sleepcity.ee\/toode\/smart-relieve-padi\/#breadcrumb"},"inLanguage":"et","potentialAction":[{"@type":"ReadAction","target":["https:\/\/sleepcity.ee\/toode\/smart-relieve-padi\/"]}]},{"@type":"ImageObject","inLanguage":"et","@id":"https:\/\/sleepcity.ee\/toode\/smart-relieve-padi\/#primaryimage","url":"https:\/\/www.sleepcity.ee\/wp-content\/uploads\/2024\/11\/smart-relive-padi.png","contentUrl":"https:\/\/www.sleepcity.ee\/wp-content\/uploads\/2024\/11\/smart-relive-padi.png","width":588,"height":581},{"@type":"BreadcrumbList","@id":"https:\/\/sleepcity.ee\/toode\/smart-relieve-padi\/#breadcrumb","itemListElement":[{"@type":"ListItem","position":1,"name":"Home","item":"https:\/\/sleepcity.ee\/"},{"@type":"ListItem","position":2,"name":"Pood","item":"https:\/\/sleepcity.ee\/pood\/"},{"@type":"ListItem","position":3,"name":"Smart\u00ae RELIEVE Padi"}]},{"@type":"WebSite","@id":"https:\/\/sleepcity.ee\/#website","url":"https:\/\/sleepcity.ee\/","name":"Tempur Shop","description":"TEMPUR madratsid, voodid, padjad ja muud unetooted.","publisher":{"@id":"https:\/\/sleepcity.ee\/#organization"},"potentialAction":[{"@type":"SearchAction","target":{"@type":"EntryPoint","urlTemplate":"https:\/\/sleepcity.ee\/?s={search_term_string}"},"query-input":{"@type":"PropertyValueSpecification","valueRequired":true,"valueName":"search_term_string"}}],"inLanguage":"et"},{"@type":"Organization","@id":"https:\/\/sleepcity.ee\/#organization","name":"VG Design O\u00dc","url":"https:\/\/sleepcity.ee\/","logo":{"@type":"ImageObject","inLanguage":"et","@id":"https:\/\/sleepcity.ee\/#\/schema\/logo\/image\/","url":"https:\/\/www.sleepcity.ee\/wp-content\/uploads\/2023\/09\/sleepcity_logo.png","contentUrl":"https:\/\/www.sleepcity.ee\/wp-content\/uploads\/2023\/09\/sleepcity_logo.png","width":1034,"height":318,"caption":"VG Design O\u00dc"},"image":{"@id":"https:\/\/sleepcity.ee\/#\/schema\/logo\/image\/"},"sameAs":["http:\/\/www.fb.com\/TempurEstonia","http:\/\/www.instagram.com\/tempurestonia"]}]}},"_links":{"self":[{"href":"https:\/\/www.sleepcity.ee\/wp-json\/wp\/v2\/product\/8055","targetHints":{"allow":["GET"]}}],"collection":[{"href":"https:\/\/www.sleepcity.ee\/wp-json\/wp\/v2\/product"}],"about":[{"href":"https:\/\/www.sleepcity.ee\/wp-json\/wp\/v2\/types\/product"}],"replies":[{"embeddable":true,"href":"https:\/\/www.sleepcity.ee\/wp-json\/wp\/v2\/comments?post=8055"}],"wp:featuredmedia":[{"embeddable":true,"href":"https:\/\/www.sleepcity.ee\/wp-json\/wp\/v2\/media\/8062"}],"wp:attachment":[{"href":"https:\/\/www.sleepcity.ee\/wp-json\/wp\/v2\/media?parent=8055"}],"wp:term":[{"taxonomy":"product_brand","embeddable":true,"href":"https:\/\/www.sleepcity.ee\/wp-json\/wp\/v2\/product_brand?post=8055"},{"taxonomy":"product_cat","embeddable":true,"href":"https:\/\/www.sleepcity.ee\/wp-json\/wp\/v2\/product_cat?post=8055"},{"taxonomy":"product_tag","embeddable":true,"href":"https:\/\/www.sleepcity.ee\/wp-json\/wp\/v2\/product_tag?post=8055"}],"curies":[{"name":"wp","href":"https:\/\/api.w.org\/{rel}","templated":true}]}}