{"id":7779,"date":"2024-02-15T15:59:52","date_gmt":"2024-02-15T15:59:52","guid":{"rendered":"https:\/\/sleepcity.ee\/?post_type=product&#038;p=7779"},"modified":"2025-05-23T16:07:27","modified_gmt":"2025-05-23T16:07:27","slug":"smart-recovery-padi","status":"publish","type":"product","link":"https:\/\/www.sleepcity.ee\/toode\/smart-recovery-padi\/","title":{"rendered":"Smart\u00ae RECOVERY padi"},"content":{"rendered":"<p><strong>Hingav ja mugav magamiskeskkond:<\/strong> ventilatsioonikanalid tagavad padja optimaalse \u00f5huringluse, muutes une m\u00f5nusaks ja hingavaks. Unusta higistamine ja ebamugavustunne \u2013 Smart\u00ae RECOVERY padi loob ideaalse magamiskeskkonna.<\/p>\n<p><strong>Auhinnatud ja sertifitseeritud:<\/strong> Smart\u00ae RECOVERY padi omab ergonoomilist sertifikaati ja on v\u00f5itnud Saksamaa Innovatsiooniauhinna. See tagab, et valid mitte ainult mugava, vaid ka t\u00f5husa ja uuendusliku une lahenduse.<\/p>\n<p><strong>Kompaktne ja mugav reisikaaslane:<\/strong> Ruumi s\u00e4\u00e4stmiseks saab Smart\u00ae RECOVERY patja kergesti kokku rullida, mahutades selle mugavalt vetth\u00fclgavasse kotti. N\u00fc\u00fcd saad nautida head und igal pool, kuhu elu sind viib.<\/p>\n<p><strong>Viskoelastne m\u00e4luvaht Sinu individuaalsetele vajadustele:<\/strong> BASF-i CosyPur\u00ae elastne vahust padja sisu kohandub optimaalselt sinu individuaalse kontaktr\u00f5huga, pakkudes ideaalseid tugiomadusi. Tunne, kuidas padi reageerib sinu liigutustele ja toetab sind just seal, kus vajad.<\/p>\n<p><strong>Mitmek\u00fclgne magamiselamus:<\/strong> Erineva kujuga padjak\u00fcljed tagavad kosutava une erinevates magamisasendites. Olenemata sellest, kas eelistad magada selili v\u00f5i k\u00fclili, on Smart\u00ae RECOVERY padi sinu mugava une garantii.<\/p>\n<p><strong>Allergikutele s\u00f5bralik ja vastupidav:<\/strong> Antiallergiline materjal teeb padjast ideaalse valiku allergikutele. Lisaks on see v\u00e4ga vastupidav lestadele ja mikroobidele, tagades puhta ja tervisliku une igal \u00f6\u00f6l.<\/p>\n<p><strong>T\u00f5hus soojusjuhtimine:<\/strong> Kvaliteetne vahts\u00fcdamik ja integreeritud \u00f5hukanalid tagavad optimaalse \u00f5huringluse ja t\u00f5husa temperatuuri juhtimise.<\/p>\n<p><strong>Unusta liigne kuumus v\u00f5i k\u00fclm<\/strong> \u2013 Smart\u00ae RECOVERY padi hoiab temperatuuri ideaalsel tasemel.<\/p>\n<p><strong>Investeeri oma heaolusse<\/strong> Smart\u00ae RECOVERY padjaga ja naudi iga \u00f6\u00f6d t\u00e4iusliku une kvaliteedis. Sinu mugavus ja hea uni on meie prioriteet!<\/p>\n<p class=\"ProductMeta__CustomHeading Text infobox\" style=\"text-align: left;\"><strong><span class=\"\">Toote kirjeldus:<\/span><\/strong><\/p>\n<ul class=\"HorizontalList\">\n<li class=\"HorizontalList__Item ProductMeta__CustomIcons_ListItem\">\n<div class=\"ProductMeta__CustomIconImageWrapper\"><img decoding=\"async\" class=\"ProductMeta__CustomIconImage\" src=\"https:\/\/cdn.shopify.com\/s\/files\/1\/0397\/9611\/3570\/files\/produkteigenschaft_kissen_grosse_medium1.png\" width=\"94\" height=\"94\" data-swift-lazy=\"1\" \/><\/div>\n<p class=\"ProductMeta__CustomIconText Text\">Suurus: Medium<\/p>\n<\/li>\n<li class=\"HorizontalList__Item ProductMeta__CustomIcons_ListItem\">\n<div class=\"ProductMeta__CustomIconImageWrapper\"><img decoding=\"async\" class=\"ProductMeta__CustomIconImage\" src=\"https:\/\/cdn.shopify.com\/s\/files\/1\/0397\/9611\/3570\/files\/produkteigenschaft_kissen_hartegrad_mittelweich1.png\" width=\"93\" height=\"93\" data-swift-lazy=\"1\" \/><\/div>\n<p class=\"ProductMeta__CustomIconText Text\">J\u00e4ikus: Keskmiselt pehme (medium soft)<\/p>\n<\/li>\n<li class=\"HorizontalList__Item ProductMeta__CustomIcons_ListItem\">\n<div class=\"ProductMeta__CustomIconImageWrapper\"><img decoding=\"async\" class=\"ProductMeta__CustomIconImage\" src=\"https:\/\/cdn.shopify.com\/s\/files\/1\/0397\/9611\/3570\/files\/produkteigenschaft_kissen_schlaftyp_rucken-seitenlage1.png\" width=\"91\" height=\"91\" data-swift-lazy=\"1\" \/><\/div>\n<p class=\"ProductMeta__CustomIconText Text\">Magamisasend: selili ja k\u00fclili<\/p>\n<\/li>\n<li class=\"HorizontalList__Item ProductMeta__CustomIcons_ListItem\">\n<div class=\"ProductMeta__CustomIconImageWrapper\"><img loading=\"lazy\" decoding=\"async\" class=\"ProductMeta__CustomIconImage\" src=\"https:\/\/cdn.shopify.com\/s\/files\/1\/0397\/9611\/3570\/files\/produkteigenschaft_kissen_schulterbreite_mittelbreit1.png\" width=\"92\" height=\"92\" data-swift-lazy=\"1\" \/><\/div>\n<p class=\"ProductMeta__CustomIconText Text\"><span class=\"\">\u00d5la laius: Keskmine<\/span><\/p>\n<\/li>\n<\/ul>\n<p>&nbsp;<\/p>\n<div><strong>Pehme ja h\u00fcgieeniline pind<\/strong><\/div>\n<div>Pehme padjap\u00fc\u00fcriga, et sellel lamades oleks \u00f5rn tunne.<\/div>\n<div>Padjap\u00fc\u00fcr on eemaldatav ja pestav 40 kraadi juures.<\/div>\n<div><\/div>\n<div>Suurus, m\u00f5\u00f5tmed ja kaal<\/div>\n<div>\u00a0M | 5 0 x 32 x 10 &#8211; 11,5 cm | 0,9 kg<\/div>\n<div>Pakend: 34,5 x 15 x 15 cm | 1,1 kg<\/div>\n<div><\/div>\n<div>Padi on komplektis pestava padjap\u00fc\u00fcri ja transpordikattega.<\/div>\n","protected":false},"excerpt":{"rendered":"<p>Otsid ideaalset patja, mis tagab hea une nii kodus kui ka reisil olles?<\/p>\n<p>Smart\u00ae RECOVERY padi on loodud spetsiaalselt <strong>selili ja k\u00fclili magajatele<\/strong>. Unikaalne kuju ja integreeritud peas\u00fcvend toetavad l\u00fclisamba kaelaosa, luues ergonoomilise lamamisasendi. Padi stabiliseerib tervislikku, l\u00f5dvestunud pea- ja kaelaasendit, aidates v\u00e4hendada pingepunkte une ajal.<\/p>\n<p><strong>Ideaalne reisile kaasa v\u00f5tmiseks!<\/strong> Ruumi s\u00e4\u00e4stmiseks saab Smart\u00ae RECOVERY patja <strong>kergesti kokku rullida<\/strong>, mahutades selle mugavalt vetth\u00fclgavasse kotti.<\/p>\n<p>Smart\u00ae RECOVERY padi omab ergonoomilist sertifikaati ja on v\u00f5itnud <em>Saksamaa Innovatsiooniauhinna<\/em>. See tagab, et valid mitte ainult mugava, vaid ka t\u00f5husa ja uuendusliku une lahenduse.<\/p>\n<p>Investeeri oma heaolusse Smart\u00ae RECOVERY padjaga ja naudi iga \u00f6\u00f6d t\u00e4iusliku une kvaliteedis. Sinu mugavus ja hea uni on meie prioriteet!<\/p>\n","protected":false},"featured_media":7780,"comment_status":"open","ping_status":"closed","template":"","meta":{"_monsterinsights_skip_tracking":false,"_monsterinsights_sitenote_active":false,"_monsterinsights_sitenote_note":"","_monsterinsights_sitenote_category":0},"product_brand":[],"product_cat":[92,271],"product_tag":[],"class_list":{"0":"post-7779","1":"product","2":"type-product","3":"status-publish","4":"has-post-thumbnail","6":"product_cat-padjad","7":"product_cat-sleepcity-padjad","9":"first","10":"instock","11":"taxable","12":"shipping-taxable","13":"purchasable","14":"product-type-simple"},"yoast_head":"<!-- This site is optimized with the Yoast SEO plugin v27.4 - https:\/\/yoast.com\/product\/yoast-seo-wordpress\/ -->\n<title>Smart\u00ae RECOVERY padi - SleepCity - Hea Une Valem<\/title>\n<meta name=\"description\" content=\"Otsid ideaalset patja, mis tagab hea une nii kodus kui ka reisil olles?  Smart\u00ae RECOVERY padi on loodud spetsiaalselt selili ja k\u00fclili magajatele. Unikaalne kuju ja integreeritud peas\u00fcvend toetavad l\u00fclisamba kaelaosa, luues ergonoomilise lamamisasendi. Padi stabiliseerib tervislikku, l\u00f5dvestunud pea- ja kaelaasendit, aidates v\u00e4hendada pingepunkte une ajal.  Ideaalne reisile kaasa v\u00f5tmiseks! Ruumi s\u00e4\u00e4stmiseks saab Smart\u00ae RECOVERY patja kergesti kokku rullida, mahutades selle mugavalt vetth\u00fclgavasse kotti.  Smart\u00ae RECOVERY padi omab ergonoomilist sertifikaati ja on v\u00f5itnud Saksamaa Innovatsiooniauhinna. See tagab, et valid mitte ainult mugava, vaid ka t\u00f5husa ja uuendusliku une lahenduse.  Investeeri oma heaolusse Smart\u00ae RECOVERY padjaga ja naudi iga \u00f6\u00f6d t\u00e4iusliku une kvaliteedis. Sinu mugavus ja hea uni on meie prioriteet!\" \/>\n<meta name=\"robots\" content=\"index, follow, max-snippet:-1, max-image-preview:large, max-video-preview:-1\" \/>\n<link rel=\"canonical\" href=\"https:\/\/sleepcity.ee\/toode\/smart-recovery-padi\/\" \/>\n<meta property=\"og:locale\" content=\"et_EE\" \/>\n<meta property=\"og:type\" content=\"article\" \/>\n<meta property=\"og:title\" content=\"Smart\u00ae RECOVERY padi - SleepCity - Hea Une Valem\" \/>\n<meta property=\"og:description\" content=\"Otsid ideaalset patja, mis tagab hea une nii kodus kui ka reisil olles?  Smart\u00ae RECOVERY padi on loodud spetsiaalselt selili ja k\u00fclili magajatele. Unikaalne kuju ja integreeritud peas\u00fcvend toetavad l\u00fclisamba kaelaosa, luues ergonoomilise lamamisasendi. Padi stabiliseerib tervislikku, l\u00f5dvestunud pea- ja kaelaasendit, aidates v\u00e4hendada pingepunkte une ajal.  Ideaalne reisile kaasa v\u00f5tmiseks! Ruumi s\u00e4\u00e4stmiseks saab Smart\u00ae RECOVERY patja kergesti kokku rullida, mahutades selle mugavalt vetth\u00fclgavasse kotti.  Smart\u00ae RECOVERY padi omab ergonoomilist sertifikaati ja on v\u00f5itnud Saksamaa Innovatsiooniauhinna. See tagab, et valid mitte ainult mugava, vaid ka t\u00f5husa ja uuendusliku une lahenduse.  Investeeri oma heaolusse Smart\u00ae RECOVERY padjaga ja naudi iga \u00f6\u00f6d t\u00e4iusliku une kvaliteedis. Sinu mugavus ja hea uni on meie prioriteet!\" \/>\n<meta property=\"og:url\" content=\"https:\/\/sleepcity.ee\/toode\/smart-recovery-padi\/\" \/>\n<meta property=\"og:site_name\" content=\"SleepCity - Hea Une Valem\" \/>\n<meta property=\"article:publisher\" content=\"http:\/\/www.fb.com\/TempurEstonia\" \/>\n<meta property=\"article:modified_time\" content=\"2025-05-23T16:07:27+00:00\" \/>\n<meta property=\"og:image\" content=\"https:\/\/sleepcity.ee\/wp-content\/uploads\/2024\/02\/smart-recovery-pillow-anwendung-kissen-bett-schlaf_600x.webp\" \/>\n\t<meta property=\"og:image:width\" content=\"600\" \/>\n\t<meta property=\"og:image:height\" content=\"600\" \/>\n\t<meta property=\"og:image:type\" content=\"image\/webp\" \/>\n<meta name=\"twitter:card\" content=\"summary_large_image\" \/>\n<meta name=\"twitter:label1\" content=\"Est. reading time\" \/>\n\t<meta name=\"twitter:data1\" content=\"1 minut\" \/>\n<script type=\"application\/ld+json\" class=\"yoast-schema-graph\">{\"@context\":\"https:\\\/\\\/schema.org\",\"@graph\":[{\"@type\":\"WebPage\",\"@id\":\"https:\\\/\\\/sleepcity.ee\\\/toode\\\/smart-recovery-padi\\\/\",\"url\":\"https:\\\/\\\/sleepcity.ee\\\/toode\\\/smart-recovery-padi\\\/\",\"name\":\"Smart\u00ae RECOVERY padi - SleepCity - Hea Une Valem\",\"isPartOf\":{\"@id\":\"https:\\\/\\\/sleepcity.ee\\\/#website\"},\"primaryImageOfPage\":{\"@id\":\"https:\\\/\\\/sleepcity.ee\\\/toode\\\/smart-recovery-padi\\\/#primaryimage\"},\"image\":{\"@id\":\"https:\\\/\\\/sleepcity.ee\\\/toode\\\/smart-recovery-padi\\\/#primaryimage\"},\"thumbnailUrl\":\"https:\\\/\\\/www.sleepcity.ee\\\/wp-content\\\/uploads\\\/2024\\\/02\\\/smart-recovery-pillow-anwendung-kissen-bett-schlaf_600x.webp\",\"datePublished\":\"2024-02-15T15:59:52+00:00\",\"dateModified\":\"2025-05-23T16:07:27+00:00\",\"description\":\"Otsid ideaalset patja, mis tagab hea une nii kodus kui ka reisil olles? Smart\u00ae RECOVERY padi on loodud spetsiaalselt selili ja k\u00fclili magajatele. Unikaalne kuju ja integreeritud peas\u00fcvend toetavad l\u00fclisamba kaelaosa, luues ergonoomilise lamamisasendi. Padi stabiliseerib tervislikku, l\u00f5dvestunud pea- ja kaelaasendit, aidates v\u00e4hendada pingepunkte une ajal. Ideaalne reisile kaasa v\u00f5tmiseks! Ruumi s\u00e4\u00e4stmiseks saab Smart\u00ae RECOVERY patja kergesti kokku rullida, mahutades selle mugavalt vetth\u00fclgavasse kotti. Smart\u00ae RECOVERY padi omab ergonoomilist sertifikaati ja on v\u00f5itnud Saksamaa Innovatsiooniauhinna. See tagab, et valid mitte ainult mugava, vaid ka t\u00f5husa ja uuendusliku une lahenduse. Investeeri oma heaolusse Smart\u00ae RECOVERY padjaga ja naudi iga \u00f6\u00f6d t\u00e4iusliku une kvaliteedis. Sinu mugavus ja hea uni on meie prioriteet!\",\"breadcrumb\":{\"@id\":\"https:\\\/\\\/sleepcity.ee\\\/toode\\\/smart-recovery-padi\\\/#breadcrumb\"},\"inLanguage\":\"et\",\"potentialAction\":[{\"@type\":\"ReadAction\",\"target\":[\"https:\\\/\\\/sleepcity.ee\\\/toode\\\/smart-recovery-padi\\\/\"]}]},{\"@type\":\"ImageObject\",\"inLanguage\":\"et\",\"@id\":\"https:\\\/\\\/sleepcity.ee\\\/toode\\\/smart-recovery-padi\\\/#primaryimage\",\"url\":\"https:\\\/\\\/www.sleepcity.ee\\\/wp-content\\\/uploads\\\/2024\\\/02\\\/smart-recovery-pillow-anwendung-kissen-bett-schlaf_600x.webp\",\"contentUrl\":\"https:\\\/\\\/www.sleepcity.ee\\\/wp-content\\\/uploads\\\/2024\\\/02\\\/smart-recovery-pillow-anwendung-kissen-bett-schlaf_600x.webp\",\"width\":600,\"height\":600},{\"@type\":\"BreadcrumbList\",\"@id\":\"https:\\\/\\\/sleepcity.ee\\\/toode\\\/smart-recovery-padi\\\/#breadcrumb\",\"itemListElement\":[{\"@type\":\"ListItem\",\"position\":1,\"name\":\"Home\",\"item\":\"https:\\\/\\\/sleepcity.ee\\\/\"},{\"@type\":\"ListItem\",\"position\":2,\"name\":\"Pood\",\"item\":\"https:\\\/\\\/sleepcity.ee\\\/pood\\\/\"},{\"@type\":\"ListItem\",\"position\":3,\"name\":\"Smart\u00ae RECOVERY padi\"}]},{\"@type\":\"WebSite\",\"@id\":\"https:\\\/\\\/sleepcity.ee\\\/#website\",\"url\":\"https:\\\/\\\/sleepcity.ee\\\/\",\"name\":\"Tempur Shop\",\"description\":\"TEMPUR madratsid, voodid, padjad ja muud unetooted.\",\"publisher\":{\"@id\":\"https:\\\/\\\/sleepcity.ee\\\/#organization\"},\"potentialAction\":[{\"@type\":\"SearchAction\",\"target\":{\"@type\":\"EntryPoint\",\"urlTemplate\":\"https:\\\/\\\/sleepcity.ee\\\/?s={search_term_string}\"},\"query-input\":{\"@type\":\"PropertyValueSpecification\",\"valueRequired\":true,\"valueName\":\"search_term_string\"}}],\"inLanguage\":\"et\"},{\"@type\":\"Organization\",\"@id\":\"https:\\\/\\\/sleepcity.ee\\\/#organization\",\"name\":\"VG Design O\u00dc\",\"url\":\"https:\\\/\\\/sleepcity.ee\\\/\",\"logo\":{\"@type\":\"ImageObject\",\"inLanguage\":\"et\",\"@id\":\"https:\\\/\\\/sleepcity.ee\\\/#\\\/schema\\\/logo\\\/image\\\/\",\"url\":\"https:\\\/\\\/www.sleepcity.ee\\\/wp-content\\\/uploads\\\/2023\\\/09\\\/sleepcity_logo.png\",\"contentUrl\":\"https:\\\/\\\/www.sleepcity.ee\\\/wp-content\\\/uploads\\\/2023\\\/09\\\/sleepcity_logo.png\",\"width\":1034,\"height\":318,\"caption\":\"VG Design O\u00dc\"},\"image\":{\"@id\":\"https:\\\/\\\/sleepcity.ee\\\/#\\\/schema\\\/logo\\\/image\\\/\"},\"sameAs\":[\"http:\\\/\\\/www.fb.com\\\/TempurEstonia\",\"http:\\\/\\\/www.instagram.com\\\/tempurestonia\"]}]}<\/script>\n<!-- \/ Yoast SEO plugin. -->","yoast_head_json":{"title":"Smart\u00ae RECOVERY padi - SleepCity - Hea Une Valem","description":"Otsid ideaalset patja, mis tagab hea une nii kodus kui ka reisil olles?  Smart\u00ae RECOVERY padi on loodud spetsiaalselt selili ja k\u00fclili magajatele. Unikaalne kuju ja integreeritud peas\u00fcvend toetavad l\u00fclisamba kaelaosa, luues ergonoomilise lamamisasendi. Padi stabiliseerib tervislikku, l\u00f5dvestunud pea- ja kaelaasendit, aidates v\u00e4hendada pingepunkte une ajal.  Ideaalne reisile kaasa v\u00f5tmiseks! Ruumi s\u00e4\u00e4stmiseks saab Smart\u00ae RECOVERY patja kergesti kokku rullida, mahutades selle mugavalt vetth\u00fclgavasse kotti.  Smart\u00ae RECOVERY padi omab ergonoomilist sertifikaati ja on v\u00f5itnud Saksamaa Innovatsiooniauhinna. See tagab, et valid mitte ainult mugava, vaid ka t\u00f5husa ja uuendusliku une lahenduse.  Investeeri oma heaolusse Smart\u00ae RECOVERY padjaga ja naudi iga \u00f6\u00f6d t\u00e4iusliku une kvaliteedis. Sinu mugavus ja hea uni on meie prioriteet!","robots":{"index":"index","follow":"follow","max-snippet":"max-snippet:-1","max-image-preview":"max-image-preview:large","max-video-preview":"max-video-preview:-1"},"canonical":"https:\/\/sleepcity.ee\/toode\/smart-recovery-padi\/","og_locale":"et_EE","og_type":"article","og_title":"Smart\u00ae RECOVERY padi - SleepCity - Hea Une Valem","og_description":"Otsid ideaalset patja, mis tagab hea une nii kodus kui ka reisil olles?  Smart\u00ae RECOVERY padi on loodud spetsiaalselt selili ja k\u00fclili magajatele. Unikaalne kuju ja integreeritud peas\u00fcvend toetavad l\u00fclisamba kaelaosa, luues ergonoomilise lamamisasendi. Padi stabiliseerib tervislikku, l\u00f5dvestunud pea- ja kaelaasendit, aidates v\u00e4hendada pingepunkte une ajal.  Ideaalne reisile kaasa v\u00f5tmiseks! Ruumi s\u00e4\u00e4stmiseks saab Smart\u00ae RECOVERY patja kergesti kokku rullida, mahutades selle mugavalt vetth\u00fclgavasse kotti.  Smart\u00ae RECOVERY padi omab ergonoomilist sertifikaati ja on v\u00f5itnud Saksamaa Innovatsiooniauhinna. See tagab, et valid mitte ainult mugava, vaid ka t\u00f5husa ja uuendusliku une lahenduse.  Investeeri oma heaolusse Smart\u00ae RECOVERY padjaga ja naudi iga \u00f6\u00f6d t\u00e4iusliku une kvaliteedis. Sinu mugavus ja hea uni on meie prioriteet!","og_url":"https:\/\/sleepcity.ee\/toode\/smart-recovery-padi\/","og_site_name":"SleepCity - Hea Une Valem","article_publisher":"http:\/\/www.fb.com\/TempurEstonia","article_modified_time":"2025-05-23T16:07:27+00:00","og_image":[{"width":600,"height":600,"url":"https:\/\/sleepcity.ee\/wp-content\/uploads\/2024\/02\/smart-recovery-pillow-anwendung-kissen-bett-schlaf_600x.webp","type":"image\/webp"}],"twitter_card":"summary_large_image","twitter_misc":{"Est. reading time":"1 minut"},"schema":{"@context":"https:\/\/schema.org","@graph":[{"@type":"WebPage","@id":"https:\/\/sleepcity.ee\/toode\/smart-recovery-padi\/","url":"https:\/\/sleepcity.ee\/toode\/smart-recovery-padi\/","name":"Smart\u00ae RECOVERY padi - SleepCity - Hea Une Valem","isPartOf":{"@id":"https:\/\/sleepcity.ee\/#website"},"primaryImageOfPage":{"@id":"https:\/\/sleepcity.ee\/toode\/smart-recovery-padi\/#primaryimage"},"image":{"@id":"https:\/\/sleepcity.ee\/toode\/smart-recovery-padi\/#primaryimage"},"thumbnailUrl":"https:\/\/www.sleepcity.ee\/wp-content\/uploads\/2024\/02\/smart-recovery-pillow-anwendung-kissen-bett-schlaf_600x.webp","datePublished":"2024-02-15T15:59:52+00:00","dateModified":"2025-05-23T16:07:27+00:00","description":"Otsid ideaalset patja, mis tagab hea une nii kodus kui ka reisil olles? Smart\u00ae RECOVERY padi on loodud spetsiaalselt selili ja k\u00fclili magajatele. Unikaalne kuju ja integreeritud peas\u00fcvend toetavad l\u00fclisamba kaelaosa, luues ergonoomilise lamamisasendi. Padi stabiliseerib tervislikku, l\u00f5dvestunud pea- ja kaelaasendit, aidates v\u00e4hendada pingepunkte une ajal. Ideaalne reisile kaasa v\u00f5tmiseks! Ruumi s\u00e4\u00e4stmiseks saab Smart\u00ae RECOVERY patja kergesti kokku rullida, mahutades selle mugavalt vetth\u00fclgavasse kotti. Smart\u00ae RECOVERY padi omab ergonoomilist sertifikaati ja on v\u00f5itnud Saksamaa Innovatsiooniauhinna. See tagab, et valid mitte ainult mugava, vaid ka t\u00f5husa ja uuendusliku une lahenduse. Investeeri oma heaolusse Smart\u00ae RECOVERY padjaga ja naudi iga \u00f6\u00f6d t\u00e4iusliku une kvaliteedis. Sinu mugavus ja hea uni on meie prioriteet!","breadcrumb":{"@id":"https:\/\/sleepcity.ee\/toode\/smart-recovery-padi\/#breadcrumb"},"inLanguage":"et","potentialAction":[{"@type":"ReadAction","target":["https:\/\/sleepcity.ee\/toode\/smart-recovery-padi\/"]}]},{"@type":"ImageObject","inLanguage":"et","@id":"https:\/\/sleepcity.ee\/toode\/smart-recovery-padi\/#primaryimage","url":"https:\/\/www.sleepcity.ee\/wp-content\/uploads\/2024\/02\/smart-recovery-pillow-anwendung-kissen-bett-schlaf_600x.webp","contentUrl":"https:\/\/www.sleepcity.ee\/wp-content\/uploads\/2024\/02\/smart-recovery-pillow-anwendung-kissen-bett-schlaf_600x.webp","width":600,"height":600},{"@type":"BreadcrumbList","@id":"https:\/\/sleepcity.ee\/toode\/smart-recovery-padi\/#breadcrumb","itemListElement":[{"@type":"ListItem","position":1,"name":"Home","item":"https:\/\/sleepcity.ee\/"},{"@type":"ListItem","position":2,"name":"Pood","item":"https:\/\/sleepcity.ee\/pood\/"},{"@type":"ListItem","position":3,"name":"Smart\u00ae RECOVERY padi"}]},{"@type":"WebSite","@id":"https:\/\/sleepcity.ee\/#website","url":"https:\/\/sleepcity.ee\/","name":"Tempur Shop","description":"TEMPUR madratsid, voodid, padjad ja muud unetooted.","publisher":{"@id":"https:\/\/sleepcity.ee\/#organization"},"potentialAction":[{"@type":"SearchAction","target":{"@type":"EntryPoint","urlTemplate":"https:\/\/sleepcity.ee\/?s={search_term_string}"},"query-input":{"@type":"PropertyValueSpecification","valueRequired":true,"valueName":"search_term_string"}}],"inLanguage":"et"},{"@type":"Organization","@id":"https:\/\/sleepcity.ee\/#organization","name":"VG Design O\u00dc","url":"https:\/\/sleepcity.ee\/","logo":{"@type":"ImageObject","inLanguage":"et","@id":"https:\/\/sleepcity.ee\/#\/schema\/logo\/image\/","url":"https:\/\/www.sleepcity.ee\/wp-content\/uploads\/2023\/09\/sleepcity_logo.png","contentUrl":"https:\/\/www.sleepcity.ee\/wp-content\/uploads\/2023\/09\/sleepcity_logo.png","width":1034,"height":318,"caption":"VG Design O\u00dc"},"image":{"@id":"https:\/\/sleepcity.ee\/#\/schema\/logo\/image\/"},"sameAs":["http:\/\/www.fb.com\/TempurEstonia","http:\/\/www.instagram.com\/tempurestonia"]}]}},"_links":{"self":[{"href":"https:\/\/www.sleepcity.ee\/wp-json\/wp\/v2\/product\/7779","targetHints":{"allow":["GET"]}}],"collection":[{"href":"https:\/\/www.sleepcity.ee\/wp-json\/wp\/v2\/product"}],"about":[{"href":"https:\/\/www.sleepcity.ee\/wp-json\/wp\/v2\/types\/product"}],"replies":[{"embeddable":true,"href":"https:\/\/www.sleepcity.ee\/wp-json\/wp\/v2\/comments?post=7779"}],"wp:featuredmedia":[{"embeddable":true,"href":"https:\/\/www.sleepcity.ee\/wp-json\/wp\/v2\/media\/7780"}],"wp:attachment":[{"href":"https:\/\/www.sleepcity.ee\/wp-json\/wp\/v2\/media?parent=7779"}],"wp:term":[{"taxonomy":"product_brand","embeddable":true,"href":"https:\/\/www.sleepcity.ee\/wp-json\/wp\/v2\/product_brand?post=7779"},{"taxonomy":"product_cat","embeddable":true,"href":"https:\/\/www.sleepcity.ee\/wp-json\/wp\/v2\/product_cat?post=7779"},{"taxonomy":"product_tag","embeddable":true,"href":"https:\/\/www.sleepcity.ee\/wp-json\/wp\/v2\/product_tag?post=7779"}],"curies":[{"name":"wp","href":"https:\/\/api.w.org\/{rel}","templated":true}]}}