{"id":7768,"date":"2024-02-15T15:51:46","date_gmt":"2024-02-15T15:51:46","guid":{"rendered":"https:\/\/sleepcity.ee\/?post_type=product&#038;p=7768"},"modified":"2025-05-23T16:10:20","modified_gmt":"2025-05-23T16:10:20","slug":"smart-silence-padi","status":"publish","type":"product","link":"https:\/\/www.sleepcity.ee\/toode\/smart-silence-padi\/","title":{"rendered":"Smart\u00ae SILENCE padi"},"content":{"rendered":"<p><strong>Revolutsiooniline &#8220;S-kuju&#8221; disain:<\/strong> Smart\u00ae SILENCE padi on loodud innovaatilise vahuga ja omab &#8220;S-kuju&#8221; , mis toetab pead ideaalselt ja v\u00f5imaldab optimaalset positsioneerimist. See loob tingimused kergemaks hingamiseks une ajal ja norskamise v\u00e4hendamist.<\/p>\n<p><strong>M\u00e4luvahu kvaliteet BASF CosyPur\u00ae-ist:<\/strong> Kvaliteetne m\u00e4luvaht (BASF-i CosyPur\u00ae) pakub padjale ideaalset tuge kaelale ja \u00f5lgadele ning stabiliseerib l\u00fclisamba kaelaosa \u00f6\u00f6sel. Unusta hommikused kangekaelsed tunnid ja naudi paremat unekvaliteeti.<\/p>\n<p><strong>Optimaalsed tugiomadused:<\/strong> Smart\u00ae SILENCE padi tagab optimaalsed tugiomadused, mis aitavad s\u00e4ilitada \u00f5ige uneasendi. See stabiliseerib l\u00fclisamba kaelaosa, tagades mugava ja toetava une.<\/p>\n<p><strong>Efektiivne temperatuurijuhtimine ja allergikutele s\u00f5bralik:<\/strong> Integreeritud \u00f5hukanalid v\u00f5imaldavad t\u00f5husat temperatuuri juhtimist, muutes une meeldivaks. Padi on vastupidav lestadele ja mikroobidele, muutes selle ideaalseks valikuks allergikutele.<\/p>\n<p><strong>Rahustav ja kosutav uni:<\/strong> Smart\u00ae SILENCE padi v\u00f5imaldab rahulikku ja kosutavat und t\u00e4nu oma unikaalsele disainile, kvaliteetsele m\u00e4luvahule ning allergikutele s\u00f5bralikele omadustele.<\/p>\n<p class=\"ProductMeta__CustomHeading Text infobox\" style=\"text-align: left;\"><strong><span class=\"\">Toote kirjeldus:<\/span><\/strong><\/p>\n<ul class=\"HorizontalList\">\n<li class=\"HorizontalList__Item ProductMeta__CustomIcons_ListItem\">\n<div class=\"ProductMeta__CustomIconImageWrapper\"><img decoding=\"async\" class=\"\" src=\"https:\/\/cdn.shopify.com\/s\/files\/1\/0397\/9611\/3570\/files\/produkteigenschaft_kissen_grosse_large1.png\" width=\"90\" height=\"90\" \/><\/div>\n<p class=\"ProductMeta__CustomIconText Text\">Suurus: Large<\/p>\n<\/li>\n<li class=\"HorizontalList__Item ProductMeta__CustomIcons_ListItem\">\n<div class=\"ProductMeta__CustomIconImageWrapper\"><img decoding=\"async\" class=\"ProductMeta__CustomIconImage\" src=\"https:\/\/cdn.shopify.com\/s\/files\/1\/0397\/9611\/3570\/files\/produkteigenschaft_kissen_hartegrad_mittelweich1.png\" width=\"93\" height=\"93\" data-swift-lazy=\"1\" \/><\/div>\n<p class=\"ProductMeta__CustomIconText Text\">J\u00e4ikus: Keskmiselt pehme (medium soft)<\/p>\n<\/li>\n<li class=\"HorizontalList__Item ProductMeta__CustomIcons_ListItem\">\n<div class=\"ProductMeta__CustomIconImageWrapper\"><img decoding=\"async\" class=\"ProductMeta__CustomIconImage\" src=\"https:\/\/cdn.shopify.com\/s\/files\/1\/0397\/9611\/3570\/files\/produkteigenschaft_kissen_schlaftyp_rucken-seitenlage1.png\" width=\"91\" height=\"91\" data-swift-lazy=\"1\" \/><\/div>\n<p class=\"ProductMeta__CustomIconText Text\">Magamisasend: selili ja k\u00fclili<\/p>\n<\/li>\n<li class=\"HorizontalList__Item ProductMeta__CustomIcons_ListItem\">\n<div class=\"ProductMeta__CustomIconImageWrapper\"><img loading=\"lazy\" decoding=\"async\" class=\"ProductMeta__CustomIconImage\" src=\"https:\/\/cdn.shopify.com\/s\/files\/1\/0397\/9611\/3570\/files\/produkteigenschaft_kissen_schulterbreite_mittelbreit1.png\" width=\"92\" height=\"92\" data-swift-lazy=\"1\" \/><\/div>\n<p class=\"ProductMeta__CustomIconText Text\"><span class=\"\">\u00d5la laius: Keskmine<\/span><\/p>\n<\/li>\n<\/ul>\n<p>&nbsp;<\/p>\n<div><strong>Pehme ja h\u00fcgieeniline pind<\/strong><\/div>\n<div>Pehme padjap\u00fc\u00fcriga, et sellel lamades oleks \u00f5rn tunne.<\/div>\n<div>Padjap\u00fc\u00fcr on eemaldatav ja pestav 40 kraadi juures.<\/div>\n<div><\/div>\n<div>Suurus, m\u00f5\u00f5tmed ja kaal<\/div>\n<div>Padi: L<span class=\"a-list-item\"><span class=\"a-size-base\">\u00a0<\/span><\/span><strong>|<\/strong>\u00a054<span class=\"a-list-item\"><span class=\"a-size-base\">\u00a0x 40 x ( 9 &#8211; 12) cm\u00a0<\/span><\/span><strong>|\u00a0<\/strong>1.1 kg<br \/>\nPakend: 43 x 16.5 x 16.5 cm <strong>|\u00a0<\/strong>1.3kg<\/div>\n<div><\/div>\n<div>Padi on komplektis pestava padjap\u00fc\u00fcri ja transpordikattega.<\/div>\n","protected":false},"excerpt":{"rendered":"<p><strong>Smart\u00ae SILENCE Padi &#8211; Helitute unen\u00e4gude saladus<\/strong><\/p>\n<p><strong>Revolutsiooniline &#8220;S-kuju&#8221; disain:<\/strong> Smart\u00ae SILENCE padi on loodud innovaatilise vahuga ja omab &#8220;S-kuju&#8221; , mis toetab pead ideaalselt ja v\u00f5imaldab optimaalset positsioneerimist. See loob tingimused kergemaks hingamiseks une ajal ja norskamise v\u00e4hendamist.<\/p>\n<p>Kvaliteetne m\u00e4luvaht (BASF-i CosyPur\u00ae) pakub padjale ideaalset tuge kaelale ja \u00f5lgadele ning stabiliseerib l\u00fclisamba kaelaosa \u00f6\u00f6sel.<\/p>\n<p><strong>Sobib allergikutele!<\/strong> Padi on vastupidav lestadele ja mikroobidele, muutes selle ideaalseks valikuks allergikutele.<\/p>\n<p>Investeeri oma heaolusse Smart\u00ae SILENCE padjaga ja naudi iga \u00f6\u00f6d t\u00e4iusliku une kvaliteedis.<\/p>\n<p>Padi on komplektis pestava padjap\u00fc\u00fcri ja transpordikattega.<\/p>\n","protected":false},"featured_media":7769,"comment_status":"open","ping_status":"closed","template":"","meta":{"_monsterinsights_skip_tracking":false,"_monsterinsights_sitenote_active":false,"_monsterinsights_sitenote_note":"","_monsterinsights_sitenote_category":0},"product_brand":[],"product_cat":[92,271],"product_tag":[],"class_list":{"0":"post-7768","1":"product","2":"type-product","3":"status-publish","4":"has-post-thumbnail","6":"product_cat-padjad","7":"product_cat-sleepcity-padjad","9":"first","10":"instock","11":"taxable","12":"shipping-taxable","13":"purchasable","14":"product-type-simple"},"yoast_head":"<!-- This site is optimized with the Yoast SEO plugin v27.4 - https:\/\/yoast.com\/product\/yoast-seo-wordpress\/ -->\n<title>Smart\u00ae SILENCE padi - SleepCity - Hea Une Valem<\/title>\n<meta name=\"description\" content=\"Smart\u00ae SILENCE Padi - Helitute unen\u00e4gude saladus  Revolutsiooniline &quot;S-kuju&quot; disain: Smart\u00ae SILENCE padi on loodud innovaatilise vahuga ja omab &quot;S-kuju&quot; , mis toetab pead ideaalselt ja v\u00f5imaldab optimaalset positsioneerimist. See loob tingimused kergemaks hingamiseks une ajal ja norskamise v\u00e4hendamist.  Kvaliteetne m\u00e4luvaht (BASF-i CosyPur\u00ae) pakub padjale ideaalset tuge kaelale ja \u00f5lgadele ning stabiliseerib l\u00fclisamba kaelaosa \u00f6\u00f6sel.  Sobib allergikutele! Padi on vastupidav lestadele ja mikroobidele, muutes selle ideaalseks valikuks allergikutele.  Investeeri oma heaolusse Smart\u00ae SILENCE padjaga ja naudi iga \u00f6\u00f6d t\u00e4iusliku une kvaliteedis.  Padi on komplektis pestava padjap\u00fc\u00fcri ja transpordikattega.\" \/>\n<meta name=\"robots\" content=\"index, follow, max-snippet:-1, max-image-preview:large, max-video-preview:-1\" \/>\n<link rel=\"canonical\" href=\"https:\/\/sleepcity.ee\/toode\/smart-silence-padi\/\" \/>\n<meta property=\"og:locale\" content=\"et_EE\" \/>\n<meta property=\"og:type\" content=\"article\" \/>\n<meta property=\"og:title\" content=\"Smart\u00ae SILENCE padi - SleepCity - Hea Une Valem\" \/>\n<meta property=\"og:description\" content=\"Smart\u00ae SILENCE Padi - Helitute unen\u00e4gude saladus  Revolutsiooniline &quot;S-kuju&quot; disain: Smart\u00ae SILENCE padi on loodud innovaatilise vahuga ja omab &quot;S-kuju&quot; , mis toetab pead ideaalselt ja v\u00f5imaldab optimaalset positsioneerimist. See loob tingimused kergemaks hingamiseks une ajal ja norskamise v\u00e4hendamist.  Kvaliteetne m\u00e4luvaht (BASF-i CosyPur\u00ae) pakub padjale ideaalset tuge kaelale ja \u00f5lgadele ning stabiliseerib l\u00fclisamba kaelaosa \u00f6\u00f6sel.  Sobib allergikutele! Padi on vastupidav lestadele ja mikroobidele, muutes selle ideaalseks valikuks allergikutele.  Investeeri oma heaolusse Smart\u00ae SILENCE padjaga ja naudi iga \u00f6\u00f6d t\u00e4iusliku une kvaliteedis.  Padi on komplektis pestava padjap\u00fc\u00fcri ja transpordikattega.\" \/>\n<meta property=\"og:url\" content=\"https:\/\/sleepcity.ee\/toode\/smart-silence-padi\/\" \/>\n<meta property=\"og:site_name\" content=\"SleepCity - Hea Une Valem\" \/>\n<meta property=\"article:publisher\" content=\"http:\/\/www.fb.com\/TempurEstonia\" \/>\n<meta property=\"article:modified_time\" content=\"2025-05-23T16:10:20+00:00\" \/>\n<meta property=\"og:image\" content=\"https:\/\/sleepcity.ee\/wp-content\/uploads\/2024\/02\/smart-silence-pillow-anwendung-kissen-bett-schlaf_600x.webp\" \/>\n\t<meta property=\"og:image:width\" content=\"600\" \/>\n\t<meta property=\"og:image:height\" content=\"600\" \/>\n\t<meta property=\"og:image:type\" content=\"image\/webp\" \/>\n<meta name=\"twitter:card\" content=\"summary_large_image\" \/>\n<meta name=\"twitter:label1\" content=\"Est. reading time\" \/>\n\t<meta name=\"twitter:data1\" content=\"1 minut\" \/>\n<script type=\"application\/ld+json\" class=\"yoast-schema-graph\">{\"@context\":\"https:\\\/\\\/schema.org\",\"@graph\":[{\"@type\":\"WebPage\",\"@id\":\"https:\\\/\\\/sleepcity.ee\\\/toode\\\/smart-silence-padi\\\/\",\"url\":\"https:\\\/\\\/sleepcity.ee\\\/toode\\\/smart-silence-padi\\\/\",\"name\":\"Smart\u00ae SILENCE padi - SleepCity - Hea Une Valem\",\"isPartOf\":{\"@id\":\"https:\\\/\\\/sleepcity.ee\\\/#website\"},\"primaryImageOfPage\":{\"@id\":\"https:\\\/\\\/sleepcity.ee\\\/toode\\\/smart-silence-padi\\\/#primaryimage\"},\"image\":{\"@id\":\"https:\\\/\\\/sleepcity.ee\\\/toode\\\/smart-silence-padi\\\/#primaryimage\"},\"thumbnailUrl\":\"https:\\\/\\\/sleepcity.ee\\\/wp-content\\\/uploads\\\/2024\\\/02\\\/smart-silence-pillow-anwendung-kissen-bett-schlaf_600x.webp\",\"datePublished\":\"2024-02-15T15:51:46+00:00\",\"dateModified\":\"2025-05-23T16:10:20+00:00\",\"description\":\"Smart\u00ae SILENCE Padi - Helitute unen\u00e4gude saladus Revolutsiooniline \\\"S-kuju\\\" disain: Smart\u00ae SILENCE padi on loodud innovaatilise vahuga ja omab \\\"S-kuju\\\" , mis toetab pead ideaalselt ja v\u00f5imaldab optimaalset positsioneerimist. See loob tingimused kergemaks hingamiseks une ajal ja norskamise v\u00e4hendamist. Kvaliteetne m\u00e4luvaht (BASF-i CosyPur\u00ae) pakub padjale ideaalset tuge kaelale ja \u00f5lgadele ning stabiliseerib l\u00fclisamba kaelaosa \u00f6\u00f6sel. Sobib allergikutele! Padi on vastupidav lestadele ja mikroobidele, muutes selle ideaalseks valikuks allergikutele. Investeeri oma heaolusse Smart\u00ae SILENCE padjaga ja naudi iga \u00f6\u00f6d t\u00e4iusliku une kvaliteedis. Padi on komplektis pestava padjap\u00fc\u00fcri ja transpordikattega.\",\"breadcrumb\":{\"@id\":\"https:\\\/\\\/sleepcity.ee\\\/toode\\\/smart-silence-padi\\\/#breadcrumb\"},\"inLanguage\":\"et\",\"potentialAction\":[{\"@type\":\"ReadAction\",\"target\":[\"https:\\\/\\\/sleepcity.ee\\\/toode\\\/smart-silence-padi\\\/\"]}]},{\"@type\":\"ImageObject\",\"inLanguage\":\"et\",\"@id\":\"https:\\\/\\\/sleepcity.ee\\\/toode\\\/smart-silence-padi\\\/#primaryimage\",\"url\":\"https:\\\/\\\/sleepcity.ee\\\/wp-content\\\/uploads\\\/2024\\\/02\\\/smart-silence-pillow-anwendung-kissen-bett-schlaf_600x.webp\",\"contentUrl\":\"https:\\\/\\\/sleepcity.ee\\\/wp-content\\\/uploads\\\/2024\\\/02\\\/smart-silence-pillow-anwendung-kissen-bett-schlaf_600x.webp\",\"width\":600,\"height\":600},{\"@type\":\"BreadcrumbList\",\"@id\":\"https:\\\/\\\/sleepcity.ee\\\/toode\\\/smart-silence-padi\\\/#breadcrumb\",\"itemListElement\":[{\"@type\":\"ListItem\",\"position\":1,\"name\":\"Home\",\"item\":\"https:\\\/\\\/sleepcity.ee\\\/\"},{\"@type\":\"ListItem\",\"position\":2,\"name\":\"Pood\",\"item\":\"https:\\\/\\\/sleepcity.ee\\\/pood\\\/\"},{\"@type\":\"ListItem\",\"position\":3,\"name\":\"Smart\u00ae SILENCE padi\"}]},{\"@type\":\"WebSite\",\"@id\":\"https:\\\/\\\/sleepcity.ee\\\/#website\",\"url\":\"https:\\\/\\\/sleepcity.ee\\\/\",\"name\":\"Tempur Shop\",\"description\":\"TEMPUR madratsid, voodid, padjad ja muud unetooted.\",\"publisher\":{\"@id\":\"https:\\\/\\\/sleepcity.ee\\\/#organization\"},\"potentialAction\":[{\"@type\":\"SearchAction\",\"target\":{\"@type\":\"EntryPoint\",\"urlTemplate\":\"https:\\\/\\\/sleepcity.ee\\\/?s={search_term_string}\"},\"query-input\":{\"@type\":\"PropertyValueSpecification\",\"valueRequired\":true,\"valueName\":\"search_term_string\"}}],\"inLanguage\":\"et\"},{\"@type\":\"Organization\",\"@id\":\"https:\\\/\\\/sleepcity.ee\\\/#organization\",\"name\":\"VG Design O\u00dc\",\"url\":\"https:\\\/\\\/sleepcity.ee\\\/\",\"logo\":{\"@type\":\"ImageObject\",\"inLanguage\":\"et\",\"@id\":\"https:\\\/\\\/sleepcity.ee\\\/#\\\/schema\\\/logo\\\/image\\\/\",\"url\":\"https:\\\/\\\/sleepcity.ee\\\/wp-content\\\/uploads\\\/2023\\\/09\\\/sleepcity_logo.png\",\"contentUrl\":\"https:\\\/\\\/sleepcity.ee\\\/wp-content\\\/uploads\\\/2023\\\/09\\\/sleepcity_logo.png\",\"width\":1034,\"height\":318,\"caption\":\"VG Design O\u00dc\"},\"image\":{\"@id\":\"https:\\\/\\\/sleepcity.ee\\\/#\\\/schema\\\/logo\\\/image\\\/\"},\"sameAs\":[\"http:\\\/\\\/www.fb.com\\\/TempurEstonia\",\"http:\\\/\\\/www.instagram.com\\\/tempurestonia\"]}]}<\/script>\n<!-- \/ Yoast SEO plugin. -->","yoast_head_json":{"title":"Smart\u00ae SILENCE padi - SleepCity - Hea Une Valem","description":"Smart\u00ae SILENCE Padi - Helitute unen\u00e4gude saladus  Revolutsiooniline \"S-kuju\" disain: Smart\u00ae SILENCE padi on loodud innovaatilise vahuga ja omab \"S-kuju\" , mis toetab pead ideaalselt ja v\u00f5imaldab optimaalset positsioneerimist. See loob tingimused kergemaks hingamiseks une ajal ja norskamise v\u00e4hendamist.  Kvaliteetne m\u00e4luvaht (BASF-i CosyPur\u00ae) pakub padjale ideaalset tuge kaelale ja \u00f5lgadele ning stabiliseerib l\u00fclisamba kaelaosa \u00f6\u00f6sel.  Sobib allergikutele! Padi on vastupidav lestadele ja mikroobidele, muutes selle ideaalseks valikuks allergikutele.  Investeeri oma heaolusse Smart\u00ae SILENCE padjaga ja naudi iga \u00f6\u00f6d t\u00e4iusliku une kvaliteedis.  Padi on komplektis pestava padjap\u00fc\u00fcri ja transpordikattega.","robots":{"index":"index","follow":"follow","max-snippet":"max-snippet:-1","max-image-preview":"max-image-preview:large","max-video-preview":"max-video-preview:-1"},"canonical":"https:\/\/sleepcity.ee\/toode\/smart-silence-padi\/","og_locale":"et_EE","og_type":"article","og_title":"Smart\u00ae SILENCE padi - SleepCity - Hea Une Valem","og_description":"Smart\u00ae SILENCE Padi - Helitute unen\u00e4gude saladus  Revolutsiooniline \"S-kuju\" disain: Smart\u00ae SILENCE padi on loodud innovaatilise vahuga ja omab \"S-kuju\" , mis toetab pead ideaalselt ja v\u00f5imaldab optimaalset positsioneerimist. See loob tingimused kergemaks hingamiseks une ajal ja norskamise v\u00e4hendamist.  Kvaliteetne m\u00e4luvaht (BASF-i CosyPur\u00ae) pakub padjale ideaalset tuge kaelale ja \u00f5lgadele ning stabiliseerib l\u00fclisamba kaelaosa \u00f6\u00f6sel.  Sobib allergikutele! Padi on vastupidav lestadele ja mikroobidele, muutes selle ideaalseks valikuks allergikutele.  Investeeri oma heaolusse Smart\u00ae SILENCE padjaga ja naudi iga \u00f6\u00f6d t\u00e4iusliku une kvaliteedis.  Padi on komplektis pestava padjap\u00fc\u00fcri ja transpordikattega.","og_url":"https:\/\/sleepcity.ee\/toode\/smart-silence-padi\/","og_site_name":"SleepCity - Hea Une Valem","article_publisher":"http:\/\/www.fb.com\/TempurEstonia","article_modified_time":"2025-05-23T16:10:20+00:00","og_image":[{"width":600,"height":600,"url":"https:\/\/sleepcity.ee\/wp-content\/uploads\/2024\/02\/smart-silence-pillow-anwendung-kissen-bett-schlaf_600x.webp","type":"image\/webp"}],"twitter_card":"summary_large_image","twitter_misc":{"Est. reading time":"1 minut"},"schema":{"@context":"https:\/\/schema.org","@graph":[{"@type":"WebPage","@id":"https:\/\/sleepcity.ee\/toode\/smart-silence-padi\/","url":"https:\/\/sleepcity.ee\/toode\/smart-silence-padi\/","name":"Smart\u00ae SILENCE padi - SleepCity - Hea Une Valem","isPartOf":{"@id":"https:\/\/sleepcity.ee\/#website"},"primaryImageOfPage":{"@id":"https:\/\/sleepcity.ee\/toode\/smart-silence-padi\/#primaryimage"},"image":{"@id":"https:\/\/sleepcity.ee\/toode\/smart-silence-padi\/#primaryimage"},"thumbnailUrl":"https:\/\/sleepcity.ee\/wp-content\/uploads\/2024\/02\/smart-silence-pillow-anwendung-kissen-bett-schlaf_600x.webp","datePublished":"2024-02-15T15:51:46+00:00","dateModified":"2025-05-23T16:10:20+00:00","description":"Smart\u00ae SILENCE Padi - Helitute unen\u00e4gude saladus Revolutsiooniline \"S-kuju\" disain: Smart\u00ae SILENCE padi on loodud innovaatilise vahuga ja omab \"S-kuju\" , mis toetab pead ideaalselt ja v\u00f5imaldab optimaalset positsioneerimist. See loob tingimused kergemaks hingamiseks une ajal ja norskamise v\u00e4hendamist. Kvaliteetne m\u00e4luvaht (BASF-i CosyPur\u00ae) pakub padjale ideaalset tuge kaelale ja \u00f5lgadele ning stabiliseerib l\u00fclisamba kaelaosa \u00f6\u00f6sel. Sobib allergikutele! Padi on vastupidav lestadele ja mikroobidele, muutes selle ideaalseks valikuks allergikutele. Investeeri oma heaolusse Smart\u00ae SILENCE padjaga ja naudi iga \u00f6\u00f6d t\u00e4iusliku une kvaliteedis. Padi on komplektis pestava padjap\u00fc\u00fcri ja transpordikattega.","breadcrumb":{"@id":"https:\/\/sleepcity.ee\/toode\/smart-silence-padi\/#breadcrumb"},"inLanguage":"et","potentialAction":[{"@type":"ReadAction","target":["https:\/\/sleepcity.ee\/toode\/smart-silence-padi\/"]}]},{"@type":"ImageObject","inLanguage":"et","@id":"https:\/\/sleepcity.ee\/toode\/smart-silence-padi\/#primaryimage","url":"https:\/\/sleepcity.ee\/wp-content\/uploads\/2024\/02\/smart-silence-pillow-anwendung-kissen-bett-schlaf_600x.webp","contentUrl":"https:\/\/sleepcity.ee\/wp-content\/uploads\/2024\/02\/smart-silence-pillow-anwendung-kissen-bett-schlaf_600x.webp","width":600,"height":600},{"@type":"BreadcrumbList","@id":"https:\/\/sleepcity.ee\/toode\/smart-silence-padi\/#breadcrumb","itemListElement":[{"@type":"ListItem","position":1,"name":"Home","item":"https:\/\/sleepcity.ee\/"},{"@type":"ListItem","position":2,"name":"Pood","item":"https:\/\/sleepcity.ee\/pood\/"},{"@type":"ListItem","position":3,"name":"Smart\u00ae SILENCE padi"}]},{"@type":"WebSite","@id":"https:\/\/sleepcity.ee\/#website","url":"https:\/\/sleepcity.ee\/","name":"Tempur Shop","description":"TEMPUR madratsid, voodid, padjad ja muud unetooted.","publisher":{"@id":"https:\/\/sleepcity.ee\/#organization"},"potentialAction":[{"@type":"SearchAction","target":{"@type":"EntryPoint","urlTemplate":"https:\/\/sleepcity.ee\/?s={search_term_string}"},"query-input":{"@type":"PropertyValueSpecification","valueRequired":true,"valueName":"search_term_string"}}],"inLanguage":"et"},{"@type":"Organization","@id":"https:\/\/sleepcity.ee\/#organization","name":"VG Design O\u00dc","url":"https:\/\/sleepcity.ee\/","logo":{"@type":"ImageObject","inLanguage":"et","@id":"https:\/\/sleepcity.ee\/#\/schema\/logo\/image\/","url":"https:\/\/sleepcity.ee\/wp-content\/uploads\/2023\/09\/sleepcity_logo.png","contentUrl":"https:\/\/sleepcity.ee\/wp-content\/uploads\/2023\/09\/sleepcity_logo.png","width":1034,"height":318,"caption":"VG Design O\u00dc"},"image":{"@id":"https:\/\/sleepcity.ee\/#\/schema\/logo\/image\/"},"sameAs":["http:\/\/www.fb.com\/TempurEstonia","http:\/\/www.instagram.com\/tempurestonia"]}]}},"_links":{"self":[{"href":"https:\/\/www.sleepcity.ee\/wp-json\/wp\/v2\/product\/7768","targetHints":{"allow":["GET"]}}],"collection":[{"href":"https:\/\/www.sleepcity.ee\/wp-json\/wp\/v2\/product"}],"about":[{"href":"https:\/\/www.sleepcity.ee\/wp-json\/wp\/v2\/types\/product"}],"replies":[{"embeddable":true,"href":"https:\/\/www.sleepcity.ee\/wp-json\/wp\/v2\/comments?post=7768"}],"wp:featuredmedia":[{"embeddable":true,"href":"https:\/\/www.sleepcity.ee\/wp-json\/wp\/v2\/media\/7769"}],"wp:attachment":[{"href":"https:\/\/www.sleepcity.ee\/wp-json\/wp\/v2\/media?parent=7768"}],"wp:term":[{"taxonomy":"product_brand","embeddable":true,"href":"https:\/\/www.sleepcity.ee\/wp-json\/wp\/v2\/product_brand?post=7768"},{"taxonomy":"product_cat","embeddable":true,"href":"https:\/\/www.sleepcity.ee\/wp-json\/wp\/v2\/product_cat?post=7768"},{"taxonomy":"product_tag","embeddable":true,"href":"https:\/\/www.sleepcity.ee\/wp-json\/wp\/v2\/product_tag?post=7768"}],"curies":[{"name":"wp","href":"https:\/\/api.w.org\/{rel}","templated":true}]}}