{"id":7693,"date":"2024-02-06T09:11:22","date_gmt":"2024-02-06T09:11:22","guid":{"rendered":"https:\/\/sleepcity.ee\/?post_type=product&#038;p=7693"},"modified":"2024-02-15T16:16:55","modified_gmt":"2024-02-15T16:16:55","slug":"smartsleep-original-toitainete-kompleks-kreatiiniga","status":"publish","type":"product","link":"https:\/\/www.sleepcity.ee\/toode\/smartsleep-original-toitainete-kompleks-kreatiiniga\/","title":{"rendered":"Smartsleep\u00ae\u00a0ORIGINAL \u2013 toitainete kompleks kreatiiniga"},"content":{"rendered":"<p><strong>Koostisained:<\/strong>\u00a0vesi, happesuse regulaator sidrunhape, L-gl\u00fctsiin, magneesiumlaktaat, magneesiumtsitraat, L-askorbiinhape, happesuse regulaator magneesiumh\u00fcdroksiid, gl\u00fckonaat, s\u00e4ilitusaine kaaliumsorbaat, kaltsium-D-pantotenaat, magusaine stevioolgl\u00fckosiid, ts\u00fcklamaat, atsesulfaam K, sahhariin; nikotiinamiid, p\u00fcridoksiinvesinikkloriid, riboflaviin, tiamiinmononitraat, D-biotiin. Sisaldab fen\u00fc\u00fclalaniini allikat.<\/p>\n<p><span style=\"font-size: 12pt;\"><strong>Koostisosad (n\u00e4rimistabletid):<\/strong>\u00a0kreatiinmonoh\u00fcdraat (51,25%), t\u00e4iteaine sorbitool, taimne rasv (t\u00e4ielikult h\u00fcdrogeenitud, raps), t\u00e4rklis, l\u00f5hna- ja maitseained, happesuse regulaator, sidrunhape, paakumisvastane aine (rasvhapete magneesiumsoolad), magusaine sukraloos.<\/span><\/p>\n<p><span style=\"font-size: 12pt;\"><strong>Toitev\u00e4\u00e4rtus:<\/strong>\u00a025 ml vedelikku \u2013 C-vitamiin (mg) 80(100*), tiamiin (mg) 0,6(55*), riboflaviin (mg) 0,7(50*), niatsiin (mg NE) 12(75*),\u00a0 B6-vitamiin (mg) 1,6(114*), biotiin (\u00b5g) 58(116*), pantoteenhape (mg) 4,8(80*), magneesium (mg) 250(67*), tsink (mg) 10(100*), L-gl\u00fctsiin 2 g. N\u00e4rimistabletid (2 tk): kreatiin 1800 mg.* \u2013 v\u00f5rdluskogus, %.<\/span><\/p>\n<p><span style=\"font-size: 12pt;\"><strong>Soovitatav kasutamine:<\/strong>\u00a02 n\u00e4rimistabletti ja 1 ampull suukaudset vedelikku p\u00e4evas, enne magamaminekut. \u00c4rge \u00fcletage soovitatud annust. Toidulisandit ei tohiks kasutada toidu asendajana. Oluline on mitmekesine ja tasakaalustatud toitumine ning tervislik eluviis. Hoida lastele k\u00e4ttesaamatus kohas, temperatuuril mitte \u00fcle 25 kraadi, kuivas ja pimedas kohas, otsese p\u00e4ikesevalguse eest kaitstult.<\/span><\/p>\n<p><span style=\"font-size: 12pt;\"><strong>Lisainfo:<\/strong> Kreatiini n\u00e4rimistabletid ja joogiampullid valitud vitamiinide, mineraalainete ja L-gl\u00fctsiini aminohappega.<\/span><br \/>\n<span style=\"font-size: 12pt;\">Riboflaviin, niatsiin ja magneesium aitavad v\u00e4hendada v\u00e4simust.<\/span><br \/>\n<span style=\"font-size: 12pt;\">Tiamiin, biotiin ja niatsiin aitavad s\u00e4ilitada normaalset energiavahetust.<\/span><br \/>\n<span style=\"font-size: 12pt;\">Sobib veganitele, gluteenivaba, suhkruvaba, laktoosivaba.<\/span><br \/>\n<span style=\"font-size: 12pt;\">Sidrunheinamaitseline, magusainetega.<\/span><br \/>\n<span style=\"font-size: 12pt;\">T\u00e4iskasvanutele.<\/span><\/p>\n<p><span style=\"font-size: 10pt;\"><strong>Netokogus:<br \/>\n<\/strong>75 ml ja 12 g (3 x 25 ml ampulli ja 6 x 2 g n\u00e4rimistabletti),<\/span><br \/>\n<span style=\"font-size: 10pt;\">175 ml ja 28 g (7 x 25 ml ampulli ja 14 x 2 g n\u00e4rimistabletti),<\/span><br \/>\n<span style=\"font-size: 10pt;\">450 ml ja 72 g (18 x 25 ml ampulli ja 36 x 2 g n\u00e4rimistabletti).<\/span><\/p>\n<p><span style=\"font-size: 12pt;\"><strong>Tootja: smartsleep\u00ae, GmbH, Alle Gie\u00dferei 6-14, 40699 Erkrath, Saksamaa<\/strong><\/span><\/p>\n","protected":false},"excerpt":{"rendered":"<p><strong>\u00c4rka rohkem \u00e4rkvel ja alusta oma p\u00e4eva h\u00e4sti!<\/strong><\/p>\n<p>Smartsleep\u00ae ORIGINAL on <strong>esimene uuenduslik toitainete kompleks<\/strong>\u00a0\u00f6\u00f6seks ja pakub valitud toitaineid spetsiaalselt teie une jaoks.<\/p>\n<p>T\u00f6\u00f6tatud v\u00e4lja uneuuringute p\u00f5hjal, et v\u00e4hendada p\u00e4evast v\u00e4simust ja v\u00e4simust*.<\/p>\n<p>&nbsp;<\/p>\n<p>&nbsp;<\/p>\n","protected":false},"featured_media":7481,"comment_status":"open","ping_status":"closed","template":"","meta":{"_monsterinsights_skip_tracking":false,"_monsterinsights_sitenote_active":false,"_monsterinsights_sitenote_note":"","_monsterinsights_sitenote_category":0},"product_brand":[],"product_cat":[272,509],"product_tag":[],"class_list":{"0":"post-7693","1":"product","2":"type-product","3":"status-publish","4":"has-post-thumbnail","6":"product_cat-meeleolu","7":"product_cat-toidulisandid","9":"first","10":"instock","11":"taxable","12":"shipping-taxable","13":"purchasable","14":"product-type-variable"},"yoast_head":"<!-- This site is optimized with the Yoast SEO plugin v27.4 - https:\/\/yoast.com\/product\/yoast-seo-wordpress\/ -->\n<title>Smartsleep\u00ae\u00a0ORIGINAL \u2013 toitainete kompleks kreatiiniga - SleepCity - Hea Une Valem<\/title>\n<meta name=\"description\" content=\"\u00c4rka rohkem \u00e4rkvel ja alusta oma p\u00e4eva h\u00e4sti!  Smartsleep\u00ae ORIGINAL on esimene uuenduslik toitainete kompleks\u00a0\u00f6\u00f6seks ja pakub valitud toitaineid spetsiaalselt teie une jaoks.  T\u00f6\u00f6tatud v\u00e4lja uneuuringute p\u00f5hjal, et v\u00e4hendada p\u00e4evast v\u00e4simust ja v\u00e4simust*.  &nbsp;  &nbsp;\" \/>\n<meta name=\"robots\" content=\"index, follow, max-snippet:-1, max-image-preview:large, max-video-preview:-1\" \/>\n<link rel=\"canonical\" href=\"https:\/\/sleepcity.ee\/toode\/smartsleep-original-toitainete-kompleks-kreatiiniga\/\" \/>\n<meta property=\"og:locale\" content=\"et_EE\" \/>\n<meta property=\"og:type\" content=\"article\" \/>\n<meta property=\"og:title\" content=\"Smartsleep\u00ae\u00a0ORIGINAL \u2013 toitainete kompleks kreatiiniga - SleepCity - Hea Une Valem\" \/>\n<meta property=\"og:description\" content=\"\u00c4rka rohkem \u00e4rkvel ja alusta oma p\u00e4eva h\u00e4sti!  Smartsleep\u00ae ORIGINAL on esimene uuenduslik toitainete kompleks\u00a0\u00f6\u00f6seks ja pakub valitud toitaineid spetsiaalselt teie une jaoks.  T\u00f6\u00f6tatud v\u00e4lja uneuuringute p\u00f5hjal, et v\u00e4hendada p\u00e4evast v\u00e4simust ja v\u00e4simust*.  &nbsp;  &nbsp;\" \/>\n<meta property=\"og:url\" content=\"https:\/\/sleepcity.ee\/toode\/smartsleep-original-toitainete-kompleks-kreatiiniga\/\" \/>\n<meta property=\"og:site_name\" content=\"SleepCity - Hea Une Valem\" \/>\n<meta property=\"article:publisher\" content=\"http:\/\/www.fb.com\/TempurEstonia\" \/>\n<meta property=\"article:modified_time\" content=\"2024-02-15T16:16:55+00:00\" \/>\n<meta property=\"og:image\" content=\"https:\/\/sleepcity.ee\/wp-content\/uploads\/2024\/01\/210308_instapost_ORIGINAL_slide_01_800x.webp\" \/>\n\t<meta property=\"og:image:width\" content=\"800\" \/>\n\t<meta property=\"og:image:height\" content=\"800\" \/>\n\t<meta property=\"og:image:type\" content=\"image\/webp\" \/>\n<meta name=\"twitter:card\" content=\"summary_large_image\" \/>\n<meta name=\"twitter:label1\" content=\"Est. reading time\" \/>\n\t<meta name=\"twitter:data1\" content=\"1 minut\" \/>\n<script type=\"application\/ld+json\" class=\"yoast-schema-graph\">{\"@context\":\"https:\\\/\\\/schema.org\",\"@graph\":[{\"@type\":\"WebPage\",\"@id\":\"https:\\\/\\\/sleepcity.ee\\\/toode\\\/smartsleep-original-toitainete-kompleks-kreatiiniga\\\/\",\"url\":\"https:\\\/\\\/sleepcity.ee\\\/toode\\\/smartsleep-original-toitainete-kompleks-kreatiiniga\\\/\",\"name\":\"Smartsleep\u00ae\u00a0ORIGINAL \u2013 toitainete kompleks kreatiiniga - SleepCity - Hea Une Valem\",\"isPartOf\":{\"@id\":\"https:\\\/\\\/sleepcity.ee\\\/#website\"},\"primaryImageOfPage\":{\"@id\":\"https:\\\/\\\/sleepcity.ee\\\/toode\\\/smartsleep-original-toitainete-kompleks-kreatiiniga\\\/#primaryimage\"},\"image\":{\"@id\":\"https:\\\/\\\/sleepcity.ee\\\/toode\\\/smartsleep-original-toitainete-kompleks-kreatiiniga\\\/#primaryimage\"},\"thumbnailUrl\":\"https:\\\/\\\/sleepcity.ee\\\/wp-content\\\/uploads\\\/2024\\\/01\\\/210308_instapost_ORIGINAL_slide_01_800x.webp\",\"datePublished\":\"2024-02-06T09:11:22+00:00\",\"dateModified\":\"2024-02-15T16:16:55+00:00\",\"description\":\"\u00c4rka rohkem \u00e4rkvel ja alusta oma p\u00e4eva h\u00e4sti! Smartsleep\u00ae ORIGINAL on esimene uuenduslik toitainete kompleks\u00a0\u00f6\u00f6seks ja pakub valitud toitaineid spetsiaalselt teie une jaoks. T\u00f6\u00f6tatud v\u00e4lja uneuuringute p\u00f5hjal, et v\u00e4hendada p\u00e4evast v\u00e4simust ja v\u00e4simust*. &nbsp; &nbsp;\",\"breadcrumb\":{\"@id\":\"https:\\\/\\\/sleepcity.ee\\\/toode\\\/smartsleep-original-toitainete-kompleks-kreatiiniga\\\/#breadcrumb\"},\"inLanguage\":\"et\",\"potentialAction\":[{\"@type\":\"ReadAction\",\"target\":[\"https:\\\/\\\/sleepcity.ee\\\/toode\\\/smartsleep-original-toitainete-kompleks-kreatiiniga\\\/\"]}]},{\"@type\":\"ImageObject\",\"inLanguage\":\"et\",\"@id\":\"https:\\\/\\\/sleepcity.ee\\\/toode\\\/smartsleep-original-toitainete-kompleks-kreatiiniga\\\/#primaryimage\",\"url\":\"https:\\\/\\\/sleepcity.ee\\\/wp-content\\\/uploads\\\/2024\\\/01\\\/210308_instapost_ORIGINAL_slide_01_800x.webp\",\"contentUrl\":\"https:\\\/\\\/sleepcity.ee\\\/wp-content\\\/uploads\\\/2024\\\/01\\\/210308_instapost_ORIGINAL_slide_01_800x.webp\",\"width\":800,\"height\":800},{\"@type\":\"BreadcrumbList\",\"@id\":\"https:\\\/\\\/sleepcity.ee\\\/toode\\\/smartsleep-original-toitainete-kompleks-kreatiiniga\\\/#breadcrumb\",\"itemListElement\":[{\"@type\":\"ListItem\",\"position\":1,\"name\":\"Home\",\"item\":\"https:\\\/\\\/sleepcity.ee\\\/\"},{\"@type\":\"ListItem\",\"position\":2,\"name\":\"Pood\",\"item\":\"https:\\\/\\\/sleepcity.ee\\\/pood\\\/\"},{\"@type\":\"ListItem\",\"position\":3,\"name\":\"Smartsleep\u00ae\u00a0ORIGINAL \u2013 toitainete kompleks kreatiiniga\"}]},{\"@type\":\"WebSite\",\"@id\":\"https:\\\/\\\/sleepcity.ee\\\/#website\",\"url\":\"https:\\\/\\\/sleepcity.ee\\\/\",\"name\":\"Tempur Shop\",\"description\":\"TEMPUR madratsid, voodid, padjad ja muud unetooted.\",\"publisher\":{\"@id\":\"https:\\\/\\\/sleepcity.ee\\\/#organization\"},\"potentialAction\":[{\"@type\":\"SearchAction\",\"target\":{\"@type\":\"EntryPoint\",\"urlTemplate\":\"https:\\\/\\\/sleepcity.ee\\\/?s={search_term_string}\"},\"query-input\":{\"@type\":\"PropertyValueSpecification\",\"valueRequired\":true,\"valueName\":\"search_term_string\"}}],\"inLanguage\":\"et\"},{\"@type\":\"Organization\",\"@id\":\"https:\\\/\\\/sleepcity.ee\\\/#organization\",\"name\":\"VG Design O\u00dc\",\"url\":\"https:\\\/\\\/sleepcity.ee\\\/\",\"logo\":{\"@type\":\"ImageObject\",\"inLanguage\":\"et\",\"@id\":\"https:\\\/\\\/sleepcity.ee\\\/#\\\/schema\\\/logo\\\/image\\\/\",\"url\":\"https:\\\/\\\/sleepcity.ee\\\/wp-content\\\/uploads\\\/2023\\\/09\\\/sleepcity_logo.png\",\"contentUrl\":\"https:\\\/\\\/sleepcity.ee\\\/wp-content\\\/uploads\\\/2023\\\/09\\\/sleepcity_logo.png\",\"width\":1034,\"height\":318,\"caption\":\"VG Design O\u00dc\"},\"image\":{\"@id\":\"https:\\\/\\\/sleepcity.ee\\\/#\\\/schema\\\/logo\\\/image\\\/\"},\"sameAs\":[\"http:\\\/\\\/www.fb.com\\\/TempurEstonia\",\"http:\\\/\\\/www.instagram.com\\\/tempurestonia\"]}]}<\/script>\n<!-- \/ Yoast SEO plugin. -->","yoast_head_json":{"title":"Smartsleep\u00ae\u00a0ORIGINAL \u2013 toitainete kompleks kreatiiniga - SleepCity - Hea Une Valem","description":"\u00c4rka rohkem \u00e4rkvel ja alusta oma p\u00e4eva h\u00e4sti!  Smartsleep\u00ae ORIGINAL on esimene uuenduslik toitainete kompleks\u00a0\u00f6\u00f6seks ja pakub valitud toitaineid spetsiaalselt teie une jaoks.  T\u00f6\u00f6tatud v\u00e4lja uneuuringute p\u00f5hjal, et v\u00e4hendada p\u00e4evast v\u00e4simust ja v\u00e4simust*.  &nbsp;  &nbsp;","robots":{"index":"index","follow":"follow","max-snippet":"max-snippet:-1","max-image-preview":"max-image-preview:large","max-video-preview":"max-video-preview:-1"},"canonical":"https:\/\/sleepcity.ee\/toode\/smartsleep-original-toitainete-kompleks-kreatiiniga\/","og_locale":"et_EE","og_type":"article","og_title":"Smartsleep\u00ae\u00a0ORIGINAL \u2013 toitainete kompleks kreatiiniga - SleepCity - Hea Une Valem","og_description":"\u00c4rka rohkem \u00e4rkvel ja alusta oma p\u00e4eva h\u00e4sti!  Smartsleep\u00ae ORIGINAL on esimene uuenduslik toitainete kompleks\u00a0\u00f6\u00f6seks ja pakub valitud toitaineid spetsiaalselt teie une jaoks.  T\u00f6\u00f6tatud v\u00e4lja uneuuringute p\u00f5hjal, et v\u00e4hendada p\u00e4evast v\u00e4simust ja v\u00e4simust*.  &nbsp;  &nbsp;","og_url":"https:\/\/sleepcity.ee\/toode\/smartsleep-original-toitainete-kompleks-kreatiiniga\/","og_site_name":"SleepCity - Hea Une Valem","article_publisher":"http:\/\/www.fb.com\/TempurEstonia","article_modified_time":"2024-02-15T16:16:55+00:00","og_image":[{"width":800,"height":800,"url":"https:\/\/sleepcity.ee\/wp-content\/uploads\/2024\/01\/210308_instapost_ORIGINAL_slide_01_800x.webp","type":"image\/webp"}],"twitter_card":"summary_large_image","twitter_misc":{"Est. reading time":"1 minut"},"schema":{"@context":"https:\/\/schema.org","@graph":[{"@type":"WebPage","@id":"https:\/\/sleepcity.ee\/toode\/smartsleep-original-toitainete-kompleks-kreatiiniga\/","url":"https:\/\/sleepcity.ee\/toode\/smartsleep-original-toitainete-kompleks-kreatiiniga\/","name":"Smartsleep\u00ae\u00a0ORIGINAL \u2013 toitainete kompleks kreatiiniga - SleepCity - Hea Une Valem","isPartOf":{"@id":"https:\/\/sleepcity.ee\/#website"},"primaryImageOfPage":{"@id":"https:\/\/sleepcity.ee\/toode\/smartsleep-original-toitainete-kompleks-kreatiiniga\/#primaryimage"},"image":{"@id":"https:\/\/sleepcity.ee\/toode\/smartsleep-original-toitainete-kompleks-kreatiiniga\/#primaryimage"},"thumbnailUrl":"https:\/\/sleepcity.ee\/wp-content\/uploads\/2024\/01\/210308_instapost_ORIGINAL_slide_01_800x.webp","datePublished":"2024-02-06T09:11:22+00:00","dateModified":"2024-02-15T16:16:55+00:00","description":"\u00c4rka rohkem \u00e4rkvel ja alusta oma p\u00e4eva h\u00e4sti! Smartsleep\u00ae ORIGINAL on esimene uuenduslik toitainete kompleks\u00a0\u00f6\u00f6seks ja pakub valitud toitaineid spetsiaalselt teie une jaoks. T\u00f6\u00f6tatud v\u00e4lja uneuuringute p\u00f5hjal, et v\u00e4hendada p\u00e4evast v\u00e4simust ja v\u00e4simust*. &nbsp; &nbsp;","breadcrumb":{"@id":"https:\/\/sleepcity.ee\/toode\/smartsleep-original-toitainete-kompleks-kreatiiniga\/#breadcrumb"},"inLanguage":"et","potentialAction":[{"@type":"ReadAction","target":["https:\/\/sleepcity.ee\/toode\/smartsleep-original-toitainete-kompleks-kreatiiniga\/"]}]},{"@type":"ImageObject","inLanguage":"et","@id":"https:\/\/sleepcity.ee\/toode\/smartsleep-original-toitainete-kompleks-kreatiiniga\/#primaryimage","url":"https:\/\/sleepcity.ee\/wp-content\/uploads\/2024\/01\/210308_instapost_ORIGINAL_slide_01_800x.webp","contentUrl":"https:\/\/sleepcity.ee\/wp-content\/uploads\/2024\/01\/210308_instapost_ORIGINAL_slide_01_800x.webp","width":800,"height":800},{"@type":"BreadcrumbList","@id":"https:\/\/sleepcity.ee\/toode\/smartsleep-original-toitainete-kompleks-kreatiiniga\/#breadcrumb","itemListElement":[{"@type":"ListItem","position":1,"name":"Home","item":"https:\/\/sleepcity.ee\/"},{"@type":"ListItem","position":2,"name":"Pood","item":"https:\/\/sleepcity.ee\/pood\/"},{"@type":"ListItem","position":3,"name":"Smartsleep\u00ae\u00a0ORIGINAL \u2013 toitainete kompleks kreatiiniga"}]},{"@type":"WebSite","@id":"https:\/\/sleepcity.ee\/#website","url":"https:\/\/sleepcity.ee\/","name":"Tempur Shop","description":"TEMPUR madratsid, voodid, padjad ja muud unetooted.","publisher":{"@id":"https:\/\/sleepcity.ee\/#organization"},"potentialAction":[{"@type":"SearchAction","target":{"@type":"EntryPoint","urlTemplate":"https:\/\/sleepcity.ee\/?s={search_term_string}"},"query-input":{"@type":"PropertyValueSpecification","valueRequired":true,"valueName":"search_term_string"}}],"inLanguage":"et"},{"@type":"Organization","@id":"https:\/\/sleepcity.ee\/#organization","name":"VG Design O\u00dc","url":"https:\/\/sleepcity.ee\/","logo":{"@type":"ImageObject","inLanguage":"et","@id":"https:\/\/sleepcity.ee\/#\/schema\/logo\/image\/","url":"https:\/\/sleepcity.ee\/wp-content\/uploads\/2023\/09\/sleepcity_logo.png","contentUrl":"https:\/\/sleepcity.ee\/wp-content\/uploads\/2023\/09\/sleepcity_logo.png","width":1034,"height":318,"caption":"VG Design O\u00dc"},"image":{"@id":"https:\/\/sleepcity.ee\/#\/schema\/logo\/image\/"},"sameAs":["http:\/\/www.fb.com\/TempurEstonia","http:\/\/www.instagram.com\/tempurestonia"]}]}},"_links":{"self":[{"href":"https:\/\/www.sleepcity.ee\/wp-json\/wp\/v2\/product\/7693","targetHints":{"allow":["GET"]}}],"collection":[{"href":"https:\/\/www.sleepcity.ee\/wp-json\/wp\/v2\/product"}],"about":[{"href":"https:\/\/www.sleepcity.ee\/wp-json\/wp\/v2\/types\/product"}],"replies":[{"embeddable":true,"href":"https:\/\/www.sleepcity.ee\/wp-json\/wp\/v2\/comments?post=7693"}],"wp:featuredmedia":[{"embeddable":true,"href":"https:\/\/www.sleepcity.ee\/wp-json\/wp\/v2\/media\/7481"}],"wp:attachment":[{"href":"https:\/\/www.sleepcity.ee\/wp-json\/wp\/v2\/media?parent=7693"}],"wp:term":[{"taxonomy":"product_brand","embeddable":true,"href":"https:\/\/www.sleepcity.ee\/wp-json\/wp\/v2\/product_brand?post=7693"},{"taxonomy":"product_cat","embeddable":true,"href":"https:\/\/www.sleepcity.ee\/wp-json\/wp\/v2\/product_cat?post=7693"},{"taxonomy":"product_tag","embeddable":true,"href":"https:\/\/www.sleepcity.ee\/wp-json\/wp\/v2\/product_tag?post=7693"}],"curies":[{"name":"wp","href":"https:\/\/api.w.org\/{rel}","templated":true}]}}