{"id":7690,"date":"2024-02-06T08:41:32","date_gmt":"2024-02-06T08:41:32","guid":{"rendered":"https:\/\/sleepcity.ee\/?post_type=product&#038;p=7690"},"modified":"2024-02-06T08:41:32","modified_gmt":"2024-02-06T08:41:32","slug":"smartsleep-immune-immuunsuse-toetamiseks","status":"publish","type":"product","link":"https:\/\/www.sleepcity.ee\/toode\/smartsleep-immune-immuunsuse-toetamiseks\/","title":{"rendered":"Smartsleep\u00ae IMMUNE immuunsuse toetamiseks"},"content":{"rendered":"<p><strong>Koostisained:<\/strong>\u00a0vesi, L-gl\u00fctsiin, happesuse regulaator sidrunhape, apelsinimahla kontsentraat 2,5%, sidrunimahla kontsentraat 2,5%, greibimahla kontsentraat 2,5%, L-arginiin, magneesiumkarbonaat, l\u00f5hna- ja maitseained, L-askorbiinhape, raudgl\u00fckonaat, tsinkgl\u00fckonaat, ingveriekstrakti pulber, DL-alfa-tokofer\u00fc\u00fclatsetaat, s\u00e4ilitusained (naatriumbensoaat, kaaliumsorbaat), emulgaator (pol\u00fcoks\u00fcet\u00fcleen sorbitaan mono palmitaat (pol\u00fcsorbaat 40), rasvhapete mono- ja digl\u00fctseriidid), DL-alfa-tokofer\u00fc\u00fclatsetaat, magusained (atsesulfaam, sukraloos), mangaaniulfaat, vaskgl\u00fckonaat, p\u00fcridoksiinvesinikkloriid, riboflaviin, naatriumselenaat, kolekaltsiferool, ts\u00fcanokobalamiin. Sisaldab fen\u00fc\u00fclalaniini allikat.<\/p>\n<p><strong>Toitev\u00e4\u00e4rtus:<\/strong>\u00a025 ml vedelikku \u2013 A-vitamiin (\u00b5g RE) 800 (100*), D3-vitamiin (\u00b5g) 5(100*), E-vitamiin (mg a-TE) 10(83*),C-vitamiin (mg) 100(125*), B2-vitamiin (mg) 1,2(86*), B6-vitamiin (mg) 1,4 (100*), B12-vitamiin (\u00b5g) 2,5 (100*), magneesium (mg) 150(40*), raud (mg) 10(71*), tsink (mg) 10(100*), vask (\u00b5g) 0,8(80*), mangaan (mg) 2(100*), seleen (\u00b5g) 60(109*),\u00a0\u00a0L-arginiin 650 mg, L-gl\u00fctsiin 1700 mg.* \u2013 v\u00f5rdluskogus, %.<\/p>\n<p><strong>Soovitatav kasutamine:<\/strong>\u00a01 ampull suukaudset vedelikku p\u00e4evas, enne magamaminekut. Enne kasutamist loksutada. \u00c4rge \u00fcletage soovitatud annust. Toidulisandit ei tohiks kasutada toidu asendajana. Oluline on mitmekesine ja tasakaalustatud toitumine ning tervislik eluviis. Hoida lastele k\u00e4ttesaamatus kohas, temperatuuril mitte \u00fcle 25 kraadi, kuivas ja pimedas kohas, otsese p\u00e4ikesevalguse eest kaitstult.<\/p>\n<p><strong>Tootja: smartsleep\u00ae, GmbH, Alle Gie\u00dferei 6-14, 40699 Erkrath, Saksamaa<\/strong><\/p>\n","protected":false},"excerpt":{"rendered":"<p>\u00c4rka energilisemana ja alusta p\u00e4eva tervena!<\/p>\n<p>Uuenduslik\u00a0<strong>immuun-toitainete kompleks<\/strong> \u00f6\u00f6seks.<\/p>\n<p><strong> Smartsleep\u00ae IMMUNE<\/strong> toetab teie immuuns\u00fcsteemi, kui see t\u00f6\u00f6tab t\u00e4iskiirusel, ning varustab teid arvukate vitamiinide, aminohapete ja mikroelementidega, eriti \u00f6\u00f6sel.<\/p>\n<p>Muuhulgas toetavad A-, B6- ja C-vitamiinid, aga ka tsink, seleen ja mangaan Sinu immuuns\u00fcsteemi, rakkude jagunemist ja DNA s\u00fcnteesi ning kaitsevad Sinu rakke oks\u00fcdatiivse stressi eest \u2013 hommikuseks eluliseks \u00e4rkamiseks.<\/p>\n","protected":false},"featured_media":7513,"comment_status":"open","ping_status":"closed","template":"","meta":{"_monsterinsights_skip_tracking":false,"_monsterinsights_sitenote_active":false,"_monsterinsights_sitenote_note":"","_monsterinsights_sitenote_category":0},"product_brand":[],"product_cat":[272,509],"product_tag":[],"class_list":{"0":"post-7690","1":"product","2":"type-product","3":"status-publish","4":"has-post-thumbnail","6":"product_cat-meeleolu","7":"product_cat-toidulisandid","9":"first","10":"instock","11":"taxable","12":"shipping-taxable","13":"purchasable","14":"product-type-variable"},"yoast_head":"<!-- This site is optimized with the Yoast SEO plugin v27.4 - https:\/\/yoast.com\/product\/yoast-seo-wordpress\/ -->\n<title>Smartsleep\u00ae IMMUNE immuunsuse toetamiseks - SleepCity - Hea Une Valem<\/title>\n<meta name=\"description\" content=\"\u00c4rka energilisemana ja alusta p\u00e4eva tervena!  Uuenduslik\u00a0immuun-toitainete kompleks \u00f6\u00f6seks.   Smartsleep\u00ae IMMUNE toetab teie immuuns\u00fcsteemi, kui see t\u00f6\u00f6tab t\u00e4iskiirusel, ning varustab teid arvukate vitamiinide, aminohapete ja mikroelementidega, eriti \u00f6\u00f6sel.  Muuhulgas toetavad A-, B6- ja C-vitamiinid, aga ka tsink, seleen ja mangaan Sinu immuuns\u00fcsteemi, rakkude jagunemist ja DNA s\u00fcnteesi ning kaitsevad Sinu rakke oks\u00fcdatiivse stressi eest \u2013 hommikuseks eluliseks \u00e4rkamiseks.\" \/>\n<meta name=\"robots\" content=\"index, follow, max-snippet:-1, max-image-preview:large, max-video-preview:-1\" \/>\n<link rel=\"canonical\" href=\"https:\/\/sleepcity.ee\/toode\/smartsleep-immune-immuunsuse-toetamiseks\/\" \/>\n<meta property=\"og:locale\" content=\"et_EE\" \/>\n<meta property=\"og:type\" content=\"article\" \/>\n<meta property=\"og:title\" content=\"Smartsleep\u00ae IMMUNE immuunsuse toetamiseks - SleepCity - Hea Une Valem\" \/>\n<meta property=\"og:description\" content=\"\u00c4rka energilisemana ja alusta p\u00e4eva tervena!  Uuenduslik\u00a0immuun-toitainete kompleks \u00f6\u00f6seks.   Smartsleep\u00ae IMMUNE toetab teie immuuns\u00fcsteemi, kui see t\u00f6\u00f6tab t\u00e4iskiirusel, ning varustab teid arvukate vitamiinide, aminohapete ja mikroelementidega, eriti \u00f6\u00f6sel.  Muuhulgas toetavad A-, B6- ja C-vitamiinid, aga ka tsink, seleen ja mangaan Sinu immuuns\u00fcsteemi, rakkude jagunemist ja DNA s\u00fcnteesi ning kaitsevad Sinu rakke oks\u00fcdatiivse stressi eest \u2013 hommikuseks eluliseks \u00e4rkamiseks.\" \/>\n<meta property=\"og:url\" content=\"https:\/\/sleepcity.ee\/toode\/smartsleep-immune-immuunsuse-toetamiseks\/\" \/>\n<meta property=\"og:site_name\" content=\"SleepCity - Hea Une Valem\" \/>\n<meta property=\"article:publisher\" content=\"http:\/\/www.fb.com\/TempurEstonia\" \/>\n<meta property=\"og:image\" content=\"https:\/\/sleepcity.ee\/wp-content\/uploads\/2024\/01\/SmartSleep-Immuno-003.jpg\" \/>\n\t<meta property=\"og:image:width\" content=\"1000\" \/>\n\t<meta property=\"og:image:height\" content=\"1000\" \/>\n\t<meta property=\"og:image:type\" content=\"image\/jpeg\" \/>\n<meta name=\"twitter:card\" content=\"summary_large_image\" \/>\n<meta name=\"twitter:label1\" content=\"Est. reading time\" \/>\n\t<meta name=\"twitter:data1\" content=\"1 minut\" \/>\n<script type=\"application\/ld+json\" class=\"yoast-schema-graph\">{\"@context\":\"https:\\\/\\\/schema.org\",\"@graph\":[{\"@type\":\"WebPage\",\"@id\":\"https:\\\/\\\/sleepcity.ee\\\/toode\\\/smartsleep-immune-immuunsuse-toetamiseks\\\/\",\"url\":\"https:\\\/\\\/sleepcity.ee\\\/toode\\\/smartsleep-immune-immuunsuse-toetamiseks\\\/\",\"name\":\"Smartsleep\u00ae IMMUNE immuunsuse toetamiseks - SleepCity - Hea Une Valem\",\"isPartOf\":{\"@id\":\"https:\\\/\\\/sleepcity.ee\\\/#website\"},\"primaryImageOfPage\":{\"@id\":\"https:\\\/\\\/sleepcity.ee\\\/toode\\\/smartsleep-immune-immuunsuse-toetamiseks\\\/#primaryimage\"},\"image\":{\"@id\":\"https:\\\/\\\/sleepcity.ee\\\/toode\\\/smartsleep-immune-immuunsuse-toetamiseks\\\/#primaryimage\"},\"thumbnailUrl\":\"https:\\\/\\\/sleepcity.ee\\\/wp-content\\\/uploads\\\/2024\\\/01\\\/SmartSleep-Immuno-003.jpg\",\"datePublished\":\"2024-02-06T08:41:32+00:00\",\"description\":\"\u00c4rka energilisemana ja alusta p\u00e4eva tervena! Uuenduslik\u00a0immuun-toitainete kompleks \u00f6\u00f6seks. Smartsleep\u00ae IMMUNE toetab teie immuuns\u00fcsteemi, kui see t\u00f6\u00f6tab t\u00e4iskiirusel, ning varustab teid arvukate vitamiinide, aminohapete ja mikroelementidega, eriti \u00f6\u00f6sel. Muuhulgas toetavad A-, B6- ja C-vitamiinid, aga ka tsink, seleen ja mangaan Sinu immuuns\u00fcsteemi, rakkude jagunemist ja DNA s\u00fcnteesi ning kaitsevad Sinu rakke oks\u00fcdatiivse stressi eest \u2013 hommikuseks eluliseks \u00e4rkamiseks.\",\"breadcrumb\":{\"@id\":\"https:\\\/\\\/sleepcity.ee\\\/toode\\\/smartsleep-immune-immuunsuse-toetamiseks\\\/#breadcrumb\"},\"inLanguage\":\"et\",\"potentialAction\":[{\"@type\":\"ReadAction\",\"target\":[\"https:\\\/\\\/sleepcity.ee\\\/toode\\\/smartsleep-immune-immuunsuse-toetamiseks\\\/\"]}]},{\"@type\":\"ImageObject\",\"inLanguage\":\"et\",\"@id\":\"https:\\\/\\\/sleepcity.ee\\\/toode\\\/smartsleep-immune-immuunsuse-toetamiseks\\\/#primaryimage\",\"url\":\"https:\\\/\\\/sleepcity.ee\\\/wp-content\\\/uploads\\\/2024\\\/01\\\/SmartSleep-Immuno-003.jpg\",\"contentUrl\":\"https:\\\/\\\/sleepcity.ee\\\/wp-content\\\/uploads\\\/2024\\\/01\\\/SmartSleep-Immuno-003.jpg\",\"width\":1000,\"height\":1000},{\"@type\":\"BreadcrumbList\",\"@id\":\"https:\\\/\\\/sleepcity.ee\\\/toode\\\/smartsleep-immune-immuunsuse-toetamiseks\\\/#breadcrumb\",\"itemListElement\":[{\"@type\":\"ListItem\",\"position\":1,\"name\":\"Home\",\"item\":\"https:\\\/\\\/sleepcity.ee\\\/\"},{\"@type\":\"ListItem\",\"position\":2,\"name\":\"Pood\",\"item\":\"https:\\\/\\\/sleepcity.ee\\\/pood\\\/\"},{\"@type\":\"ListItem\",\"position\":3,\"name\":\"Smartsleep\u00ae IMMUNE immuunsuse toetamiseks\"}]},{\"@type\":\"WebSite\",\"@id\":\"https:\\\/\\\/sleepcity.ee\\\/#website\",\"url\":\"https:\\\/\\\/sleepcity.ee\\\/\",\"name\":\"Tempur Shop\",\"description\":\"TEMPUR madratsid, voodid, padjad ja muud unetooted.\",\"publisher\":{\"@id\":\"https:\\\/\\\/sleepcity.ee\\\/#organization\"},\"potentialAction\":[{\"@type\":\"SearchAction\",\"target\":{\"@type\":\"EntryPoint\",\"urlTemplate\":\"https:\\\/\\\/sleepcity.ee\\\/?s={search_term_string}\"},\"query-input\":{\"@type\":\"PropertyValueSpecification\",\"valueRequired\":true,\"valueName\":\"search_term_string\"}}],\"inLanguage\":\"et\"},{\"@type\":\"Organization\",\"@id\":\"https:\\\/\\\/sleepcity.ee\\\/#organization\",\"name\":\"VG Design O\u00dc\",\"url\":\"https:\\\/\\\/sleepcity.ee\\\/\",\"logo\":{\"@type\":\"ImageObject\",\"inLanguage\":\"et\",\"@id\":\"https:\\\/\\\/sleepcity.ee\\\/#\\\/schema\\\/logo\\\/image\\\/\",\"url\":\"https:\\\/\\\/sleepcity.ee\\\/wp-content\\\/uploads\\\/2023\\\/09\\\/sleepcity_logo.png\",\"contentUrl\":\"https:\\\/\\\/sleepcity.ee\\\/wp-content\\\/uploads\\\/2023\\\/09\\\/sleepcity_logo.png\",\"width\":1034,\"height\":318,\"caption\":\"VG Design O\u00dc\"},\"image\":{\"@id\":\"https:\\\/\\\/sleepcity.ee\\\/#\\\/schema\\\/logo\\\/image\\\/\"},\"sameAs\":[\"http:\\\/\\\/www.fb.com\\\/TempurEstonia\",\"http:\\\/\\\/www.instagram.com\\\/tempurestonia\"]}]}<\/script>\n<!-- \/ Yoast SEO plugin. -->","yoast_head_json":{"title":"Smartsleep\u00ae IMMUNE immuunsuse toetamiseks - SleepCity - Hea Une Valem","description":"\u00c4rka energilisemana ja alusta p\u00e4eva tervena!  Uuenduslik\u00a0immuun-toitainete kompleks \u00f6\u00f6seks.   Smartsleep\u00ae IMMUNE toetab teie immuuns\u00fcsteemi, kui see t\u00f6\u00f6tab t\u00e4iskiirusel, ning varustab teid arvukate vitamiinide, aminohapete ja mikroelementidega, eriti \u00f6\u00f6sel.  Muuhulgas toetavad A-, B6- ja C-vitamiinid, aga ka tsink, seleen ja mangaan Sinu immuuns\u00fcsteemi, rakkude jagunemist ja DNA s\u00fcnteesi ning kaitsevad Sinu rakke oks\u00fcdatiivse stressi eest \u2013 hommikuseks eluliseks \u00e4rkamiseks.","robots":{"index":"index","follow":"follow","max-snippet":"max-snippet:-1","max-image-preview":"max-image-preview:large","max-video-preview":"max-video-preview:-1"},"canonical":"https:\/\/sleepcity.ee\/toode\/smartsleep-immune-immuunsuse-toetamiseks\/","og_locale":"et_EE","og_type":"article","og_title":"Smartsleep\u00ae IMMUNE immuunsuse toetamiseks - SleepCity - Hea Une Valem","og_description":"\u00c4rka energilisemana ja alusta p\u00e4eva tervena!  Uuenduslik\u00a0immuun-toitainete kompleks \u00f6\u00f6seks.   Smartsleep\u00ae IMMUNE toetab teie immuuns\u00fcsteemi, kui see t\u00f6\u00f6tab t\u00e4iskiirusel, ning varustab teid arvukate vitamiinide, aminohapete ja mikroelementidega, eriti \u00f6\u00f6sel.  Muuhulgas toetavad A-, B6- ja C-vitamiinid, aga ka tsink, seleen ja mangaan Sinu immuuns\u00fcsteemi, rakkude jagunemist ja DNA s\u00fcnteesi ning kaitsevad Sinu rakke oks\u00fcdatiivse stressi eest \u2013 hommikuseks eluliseks \u00e4rkamiseks.","og_url":"https:\/\/sleepcity.ee\/toode\/smartsleep-immune-immuunsuse-toetamiseks\/","og_site_name":"SleepCity - Hea Une Valem","article_publisher":"http:\/\/www.fb.com\/TempurEstonia","og_image":[{"width":1000,"height":1000,"url":"https:\/\/sleepcity.ee\/wp-content\/uploads\/2024\/01\/SmartSleep-Immuno-003.jpg","type":"image\/jpeg"}],"twitter_card":"summary_large_image","twitter_misc":{"Est. reading time":"1 minut"},"schema":{"@context":"https:\/\/schema.org","@graph":[{"@type":"WebPage","@id":"https:\/\/sleepcity.ee\/toode\/smartsleep-immune-immuunsuse-toetamiseks\/","url":"https:\/\/sleepcity.ee\/toode\/smartsleep-immune-immuunsuse-toetamiseks\/","name":"Smartsleep\u00ae IMMUNE immuunsuse toetamiseks - SleepCity - Hea Une Valem","isPartOf":{"@id":"https:\/\/sleepcity.ee\/#website"},"primaryImageOfPage":{"@id":"https:\/\/sleepcity.ee\/toode\/smartsleep-immune-immuunsuse-toetamiseks\/#primaryimage"},"image":{"@id":"https:\/\/sleepcity.ee\/toode\/smartsleep-immune-immuunsuse-toetamiseks\/#primaryimage"},"thumbnailUrl":"https:\/\/sleepcity.ee\/wp-content\/uploads\/2024\/01\/SmartSleep-Immuno-003.jpg","datePublished":"2024-02-06T08:41:32+00:00","description":"\u00c4rka energilisemana ja alusta p\u00e4eva tervena! Uuenduslik\u00a0immuun-toitainete kompleks \u00f6\u00f6seks. Smartsleep\u00ae IMMUNE toetab teie immuuns\u00fcsteemi, kui see t\u00f6\u00f6tab t\u00e4iskiirusel, ning varustab teid arvukate vitamiinide, aminohapete ja mikroelementidega, eriti \u00f6\u00f6sel. Muuhulgas toetavad A-, B6- ja C-vitamiinid, aga ka tsink, seleen ja mangaan Sinu immuuns\u00fcsteemi, rakkude jagunemist ja DNA s\u00fcnteesi ning kaitsevad Sinu rakke oks\u00fcdatiivse stressi eest \u2013 hommikuseks eluliseks \u00e4rkamiseks.","breadcrumb":{"@id":"https:\/\/sleepcity.ee\/toode\/smartsleep-immune-immuunsuse-toetamiseks\/#breadcrumb"},"inLanguage":"et","potentialAction":[{"@type":"ReadAction","target":["https:\/\/sleepcity.ee\/toode\/smartsleep-immune-immuunsuse-toetamiseks\/"]}]},{"@type":"ImageObject","inLanguage":"et","@id":"https:\/\/sleepcity.ee\/toode\/smartsleep-immune-immuunsuse-toetamiseks\/#primaryimage","url":"https:\/\/sleepcity.ee\/wp-content\/uploads\/2024\/01\/SmartSleep-Immuno-003.jpg","contentUrl":"https:\/\/sleepcity.ee\/wp-content\/uploads\/2024\/01\/SmartSleep-Immuno-003.jpg","width":1000,"height":1000},{"@type":"BreadcrumbList","@id":"https:\/\/sleepcity.ee\/toode\/smartsleep-immune-immuunsuse-toetamiseks\/#breadcrumb","itemListElement":[{"@type":"ListItem","position":1,"name":"Home","item":"https:\/\/sleepcity.ee\/"},{"@type":"ListItem","position":2,"name":"Pood","item":"https:\/\/sleepcity.ee\/pood\/"},{"@type":"ListItem","position":3,"name":"Smartsleep\u00ae IMMUNE immuunsuse toetamiseks"}]},{"@type":"WebSite","@id":"https:\/\/sleepcity.ee\/#website","url":"https:\/\/sleepcity.ee\/","name":"Tempur Shop","description":"TEMPUR madratsid, voodid, padjad ja muud unetooted.","publisher":{"@id":"https:\/\/sleepcity.ee\/#organization"},"potentialAction":[{"@type":"SearchAction","target":{"@type":"EntryPoint","urlTemplate":"https:\/\/sleepcity.ee\/?s={search_term_string}"},"query-input":{"@type":"PropertyValueSpecification","valueRequired":true,"valueName":"search_term_string"}}],"inLanguage":"et"},{"@type":"Organization","@id":"https:\/\/sleepcity.ee\/#organization","name":"VG Design O\u00dc","url":"https:\/\/sleepcity.ee\/","logo":{"@type":"ImageObject","inLanguage":"et","@id":"https:\/\/sleepcity.ee\/#\/schema\/logo\/image\/","url":"https:\/\/sleepcity.ee\/wp-content\/uploads\/2023\/09\/sleepcity_logo.png","contentUrl":"https:\/\/sleepcity.ee\/wp-content\/uploads\/2023\/09\/sleepcity_logo.png","width":1034,"height":318,"caption":"VG Design O\u00dc"},"image":{"@id":"https:\/\/sleepcity.ee\/#\/schema\/logo\/image\/"},"sameAs":["http:\/\/www.fb.com\/TempurEstonia","http:\/\/www.instagram.com\/tempurestonia"]}]}},"_links":{"self":[{"href":"https:\/\/www.sleepcity.ee\/wp-json\/wp\/v2\/product\/7690","targetHints":{"allow":["GET"]}}],"collection":[{"href":"https:\/\/www.sleepcity.ee\/wp-json\/wp\/v2\/product"}],"about":[{"href":"https:\/\/www.sleepcity.ee\/wp-json\/wp\/v2\/types\/product"}],"replies":[{"embeddable":true,"href":"https:\/\/www.sleepcity.ee\/wp-json\/wp\/v2\/comments?post=7690"}],"wp:featuredmedia":[{"embeddable":true,"href":"https:\/\/www.sleepcity.ee\/wp-json\/wp\/v2\/media\/7513"}],"wp:attachment":[{"href":"https:\/\/www.sleepcity.ee\/wp-json\/wp\/v2\/media?parent=7690"}],"wp:term":[{"taxonomy":"product_brand","embeddable":true,"href":"https:\/\/www.sleepcity.ee\/wp-json\/wp\/v2\/product_brand?post=7690"},{"taxonomy":"product_cat","embeddable":true,"href":"https:\/\/www.sleepcity.ee\/wp-json\/wp\/v2\/product_cat?post=7690"},{"taxonomy":"product_tag","embeddable":true,"href":"https:\/\/www.sleepcity.ee\/wp-json\/wp\/v2\/product_tag?post=7690"}],"curies":[{"name":"wp","href":"https:\/\/api.w.org\/{rel}","templated":true}]}}