{"id":7532,"date":"2024-01-27T11:18:42","date_gmt":"2024-01-27T11:18:42","guid":{"rendered":"https:\/\/sleepcity.ee\/?post_type=product&#038;p=7532"},"modified":"2024-01-27T11:37:00","modified_gmt":"2024-01-27T11:37:00","slug":"smartsleep-ilu-ooeliksiiri-kompleks","status":"publish","type":"product","link":"https:\/\/www.sleepcity.ee\/toode\/smartsleep-ilu-ooeliksiiri-kompleks\/","title":{"rendered":"Smartsleep\u00ae ILU \u00f6\u00f6eliksiiri kompleks"},"content":{"rendered":"<p><strong>Koostisosad<\/strong><br \/>\nVesi, kollageenh\u00fcdrol\u00fcsaat (11%) (p\u00e4ritolu: kala), hapendaja (sidrunhape), draakoni vilja kontsentraat (3,5%), passioni puuviljamahla kontsentraat (3,5%), magneesiumkarbonaat, aroom, L-askorbiinhape, naatriumh\u00fcaluronaat , koens\u00fc\u00fcm Q10, tsinkgl\u00fckonaat, bambuse ekstrakt, s\u00e4ilitusaine (naatriumbensoaat, kaaliumsorbaat), nisu keramiidid, emulgaator (pol\u00fcsorbaat 40, rasvhapete mono- ja digl\u00fctseriidid), magusained (atsesulfaam K, sukraloos, tokofer\u00fc\u00fclatseet), DL- nikotiinamiid, retin\u00fc\u00fclpalmitaat, vasgl\u00fckonaat, riboflaviin (vitamiin B2), naatriumseleniit, D-biotiin.<\/p>\n<p><strong>Toime<\/strong><br \/>\nA-vitamiin, niatsiin, biotiin ja tsink aitavad s\u00e4ilitada normaalset nahka.<\/p>\n<p>Tsink ja seleen aitavad kaasa normaalsete juuste ja k\u00fc\u00fcnte s\u00e4ilimisele.<\/p>\n<p>Vask aitab kaasa normaalse sidekoe s\u00e4ilimisele.<\/p>\n<p>C-vitamiin aitab kaasa normaalsele kollageeni moodustumisele normaalseks nahafunktsiooniks ja kaitseb rakke oks\u00fcdatiivse stressi eest.<\/p>\n<p>Riboflaviin aitab v\u00e4hendada v\u00e4simust ja kurnatust.<\/p>\n<p><strong>Kasutamine<\/strong><br \/>\nP\u00e4evane kogus koosneb \u00fchest joogiampullist, mis sisaldab 25 ml vedelikku.<br \/>\nLihtsalt jooge ampullis sisalduvat vedelikku umbes 5-10 minutit enne magamaminekut, seej\u00e4rel suunduge koheselt magama. Tootel on meeldiv draakoni- ja passionvilja maitse.<\/p>\n<p>Optimaalse tulemuse saavutamiseks ning naha, juuste ja k\u00fc\u00fcnte taastumise j\u00e4tkusuutlikuks toetamiseks soovitame smartsleep\u00ae BEAUTY NIGHT ELIXIR\u2019i igap\u00e4evast kasutamist pikema aja jooksul.<\/p>\n","protected":false},"excerpt":{"rendered":"<p><strong>Loomulik ilu une abil \u2013 Teie naha nooruse allikas<\/strong><\/p>\n<p>Meie keha puutub iga p\u00e4ev kokku paljude v\u00e4lism\u00f5judega. Meie nahk, juuksed ja k\u00fc\u00fcned t\u00e4idavad olulisi kehalisi funktsioone ning kaitsevad meid usaldusv\u00e4\u00e4rselt kuumuse, valguse, nakkuste ja vigastuste eest. V\u00e4lised m\u00f5jud, nagu ultraviolettkiirgus v\u00f5i meik, m\u00f5jutavad meie nahka. \u00d6\u00f6sel, puhates, uuenevad nahk, juuksed, k\u00fc\u00fcned ja sidekoed ning s\u00e4ilitavad seel\u00e4bi oma funktsioonide stabiilsuse ja taastavad oma v\u00e4limuse.<\/p>\n<p>Teie ilu heaks \u2013 <strong>esmaklassiline \u00f6ine ilujook Smartsleep\u00ae BEAUTY NIGHT ELIXIR<\/strong> on spetsiaalselt formuleeritud kombinatsioon k\u00f5rgeima kvaliteediga 100% merekollageeni h\u00fcdrol\u00fcsaadist, h\u00fcaluroonhappest, koens\u00fc\u00fcm Q10-st, bambuse ekstraktidest, suurest r\u00e4nisisaldusest, keramiidide ning muude oluliste vitamiinide ja mineraalide kombinatsioonist. Ainulaadne toitainete koostis toetab Teie nooruslikku ilu seestpoolt.<\/p>\n<p><strong>Mis muudab meie toote unikaalseks.<\/strong><\/p>\n<p><strong>Smartsleep\u00ae BEAUTY NIGHT ELIXIR<\/strong> ei paku mitte ainult iluks vajalikke toitaineid, vaid ka t\u00e4pselt valitud ja teaduslikult t\u00f5estatud k\u00f5rgeima kvaliteediga toitaineid, mis aitavad Teie organismil \u00f6\u00f6une ajal taastuda. Keskendume k\u00f5rgeimale kvaliteedile ja kasutame ainult j\u00e4tkusuutlikult hangitud merekollageeni.<\/p>\n<p><strong>Smartsleep\u00ae BEAUTY NIGHT ELIXIR<\/strong> on t\u00e4ies ulatuses valmistatud Saksamaal, kontrollitud tingimustes.<\/p>\n<p>Toode on suhkruvaba, gluteenivaba ja laktoosivaba ning sobib veganitele.<\/p>\n<p><strong>Karbis on 30 joogiampulli.<\/strong><\/p>\n","protected":false},"featured_media":7487,"comment_status":"open","ping_status":"closed","template":"","meta":{"_monsterinsights_skip_tracking":false,"_monsterinsights_sitenote_active":false,"_monsterinsights_sitenote_note":"","_monsterinsights_sitenote_category":0},"product_brand":[],"product_cat":[272,509],"product_tag":[],"class_list":{"0":"post-7532","1":"product","2":"type-product","3":"status-publish","4":"has-post-thumbnail","6":"product_cat-meeleolu","7":"product_cat-toidulisandid","9":"first","10":"instock","11":"taxable","12":"shipping-taxable","13":"purchasable","14":"product-type-simple"},"yoast_head":"<!-- This site is optimized with the Yoast SEO plugin v27.3 - https:\/\/yoast.com\/product\/yoast-seo-wordpress\/ -->\n<title>Smartsleep\u00ae ILU \u00f6\u00f6eliksiiri kompleks - SleepCity - Hea Une Valem<\/title>\n<meta name=\"description\" content=\"Loomulik ilu une abil \u2013 Teie naha nooruse allikas  Meie keha puutub iga p\u00e4ev kokku paljude v\u00e4lism\u00f5judega. Meie nahk, juuksed ja k\u00fc\u00fcned t\u00e4idavad olulisi kehalisi funktsioone ning kaitsevad meid usaldusv\u00e4\u00e4rselt kuumuse, valguse, nakkuste ja vigastuste eest. V\u00e4lised m\u00f5jud, nagu ultraviolettkiirgus v\u00f5i meik, m\u00f5jutavad meie nahka. \u00d6\u00f6sel, puhates, uuenevad nahk, juuksed, k\u00fc\u00fcned ja sidekoed ning s\u00e4ilitavad seel\u00e4bi oma funktsioonide stabiilsuse ja taastavad oma v\u00e4limuse.  Teie ilu heaks \u2013 esmaklassiline \u00f6ine ilujook Smartsleep\u00ae BEAUTY NIGHT ELIXIR on spetsiaalselt formuleeritud kombinatsioon k\u00f5rgeima kvaliteediga 100% merekollageeni h\u00fcdrol\u00fcsaadist, h\u00fcaluroonhappest, koens\u00fc\u00fcm Q10-st, bambuse ekstraktidest, suurest r\u00e4nisisaldusest, keramiidide ning muude oluliste vitamiinide ja mineraalide kombinatsioonist. Ainulaadne toitainete koostis toetab Teie nooruslikku ilu seestpoolt.  Mis muudab meie toote unikaalseks.  Smartsleep\u00ae BEAUTY NIGHT ELIXIR ei paku mitte ainult iluks vajalikke toitaineid, vaid ka t\u00e4pselt valitud ja teaduslikult t\u00f5estatud k\u00f5rgeima kvaliteediga toitaineid, mis aitavad Teie organismil \u00f6\u00f6une ajal taastuda. Keskendume k\u00f5rgeimale kvaliteedile ja kasutame ainult j\u00e4tkusuutlikult hangitud merekollageeni.  Smartsleep\u00ae BEAUTY NIGHT ELIXIR on t\u00e4ies ulatuses valmistatud Saksamaal, kontrollitud tingimustes.  Toode on suhkruvaba, gluteenivaba ja laktoosivaba ning sobib veganitele.  Karbis on 30 joogiampulli.\" \/>\n<meta name=\"robots\" content=\"index, follow, max-snippet:-1, max-image-preview:large, max-video-preview:-1\" \/>\n<link rel=\"canonical\" href=\"https:\/\/sleepcity.ee\/toode\/smartsleep-ilu-ooeliksiiri-kompleks\/\" \/>\n<meta property=\"og:locale\" content=\"et_EE\" \/>\n<meta property=\"og:type\" content=\"article\" \/>\n<meta property=\"og:title\" content=\"Smartsleep\u00ae ILU \u00f6\u00f6eliksiiri kompleks - SleepCity - Hea Une Valem\" \/>\n<meta property=\"og:description\" content=\"Loomulik ilu une abil \u2013 Teie naha nooruse allikas  Meie keha puutub iga p\u00e4ev kokku paljude v\u00e4lism\u00f5judega. Meie nahk, juuksed ja k\u00fc\u00fcned t\u00e4idavad olulisi kehalisi funktsioone ning kaitsevad meid usaldusv\u00e4\u00e4rselt kuumuse, valguse, nakkuste ja vigastuste eest. V\u00e4lised m\u00f5jud, nagu ultraviolettkiirgus v\u00f5i meik, m\u00f5jutavad meie nahka. \u00d6\u00f6sel, puhates, uuenevad nahk, juuksed, k\u00fc\u00fcned ja sidekoed ning s\u00e4ilitavad seel\u00e4bi oma funktsioonide stabiilsuse ja taastavad oma v\u00e4limuse.  Teie ilu heaks \u2013 esmaklassiline \u00f6ine ilujook Smartsleep\u00ae BEAUTY NIGHT ELIXIR on spetsiaalselt formuleeritud kombinatsioon k\u00f5rgeima kvaliteediga 100% merekollageeni h\u00fcdrol\u00fcsaadist, h\u00fcaluroonhappest, koens\u00fc\u00fcm Q10-st, bambuse ekstraktidest, suurest r\u00e4nisisaldusest, keramiidide ning muude oluliste vitamiinide ja mineraalide kombinatsioonist. Ainulaadne toitainete koostis toetab Teie nooruslikku ilu seestpoolt.  Mis muudab meie toote unikaalseks.  Smartsleep\u00ae BEAUTY NIGHT ELIXIR ei paku mitte ainult iluks vajalikke toitaineid, vaid ka t\u00e4pselt valitud ja teaduslikult t\u00f5estatud k\u00f5rgeima kvaliteediga toitaineid, mis aitavad Teie organismil \u00f6\u00f6une ajal taastuda. Keskendume k\u00f5rgeimale kvaliteedile ja kasutame ainult j\u00e4tkusuutlikult hangitud merekollageeni.  Smartsleep\u00ae BEAUTY NIGHT ELIXIR on t\u00e4ies ulatuses valmistatud Saksamaal, kontrollitud tingimustes.  Toode on suhkruvaba, gluteenivaba ja laktoosivaba ning sobib veganitele.  Karbis on 30 joogiampulli.\" \/>\n<meta property=\"og:url\" content=\"https:\/\/sleepcity.ee\/toode\/smartsleep-ilu-ooeliksiiri-kompleks\/\" \/>\n<meta property=\"og:site_name\" content=\"SleepCity - Hea Une Valem\" \/>\n<meta property=\"article:publisher\" content=\"http:\/\/www.fb.com\/TempurEstonia\" \/>\n<meta property=\"article:modified_time\" content=\"2024-01-27T11:37:00+00:00\" \/>\n<meta property=\"og:image\" content=\"https:\/\/sleepcity.ee\/wp-content\/uploads\/2024\/01\/210628_Produktseite_Mood_Beauty_2_quer_800x.webp\" \/>\n\t<meta property=\"og:image:width\" content=\"800\" \/>\n\t<meta property=\"og:image:height\" content=\"450\" \/>\n\t<meta property=\"og:image:type\" content=\"image\/webp\" \/>\n<meta name=\"twitter:card\" content=\"summary_large_image\" \/>\n<meta name=\"twitter:label1\" content=\"Est. reading time\" \/>\n\t<meta name=\"twitter:data1\" content=\"1 minut\" \/>\n<script type=\"application\/ld+json\" class=\"yoast-schema-graph\">{\"@context\":\"https:\\\/\\\/schema.org\",\"@graph\":[{\"@type\":\"WebPage\",\"@id\":\"https:\\\/\\\/sleepcity.ee\\\/toode\\\/smartsleep-ilu-ooeliksiiri-kompleks\\\/\",\"url\":\"https:\\\/\\\/sleepcity.ee\\\/toode\\\/smartsleep-ilu-ooeliksiiri-kompleks\\\/\",\"name\":\"Smartsleep\u00ae ILU \u00f6\u00f6eliksiiri kompleks - SleepCity - Hea Une Valem\",\"isPartOf\":{\"@id\":\"https:\\\/\\\/sleepcity.ee\\\/#website\"},\"primaryImageOfPage\":{\"@id\":\"https:\\\/\\\/sleepcity.ee\\\/toode\\\/smartsleep-ilu-ooeliksiiri-kompleks\\\/#primaryimage\"},\"image\":{\"@id\":\"https:\\\/\\\/sleepcity.ee\\\/toode\\\/smartsleep-ilu-ooeliksiiri-kompleks\\\/#primaryimage\"},\"thumbnailUrl\":\"https:\\\/\\\/sleepcity.ee\\\/wp-content\\\/uploads\\\/2024\\\/01\\\/210628_Produktseite_Mood_Beauty_2_quer_800x.webp\",\"datePublished\":\"2024-01-27T11:18:42+00:00\",\"dateModified\":\"2024-01-27T11:37:00+00:00\",\"description\":\"Loomulik ilu une abil \u2013 Teie naha nooruse allikas Meie keha puutub iga p\u00e4ev kokku paljude v\u00e4lism\u00f5judega. Meie nahk, juuksed ja k\u00fc\u00fcned t\u00e4idavad olulisi kehalisi funktsioone ning kaitsevad meid usaldusv\u00e4\u00e4rselt kuumuse, valguse, nakkuste ja vigastuste eest. V\u00e4lised m\u00f5jud, nagu ultraviolettkiirgus v\u00f5i meik, m\u00f5jutavad meie nahka. \u00d6\u00f6sel, puhates, uuenevad nahk, juuksed, k\u00fc\u00fcned ja sidekoed ning s\u00e4ilitavad seel\u00e4bi oma funktsioonide stabiilsuse ja taastavad oma v\u00e4limuse. Teie ilu heaks \u2013 esmaklassiline \u00f6ine ilujook Smartsleep\u00ae BEAUTY NIGHT ELIXIR on spetsiaalselt formuleeritud kombinatsioon k\u00f5rgeima kvaliteediga 100% merekollageeni h\u00fcdrol\u00fcsaadist, h\u00fcaluroonhappest, koens\u00fc\u00fcm Q10-st, bambuse ekstraktidest, suurest r\u00e4nisisaldusest, keramiidide ning muude oluliste vitamiinide ja mineraalide kombinatsioonist. Ainulaadne toitainete koostis toetab Teie nooruslikku ilu seestpoolt. Mis muudab meie toote unikaalseks. Smartsleep\u00ae BEAUTY NIGHT ELIXIR ei paku mitte ainult iluks vajalikke toitaineid, vaid ka t\u00e4pselt valitud ja teaduslikult t\u00f5estatud k\u00f5rgeima kvaliteediga toitaineid, mis aitavad Teie organismil \u00f6\u00f6une ajal taastuda. Keskendume k\u00f5rgeimale kvaliteedile ja kasutame ainult j\u00e4tkusuutlikult hangitud merekollageeni. Smartsleep\u00ae BEAUTY NIGHT ELIXIR on t\u00e4ies ulatuses valmistatud Saksamaal, kontrollitud tingimustes. Toode on suhkruvaba, gluteenivaba ja laktoosivaba ning sobib veganitele. Karbis on 30 joogiampulli.\",\"breadcrumb\":{\"@id\":\"https:\\\/\\\/sleepcity.ee\\\/toode\\\/smartsleep-ilu-ooeliksiiri-kompleks\\\/#breadcrumb\"},\"inLanguage\":\"et\",\"potentialAction\":[{\"@type\":\"ReadAction\",\"target\":[\"https:\\\/\\\/sleepcity.ee\\\/toode\\\/smartsleep-ilu-ooeliksiiri-kompleks\\\/\"]}]},{\"@type\":\"ImageObject\",\"inLanguage\":\"et\",\"@id\":\"https:\\\/\\\/sleepcity.ee\\\/toode\\\/smartsleep-ilu-ooeliksiiri-kompleks\\\/#primaryimage\",\"url\":\"https:\\\/\\\/sleepcity.ee\\\/wp-content\\\/uploads\\\/2024\\\/01\\\/210628_Produktseite_Mood_Beauty_2_quer_800x.webp\",\"contentUrl\":\"https:\\\/\\\/sleepcity.ee\\\/wp-content\\\/uploads\\\/2024\\\/01\\\/210628_Produktseite_Mood_Beauty_2_quer_800x.webp\",\"width\":800,\"height\":450},{\"@type\":\"BreadcrumbList\",\"@id\":\"https:\\\/\\\/sleepcity.ee\\\/toode\\\/smartsleep-ilu-ooeliksiiri-kompleks\\\/#breadcrumb\",\"itemListElement\":[{\"@type\":\"ListItem\",\"position\":1,\"name\":\"Home\",\"item\":\"https:\\\/\\\/www.sleepcity.ee\\\/\"},{\"@type\":\"ListItem\",\"position\":2,\"name\":\"Pood\",\"item\":\"https:\\\/\\\/sleepcity.ee\\\/pood\\\/\"},{\"@type\":\"ListItem\",\"position\":3,\"name\":\"Smartsleep\u00ae ILU \u00f6\u00f6eliksiiri kompleks\"}]},{\"@type\":\"WebSite\",\"@id\":\"https:\\\/\\\/sleepcity.ee\\\/#website\",\"url\":\"https:\\\/\\\/sleepcity.ee\\\/\",\"name\":\"Tempur Shop\",\"description\":\"TEMPUR madratsid, voodid, padjad ja muud unetooted.\",\"publisher\":{\"@id\":\"https:\\\/\\\/sleepcity.ee\\\/#organization\"},\"potentialAction\":[{\"@type\":\"SearchAction\",\"target\":{\"@type\":\"EntryPoint\",\"urlTemplate\":\"https:\\\/\\\/sleepcity.ee\\\/?s={search_term_string}\"},\"query-input\":{\"@type\":\"PropertyValueSpecification\",\"valueRequired\":true,\"valueName\":\"search_term_string\"}}],\"inLanguage\":\"et\"},{\"@type\":\"Organization\",\"@id\":\"https:\\\/\\\/sleepcity.ee\\\/#organization\",\"name\":\"VG Design O\u00dc\",\"url\":\"https:\\\/\\\/sleepcity.ee\\\/\",\"logo\":{\"@type\":\"ImageObject\",\"inLanguage\":\"et\",\"@id\":\"https:\\\/\\\/sleepcity.ee\\\/#\\\/schema\\\/logo\\\/image\\\/\",\"url\":\"https:\\\/\\\/sleepcity.ee\\\/wp-content\\\/uploads\\\/2023\\\/09\\\/sleepcity_logo.png\",\"contentUrl\":\"https:\\\/\\\/sleepcity.ee\\\/wp-content\\\/uploads\\\/2023\\\/09\\\/sleepcity_logo.png\",\"width\":1034,\"height\":318,\"caption\":\"VG Design O\u00dc\"},\"image\":{\"@id\":\"https:\\\/\\\/sleepcity.ee\\\/#\\\/schema\\\/logo\\\/image\\\/\"},\"sameAs\":[\"http:\\\/\\\/www.fb.com\\\/TempurEstonia\",\"http:\\\/\\\/www.instagram.com\\\/tempurestonia\"]}]}<\/script>\n<!-- \/ Yoast SEO plugin. -->","yoast_head_json":{"title":"Smartsleep\u00ae ILU \u00f6\u00f6eliksiiri kompleks - SleepCity - Hea Une Valem","description":"Loomulik ilu une abil \u2013 Teie naha nooruse allikas  Meie keha puutub iga p\u00e4ev kokku paljude v\u00e4lism\u00f5judega. Meie nahk, juuksed ja k\u00fc\u00fcned t\u00e4idavad olulisi kehalisi funktsioone ning kaitsevad meid usaldusv\u00e4\u00e4rselt kuumuse, valguse, nakkuste ja vigastuste eest. V\u00e4lised m\u00f5jud, nagu ultraviolettkiirgus v\u00f5i meik, m\u00f5jutavad meie nahka. \u00d6\u00f6sel, puhates, uuenevad nahk, juuksed, k\u00fc\u00fcned ja sidekoed ning s\u00e4ilitavad seel\u00e4bi oma funktsioonide stabiilsuse ja taastavad oma v\u00e4limuse.  Teie ilu heaks \u2013 esmaklassiline \u00f6ine ilujook Smartsleep\u00ae BEAUTY NIGHT ELIXIR on spetsiaalselt formuleeritud kombinatsioon k\u00f5rgeima kvaliteediga 100% merekollageeni h\u00fcdrol\u00fcsaadist, h\u00fcaluroonhappest, koens\u00fc\u00fcm Q10-st, bambuse ekstraktidest, suurest r\u00e4nisisaldusest, keramiidide ning muude oluliste vitamiinide ja mineraalide kombinatsioonist. Ainulaadne toitainete koostis toetab Teie nooruslikku ilu seestpoolt.  Mis muudab meie toote unikaalseks.  Smartsleep\u00ae BEAUTY NIGHT ELIXIR ei paku mitte ainult iluks vajalikke toitaineid, vaid ka t\u00e4pselt valitud ja teaduslikult t\u00f5estatud k\u00f5rgeima kvaliteediga toitaineid, mis aitavad Teie organismil \u00f6\u00f6une ajal taastuda. Keskendume k\u00f5rgeimale kvaliteedile ja kasutame ainult j\u00e4tkusuutlikult hangitud merekollageeni.  Smartsleep\u00ae BEAUTY NIGHT ELIXIR on t\u00e4ies ulatuses valmistatud Saksamaal, kontrollitud tingimustes.  Toode on suhkruvaba, gluteenivaba ja laktoosivaba ning sobib veganitele.  Karbis on 30 joogiampulli.","robots":{"index":"index","follow":"follow","max-snippet":"max-snippet:-1","max-image-preview":"max-image-preview:large","max-video-preview":"max-video-preview:-1"},"canonical":"https:\/\/sleepcity.ee\/toode\/smartsleep-ilu-ooeliksiiri-kompleks\/","og_locale":"et_EE","og_type":"article","og_title":"Smartsleep\u00ae ILU \u00f6\u00f6eliksiiri kompleks - SleepCity - Hea Une Valem","og_description":"Loomulik ilu une abil \u2013 Teie naha nooruse allikas  Meie keha puutub iga p\u00e4ev kokku paljude v\u00e4lism\u00f5judega. Meie nahk, juuksed ja k\u00fc\u00fcned t\u00e4idavad olulisi kehalisi funktsioone ning kaitsevad meid usaldusv\u00e4\u00e4rselt kuumuse, valguse, nakkuste ja vigastuste eest. V\u00e4lised m\u00f5jud, nagu ultraviolettkiirgus v\u00f5i meik, m\u00f5jutavad meie nahka. \u00d6\u00f6sel, puhates, uuenevad nahk, juuksed, k\u00fc\u00fcned ja sidekoed ning s\u00e4ilitavad seel\u00e4bi oma funktsioonide stabiilsuse ja taastavad oma v\u00e4limuse.  Teie ilu heaks \u2013 esmaklassiline \u00f6ine ilujook Smartsleep\u00ae BEAUTY NIGHT ELIXIR on spetsiaalselt formuleeritud kombinatsioon k\u00f5rgeima kvaliteediga 100% merekollageeni h\u00fcdrol\u00fcsaadist, h\u00fcaluroonhappest, koens\u00fc\u00fcm Q10-st, bambuse ekstraktidest, suurest r\u00e4nisisaldusest, keramiidide ning muude oluliste vitamiinide ja mineraalide kombinatsioonist. Ainulaadne toitainete koostis toetab Teie nooruslikku ilu seestpoolt.  Mis muudab meie toote unikaalseks.  Smartsleep\u00ae BEAUTY NIGHT ELIXIR ei paku mitte ainult iluks vajalikke toitaineid, vaid ka t\u00e4pselt valitud ja teaduslikult t\u00f5estatud k\u00f5rgeima kvaliteediga toitaineid, mis aitavad Teie organismil \u00f6\u00f6une ajal taastuda. Keskendume k\u00f5rgeimale kvaliteedile ja kasutame ainult j\u00e4tkusuutlikult hangitud merekollageeni.  Smartsleep\u00ae BEAUTY NIGHT ELIXIR on t\u00e4ies ulatuses valmistatud Saksamaal, kontrollitud tingimustes.  Toode on suhkruvaba, gluteenivaba ja laktoosivaba ning sobib veganitele.  Karbis on 30 joogiampulli.","og_url":"https:\/\/sleepcity.ee\/toode\/smartsleep-ilu-ooeliksiiri-kompleks\/","og_site_name":"SleepCity - Hea Une Valem","article_publisher":"http:\/\/www.fb.com\/TempurEstonia","article_modified_time":"2024-01-27T11:37:00+00:00","og_image":[{"width":800,"height":450,"url":"https:\/\/sleepcity.ee\/wp-content\/uploads\/2024\/01\/210628_Produktseite_Mood_Beauty_2_quer_800x.webp","type":"image\/webp"}],"twitter_card":"summary_large_image","twitter_misc":{"Est. reading time":"1 minut"},"schema":{"@context":"https:\/\/schema.org","@graph":[{"@type":"WebPage","@id":"https:\/\/sleepcity.ee\/toode\/smartsleep-ilu-ooeliksiiri-kompleks\/","url":"https:\/\/sleepcity.ee\/toode\/smartsleep-ilu-ooeliksiiri-kompleks\/","name":"Smartsleep\u00ae ILU \u00f6\u00f6eliksiiri kompleks - SleepCity - Hea Une Valem","isPartOf":{"@id":"https:\/\/sleepcity.ee\/#website"},"primaryImageOfPage":{"@id":"https:\/\/sleepcity.ee\/toode\/smartsleep-ilu-ooeliksiiri-kompleks\/#primaryimage"},"image":{"@id":"https:\/\/sleepcity.ee\/toode\/smartsleep-ilu-ooeliksiiri-kompleks\/#primaryimage"},"thumbnailUrl":"https:\/\/sleepcity.ee\/wp-content\/uploads\/2024\/01\/210628_Produktseite_Mood_Beauty_2_quer_800x.webp","datePublished":"2024-01-27T11:18:42+00:00","dateModified":"2024-01-27T11:37:00+00:00","description":"Loomulik ilu une abil \u2013 Teie naha nooruse allikas Meie keha puutub iga p\u00e4ev kokku paljude v\u00e4lism\u00f5judega. Meie nahk, juuksed ja k\u00fc\u00fcned t\u00e4idavad olulisi kehalisi funktsioone ning kaitsevad meid usaldusv\u00e4\u00e4rselt kuumuse, valguse, nakkuste ja vigastuste eest. V\u00e4lised m\u00f5jud, nagu ultraviolettkiirgus v\u00f5i meik, m\u00f5jutavad meie nahka. \u00d6\u00f6sel, puhates, uuenevad nahk, juuksed, k\u00fc\u00fcned ja sidekoed ning s\u00e4ilitavad seel\u00e4bi oma funktsioonide stabiilsuse ja taastavad oma v\u00e4limuse. Teie ilu heaks \u2013 esmaklassiline \u00f6ine ilujook Smartsleep\u00ae BEAUTY NIGHT ELIXIR on spetsiaalselt formuleeritud kombinatsioon k\u00f5rgeima kvaliteediga 100% merekollageeni h\u00fcdrol\u00fcsaadist, h\u00fcaluroonhappest, koens\u00fc\u00fcm Q10-st, bambuse ekstraktidest, suurest r\u00e4nisisaldusest, keramiidide ning muude oluliste vitamiinide ja mineraalide kombinatsioonist. Ainulaadne toitainete koostis toetab Teie nooruslikku ilu seestpoolt. Mis muudab meie toote unikaalseks. Smartsleep\u00ae BEAUTY NIGHT ELIXIR ei paku mitte ainult iluks vajalikke toitaineid, vaid ka t\u00e4pselt valitud ja teaduslikult t\u00f5estatud k\u00f5rgeima kvaliteediga toitaineid, mis aitavad Teie organismil \u00f6\u00f6une ajal taastuda. Keskendume k\u00f5rgeimale kvaliteedile ja kasutame ainult j\u00e4tkusuutlikult hangitud merekollageeni. Smartsleep\u00ae BEAUTY NIGHT ELIXIR on t\u00e4ies ulatuses valmistatud Saksamaal, kontrollitud tingimustes. Toode on suhkruvaba, gluteenivaba ja laktoosivaba ning sobib veganitele. Karbis on 30 joogiampulli.","breadcrumb":{"@id":"https:\/\/sleepcity.ee\/toode\/smartsleep-ilu-ooeliksiiri-kompleks\/#breadcrumb"},"inLanguage":"et","potentialAction":[{"@type":"ReadAction","target":["https:\/\/sleepcity.ee\/toode\/smartsleep-ilu-ooeliksiiri-kompleks\/"]}]},{"@type":"ImageObject","inLanguage":"et","@id":"https:\/\/sleepcity.ee\/toode\/smartsleep-ilu-ooeliksiiri-kompleks\/#primaryimage","url":"https:\/\/sleepcity.ee\/wp-content\/uploads\/2024\/01\/210628_Produktseite_Mood_Beauty_2_quer_800x.webp","contentUrl":"https:\/\/sleepcity.ee\/wp-content\/uploads\/2024\/01\/210628_Produktseite_Mood_Beauty_2_quer_800x.webp","width":800,"height":450},{"@type":"BreadcrumbList","@id":"https:\/\/sleepcity.ee\/toode\/smartsleep-ilu-ooeliksiiri-kompleks\/#breadcrumb","itemListElement":[{"@type":"ListItem","position":1,"name":"Home","item":"https:\/\/www.sleepcity.ee\/"},{"@type":"ListItem","position":2,"name":"Pood","item":"https:\/\/sleepcity.ee\/pood\/"},{"@type":"ListItem","position":3,"name":"Smartsleep\u00ae ILU \u00f6\u00f6eliksiiri kompleks"}]},{"@type":"WebSite","@id":"https:\/\/sleepcity.ee\/#website","url":"https:\/\/sleepcity.ee\/","name":"Tempur Shop","description":"TEMPUR madratsid, voodid, padjad ja muud unetooted.","publisher":{"@id":"https:\/\/sleepcity.ee\/#organization"},"potentialAction":[{"@type":"SearchAction","target":{"@type":"EntryPoint","urlTemplate":"https:\/\/sleepcity.ee\/?s={search_term_string}"},"query-input":{"@type":"PropertyValueSpecification","valueRequired":true,"valueName":"search_term_string"}}],"inLanguage":"et"},{"@type":"Organization","@id":"https:\/\/sleepcity.ee\/#organization","name":"VG Design O\u00dc","url":"https:\/\/sleepcity.ee\/","logo":{"@type":"ImageObject","inLanguage":"et","@id":"https:\/\/sleepcity.ee\/#\/schema\/logo\/image\/","url":"https:\/\/sleepcity.ee\/wp-content\/uploads\/2023\/09\/sleepcity_logo.png","contentUrl":"https:\/\/sleepcity.ee\/wp-content\/uploads\/2023\/09\/sleepcity_logo.png","width":1034,"height":318,"caption":"VG Design O\u00dc"},"image":{"@id":"https:\/\/sleepcity.ee\/#\/schema\/logo\/image\/"},"sameAs":["http:\/\/www.fb.com\/TempurEstonia","http:\/\/www.instagram.com\/tempurestonia"]}]}},"_links":{"self":[{"href":"https:\/\/www.sleepcity.ee\/wp-json\/wp\/v2\/product\/7532","targetHints":{"allow":["GET"]}}],"collection":[{"href":"https:\/\/www.sleepcity.ee\/wp-json\/wp\/v2\/product"}],"about":[{"href":"https:\/\/www.sleepcity.ee\/wp-json\/wp\/v2\/types\/product"}],"replies":[{"embeddable":true,"href":"https:\/\/www.sleepcity.ee\/wp-json\/wp\/v2\/comments?post=7532"}],"wp:featuredmedia":[{"embeddable":true,"href":"https:\/\/www.sleepcity.ee\/wp-json\/wp\/v2\/media\/7487"}],"wp:attachment":[{"href":"https:\/\/www.sleepcity.ee\/wp-json\/wp\/v2\/media?parent=7532"}],"wp:term":[{"taxonomy":"product_brand","embeddable":true,"href":"https:\/\/www.sleepcity.ee\/wp-json\/wp\/v2\/product_brand?post=7532"},{"taxonomy":"product_cat","embeddable":true,"href":"https:\/\/www.sleepcity.ee\/wp-json\/wp\/v2\/product_cat?post=7532"},{"taxonomy":"product_tag","embeddable":true,"href":"https:\/\/www.sleepcity.ee\/wp-json\/wp\/v2\/product_tag?post=7532"}],"curies":[{"name":"wp","href":"https:\/\/api.w.org\/{rel}","templated":true}]}}