{"id":7531,"date":"2024-01-27T11:14:41","date_gmt":"2024-01-27T11:14:41","guid":{"rendered":"https:\/\/sleepcity.ee\/?post_type=product&#038;p=7531"},"modified":"2024-01-27T11:14:41","modified_gmt":"2024-01-27T11:14:41","slug":"smartsleep-sleep-spray","status":"publish","type":"product","link":"https:\/\/www.sleepcity.ee\/toode\/smartsleep-sleep-spray\/","title":{"rendered":"Smartsleep\u00ae SLEEP SPRAY"},"content":{"rendered":"<p><strong>Smartsleep\u00ae SLEEP SPRAY<\/strong> aitab\u00a0<strong>kiiremini uinuda<\/strong> ja v\u00e4hendab subjektiivset ajavahetunnet. Unehormooni melatoniiniga, mis l\u00fchendab kiiresti uinumiseks kuluvat aega*, kannatuslilleekstrakti ja v\u00e4rske piparm\u00fcndi aroomiga. Lihtne doseerida ja praktiline nii kodus kui ka reisil olles.<\/p>\n<p>Sisaldab 30 ml ehk\u00a0 kuni 210 kasutuskorda!<\/p>\n<p><strong>Toitainete koostis portsjoni kohta (2 pihustust)<\/strong><\/p>\n<div>\n<div class=\"TableWrapper\">\n<table>\n<tbody>\n<tr>\n<td>Melatoniin<\/td>\n<td>1,0 mg<\/td>\n<td>&#8211;<\/td>\n<\/tr>\n<tr>\n<td>Kannatuslille ekstrakt<\/td>\n<td>0,3 mg<\/td>\n<td>&#8211;<\/td>\n<\/tr>\n<\/tbody>\n<\/table>\n<\/div>\n<\/div>\n<p>*NRV=% toitainete kontrollv\u00e4\u00e4rtused, D\/AT: vastavalt VO (EU) 1169\/2011, CH: vastavalt EDI eritoidu m\u00e4\u00e4rusele<\/p>\n<p><strong>Koostisosad<\/strong><br \/>\nVesi; Magusaine: ks\u00fclitool; etanool; Hapetusaine sidrunhape; S\u00e4ilitusaine: kaaliumsorbaat; melatoniin; Aroom: sidrun, piparm\u00fcnt; Kannatuslille ekstrakt. Alkoholisisaldus: 10% vol.<\/p>\n<p><strong>M\u00f5ju<\/strong><br \/>\n* Melatoniin aitab l\u00fchendada uinumiseks kuluvat aega ja leevendada subjektiivset ajavahetunnet.<\/p>\n<p><strong>Soovitatav kasutamine<\/strong>: Kiiremaks uinumiseks \u2013 2 pihustust suhu (= 1 mg melatoniini). Kasulik m\u00f5ju ilmneb, kui enne magamaminekut v\u00f5etakse 1 mg melatoniini.<\/p>\n<p>Ajav\u00f6\u00f6ndi subjektiivse tunnetuse v\u00e4hendamiseks \u2013 1 pihustus suhu (= 0,5 mg melatoniini). Positiivne m\u00f5ju avaldub v\u00e4hemalt 0,5 mg tarbimisel enne magamaminekut esimesel reisip\u00e4eval ja paari p\u00e4eva jooksul p\u00e4rast sihtkohta j\u00f5udmist.<\/p>\n<p>\u00c4rge \u00fcletage soovitatud annust. Suurte koguste tarbimine v\u00f5ib p\u00f5hjustada k\u00f5hulahtisust. Toidulisandit ei tohiks kasutada toidu asendajana.<\/p>\n<p>Oluline on mitmekesine ja tasakaalustatud toitumine ning tervislik eluviis.<\/p>\n","protected":false},"excerpt":{"rendered":"<h2 class=\"SectionHeader__Heading Heading u-h1\">Leia parem uni<\/h2>\n<div class=\"SectionHeader__Description Rte\">\n<p>T\u00e4iskasvanul kulub magamaj\u00e4\u00e4miseks keskmiselt 5\u201320 minutit. Erinevad p\u00f5hjused, eriti stress v\u00f5i reisimine l\u00e4bi erinevate ajav\u00f6\u00f6ndite, v\u00f5ivad uinumist raskendada. Valitud toitained soodustavad loomulikku v\u00e4simust ja aitavad teil kiiremini kosutava une leida.<\/p>\n<h3 class=\"SectionHeader__SubHeading Heading u-h6\">Lihtne doseerida ja kiire toime.<\/h3>\n<p class=\"SectionHeader__Heading Heading u-h1\"><strong style=\"font-size: 16px;\">Melatoniiniga SLEEP SPRAY<\/strong><span style=\"font-size: 16px;\"> toetab loomulikku uinumisprotsessi ja aitab kiiremini uinuda. Kannatuslille ekstrakti ja tuntud unehormooni melatoniiniga, mis aitab l\u00fchendada uinumiseks kuluvat aega.<\/span><\/p>\n<\/div>\n<p>Melatoniin aitab v\u00e4hendada uinumisele kuluvat aega ja ajav\u00f6\u00f6ndi erinevuste subjektiivset tajumist. M\u00f5ju ilmneb, kui enne magamaminekut v\u00f5etakse 1 mg melatoniini. Seda kasutatakse uneh\u00e4irete korral toitumise t\u00e4iendamiseks.<\/p>\n<p>Sobib veganitele, gluteenivaba, madala suhkrusisaldusega, laktoosivaba.<br \/>\n100% looduslikud koostisosad.<br \/>\nEi tekita s\u00f5ltuvust.<br \/>\nT\u00e4iskasvanutele.<\/p>\n<p>&nbsp;<\/p>\n","protected":false},"featured_media":7517,"comment_status":"open","ping_status":"closed","template":"","meta":{"_monsterinsights_skip_tracking":false,"_monsterinsights_sitenote_active":false,"_monsterinsights_sitenote_note":"","_monsterinsights_sitenote_category":0},"product_brand":[],"product_cat":[272,509],"product_tag":[531,532,528,526],"class_list":{"0":"post-7531","1":"product","2":"type-product","3":"status-publish","4":"has-post-thumbnail","6":"product_cat-meeleolu","7":"product_cat-toidulisandid","8":"product_tag-melatoniin","9":"product_tag-sprei","10":"product_tag-toidulisand","11":"product_tag-uni","13":"first","14":"instock","15":"taxable","16":"shipping-taxable","17":"purchasable","18":"product-type-simple"},"yoast_head":"<!-- This site is optimized with the Yoast SEO plugin v27.4 - https:\/\/yoast.com\/product\/yoast-seo-wordpress\/ -->\n<title>Smartsleep\u00ae SLEEP SPRAY - SleepCity - Hea Une Valem<\/title>\n<meta name=\"description\" content=\"Leia parem uni   T\u00e4iskasvanul kulub magamaj\u00e4\u00e4miseks keskmiselt 5\u201320 minutit. Erinevad p\u00f5hjused, eriti stress v\u00f5i reisimine l\u00e4bi erinevate ajav\u00f6\u00f6ndite, v\u00f5ivad uinumist raskendada. Valitud toitained soodustavad loomulikku v\u00e4simust ja aitavad teil kiiremini kosutava une leida. Lihtne doseerida ja kiire toime. Melatoniiniga SLEEP SPRAY toetab loomulikku uinumisprotsessi ja aitab kiiremini uinuda. Kannatuslille ekstrakti ja tuntud unehormooni melatoniiniga, mis aitab l\u00fchendada uinumiseks kuluvat aega.   Melatoniin aitab v\u00e4hendada uinumisele kuluvat aega ja ajav\u00f6\u00f6ndi erinevuste subjektiivset tajumist. M\u00f5ju ilmneb, kui enne magamaminekut v\u00f5etakse 1 mg melatoniini. Seda kasutatakse uneh\u00e4irete korral toitumise t\u00e4iendamiseks.  Sobib veganitele, gluteenivaba, madala suhkrusisaldusega, laktoosivaba. 100% looduslikud koostisosad. Ei tekita s\u00f5ltuvust. T\u00e4iskasvanutele.  &nbsp;\" \/>\n<meta name=\"robots\" content=\"index, follow, max-snippet:-1, max-image-preview:large, max-video-preview:-1\" \/>\n<link rel=\"canonical\" href=\"https:\/\/sleepcity.ee\/toode\/smartsleep-sleep-spray\/\" \/>\n<meta property=\"og:locale\" content=\"et_EE\" \/>\n<meta property=\"og:type\" content=\"article\" \/>\n<meta property=\"og:title\" content=\"Smartsleep\u00ae SLEEP SPRAY - SleepCity - Hea Une Valem\" \/>\n<meta property=\"og:description\" content=\"Leia parem uni   T\u00e4iskasvanul kulub magamaj\u00e4\u00e4miseks keskmiselt 5\u201320 minutit. Erinevad p\u00f5hjused, eriti stress v\u00f5i reisimine l\u00e4bi erinevate ajav\u00f6\u00f6ndite, v\u00f5ivad uinumist raskendada. Valitud toitained soodustavad loomulikku v\u00e4simust ja aitavad teil kiiremini kosutava une leida. Lihtne doseerida ja kiire toime. Melatoniiniga SLEEP SPRAY toetab loomulikku uinumisprotsessi ja aitab kiiremini uinuda. Kannatuslille ekstrakti ja tuntud unehormooni melatoniiniga, mis aitab l\u00fchendada uinumiseks kuluvat aega.   Melatoniin aitab v\u00e4hendada uinumisele kuluvat aega ja ajav\u00f6\u00f6ndi erinevuste subjektiivset tajumist. M\u00f5ju ilmneb, kui enne magamaminekut v\u00f5etakse 1 mg melatoniini. Seda kasutatakse uneh\u00e4irete korral toitumise t\u00e4iendamiseks.  Sobib veganitele, gluteenivaba, madala suhkrusisaldusega, laktoosivaba. 100% looduslikud koostisosad. Ei tekita s\u00f5ltuvust. T\u00e4iskasvanutele.  &nbsp;\" \/>\n<meta property=\"og:url\" content=\"https:\/\/sleepcity.ee\/toode\/smartsleep-sleep-spray\/\" \/>\n<meta property=\"og:site_name\" content=\"SleepCity - Hea Une Valem\" \/>\n<meta property=\"article:publisher\" content=\"http:\/\/www.fb.com\/TempurEstonia\" \/>\n<meta property=\"og:image\" content=\"https:\/\/www.sleepcity.ee\/wp-content\/uploads\/2024\/01\/smartsleep-melatonin-sleep-spray-produkt-flasche-minze_800x.webp\" \/>\n\t<meta property=\"og:image:width\" content=\"800\" \/>\n\t<meta property=\"og:image:height\" content=\"799\" \/>\n\t<meta property=\"og:image:type\" content=\"image\/webp\" \/>\n<meta name=\"twitter:card\" content=\"summary_large_image\" \/>\n<meta name=\"twitter:label1\" content=\"Est. reading time\" \/>\n\t<meta name=\"twitter:data1\" content=\"1 minut\" \/>\n<script type=\"application\/ld+json\" class=\"yoast-schema-graph\">{\"@context\":\"https:\\\/\\\/schema.org\",\"@graph\":[{\"@type\":\"WebPage\",\"@id\":\"https:\\\/\\\/sleepcity.ee\\\/toode\\\/smartsleep-sleep-spray\\\/\",\"url\":\"https:\\\/\\\/sleepcity.ee\\\/toode\\\/smartsleep-sleep-spray\\\/\",\"name\":\"Smartsleep\u00ae SLEEP SPRAY - SleepCity - Hea Une Valem\",\"isPartOf\":{\"@id\":\"https:\\\/\\\/sleepcity.ee\\\/#website\"},\"primaryImageOfPage\":{\"@id\":\"https:\\\/\\\/sleepcity.ee\\\/toode\\\/smartsleep-sleep-spray\\\/#primaryimage\"},\"image\":{\"@id\":\"https:\\\/\\\/sleepcity.ee\\\/toode\\\/smartsleep-sleep-spray\\\/#primaryimage\"},\"thumbnailUrl\":\"https:\\\/\\\/www.sleepcity.ee\\\/wp-content\\\/uploads\\\/2024\\\/01\\\/smartsleep-melatonin-sleep-spray-produkt-flasche-minze_800x.webp\",\"datePublished\":\"2024-01-27T11:14:41+00:00\",\"description\":\"Leia parem uni T\u00e4iskasvanul kulub magamaj\u00e4\u00e4miseks keskmiselt 5\u201320 minutit. Erinevad p\u00f5hjused, eriti stress v\u00f5i reisimine l\u00e4bi erinevate ajav\u00f6\u00f6ndite, v\u00f5ivad uinumist raskendada. Valitud toitained soodustavad loomulikku v\u00e4simust ja aitavad teil kiiremini kosutava une leida. Lihtne doseerida ja kiire toime. Melatoniiniga SLEEP SPRAY toetab loomulikku uinumisprotsessi ja aitab kiiremini uinuda. Kannatuslille ekstrakti ja tuntud unehormooni melatoniiniga, mis aitab l\u00fchendada uinumiseks kuluvat aega. Melatoniin aitab v\u00e4hendada uinumisele kuluvat aega ja ajav\u00f6\u00f6ndi erinevuste subjektiivset tajumist. M\u00f5ju ilmneb, kui enne magamaminekut v\u00f5etakse 1 mg melatoniini. Seda kasutatakse uneh\u00e4irete korral toitumise t\u00e4iendamiseks. Sobib veganitele, gluteenivaba, madala suhkrusisaldusega, laktoosivaba. 100% looduslikud koostisosad. Ei tekita s\u00f5ltuvust. T\u00e4iskasvanutele. &nbsp;\",\"breadcrumb\":{\"@id\":\"https:\\\/\\\/sleepcity.ee\\\/toode\\\/smartsleep-sleep-spray\\\/#breadcrumb\"},\"inLanguage\":\"et\",\"potentialAction\":[{\"@type\":\"ReadAction\",\"target\":[\"https:\\\/\\\/sleepcity.ee\\\/toode\\\/smartsleep-sleep-spray\\\/\"]}]},{\"@type\":\"ImageObject\",\"inLanguage\":\"et\",\"@id\":\"https:\\\/\\\/sleepcity.ee\\\/toode\\\/smartsleep-sleep-spray\\\/#primaryimage\",\"url\":\"https:\\\/\\\/www.sleepcity.ee\\\/wp-content\\\/uploads\\\/2024\\\/01\\\/smartsleep-melatonin-sleep-spray-produkt-flasche-minze_800x.webp\",\"contentUrl\":\"https:\\\/\\\/www.sleepcity.ee\\\/wp-content\\\/uploads\\\/2024\\\/01\\\/smartsleep-melatonin-sleep-spray-produkt-flasche-minze_800x.webp\",\"width\":800,\"height\":799},{\"@type\":\"BreadcrumbList\",\"@id\":\"https:\\\/\\\/sleepcity.ee\\\/toode\\\/smartsleep-sleep-spray\\\/#breadcrumb\",\"itemListElement\":[{\"@type\":\"ListItem\",\"position\":1,\"name\":\"Home\",\"item\":\"https:\\\/\\\/sleepcity.ee\\\/\"},{\"@type\":\"ListItem\",\"position\":2,\"name\":\"Pood\",\"item\":\"https:\\\/\\\/sleepcity.ee\\\/pood\\\/\"},{\"@type\":\"ListItem\",\"position\":3,\"name\":\"Smartsleep\u00ae SLEEP SPRAY\"}]},{\"@type\":\"WebSite\",\"@id\":\"https:\\\/\\\/sleepcity.ee\\\/#website\",\"url\":\"https:\\\/\\\/sleepcity.ee\\\/\",\"name\":\"Tempur Shop\",\"description\":\"TEMPUR madratsid, voodid, padjad ja muud unetooted.\",\"publisher\":{\"@id\":\"https:\\\/\\\/sleepcity.ee\\\/#organization\"},\"potentialAction\":[{\"@type\":\"SearchAction\",\"target\":{\"@type\":\"EntryPoint\",\"urlTemplate\":\"https:\\\/\\\/sleepcity.ee\\\/?s={search_term_string}\"},\"query-input\":{\"@type\":\"PropertyValueSpecification\",\"valueRequired\":true,\"valueName\":\"search_term_string\"}}],\"inLanguage\":\"et\"},{\"@type\":\"Organization\",\"@id\":\"https:\\\/\\\/sleepcity.ee\\\/#organization\",\"name\":\"VG Design O\u00dc\",\"url\":\"https:\\\/\\\/sleepcity.ee\\\/\",\"logo\":{\"@type\":\"ImageObject\",\"inLanguage\":\"et\",\"@id\":\"https:\\\/\\\/sleepcity.ee\\\/#\\\/schema\\\/logo\\\/image\\\/\",\"url\":\"https:\\\/\\\/www.sleepcity.ee\\\/wp-content\\\/uploads\\\/2023\\\/09\\\/sleepcity_logo.png\",\"contentUrl\":\"https:\\\/\\\/www.sleepcity.ee\\\/wp-content\\\/uploads\\\/2023\\\/09\\\/sleepcity_logo.png\",\"width\":1034,\"height\":318,\"caption\":\"VG Design O\u00dc\"},\"image\":{\"@id\":\"https:\\\/\\\/sleepcity.ee\\\/#\\\/schema\\\/logo\\\/image\\\/\"},\"sameAs\":[\"http:\\\/\\\/www.fb.com\\\/TempurEstonia\",\"http:\\\/\\\/www.instagram.com\\\/tempurestonia\"]}]}<\/script>\n<!-- \/ Yoast SEO plugin. -->","yoast_head_json":{"title":"Smartsleep\u00ae SLEEP SPRAY - SleepCity - Hea Une Valem","description":"Leia parem uni   T\u00e4iskasvanul kulub magamaj\u00e4\u00e4miseks keskmiselt 5\u201320 minutit. Erinevad p\u00f5hjused, eriti stress v\u00f5i reisimine l\u00e4bi erinevate ajav\u00f6\u00f6ndite, v\u00f5ivad uinumist raskendada. Valitud toitained soodustavad loomulikku v\u00e4simust ja aitavad teil kiiremini kosutava une leida. Lihtne doseerida ja kiire toime. Melatoniiniga SLEEP SPRAY toetab loomulikku uinumisprotsessi ja aitab kiiremini uinuda. Kannatuslille ekstrakti ja tuntud unehormooni melatoniiniga, mis aitab l\u00fchendada uinumiseks kuluvat aega.   Melatoniin aitab v\u00e4hendada uinumisele kuluvat aega ja ajav\u00f6\u00f6ndi erinevuste subjektiivset tajumist. M\u00f5ju ilmneb, kui enne magamaminekut v\u00f5etakse 1 mg melatoniini. Seda kasutatakse uneh\u00e4irete korral toitumise t\u00e4iendamiseks.  Sobib veganitele, gluteenivaba, madala suhkrusisaldusega, laktoosivaba. 100% looduslikud koostisosad. Ei tekita s\u00f5ltuvust. T\u00e4iskasvanutele.  &nbsp;","robots":{"index":"index","follow":"follow","max-snippet":"max-snippet:-1","max-image-preview":"max-image-preview:large","max-video-preview":"max-video-preview:-1"},"canonical":"https:\/\/sleepcity.ee\/toode\/smartsleep-sleep-spray\/","og_locale":"et_EE","og_type":"article","og_title":"Smartsleep\u00ae SLEEP SPRAY - SleepCity - Hea Une Valem","og_description":"Leia parem uni   T\u00e4iskasvanul kulub magamaj\u00e4\u00e4miseks keskmiselt 5\u201320 minutit. Erinevad p\u00f5hjused, eriti stress v\u00f5i reisimine l\u00e4bi erinevate ajav\u00f6\u00f6ndite, v\u00f5ivad uinumist raskendada. Valitud toitained soodustavad loomulikku v\u00e4simust ja aitavad teil kiiremini kosutava une leida. Lihtne doseerida ja kiire toime. Melatoniiniga SLEEP SPRAY toetab loomulikku uinumisprotsessi ja aitab kiiremini uinuda. Kannatuslille ekstrakti ja tuntud unehormooni melatoniiniga, mis aitab l\u00fchendada uinumiseks kuluvat aega.   Melatoniin aitab v\u00e4hendada uinumisele kuluvat aega ja ajav\u00f6\u00f6ndi erinevuste subjektiivset tajumist. M\u00f5ju ilmneb, kui enne magamaminekut v\u00f5etakse 1 mg melatoniini. Seda kasutatakse uneh\u00e4irete korral toitumise t\u00e4iendamiseks.  Sobib veganitele, gluteenivaba, madala suhkrusisaldusega, laktoosivaba. 100% looduslikud koostisosad. Ei tekita s\u00f5ltuvust. T\u00e4iskasvanutele.  &nbsp;","og_url":"https:\/\/sleepcity.ee\/toode\/smartsleep-sleep-spray\/","og_site_name":"SleepCity - Hea Une Valem","article_publisher":"http:\/\/www.fb.com\/TempurEstonia","og_image":[{"width":800,"height":799,"url":"https:\/\/www.sleepcity.ee\/wp-content\/uploads\/2024\/01\/smartsleep-melatonin-sleep-spray-produkt-flasche-minze_800x.webp","type":"image\/webp"}],"twitter_card":"summary_large_image","twitter_misc":{"Est. reading time":"1 minut"},"schema":{"@context":"https:\/\/schema.org","@graph":[{"@type":"WebPage","@id":"https:\/\/sleepcity.ee\/toode\/smartsleep-sleep-spray\/","url":"https:\/\/sleepcity.ee\/toode\/smartsleep-sleep-spray\/","name":"Smartsleep\u00ae SLEEP SPRAY - SleepCity - Hea Une Valem","isPartOf":{"@id":"https:\/\/sleepcity.ee\/#website"},"primaryImageOfPage":{"@id":"https:\/\/sleepcity.ee\/toode\/smartsleep-sleep-spray\/#primaryimage"},"image":{"@id":"https:\/\/sleepcity.ee\/toode\/smartsleep-sleep-spray\/#primaryimage"},"thumbnailUrl":"https:\/\/www.sleepcity.ee\/wp-content\/uploads\/2024\/01\/smartsleep-melatonin-sleep-spray-produkt-flasche-minze_800x.webp","datePublished":"2024-01-27T11:14:41+00:00","description":"Leia parem uni T\u00e4iskasvanul kulub magamaj\u00e4\u00e4miseks keskmiselt 5\u201320 minutit. Erinevad p\u00f5hjused, eriti stress v\u00f5i reisimine l\u00e4bi erinevate ajav\u00f6\u00f6ndite, v\u00f5ivad uinumist raskendada. Valitud toitained soodustavad loomulikku v\u00e4simust ja aitavad teil kiiremini kosutava une leida. Lihtne doseerida ja kiire toime. Melatoniiniga SLEEP SPRAY toetab loomulikku uinumisprotsessi ja aitab kiiremini uinuda. Kannatuslille ekstrakti ja tuntud unehormooni melatoniiniga, mis aitab l\u00fchendada uinumiseks kuluvat aega. Melatoniin aitab v\u00e4hendada uinumisele kuluvat aega ja ajav\u00f6\u00f6ndi erinevuste subjektiivset tajumist. M\u00f5ju ilmneb, kui enne magamaminekut v\u00f5etakse 1 mg melatoniini. Seda kasutatakse uneh\u00e4irete korral toitumise t\u00e4iendamiseks. Sobib veganitele, gluteenivaba, madala suhkrusisaldusega, laktoosivaba. 100% looduslikud koostisosad. Ei tekita s\u00f5ltuvust. T\u00e4iskasvanutele. &nbsp;","breadcrumb":{"@id":"https:\/\/sleepcity.ee\/toode\/smartsleep-sleep-spray\/#breadcrumb"},"inLanguage":"et","potentialAction":[{"@type":"ReadAction","target":["https:\/\/sleepcity.ee\/toode\/smartsleep-sleep-spray\/"]}]},{"@type":"ImageObject","inLanguage":"et","@id":"https:\/\/sleepcity.ee\/toode\/smartsleep-sleep-spray\/#primaryimage","url":"https:\/\/www.sleepcity.ee\/wp-content\/uploads\/2024\/01\/smartsleep-melatonin-sleep-spray-produkt-flasche-minze_800x.webp","contentUrl":"https:\/\/www.sleepcity.ee\/wp-content\/uploads\/2024\/01\/smartsleep-melatonin-sleep-spray-produkt-flasche-minze_800x.webp","width":800,"height":799},{"@type":"BreadcrumbList","@id":"https:\/\/sleepcity.ee\/toode\/smartsleep-sleep-spray\/#breadcrumb","itemListElement":[{"@type":"ListItem","position":1,"name":"Home","item":"https:\/\/sleepcity.ee\/"},{"@type":"ListItem","position":2,"name":"Pood","item":"https:\/\/sleepcity.ee\/pood\/"},{"@type":"ListItem","position":3,"name":"Smartsleep\u00ae SLEEP SPRAY"}]},{"@type":"WebSite","@id":"https:\/\/sleepcity.ee\/#website","url":"https:\/\/sleepcity.ee\/","name":"Tempur Shop","description":"TEMPUR madratsid, voodid, padjad ja muud unetooted.","publisher":{"@id":"https:\/\/sleepcity.ee\/#organization"},"potentialAction":[{"@type":"SearchAction","target":{"@type":"EntryPoint","urlTemplate":"https:\/\/sleepcity.ee\/?s={search_term_string}"},"query-input":{"@type":"PropertyValueSpecification","valueRequired":true,"valueName":"search_term_string"}}],"inLanguage":"et"},{"@type":"Organization","@id":"https:\/\/sleepcity.ee\/#organization","name":"VG Design O\u00dc","url":"https:\/\/sleepcity.ee\/","logo":{"@type":"ImageObject","inLanguage":"et","@id":"https:\/\/sleepcity.ee\/#\/schema\/logo\/image\/","url":"https:\/\/www.sleepcity.ee\/wp-content\/uploads\/2023\/09\/sleepcity_logo.png","contentUrl":"https:\/\/www.sleepcity.ee\/wp-content\/uploads\/2023\/09\/sleepcity_logo.png","width":1034,"height":318,"caption":"VG Design O\u00dc"},"image":{"@id":"https:\/\/sleepcity.ee\/#\/schema\/logo\/image\/"},"sameAs":["http:\/\/www.fb.com\/TempurEstonia","http:\/\/www.instagram.com\/tempurestonia"]}]}},"_links":{"self":[{"href":"https:\/\/www.sleepcity.ee\/wp-json\/wp\/v2\/product\/7531","targetHints":{"allow":["GET"]}}],"collection":[{"href":"https:\/\/www.sleepcity.ee\/wp-json\/wp\/v2\/product"}],"about":[{"href":"https:\/\/www.sleepcity.ee\/wp-json\/wp\/v2\/types\/product"}],"replies":[{"embeddable":true,"href":"https:\/\/www.sleepcity.ee\/wp-json\/wp\/v2\/comments?post=7531"}],"wp:featuredmedia":[{"embeddable":true,"href":"https:\/\/www.sleepcity.ee\/wp-json\/wp\/v2\/media\/7517"}],"wp:attachment":[{"href":"https:\/\/www.sleepcity.ee\/wp-json\/wp\/v2\/media?parent=7531"}],"wp:term":[{"taxonomy":"product_brand","embeddable":true,"href":"https:\/\/www.sleepcity.ee\/wp-json\/wp\/v2\/product_brand?post=7531"},{"taxonomy":"product_cat","embeddable":true,"href":"https:\/\/www.sleepcity.ee\/wp-json\/wp\/v2\/product_cat?post=7531"},{"taxonomy":"product_tag","embeddable":true,"href":"https:\/\/www.sleepcity.ee\/wp-json\/wp\/v2\/product_tag?post=7531"}],"curies":[{"name":"wp","href":"https:\/\/api.w.org\/{rel}","templated":true}]}}