{"id":7446,"date":"2024-01-27T10:35:02","date_gmt":"2024-01-27T10:35:02","guid":{"rendered":"https:\/\/sleepcity.ee\/?post_type=product&#038;p=7446"},"modified":"2024-01-27T10:56:19","modified_gmt":"2024-01-27T10:56:19","slug":"smartsleep-sleep-unekapslid","status":"publish","type":"product","link":"https:\/\/www.sleepcity.ee\/toode\/smartsleep-sleep-unekapslid\/","title":{"rendered":"SMARTSLEEP\u00ae\u00a0SLEEP+ unekapslid"},"content":{"rendered":"<p><strong>Toitev\u00e4\u00e4rtus:\u00a0<\/strong>melatoniin 1,0 mg, melissi ekstrakt 100 mg, ashwagandha juur 250 mg, kannatuslille ekstrakt 100 mg, magneesium 150 mg, 40% NRV*<\/p>\n<p>*NRV \u2013 v\u00f5rdluskogus, %.<\/p>\n<p><strong>Ained, millel on toitumisalane v\u00f5i f\u00fcsioloogiline m\u00f5ju<\/strong>:\u00a0 1 kapsel \u2013 magneesium (mg) 150 (40*); ashwagandha juure ekstrakt 250 mg, kannatuslille ekstrakt 100 mg, melissi ekstrakt 100 mg, melatoniin 1 mg. * \u2013 v\u00f5rdluskogus, %.<\/p>\n<p><strong>T\u00e4helepanu!\u00a0<\/strong>Hoida lastele k\u00e4ttesaamatus kohas, temperatuuril kuni 21\u030aC, kuivas ja pimedas kohas, otsese p\u00e4ikesevalguse eest kaitstult.<\/p>\n<p><strong>Koostisained<\/strong>: magneesiumoksiid, ashwagandha juure ekstrakt, kannatuslille ekstrakt, melissi ekstrakt, melatoniin. Kapsli kest: h\u00fcdroks\u00fcprop\u00fc\u00fclmet\u00fc\u00fcltselluloos.<\/p>\n<p><strong>Soovitatav kasutamine<\/strong>: Optimaalse efekti saavutamiseks soovitame v\u00f5tta \u00fcks kapsel \u00f6\u00f6sel koos v\u00e4hese vedelikuga umbes 30 minutit enne magamaminekut.<\/p>\n<p>\u00c4rge \u00fcletage soovitatud annust. Suurte koguste tarbimine v\u00f5ib p\u00f5hjustada k\u00f5hulahtisust. Toidulisandit ei tohiks kasutada toidu asendajana. Oluline on mitmekesine ja tasakaalustatud toitumine ning tervislik eluviis.<\/p>\n<p>Ei tekita s\u00f5ltuvust!<\/p>\n<p><strong>Netokogus<\/strong>: 25 g (30 kapslit, iga\u00fcks 0,83 g).<\/p>\n","protected":false},"excerpt":{"rendered":"<p><strong>SMARTSLEEP<\/strong>\u00ae\u00a0<strong>SLEEP<\/strong><strong>+<\/strong><strong>\u00a0\u2013 toidulisand magneesiumi, melatoniini, ashwagandha, kannatuslille ja melissi ekstraktidega.\u00a0<\/strong><\/p>\n<p>Magneesium aitab s\u00e4ilitada normaalset n\u00e4rvis\u00fcsteemi talitlust, ps\u00fchholoogilist funktsiooni, lihaste funktsiooni, energiavahetust, valgus\u00fcnteesi ning aitab v\u00e4hendada v\u00e4simus- ja kurnatustunnet. Melatoniin aitab v\u00e4hendada uinumisele kuluvat aega ja ajav\u00f6\u00f6ndi erinevuste subjektiivset tajumist. M\u00f5ju ilmneb, kui enne magamaminekut v\u00f5etakse 1 mg melatoniini. Seda kasutatakse toitumise t\u00e4iendamiseks uneh\u00e4irete korral. Ei tekita s\u00f5ltuvustunnet. T\u00e4iskasvanutele. Sobib veganitele, gluteenivaba, suhkruvaba, laktoosivaba.<\/p>\n","protected":false},"featured_media":7447,"comment_status":"open","ping_status":"closed","template":"","meta":{"_monsterinsights_skip_tracking":false,"_monsterinsights_sitenote_active":false,"_monsterinsights_sitenote_note":"","_monsterinsights_sitenote_category":0},"product_brand":[],"product_cat":[272,509],"product_tag":[531,529,530,526],"class_list":{"0":"post-7446","1":"product","2":"type-product","3":"status-publish","4":"has-post-thumbnail","6":"product_cat-meeleolu","7":"product_cat-toidulisandid","8":"product_tag-melatoniin","9":"product_tag-tervislik-uni","10":"product_tag-toidulisandid","11":"product_tag-uni","13":"first","14":"instock","15":"taxable","16":"shipping-taxable","17":"purchasable","18":"product-type-simple"},"yoast_head":"<!-- This site is optimized with the Yoast SEO plugin v27.4 - https:\/\/yoast.com\/product\/yoast-seo-wordpress\/ -->\n<title>SMARTSLEEP\u00ae\u00a0SLEEP+ unekapslid - SleepCity - Hea Une Valem<\/title>\n<meta name=\"description\" content=\"SMARTSLEEP\u00ae\u00a0SLEEP+\u00a0\u2013 toidulisand magneesiumi, melatoniini, ashwagandha, kannatuslille ja melissi ekstraktidega.\u00a0  Magneesium aitab s\u00e4ilitada normaalset n\u00e4rvis\u00fcsteemi talitlust, ps\u00fchholoogilist funktsiooni, lihaste funktsiooni, energiavahetust, valgus\u00fcnteesi ning aitab v\u00e4hendada v\u00e4simus- ja kurnatustunnet. Melatoniin aitab v\u00e4hendada uinumisele kuluvat aega ja ajav\u00f6\u00f6ndi erinevuste subjektiivset tajumist. M\u00f5ju ilmneb, kui enne magamaminekut v\u00f5etakse 1 mg melatoniini. Seda kasutatakse toitumise t\u00e4iendamiseks uneh\u00e4irete korral. Ei tekita s\u00f5ltuvustunnet. T\u00e4iskasvanutele. Sobib veganitele, gluteenivaba, suhkruvaba, laktoosivaba.\" \/>\n<meta name=\"robots\" content=\"index, follow, max-snippet:-1, max-image-preview:large, max-video-preview:-1\" \/>\n<link rel=\"canonical\" href=\"https:\/\/sleepcity.ee\/toode\/smartsleep-sleep-unekapslid\/\" \/>\n<meta property=\"og:locale\" content=\"et_EE\" \/>\n<meta property=\"og:type\" content=\"article\" \/>\n<meta property=\"og:title\" content=\"SMARTSLEEP\u00ae\u00a0SLEEP+ unekapslid - SleepCity - Hea Une Valem\" \/>\n<meta property=\"og:description\" content=\"SMARTSLEEP\u00ae\u00a0SLEEP+\u00a0\u2013 toidulisand magneesiumi, melatoniini, ashwagandha, kannatuslille ja melissi ekstraktidega.\u00a0  Magneesium aitab s\u00e4ilitada normaalset n\u00e4rvis\u00fcsteemi talitlust, ps\u00fchholoogilist funktsiooni, lihaste funktsiooni, energiavahetust, valgus\u00fcnteesi ning aitab v\u00e4hendada v\u00e4simus- ja kurnatustunnet. Melatoniin aitab v\u00e4hendada uinumisele kuluvat aega ja ajav\u00f6\u00f6ndi erinevuste subjektiivset tajumist. M\u00f5ju ilmneb, kui enne magamaminekut v\u00f5etakse 1 mg melatoniini. Seda kasutatakse toitumise t\u00e4iendamiseks uneh\u00e4irete korral. Ei tekita s\u00f5ltuvustunnet. T\u00e4iskasvanutele. Sobib veganitele, gluteenivaba, suhkruvaba, laktoosivaba.\" \/>\n<meta property=\"og:url\" content=\"https:\/\/sleepcity.ee\/toode\/smartsleep-sleep-unekapslid\/\" \/>\n<meta property=\"og:site_name\" content=\"SleepCity - Hea Une Valem\" \/>\n<meta property=\"article:publisher\" content=\"http:\/\/www.fb.com\/TempurEstonia\" \/>\n<meta property=\"article:modified_time\" content=\"2024-01-27T10:56:19+00:00\" \/>\n<meta property=\"og:image\" content=\"https:\/\/sleepcity.ee\/wp-content\/uploads\/2024\/01\/smartsleep-sleep-plus-einschlafkapseln-anwendung-dose-kapsel-schlafzimmer_400x.webp\" \/>\n\t<meta property=\"og:image:width\" content=\"400\" \/>\n\t<meta property=\"og:image:height\" content=\"400\" \/>\n\t<meta property=\"og:image:type\" content=\"image\/webp\" \/>\n<meta name=\"twitter:card\" content=\"summary_large_image\" \/>\n<meta name=\"twitter:label1\" content=\"Est. reading time\" \/>\n\t<meta name=\"twitter:data1\" content=\"1 minut\" \/>\n<script type=\"application\/ld+json\" class=\"yoast-schema-graph\">{\"@context\":\"https:\\\/\\\/schema.org\",\"@graph\":[{\"@type\":\"WebPage\",\"@id\":\"https:\\\/\\\/sleepcity.ee\\\/toode\\\/smartsleep-sleep-unekapslid\\\/\",\"url\":\"https:\\\/\\\/sleepcity.ee\\\/toode\\\/smartsleep-sleep-unekapslid\\\/\",\"name\":\"SMARTSLEEP\u00ae\u00a0SLEEP+ unekapslid - SleepCity - Hea Une Valem\",\"isPartOf\":{\"@id\":\"https:\\\/\\\/sleepcity.ee\\\/#website\"},\"primaryImageOfPage\":{\"@id\":\"https:\\\/\\\/sleepcity.ee\\\/toode\\\/smartsleep-sleep-unekapslid\\\/#primaryimage\"},\"image\":{\"@id\":\"https:\\\/\\\/sleepcity.ee\\\/toode\\\/smartsleep-sleep-unekapslid\\\/#primaryimage\"},\"thumbnailUrl\":\"https:\\\/\\\/sleepcity.ee\\\/wp-content\\\/uploads\\\/2024\\\/01\\\/smartsleep-sleep-plus-einschlafkapseln-anwendung-dose-kapsel-schlafzimmer_400x.webp\",\"datePublished\":\"2024-01-27T10:35:02+00:00\",\"dateModified\":\"2024-01-27T10:56:19+00:00\",\"description\":\"SMARTSLEEP\u00ae\u00a0SLEEP+\u00a0\u2013 toidulisand magneesiumi, melatoniini, ashwagandha, kannatuslille ja melissi ekstraktidega.\u00a0 Magneesium aitab s\u00e4ilitada normaalset n\u00e4rvis\u00fcsteemi talitlust, ps\u00fchholoogilist funktsiooni, lihaste funktsiooni, energiavahetust, valgus\u00fcnteesi ning aitab v\u00e4hendada v\u00e4simus- ja kurnatustunnet. Melatoniin aitab v\u00e4hendada uinumisele kuluvat aega ja ajav\u00f6\u00f6ndi erinevuste subjektiivset tajumist. M\u00f5ju ilmneb, kui enne magamaminekut v\u00f5etakse 1 mg melatoniini. Seda kasutatakse toitumise t\u00e4iendamiseks uneh\u00e4irete korral. Ei tekita s\u00f5ltuvustunnet. T\u00e4iskasvanutele. Sobib veganitele, gluteenivaba, suhkruvaba, laktoosivaba.\",\"breadcrumb\":{\"@id\":\"https:\\\/\\\/sleepcity.ee\\\/toode\\\/smartsleep-sleep-unekapslid\\\/#breadcrumb\"},\"inLanguage\":\"et\",\"potentialAction\":[{\"@type\":\"ReadAction\",\"target\":[\"https:\\\/\\\/sleepcity.ee\\\/toode\\\/smartsleep-sleep-unekapslid\\\/\"]}]},{\"@type\":\"ImageObject\",\"inLanguage\":\"et\",\"@id\":\"https:\\\/\\\/sleepcity.ee\\\/toode\\\/smartsleep-sleep-unekapslid\\\/#primaryimage\",\"url\":\"https:\\\/\\\/sleepcity.ee\\\/wp-content\\\/uploads\\\/2024\\\/01\\\/smartsleep-sleep-plus-einschlafkapseln-anwendung-dose-kapsel-schlafzimmer_400x.webp\",\"contentUrl\":\"https:\\\/\\\/sleepcity.ee\\\/wp-content\\\/uploads\\\/2024\\\/01\\\/smartsleep-sleep-plus-einschlafkapseln-anwendung-dose-kapsel-schlafzimmer_400x.webp\",\"width\":400,\"height\":400},{\"@type\":\"BreadcrumbList\",\"@id\":\"https:\\\/\\\/sleepcity.ee\\\/toode\\\/smartsleep-sleep-unekapslid\\\/#breadcrumb\",\"itemListElement\":[{\"@type\":\"ListItem\",\"position\":1,\"name\":\"Home\",\"item\":\"https:\\\/\\\/sleepcity.ee\\\/\"},{\"@type\":\"ListItem\",\"position\":2,\"name\":\"Pood\",\"item\":\"https:\\\/\\\/sleepcity.ee\\\/pood\\\/\"},{\"@type\":\"ListItem\",\"position\":3,\"name\":\"SMARTSLEEP\u00ae\u00a0SLEEP+ unekapslid\"}]},{\"@type\":\"WebSite\",\"@id\":\"https:\\\/\\\/sleepcity.ee\\\/#website\",\"url\":\"https:\\\/\\\/sleepcity.ee\\\/\",\"name\":\"Tempur Shop\",\"description\":\"TEMPUR madratsid, voodid, padjad ja muud unetooted.\",\"publisher\":{\"@id\":\"https:\\\/\\\/sleepcity.ee\\\/#organization\"},\"potentialAction\":[{\"@type\":\"SearchAction\",\"target\":{\"@type\":\"EntryPoint\",\"urlTemplate\":\"https:\\\/\\\/sleepcity.ee\\\/?s={search_term_string}\"},\"query-input\":{\"@type\":\"PropertyValueSpecification\",\"valueRequired\":true,\"valueName\":\"search_term_string\"}}],\"inLanguage\":\"et\"},{\"@type\":\"Organization\",\"@id\":\"https:\\\/\\\/sleepcity.ee\\\/#organization\",\"name\":\"VG Design O\u00dc\",\"url\":\"https:\\\/\\\/sleepcity.ee\\\/\",\"logo\":{\"@type\":\"ImageObject\",\"inLanguage\":\"et\",\"@id\":\"https:\\\/\\\/sleepcity.ee\\\/#\\\/schema\\\/logo\\\/image\\\/\",\"url\":\"https:\\\/\\\/sleepcity.ee\\\/wp-content\\\/uploads\\\/2023\\\/09\\\/sleepcity_logo.png\",\"contentUrl\":\"https:\\\/\\\/sleepcity.ee\\\/wp-content\\\/uploads\\\/2023\\\/09\\\/sleepcity_logo.png\",\"width\":1034,\"height\":318,\"caption\":\"VG Design O\u00dc\"},\"image\":{\"@id\":\"https:\\\/\\\/sleepcity.ee\\\/#\\\/schema\\\/logo\\\/image\\\/\"},\"sameAs\":[\"http:\\\/\\\/www.fb.com\\\/TempurEstonia\",\"http:\\\/\\\/www.instagram.com\\\/tempurestonia\"]}]}<\/script>\n<!-- \/ Yoast SEO plugin. -->","yoast_head_json":{"title":"SMARTSLEEP\u00ae\u00a0SLEEP+ unekapslid - SleepCity - Hea Une Valem","description":"SMARTSLEEP\u00ae\u00a0SLEEP+\u00a0\u2013 toidulisand magneesiumi, melatoniini, ashwagandha, kannatuslille ja melissi ekstraktidega.\u00a0  Magneesium aitab s\u00e4ilitada normaalset n\u00e4rvis\u00fcsteemi talitlust, ps\u00fchholoogilist funktsiooni, lihaste funktsiooni, energiavahetust, valgus\u00fcnteesi ning aitab v\u00e4hendada v\u00e4simus- ja kurnatustunnet. Melatoniin aitab v\u00e4hendada uinumisele kuluvat aega ja ajav\u00f6\u00f6ndi erinevuste subjektiivset tajumist. M\u00f5ju ilmneb, kui enne magamaminekut v\u00f5etakse 1 mg melatoniini. Seda kasutatakse toitumise t\u00e4iendamiseks uneh\u00e4irete korral. Ei tekita s\u00f5ltuvustunnet. T\u00e4iskasvanutele. Sobib veganitele, gluteenivaba, suhkruvaba, laktoosivaba.","robots":{"index":"index","follow":"follow","max-snippet":"max-snippet:-1","max-image-preview":"max-image-preview:large","max-video-preview":"max-video-preview:-1"},"canonical":"https:\/\/sleepcity.ee\/toode\/smartsleep-sleep-unekapslid\/","og_locale":"et_EE","og_type":"article","og_title":"SMARTSLEEP\u00ae\u00a0SLEEP+ unekapslid - SleepCity - Hea Une Valem","og_description":"SMARTSLEEP\u00ae\u00a0SLEEP+\u00a0\u2013 toidulisand magneesiumi, melatoniini, ashwagandha, kannatuslille ja melissi ekstraktidega.\u00a0  Magneesium aitab s\u00e4ilitada normaalset n\u00e4rvis\u00fcsteemi talitlust, ps\u00fchholoogilist funktsiooni, lihaste funktsiooni, energiavahetust, valgus\u00fcnteesi ning aitab v\u00e4hendada v\u00e4simus- ja kurnatustunnet. Melatoniin aitab v\u00e4hendada uinumisele kuluvat aega ja ajav\u00f6\u00f6ndi erinevuste subjektiivset tajumist. M\u00f5ju ilmneb, kui enne magamaminekut v\u00f5etakse 1 mg melatoniini. Seda kasutatakse toitumise t\u00e4iendamiseks uneh\u00e4irete korral. Ei tekita s\u00f5ltuvustunnet. T\u00e4iskasvanutele. Sobib veganitele, gluteenivaba, suhkruvaba, laktoosivaba.","og_url":"https:\/\/sleepcity.ee\/toode\/smartsleep-sleep-unekapslid\/","og_site_name":"SleepCity - Hea Une Valem","article_publisher":"http:\/\/www.fb.com\/TempurEstonia","article_modified_time":"2024-01-27T10:56:19+00:00","og_image":[{"width":400,"height":400,"url":"https:\/\/sleepcity.ee\/wp-content\/uploads\/2024\/01\/smartsleep-sleep-plus-einschlafkapseln-anwendung-dose-kapsel-schlafzimmer_400x.webp","type":"image\/webp"}],"twitter_card":"summary_large_image","twitter_misc":{"Est. reading time":"1 minut"},"schema":{"@context":"https:\/\/schema.org","@graph":[{"@type":"WebPage","@id":"https:\/\/sleepcity.ee\/toode\/smartsleep-sleep-unekapslid\/","url":"https:\/\/sleepcity.ee\/toode\/smartsleep-sleep-unekapslid\/","name":"SMARTSLEEP\u00ae\u00a0SLEEP+ unekapslid - SleepCity - Hea Une Valem","isPartOf":{"@id":"https:\/\/sleepcity.ee\/#website"},"primaryImageOfPage":{"@id":"https:\/\/sleepcity.ee\/toode\/smartsleep-sleep-unekapslid\/#primaryimage"},"image":{"@id":"https:\/\/sleepcity.ee\/toode\/smartsleep-sleep-unekapslid\/#primaryimage"},"thumbnailUrl":"https:\/\/sleepcity.ee\/wp-content\/uploads\/2024\/01\/smartsleep-sleep-plus-einschlafkapseln-anwendung-dose-kapsel-schlafzimmer_400x.webp","datePublished":"2024-01-27T10:35:02+00:00","dateModified":"2024-01-27T10:56:19+00:00","description":"SMARTSLEEP\u00ae\u00a0SLEEP+\u00a0\u2013 toidulisand magneesiumi, melatoniini, ashwagandha, kannatuslille ja melissi ekstraktidega.\u00a0 Magneesium aitab s\u00e4ilitada normaalset n\u00e4rvis\u00fcsteemi talitlust, ps\u00fchholoogilist funktsiooni, lihaste funktsiooni, energiavahetust, valgus\u00fcnteesi ning aitab v\u00e4hendada v\u00e4simus- ja kurnatustunnet. Melatoniin aitab v\u00e4hendada uinumisele kuluvat aega ja ajav\u00f6\u00f6ndi erinevuste subjektiivset tajumist. M\u00f5ju ilmneb, kui enne magamaminekut v\u00f5etakse 1 mg melatoniini. Seda kasutatakse toitumise t\u00e4iendamiseks uneh\u00e4irete korral. Ei tekita s\u00f5ltuvustunnet. T\u00e4iskasvanutele. Sobib veganitele, gluteenivaba, suhkruvaba, laktoosivaba.","breadcrumb":{"@id":"https:\/\/sleepcity.ee\/toode\/smartsleep-sleep-unekapslid\/#breadcrumb"},"inLanguage":"et","potentialAction":[{"@type":"ReadAction","target":["https:\/\/sleepcity.ee\/toode\/smartsleep-sleep-unekapslid\/"]}]},{"@type":"ImageObject","inLanguage":"et","@id":"https:\/\/sleepcity.ee\/toode\/smartsleep-sleep-unekapslid\/#primaryimage","url":"https:\/\/sleepcity.ee\/wp-content\/uploads\/2024\/01\/smartsleep-sleep-plus-einschlafkapseln-anwendung-dose-kapsel-schlafzimmer_400x.webp","contentUrl":"https:\/\/sleepcity.ee\/wp-content\/uploads\/2024\/01\/smartsleep-sleep-plus-einschlafkapseln-anwendung-dose-kapsel-schlafzimmer_400x.webp","width":400,"height":400},{"@type":"BreadcrumbList","@id":"https:\/\/sleepcity.ee\/toode\/smartsleep-sleep-unekapslid\/#breadcrumb","itemListElement":[{"@type":"ListItem","position":1,"name":"Home","item":"https:\/\/sleepcity.ee\/"},{"@type":"ListItem","position":2,"name":"Pood","item":"https:\/\/sleepcity.ee\/pood\/"},{"@type":"ListItem","position":3,"name":"SMARTSLEEP\u00ae\u00a0SLEEP+ unekapslid"}]},{"@type":"WebSite","@id":"https:\/\/sleepcity.ee\/#website","url":"https:\/\/sleepcity.ee\/","name":"Tempur Shop","description":"TEMPUR madratsid, voodid, padjad ja muud unetooted.","publisher":{"@id":"https:\/\/sleepcity.ee\/#organization"},"potentialAction":[{"@type":"SearchAction","target":{"@type":"EntryPoint","urlTemplate":"https:\/\/sleepcity.ee\/?s={search_term_string}"},"query-input":{"@type":"PropertyValueSpecification","valueRequired":true,"valueName":"search_term_string"}}],"inLanguage":"et"},{"@type":"Organization","@id":"https:\/\/sleepcity.ee\/#organization","name":"VG Design O\u00dc","url":"https:\/\/sleepcity.ee\/","logo":{"@type":"ImageObject","inLanguage":"et","@id":"https:\/\/sleepcity.ee\/#\/schema\/logo\/image\/","url":"https:\/\/sleepcity.ee\/wp-content\/uploads\/2023\/09\/sleepcity_logo.png","contentUrl":"https:\/\/sleepcity.ee\/wp-content\/uploads\/2023\/09\/sleepcity_logo.png","width":1034,"height":318,"caption":"VG Design O\u00dc"},"image":{"@id":"https:\/\/sleepcity.ee\/#\/schema\/logo\/image\/"},"sameAs":["http:\/\/www.fb.com\/TempurEstonia","http:\/\/www.instagram.com\/tempurestonia"]}]}},"_links":{"self":[{"href":"https:\/\/www.sleepcity.ee\/wp-json\/wp\/v2\/product\/7446","targetHints":{"allow":["GET"]}}],"collection":[{"href":"https:\/\/www.sleepcity.ee\/wp-json\/wp\/v2\/product"}],"about":[{"href":"https:\/\/www.sleepcity.ee\/wp-json\/wp\/v2\/types\/product"}],"replies":[{"embeddable":true,"href":"https:\/\/www.sleepcity.ee\/wp-json\/wp\/v2\/comments?post=7446"}],"wp:featuredmedia":[{"embeddable":true,"href":"https:\/\/www.sleepcity.ee\/wp-json\/wp\/v2\/media\/7447"}],"wp:attachment":[{"href":"https:\/\/www.sleepcity.ee\/wp-json\/wp\/v2\/media?parent=7446"}],"wp:term":[{"taxonomy":"product_brand","embeddable":true,"href":"https:\/\/www.sleepcity.ee\/wp-json\/wp\/v2\/product_brand?post=7446"},{"taxonomy":"product_cat","embeddable":true,"href":"https:\/\/www.sleepcity.ee\/wp-json\/wp\/v2\/product_cat?post=7446"},{"taxonomy":"product_tag","embeddable":true,"href":"https:\/\/www.sleepcity.ee\/wp-json\/wp\/v2\/product_tag?post=7446"}],"curies":[{"name":"wp","href":"https:\/\/api.w.org\/{rel}","templated":true}]}}