{"id":7411,"date":"2024-01-27T10:11:57","date_gmt":"2024-01-27T10:11:57","guid":{"rendered":"https:\/\/sleepcity.ee\/?post_type=product&#038;p=7411"},"modified":"2025-05-23T16:18:16","modified_gmt":"2025-05-23T16:18:16","slug":"smart-kids-ergonoomilise-padja-padjapuur","status":"publish","type":"product","link":"https:\/\/www.sleepcity.ee\/toode\/smart-kids-ergonoomilise-padja-padjapuur\/","title":{"rendered":"Smart\u00ae KIDS Ergonoomilise padja padjap\u00fc\u00fcr"},"content":{"rendered":"<p>Hingavast puuvillast valmistatud pehme ja nahas\u00f5bralik padjap\u00fc\u00fcr kohandub optimaalselt Smart\u00ae KIDS Ergonoomilise padja ergonoomilise kujuga ning tagab sellel lamades \u00f5rna tunde ja \u00f6\u00f6sel m\u00f5nusa \u00f5huringluse kehal. Vastupidav ja imav, ideaalne igap\u00e4evaseks kasutamiseks, et kaitsta patja higi, s\u00fclje, mustuse ja tolmu eest. H\u00fcgieenilise mugavuse ja hea une tagamiseks.<\/p>\n<p>Eksklusiivses koost\u00f6\u00f6s Coppenrath Verlagiga, saadaval ka p\u00f5nevates motiivides printsess roosa, printsess valge, hobuses\u00f5pradelt, Capt&#8217;n Sharkylt v\u00f5i Dino maailmast.<\/p>\n<p><em>Materjal:<\/em>\u00a095% puuvill, 5% elastaan<br \/>\n<em>\u200b\u200bToote kvaliteet:<\/em>\u00a0Sertifitseeritud vastavalt OEKO-TEX STANDARD 100.<\/p>\n<p><em>Hooldusjuhised:<\/em><em><br \/>\n<\/em>Pesemiseks keerake tagurpidi ja peske kuni 40 kraadi juures.<\/p>\n","protected":false},"excerpt":{"rendered":"<p><strong><span style=\"font-size: 110%;\">Smart\u00ae KIDS Ergonoomiline padjap\u00fc\u00fcr<\/span><\/strong><em><strong><br \/>\n<\/strong><\/em><\/p>\n<p><em>T\u00e4iuslik istuvus ja lihtne vahetada<\/em><\/p>\n<p>Smart\u00ae KIDS ERGONOMIC padja padjap\u00fc\u00fcr kohandub optimaalselt <a href=\"https:\/\/sleepcity.ee\/product\/smart-kids-ergonoomiline-padi\/\">Smart\u00ae KIDS ergonoomilise padja<\/a> erilise kujuga, mis ei lase katet libiseda isegi igap\u00e4evaelus erilise stressi korral v\u00f5i suurenenud liikumise korral une ajal. Praktiline t\u00f5mblukk v\u00f5imaldab ka katteid kiiresti ja lihtsalt vahetada.<\/p>\n<p><strong>Kvaliteetne, kergesti hooldatav materjal<\/strong><br \/>\nKvaliteetsest hingavast puuvillast kate pakub pehmet pinda puhkamiseks ja m\u00f5nusat \u00f5huringlust kehal \u00f6\u00f6sel. Kangas on vastupidav, imav, kiiresti kuivav ja ideaalne tundlikule nahale.<\/p>\n<p><strong>Ainulaadne disain koost\u00f6\u00f6s Coppenrath Verlagiga<\/strong><br \/>\nEksklusiivses koost\u00f6\u00f6s Coppenrath Verlagiga oleme v\u00e4lja t\u00f6\u00f6tanud p\u00f5nevad ja oman\u00e4olised padjap\u00fc\u00fcrid tuntud motiividega printsess roosa, printsess valge, hobuses\u00f5pradelt, Kapten Sharky, J\u00e4nku, Pisilohe v\u00f5i Dino maailm.<\/p>\n<p class=\"SectionHeader__Heading Heading u-h1\"><strong>Kvaliteetne ja sobib igap\u00e4evaseks kasutamiseks!<\/strong><\/p>\n<div class=\"SectionHeader__Description Rte\">\n<div class=\"SectionHeader__Description Rte FeatureText__Content_Custom_Description\">\n<p>Meie kvaliteetsest hingavast puuvillast valmistatud padjap\u00fc\u00fcrid tagavad \u00f5rna tunde padjal lamades ja m\u00f5nusa \u00f5huringluse kehal \u00f6\u00f6sel. Vastupidav ja imav, ideaalne igap\u00e4evaseks kasutamiseks, et kaitsta patja higi, s\u00fclje, mustuse ja tolmu eest. H\u00fcgieenilise mugavuse ja \u00f5rna une tagamiseks.<\/p>\n<\/div>\n<\/div>\n","protected":false},"featured_media":7409,"comment_status":"open","ping_status":"closed","template":"","meta":{"_monsterinsights_skip_tracking":false,"_monsterinsights_sitenote_active":false,"_monsterinsights_sitenote_note":"","_monsterinsights_sitenote_category":0},"product_brand":[],"product_cat":[511,92,512],"product_tag":[522,131,523],"class_list":{"0":"post-7411","1":"product","2":"type-product","3":"status-publish","4":"has-post-thumbnail","6":"product_cat-laste-padjad","7":"product_cat-padjad","8":"product_cat-padjapuurid-laste-patjadele","9":"product_tag-laste","10":"product_tag-padi","11":"product_tag-padjapuur","12":"pa_varv-dino-allosaurus","13":"pa_varv-dino-maailm","14":"pa_varv-hobustega-roosa","15":"pa_varv-janku","16":"pa_varv-kapten-sharky","17":"pa_varv-pisilohe","18":"pa_varv-printsess-roosa","19":"pa_varv-printsess-valge","20":"pa_varv-roosa","21":"pa_varv-tumehall","22":"pa_varv-tumesinine","24":"first","25":"instock","26":"taxable","27":"shipping-taxable","28":"purchasable","29":"product-type-variable"},"yoast_head":"<!-- This site is optimized with the Yoast SEO plugin v27.4 - https:\/\/yoast.com\/product\/yoast-seo-wordpress\/ -->\n<title>Smart\u00ae KIDS Ergonoomilise padja padjap\u00fc\u00fcr - SleepCity - Hea Une Valem<\/title>\n<meta name=\"description\" content=\"Smart\u00ae KIDS Ergonoomiline padjap\u00fc\u00fcr   T\u00e4iuslik istuvus ja lihtne vahetada  Smart\u00ae KIDS ERGONOMIC padja padjap\u00fc\u00fcr kohandub optimaalselt Smart\u00ae KIDS ergonoomilise padja erilise kujuga, mis ei lase katet libiseda isegi igap\u00e4evaelus erilise stressi korral v\u00f5i suurenenud liikumise korral une ajal. Praktiline t\u00f5mblukk v\u00f5imaldab ka katteid kiiresti ja lihtsalt vahetada.  Kvaliteetne, kergesti hooldatav materjal Kvaliteetsest hingavast puuvillast kate pakub pehmet pinda puhkamiseks ja m\u00f5nusat \u00f5huringlust kehal \u00f6\u00f6sel. Kangas on vastupidav, imav, kiiresti kuivav ja ideaalne tundlikule nahale.  Ainulaadne disain koost\u00f6\u00f6s Coppenrath Verlagiga Eksklusiivses koost\u00f6\u00f6s Coppenrath Verlagiga oleme v\u00e4lja t\u00f6\u00f6tanud p\u00f5nevad ja oman\u00e4olised padjap\u00fc\u00fcrid tuntud motiividega printsess roosa, printsess valge, hobuses\u00f5pradelt, Kapten Sharky, J\u00e4nku, Pisilohe v\u00f5i Dino maailm. Kvaliteetne ja sobib igap\u00e4evaseks kasutamiseks!     Meie kvaliteetsest hingavast puuvillast valmistatud padjap\u00fc\u00fcrid tagavad \u00f5rna tunde padjal lamades ja m\u00f5nusa \u00f5huringluse kehal \u00f6\u00f6sel. Vastupidav ja imav, ideaalne igap\u00e4evaseks kasutamiseks, et kaitsta patja higi, s\u00fclje, mustuse ja tolmu eest. H\u00fcgieenilise mugavuse ja \u00f5rna une tagamiseks.\" \/>\n<meta name=\"robots\" content=\"index, follow, max-snippet:-1, max-image-preview:large, max-video-preview:-1\" \/>\n<link rel=\"canonical\" href=\"https:\/\/sleepcity.ee\/toode\/smart-kids-ergonoomilise-padja-padjapuur\/\" \/>\n<meta property=\"og:locale\" content=\"et_EE\" \/>\n<meta property=\"og:type\" content=\"article\" \/>\n<meta property=\"og:title\" content=\"Smart\u00ae KIDS Ergonoomilise padja padjap\u00fc\u00fcr - SleepCity - Hea Une Valem\" \/>\n<meta property=\"og:description\" content=\"Smart\u00ae KIDS Ergonoomiline padjap\u00fc\u00fcr   T\u00e4iuslik istuvus ja lihtne vahetada  Smart\u00ae KIDS ERGONOMIC padja padjap\u00fc\u00fcr kohandub optimaalselt Smart\u00ae KIDS ergonoomilise padja erilise kujuga, mis ei lase katet libiseda isegi igap\u00e4evaelus erilise stressi korral v\u00f5i suurenenud liikumise korral une ajal. Praktiline t\u00f5mblukk v\u00f5imaldab ka katteid kiiresti ja lihtsalt vahetada.  Kvaliteetne, kergesti hooldatav materjal Kvaliteetsest hingavast puuvillast kate pakub pehmet pinda puhkamiseks ja m\u00f5nusat \u00f5huringlust kehal \u00f6\u00f6sel. Kangas on vastupidav, imav, kiiresti kuivav ja ideaalne tundlikule nahale.  Ainulaadne disain koost\u00f6\u00f6s Coppenrath Verlagiga Eksklusiivses koost\u00f6\u00f6s Coppenrath Verlagiga oleme v\u00e4lja t\u00f6\u00f6tanud p\u00f5nevad ja oman\u00e4olised padjap\u00fc\u00fcrid tuntud motiividega printsess roosa, printsess valge, hobuses\u00f5pradelt, Kapten Sharky, J\u00e4nku, Pisilohe v\u00f5i Dino maailm. Kvaliteetne ja sobib igap\u00e4evaseks kasutamiseks!     Meie kvaliteetsest hingavast puuvillast valmistatud padjap\u00fc\u00fcrid tagavad \u00f5rna tunde padjal lamades ja m\u00f5nusa \u00f5huringluse kehal \u00f6\u00f6sel. Vastupidav ja imav, ideaalne igap\u00e4evaseks kasutamiseks, et kaitsta patja higi, s\u00fclje, mustuse ja tolmu eest. H\u00fcgieenilise mugavuse ja \u00f5rna une tagamiseks.\" \/>\n<meta property=\"og:url\" content=\"https:\/\/sleepcity.ee\/toode\/smart-kids-ergonoomilise-padja-padjapuur\/\" \/>\n<meta property=\"og:site_name\" content=\"SleepCity - Hea Une Valem\" \/>\n<meta property=\"article:publisher\" content=\"http:\/\/www.fb.com\/TempurEstonia\" \/>\n<meta property=\"article:modified_time\" content=\"2025-05-23T16:18:16+00:00\" \/>\n<meta property=\"og:image\" content=\"https:\/\/sleepcity.ee\/wp-content\/uploads\/2024\/01\/230523_WEB_Header_KIDS_MOBILE_Kopie_x800.webp\" \/>\n\t<meta property=\"og:image:width\" content=\"533\" \/>\n\t<meta property=\"og:image:height\" content=\"800\" \/>\n\t<meta property=\"og:image:type\" content=\"image\/webp\" \/>\n<meta name=\"twitter:card\" content=\"summary_large_image\" \/>\n<script type=\"application\/ld+json\" class=\"yoast-schema-graph\">{\"@context\":\"https:\\\/\\\/schema.org\",\"@graph\":[{\"@type\":\"WebPage\",\"@id\":\"https:\\\/\\\/sleepcity.ee\\\/toode\\\/smart-kids-ergonoomilise-padja-padjapuur\\\/\",\"url\":\"https:\\\/\\\/sleepcity.ee\\\/toode\\\/smart-kids-ergonoomilise-padja-padjapuur\\\/\",\"name\":\"Smart\u00ae KIDS Ergonoomilise padja padjap\u00fc\u00fcr - SleepCity - Hea Une Valem\",\"isPartOf\":{\"@id\":\"https:\\\/\\\/sleepcity.ee\\\/#website\"},\"primaryImageOfPage\":{\"@id\":\"https:\\\/\\\/sleepcity.ee\\\/toode\\\/smart-kids-ergonoomilise-padja-padjapuur\\\/#primaryimage\"},\"image\":{\"@id\":\"https:\\\/\\\/sleepcity.ee\\\/toode\\\/smart-kids-ergonoomilise-padja-padjapuur\\\/#primaryimage\"},\"thumbnailUrl\":\"https:\\\/\\\/sleepcity.ee\\\/wp-content\\\/uploads\\\/2024\\\/01\\\/230523_WEB_Header_KIDS_MOBILE_Kopie_x800.webp\",\"datePublished\":\"2024-01-27T10:11:57+00:00\",\"dateModified\":\"2025-05-23T16:18:16+00:00\",\"description\":\"Smart\u00ae KIDS Ergonoomiline padjap\u00fc\u00fcr T\u00e4iuslik istuvus ja lihtne vahetada Smart\u00ae KIDS ERGONOMIC padja padjap\u00fc\u00fcr kohandub optimaalselt Smart\u00ae KIDS ergonoomilise padja erilise kujuga, mis ei lase katet libiseda isegi igap\u00e4evaelus erilise stressi korral v\u00f5i suurenenud liikumise korral une ajal. Praktiline t\u00f5mblukk v\u00f5imaldab ka katteid kiiresti ja lihtsalt vahetada. Kvaliteetne, kergesti hooldatav materjal Kvaliteetsest hingavast puuvillast kate pakub pehmet pinda puhkamiseks ja m\u00f5nusat \u00f5huringlust kehal \u00f6\u00f6sel. Kangas on vastupidav, imav, kiiresti kuivav ja ideaalne tundlikule nahale. Ainulaadne disain koost\u00f6\u00f6s Coppenrath Verlagiga Eksklusiivses koost\u00f6\u00f6s Coppenrath Verlagiga oleme v\u00e4lja t\u00f6\u00f6tanud p\u00f5nevad ja oman\u00e4olised padjap\u00fc\u00fcrid tuntud motiividega printsess roosa, printsess valge, hobuses\u00f5pradelt, Kapten Sharky, J\u00e4nku, Pisilohe v\u00f5i Dino maailm. Kvaliteetne ja sobib igap\u00e4evaseks kasutamiseks! Meie kvaliteetsest hingavast puuvillast valmistatud padjap\u00fc\u00fcrid tagavad \u00f5rna tunde padjal lamades ja m\u00f5nusa \u00f5huringluse kehal \u00f6\u00f6sel. Vastupidav ja imav, ideaalne igap\u00e4evaseks kasutamiseks, et kaitsta patja higi, s\u00fclje, mustuse ja tolmu eest. H\u00fcgieenilise mugavuse ja \u00f5rna une tagamiseks.\",\"breadcrumb\":{\"@id\":\"https:\\\/\\\/sleepcity.ee\\\/toode\\\/smart-kids-ergonoomilise-padja-padjapuur\\\/#breadcrumb\"},\"inLanguage\":\"et\",\"potentialAction\":[{\"@type\":\"ReadAction\",\"target\":[\"https:\\\/\\\/sleepcity.ee\\\/toode\\\/smart-kids-ergonoomilise-padja-padjapuur\\\/\"]}]},{\"@type\":\"ImageObject\",\"inLanguage\":\"et\",\"@id\":\"https:\\\/\\\/sleepcity.ee\\\/toode\\\/smart-kids-ergonoomilise-padja-padjapuur\\\/#primaryimage\",\"url\":\"https:\\\/\\\/sleepcity.ee\\\/wp-content\\\/uploads\\\/2024\\\/01\\\/230523_WEB_Header_KIDS_MOBILE_Kopie_x800.webp\",\"contentUrl\":\"https:\\\/\\\/sleepcity.ee\\\/wp-content\\\/uploads\\\/2024\\\/01\\\/230523_WEB_Header_KIDS_MOBILE_Kopie_x800.webp\",\"width\":533,\"height\":800},{\"@type\":\"BreadcrumbList\",\"@id\":\"https:\\\/\\\/sleepcity.ee\\\/toode\\\/smart-kids-ergonoomilise-padja-padjapuur\\\/#breadcrumb\",\"itemListElement\":[{\"@type\":\"ListItem\",\"position\":1,\"name\":\"Home\",\"item\":\"https:\\\/\\\/sleepcity.ee\\\/\"},{\"@type\":\"ListItem\",\"position\":2,\"name\":\"Pood\",\"item\":\"https:\\\/\\\/sleepcity.ee\\\/pood\\\/\"},{\"@type\":\"ListItem\",\"position\":3,\"name\":\"Smart\u00ae KIDS Ergonoomilise padja padjap\u00fc\u00fcr\"}]},{\"@type\":\"WebSite\",\"@id\":\"https:\\\/\\\/sleepcity.ee\\\/#website\",\"url\":\"https:\\\/\\\/sleepcity.ee\\\/\",\"name\":\"Tempur Shop\",\"description\":\"TEMPUR madratsid, voodid, padjad ja muud unetooted.\",\"publisher\":{\"@id\":\"https:\\\/\\\/sleepcity.ee\\\/#organization\"},\"potentialAction\":[{\"@type\":\"SearchAction\",\"target\":{\"@type\":\"EntryPoint\",\"urlTemplate\":\"https:\\\/\\\/sleepcity.ee\\\/?s={search_term_string}\"},\"query-input\":{\"@type\":\"PropertyValueSpecification\",\"valueRequired\":true,\"valueName\":\"search_term_string\"}}],\"inLanguage\":\"et\"},{\"@type\":\"Organization\",\"@id\":\"https:\\\/\\\/sleepcity.ee\\\/#organization\",\"name\":\"VG Design O\u00dc\",\"url\":\"https:\\\/\\\/sleepcity.ee\\\/\",\"logo\":{\"@type\":\"ImageObject\",\"inLanguage\":\"et\",\"@id\":\"https:\\\/\\\/sleepcity.ee\\\/#\\\/schema\\\/logo\\\/image\\\/\",\"url\":\"https:\\\/\\\/sleepcity.ee\\\/wp-content\\\/uploads\\\/2023\\\/09\\\/sleepcity_logo.png\",\"contentUrl\":\"https:\\\/\\\/sleepcity.ee\\\/wp-content\\\/uploads\\\/2023\\\/09\\\/sleepcity_logo.png\",\"width\":1034,\"height\":318,\"caption\":\"VG Design O\u00dc\"},\"image\":{\"@id\":\"https:\\\/\\\/sleepcity.ee\\\/#\\\/schema\\\/logo\\\/image\\\/\"},\"sameAs\":[\"http:\\\/\\\/www.fb.com\\\/TempurEstonia\",\"http:\\\/\\\/www.instagram.com\\\/tempurestonia\"]}]}<\/script>\n<!-- \/ Yoast SEO plugin. -->","yoast_head_json":{"title":"Smart\u00ae KIDS Ergonoomilise padja padjap\u00fc\u00fcr - SleepCity - Hea Une Valem","description":"Smart\u00ae KIDS Ergonoomiline padjap\u00fc\u00fcr   T\u00e4iuslik istuvus ja lihtne vahetada  Smart\u00ae KIDS ERGONOMIC padja padjap\u00fc\u00fcr kohandub optimaalselt Smart\u00ae KIDS ergonoomilise padja erilise kujuga, mis ei lase katet libiseda isegi igap\u00e4evaelus erilise stressi korral v\u00f5i suurenenud liikumise korral une ajal. Praktiline t\u00f5mblukk v\u00f5imaldab ka katteid kiiresti ja lihtsalt vahetada.  Kvaliteetne, kergesti hooldatav materjal Kvaliteetsest hingavast puuvillast kate pakub pehmet pinda puhkamiseks ja m\u00f5nusat \u00f5huringlust kehal \u00f6\u00f6sel. Kangas on vastupidav, imav, kiiresti kuivav ja ideaalne tundlikule nahale.  Ainulaadne disain koost\u00f6\u00f6s Coppenrath Verlagiga Eksklusiivses koost\u00f6\u00f6s Coppenrath Verlagiga oleme v\u00e4lja t\u00f6\u00f6tanud p\u00f5nevad ja oman\u00e4olised padjap\u00fc\u00fcrid tuntud motiividega printsess roosa, printsess valge, hobuses\u00f5pradelt, Kapten Sharky, J\u00e4nku, Pisilohe v\u00f5i Dino maailm. Kvaliteetne ja sobib igap\u00e4evaseks kasutamiseks!     Meie kvaliteetsest hingavast puuvillast valmistatud padjap\u00fc\u00fcrid tagavad \u00f5rna tunde padjal lamades ja m\u00f5nusa \u00f5huringluse kehal \u00f6\u00f6sel. Vastupidav ja imav, ideaalne igap\u00e4evaseks kasutamiseks, et kaitsta patja higi, s\u00fclje, mustuse ja tolmu eest. H\u00fcgieenilise mugavuse ja \u00f5rna une tagamiseks.","robots":{"index":"index","follow":"follow","max-snippet":"max-snippet:-1","max-image-preview":"max-image-preview:large","max-video-preview":"max-video-preview:-1"},"canonical":"https:\/\/sleepcity.ee\/toode\/smart-kids-ergonoomilise-padja-padjapuur\/","og_locale":"et_EE","og_type":"article","og_title":"Smart\u00ae KIDS Ergonoomilise padja padjap\u00fc\u00fcr - SleepCity - Hea Une Valem","og_description":"Smart\u00ae KIDS Ergonoomiline padjap\u00fc\u00fcr   T\u00e4iuslik istuvus ja lihtne vahetada  Smart\u00ae KIDS ERGONOMIC padja padjap\u00fc\u00fcr kohandub optimaalselt Smart\u00ae KIDS ergonoomilise padja erilise kujuga, mis ei lase katet libiseda isegi igap\u00e4evaelus erilise stressi korral v\u00f5i suurenenud liikumise korral une ajal. Praktiline t\u00f5mblukk v\u00f5imaldab ka katteid kiiresti ja lihtsalt vahetada.  Kvaliteetne, kergesti hooldatav materjal Kvaliteetsest hingavast puuvillast kate pakub pehmet pinda puhkamiseks ja m\u00f5nusat \u00f5huringlust kehal \u00f6\u00f6sel. Kangas on vastupidav, imav, kiiresti kuivav ja ideaalne tundlikule nahale.  Ainulaadne disain koost\u00f6\u00f6s Coppenrath Verlagiga Eksklusiivses koost\u00f6\u00f6s Coppenrath Verlagiga oleme v\u00e4lja t\u00f6\u00f6tanud p\u00f5nevad ja oman\u00e4olised padjap\u00fc\u00fcrid tuntud motiividega printsess roosa, printsess valge, hobuses\u00f5pradelt, Kapten Sharky, J\u00e4nku, Pisilohe v\u00f5i Dino maailm. Kvaliteetne ja sobib igap\u00e4evaseks kasutamiseks!     Meie kvaliteetsest hingavast puuvillast valmistatud padjap\u00fc\u00fcrid tagavad \u00f5rna tunde padjal lamades ja m\u00f5nusa \u00f5huringluse kehal \u00f6\u00f6sel. Vastupidav ja imav, ideaalne igap\u00e4evaseks kasutamiseks, et kaitsta patja higi, s\u00fclje, mustuse ja tolmu eest. H\u00fcgieenilise mugavuse ja \u00f5rna une tagamiseks.","og_url":"https:\/\/sleepcity.ee\/toode\/smart-kids-ergonoomilise-padja-padjapuur\/","og_site_name":"SleepCity - Hea Une Valem","article_publisher":"http:\/\/www.fb.com\/TempurEstonia","article_modified_time":"2025-05-23T16:18:16+00:00","og_image":[{"width":533,"height":800,"url":"https:\/\/sleepcity.ee\/wp-content\/uploads\/2024\/01\/230523_WEB_Header_KIDS_MOBILE_Kopie_x800.webp","type":"image\/webp"}],"twitter_card":"summary_large_image","schema":{"@context":"https:\/\/schema.org","@graph":[{"@type":"WebPage","@id":"https:\/\/sleepcity.ee\/toode\/smart-kids-ergonoomilise-padja-padjapuur\/","url":"https:\/\/sleepcity.ee\/toode\/smart-kids-ergonoomilise-padja-padjapuur\/","name":"Smart\u00ae KIDS Ergonoomilise padja padjap\u00fc\u00fcr - SleepCity - Hea Une Valem","isPartOf":{"@id":"https:\/\/sleepcity.ee\/#website"},"primaryImageOfPage":{"@id":"https:\/\/sleepcity.ee\/toode\/smart-kids-ergonoomilise-padja-padjapuur\/#primaryimage"},"image":{"@id":"https:\/\/sleepcity.ee\/toode\/smart-kids-ergonoomilise-padja-padjapuur\/#primaryimage"},"thumbnailUrl":"https:\/\/sleepcity.ee\/wp-content\/uploads\/2024\/01\/230523_WEB_Header_KIDS_MOBILE_Kopie_x800.webp","datePublished":"2024-01-27T10:11:57+00:00","dateModified":"2025-05-23T16:18:16+00:00","description":"Smart\u00ae KIDS Ergonoomiline padjap\u00fc\u00fcr T\u00e4iuslik istuvus ja lihtne vahetada Smart\u00ae KIDS ERGONOMIC padja padjap\u00fc\u00fcr kohandub optimaalselt Smart\u00ae KIDS ergonoomilise padja erilise kujuga, mis ei lase katet libiseda isegi igap\u00e4evaelus erilise stressi korral v\u00f5i suurenenud liikumise korral une ajal. Praktiline t\u00f5mblukk v\u00f5imaldab ka katteid kiiresti ja lihtsalt vahetada. Kvaliteetne, kergesti hooldatav materjal Kvaliteetsest hingavast puuvillast kate pakub pehmet pinda puhkamiseks ja m\u00f5nusat \u00f5huringlust kehal \u00f6\u00f6sel. Kangas on vastupidav, imav, kiiresti kuivav ja ideaalne tundlikule nahale. Ainulaadne disain koost\u00f6\u00f6s Coppenrath Verlagiga Eksklusiivses koost\u00f6\u00f6s Coppenrath Verlagiga oleme v\u00e4lja t\u00f6\u00f6tanud p\u00f5nevad ja oman\u00e4olised padjap\u00fc\u00fcrid tuntud motiividega printsess roosa, printsess valge, hobuses\u00f5pradelt, Kapten Sharky, J\u00e4nku, Pisilohe v\u00f5i Dino maailm. Kvaliteetne ja sobib igap\u00e4evaseks kasutamiseks! Meie kvaliteetsest hingavast puuvillast valmistatud padjap\u00fc\u00fcrid tagavad \u00f5rna tunde padjal lamades ja m\u00f5nusa \u00f5huringluse kehal \u00f6\u00f6sel. Vastupidav ja imav, ideaalne igap\u00e4evaseks kasutamiseks, et kaitsta patja higi, s\u00fclje, mustuse ja tolmu eest. H\u00fcgieenilise mugavuse ja \u00f5rna une tagamiseks.","breadcrumb":{"@id":"https:\/\/sleepcity.ee\/toode\/smart-kids-ergonoomilise-padja-padjapuur\/#breadcrumb"},"inLanguage":"et","potentialAction":[{"@type":"ReadAction","target":["https:\/\/sleepcity.ee\/toode\/smart-kids-ergonoomilise-padja-padjapuur\/"]}]},{"@type":"ImageObject","inLanguage":"et","@id":"https:\/\/sleepcity.ee\/toode\/smart-kids-ergonoomilise-padja-padjapuur\/#primaryimage","url":"https:\/\/sleepcity.ee\/wp-content\/uploads\/2024\/01\/230523_WEB_Header_KIDS_MOBILE_Kopie_x800.webp","contentUrl":"https:\/\/sleepcity.ee\/wp-content\/uploads\/2024\/01\/230523_WEB_Header_KIDS_MOBILE_Kopie_x800.webp","width":533,"height":800},{"@type":"BreadcrumbList","@id":"https:\/\/sleepcity.ee\/toode\/smart-kids-ergonoomilise-padja-padjapuur\/#breadcrumb","itemListElement":[{"@type":"ListItem","position":1,"name":"Home","item":"https:\/\/sleepcity.ee\/"},{"@type":"ListItem","position":2,"name":"Pood","item":"https:\/\/sleepcity.ee\/pood\/"},{"@type":"ListItem","position":3,"name":"Smart\u00ae KIDS Ergonoomilise padja padjap\u00fc\u00fcr"}]},{"@type":"WebSite","@id":"https:\/\/sleepcity.ee\/#website","url":"https:\/\/sleepcity.ee\/","name":"Tempur Shop","description":"TEMPUR madratsid, voodid, padjad ja muud unetooted.","publisher":{"@id":"https:\/\/sleepcity.ee\/#organization"},"potentialAction":[{"@type":"SearchAction","target":{"@type":"EntryPoint","urlTemplate":"https:\/\/sleepcity.ee\/?s={search_term_string}"},"query-input":{"@type":"PropertyValueSpecification","valueRequired":true,"valueName":"search_term_string"}}],"inLanguage":"et"},{"@type":"Organization","@id":"https:\/\/sleepcity.ee\/#organization","name":"VG Design O\u00dc","url":"https:\/\/sleepcity.ee\/","logo":{"@type":"ImageObject","inLanguage":"et","@id":"https:\/\/sleepcity.ee\/#\/schema\/logo\/image\/","url":"https:\/\/sleepcity.ee\/wp-content\/uploads\/2023\/09\/sleepcity_logo.png","contentUrl":"https:\/\/sleepcity.ee\/wp-content\/uploads\/2023\/09\/sleepcity_logo.png","width":1034,"height":318,"caption":"VG Design O\u00dc"},"image":{"@id":"https:\/\/sleepcity.ee\/#\/schema\/logo\/image\/"},"sameAs":["http:\/\/www.fb.com\/TempurEstonia","http:\/\/www.instagram.com\/tempurestonia"]}]}},"_links":{"self":[{"href":"https:\/\/www.sleepcity.ee\/wp-json\/wp\/v2\/product\/7411","targetHints":{"allow":["GET"]}}],"collection":[{"href":"https:\/\/www.sleepcity.ee\/wp-json\/wp\/v2\/product"}],"about":[{"href":"https:\/\/www.sleepcity.ee\/wp-json\/wp\/v2\/types\/product"}],"replies":[{"embeddable":true,"href":"https:\/\/www.sleepcity.ee\/wp-json\/wp\/v2\/comments?post=7411"}],"wp:featuredmedia":[{"embeddable":true,"href":"https:\/\/www.sleepcity.ee\/wp-json\/wp\/v2\/media\/7409"}],"wp:attachment":[{"href":"https:\/\/www.sleepcity.ee\/wp-json\/wp\/v2\/media?parent=7411"}],"wp:term":[{"taxonomy":"product_brand","embeddable":true,"href":"https:\/\/www.sleepcity.ee\/wp-json\/wp\/v2\/product_brand?post=7411"},{"taxonomy":"product_cat","embeddable":true,"href":"https:\/\/www.sleepcity.ee\/wp-json\/wp\/v2\/product_cat?post=7411"},{"taxonomy":"product_tag","embeddable":true,"href":"https:\/\/www.sleepcity.ee\/wp-json\/wp\/v2\/product_tag?post=7411"}],"curies":[{"name":"wp","href":"https:\/\/api.w.org\/{rel}","templated":true}]}}