{"id":7334,"date":"2024-01-27T09:53:56","date_gmt":"2024-01-27T09:53:56","guid":{"rendered":"https:\/\/sleepcity.ee\/?post_type=product&#038;p=7334"},"modified":"2025-05-23T16:20:24","modified_gmt":"2025-05-23T16:20:24","slug":"smart-kids-comfort-padjapuur","status":"publish","type":"product","link":"https:\/\/www.sleepcity.ee\/toode\/smart-kids-comfort-padjapuur\/","title":{"rendered":"Smart\u00ae KIDS Comfort padjap\u00fc\u00fcr"},"content":{"rendered":"<p><strong>Toote kirjeldus<\/strong><\/p>\n<p><em><strong>Smart\u00ae KIDS COMFORT padjap\u00fc\u00fcr<br \/>\n<\/strong><\/em><\/p>\n<p><em>T\u00e4iuslik istuvus ja lihtne vahetada<\/em><strong><br \/>\n<\/strong>Smart\u00ae KIDS Comfort padjap\u00fc\u00fcr kohandub optimaalselt smart\u00ae KIDS COMFORT PADJA erikujuga, mis takistab katte libisemist isegi igap\u00e4evaelus erilise stressi korral v\u00f5i suurenenud liikumise korral magamise ajal. Praktiline t\u00f5mblukk v\u00f5imaldab ka katteid kiiresti ja lihtsalt vahetada.<\/p>\n<p><em>Kvaliteetne, kergesti hooldatav materjal<\/em><br \/>\nKvaliteetsest hingavast puuvillast kate pakub pehmet pinda puhkamiseks ja m\u00f5nusat \u00f5huringlust kehal \u00f6\u00f6sel. Kangas on vastupidav, imav, kiiresti kuivav ja ideaalne tundlikule nahale.<\/p>\n<p><em>Ainulaadne disain koost\u00f6\u00f6s Coppenrath Verlagi ja Clavis Publishingiga<\/em><br \/>\nEksklusiivses koost\u00f6\u00f6s Coppenrath Verlagi ja Clavis Publishingiga oleme v\u00e4lja t\u00f6\u00f6tanud p\u00f5nevad ja ainulaadsed padjap\u00fc\u00fcrid. Tuntud Coppenrathi motiividega nagu printsess Roosa v\u00f5i Printsess Valge, hobused, Kapten Sharky, Pisilohe, J\u00e4nku v\u00f5i Dino maailm.<\/p>\n<p><strong>Hooldamine:<\/strong><\/p>\n<p><em>Materjal:<\/em>\u00a095% puuvill, 5% elastaan<br \/>\n<em>\u200b\u200bToote kvaliteet:<\/em> Sertifitseeritud vastavalt OEKO-TEX STANDARD 100.\u00a0<em><br \/>\n<\/em>Pesemiseks keerake tagurpidi ja peske kuni 40 kraadi juures.<\/p>\n","protected":false},"excerpt":{"rendered":"<p>Hingavast puuvillast pehme ja nahas\u00f5bralik padjap\u00fc\u00fcr kohandub optimaalselt <a href=\"https:\/\/sleepcity.ee\/product\/smart-kids-comfort-padi\/\">Smart\u00ae KIDS Comfort padja<\/a> ergonoomilise kujuga ning tagab sellel lamades \u00f5rna tunde ja \u00f6\u00f6sel m\u00f5nusa \u00f5huringluse kehal. Vastupidav ja imav, <strong>ideaalne igap\u00e4evaseks kasutamiseks<\/strong>, et kaitsta patja higi, s\u00fclje, mustuse ja tolmu eest. H\u00fcgieenilise mugavuse ja \u00f5rna une tagamiseks.<\/p>\n<p>Eksklusiivses koost\u00f6\u00f6s Coppenrath Verlagiga, saadaval ka p\u00f5nevates motiivides nagu printsess Roosa v\u00f5i Printsess Valge, hobused, Kapten Sharky, Pisilohe, J\u00e4nku v\u00f5i Dino maailm.<\/p>\n","protected":false},"featured_media":7405,"comment_status":"open","ping_status":"closed","template":"","meta":{"_monsterinsights_skip_tracking":false,"_monsterinsights_sitenote_active":false,"_monsterinsights_sitenote_note":"","_monsterinsights_sitenote_category":0},"product_brand":[],"product_cat":[92,512,271],"product_tag":[],"class_list":{"0":"post-7334","1":"product","2":"type-product","3":"status-publish","4":"has-post-thumbnail","6":"product_cat-padjad","7":"product_cat-padjapuurid-laste-patjadele","8":"product_cat-sleepcity-padjad","9":"pa_varv-dino-allosaurus","10":"pa_varv-hobustega-roosa","11":"pa_varv-janku","12":"pa_varv-kapten-sharky","13":"pa_varv-pisilohe","14":"pa_varv-printsess-roosa","15":"pa_varv-printsess-valge","16":"pa_varv-roosa","17":"pa_varv-tumehall","18":"pa_varv-tumesinine","20":"first","21":"instock","22":"taxable","23":"shipping-taxable","24":"purchasable","25":"product-type-variable"},"yoast_head":"<!-- This site is optimized with the Yoast SEO plugin v27.4 - https:\/\/yoast.com\/product\/yoast-seo-wordpress\/ -->\n<title>Smart\u00ae KIDS Comfort padjap\u00fc\u00fcr - SleepCity - Hea Une Valem<\/title>\n<meta name=\"description\" content=\"Hingavast puuvillast pehme ja nahas\u00f5bralik padjap\u00fc\u00fcr kohandub optimaalselt Smart\u00ae KIDS Comfort padja ergonoomilise kujuga ning tagab sellel lamades \u00f5rna tunde ja \u00f6\u00f6sel m\u00f5nusa \u00f5huringluse kehal. Vastupidav ja imav, ideaalne igap\u00e4evaseks kasutamiseks, et kaitsta patja higi, s\u00fclje, mustuse ja tolmu eest. H\u00fcgieenilise mugavuse ja \u00f5rna une tagamiseks.  Eksklusiivses koost\u00f6\u00f6s Coppenrath Verlagiga, saadaval ka p\u00f5nevates motiivides nagu printsess Roosa v\u00f5i Printsess Valge, hobused, Kapten Sharky, Pisilohe, J\u00e4nku v\u00f5i Dino maailm.\" \/>\n<meta name=\"robots\" content=\"index, follow, max-snippet:-1, max-image-preview:large, max-video-preview:-1\" \/>\n<link rel=\"canonical\" href=\"https:\/\/sleepcity.ee\/toode\/smart-kids-comfort-padjapuur\/\" \/>\n<meta property=\"og:locale\" content=\"et_EE\" \/>\n<meta property=\"og:type\" content=\"article\" \/>\n<meta property=\"og:title\" content=\"Smart\u00ae KIDS Comfort padjap\u00fc\u00fcr - SleepCity - Hea Une Valem\" \/>\n<meta property=\"og:description\" content=\"Hingavast puuvillast pehme ja nahas\u00f5bralik padjap\u00fc\u00fcr kohandub optimaalselt Smart\u00ae KIDS Comfort padja ergonoomilise kujuga ning tagab sellel lamades \u00f5rna tunde ja \u00f6\u00f6sel m\u00f5nusa \u00f5huringluse kehal. Vastupidav ja imav, ideaalne igap\u00e4evaseks kasutamiseks, et kaitsta patja higi, s\u00fclje, mustuse ja tolmu eest. H\u00fcgieenilise mugavuse ja \u00f5rna une tagamiseks.  Eksklusiivses koost\u00f6\u00f6s Coppenrath Verlagiga, saadaval ka p\u00f5nevates motiivides nagu printsess Roosa v\u00f5i Printsess Valge, hobused, Kapten Sharky, Pisilohe, J\u00e4nku v\u00f5i Dino maailm.\" \/>\n<meta property=\"og:url\" content=\"https:\/\/sleepcity.ee\/toode\/smart-kids-comfort-padjapuur\/\" \/>\n<meta property=\"og:site_name\" content=\"SleepCity - Hea Une Valem\" \/>\n<meta property=\"article:publisher\" content=\"http:\/\/www.fb.com\/TempurEstonia\" \/>\n<meta property=\"article:modified_time\" content=\"2025-05-23T16:20:24+00:00\" \/>\n<meta property=\"og:image\" content=\"https:\/\/sleepcity.ee\/wp-content\/uploads\/2024\/01\/220721_produktseite-kids-comfort-pillow-mood-alltag_800x.webp\" \/>\n\t<meta property=\"og:image:width\" content=\"800\" \/>\n\t<meta property=\"og:image:height\" content=\"533\" \/>\n\t<meta property=\"og:image:type\" content=\"image\/webp\" \/>\n<meta name=\"twitter:card\" content=\"summary_large_image\" \/>\n<meta name=\"twitter:label1\" content=\"Est. reading time\" \/>\n\t<meta name=\"twitter:data1\" content=\"1 minut\" \/>\n<script type=\"application\/ld+json\" class=\"yoast-schema-graph\">{\"@context\":\"https:\\\/\\\/schema.org\",\"@graph\":[{\"@type\":\"WebPage\",\"@id\":\"https:\\\/\\\/sleepcity.ee\\\/toode\\\/smart-kids-comfort-padjapuur\\\/\",\"url\":\"https:\\\/\\\/sleepcity.ee\\\/toode\\\/smart-kids-comfort-padjapuur\\\/\",\"name\":\"Smart\u00ae KIDS Comfort padjap\u00fc\u00fcr - SleepCity - Hea Une Valem\",\"isPartOf\":{\"@id\":\"https:\\\/\\\/sleepcity.ee\\\/#website\"},\"primaryImageOfPage\":{\"@id\":\"https:\\\/\\\/sleepcity.ee\\\/toode\\\/smart-kids-comfort-padjapuur\\\/#primaryimage\"},\"image\":{\"@id\":\"https:\\\/\\\/sleepcity.ee\\\/toode\\\/smart-kids-comfort-padjapuur\\\/#primaryimage\"},\"thumbnailUrl\":\"https:\\\/\\\/sleepcity.ee\\\/wp-content\\\/uploads\\\/2024\\\/01\\\/220721_produktseite-kids-comfort-pillow-mood-alltag_800x.webp\",\"datePublished\":\"2024-01-27T09:53:56+00:00\",\"dateModified\":\"2025-05-23T16:20:24+00:00\",\"description\":\"Hingavast puuvillast pehme ja nahas\u00f5bralik padjap\u00fc\u00fcr kohandub optimaalselt Smart\u00ae KIDS Comfort padja ergonoomilise kujuga ning tagab sellel lamades \u00f5rna tunde ja \u00f6\u00f6sel m\u00f5nusa \u00f5huringluse kehal. Vastupidav ja imav, ideaalne igap\u00e4evaseks kasutamiseks, et kaitsta patja higi, s\u00fclje, mustuse ja tolmu eest. H\u00fcgieenilise mugavuse ja \u00f5rna une tagamiseks. Eksklusiivses koost\u00f6\u00f6s Coppenrath Verlagiga, saadaval ka p\u00f5nevates motiivides nagu printsess Roosa v\u00f5i Printsess Valge, hobused, Kapten Sharky, Pisilohe, J\u00e4nku v\u00f5i Dino maailm.\",\"breadcrumb\":{\"@id\":\"https:\\\/\\\/sleepcity.ee\\\/toode\\\/smart-kids-comfort-padjapuur\\\/#breadcrumb\"},\"inLanguage\":\"et\",\"potentialAction\":[{\"@type\":\"ReadAction\",\"target\":[\"https:\\\/\\\/sleepcity.ee\\\/toode\\\/smart-kids-comfort-padjapuur\\\/\"]}]},{\"@type\":\"ImageObject\",\"inLanguage\":\"et\",\"@id\":\"https:\\\/\\\/sleepcity.ee\\\/toode\\\/smart-kids-comfort-padjapuur\\\/#primaryimage\",\"url\":\"https:\\\/\\\/sleepcity.ee\\\/wp-content\\\/uploads\\\/2024\\\/01\\\/220721_produktseite-kids-comfort-pillow-mood-alltag_800x.webp\",\"contentUrl\":\"https:\\\/\\\/sleepcity.ee\\\/wp-content\\\/uploads\\\/2024\\\/01\\\/220721_produktseite-kids-comfort-pillow-mood-alltag_800x.webp\",\"width\":800,\"height\":533},{\"@type\":\"BreadcrumbList\",\"@id\":\"https:\\\/\\\/sleepcity.ee\\\/toode\\\/smart-kids-comfort-padjapuur\\\/#breadcrumb\",\"itemListElement\":[{\"@type\":\"ListItem\",\"position\":1,\"name\":\"Home\",\"item\":\"https:\\\/\\\/sleepcity.ee\\\/\"},{\"@type\":\"ListItem\",\"position\":2,\"name\":\"Pood\",\"item\":\"https:\\\/\\\/sleepcity.ee\\\/pood\\\/\"},{\"@type\":\"ListItem\",\"position\":3,\"name\":\"Smart\u00ae KIDS Comfort padjap\u00fc\u00fcr\"}]},{\"@type\":\"WebSite\",\"@id\":\"https:\\\/\\\/sleepcity.ee\\\/#website\",\"url\":\"https:\\\/\\\/sleepcity.ee\\\/\",\"name\":\"Tempur Shop\",\"description\":\"TEMPUR madratsid, voodid, padjad ja muud unetooted.\",\"publisher\":{\"@id\":\"https:\\\/\\\/sleepcity.ee\\\/#organization\"},\"potentialAction\":[{\"@type\":\"SearchAction\",\"target\":{\"@type\":\"EntryPoint\",\"urlTemplate\":\"https:\\\/\\\/sleepcity.ee\\\/?s={search_term_string}\"},\"query-input\":{\"@type\":\"PropertyValueSpecification\",\"valueRequired\":true,\"valueName\":\"search_term_string\"}}],\"inLanguage\":\"et\"},{\"@type\":\"Organization\",\"@id\":\"https:\\\/\\\/sleepcity.ee\\\/#organization\",\"name\":\"VG Design O\u00dc\",\"url\":\"https:\\\/\\\/sleepcity.ee\\\/\",\"logo\":{\"@type\":\"ImageObject\",\"inLanguage\":\"et\",\"@id\":\"https:\\\/\\\/sleepcity.ee\\\/#\\\/schema\\\/logo\\\/image\\\/\",\"url\":\"https:\\\/\\\/sleepcity.ee\\\/wp-content\\\/uploads\\\/2023\\\/09\\\/sleepcity_logo.png\",\"contentUrl\":\"https:\\\/\\\/sleepcity.ee\\\/wp-content\\\/uploads\\\/2023\\\/09\\\/sleepcity_logo.png\",\"width\":1034,\"height\":318,\"caption\":\"VG Design O\u00dc\"},\"image\":{\"@id\":\"https:\\\/\\\/sleepcity.ee\\\/#\\\/schema\\\/logo\\\/image\\\/\"},\"sameAs\":[\"http:\\\/\\\/www.fb.com\\\/TempurEstonia\",\"http:\\\/\\\/www.instagram.com\\\/tempurestonia\"]}]}<\/script>\n<!-- \/ Yoast SEO plugin. -->","yoast_head_json":{"title":"Smart\u00ae KIDS Comfort padjap\u00fc\u00fcr - SleepCity - Hea Une Valem","description":"Hingavast puuvillast pehme ja nahas\u00f5bralik padjap\u00fc\u00fcr kohandub optimaalselt Smart\u00ae KIDS Comfort padja ergonoomilise kujuga ning tagab sellel lamades \u00f5rna tunde ja \u00f6\u00f6sel m\u00f5nusa \u00f5huringluse kehal. Vastupidav ja imav, ideaalne igap\u00e4evaseks kasutamiseks, et kaitsta patja higi, s\u00fclje, mustuse ja tolmu eest. H\u00fcgieenilise mugavuse ja \u00f5rna une tagamiseks.  Eksklusiivses koost\u00f6\u00f6s Coppenrath Verlagiga, saadaval ka p\u00f5nevates motiivides nagu printsess Roosa v\u00f5i Printsess Valge, hobused, Kapten Sharky, Pisilohe, J\u00e4nku v\u00f5i Dino maailm.","robots":{"index":"index","follow":"follow","max-snippet":"max-snippet:-1","max-image-preview":"max-image-preview:large","max-video-preview":"max-video-preview:-1"},"canonical":"https:\/\/sleepcity.ee\/toode\/smart-kids-comfort-padjapuur\/","og_locale":"et_EE","og_type":"article","og_title":"Smart\u00ae KIDS Comfort padjap\u00fc\u00fcr - SleepCity - Hea Une Valem","og_description":"Hingavast puuvillast pehme ja nahas\u00f5bralik padjap\u00fc\u00fcr kohandub optimaalselt Smart\u00ae KIDS Comfort padja ergonoomilise kujuga ning tagab sellel lamades \u00f5rna tunde ja \u00f6\u00f6sel m\u00f5nusa \u00f5huringluse kehal. Vastupidav ja imav, ideaalne igap\u00e4evaseks kasutamiseks, et kaitsta patja higi, s\u00fclje, mustuse ja tolmu eest. H\u00fcgieenilise mugavuse ja \u00f5rna une tagamiseks.  Eksklusiivses koost\u00f6\u00f6s Coppenrath Verlagiga, saadaval ka p\u00f5nevates motiivides nagu printsess Roosa v\u00f5i Printsess Valge, hobused, Kapten Sharky, Pisilohe, J\u00e4nku v\u00f5i Dino maailm.","og_url":"https:\/\/sleepcity.ee\/toode\/smart-kids-comfort-padjapuur\/","og_site_name":"SleepCity - Hea Une Valem","article_publisher":"http:\/\/www.fb.com\/TempurEstonia","article_modified_time":"2025-05-23T16:20:24+00:00","og_image":[{"width":800,"height":533,"url":"https:\/\/sleepcity.ee\/wp-content\/uploads\/2024\/01\/220721_produktseite-kids-comfort-pillow-mood-alltag_800x.webp","type":"image\/webp"}],"twitter_card":"summary_large_image","twitter_misc":{"Est. reading time":"1 minut"},"schema":{"@context":"https:\/\/schema.org","@graph":[{"@type":"WebPage","@id":"https:\/\/sleepcity.ee\/toode\/smart-kids-comfort-padjapuur\/","url":"https:\/\/sleepcity.ee\/toode\/smart-kids-comfort-padjapuur\/","name":"Smart\u00ae KIDS Comfort padjap\u00fc\u00fcr - SleepCity - Hea Une Valem","isPartOf":{"@id":"https:\/\/sleepcity.ee\/#website"},"primaryImageOfPage":{"@id":"https:\/\/sleepcity.ee\/toode\/smart-kids-comfort-padjapuur\/#primaryimage"},"image":{"@id":"https:\/\/sleepcity.ee\/toode\/smart-kids-comfort-padjapuur\/#primaryimage"},"thumbnailUrl":"https:\/\/sleepcity.ee\/wp-content\/uploads\/2024\/01\/220721_produktseite-kids-comfort-pillow-mood-alltag_800x.webp","datePublished":"2024-01-27T09:53:56+00:00","dateModified":"2025-05-23T16:20:24+00:00","description":"Hingavast puuvillast pehme ja nahas\u00f5bralik padjap\u00fc\u00fcr kohandub optimaalselt Smart\u00ae KIDS Comfort padja ergonoomilise kujuga ning tagab sellel lamades \u00f5rna tunde ja \u00f6\u00f6sel m\u00f5nusa \u00f5huringluse kehal. Vastupidav ja imav, ideaalne igap\u00e4evaseks kasutamiseks, et kaitsta patja higi, s\u00fclje, mustuse ja tolmu eest. H\u00fcgieenilise mugavuse ja \u00f5rna une tagamiseks. Eksklusiivses koost\u00f6\u00f6s Coppenrath Verlagiga, saadaval ka p\u00f5nevates motiivides nagu printsess Roosa v\u00f5i Printsess Valge, hobused, Kapten Sharky, Pisilohe, J\u00e4nku v\u00f5i Dino maailm.","breadcrumb":{"@id":"https:\/\/sleepcity.ee\/toode\/smart-kids-comfort-padjapuur\/#breadcrumb"},"inLanguage":"et","potentialAction":[{"@type":"ReadAction","target":["https:\/\/sleepcity.ee\/toode\/smart-kids-comfort-padjapuur\/"]}]},{"@type":"ImageObject","inLanguage":"et","@id":"https:\/\/sleepcity.ee\/toode\/smart-kids-comfort-padjapuur\/#primaryimage","url":"https:\/\/sleepcity.ee\/wp-content\/uploads\/2024\/01\/220721_produktseite-kids-comfort-pillow-mood-alltag_800x.webp","contentUrl":"https:\/\/sleepcity.ee\/wp-content\/uploads\/2024\/01\/220721_produktseite-kids-comfort-pillow-mood-alltag_800x.webp","width":800,"height":533},{"@type":"BreadcrumbList","@id":"https:\/\/sleepcity.ee\/toode\/smart-kids-comfort-padjapuur\/#breadcrumb","itemListElement":[{"@type":"ListItem","position":1,"name":"Home","item":"https:\/\/sleepcity.ee\/"},{"@type":"ListItem","position":2,"name":"Pood","item":"https:\/\/sleepcity.ee\/pood\/"},{"@type":"ListItem","position":3,"name":"Smart\u00ae KIDS Comfort padjap\u00fc\u00fcr"}]},{"@type":"WebSite","@id":"https:\/\/sleepcity.ee\/#website","url":"https:\/\/sleepcity.ee\/","name":"Tempur Shop","description":"TEMPUR madratsid, voodid, padjad ja muud unetooted.","publisher":{"@id":"https:\/\/sleepcity.ee\/#organization"},"potentialAction":[{"@type":"SearchAction","target":{"@type":"EntryPoint","urlTemplate":"https:\/\/sleepcity.ee\/?s={search_term_string}"},"query-input":{"@type":"PropertyValueSpecification","valueRequired":true,"valueName":"search_term_string"}}],"inLanguage":"et"},{"@type":"Organization","@id":"https:\/\/sleepcity.ee\/#organization","name":"VG Design O\u00dc","url":"https:\/\/sleepcity.ee\/","logo":{"@type":"ImageObject","inLanguage":"et","@id":"https:\/\/sleepcity.ee\/#\/schema\/logo\/image\/","url":"https:\/\/sleepcity.ee\/wp-content\/uploads\/2023\/09\/sleepcity_logo.png","contentUrl":"https:\/\/sleepcity.ee\/wp-content\/uploads\/2023\/09\/sleepcity_logo.png","width":1034,"height":318,"caption":"VG Design O\u00dc"},"image":{"@id":"https:\/\/sleepcity.ee\/#\/schema\/logo\/image\/"},"sameAs":["http:\/\/www.fb.com\/TempurEstonia","http:\/\/www.instagram.com\/tempurestonia"]}]}},"_links":{"self":[{"href":"https:\/\/www.sleepcity.ee\/wp-json\/wp\/v2\/product\/7334","targetHints":{"allow":["GET"]}}],"collection":[{"href":"https:\/\/www.sleepcity.ee\/wp-json\/wp\/v2\/product"}],"about":[{"href":"https:\/\/www.sleepcity.ee\/wp-json\/wp\/v2\/types\/product"}],"replies":[{"embeddable":true,"href":"https:\/\/www.sleepcity.ee\/wp-json\/wp\/v2\/comments?post=7334"}],"wp:featuredmedia":[{"embeddable":true,"href":"https:\/\/www.sleepcity.ee\/wp-json\/wp\/v2\/media\/7405"}],"wp:attachment":[{"href":"https:\/\/www.sleepcity.ee\/wp-json\/wp\/v2\/media?parent=7334"}],"wp:term":[{"taxonomy":"product_brand","embeddable":true,"href":"https:\/\/www.sleepcity.ee\/wp-json\/wp\/v2\/product_brand?post=7334"},{"taxonomy":"product_cat","embeddable":true,"href":"https:\/\/www.sleepcity.ee\/wp-json\/wp\/v2\/product_cat?post=7334"},{"taxonomy":"product_tag","embeddable":true,"href":"https:\/\/www.sleepcity.ee\/wp-json\/wp\/v2\/product_tag?post=7334"}],"curies":[{"name":"wp","href":"https:\/\/api.w.org\/{rel}","templated":true}]}}