{"id":7123,"date":"2023-11-16T11:59:33","date_gmt":"2023-11-16T11:59:33","guid":{"rendered":"https:\/\/sleepcity.ee\/?post_type=product&#038;p=7123"},"modified":"2023-11-16T12:22:01","modified_gmt":"2023-11-16T12:22:01","slug":"woodwick-kuunal-large-klaasis","status":"publish","type":"product","link":"https:\/\/www.sleepcity.ee\/toode\/woodwick-kuunal-large-klaasis\/","title":{"rendered":"WoodWick k\u00fc\u00fcnal Large klaasis"},"content":{"rendered":"<p>Erinevate aroomidega\u00a0 WoodWicki Large\u00a0 k\u00fc\u00fcnal valgustab mitte ainult ruumi, vaid ka sinu meeli, tuues sinuni elamuse, mis j\u00e4\u00e4b meelde. Koge ainulaadset l\u00f5hnav\u00f5lu, mis s\u00fctitab su meeled ja loob unustamatu \u00f5hkkonna. Vali aroom ja naudi \u00f5htuid WW Large suuruses k\u00fc\u00fcnla valguses.<\/p>\n<table class=\"attribute\" style=\"height: 120px;\" width=\"405\">\n<tbody>\n<tr>\n<td>Kaal (g)<\/td>\n<td>609,5<\/td>\n<\/tr>\n<tr>\n<td>M\u00f5\u00f5dud mm (pikkus x laius x k\u00f5rgus)<\/td>\n<td>105x105x170<\/td>\n<\/tr>\n<tr>\n<td>P\u00f5lemisaeg (h)<\/td>\n<td>110-120<\/td>\n<\/tr>\n<tr>\n<td>V\u00e4rv<\/td>\n<td>erinevad<\/td>\n<\/tr>\n<\/tbody>\n<\/table>\n","protected":false},"excerpt":{"rendered":"<p>Tervita oma meeli meie eksklusiivse k\u00fc\u00fcnlakunsti maailmas, kus iga l\u00f5hn on loodud puhtast armastusest ja hoolest, kasutades ainult k\u00f5ige hinnalisemaid koostisosi. Meie eesm\u00e4rk on pakkuda sulle mitte ainult l\u00f5hna, vaid t\u00f5elist elamust.<\/p>\n<p>Astume avastusretkele meie patenteeritud Hearthwick Flame&#8217;i puidust tahtiga, mis muudab k\u00fc\u00fcnla s\u00fc\u00fctamise t\u00f5eliseks kunstiteoseks. See mitte ainult loob pikalt tantsiva leegi, vaid toob esile ka iseloomuliku s\u00e4ra, luues sellega ruumi \u00fcmbritseva keeruka kaminatunde. See ei ole pelgalt k\u00fc\u00fcnal; see on l\u00f5hnade poeesia, mis tantsib \u00f5hus, vallutades ruumi s\u00fcgava ja meeldej\u00e4\u00e4va aroomiga.<\/p>\n<p>Kohtu meie ainulaadse Large-suuruses klaasanumaga, mis on nagu iseseisev kunstiteos. See mitte ainult ei r\u00f5\u00f5musta silma, vaid v\u00f5imaldab ka suuremat vahakogumit, t\u00e4iendades sinu kogemust meie k\u00fc\u00fcnaldega. Tulemus? Tugevam, rikkalikum ja kaasakiskuvam l\u00f5hnaelamus, mis haarab sind endasse hetkest, mil k\u00fc\u00fcnla s\u00fc\u00fctad.<\/p>\n<p>Meie k\u00fc\u00fcnlad valmivad vaid parimast esmaklassilisest soja ja parafiini segust, tagades sulle ainulaadse ja kvaliteetse elamuse. Nende koostisosade t\u00e4iuslik s\u00fcnergia avaldub meie k\u00e4sit\u00f6\u00f6lises l\u00e4henemises, pakkudes sulle rohkemat kui lihtsalt k\u00fc\u00fcnal \u2013 see on l\u00f5hnade kunstiteos, mis jutustab omaenda lugu.<\/p>\n","protected":false},"featured_media":7146,"comment_status":"open","ping_status":"closed","template":"","meta":{"_monsterinsights_skip_tracking":false,"_monsterinsights_sitenote_active":false,"_monsterinsights_sitenote_note":"","_monsterinsights_sitenote_category":0},"product_brand":[],"product_cat":[275,272],"product_tag":[],"class_list":{"0":"post-7123","1":"product","2":"type-product","3":"status-publish","4":"has-post-thumbnail","6":"product_cat-kuunlad","7":"product_cat-meeleolu","9":"first","10":"instock","11":"taxable","12":"shipping-taxable","13":"purchasable","14":"product-type-variable"},"yoast_head":"<!-- This site is optimized with the Yoast SEO plugin v27.3 - https:\/\/yoast.com\/product\/yoast-seo-wordpress\/ -->\n<title>WoodWick k\u00fc\u00fcnal Large klaasis - SleepCity - Hea Une Valem<\/title>\n<meta name=\"description\" content=\"Tervita oma meeli meie eksklusiivse k\u00fc\u00fcnlakunsti maailmas, kus iga l\u00f5hn on loodud puhtast armastusest ja hoolest, kasutades ainult k\u00f5ige hinnalisemaid koostisosi. Meie eesm\u00e4rk on pakkuda sulle mitte ainult l\u00f5hna, vaid t\u00f5elist elamust.  Astume avastusretkele meie patenteeritud Hearthwick Flame&#039;i puidust tahtiga, mis muudab k\u00fc\u00fcnla s\u00fc\u00fctamise t\u00f5eliseks kunstiteoseks. See mitte ainult loob pikalt tantsiva leegi, vaid toob esile ka iseloomuliku s\u00e4ra, luues sellega ruumi \u00fcmbritseva keeruka kaminatunde. See ei ole pelgalt k\u00fc\u00fcnal; see on l\u00f5hnade poeesia, mis tantsib \u00f5hus, vallutades ruumi s\u00fcgava ja meeldej\u00e4\u00e4va aroomiga.  Kohtu meie ainulaadse Large-suuruses klaasanumaga, mis on nagu iseseisev kunstiteos. See mitte ainult ei r\u00f5\u00f5musta silma, vaid v\u00f5imaldab ka suuremat vahakogumit, t\u00e4iendades sinu kogemust meie k\u00fc\u00fcnaldega. Tulemus? Tugevam, rikkalikum ja kaasakiskuvam l\u00f5hnaelamus, mis haarab sind endasse hetkest, mil k\u00fc\u00fcnla s\u00fc\u00fctad.  Meie k\u00fc\u00fcnlad valmivad vaid parimast esmaklassilisest soja ja parafiini segust, tagades sulle ainulaadse ja kvaliteetse elamuse. Nende koostisosade t\u00e4iuslik s\u00fcnergia avaldub meie k\u00e4sit\u00f6\u00f6lises l\u00e4henemises, pakkudes sulle rohkemat kui lihtsalt k\u00fc\u00fcnal \u2013 see on l\u00f5hnade kunstiteos, mis jutustab omaenda lugu.\" \/>\n<meta name=\"robots\" content=\"index, follow, max-snippet:-1, max-image-preview:large, max-video-preview:-1\" \/>\n<link rel=\"canonical\" href=\"https:\/\/sleepcity.ee\/toode\/woodwick-kuunal-large-klaasis\/\" \/>\n<meta property=\"og:locale\" content=\"et_EE\" \/>\n<meta property=\"og:type\" content=\"article\" \/>\n<meta property=\"og:title\" content=\"WoodWick k\u00fc\u00fcnal Large klaasis - SleepCity - Hea Une Valem\" \/>\n<meta property=\"og:description\" content=\"Tervita oma meeli meie eksklusiivse k\u00fc\u00fcnlakunsti maailmas, kus iga l\u00f5hn on loodud puhtast armastusest ja hoolest, kasutades ainult k\u00f5ige hinnalisemaid koostisosi. Meie eesm\u00e4rk on pakkuda sulle mitte ainult l\u00f5hna, vaid t\u00f5elist elamust.  Astume avastusretkele meie patenteeritud Hearthwick Flame&#039;i puidust tahtiga, mis muudab k\u00fc\u00fcnla s\u00fc\u00fctamise t\u00f5eliseks kunstiteoseks. See mitte ainult loob pikalt tantsiva leegi, vaid toob esile ka iseloomuliku s\u00e4ra, luues sellega ruumi \u00fcmbritseva keeruka kaminatunde. See ei ole pelgalt k\u00fc\u00fcnal; see on l\u00f5hnade poeesia, mis tantsib \u00f5hus, vallutades ruumi s\u00fcgava ja meeldej\u00e4\u00e4va aroomiga.  Kohtu meie ainulaadse Large-suuruses klaasanumaga, mis on nagu iseseisev kunstiteos. See mitte ainult ei r\u00f5\u00f5musta silma, vaid v\u00f5imaldab ka suuremat vahakogumit, t\u00e4iendades sinu kogemust meie k\u00fc\u00fcnaldega. Tulemus? Tugevam, rikkalikum ja kaasakiskuvam l\u00f5hnaelamus, mis haarab sind endasse hetkest, mil k\u00fc\u00fcnla s\u00fc\u00fctad.  Meie k\u00fc\u00fcnlad valmivad vaid parimast esmaklassilisest soja ja parafiini segust, tagades sulle ainulaadse ja kvaliteetse elamuse. Nende koostisosade t\u00e4iuslik s\u00fcnergia avaldub meie k\u00e4sit\u00f6\u00f6lises l\u00e4henemises, pakkudes sulle rohkemat kui lihtsalt k\u00fc\u00fcnal \u2013 see on l\u00f5hnade kunstiteos, mis jutustab omaenda lugu.\" \/>\n<meta property=\"og:url\" content=\"https:\/\/sleepcity.ee\/toode\/woodwick-kuunal-large-klaasis\/\" \/>\n<meta property=\"og:site_name\" content=\"SleepCity - Hea Une Valem\" \/>\n<meta property=\"article:publisher\" content=\"http:\/\/www.fb.com\/TempurEstonia\" \/>\n<meta property=\"article:modified_time\" content=\"2023-11-16T12:22:01+00:00\" \/>\n<meta property=\"og:image\" content=\"https:\/\/sleepcity.ee\/wp-content\/uploads\/2023\/11\/fireside-large-hourglass-jar-candle-p13636-22796_image.jpg\" \/>\n\t<meta property=\"og:image:width\" content=\"1000\" \/>\n\t<meta property=\"og:image:height\" content=\"1000\" \/>\n\t<meta property=\"og:image:type\" content=\"image\/jpeg\" \/>\n<meta name=\"twitter:card\" content=\"summary_large_image\" \/>\n<script type=\"application\/ld+json\" class=\"yoast-schema-graph\">{\"@context\":\"https:\\\/\\\/schema.org\",\"@graph\":[{\"@type\":\"WebPage\",\"@id\":\"https:\\\/\\\/sleepcity.ee\\\/toode\\\/woodwick-kuunal-large-klaasis\\\/\",\"url\":\"https:\\\/\\\/sleepcity.ee\\\/toode\\\/woodwick-kuunal-large-klaasis\\\/\",\"name\":\"WoodWick k\u00fc\u00fcnal Large klaasis - SleepCity - Hea Une Valem\",\"isPartOf\":{\"@id\":\"https:\\\/\\\/sleepcity.ee\\\/#website\"},\"primaryImageOfPage\":{\"@id\":\"https:\\\/\\\/sleepcity.ee\\\/toode\\\/woodwick-kuunal-large-klaasis\\\/#primaryimage\"},\"image\":{\"@id\":\"https:\\\/\\\/sleepcity.ee\\\/toode\\\/woodwick-kuunal-large-klaasis\\\/#primaryimage\"},\"thumbnailUrl\":\"https:\\\/\\\/www.sleepcity.ee\\\/wp-content\\\/uploads\\\/2023\\\/11\\\/fireside-large-hourglass-jar-candle-p13636-22796_image.jpg\",\"datePublished\":\"2023-11-16T11:59:33+00:00\",\"dateModified\":\"2023-11-16T12:22:01+00:00\",\"description\":\"Tervita oma meeli meie eksklusiivse k\u00fc\u00fcnlakunsti maailmas, kus iga l\u00f5hn on loodud puhtast armastusest ja hoolest, kasutades ainult k\u00f5ige hinnalisemaid koostisosi. Meie eesm\u00e4rk on pakkuda sulle mitte ainult l\u00f5hna, vaid t\u00f5elist elamust. Astume avastusretkele meie patenteeritud Hearthwick Flame'i puidust tahtiga, mis muudab k\u00fc\u00fcnla s\u00fc\u00fctamise t\u00f5eliseks kunstiteoseks. See mitte ainult loob pikalt tantsiva leegi, vaid toob esile ka iseloomuliku s\u00e4ra, luues sellega ruumi \u00fcmbritseva keeruka kaminatunde. See ei ole pelgalt k\u00fc\u00fcnal; see on l\u00f5hnade poeesia, mis tantsib \u00f5hus, vallutades ruumi s\u00fcgava ja meeldej\u00e4\u00e4va aroomiga. Kohtu meie ainulaadse Large-suuruses klaasanumaga, mis on nagu iseseisev kunstiteos. See mitte ainult ei r\u00f5\u00f5musta silma, vaid v\u00f5imaldab ka suuremat vahakogumit, t\u00e4iendades sinu kogemust meie k\u00fc\u00fcnaldega. Tulemus? Tugevam, rikkalikum ja kaasakiskuvam l\u00f5hnaelamus, mis haarab sind endasse hetkest, mil k\u00fc\u00fcnla s\u00fc\u00fctad. Meie k\u00fc\u00fcnlad valmivad vaid parimast esmaklassilisest soja ja parafiini segust, tagades sulle ainulaadse ja kvaliteetse elamuse. Nende koostisosade t\u00e4iuslik s\u00fcnergia avaldub meie k\u00e4sit\u00f6\u00f6lises l\u00e4henemises, pakkudes sulle rohkemat kui lihtsalt k\u00fc\u00fcnal \u2013 see on l\u00f5hnade kunstiteos, mis jutustab omaenda lugu.\",\"breadcrumb\":{\"@id\":\"https:\\\/\\\/sleepcity.ee\\\/toode\\\/woodwick-kuunal-large-klaasis\\\/#breadcrumb\"},\"inLanguage\":\"et\",\"potentialAction\":[{\"@type\":\"ReadAction\",\"target\":[\"https:\\\/\\\/sleepcity.ee\\\/toode\\\/woodwick-kuunal-large-klaasis\\\/\"]}]},{\"@type\":\"ImageObject\",\"inLanguage\":\"et\",\"@id\":\"https:\\\/\\\/sleepcity.ee\\\/toode\\\/woodwick-kuunal-large-klaasis\\\/#primaryimage\",\"url\":\"https:\\\/\\\/www.sleepcity.ee\\\/wp-content\\\/uploads\\\/2023\\\/11\\\/fireside-large-hourglass-jar-candle-p13636-22796_image.jpg\",\"contentUrl\":\"https:\\\/\\\/www.sleepcity.ee\\\/wp-content\\\/uploads\\\/2023\\\/11\\\/fireside-large-hourglass-jar-candle-p13636-22796_image.jpg\",\"width\":1000,\"height\":1000},{\"@type\":\"BreadcrumbList\",\"@id\":\"https:\\\/\\\/sleepcity.ee\\\/toode\\\/woodwick-kuunal-large-klaasis\\\/#breadcrumb\",\"itemListElement\":[{\"@type\":\"ListItem\",\"position\":1,\"name\":\"Home\",\"item\":\"https:\\\/\\\/www.sleepcity.ee\\\/\"},{\"@type\":\"ListItem\",\"position\":2,\"name\":\"Pood\",\"item\":\"https:\\\/\\\/sleepcity.ee\\\/pood\\\/\"},{\"@type\":\"ListItem\",\"position\":3,\"name\":\"WoodWick k\u00fc\u00fcnal Large klaasis\"}]},{\"@type\":\"WebSite\",\"@id\":\"https:\\\/\\\/sleepcity.ee\\\/#website\",\"url\":\"https:\\\/\\\/sleepcity.ee\\\/\",\"name\":\"Tempur Shop\",\"description\":\"TEMPUR madratsid, voodid, padjad ja muud unetooted.\",\"publisher\":{\"@id\":\"https:\\\/\\\/sleepcity.ee\\\/#organization\"},\"potentialAction\":[{\"@type\":\"SearchAction\",\"target\":{\"@type\":\"EntryPoint\",\"urlTemplate\":\"https:\\\/\\\/sleepcity.ee\\\/?s={search_term_string}\"},\"query-input\":{\"@type\":\"PropertyValueSpecification\",\"valueRequired\":true,\"valueName\":\"search_term_string\"}}],\"inLanguage\":\"et\"},{\"@type\":\"Organization\",\"@id\":\"https:\\\/\\\/sleepcity.ee\\\/#organization\",\"name\":\"VG Design O\u00dc\",\"url\":\"https:\\\/\\\/sleepcity.ee\\\/\",\"logo\":{\"@type\":\"ImageObject\",\"inLanguage\":\"et\",\"@id\":\"https:\\\/\\\/sleepcity.ee\\\/#\\\/schema\\\/logo\\\/image\\\/\",\"url\":\"https:\\\/\\\/www.sleepcity.ee\\\/wp-content\\\/uploads\\\/2023\\\/09\\\/sleepcity_logo.png\",\"contentUrl\":\"https:\\\/\\\/www.sleepcity.ee\\\/wp-content\\\/uploads\\\/2023\\\/09\\\/sleepcity_logo.png\",\"width\":1034,\"height\":318,\"caption\":\"VG Design O\u00dc\"},\"image\":{\"@id\":\"https:\\\/\\\/sleepcity.ee\\\/#\\\/schema\\\/logo\\\/image\\\/\"},\"sameAs\":[\"http:\\\/\\\/www.fb.com\\\/TempurEstonia\",\"http:\\\/\\\/www.instagram.com\\\/tempurestonia\"]}]}<\/script>\n<!-- \/ Yoast SEO plugin. -->","yoast_head_json":{"title":"WoodWick k\u00fc\u00fcnal Large klaasis - SleepCity - Hea Une Valem","description":"Tervita oma meeli meie eksklusiivse k\u00fc\u00fcnlakunsti maailmas, kus iga l\u00f5hn on loodud puhtast armastusest ja hoolest, kasutades ainult k\u00f5ige hinnalisemaid koostisosi. Meie eesm\u00e4rk on pakkuda sulle mitte ainult l\u00f5hna, vaid t\u00f5elist elamust.  Astume avastusretkele meie patenteeritud Hearthwick Flame'i puidust tahtiga, mis muudab k\u00fc\u00fcnla s\u00fc\u00fctamise t\u00f5eliseks kunstiteoseks. See mitte ainult loob pikalt tantsiva leegi, vaid toob esile ka iseloomuliku s\u00e4ra, luues sellega ruumi \u00fcmbritseva keeruka kaminatunde. See ei ole pelgalt k\u00fc\u00fcnal; see on l\u00f5hnade poeesia, mis tantsib \u00f5hus, vallutades ruumi s\u00fcgava ja meeldej\u00e4\u00e4va aroomiga.  Kohtu meie ainulaadse Large-suuruses klaasanumaga, mis on nagu iseseisev kunstiteos. See mitte ainult ei r\u00f5\u00f5musta silma, vaid v\u00f5imaldab ka suuremat vahakogumit, t\u00e4iendades sinu kogemust meie k\u00fc\u00fcnaldega. Tulemus? Tugevam, rikkalikum ja kaasakiskuvam l\u00f5hnaelamus, mis haarab sind endasse hetkest, mil k\u00fc\u00fcnla s\u00fc\u00fctad.  Meie k\u00fc\u00fcnlad valmivad vaid parimast esmaklassilisest soja ja parafiini segust, tagades sulle ainulaadse ja kvaliteetse elamuse. Nende koostisosade t\u00e4iuslik s\u00fcnergia avaldub meie k\u00e4sit\u00f6\u00f6lises l\u00e4henemises, pakkudes sulle rohkemat kui lihtsalt k\u00fc\u00fcnal \u2013 see on l\u00f5hnade kunstiteos, mis jutustab omaenda lugu.","robots":{"index":"index","follow":"follow","max-snippet":"max-snippet:-1","max-image-preview":"max-image-preview:large","max-video-preview":"max-video-preview:-1"},"canonical":"https:\/\/sleepcity.ee\/toode\/woodwick-kuunal-large-klaasis\/","og_locale":"et_EE","og_type":"article","og_title":"WoodWick k\u00fc\u00fcnal Large klaasis - SleepCity - Hea Une Valem","og_description":"Tervita oma meeli meie eksklusiivse k\u00fc\u00fcnlakunsti maailmas, kus iga l\u00f5hn on loodud puhtast armastusest ja hoolest, kasutades ainult k\u00f5ige hinnalisemaid koostisosi. Meie eesm\u00e4rk on pakkuda sulle mitte ainult l\u00f5hna, vaid t\u00f5elist elamust.  Astume avastusretkele meie patenteeritud Hearthwick Flame'i puidust tahtiga, mis muudab k\u00fc\u00fcnla s\u00fc\u00fctamise t\u00f5eliseks kunstiteoseks. See mitte ainult loob pikalt tantsiva leegi, vaid toob esile ka iseloomuliku s\u00e4ra, luues sellega ruumi \u00fcmbritseva keeruka kaminatunde. See ei ole pelgalt k\u00fc\u00fcnal; see on l\u00f5hnade poeesia, mis tantsib \u00f5hus, vallutades ruumi s\u00fcgava ja meeldej\u00e4\u00e4va aroomiga.  Kohtu meie ainulaadse Large-suuruses klaasanumaga, mis on nagu iseseisev kunstiteos. See mitte ainult ei r\u00f5\u00f5musta silma, vaid v\u00f5imaldab ka suuremat vahakogumit, t\u00e4iendades sinu kogemust meie k\u00fc\u00fcnaldega. Tulemus? Tugevam, rikkalikum ja kaasakiskuvam l\u00f5hnaelamus, mis haarab sind endasse hetkest, mil k\u00fc\u00fcnla s\u00fc\u00fctad.  Meie k\u00fc\u00fcnlad valmivad vaid parimast esmaklassilisest soja ja parafiini segust, tagades sulle ainulaadse ja kvaliteetse elamuse. Nende koostisosade t\u00e4iuslik s\u00fcnergia avaldub meie k\u00e4sit\u00f6\u00f6lises l\u00e4henemises, pakkudes sulle rohkemat kui lihtsalt k\u00fc\u00fcnal \u2013 see on l\u00f5hnade kunstiteos, mis jutustab omaenda lugu.","og_url":"https:\/\/sleepcity.ee\/toode\/woodwick-kuunal-large-klaasis\/","og_site_name":"SleepCity - Hea Une Valem","article_publisher":"http:\/\/www.fb.com\/TempurEstonia","article_modified_time":"2023-11-16T12:22:01+00:00","og_image":[{"width":1000,"height":1000,"url":"https:\/\/sleepcity.ee\/wp-content\/uploads\/2023\/11\/fireside-large-hourglass-jar-candle-p13636-22796_image.jpg","type":"image\/jpeg"}],"twitter_card":"summary_large_image","schema":{"@context":"https:\/\/schema.org","@graph":[{"@type":"WebPage","@id":"https:\/\/sleepcity.ee\/toode\/woodwick-kuunal-large-klaasis\/","url":"https:\/\/sleepcity.ee\/toode\/woodwick-kuunal-large-klaasis\/","name":"WoodWick k\u00fc\u00fcnal Large klaasis - SleepCity - Hea Une Valem","isPartOf":{"@id":"https:\/\/sleepcity.ee\/#website"},"primaryImageOfPage":{"@id":"https:\/\/sleepcity.ee\/toode\/woodwick-kuunal-large-klaasis\/#primaryimage"},"image":{"@id":"https:\/\/sleepcity.ee\/toode\/woodwick-kuunal-large-klaasis\/#primaryimage"},"thumbnailUrl":"https:\/\/www.sleepcity.ee\/wp-content\/uploads\/2023\/11\/fireside-large-hourglass-jar-candle-p13636-22796_image.jpg","datePublished":"2023-11-16T11:59:33+00:00","dateModified":"2023-11-16T12:22:01+00:00","description":"Tervita oma meeli meie eksklusiivse k\u00fc\u00fcnlakunsti maailmas, kus iga l\u00f5hn on loodud puhtast armastusest ja hoolest, kasutades ainult k\u00f5ige hinnalisemaid koostisosi. Meie eesm\u00e4rk on pakkuda sulle mitte ainult l\u00f5hna, vaid t\u00f5elist elamust. Astume avastusretkele meie patenteeritud Hearthwick Flame'i puidust tahtiga, mis muudab k\u00fc\u00fcnla s\u00fc\u00fctamise t\u00f5eliseks kunstiteoseks. See mitte ainult loob pikalt tantsiva leegi, vaid toob esile ka iseloomuliku s\u00e4ra, luues sellega ruumi \u00fcmbritseva keeruka kaminatunde. See ei ole pelgalt k\u00fc\u00fcnal; see on l\u00f5hnade poeesia, mis tantsib \u00f5hus, vallutades ruumi s\u00fcgava ja meeldej\u00e4\u00e4va aroomiga. Kohtu meie ainulaadse Large-suuruses klaasanumaga, mis on nagu iseseisev kunstiteos. See mitte ainult ei r\u00f5\u00f5musta silma, vaid v\u00f5imaldab ka suuremat vahakogumit, t\u00e4iendades sinu kogemust meie k\u00fc\u00fcnaldega. Tulemus? Tugevam, rikkalikum ja kaasakiskuvam l\u00f5hnaelamus, mis haarab sind endasse hetkest, mil k\u00fc\u00fcnla s\u00fc\u00fctad. Meie k\u00fc\u00fcnlad valmivad vaid parimast esmaklassilisest soja ja parafiini segust, tagades sulle ainulaadse ja kvaliteetse elamuse. Nende koostisosade t\u00e4iuslik s\u00fcnergia avaldub meie k\u00e4sit\u00f6\u00f6lises l\u00e4henemises, pakkudes sulle rohkemat kui lihtsalt k\u00fc\u00fcnal \u2013 see on l\u00f5hnade kunstiteos, mis jutustab omaenda lugu.","breadcrumb":{"@id":"https:\/\/sleepcity.ee\/toode\/woodwick-kuunal-large-klaasis\/#breadcrumb"},"inLanguage":"et","potentialAction":[{"@type":"ReadAction","target":["https:\/\/sleepcity.ee\/toode\/woodwick-kuunal-large-klaasis\/"]}]},{"@type":"ImageObject","inLanguage":"et","@id":"https:\/\/sleepcity.ee\/toode\/woodwick-kuunal-large-klaasis\/#primaryimage","url":"https:\/\/www.sleepcity.ee\/wp-content\/uploads\/2023\/11\/fireside-large-hourglass-jar-candle-p13636-22796_image.jpg","contentUrl":"https:\/\/www.sleepcity.ee\/wp-content\/uploads\/2023\/11\/fireside-large-hourglass-jar-candle-p13636-22796_image.jpg","width":1000,"height":1000},{"@type":"BreadcrumbList","@id":"https:\/\/sleepcity.ee\/toode\/woodwick-kuunal-large-klaasis\/#breadcrumb","itemListElement":[{"@type":"ListItem","position":1,"name":"Home","item":"https:\/\/www.sleepcity.ee\/"},{"@type":"ListItem","position":2,"name":"Pood","item":"https:\/\/sleepcity.ee\/pood\/"},{"@type":"ListItem","position":3,"name":"WoodWick k\u00fc\u00fcnal Large klaasis"}]},{"@type":"WebSite","@id":"https:\/\/sleepcity.ee\/#website","url":"https:\/\/sleepcity.ee\/","name":"Tempur Shop","description":"TEMPUR madratsid, voodid, padjad ja muud unetooted.","publisher":{"@id":"https:\/\/sleepcity.ee\/#organization"},"potentialAction":[{"@type":"SearchAction","target":{"@type":"EntryPoint","urlTemplate":"https:\/\/sleepcity.ee\/?s={search_term_string}"},"query-input":{"@type":"PropertyValueSpecification","valueRequired":true,"valueName":"search_term_string"}}],"inLanguage":"et"},{"@type":"Organization","@id":"https:\/\/sleepcity.ee\/#organization","name":"VG Design O\u00dc","url":"https:\/\/sleepcity.ee\/","logo":{"@type":"ImageObject","inLanguage":"et","@id":"https:\/\/sleepcity.ee\/#\/schema\/logo\/image\/","url":"https:\/\/www.sleepcity.ee\/wp-content\/uploads\/2023\/09\/sleepcity_logo.png","contentUrl":"https:\/\/www.sleepcity.ee\/wp-content\/uploads\/2023\/09\/sleepcity_logo.png","width":1034,"height":318,"caption":"VG Design O\u00dc"},"image":{"@id":"https:\/\/sleepcity.ee\/#\/schema\/logo\/image\/"},"sameAs":["http:\/\/www.fb.com\/TempurEstonia","http:\/\/www.instagram.com\/tempurestonia"]}]}},"_links":{"self":[{"href":"https:\/\/www.sleepcity.ee\/wp-json\/wp\/v2\/product\/7123","targetHints":{"allow":["GET"]}}],"collection":[{"href":"https:\/\/www.sleepcity.ee\/wp-json\/wp\/v2\/product"}],"about":[{"href":"https:\/\/www.sleepcity.ee\/wp-json\/wp\/v2\/types\/product"}],"replies":[{"embeddable":true,"href":"https:\/\/www.sleepcity.ee\/wp-json\/wp\/v2\/comments?post=7123"}],"wp:featuredmedia":[{"embeddable":true,"href":"https:\/\/www.sleepcity.ee\/wp-json\/wp\/v2\/media\/7146"}],"wp:attachment":[{"href":"https:\/\/www.sleepcity.ee\/wp-json\/wp\/v2\/media?parent=7123"}],"wp:term":[{"taxonomy":"product_brand","embeddable":true,"href":"https:\/\/www.sleepcity.ee\/wp-json\/wp\/v2\/product_brand?post=7123"},{"taxonomy":"product_cat","embeddable":true,"href":"https:\/\/www.sleepcity.ee\/wp-json\/wp\/v2\/product_cat?post=7123"},{"taxonomy":"product_tag","embeddable":true,"href":"https:\/\/www.sleepcity.ee\/wp-json\/wp\/v2\/product_tag?post=7123"}],"curies":[{"name":"wp","href":"https:\/\/api.w.org\/{rel}","templated":true}]}}