{"id":7037,"date":"2023-11-16T10:15:03","date_gmt":"2023-11-16T10:15:03","guid":{"rendered":"https:\/\/sleepcity.ee\/?post_type=product&#038;p=7037"},"modified":"2023-11-16T11:58:38","modified_gmt":"2023-11-16T11:58:38","slug":"woodwick-kuunal-mini-klaasis","status":"publish","type":"product","link":"https:\/\/www.sleepcity.ee\/toode\/woodwick-kuunal-mini-klaasis\/","title":{"rendered":"WoodWick k\u00fc\u00fcnal Mini klaasis"},"content":{"rendered":"<p>Erinevate aroomidega\u00a0 WoodWicki Mini k\u00fc\u00fcnal valgustab mitte ainult ruumi, vaid ka sinu meeli, tuues sinuni elamuse, mis j\u00e4\u00e4b meelde. Koge ainulaadset l\u00f5hnav\u00f5lu, mis s\u00fctitab su meeled ja loob unustamatu \u00f5hkkonna. V\u00f5id kombineerida erinevaid l\u00f5hnu, et tuua tuppa t\u00e4iuslik aroom.<\/p>\n<p>Vali aroom ja naudi \u00f5htuid WW Mini k\u00fc\u00fcnla valguses.<\/p>\n<table class=\"attribute\">\n<tbody>\n<tr>\n<td>Kaal (g)<\/td>\n<td>85<\/td>\n<\/tr>\n<tr>\n<td>M\u00f5\u00f5dud mm (pikkus x laius x k\u00f5rgus)<\/td>\n<td>70x70x80<\/td>\n<\/tr>\n<tr>\n<td>P\u00f5lemisaeg (h)<\/td>\n<td>40<\/td>\n<\/tr>\n<\/tbody>\n<\/table>\n","protected":false},"excerpt":{"rendered":"<p>Tervita oma meeli meie ainulaadse k\u00fc\u00fcnlakunsti maailmas, kus iga l\u00f5hn on loodud armastuse ja hoolikusega, kasutades vaid parimaid koostisosi. Meie eesm\u00e4rk on pakkuda sulle mitte lihtsalt l\u00f5hna, vaid t\u00f5elist elamust.<\/p>\n<p>Avasta meie patenteeritud Hearthwick Flame&#8217;i puidust taht, mis muudab k\u00fc\u00fcnla s\u00fc\u00fctamise kunstiks.<\/p>\n<p>See mitte ainult ei loo pika tantsiva leegi, vaid toob esile ka iseloomuliku s\u00e4risemise, luues sellega ruumi \u00fcmbritseva keeruka kaminatunde. See pole lihtsalt k\u00fc\u00fcnal; see on l\u00f5hnade poeesia, mis tantsib \u00f5hus, vallutades ruumi s\u00fcgava ja meeldej\u00e4\u00e4va aroomiga.<\/p>\n<p>Kohtu meie unikaalse Mini-kujulise anumaga, mis on kui kunstiteos omaette. See mitte ainult ei paku silmailu, vaid v\u00f5imaldab ka vahakogumit, rikastades sellega sinu kogemust meie k\u00fc\u00fcnlatega. Saad Mini-k\u00fc\u00fcnlaid kombineerides saavutada laheda tulemuse, mis on kaasahaaravam l\u00f5hnaelamus omaette.<\/p>\n<p>Meie k\u00fc\u00fcnlad on valmistatud ainult parimast esmaklassilisest soja ja parafiini segust, et tagada sulle ainulaadne ja kvaliteetne elamus. Nende koostisosade t\u00e4iuslik s\u00fcnergia saab teoks meie k\u00e4sit\u00f6\u00f6lises l\u00e4henemises, pakkudes sulle rohkem kui lihtsalt k\u00fc\u00fcnla \u2013 see on l\u00f5hnade kunstiteos, mis r\u00e4\u00e4gib oma lugu.<\/p>\n","protected":false},"featured_media":7060,"comment_status":"open","ping_status":"closed","template":"","meta":{"_monsterinsights_skip_tracking":false,"_monsterinsights_sitenote_active":false,"_monsterinsights_sitenote_note":"","_monsterinsights_sitenote_category":0},"product_brand":[],"product_cat":[275,272],"product_tag":[],"class_list":{"0":"post-7037","1":"product","2":"type-product","3":"status-publish","4":"has-post-thumbnail","6":"product_cat-kuunlad","7":"product_cat-meeleolu","9":"first","10":"instock","11":"taxable","12":"shipping-taxable","13":"purchasable","14":"product-type-variable"},"yoast_head":"<!-- This site is optimized with the Yoast SEO plugin v27.4 - https:\/\/yoast.com\/product\/yoast-seo-wordpress\/ -->\n<title>WoodWick k\u00fc\u00fcnal Mini klaasis - SleepCity - Hea Une Valem<\/title>\n<meta name=\"description\" content=\"Tervita oma meeli meie ainulaadse k\u00fc\u00fcnlakunsti maailmas, kus iga l\u00f5hn on loodud armastuse ja hoolikusega, kasutades vaid parimaid koostisosi. Meie eesm\u00e4rk on pakkuda sulle mitte lihtsalt l\u00f5hna, vaid t\u00f5elist elamust.  Avasta meie patenteeritud Hearthwick Flame&#039;i puidust taht, mis muudab k\u00fc\u00fcnla s\u00fc\u00fctamise kunstiks.  See mitte ainult ei loo pika tantsiva leegi, vaid toob esile ka iseloomuliku s\u00e4risemise, luues sellega ruumi \u00fcmbritseva keeruka kaminatunde. See pole lihtsalt k\u00fc\u00fcnal; see on l\u00f5hnade poeesia, mis tantsib \u00f5hus, vallutades ruumi s\u00fcgava ja meeldej\u00e4\u00e4va aroomiga.  Kohtu meie unikaalse Mini-kujulise anumaga, mis on kui kunstiteos omaette. See mitte ainult ei paku silmailu, vaid v\u00f5imaldab ka vahakogumit, rikastades sellega sinu kogemust meie k\u00fc\u00fcnlatega. Saad Mini-k\u00fc\u00fcnlaid kombineerides saavutada laheda tulemuse, mis on kaasahaaravam l\u00f5hnaelamus omaette.  Meie k\u00fc\u00fcnlad on valmistatud ainult parimast esmaklassilisest soja ja parafiini segust, et tagada sulle ainulaadne ja kvaliteetne elamus. Nende koostisosade t\u00e4iuslik s\u00fcnergia saab teoks meie k\u00e4sit\u00f6\u00f6lises l\u00e4henemises, pakkudes sulle rohkem kui lihtsalt k\u00fc\u00fcnla \u2013 see on l\u00f5hnade kunstiteos, mis r\u00e4\u00e4gib oma lugu.\" \/>\n<meta name=\"robots\" content=\"index, follow, max-snippet:-1, max-image-preview:large, max-video-preview:-1\" \/>\n<link rel=\"canonical\" href=\"https:\/\/sleepcity.ee\/toode\/woodwick-kuunal-mini-klaasis\/\" \/>\n<meta property=\"og:locale\" content=\"et_EE\" \/>\n<meta property=\"og:type\" content=\"article\" \/>\n<meta property=\"og:title\" content=\"WoodWick k\u00fc\u00fcnal Mini klaasis - SleepCity - Hea Une Valem\" \/>\n<meta property=\"og:description\" content=\"Tervita oma meeli meie ainulaadse k\u00fc\u00fcnlakunsti maailmas, kus iga l\u00f5hn on loodud armastuse ja hoolikusega, kasutades vaid parimaid koostisosi. Meie eesm\u00e4rk on pakkuda sulle mitte lihtsalt l\u00f5hna, vaid t\u00f5elist elamust.  Avasta meie patenteeritud Hearthwick Flame&#039;i puidust taht, mis muudab k\u00fc\u00fcnla s\u00fc\u00fctamise kunstiks.  See mitte ainult ei loo pika tantsiva leegi, vaid toob esile ka iseloomuliku s\u00e4risemise, luues sellega ruumi \u00fcmbritseva keeruka kaminatunde. See pole lihtsalt k\u00fc\u00fcnal; see on l\u00f5hnade poeesia, mis tantsib \u00f5hus, vallutades ruumi s\u00fcgava ja meeldej\u00e4\u00e4va aroomiga.  Kohtu meie unikaalse Mini-kujulise anumaga, mis on kui kunstiteos omaette. See mitte ainult ei paku silmailu, vaid v\u00f5imaldab ka vahakogumit, rikastades sellega sinu kogemust meie k\u00fc\u00fcnlatega. Saad Mini-k\u00fc\u00fcnlaid kombineerides saavutada laheda tulemuse, mis on kaasahaaravam l\u00f5hnaelamus omaette.  Meie k\u00fc\u00fcnlad on valmistatud ainult parimast esmaklassilisest soja ja parafiini segust, et tagada sulle ainulaadne ja kvaliteetne elamus. Nende koostisosade t\u00e4iuslik s\u00fcnergia saab teoks meie k\u00e4sit\u00f6\u00f6lises l\u00e4henemises, pakkudes sulle rohkem kui lihtsalt k\u00fc\u00fcnla \u2013 see on l\u00f5hnade kunstiteos, mis r\u00e4\u00e4gib oma lugu.\" \/>\n<meta property=\"og:url\" content=\"https:\/\/sleepcity.ee\/toode\/woodwick-kuunal-mini-klaasis\/\" \/>\n<meta property=\"og:site_name\" content=\"SleepCity - Hea Une Valem\" \/>\n<meta property=\"article:publisher\" content=\"http:\/\/www.fb.com\/TempurEstonia\" \/>\n<meta property=\"article:modified_time\" content=\"2023-11-16T11:58:38+00:00\" \/>\n<meta property=\"og:image\" content=\"https:\/\/sleepcity.ee\/wp-content\/uploads\/2023\/11\/mnicandles_800x.webp\" \/>\n\t<meta property=\"og:image:width\" content=\"800\" \/>\n\t<meta property=\"og:image:height\" content=\"800\" \/>\n\t<meta property=\"og:image:type\" content=\"image\/webp\" \/>\n<meta name=\"twitter:card\" content=\"summary_large_image\" \/>\n<script type=\"application\/ld+json\" class=\"yoast-schema-graph\">{\"@context\":\"https:\\\/\\\/schema.org\",\"@graph\":[{\"@type\":\"WebPage\",\"@id\":\"https:\\\/\\\/sleepcity.ee\\\/toode\\\/woodwick-kuunal-mini-klaasis\\\/\",\"url\":\"https:\\\/\\\/sleepcity.ee\\\/toode\\\/woodwick-kuunal-mini-klaasis\\\/\",\"name\":\"WoodWick k\u00fc\u00fcnal Mini klaasis - SleepCity - Hea Une Valem\",\"isPartOf\":{\"@id\":\"https:\\\/\\\/sleepcity.ee\\\/#website\"},\"primaryImageOfPage\":{\"@id\":\"https:\\\/\\\/sleepcity.ee\\\/toode\\\/woodwick-kuunal-mini-klaasis\\\/#primaryimage\"},\"image\":{\"@id\":\"https:\\\/\\\/sleepcity.ee\\\/toode\\\/woodwick-kuunal-mini-klaasis\\\/#primaryimage\"},\"thumbnailUrl\":\"https:\\\/\\\/sleepcity.ee\\\/wp-content\\\/uploads\\\/2023\\\/11\\\/mnicandles_800x.webp\",\"datePublished\":\"2023-11-16T10:15:03+00:00\",\"dateModified\":\"2023-11-16T11:58:38+00:00\",\"description\":\"Tervita oma meeli meie ainulaadse k\u00fc\u00fcnlakunsti maailmas, kus iga l\u00f5hn on loodud armastuse ja hoolikusega, kasutades vaid parimaid koostisosi. Meie eesm\u00e4rk on pakkuda sulle mitte lihtsalt l\u00f5hna, vaid t\u00f5elist elamust. Avasta meie patenteeritud Hearthwick Flame'i puidust taht, mis muudab k\u00fc\u00fcnla s\u00fc\u00fctamise kunstiks. See mitte ainult ei loo pika tantsiva leegi, vaid toob esile ka iseloomuliku s\u00e4risemise, luues sellega ruumi \u00fcmbritseva keeruka kaminatunde. See pole lihtsalt k\u00fc\u00fcnal; see on l\u00f5hnade poeesia, mis tantsib \u00f5hus, vallutades ruumi s\u00fcgava ja meeldej\u00e4\u00e4va aroomiga. Kohtu meie unikaalse Mini-kujulise anumaga, mis on kui kunstiteos omaette. See mitte ainult ei paku silmailu, vaid v\u00f5imaldab ka vahakogumit, rikastades sellega sinu kogemust meie k\u00fc\u00fcnlatega. Saad Mini-k\u00fc\u00fcnlaid kombineerides saavutada laheda tulemuse, mis on kaasahaaravam l\u00f5hnaelamus omaette. Meie k\u00fc\u00fcnlad on valmistatud ainult parimast esmaklassilisest soja ja parafiini segust, et tagada sulle ainulaadne ja kvaliteetne elamus. Nende koostisosade t\u00e4iuslik s\u00fcnergia saab teoks meie k\u00e4sit\u00f6\u00f6lises l\u00e4henemises, pakkudes sulle rohkem kui lihtsalt k\u00fc\u00fcnla \u2013 see on l\u00f5hnade kunstiteos, mis r\u00e4\u00e4gib oma lugu.\",\"breadcrumb\":{\"@id\":\"https:\\\/\\\/sleepcity.ee\\\/toode\\\/woodwick-kuunal-mini-klaasis\\\/#breadcrumb\"},\"inLanguage\":\"et\",\"potentialAction\":[{\"@type\":\"ReadAction\",\"target\":[\"https:\\\/\\\/sleepcity.ee\\\/toode\\\/woodwick-kuunal-mini-klaasis\\\/\"]}]},{\"@type\":\"ImageObject\",\"inLanguage\":\"et\",\"@id\":\"https:\\\/\\\/sleepcity.ee\\\/toode\\\/woodwick-kuunal-mini-klaasis\\\/#primaryimage\",\"url\":\"https:\\\/\\\/sleepcity.ee\\\/wp-content\\\/uploads\\\/2023\\\/11\\\/mnicandles_800x.webp\",\"contentUrl\":\"https:\\\/\\\/sleepcity.ee\\\/wp-content\\\/uploads\\\/2023\\\/11\\\/mnicandles_800x.webp\",\"width\":800,\"height\":800},{\"@type\":\"BreadcrumbList\",\"@id\":\"https:\\\/\\\/sleepcity.ee\\\/toode\\\/woodwick-kuunal-mini-klaasis\\\/#breadcrumb\",\"itemListElement\":[{\"@type\":\"ListItem\",\"position\":1,\"name\":\"Home\",\"item\":\"https:\\\/\\\/sleepcity.ee\\\/\"},{\"@type\":\"ListItem\",\"position\":2,\"name\":\"Pood\",\"item\":\"https:\\\/\\\/sleepcity.ee\\\/pood\\\/\"},{\"@type\":\"ListItem\",\"position\":3,\"name\":\"WoodWick k\u00fc\u00fcnal Mini klaasis\"}]},{\"@type\":\"WebSite\",\"@id\":\"https:\\\/\\\/sleepcity.ee\\\/#website\",\"url\":\"https:\\\/\\\/sleepcity.ee\\\/\",\"name\":\"Tempur Shop\",\"description\":\"TEMPUR madratsid, voodid, padjad ja muud unetooted.\",\"publisher\":{\"@id\":\"https:\\\/\\\/sleepcity.ee\\\/#organization\"},\"potentialAction\":[{\"@type\":\"SearchAction\",\"target\":{\"@type\":\"EntryPoint\",\"urlTemplate\":\"https:\\\/\\\/sleepcity.ee\\\/?s={search_term_string}\"},\"query-input\":{\"@type\":\"PropertyValueSpecification\",\"valueRequired\":true,\"valueName\":\"search_term_string\"}}],\"inLanguage\":\"et\"},{\"@type\":\"Organization\",\"@id\":\"https:\\\/\\\/sleepcity.ee\\\/#organization\",\"name\":\"VG Design O\u00dc\",\"url\":\"https:\\\/\\\/sleepcity.ee\\\/\",\"logo\":{\"@type\":\"ImageObject\",\"inLanguage\":\"et\",\"@id\":\"https:\\\/\\\/sleepcity.ee\\\/#\\\/schema\\\/logo\\\/image\\\/\",\"url\":\"https:\\\/\\\/sleepcity.ee\\\/wp-content\\\/uploads\\\/2023\\\/09\\\/sleepcity_logo.png\",\"contentUrl\":\"https:\\\/\\\/sleepcity.ee\\\/wp-content\\\/uploads\\\/2023\\\/09\\\/sleepcity_logo.png\",\"width\":1034,\"height\":318,\"caption\":\"VG Design O\u00dc\"},\"image\":{\"@id\":\"https:\\\/\\\/sleepcity.ee\\\/#\\\/schema\\\/logo\\\/image\\\/\"},\"sameAs\":[\"http:\\\/\\\/www.fb.com\\\/TempurEstonia\",\"http:\\\/\\\/www.instagram.com\\\/tempurestonia\"]}]}<\/script>\n<!-- \/ Yoast SEO plugin. -->","yoast_head_json":{"title":"WoodWick k\u00fc\u00fcnal Mini klaasis - SleepCity - Hea Une Valem","description":"Tervita oma meeli meie ainulaadse k\u00fc\u00fcnlakunsti maailmas, kus iga l\u00f5hn on loodud armastuse ja hoolikusega, kasutades vaid parimaid koostisosi. Meie eesm\u00e4rk on pakkuda sulle mitte lihtsalt l\u00f5hna, vaid t\u00f5elist elamust.  Avasta meie patenteeritud Hearthwick Flame'i puidust taht, mis muudab k\u00fc\u00fcnla s\u00fc\u00fctamise kunstiks.  See mitte ainult ei loo pika tantsiva leegi, vaid toob esile ka iseloomuliku s\u00e4risemise, luues sellega ruumi \u00fcmbritseva keeruka kaminatunde. See pole lihtsalt k\u00fc\u00fcnal; see on l\u00f5hnade poeesia, mis tantsib \u00f5hus, vallutades ruumi s\u00fcgava ja meeldej\u00e4\u00e4va aroomiga.  Kohtu meie unikaalse Mini-kujulise anumaga, mis on kui kunstiteos omaette. See mitte ainult ei paku silmailu, vaid v\u00f5imaldab ka vahakogumit, rikastades sellega sinu kogemust meie k\u00fc\u00fcnlatega. Saad Mini-k\u00fc\u00fcnlaid kombineerides saavutada laheda tulemuse, mis on kaasahaaravam l\u00f5hnaelamus omaette.  Meie k\u00fc\u00fcnlad on valmistatud ainult parimast esmaklassilisest soja ja parafiini segust, et tagada sulle ainulaadne ja kvaliteetne elamus. Nende koostisosade t\u00e4iuslik s\u00fcnergia saab teoks meie k\u00e4sit\u00f6\u00f6lises l\u00e4henemises, pakkudes sulle rohkem kui lihtsalt k\u00fc\u00fcnla \u2013 see on l\u00f5hnade kunstiteos, mis r\u00e4\u00e4gib oma lugu.","robots":{"index":"index","follow":"follow","max-snippet":"max-snippet:-1","max-image-preview":"max-image-preview:large","max-video-preview":"max-video-preview:-1"},"canonical":"https:\/\/sleepcity.ee\/toode\/woodwick-kuunal-mini-klaasis\/","og_locale":"et_EE","og_type":"article","og_title":"WoodWick k\u00fc\u00fcnal Mini klaasis - SleepCity - Hea Une Valem","og_description":"Tervita oma meeli meie ainulaadse k\u00fc\u00fcnlakunsti maailmas, kus iga l\u00f5hn on loodud armastuse ja hoolikusega, kasutades vaid parimaid koostisosi. Meie eesm\u00e4rk on pakkuda sulle mitte lihtsalt l\u00f5hna, vaid t\u00f5elist elamust.  Avasta meie patenteeritud Hearthwick Flame'i puidust taht, mis muudab k\u00fc\u00fcnla s\u00fc\u00fctamise kunstiks.  See mitte ainult ei loo pika tantsiva leegi, vaid toob esile ka iseloomuliku s\u00e4risemise, luues sellega ruumi \u00fcmbritseva keeruka kaminatunde. See pole lihtsalt k\u00fc\u00fcnal; see on l\u00f5hnade poeesia, mis tantsib \u00f5hus, vallutades ruumi s\u00fcgava ja meeldej\u00e4\u00e4va aroomiga.  Kohtu meie unikaalse Mini-kujulise anumaga, mis on kui kunstiteos omaette. See mitte ainult ei paku silmailu, vaid v\u00f5imaldab ka vahakogumit, rikastades sellega sinu kogemust meie k\u00fc\u00fcnlatega. Saad Mini-k\u00fc\u00fcnlaid kombineerides saavutada laheda tulemuse, mis on kaasahaaravam l\u00f5hnaelamus omaette.  Meie k\u00fc\u00fcnlad on valmistatud ainult parimast esmaklassilisest soja ja parafiini segust, et tagada sulle ainulaadne ja kvaliteetne elamus. Nende koostisosade t\u00e4iuslik s\u00fcnergia saab teoks meie k\u00e4sit\u00f6\u00f6lises l\u00e4henemises, pakkudes sulle rohkem kui lihtsalt k\u00fc\u00fcnla \u2013 see on l\u00f5hnade kunstiteos, mis r\u00e4\u00e4gib oma lugu.","og_url":"https:\/\/sleepcity.ee\/toode\/woodwick-kuunal-mini-klaasis\/","og_site_name":"SleepCity - Hea Une Valem","article_publisher":"http:\/\/www.fb.com\/TempurEstonia","article_modified_time":"2023-11-16T11:58:38+00:00","og_image":[{"width":800,"height":800,"url":"https:\/\/sleepcity.ee\/wp-content\/uploads\/2023\/11\/mnicandles_800x.webp","type":"image\/webp"}],"twitter_card":"summary_large_image","schema":{"@context":"https:\/\/schema.org","@graph":[{"@type":"WebPage","@id":"https:\/\/sleepcity.ee\/toode\/woodwick-kuunal-mini-klaasis\/","url":"https:\/\/sleepcity.ee\/toode\/woodwick-kuunal-mini-klaasis\/","name":"WoodWick k\u00fc\u00fcnal Mini klaasis - SleepCity - Hea Une Valem","isPartOf":{"@id":"https:\/\/sleepcity.ee\/#website"},"primaryImageOfPage":{"@id":"https:\/\/sleepcity.ee\/toode\/woodwick-kuunal-mini-klaasis\/#primaryimage"},"image":{"@id":"https:\/\/sleepcity.ee\/toode\/woodwick-kuunal-mini-klaasis\/#primaryimage"},"thumbnailUrl":"https:\/\/sleepcity.ee\/wp-content\/uploads\/2023\/11\/mnicandles_800x.webp","datePublished":"2023-11-16T10:15:03+00:00","dateModified":"2023-11-16T11:58:38+00:00","description":"Tervita oma meeli meie ainulaadse k\u00fc\u00fcnlakunsti maailmas, kus iga l\u00f5hn on loodud armastuse ja hoolikusega, kasutades vaid parimaid koostisosi. Meie eesm\u00e4rk on pakkuda sulle mitte lihtsalt l\u00f5hna, vaid t\u00f5elist elamust. Avasta meie patenteeritud Hearthwick Flame'i puidust taht, mis muudab k\u00fc\u00fcnla s\u00fc\u00fctamise kunstiks. See mitte ainult ei loo pika tantsiva leegi, vaid toob esile ka iseloomuliku s\u00e4risemise, luues sellega ruumi \u00fcmbritseva keeruka kaminatunde. See pole lihtsalt k\u00fc\u00fcnal; see on l\u00f5hnade poeesia, mis tantsib \u00f5hus, vallutades ruumi s\u00fcgava ja meeldej\u00e4\u00e4va aroomiga. Kohtu meie unikaalse Mini-kujulise anumaga, mis on kui kunstiteos omaette. See mitte ainult ei paku silmailu, vaid v\u00f5imaldab ka vahakogumit, rikastades sellega sinu kogemust meie k\u00fc\u00fcnlatega. Saad Mini-k\u00fc\u00fcnlaid kombineerides saavutada laheda tulemuse, mis on kaasahaaravam l\u00f5hnaelamus omaette. Meie k\u00fc\u00fcnlad on valmistatud ainult parimast esmaklassilisest soja ja parafiini segust, et tagada sulle ainulaadne ja kvaliteetne elamus. Nende koostisosade t\u00e4iuslik s\u00fcnergia saab teoks meie k\u00e4sit\u00f6\u00f6lises l\u00e4henemises, pakkudes sulle rohkem kui lihtsalt k\u00fc\u00fcnla \u2013 see on l\u00f5hnade kunstiteos, mis r\u00e4\u00e4gib oma lugu.","breadcrumb":{"@id":"https:\/\/sleepcity.ee\/toode\/woodwick-kuunal-mini-klaasis\/#breadcrumb"},"inLanguage":"et","potentialAction":[{"@type":"ReadAction","target":["https:\/\/sleepcity.ee\/toode\/woodwick-kuunal-mini-klaasis\/"]}]},{"@type":"ImageObject","inLanguage":"et","@id":"https:\/\/sleepcity.ee\/toode\/woodwick-kuunal-mini-klaasis\/#primaryimage","url":"https:\/\/sleepcity.ee\/wp-content\/uploads\/2023\/11\/mnicandles_800x.webp","contentUrl":"https:\/\/sleepcity.ee\/wp-content\/uploads\/2023\/11\/mnicandles_800x.webp","width":800,"height":800},{"@type":"BreadcrumbList","@id":"https:\/\/sleepcity.ee\/toode\/woodwick-kuunal-mini-klaasis\/#breadcrumb","itemListElement":[{"@type":"ListItem","position":1,"name":"Home","item":"https:\/\/sleepcity.ee\/"},{"@type":"ListItem","position":2,"name":"Pood","item":"https:\/\/sleepcity.ee\/pood\/"},{"@type":"ListItem","position":3,"name":"WoodWick k\u00fc\u00fcnal Mini klaasis"}]},{"@type":"WebSite","@id":"https:\/\/sleepcity.ee\/#website","url":"https:\/\/sleepcity.ee\/","name":"Tempur Shop","description":"TEMPUR madratsid, voodid, padjad ja muud unetooted.","publisher":{"@id":"https:\/\/sleepcity.ee\/#organization"},"potentialAction":[{"@type":"SearchAction","target":{"@type":"EntryPoint","urlTemplate":"https:\/\/sleepcity.ee\/?s={search_term_string}"},"query-input":{"@type":"PropertyValueSpecification","valueRequired":true,"valueName":"search_term_string"}}],"inLanguage":"et"},{"@type":"Organization","@id":"https:\/\/sleepcity.ee\/#organization","name":"VG Design O\u00dc","url":"https:\/\/sleepcity.ee\/","logo":{"@type":"ImageObject","inLanguage":"et","@id":"https:\/\/sleepcity.ee\/#\/schema\/logo\/image\/","url":"https:\/\/sleepcity.ee\/wp-content\/uploads\/2023\/09\/sleepcity_logo.png","contentUrl":"https:\/\/sleepcity.ee\/wp-content\/uploads\/2023\/09\/sleepcity_logo.png","width":1034,"height":318,"caption":"VG Design O\u00dc"},"image":{"@id":"https:\/\/sleepcity.ee\/#\/schema\/logo\/image\/"},"sameAs":["http:\/\/www.fb.com\/TempurEstonia","http:\/\/www.instagram.com\/tempurestonia"]}]}},"_links":{"self":[{"href":"https:\/\/www.sleepcity.ee\/wp-json\/wp\/v2\/product\/7037","targetHints":{"allow":["GET"]}}],"collection":[{"href":"https:\/\/www.sleepcity.ee\/wp-json\/wp\/v2\/product"}],"about":[{"href":"https:\/\/www.sleepcity.ee\/wp-json\/wp\/v2\/types\/product"}],"replies":[{"embeddable":true,"href":"https:\/\/www.sleepcity.ee\/wp-json\/wp\/v2\/comments?post=7037"}],"wp:featuredmedia":[{"embeddable":true,"href":"https:\/\/www.sleepcity.ee\/wp-json\/wp\/v2\/media\/7060"}],"wp:attachment":[{"href":"https:\/\/www.sleepcity.ee\/wp-json\/wp\/v2\/media?parent=7037"}],"wp:term":[{"taxonomy":"product_brand","embeddable":true,"href":"https:\/\/www.sleepcity.ee\/wp-json\/wp\/v2\/product_brand?post=7037"},{"taxonomy":"product_cat","embeddable":true,"href":"https:\/\/www.sleepcity.ee\/wp-json\/wp\/v2\/product_cat?post=7037"},{"taxonomy":"product_tag","embeddable":true,"href":"https:\/\/www.sleepcity.ee\/wp-json\/wp\/v2\/product_tag?post=7037"}],"curies":[{"name":"wp","href":"https:\/\/api.w.org\/{rel}","templated":true}]}}