{"id":7005,"date":"2023-11-16T10:11:50","date_gmt":"2023-11-16T10:11:50","guid":{"rendered":"https:\/\/sleepcity.ee\/?post_type=product&#038;p=7005"},"modified":"2023-11-16T10:14:46","modified_gmt":"2023-11-16T10:14:46","slug":"woodwick-kuunal-ellipse-klaasis","status":"publish","type":"product","link":"https:\/\/www.sleepcity.ee\/toode\/woodwick-kuunal-ellipse-klaasis\/","title":{"rendered":"WoodWick k\u00fc\u00fcnal Ellipse klaasis"},"content":{"rendered":"<p>Erinevate aroomidega\u00a0 Ellipse\u00a0 k\u00fc\u00fcnal valgustab mitte ainult ruumi, vaid ka sinu meeli, tuues sinuni elamuse, mis j\u00e4\u00e4b meelde. Koge ainulaadset l\u00f5hnav\u00f5lu, mis s\u00fctitab su meeled ja loob unustamatu \u00f5hkkonna. Vali aroom ja naudi \u00f5htuid WW Ellipse k\u00fc\u00fcnla valguses.<\/p>\n<p>.<\/p>\n<table class=\"attribute\">\n<tbody>\n<tr>\n<td>Kaal (g)<\/td>\n<td>453,6<\/td>\n<\/tr>\n<tr>\n<td>M\u00f5\u00f5dud mm (pikkus x laius x k\u00f5rgus)<\/td>\n<td>190x110x85<\/td>\n<\/tr>\n<tr>\n<td>P\u00f5lemisaeg (h)<\/td>\n<td>50<\/td>\n<\/tr>\n<tr>\n<td>Koostis<\/td>\n<td>K\u00f5rge kvaliteediga sojavaha<\/td>\n<\/tr>\n<tr>\n<td>Suurus<\/td>\n<td>Suur<\/td>\n<\/tr>\n<tr>\n<td>V\u00e4rv<\/td>\n<td>Erinevad<\/td>\n<\/tr>\n<\/tbody>\n<\/table>\n","protected":false},"excerpt":{"rendered":"<p>Tervita oma meeli meie ainulaadse k\u00fc\u00fcnlakunsti maailmas, kus iga l\u00f5hn on loodud armastuse ja hoolikusega, kasutades vaid parimaid koostisosi. Meie eesm\u00e4rk on pakkuda sulle mitte lihtsalt l\u00f5hna, vaid t\u00f5elist elamust.<\/p>\n<p>Avasta meie patenteeritud Hearthwick Flame&#8217;i puidust taht, mis muudab k\u00fc\u00fcnla s\u00fc\u00fctamise kunstiks.<\/p>\n<p>See mitte ainult ei loo pika tantsiva leegi, vaid toob esile ka iseloomuliku s\u00e4risemise, luues sellega ruumi \u00fcmbritseva keeruka kaminatunde. See pole lihtsalt k\u00fc\u00fcnal; see on l\u00f5hnade poeesia, mis tantsib \u00f5hus, vallutades ruumi s\u00fcgava ja meeldej\u00e4\u00e4va aroomiga.<\/p>\n<p>Kohtu meie unikaalse ellipsikujulise anumaga, mis on kui kunstiteos omaette. See mitte ainult ei paku silmailu, vaid v\u00f5imaldab ka suuremat vahakogumit, rikastades sellega sinu kogemust meie k\u00fc\u00fcnlatega. Tulemus? Tugevam, rikkalikum ja kaasahaaravam l\u00f5hnaelamus, mis k\u00fctkestab sind hetkest, mil k\u00fc\u00fcnla s\u00fc\u00fcdata.<\/p>\n<p>Meie k\u00fc\u00fcnlad on valmistatud ainult parimast esmaklassilisest soja ja parafiini segust, et tagada sulle ainulaadne ja kvaliteetne elamus. Nende koostisosade t\u00e4iuslik s\u00fcnergia saab teoks meie k\u00e4sit\u00f6\u00f6lises l\u00e4henemises, pakkudes sulle rohkem kui lihtsalt k\u00fc\u00fcnla \u2013 see on l\u00f5hnade kunstiteos, mis r\u00e4\u00e4gib oma lugu.<\/p>\n","protected":false},"featured_media":7034,"comment_status":"open","ping_status":"closed","template":"","meta":{"_monsterinsights_skip_tracking":false,"_monsterinsights_sitenote_active":false,"_monsterinsights_sitenote_note":"","_monsterinsights_sitenote_category":0},"product_brand":[],"product_cat":[275,272],"product_tag":[],"class_list":{"0":"post-7005","1":"product","2":"type-product","3":"status-publish","4":"has-post-thumbnail","6":"product_cat-kuunlad","7":"product_cat-meeleolu","9":"first","10":"instock","11":"taxable","12":"shipping-taxable","13":"purchasable","14":"product-type-variable"},"yoast_head":"<!-- This site is optimized with the Yoast SEO plugin v27.3 - https:\/\/yoast.com\/product\/yoast-seo-wordpress\/ -->\n<title>WoodWick k\u00fc\u00fcnal Ellipse klaasis - SleepCity - Hea Une Valem<\/title>\n<meta name=\"description\" content=\"Tervita oma meeli meie ainulaadse k\u00fc\u00fcnlakunsti maailmas, kus iga l\u00f5hn on loodud armastuse ja hoolikusega, kasutades vaid parimaid koostisosi. Meie eesm\u00e4rk on pakkuda sulle mitte lihtsalt l\u00f5hna, vaid t\u00f5elist elamust.  Avasta meie patenteeritud Hearthwick Flame&#039;i puidust taht, mis muudab k\u00fc\u00fcnla s\u00fc\u00fctamise kunstiks.  See mitte ainult ei loo pika tantsiva leegi, vaid toob esile ka iseloomuliku s\u00e4risemise, luues sellega ruumi \u00fcmbritseva keeruka kaminatunde. See pole lihtsalt k\u00fc\u00fcnal; see on l\u00f5hnade poeesia, mis tantsib \u00f5hus, vallutades ruumi s\u00fcgava ja meeldej\u00e4\u00e4va aroomiga.  Kohtu meie unikaalse ellipsikujulise anumaga, mis on kui kunstiteos omaette. See mitte ainult ei paku silmailu, vaid v\u00f5imaldab ka suuremat vahakogumit, rikastades sellega sinu kogemust meie k\u00fc\u00fcnlatega. Tulemus? Tugevam, rikkalikum ja kaasahaaravam l\u00f5hnaelamus, mis k\u00fctkestab sind hetkest, mil k\u00fc\u00fcnla s\u00fc\u00fcdata.  Meie k\u00fc\u00fcnlad on valmistatud ainult parimast esmaklassilisest soja ja parafiini segust, et tagada sulle ainulaadne ja kvaliteetne elamus. Nende koostisosade t\u00e4iuslik s\u00fcnergia saab teoks meie k\u00e4sit\u00f6\u00f6lises l\u00e4henemises, pakkudes sulle rohkem kui lihtsalt k\u00fc\u00fcnla \u2013 see on l\u00f5hnade kunstiteos, mis r\u00e4\u00e4gib oma lugu.\" \/>\n<meta name=\"robots\" content=\"index, follow, max-snippet:-1, max-image-preview:large, max-video-preview:-1\" \/>\n<link rel=\"canonical\" href=\"https:\/\/www.sleepcity.ee\/toode\/woodwick-kuunal-ellipse-klaasis\/\" \/>\n<meta property=\"og:locale\" content=\"et_EE\" \/>\n<meta property=\"og:type\" content=\"article\" \/>\n<meta property=\"og:title\" content=\"WoodWick k\u00fc\u00fcnal Ellipse klaasis - SleepCity - Hea Une Valem\" \/>\n<meta property=\"og:description\" content=\"Tervita oma meeli meie ainulaadse k\u00fc\u00fcnlakunsti maailmas, kus iga l\u00f5hn on loodud armastuse ja hoolikusega, kasutades vaid parimaid koostisosi. Meie eesm\u00e4rk on pakkuda sulle mitte lihtsalt l\u00f5hna, vaid t\u00f5elist elamust.  Avasta meie patenteeritud Hearthwick Flame&#039;i puidust taht, mis muudab k\u00fc\u00fcnla s\u00fc\u00fctamise kunstiks.  See mitte ainult ei loo pika tantsiva leegi, vaid toob esile ka iseloomuliku s\u00e4risemise, luues sellega ruumi \u00fcmbritseva keeruka kaminatunde. See pole lihtsalt k\u00fc\u00fcnal; see on l\u00f5hnade poeesia, mis tantsib \u00f5hus, vallutades ruumi s\u00fcgava ja meeldej\u00e4\u00e4va aroomiga.  Kohtu meie unikaalse ellipsikujulise anumaga, mis on kui kunstiteos omaette. See mitte ainult ei paku silmailu, vaid v\u00f5imaldab ka suuremat vahakogumit, rikastades sellega sinu kogemust meie k\u00fc\u00fcnlatega. Tulemus? Tugevam, rikkalikum ja kaasahaaravam l\u00f5hnaelamus, mis k\u00fctkestab sind hetkest, mil k\u00fc\u00fcnla s\u00fc\u00fcdata.  Meie k\u00fc\u00fcnlad on valmistatud ainult parimast esmaklassilisest soja ja parafiini segust, et tagada sulle ainulaadne ja kvaliteetne elamus. Nende koostisosade t\u00e4iuslik s\u00fcnergia saab teoks meie k\u00e4sit\u00f6\u00f6lises l\u00e4henemises, pakkudes sulle rohkem kui lihtsalt k\u00fc\u00fcnla \u2013 see on l\u00f5hnade kunstiteos, mis r\u00e4\u00e4gib oma lugu.\" \/>\n<meta property=\"og:url\" content=\"https:\/\/www.sleepcity.ee\/toode\/woodwick-kuunal-ellipse-klaasis\/\" \/>\n<meta property=\"og:site_name\" content=\"SleepCity - Hea Une Valem\" \/>\n<meta property=\"article:publisher\" content=\"http:\/\/www.fb.com\/TempurEstonia\" \/>\n<meta property=\"article:modified_time\" content=\"2023-11-16T10:14:46+00:00\" \/>\n<meta property=\"og:image\" content=\"https:\/\/www.sleepcity.ee\/wp-content\/uploads\/2023\/11\/815gCTilT9L.jpg\" \/>\n\t<meta property=\"og:image:width\" content=\"2560\" \/>\n\t<meta property=\"og:image:height\" content=\"2560\" \/>\n\t<meta property=\"og:image:type\" content=\"image\/jpeg\" \/>\n<meta name=\"twitter:card\" content=\"summary_large_image\" \/>\n<script type=\"application\/ld+json\" class=\"yoast-schema-graph\">{\"@context\":\"https:\\\/\\\/schema.org\",\"@graph\":[{\"@type\":\"WebPage\",\"@id\":\"https:\\\/\\\/www.sleepcity.ee\\\/toode\\\/woodwick-kuunal-ellipse-klaasis\\\/\",\"url\":\"https:\\\/\\\/www.sleepcity.ee\\\/toode\\\/woodwick-kuunal-ellipse-klaasis\\\/\",\"name\":\"WoodWick k\u00fc\u00fcnal Ellipse klaasis - SleepCity - Hea Une Valem\",\"isPartOf\":{\"@id\":\"https:\\\/\\\/sleepcity.ee\\\/#website\"},\"primaryImageOfPage\":{\"@id\":\"https:\\\/\\\/www.sleepcity.ee\\\/toode\\\/woodwick-kuunal-ellipse-klaasis\\\/#primaryimage\"},\"image\":{\"@id\":\"https:\\\/\\\/www.sleepcity.ee\\\/toode\\\/woodwick-kuunal-ellipse-klaasis\\\/#primaryimage\"},\"thumbnailUrl\":\"https:\\\/\\\/sleepcity.ee\\\/wp-content\\\/uploads\\\/2023\\\/11\\\/815gCTilT9L.jpg\",\"datePublished\":\"2023-11-16T10:11:50+00:00\",\"dateModified\":\"2023-11-16T10:14:46+00:00\",\"description\":\"Tervita oma meeli meie ainulaadse k\u00fc\u00fcnlakunsti maailmas, kus iga l\u00f5hn on loodud armastuse ja hoolikusega, kasutades vaid parimaid koostisosi. Meie eesm\u00e4rk on pakkuda sulle mitte lihtsalt l\u00f5hna, vaid t\u00f5elist elamust. Avasta meie patenteeritud Hearthwick Flame'i puidust taht, mis muudab k\u00fc\u00fcnla s\u00fc\u00fctamise kunstiks. See mitte ainult ei loo pika tantsiva leegi, vaid toob esile ka iseloomuliku s\u00e4risemise, luues sellega ruumi \u00fcmbritseva keeruka kaminatunde. See pole lihtsalt k\u00fc\u00fcnal; see on l\u00f5hnade poeesia, mis tantsib \u00f5hus, vallutades ruumi s\u00fcgava ja meeldej\u00e4\u00e4va aroomiga. Kohtu meie unikaalse ellipsikujulise anumaga, mis on kui kunstiteos omaette. See mitte ainult ei paku silmailu, vaid v\u00f5imaldab ka suuremat vahakogumit, rikastades sellega sinu kogemust meie k\u00fc\u00fcnlatega. Tulemus? Tugevam, rikkalikum ja kaasahaaravam l\u00f5hnaelamus, mis k\u00fctkestab sind hetkest, mil k\u00fc\u00fcnla s\u00fc\u00fcdata. Meie k\u00fc\u00fcnlad on valmistatud ainult parimast esmaklassilisest soja ja parafiini segust, et tagada sulle ainulaadne ja kvaliteetne elamus. Nende koostisosade t\u00e4iuslik s\u00fcnergia saab teoks meie k\u00e4sit\u00f6\u00f6lises l\u00e4henemises, pakkudes sulle rohkem kui lihtsalt k\u00fc\u00fcnla \u2013 see on l\u00f5hnade kunstiteos, mis r\u00e4\u00e4gib oma lugu.\",\"breadcrumb\":{\"@id\":\"https:\\\/\\\/www.sleepcity.ee\\\/toode\\\/woodwick-kuunal-ellipse-klaasis\\\/#breadcrumb\"},\"inLanguage\":\"et\",\"potentialAction\":[{\"@type\":\"ReadAction\",\"target\":[\"https:\\\/\\\/www.sleepcity.ee\\\/toode\\\/woodwick-kuunal-ellipse-klaasis\\\/\"]}]},{\"@type\":\"ImageObject\",\"inLanguage\":\"et\",\"@id\":\"https:\\\/\\\/www.sleepcity.ee\\\/toode\\\/woodwick-kuunal-ellipse-klaasis\\\/#primaryimage\",\"url\":\"https:\\\/\\\/sleepcity.ee\\\/wp-content\\\/uploads\\\/2023\\\/11\\\/815gCTilT9L.jpg\",\"contentUrl\":\"https:\\\/\\\/sleepcity.ee\\\/wp-content\\\/uploads\\\/2023\\\/11\\\/815gCTilT9L.jpg\",\"width\":2560,\"height\":2560},{\"@type\":\"BreadcrumbList\",\"@id\":\"https:\\\/\\\/www.sleepcity.ee\\\/toode\\\/woodwick-kuunal-ellipse-klaasis\\\/#breadcrumb\",\"itemListElement\":[{\"@type\":\"ListItem\",\"position\":1,\"name\":\"Home\",\"item\":\"https:\\\/\\\/www.sleepcity.ee\\\/\"},{\"@type\":\"ListItem\",\"position\":2,\"name\":\"Pood\",\"item\":\"https:\\\/\\\/sleepcity.ee\\\/pood\\\/\"},{\"@type\":\"ListItem\",\"position\":3,\"name\":\"WoodWick k\u00fc\u00fcnal Ellipse klaasis\"}]},{\"@type\":\"WebSite\",\"@id\":\"https:\\\/\\\/sleepcity.ee\\\/#website\",\"url\":\"https:\\\/\\\/sleepcity.ee\\\/\",\"name\":\"Tempur Shop\",\"description\":\"TEMPUR madratsid, voodid, padjad ja muud unetooted.\",\"publisher\":{\"@id\":\"https:\\\/\\\/sleepcity.ee\\\/#organization\"},\"potentialAction\":[{\"@type\":\"SearchAction\",\"target\":{\"@type\":\"EntryPoint\",\"urlTemplate\":\"https:\\\/\\\/sleepcity.ee\\\/?s={search_term_string}\"},\"query-input\":{\"@type\":\"PropertyValueSpecification\",\"valueRequired\":true,\"valueName\":\"search_term_string\"}}],\"inLanguage\":\"et\"},{\"@type\":\"Organization\",\"@id\":\"https:\\\/\\\/sleepcity.ee\\\/#organization\",\"name\":\"VG Design O\u00dc\",\"url\":\"https:\\\/\\\/sleepcity.ee\\\/\",\"logo\":{\"@type\":\"ImageObject\",\"inLanguage\":\"et\",\"@id\":\"https:\\\/\\\/sleepcity.ee\\\/#\\\/schema\\\/logo\\\/image\\\/\",\"url\":\"https:\\\/\\\/sleepcity.ee\\\/wp-content\\\/uploads\\\/2023\\\/09\\\/sleepcity_logo.png\",\"contentUrl\":\"https:\\\/\\\/sleepcity.ee\\\/wp-content\\\/uploads\\\/2023\\\/09\\\/sleepcity_logo.png\",\"width\":1034,\"height\":318,\"caption\":\"VG Design O\u00dc\"},\"image\":{\"@id\":\"https:\\\/\\\/sleepcity.ee\\\/#\\\/schema\\\/logo\\\/image\\\/\"},\"sameAs\":[\"http:\\\/\\\/www.fb.com\\\/TempurEstonia\",\"http:\\\/\\\/www.instagram.com\\\/tempurestonia\"]}]}<\/script>\n<!-- \/ Yoast SEO plugin. -->","yoast_head_json":{"title":"WoodWick k\u00fc\u00fcnal Ellipse klaasis - SleepCity - Hea Une Valem","description":"Tervita oma meeli meie ainulaadse k\u00fc\u00fcnlakunsti maailmas, kus iga l\u00f5hn on loodud armastuse ja hoolikusega, kasutades vaid parimaid koostisosi. Meie eesm\u00e4rk on pakkuda sulle mitte lihtsalt l\u00f5hna, vaid t\u00f5elist elamust.  Avasta meie patenteeritud Hearthwick Flame'i puidust taht, mis muudab k\u00fc\u00fcnla s\u00fc\u00fctamise kunstiks.  See mitte ainult ei loo pika tantsiva leegi, vaid toob esile ka iseloomuliku s\u00e4risemise, luues sellega ruumi \u00fcmbritseva keeruka kaminatunde. See pole lihtsalt k\u00fc\u00fcnal; see on l\u00f5hnade poeesia, mis tantsib \u00f5hus, vallutades ruumi s\u00fcgava ja meeldej\u00e4\u00e4va aroomiga.  Kohtu meie unikaalse ellipsikujulise anumaga, mis on kui kunstiteos omaette. See mitte ainult ei paku silmailu, vaid v\u00f5imaldab ka suuremat vahakogumit, rikastades sellega sinu kogemust meie k\u00fc\u00fcnlatega. Tulemus? Tugevam, rikkalikum ja kaasahaaravam l\u00f5hnaelamus, mis k\u00fctkestab sind hetkest, mil k\u00fc\u00fcnla s\u00fc\u00fcdata.  Meie k\u00fc\u00fcnlad on valmistatud ainult parimast esmaklassilisest soja ja parafiini segust, et tagada sulle ainulaadne ja kvaliteetne elamus. Nende koostisosade t\u00e4iuslik s\u00fcnergia saab teoks meie k\u00e4sit\u00f6\u00f6lises l\u00e4henemises, pakkudes sulle rohkem kui lihtsalt k\u00fc\u00fcnla \u2013 see on l\u00f5hnade kunstiteos, mis r\u00e4\u00e4gib oma lugu.","robots":{"index":"index","follow":"follow","max-snippet":"max-snippet:-1","max-image-preview":"max-image-preview:large","max-video-preview":"max-video-preview:-1"},"canonical":"https:\/\/www.sleepcity.ee\/toode\/woodwick-kuunal-ellipse-klaasis\/","og_locale":"et_EE","og_type":"article","og_title":"WoodWick k\u00fc\u00fcnal Ellipse klaasis - SleepCity - Hea Une Valem","og_description":"Tervita oma meeli meie ainulaadse k\u00fc\u00fcnlakunsti maailmas, kus iga l\u00f5hn on loodud armastuse ja hoolikusega, kasutades vaid parimaid koostisosi. Meie eesm\u00e4rk on pakkuda sulle mitte lihtsalt l\u00f5hna, vaid t\u00f5elist elamust.  Avasta meie patenteeritud Hearthwick Flame'i puidust taht, mis muudab k\u00fc\u00fcnla s\u00fc\u00fctamise kunstiks.  See mitte ainult ei loo pika tantsiva leegi, vaid toob esile ka iseloomuliku s\u00e4risemise, luues sellega ruumi \u00fcmbritseva keeruka kaminatunde. See pole lihtsalt k\u00fc\u00fcnal; see on l\u00f5hnade poeesia, mis tantsib \u00f5hus, vallutades ruumi s\u00fcgava ja meeldej\u00e4\u00e4va aroomiga.  Kohtu meie unikaalse ellipsikujulise anumaga, mis on kui kunstiteos omaette. See mitte ainult ei paku silmailu, vaid v\u00f5imaldab ka suuremat vahakogumit, rikastades sellega sinu kogemust meie k\u00fc\u00fcnlatega. Tulemus? Tugevam, rikkalikum ja kaasahaaravam l\u00f5hnaelamus, mis k\u00fctkestab sind hetkest, mil k\u00fc\u00fcnla s\u00fc\u00fcdata.  Meie k\u00fc\u00fcnlad on valmistatud ainult parimast esmaklassilisest soja ja parafiini segust, et tagada sulle ainulaadne ja kvaliteetne elamus. Nende koostisosade t\u00e4iuslik s\u00fcnergia saab teoks meie k\u00e4sit\u00f6\u00f6lises l\u00e4henemises, pakkudes sulle rohkem kui lihtsalt k\u00fc\u00fcnla \u2013 see on l\u00f5hnade kunstiteos, mis r\u00e4\u00e4gib oma lugu.","og_url":"https:\/\/www.sleepcity.ee\/toode\/woodwick-kuunal-ellipse-klaasis\/","og_site_name":"SleepCity - Hea Une Valem","article_publisher":"http:\/\/www.fb.com\/TempurEstonia","article_modified_time":"2023-11-16T10:14:46+00:00","og_image":[{"width":2560,"height":2560,"url":"https:\/\/www.sleepcity.ee\/wp-content\/uploads\/2023\/11\/815gCTilT9L.jpg","type":"image\/jpeg"}],"twitter_card":"summary_large_image","schema":{"@context":"https:\/\/schema.org","@graph":[{"@type":"WebPage","@id":"https:\/\/www.sleepcity.ee\/toode\/woodwick-kuunal-ellipse-klaasis\/","url":"https:\/\/www.sleepcity.ee\/toode\/woodwick-kuunal-ellipse-klaasis\/","name":"WoodWick k\u00fc\u00fcnal Ellipse klaasis - SleepCity - Hea Une Valem","isPartOf":{"@id":"https:\/\/sleepcity.ee\/#website"},"primaryImageOfPage":{"@id":"https:\/\/www.sleepcity.ee\/toode\/woodwick-kuunal-ellipse-klaasis\/#primaryimage"},"image":{"@id":"https:\/\/www.sleepcity.ee\/toode\/woodwick-kuunal-ellipse-klaasis\/#primaryimage"},"thumbnailUrl":"https:\/\/sleepcity.ee\/wp-content\/uploads\/2023\/11\/815gCTilT9L.jpg","datePublished":"2023-11-16T10:11:50+00:00","dateModified":"2023-11-16T10:14:46+00:00","description":"Tervita oma meeli meie ainulaadse k\u00fc\u00fcnlakunsti maailmas, kus iga l\u00f5hn on loodud armastuse ja hoolikusega, kasutades vaid parimaid koostisosi. Meie eesm\u00e4rk on pakkuda sulle mitte lihtsalt l\u00f5hna, vaid t\u00f5elist elamust. Avasta meie patenteeritud Hearthwick Flame'i puidust taht, mis muudab k\u00fc\u00fcnla s\u00fc\u00fctamise kunstiks. See mitte ainult ei loo pika tantsiva leegi, vaid toob esile ka iseloomuliku s\u00e4risemise, luues sellega ruumi \u00fcmbritseva keeruka kaminatunde. See pole lihtsalt k\u00fc\u00fcnal; see on l\u00f5hnade poeesia, mis tantsib \u00f5hus, vallutades ruumi s\u00fcgava ja meeldej\u00e4\u00e4va aroomiga. Kohtu meie unikaalse ellipsikujulise anumaga, mis on kui kunstiteos omaette. See mitte ainult ei paku silmailu, vaid v\u00f5imaldab ka suuremat vahakogumit, rikastades sellega sinu kogemust meie k\u00fc\u00fcnlatega. Tulemus? Tugevam, rikkalikum ja kaasahaaravam l\u00f5hnaelamus, mis k\u00fctkestab sind hetkest, mil k\u00fc\u00fcnla s\u00fc\u00fcdata. Meie k\u00fc\u00fcnlad on valmistatud ainult parimast esmaklassilisest soja ja parafiini segust, et tagada sulle ainulaadne ja kvaliteetne elamus. Nende koostisosade t\u00e4iuslik s\u00fcnergia saab teoks meie k\u00e4sit\u00f6\u00f6lises l\u00e4henemises, pakkudes sulle rohkem kui lihtsalt k\u00fc\u00fcnla \u2013 see on l\u00f5hnade kunstiteos, mis r\u00e4\u00e4gib oma lugu.","breadcrumb":{"@id":"https:\/\/www.sleepcity.ee\/toode\/woodwick-kuunal-ellipse-klaasis\/#breadcrumb"},"inLanguage":"et","potentialAction":[{"@type":"ReadAction","target":["https:\/\/www.sleepcity.ee\/toode\/woodwick-kuunal-ellipse-klaasis\/"]}]},{"@type":"ImageObject","inLanguage":"et","@id":"https:\/\/www.sleepcity.ee\/toode\/woodwick-kuunal-ellipse-klaasis\/#primaryimage","url":"https:\/\/sleepcity.ee\/wp-content\/uploads\/2023\/11\/815gCTilT9L.jpg","contentUrl":"https:\/\/sleepcity.ee\/wp-content\/uploads\/2023\/11\/815gCTilT9L.jpg","width":2560,"height":2560},{"@type":"BreadcrumbList","@id":"https:\/\/www.sleepcity.ee\/toode\/woodwick-kuunal-ellipse-klaasis\/#breadcrumb","itemListElement":[{"@type":"ListItem","position":1,"name":"Home","item":"https:\/\/www.sleepcity.ee\/"},{"@type":"ListItem","position":2,"name":"Pood","item":"https:\/\/sleepcity.ee\/pood\/"},{"@type":"ListItem","position":3,"name":"WoodWick k\u00fc\u00fcnal Ellipse klaasis"}]},{"@type":"WebSite","@id":"https:\/\/sleepcity.ee\/#website","url":"https:\/\/sleepcity.ee\/","name":"Tempur Shop","description":"TEMPUR madratsid, voodid, padjad ja muud unetooted.","publisher":{"@id":"https:\/\/sleepcity.ee\/#organization"},"potentialAction":[{"@type":"SearchAction","target":{"@type":"EntryPoint","urlTemplate":"https:\/\/sleepcity.ee\/?s={search_term_string}"},"query-input":{"@type":"PropertyValueSpecification","valueRequired":true,"valueName":"search_term_string"}}],"inLanguage":"et"},{"@type":"Organization","@id":"https:\/\/sleepcity.ee\/#organization","name":"VG Design O\u00dc","url":"https:\/\/sleepcity.ee\/","logo":{"@type":"ImageObject","inLanguage":"et","@id":"https:\/\/sleepcity.ee\/#\/schema\/logo\/image\/","url":"https:\/\/sleepcity.ee\/wp-content\/uploads\/2023\/09\/sleepcity_logo.png","contentUrl":"https:\/\/sleepcity.ee\/wp-content\/uploads\/2023\/09\/sleepcity_logo.png","width":1034,"height":318,"caption":"VG Design O\u00dc"},"image":{"@id":"https:\/\/sleepcity.ee\/#\/schema\/logo\/image\/"},"sameAs":["http:\/\/www.fb.com\/TempurEstonia","http:\/\/www.instagram.com\/tempurestonia"]}]}},"_links":{"self":[{"href":"https:\/\/www.sleepcity.ee\/wp-json\/wp\/v2\/product\/7005","targetHints":{"allow":["GET"]}}],"collection":[{"href":"https:\/\/www.sleepcity.ee\/wp-json\/wp\/v2\/product"}],"about":[{"href":"https:\/\/www.sleepcity.ee\/wp-json\/wp\/v2\/types\/product"}],"replies":[{"embeddable":true,"href":"https:\/\/www.sleepcity.ee\/wp-json\/wp\/v2\/comments?post=7005"}],"wp:featuredmedia":[{"embeddable":true,"href":"https:\/\/www.sleepcity.ee\/wp-json\/wp\/v2\/media\/7034"}],"wp:attachment":[{"href":"https:\/\/www.sleepcity.ee\/wp-json\/wp\/v2\/media?parent=7005"}],"wp:term":[{"taxonomy":"product_brand","embeddable":true,"href":"https:\/\/www.sleepcity.ee\/wp-json\/wp\/v2\/product_brand?post=7005"},{"taxonomy":"product_cat","embeddable":true,"href":"https:\/\/www.sleepcity.ee\/wp-json\/wp\/v2\/product_cat?post=7005"},{"taxonomy":"product_tag","embeddable":true,"href":"https:\/\/www.sleepcity.ee\/wp-json\/wp\/v2\/product_tag?post=7005"}],"curies":[{"name":"wp","href":"https:\/\/api.w.org\/{rel}","templated":true}]}}