{"id":6709,"date":"2023-10-29T09:54:04","date_gmt":"2023-10-29T09:54:04","guid":{"rendered":"https:\/\/sleepcity.ee\/?post_type=product&#038;p=6709"},"modified":"2025-05-23T17:30:38","modified_gmt":"2025-05-23T17:30:38","slug":"ergo-smart-voodi","status":"publish","type":"product","link":"https:\/\/www.sleepcity.ee\/toode\/ergo-smart-voodi\/","title":{"rendered":"Ergo Smart voodi"},"content":{"rendered":"<h3 class=\"title-regular margin-small\">Ergotsiooni omadused:<\/h3>\n<ul>\n<li>Null ootere\u017eiimi toites\u00fcsteem<\/li>\n<li>Elektrikatkestuse kaitse<\/li>\n<li>Vaikse ajamiga mootorid<\/li>\n<li>Nullgravitatsiooni funktsioon mugavaks puhkuseks<\/li>\n<li>Nutis\u00fcsteem koos une j\u00e4lgimisega<\/li>\n<\/ul>\n<h3 class=\"title-regular margin-small\">Juhtmeta kaugjuhtimispult<\/h3>\n<h3 class=\"title-regular margin-small\">M\u00f5\u00f5dud<\/h3>\n<p>180 cm X 200 cm<br \/>\n(2x 90 x 200 cm topeltaluse komplekt)<\/p>\n<p>Voodi omadustega saab tutvuda aadressil: https:\/\/eu.ergomotion.com\/ v\u00f5i\u00a0 k\u00fclastada SleepCity &#8211; Hea Une Valem esindussalongi, P\u00e4rnu mnt 110, Tallinn<\/p>\n","protected":false},"excerpt":{"rendered":"<p><strong>Smart S\u00fcsteem Une j\u00e4lgimine &#8211; Uus-Innovatiivne-Intelligentne.<\/strong><br \/>\nNutikas reguleeritav voodi loodi kombineerimaks mugavat ja intelligentset kogemust.<\/p>\n<p>SMART-s\u00fcsteemiga v\u00f5imaldab ErgoSmart voodi enda und j\u00e4lgida ja samal ajal saavutatakse ErgoSmart abiga suurep\u00e4rane uni. Kunagi pole reguleeritav voodi olnud nii \u00fchendatud ja pakkunud nii suurep\u00e4rast abilist keha paremaks ja s\u00fcgavamaks tundmiseks uneajal.<\/p>\n<p>P\u00f5hiomadused:<\/p>\n<ul>\n<li>Pea ja jalgade \u00fclest\u00f5stmine<\/li>\n<li>\u00dche puutega eelseadistatud lamamisasend<\/li>\n<li>Zero-G\u00ae asend \u2013 kehale maksimaalne tugi ja l\u00f5\u00f5gastus<\/li>\n<li>Neli \u00fcmberprogrammeeritavat eelseadistatud positsiooni<\/li>\n<li>Nullkliirensiga konstruktsioon \u2013 ei vaja jalgade alla j\u00e4\u00e4vat ruumi<\/li>\n<li>Vibratsioonmassaazi funktsioon<\/li>\n<li>Automaatne pea asendi muutmisfunktsioon<\/li>\n<li>Kaks USB-porti<\/li>\n<li>Bluetooth<\/li>\n<li>Voodialune valgustus<\/li>\n<li>Laiendusosa, et madratsit mitte v\u00e4ga painutada<\/li>\n<\/ul>\n","protected":false},"featured_media":7581,"comment_status":"open","ping_status":"closed","template":"","meta":{"_monsterinsights_skip_tracking":false,"_monsterinsights_sitenote_active":false,"_monsterinsights_sitenote_note":"","_monsterinsights_sitenote_category":0},"product_brand":[],"product_cat":[96,95],"product_tag":[],"class_list":{"0":"post-6709","1":"product","2":"type-product","3":"status-publish","4":"has-post-thumbnail","6":"product_cat-motoriseeritud-voodid","7":"product_cat-voodid","9":"first","10":"instock","11":"taxable","12":"shipping-taxable","13":"purchasable","14":"product-type-simple"},"yoast_head":"<!-- This site is optimized with the Yoast SEO plugin v27.3 - https:\/\/yoast.com\/product\/yoast-seo-wordpress\/ -->\n<title>Ergo Smart voodi - SleepCity - Hea Une Valem<\/title>\n<meta name=\"description\" content=\"Smart S\u00fcsteem Une j\u00e4lgimine - Uus-Innovatiivne-Intelligentne. Nutikas reguleeritav voodi loodi kombineerimaks mugavat ja intelligentset kogemust.  SMART-s\u00fcsteemiga v\u00f5imaldab ErgoSmart voodi enda und j\u00e4lgida ja samal ajal saavutatakse ErgoSmart abiga suurep\u00e4rane uni. Kunagi pole reguleeritav voodi olnud nii \u00fchendatud ja pakkunud nii suurep\u00e4rast abilist keha paremaks ja s\u00fcgavamaks tundmiseks uneajal.  P\u00f5hiomadused:   Pea ja jalgade \u00fclest\u00f5stmine  \u00dche puutega eelseadistatud lamamisasend  Zero-G\u00ae asend \u2013 kehale maksimaalne tugi ja l\u00f5\u00f5gastus  Neli \u00fcmberprogrammeeritavat eelseadistatud positsiooni  Nullkliirensiga konstruktsioon \u2013 ei vaja jalgade alla j\u00e4\u00e4vat ruumi  Vibratsioonmassaazi funktsioon  Automaatne pea asendi muutmisfunktsioon  Kaks USB-porti  Bluetooth  Voodialune valgustus  Laiendusosa, et madratsit mitte v\u00e4ga painutada\" \/>\n<meta name=\"robots\" content=\"index, follow, max-snippet:-1, max-image-preview:large, max-video-preview:-1\" \/>\n<link rel=\"canonical\" href=\"https:\/\/www.sleepcity.ee\/toode\/ergo-smart-voodi\/\" \/>\n<meta property=\"og:locale\" content=\"et_EE\" \/>\n<meta property=\"og:type\" content=\"article\" \/>\n<meta property=\"og:title\" content=\"Ergo Smart voodi - SleepCity - Hea Une Valem\" \/>\n<meta property=\"og:description\" content=\"Smart S\u00fcsteem Une j\u00e4lgimine - Uus-Innovatiivne-Intelligentne. Nutikas reguleeritav voodi loodi kombineerimaks mugavat ja intelligentset kogemust.  SMART-s\u00fcsteemiga v\u00f5imaldab ErgoSmart voodi enda und j\u00e4lgida ja samal ajal saavutatakse ErgoSmart abiga suurep\u00e4rane uni. Kunagi pole reguleeritav voodi olnud nii \u00fchendatud ja pakkunud nii suurep\u00e4rast abilist keha paremaks ja s\u00fcgavamaks tundmiseks uneajal.  P\u00f5hiomadused:   Pea ja jalgade \u00fclest\u00f5stmine  \u00dche puutega eelseadistatud lamamisasend  Zero-G\u00ae asend \u2013 kehale maksimaalne tugi ja l\u00f5\u00f5gastus  Neli \u00fcmberprogrammeeritavat eelseadistatud positsiooni  Nullkliirensiga konstruktsioon \u2013 ei vaja jalgade alla j\u00e4\u00e4vat ruumi  Vibratsioonmassaazi funktsioon  Automaatne pea asendi muutmisfunktsioon  Kaks USB-porti  Bluetooth  Voodialune valgustus  Laiendusosa, et madratsit mitte v\u00e4ga painutada\" \/>\n<meta property=\"og:url\" content=\"https:\/\/www.sleepcity.ee\/toode\/ergo-smart-voodi\/\" \/>\n<meta property=\"og:site_name\" content=\"SleepCity - Hea Une Valem\" \/>\n<meta property=\"article:publisher\" content=\"http:\/\/www.fb.com\/TempurEstonia\" \/>\n<meta property=\"article:modified_time\" content=\"2025-05-23T17:30:38+00:00\" \/>\n<meta property=\"og:image\" content=\"https:\/\/sleepcity.ee\/wp-content\/uploads\/2023\/10\/385874697_793047069493528_700913745947476352_n_1696666303-d5edb6d68e133ad57e9c703287509a25.webp\" \/>\n\t<meta property=\"og:image:width\" content=\"656\" \/>\n\t<meta property=\"og:image:height\" content=\"546\" \/>\n\t<meta property=\"og:image:type\" content=\"image\/webp\" \/>\n<meta name=\"twitter:card\" content=\"summary_large_image\" \/>\n<script type=\"application\/ld+json\" class=\"yoast-schema-graph\">{\"@context\":\"https:\\\/\\\/schema.org\",\"@graph\":[{\"@type\":\"WebPage\",\"@id\":\"https:\\\/\\\/www.sleepcity.ee\\\/toode\\\/ergo-smart-voodi\\\/\",\"url\":\"https:\\\/\\\/www.sleepcity.ee\\\/toode\\\/ergo-smart-voodi\\\/\",\"name\":\"Ergo Smart voodi - SleepCity - Hea Une Valem\",\"isPartOf\":{\"@id\":\"https:\\\/\\\/sleepcity.ee\\\/#website\"},\"primaryImageOfPage\":{\"@id\":\"https:\\\/\\\/www.sleepcity.ee\\\/toode\\\/ergo-smart-voodi\\\/#primaryimage\"},\"image\":{\"@id\":\"https:\\\/\\\/www.sleepcity.ee\\\/toode\\\/ergo-smart-voodi\\\/#primaryimage\"},\"thumbnailUrl\":\"https:\\\/\\\/sleepcity.ee\\\/wp-content\\\/uploads\\\/2023\\\/10\\\/385874697_793047069493528_700913745947476352_n_1696666303-d5edb6d68e133ad57e9c703287509a25.webp\",\"datePublished\":\"2023-10-29T09:54:04+00:00\",\"dateModified\":\"2025-05-23T17:30:38+00:00\",\"description\":\"Smart S\u00fcsteem Une j\u00e4lgimine - Uus-Innovatiivne-Intelligentne. Nutikas reguleeritav voodi loodi kombineerimaks mugavat ja intelligentset kogemust. SMART-s\u00fcsteemiga v\u00f5imaldab ErgoSmart voodi enda und j\u00e4lgida ja samal ajal saavutatakse ErgoSmart abiga suurep\u00e4rane uni. Kunagi pole reguleeritav voodi olnud nii \u00fchendatud ja pakkunud nii suurep\u00e4rast abilist keha paremaks ja s\u00fcgavamaks tundmiseks uneajal. P\u00f5hiomadused: Pea ja jalgade \u00fclest\u00f5stmine \u00dche puutega eelseadistatud lamamisasend Zero-G\u00ae asend \u2013 kehale maksimaalne tugi ja l\u00f5\u00f5gastus Neli \u00fcmberprogrammeeritavat eelseadistatud positsiooni Nullkliirensiga konstruktsioon \u2013 ei vaja jalgade alla j\u00e4\u00e4vat ruumi Vibratsioonmassaazi funktsioon Automaatne pea asendi muutmisfunktsioon Kaks USB-porti Bluetooth Voodialune valgustus Laiendusosa, et madratsit mitte v\u00e4ga painutada\",\"breadcrumb\":{\"@id\":\"https:\\\/\\\/www.sleepcity.ee\\\/toode\\\/ergo-smart-voodi\\\/#breadcrumb\"},\"inLanguage\":\"et\",\"potentialAction\":[{\"@type\":\"ReadAction\",\"target\":[\"https:\\\/\\\/www.sleepcity.ee\\\/toode\\\/ergo-smart-voodi\\\/\"]}]},{\"@type\":\"ImageObject\",\"inLanguage\":\"et\",\"@id\":\"https:\\\/\\\/www.sleepcity.ee\\\/toode\\\/ergo-smart-voodi\\\/#primaryimage\",\"url\":\"https:\\\/\\\/sleepcity.ee\\\/wp-content\\\/uploads\\\/2023\\\/10\\\/385874697_793047069493528_700913745947476352_n_1696666303-d5edb6d68e133ad57e9c703287509a25.webp\",\"contentUrl\":\"https:\\\/\\\/sleepcity.ee\\\/wp-content\\\/uploads\\\/2023\\\/10\\\/385874697_793047069493528_700913745947476352_n_1696666303-d5edb6d68e133ad57e9c703287509a25.webp\",\"width\":656,\"height\":546},{\"@type\":\"BreadcrumbList\",\"@id\":\"https:\\\/\\\/www.sleepcity.ee\\\/toode\\\/ergo-smart-voodi\\\/#breadcrumb\",\"itemListElement\":[{\"@type\":\"ListItem\",\"position\":1,\"name\":\"Home\",\"item\":\"https:\\\/\\\/sleepcity.ee\\\/\"},{\"@type\":\"ListItem\",\"position\":2,\"name\":\"Pood\",\"item\":\"https:\\\/\\\/sleepcity.ee\\\/pood\\\/\"},{\"@type\":\"ListItem\",\"position\":3,\"name\":\"Ergo Smart voodi\"}]},{\"@type\":\"WebSite\",\"@id\":\"https:\\\/\\\/sleepcity.ee\\\/#website\",\"url\":\"https:\\\/\\\/sleepcity.ee\\\/\",\"name\":\"Tempur Shop\",\"description\":\"TEMPUR madratsid, voodid, padjad ja muud unetooted.\",\"publisher\":{\"@id\":\"https:\\\/\\\/sleepcity.ee\\\/#organization\"},\"potentialAction\":[{\"@type\":\"SearchAction\",\"target\":{\"@type\":\"EntryPoint\",\"urlTemplate\":\"https:\\\/\\\/sleepcity.ee\\\/?s={search_term_string}\"},\"query-input\":{\"@type\":\"PropertyValueSpecification\",\"valueRequired\":true,\"valueName\":\"search_term_string\"}}],\"inLanguage\":\"et\"},{\"@type\":\"Organization\",\"@id\":\"https:\\\/\\\/sleepcity.ee\\\/#organization\",\"name\":\"VG Design O\u00dc\",\"url\":\"https:\\\/\\\/sleepcity.ee\\\/\",\"logo\":{\"@type\":\"ImageObject\",\"inLanguage\":\"et\",\"@id\":\"https:\\\/\\\/sleepcity.ee\\\/#\\\/schema\\\/logo\\\/image\\\/\",\"url\":\"https:\\\/\\\/sleepcity.ee\\\/wp-content\\\/uploads\\\/2023\\\/09\\\/sleepcity_logo.png\",\"contentUrl\":\"https:\\\/\\\/sleepcity.ee\\\/wp-content\\\/uploads\\\/2023\\\/09\\\/sleepcity_logo.png\",\"width\":1034,\"height\":318,\"caption\":\"VG Design O\u00dc\"},\"image\":{\"@id\":\"https:\\\/\\\/sleepcity.ee\\\/#\\\/schema\\\/logo\\\/image\\\/\"},\"sameAs\":[\"http:\\\/\\\/www.fb.com\\\/TempurEstonia\",\"http:\\\/\\\/www.instagram.com\\\/tempurestonia\"]}]}<\/script>\n<!-- \/ Yoast SEO plugin. -->","yoast_head_json":{"title":"Ergo Smart voodi - SleepCity - Hea Une Valem","description":"Smart S\u00fcsteem Une j\u00e4lgimine - Uus-Innovatiivne-Intelligentne. Nutikas reguleeritav voodi loodi kombineerimaks mugavat ja intelligentset kogemust.  SMART-s\u00fcsteemiga v\u00f5imaldab ErgoSmart voodi enda und j\u00e4lgida ja samal ajal saavutatakse ErgoSmart abiga suurep\u00e4rane uni. Kunagi pole reguleeritav voodi olnud nii \u00fchendatud ja pakkunud nii suurep\u00e4rast abilist keha paremaks ja s\u00fcgavamaks tundmiseks uneajal.  P\u00f5hiomadused:   Pea ja jalgade \u00fclest\u00f5stmine  \u00dche puutega eelseadistatud lamamisasend  Zero-G\u00ae asend \u2013 kehale maksimaalne tugi ja l\u00f5\u00f5gastus  Neli \u00fcmberprogrammeeritavat eelseadistatud positsiooni  Nullkliirensiga konstruktsioon \u2013 ei vaja jalgade alla j\u00e4\u00e4vat ruumi  Vibratsioonmassaazi funktsioon  Automaatne pea asendi muutmisfunktsioon  Kaks USB-porti  Bluetooth  Voodialune valgustus  Laiendusosa, et madratsit mitte v\u00e4ga painutada","robots":{"index":"index","follow":"follow","max-snippet":"max-snippet:-1","max-image-preview":"max-image-preview:large","max-video-preview":"max-video-preview:-1"},"canonical":"https:\/\/www.sleepcity.ee\/toode\/ergo-smart-voodi\/","og_locale":"et_EE","og_type":"article","og_title":"Ergo Smart voodi - SleepCity - Hea Une Valem","og_description":"Smart S\u00fcsteem Une j\u00e4lgimine - Uus-Innovatiivne-Intelligentne. Nutikas reguleeritav voodi loodi kombineerimaks mugavat ja intelligentset kogemust.  SMART-s\u00fcsteemiga v\u00f5imaldab ErgoSmart voodi enda und j\u00e4lgida ja samal ajal saavutatakse ErgoSmart abiga suurep\u00e4rane uni. Kunagi pole reguleeritav voodi olnud nii \u00fchendatud ja pakkunud nii suurep\u00e4rast abilist keha paremaks ja s\u00fcgavamaks tundmiseks uneajal.  P\u00f5hiomadused:   Pea ja jalgade \u00fclest\u00f5stmine  \u00dche puutega eelseadistatud lamamisasend  Zero-G\u00ae asend \u2013 kehale maksimaalne tugi ja l\u00f5\u00f5gastus  Neli \u00fcmberprogrammeeritavat eelseadistatud positsiooni  Nullkliirensiga konstruktsioon \u2013 ei vaja jalgade alla j\u00e4\u00e4vat ruumi  Vibratsioonmassaazi funktsioon  Automaatne pea asendi muutmisfunktsioon  Kaks USB-porti  Bluetooth  Voodialune valgustus  Laiendusosa, et madratsit mitte v\u00e4ga painutada","og_url":"https:\/\/www.sleepcity.ee\/toode\/ergo-smart-voodi\/","og_site_name":"SleepCity - Hea Une Valem","article_publisher":"http:\/\/www.fb.com\/TempurEstonia","article_modified_time":"2025-05-23T17:30:38+00:00","og_image":[{"width":656,"height":546,"url":"https:\/\/sleepcity.ee\/wp-content\/uploads\/2023\/10\/385874697_793047069493528_700913745947476352_n_1696666303-d5edb6d68e133ad57e9c703287509a25.webp","type":"image\/webp"}],"twitter_card":"summary_large_image","schema":{"@context":"https:\/\/schema.org","@graph":[{"@type":"WebPage","@id":"https:\/\/www.sleepcity.ee\/toode\/ergo-smart-voodi\/","url":"https:\/\/www.sleepcity.ee\/toode\/ergo-smart-voodi\/","name":"Ergo Smart voodi - SleepCity - Hea Une Valem","isPartOf":{"@id":"https:\/\/sleepcity.ee\/#website"},"primaryImageOfPage":{"@id":"https:\/\/www.sleepcity.ee\/toode\/ergo-smart-voodi\/#primaryimage"},"image":{"@id":"https:\/\/www.sleepcity.ee\/toode\/ergo-smart-voodi\/#primaryimage"},"thumbnailUrl":"https:\/\/sleepcity.ee\/wp-content\/uploads\/2023\/10\/385874697_793047069493528_700913745947476352_n_1696666303-d5edb6d68e133ad57e9c703287509a25.webp","datePublished":"2023-10-29T09:54:04+00:00","dateModified":"2025-05-23T17:30:38+00:00","description":"Smart S\u00fcsteem Une j\u00e4lgimine - Uus-Innovatiivne-Intelligentne. Nutikas reguleeritav voodi loodi kombineerimaks mugavat ja intelligentset kogemust. SMART-s\u00fcsteemiga v\u00f5imaldab ErgoSmart voodi enda und j\u00e4lgida ja samal ajal saavutatakse ErgoSmart abiga suurep\u00e4rane uni. Kunagi pole reguleeritav voodi olnud nii \u00fchendatud ja pakkunud nii suurep\u00e4rast abilist keha paremaks ja s\u00fcgavamaks tundmiseks uneajal. P\u00f5hiomadused: Pea ja jalgade \u00fclest\u00f5stmine \u00dche puutega eelseadistatud lamamisasend Zero-G\u00ae asend \u2013 kehale maksimaalne tugi ja l\u00f5\u00f5gastus Neli \u00fcmberprogrammeeritavat eelseadistatud positsiooni Nullkliirensiga konstruktsioon \u2013 ei vaja jalgade alla j\u00e4\u00e4vat ruumi Vibratsioonmassaazi funktsioon Automaatne pea asendi muutmisfunktsioon Kaks USB-porti Bluetooth Voodialune valgustus Laiendusosa, et madratsit mitte v\u00e4ga painutada","breadcrumb":{"@id":"https:\/\/www.sleepcity.ee\/toode\/ergo-smart-voodi\/#breadcrumb"},"inLanguage":"et","potentialAction":[{"@type":"ReadAction","target":["https:\/\/www.sleepcity.ee\/toode\/ergo-smart-voodi\/"]}]},{"@type":"ImageObject","inLanguage":"et","@id":"https:\/\/www.sleepcity.ee\/toode\/ergo-smart-voodi\/#primaryimage","url":"https:\/\/sleepcity.ee\/wp-content\/uploads\/2023\/10\/385874697_793047069493528_700913745947476352_n_1696666303-d5edb6d68e133ad57e9c703287509a25.webp","contentUrl":"https:\/\/sleepcity.ee\/wp-content\/uploads\/2023\/10\/385874697_793047069493528_700913745947476352_n_1696666303-d5edb6d68e133ad57e9c703287509a25.webp","width":656,"height":546},{"@type":"BreadcrumbList","@id":"https:\/\/www.sleepcity.ee\/toode\/ergo-smart-voodi\/#breadcrumb","itemListElement":[{"@type":"ListItem","position":1,"name":"Home","item":"https:\/\/sleepcity.ee\/"},{"@type":"ListItem","position":2,"name":"Pood","item":"https:\/\/sleepcity.ee\/pood\/"},{"@type":"ListItem","position":3,"name":"Ergo Smart voodi"}]},{"@type":"WebSite","@id":"https:\/\/sleepcity.ee\/#website","url":"https:\/\/sleepcity.ee\/","name":"Tempur Shop","description":"TEMPUR madratsid, voodid, padjad ja muud unetooted.","publisher":{"@id":"https:\/\/sleepcity.ee\/#organization"},"potentialAction":[{"@type":"SearchAction","target":{"@type":"EntryPoint","urlTemplate":"https:\/\/sleepcity.ee\/?s={search_term_string}"},"query-input":{"@type":"PropertyValueSpecification","valueRequired":true,"valueName":"search_term_string"}}],"inLanguage":"et"},{"@type":"Organization","@id":"https:\/\/sleepcity.ee\/#organization","name":"VG Design O\u00dc","url":"https:\/\/sleepcity.ee\/","logo":{"@type":"ImageObject","inLanguage":"et","@id":"https:\/\/sleepcity.ee\/#\/schema\/logo\/image\/","url":"https:\/\/sleepcity.ee\/wp-content\/uploads\/2023\/09\/sleepcity_logo.png","contentUrl":"https:\/\/sleepcity.ee\/wp-content\/uploads\/2023\/09\/sleepcity_logo.png","width":1034,"height":318,"caption":"VG Design O\u00dc"},"image":{"@id":"https:\/\/sleepcity.ee\/#\/schema\/logo\/image\/"},"sameAs":["http:\/\/www.fb.com\/TempurEstonia","http:\/\/www.instagram.com\/tempurestonia"]}]}},"_links":{"self":[{"href":"https:\/\/www.sleepcity.ee\/wp-json\/wp\/v2\/product\/6709","targetHints":{"allow":["GET"]}}],"collection":[{"href":"https:\/\/www.sleepcity.ee\/wp-json\/wp\/v2\/product"}],"about":[{"href":"https:\/\/www.sleepcity.ee\/wp-json\/wp\/v2\/types\/product"}],"replies":[{"embeddable":true,"href":"https:\/\/www.sleepcity.ee\/wp-json\/wp\/v2\/comments?post=6709"}],"wp:featuredmedia":[{"embeddable":true,"href":"https:\/\/www.sleepcity.ee\/wp-json\/wp\/v2\/media\/7581"}],"wp:attachment":[{"href":"https:\/\/www.sleepcity.ee\/wp-json\/wp\/v2\/media?parent=6709"}],"wp:term":[{"taxonomy":"product_brand","embeddable":true,"href":"https:\/\/www.sleepcity.ee\/wp-json\/wp\/v2\/product_brand?post=6709"},{"taxonomy":"product_cat","embeddable":true,"href":"https:\/\/www.sleepcity.ee\/wp-json\/wp\/v2\/product_cat?post=6709"},{"taxonomy":"product_tag","embeddable":true,"href":"https:\/\/www.sleepcity.ee\/wp-json\/wp\/v2\/product_tag?post=6709"}],"curies":[{"name":"wp","href":"https:\/\/api.w.org\/{rel}","templated":true}]}}