{"id":5079,"date":"2023-05-26T08:18:14","date_gmt":"2023-05-26T08:18:14","guid":{"rendered":"https:\/\/sleepcity.ee\/?post_type=product&#038;p=5079"},"modified":"2025-05-23T15:11:39","modified_gmt":"2025-05-23T15:11:39","slug":"tempur-comfort-padi","status":"publish","type":"product","link":"https:\/\/sleepcity.ee\/toode\/tempur-comfort-padi\/","title":{"rendered":"TEMPUR Comfort padi"},"content":{"rendered":"<div class=\"description-description\">\n<h2><strong>TEMPUR materjal on eriline!<\/strong><\/h2>\n<p>TEMPUR\u00ae materjal on erinev k\u00f5ikidest teistest. Hetk, mil pikali heidad, tundub kui\u00a0<em>puhas maagia<\/em>\u00a0\u2013 materjali rakud reageerivad koheselt sinu keha kujule, kaalule ja soojusele, kohandudes t\u00e4pselt iga sinu kehaosaga. T\u00f5estatult survevaba tugi pakub t\u00e4ielikku mugavust ja toetust. See v\u00f5ib aidata v\u00e4hendada pidevat p\u00f6\u00f6ramist ja k\u00fclje vahetamist une ajal. TEMPUR\u00ae materjal neelab ka partneri liikumise, nii et te ei sega teineteise und. Kuidas TEMPUR\u00ae materjal t\u00f6\u00f6tab, on keeruline, aga selle m\u00f5ju on lihtne: see aitab sul saavutada t\u00f5eliselt kosutava une.<\/p>\n<\/div>\n<h2><strong>TEMPUR<sup>\u00ae<\/sup>\u00a0patjade katted on pestavad kuni 40\u00b0c.<\/strong><\/h2>\n<p>Sinu padi on oluline sinu tervise ja heaolu jaoks, seet\u00f5ttu on t\u00e4htis hoida seda puhta ja v\u00e4rskena. Meie pestavate padjap\u00fc\u00fcridega saad neid mugavalt eemaldada ja pesta pesumasinas kuni 40 \u00b0C juures.*<\/p>\n<div class=\"description-options\"><\/div>\n","protected":false},"excerpt":{"rendered":"<p><strong>Suurep\u00e4rane k\u00f5ikidele magamisasenditele!<\/strong><\/p>\n<p>TEMPURi patenteeritud padjakujundus on valmistatud parima unetehnoloogiaga, et pakkuda peale, kaelale ja \u00f5lgadele vajalikku stressi leevendavat mugavust. Erinevalt tavap\u00e4rastest patjadest, mis v\u00f5ivad longu j\u00e4\u00e4da, kortsuda v\u00f5i lameneda, on TEMPURi disain tugev ja vastupidav.<\/p>\n<p>Valmistatud samast ainulaadsest TEMPUR\u00ae materjalist nagu meie madratsid, pakub see padi t\u00e4ielikku mugavust, nii et <strong>pea, kael ja \u00f5lad saavad t\u00e4ielikult l\u00f5\u00f5gastuda. <\/strong>Padjas on viskoelastsed rakud, mis kohanduvad koheselt teie kujuga ja tekib kohene leevendus lihaste l\u00f5dvestamiseks.<\/p>\n<p>Padja kuju taastub p\u00fcsti t\u00f5ustes alati algsele kujule.<\/p>\n<p>Kui tahad traditsioonilist patja ja magad selili, k\u00fclili v\u00f5i k\u00f5huli\u00a0 \u2013 v\u00f5i mis tahes kombineerid neid asendeid \u2013 see padi sobib just Sulle.<\/p>\n<p>Saadaval suurused:<\/p>\n<ul>\n<li>50x60cm ja 50x70cm\u00a0 SOFT (Cloud-pehme)<\/li>\n<li>50x60cm\u00a0 ja 50x70cm MEDIUM (Original-j\u00e4ik)<\/li>\n<\/ul>\n","protected":false},"featured_media":9114,"comment_status":"closed","ping_status":"closed","template":"","meta":{"_monsterinsights_skip_tracking":false,"_monsterinsights_sitenote_active":false,"_monsterinsights_sitenote_note":"","_monsterinsights_sitenote_category":0},"product_brand":[],"product_cat":[93],"product_tag":[],"class_list":{"0":"post-5079","1":"product","2":"type-product","3":"status-publish","4":"has-post-thumbnail","6":"product_cat-traditsioonilised-padjad","8":"first","9":"instock","10":"taxable","11":"shipping-taxable","12":"purchasable","13":"product-type-variable"},"yoast_head":"<!-- This site is optimized with the Yoast SEO plugin v27.4 - https:\/\/yoast.com\/product\/yoast-seo-wordpress\/ -->\n<title>TEMPUR Comfort padi - SleepCity - Hea Une Valem<\/title>\n<meta name=\"description\" content=\"Tempur Comfort Medium ja Soft padi- kui tahad traditsioonilist patja ja magad selili, k\u00fclili v\u00f5i k\u00f5huli\u00a0 \u2013 v\u00f5i mis tahes kombineerid neid asendeid\u2013 see padi sobib just sulle.\" \/>\n<meta name=\"robots\" content=\"index, follow, max-snippet:-1, max-image-preview:large, max-video-preview:-1\" \/>\n<link rel=\"canonical\" href=\"https:\/\/www.sleepcity.ee\/toode\/tempur-comfort-padi\/\" \/>\n<meta property=\"og:locale\" content=\"et_EE\" \/>\n<meta property=\"og:type\" content=\"article\" \/>\n<meta property=\"og:title\" content=\"TEMPUR Comfort padi - SleepCity - Hea Une Valem\" \/>\n<meta property=\"og:description\" content=\"Tempur Comfort Medium ja Soft padi- kui tahad traditsioonilist patja ja magad selili, k\u00fclili v\u00f5i k\u00f5huli\u00a0 \u2013 v\u00f5i mis tahes kombineerid neid asendeid\u2013 see padi sobib just sulle.\" \/>\n<meta property=\"og:url\" content=\"https:\/\/www.sleepcity.ee\/toode\/tempur-comfort-padi\/\" \/>\n<meta property=\"og:site_name\" content=\"SleepCity - Hea Une Valem\" \/>\n<meta property=\"article:publisher\" content=\"http:\/\/www.fb.com\/TempurEstonia\" \/>\n<meta property=\"article:modified_time\" content=\"2025-05-23T15:11:39+00:00\" \/>\n<meta property=\"og:image\" content=\"https:\/\/www.sleepcity.ee\/wp-content\/uploads\/2023\/05\/Comfort_full.jpg\" \/>\n\t<meta property=\"og:image:width\" content=\"562\" \/>\n\t<meta property=\"og:image:height\" content=\"800\" \/>\n\t<meta property=\"og:image:type\" content=\"image\/jpeg\" \/>\n<meta name=\"twitter:card\" content=\"summary_large_image\" \/>\n<meta name=\"twitter:label1\" content=\"Est. reading time\" \/>\n\t<meta name=\"twitter:data1\" content=\"1 minut\" \/>\n<script type=\"application\/ld+json\" class=\"yoast-schema-graph\">{\"@context\":\"https:\\\/\\\/schema.org\",\"@graph\":[{\"@type\":\"WebPage\",\"@id\":\"https:\\\/\\\/www.sleepcity.ee\\\/toode\\\/tempur-comfort-padi\\\/\",\"url\":\"https:\\\/\\\/www.sleepcity.ee\\\/toode\\\/tempur-comfort-padi\\\/\",\"name\":\"TEMPUR Comfort padi - SleepCity - Hea Une Valem\",\"isPartOf\":{\"@id\":\"https:\\\/\\\/sleepcity.ee\\\/#website\"},\"primaryImageOfPage\":{\"@id\":\"https:\\\/\\\/www.sleepcity.ee\\\/toode\\\/tempur-comfort-padi\\\/#primaryimage\"},\"image\":{\"@id\":\"https:\\\/\\\/www.sleepcity.ee\\\/toode\\\/tempur-comfort-padi\\\/#primaryimage\"},\"thumbnailUrl\":\"https:\\\/\\\/sleepcity.ee\\\/wp-content\\\/uploads\\\/2023\\\/05\\\/Comfort_full.jpg\",\"datePublished\":\"2023-05-26T08:18:14+00:00\",\"dateModified\":\"2025-05-23T15:11:39+00:00\",\"description\":\"Tempur Comfort Medium ja Soft padi- kui tahad traditsioonilist patja ja magad selili, k\u00fclili v\u00f5i k\u00f5huli\u00a0 \u2013 v\u00f5i mis tahes kombineerid neid asendeid\u2013 see padi sobib just sulle.\",\"breadcrumb\":{\"@id\":\"https:\\\/\\\/www.sleepcity.ee\\\/toode\\\/tempur-comfort-padi\\\/#breadcrumb\"},\"inLanguage\":\"et\",\"potentialAction\":[{\"@type\":\"ReadAction\",\"target\":[\"https:\\\/\\\/www.sleepcity.ee\\\/toode\\\/tempur-comfort-padi\\\/\"]}]},{\"@type\":\"ImageObject\",\"inLanguage\":\"et\",\"@id\":\"https:\\\/\\\/www.sleepcity.ee\\\/toode\\\/tempur-comfort-padi\\\/#primaryimage\",\"url\":\"https:\\\/\\\/sleepcity.ee\\\/wp-content\\\/uploads\\\/2023\\\/05\\\/Comfort_full.jpg\",\"contentUrl\":\"https:\\\/\\\/sleepcity.ee\\\/wp-content\\\/uploads\\\/2023\\\/05\\\/Comfort_full.jpg\",\"width\":562,\"height\":800},{\"@type\":\"BreadcrumbList\",\"@id\":\"https:\\\/\\\/www.sleepcity.ee\\\/toode\\\/tempur-comfort-padi\\\/#breadcrumb\",\"itemListElement\":[{\"@type\":\"ListItem\",\"position\":1,\"name\":\"Home\",\"item\":\"https:\\\/\\\/sleepcity.ee\\\/\"},{\"@type\":\"ListItem\",\"position\":2,\"name\":\"Pood\",\"item\":\"https:\\\/\\\/sleepcity.ee\\\/pood\\\/\"},{\"@type\":\"ListItem\",\"position\":3,\"name\":\"TEMPUR Comfort padi\"}]},{\"@type\":\"WebSite\",\"@id\":\"https:\\\/\\\/sleepcity.ee\\\/#website\",\"url\":\"https:\\\/\\\/sleepcity.ee\\\/\",\"name\":\"Tempur Shop\",\"description\":\"TEMPUR madratsid, voodid, padjad ja muud unetooted.\",\"publisher\":{\"@id\":\"https:\\\/\\\/sleepcity.ee\\\/#organization\"},\"potentialAction\":[{\"@type\":\"SearchAction\",\"target\":{\"@type\":\"EntryPoint\",\"urlTemplate\":\"https:\\\/\\\/sleepcity.ee\\\/?s={search_term_string}\"},\"query-input\":{\"@type\":\"PropertyValueSpecification\",\"valueRequired\":true,\"valueName\":\"search_term_string\"}}],\"inLanguage\":\"et\"},{\"@type\":\"Organization\",\"@id\":\"https:\\\/\\\/sleepcity.ee\\\/#organization\",\"name\":\"VG Design O\u00dc\",\"url\":\"https:\\\/\\\/sleepcity.ee\\\/\",\"logo\":{\"@type\":\"ImageObject\",\"inLanguage\":\"et\",\"@id\":\"https:\\\/\\\/sleepcity.ee\\\/#\\\/schema\\\/logo\\\/image\\\/\",\"url\":\"https:\\\/\\\/sleepcity.ee\\\/wp-content\\\/uploads\\\/2023\\\/09\\\/sleepcity_logo.png\",\"contentUrl\":\"https:\\\/\\\/sleepcity.ee\\\/wp-content\\\/uploads\\\/2023\\\/09\\\/sleepcity_logo.png\",\"width\":1034,\"height\":318,\"caption\":\"VG Design O\u00dc\"},\"image\":{\"@id\":\"https:\\\/\\\/sleepcity.ee\\\/#\\\/schema\\\/logo\\\/image\\\/\"},\"sameAs\":[\"http:\\\/\\\/www.fb.com\\\/TempurEstonia\",\"http:\\\/\\\/www.instagram.com\\\/tempurestonia\"]}]}<\/script>\n<!-- \/ Yoast SEO plugin. -->","yoast_head_json":{"title":"TEMPUR Comfort padi - SleepCity - Hea Une Valem","description":"Tempur Comfort Medium ja Soft padi- kui tahad traditsioonilist patja ja magad selili, k\u00fclili v\u00f5i k\u00f5huli\u00a0 \u2013 v\u00f5i mis tahes kombineerid neid asendeid\u2013 see padi sobib just sulle.","robots":{"index":"index","follow":"follow","max-snippet":"max-snippet:-1","max-image-preview":"max-image-preview:large","max-video-preview":"max-video-preview:-1"},"canonical":"https:\/\/www.sleepcity.ee\/toode\/tempur-comfort-padi\/","og_locale":"et_EE","og_type":"article","og_title":"TEMPUR Comfort padi - SleepCity - Hea Une Valem","og_description":"Tempur Comfort Medium ja Soft padi- kui tahad traditsioonilist patja ja magad selili, k\u00fclili v\u00f5i k\u00f5huli\u00a0 \u2013 v\u00f5i mis tahes kombineerid neid asendeid\u2013 see padi sobib just sulle.","og_url":"https:\/\/www.sleepcity.ee\/toode\/tempur-comfort-padi\/","og_site_name":"SleepCity - Hea Une Valem","article_publisher":"http:\/\/www.fb.com\/TempurEstonia","article_modified_time":"2025-05-23T15:11:39+00:00","og_image":[{"width":562,"height":800,"url":"https:\/\/www.sleepcity.ee\/wp-content\/uploads\/2023\/05\/Comfort_full.jpg","type":"image\/jpeg"}],"twitter_card":"summary_large_image","twitter_misc":{"Est. reading time":"1 minut"},"schema":{"@context":"https:\/\/schema.org","@graph":[{"@type":"WebPage","@id":"https:\/\/www.sleepcity.ee\/toode\/tempur-comfort-padi\/","url":"https:\/\/www.sleepcity.ee\/toode\/tempur-comfort-padi\/","name":"TEMPUR Comfort padi - SleepCity - Hea Une Valem","isPartOf":{"@id":"https:\/\/sleepcity.ee\/#website"},"primaryImageOfPage":{"@id":"https:\/\/www.sleepcity.ee\/toode\/tempur-comfort-padi\/#primaryimage"},"image":{"@id":"https:\/\/www.sleepcity.ee\/toode\/tempur-comfort-padi\/#primaryimage"},"thumbnailUrl":"https:\/\/sleepcity.ee\/wp-content\/uploads\/2023\/05\/Comfort_full.jpg","datePublished":"2023-05-26T08:18:14+00:00","dateModified":"2025-05-23T15:11:39+00:00","description":"Tempur Comfort Medium ja Soft padi- kui tahad traditsioonilist patja ja magad selili, k\u00fclili v\u00f5i k\u00f5huli\u00a0 \u2013 v\u00f5i mis tahes kombineerid neid asendeid\u2013 see padi sobib just sulle.","breadcrumb":{"@id":"https:\/\/www.sleepcity.ee\/toode\/tempur-comfort-padi\/#breadcrumb"},"inLanguage":"et","potentialAction":[{"@type":"ReadAction","target":["https:\/\/www.sleepcity.ee\/toode\/tempur-comfort-padi\/"]}]},{"@type":"ImageObject","inLanguage":"et","@id":"https:\/\/www.sleepcity.ee\/toode\/tempur-comfort-padi\/#primaryimage","url":"https:\/\/sleepcity.ee\/wp-content\/uploads\/2023\/05\/Comfort_full.jpg","contentUrl":"https:\/\/sleepcity.ee\/wp-content\/uploads\/2023\/05\/Comfort_full.jpg","width":562,"height":800},{"@type":"BreadcrumbList","@id":"https:\/\/www.sleepcity.ee\/toode\/tempur-comfort-padi\/#breadcrumb","itemListElement":[{"@type":"ListItem","position":1,"name":"Home","item":"https:\/\/sleepcity.ee\/"},{"@type":"ListItem","position":2,"name":"Pood","item":"https:\/\/sleepcity.ee\/pood\/"},{"@type":"ListItem","position":3,"name":"TEMPUR Comfort padi"}]},{"@type":"WebSite","@id":"https:\/\/sleepcity.ee\/#website","url":"https:\/\/sleepcity.ee\/","name":"Tempur Shop","description":"TEMPUR madratsid, voodid, padjad ja muud unetooted.","publisher":{"@id":"https:\/\/sleepcity.ee\/#organization"},"potentialAction":[{"@type":"SearchAction","target":{"@type":"EntryPoint","urlTemplate":"https:\/\/sleepcity.ee\/?s={search_term_string}"},"query-input":{"@type":"PropertyValueSpecification","valueRequired":true,"valueName":"search_term_string"}}],"inLanguage":"et"},{"@type":"Organization","@id":"https:\/\/sleepcity.ee\/#organization","name":"VG Design O\u00dc","url":"https:\/\/sleepcity.ee\/","logo":{"@type":"ImageObject","inLanguage":"et","@id":"https:\/\/sleepcity.ee\/#\/schema\/logo\/image\/","url":"https:\/\/sleepcity.ee\/wp-content\/uploads\/2023\/09\/sleepcity_logo.png","contentUrl":"https:\/\/sleepcity.ee\/wp-content\/uploads\/2023\/09\/sleepcity_logo.png","width":1034,"height":318,"caption":"VG Design O\u00dc"},"image":{"@id":"https:\/\/sleepcity.ee\/#\/schema\/logo\/image\/"},"sameAs":["http:\/\/www.fb.com\/TempurEstonia","http:\/\/www.instagram.com\/tempurestonia"]}]}},"_links":{"self":[{"href":"https:\/\/sleepcity.ee\/wp-json\/wp\/v2\/product\/5079","targetHints":{"allow":["GET"]}}],"collection":[{"href":"https:\/\/sleepcity.ee\/wp-json\/wp\/v2\/product"}],"about":[{"href":"https:\/\/sleepcity.ee\/wp-json\/wp\/v2\/types\/product"}],"replies":[{"embeddable":true,"href":"https:\/\/sleepcity.ee\/wp-json\/wp\/v2\/comments?post=5079"}],"wp:featuredmedia":[{"embeddable":true,"href":"https:\/\/sleepcity.ee\/wp-json\/wp\/v2\/media\/9114"}],"wp:attachment":[{"href":"https:\/\/sleepcity.ee\/wp-json\/wp\/v2\/media?parent=5079"}],"wp:term":[{"taxonomy":"product_brand","embeddable":true,"href":"https:\/\/sleepcity.ee\/wp-json\/wp\/v2\/product_brand?post=5079"},{"taxonomy":"product_cat","embeddable":true,"href":"https:\/\/sleepcity.ee\/wp-json\/wp\/v2\/product_cat?post=5079"},{"taxonomy":"product_tag","embeddable":true,"href":"https:\/\/sleepcity.ee\/wp-json\/wp\/v2\/product_tag?post=5079"}],"curies":[{"name":"wp","href":"https:\/\/api.w.org\/{rel}","templated":true}]}}