{"id":4801,"date":"2022-03-21T10:58:19","date_gmt":"2022-03-21T10:58:19","guid":{"rendered":"https:\/\/sleepcity.ee\/?post_type=product&#038;p=4801"},"modified":"2025-12-16T09:01:50","modified_gmt":"2025-12-16T09:01:50","slug":"tempur-sealy-prestige-madrats-hybrid-style","status":"publish","type":"product","link":"https:\/\/www.sleepcity.ee\/toode\/tempur-sealy-prestige-madrats-hybrid-style\/","title":{"rendered":"Tempur Sealy Prestige madrats Hybrid Style"},"content":{"rendered":"<pre id=\"tw-target-text\" class=\"tw-data-text tw-text-large tw-ta\" dir=\"ltr\" data-placeholder=\"T\u00f5lge\"><span class=\"Y2IQFc\" lang=\"et\">Madrats: sile pealispind, Waterfall konstruktsioon \r\nPosturepedic\u2122 tehnoloogiaga\r\nKate: UltraStretch Mid-Loft madratsikate \r\nKoosneb: 2,5 m Sealy ComfortSense\u2122 vaht, \r\n         4 cm SealySupport\u2122 vaht\r\n         Vedrud: Response Pro Zoned vedrud(1010 vedrut madratsis 160 \u00d7 200cm) \r\n         Serv: DuraFlex\u2122 Coil Edge System\r\n         Alus: 2 cm SealySupport\u2122 tugev vaht \r\n\r\nGarantii: 10 aastat\r\n\r\n<\/span><\/pre>\n","protected":false},"excerpt":{"rendered":"<p><span class=\"Y2IQFc\" lang=\"et\"><span style=\"text-decoration: underline;\"><strong>Uus Tempur Sealy Prestige vedrumadrats.<\/strong><\/span><\/span><\/p>\n<p><strong>Sealy Prestige madrats<\/strong> on uue tehnoloogiaga valmistatud 25 cm k\u00f5rgusega erakordse mugavusega madrats, kus on kasutatud uudset Posturepedic tehnoloogiat, mis tagab magades kehale \u00f5igesti jagatud r\u00f5hu.<\/p>\n<p>Uue Sealy kollektsiooni k\u00f5ige k\u00f5vem madrats, mis \u00fchendab endas k\u00f5ik vedrud\u00fcnaamika eelised mugava toe ja moodsate poroloonide sobivusega.<\/p>\n<p><span class=\"Y2IQFc\" lang=\"et\">\u00dclemine osa koosneb kahte t\u00fc\u00fcpi vahtudest Sealy Comfort Sense\u2122 ja Sealy Support\u2122, mis kohanduvad ideaalselt kehakujuga ja tagavad optimaalse temperatuuri.\u00a0Alumises osas on taskuvedrud, mis tagavad paindliku toe.\u00a0Vedrude ja vahu kombinatsioon tagab mugavuse ja toe tasakaalu.<\/span><\/p>\n<p>&nbsp;<\/p>\n<p>&nbsp;<\/p>\n","protected":false},"featured_media":5023,"comment_status":"open","ping_status":"closed","template":"","meta":{"_monsterinsights_skip_tracking":false,"_monsterinsights_sitenote_active":false,"_monsterinsights_sitenote_note":"","_monsterinsights_sitenote_category":0},"product_brand":[],"product_cat":[87,268],"product_tag":[],"class_list":{"0":"post-4801","1":"product","2":"type-product","3":"status-publish","4":"has-post-thumbnail","6":"product_cat-madratsid","7":"product_cat-tempur-sealy-vedrumadratsid","9":"first","10":"instock","11":"taxable","12":"shipping-taxable","13":"purchasable","14":"product-type-variable"},"yoast_head":"<!-- This site is optimized with the Yoast SEO plugin v27.3 - https:\/\/yoast.com\/product\/yoast-seo-wordpress\/ -->\n<title>Tempur Sealy Prestige madrats Hybrid Style - SleepCity - Hea Une Valem<\/title>\n<meta name=\"description\" content=\"Sealy Prestige madrats on uue tehnoloogiaga valmistatud 25 cm k\u00f5rgusega erakordse mugavusega madrats, kus on kasutatud uudset Posturepedic tehnoloogiat, mis tagab magades kehale \u00f5igesti jagatud r\u00f5hu.\" \/>\n<meta name=\"robots\" content=\"index, follow, max-snippet:-1, max-image-preview:large, max-video-preview:-1\" \/>\n<link rel=\"canonical\" href=\"https:\/\/www.sleepcity.ee\/toode\/tempur-sealy-prestige-madrats-hybrid-style\/\" \/>\n<meta property=\"og:locale\" content=\"et_EE\" \/>\n<meta property=\"og:type\" content=\"article\" \/>\n<meta property=\"og:title\" content=\"Tempur Sealy Prestige madrats Hybrid Style - SleepCity - Hea Une Valem\" \/>\n<meta property=\"og:description\" content=\"Sealy Prestige madrats on uue tehnoloogiaga valmistatud 25 cm k\u00f5rgusega erakordse mugavusega madrats, kus on kasutatud uudset Posturepedic tehnoloogiat, mis tagab magades kehale \u00f5igesti jagatud r\u00f5hu.\" \/>\n<meta property=\"og:url\" content=\"https:\/\/www.sleepcity.ee\/toode\/tempur-sealy-prestige-madrats-hybrid-style\/\" \/>\n<meta property=\"og:site_name\" content=\"SleepCity - Hea Une Valem\" \/>\n<meta property=\"article:publisher\" content=\"http:\/\/www.fb.com\/TempurEstonia\" \/>\n<meta property=\"article:modified_time\" content=\"2025-12-16T09:01:50+00:00\" \/>\n<meta property=\"og:image\" content=\"https:\/\/sleepcity.ee\/wp-content\/uploads\/2022\/03\/materac-sealy-prestige.jpg\" \/>\n\t<meta property=\"og:image:width\" content=\"1000\" \/>\n\t<meta property=\"og:image:height\" content=\"800\" \/>\n\t<meta property=\"og:image:type\" content=\"image\/jpeg\" \/>\n<meta name=\"twitter:card\" content=\"summary_large_image\" \/>\n<meta name=\"twitter:label1\" content=\"Est. reading time\" \/>\n\t<meta name=\"twitter:data1\" content=\"1 minut\" \/>\n<script type=\"application\/ld+json\" class=\"yoast-schema-graph\">{\"@context\":\"https:\\\/\\\/schema.org\",\"@graph\":[{\"@type\":\"WebPage\",\"@id\":\"https:\\\/\\\/www.sleepcity.ee\\\/toode\\\/tempur-sealy-prestige-madrats-hybrid-style\\\/\",\"url\":\"https:\\\/\\\/www.sleepcity.ee\\\/toode\\\/tempur-sealy-prestige-madrats-hybrid-style\\\/\",\"name\":\"Tempur Sealy Prestige madrats Hybrid Style - SleepCity - Hea Une Valem\",\"isPartOf\":{\"@id\":\"https:\\\/\\\/sleepcity.ee\\\/#website\"},\"primaryImageOfPage\":{\"@id\":\"https:\\\/\\\/www.sleepcity.ee\\\/toode\\\/tempur-sealy-prestige-madrats-hybrid-style\\\/#primaryimage\"},\"image\":{\"@id\":\"https:\\\/\\\/www.sleepcity.ee\\\/toode\\\/tempur-sealy-prestige-madrats-hybrid-style\\\/#primaryimage\"},\"thumbnailUrl\":\"https:\\\/\\\/www.sleepcity.ee\\\/wp-content\\\/uploads\\\/2022\\\/03\\\/materac-sealy-prestige.jpg\",\"datePublished\":\"2022-03-21T10:58:19+00:00\",\"dateModified\":\"2025-12-16T09:01:50+00:00\",\"description\":\"Sealy Prestige madrats on uue tehnoloogiaga valmistatud 25 cm k\u00f5rgusega erakordse mugavusega madrats, kus on kasutatud uudset Posturepedic tehnoloogiat, mis tagab magades kehale \u00f5igesti jagatud r\u00f5hu.\",\"breadcrumb\":{\"@id\":\"https:\\\/\\\/www.sleepcity.ee\\\/toode\\\/tempur-sealy-prestige-madrats-hybrid-style\\\/#breadcrumb\"},\"inLanguage\":\"et\",\"potentialAction\":[{\"@type\":\"ReadAction\",\"target\":[\"https:\\\/\\\/www.sleepcity.ee\\\/toode\\\/tempur-sealy-prestige-madrats-hybrid-style\\\/\"]}]},{\"@type\":\"ImageObject\",\"inLanguage\":\"et\",\"@id\":\"https:\\\/\\\/www.sleepcity.ee\\\/toode\\\/tempur-sealy-prestige-madrats-hybrid-style\\\/#primaryimage\",\"url\":\"https:\\\/\\\/www.sleepcity.ee\\\/wp-content\\\/uploads\\\/2022\\\/03\\\/materac-sealy-prestige.jpg\",\"contentUrl\":\"https:\\\/\\\/www.sleepcity.ee\\\/wp-content\\\/uploads\\\/2022\\\/03\\\/materac-sealy-prestige.jpg\",\"width\":1000,\"height\":800},{\"@type\":\"BreadcrumbList\",\"@id\":\"https:\\\/\\\/www.sleepcity.ee\\\/toode\\\/tempur-sealy-prestige-madrats-hybrid-style\\\/#breadcrumb\",\"itemListElement\":[{\"@type\":\"ListItem\",\"position\":1,\"name\":\"Home\",\"item\":\"https:\\\/\\\/www.sleepcity.ee\\\/\"},{\"@type\":\"ListItem\",\"position\":2,\"name\":\"Pood\",\"item\":\"https:\\\/\\\/sleepcity.ee\\\/pood\\\/\"},{\"@type\":\"ListItem\",\"position\":3,\"name\":\"Tempur Sealy Prestige madrats Hybrid Style\"}]},{\"@type\":\"WebSite\",\"@id\":\"https:\\\/\\\/sleepcity.ee\\\/#website\",\"url\":\"https:\\\/\\\/sleepcity.ee\\\/\",\"name\":\"Tempur Shop\",\"description\":\"TEMPUR madratsid, voodid, padjad ja muud unetooted.\",\"publisher\":{\"@id\":\"https:\\\/\\\/sleepcity.ee\\\/#organization\"},\"potentialAction\":[{\"@type\":\"SearchAction\",\"target\":{\"@type\":\"EntryPoint\",\"urlTemplate\":\"https:\\\/\\\/sleepcity.ee\\\/?s={search_term_string}\"},\"query-input\":{\"@type\":\"PropertyValueSpecification\",\"valueRequired\":true,\"valueName\":\"search_term_string\"}}],\"inLanguage\":\"et\"},{\"@type\":\"Organization\",\"@id\":\"https:\\\/\\\/sleepcity.ee\\\/#organization\",\"name\":\"VG Design O\u00dc\",\"url\":\"https:\\\/\\\/sleepcity.ee\\\/\",\"logo\":{\"@type\":\"ImageObject\",\"inLanguage\":\"et\",\"@id\":\"https:\\\/\\\/sleepcity.ee\\\/#\\\/schema\\\/logo\\\/image\\\/\",\"url\":\"https:\\\/\\\/www.sleepcity.ee\\\/wp-content\\\/uploads\\\/2023\\\/09\\\/sleepcity_logo.png\",\"contentUrl\":\"https:\\\/\\\/www.sleepcity.ee\\\/wp-content\\\/uploads\\\/2023\\\/09\\\/sleepcity_logo.png\",\"width\":1034,\"height\":318,\"caption\":\"VG Design O\u00dc\"},\"image\":{\"@id\":\"https:\\\/\\\/sleepcity.ee\\\/#\\\/schema\\\/logo\\\/image\\\/\"},\"sameAs\":[\"http:\\\/\\\/www.fb.com\\\/TempurEstonia\",\"http:\\\/\\\/www.instagram.com\\\/tempurestonia\"]}]}<\/script>\n<!-- \/ Yoast SEO plugin. -->","yoast_head_json":{"title":"Tempur Sealy Prestige madrats Hybrid Style - SleepCity - Hea Une Valem","description":"Sealy Prestige madrats on uue tehnoloogiaga valmistatud 25 cm k\u00f5rgusega erakordse mugavusega madrats, kus on kasutatud uudset Posturepedic tehnoloogiat, mis tagab magades kehale \u00f5igesti jagatud r\u00f5hu.","robots":{"index":"index","follow":"follow","max-snippet":"max-snippet:-1","max-image-preview":"max-image-preview:large","max-video-preview":"max-video-preview:-1"},"canonical":"https:\/\/www.sleepcity.ee\/toode\/tempur-sealy-prestige-madrats-hybrid-style\/","og_locale":"et_EE","og_type":"article","og_title":"Tempur Sealy Prestige madrats Hybrid Style - SleepCity - Hea Une Valem","og_description":"Sealy Prestige madrats on uue tehnoloogiaga valmistatud 25 cm k\u00f5rgusega erakordse mugavusega madrats, kus on kasutatud uudset Posturepedic tehnoloogiat, mis tagab magades kehale \u00f5igesti jagatud r\u00f5hu.","og_url":"https:\/\/www.sleepcity.ee\/toode\/tempur-sealy-prestige-madrats-hybrid-style\/","og_site_name":"SleepCity - Hea Une Valem","article_publisher":"http:\/\/www.fb.com\/TempurEstonia","article_modified_time":"2025-12-16T09:01:50+00:00","og_image":[{"width":1000,"height":800,"url":"https:\/\/sleepcity.ee\/wp-content\/uploads\/2022\/03\/materac-sealy-prestige.jpg","type":"image\/jpeg"}],"twitter_card":"summary_large_image","twitter_misc":{"Est. reading time":"1 minut"},"schema":{"@context":"https:\/\/schema.org","@graph":[{"@type":"WebPage","@id":"https:\/\/www.sleepcity.ee\/toode\/tempur-sealy-prestige-madrats-hybrid-style\/","url":"https:\/\/www.sleepcity.ee\/toode\/tempur-sealy-prestige-madrats-hybrid-style\/","name":"Tempur Sealy Prestige madrats Hybrid Style - SleepCity - Hea Une Valem","isPartOf":{"@id":"https:\/\/sleepcity.ee\/#website"},"primaryImageOfPage":{"@id":"https:\/\/www.sleepcity.ee\/toode\/tempur-sealy-prestige-madrats-hybrid-style\/#primaryimage"},"image":{"@id":"https:\/\/www.sleepcity.ee\/toode\/tempur-sealy-prestige-madrats-hybrid-style\/#primaryimage"},"thumbnailUrl":"https:\/\/www.sleepcity.ee\/wp-content\/uploads\/2022\/03\/materac-sealy-prestige.jpg","datePublished":"2022-03-21T10:58:19+00:00","dateModified":"2025-12-16T09:01:50+00:00","description":"Sealy Prestige madrats on uue tehnoloogiaga valmistatud 25 cm k\u00f5rgusega erakordse mugavusega madrats, kus on kasutatud uudset Posturepedic tehnoloogiat, mis tagab magades kehale \u00f5igesti jagatud r\u00f5hu.","breadcrumb":{"@id":"https:\/\/www.sleepcity.ee\/toode\/tempur-sealy-prestige-madrats-hybrid-style\/#breadcrumb"},"inLanguage":"et","potentialAction":[{"@type":"ReadAction","target":["https:\/\/www.sleepcity.ee\/toode\/tempur-sealy-prestige-madrats-hybrid-style\/"]}]},{"@type":"ImageObject","inLanguage":"et","@id":"https:\/\/www.sleepcity.ee\/toode\/tempur-sealy-prestige-madrats-hybrid-style\/#primaryimage","url":"https:\/\/www.sleepcity.ee\/wp-content\/uploads\/2022\/03\/materac-sealy-prestige.jpg","contentUrl":"https:\/\/www.sleepcity.ee\/wp-content\/uploads\/2022\/03\/materac-sealy-prestige.jpg","width":1000,"height":800},{"@type":"BreadcrumbList","@id":"https:\/\/www.sleepcity.ee\/toode\/tempur-sealy-prestige-madrats-hybrid-style\/#breadcrumb","itemListElement":[{"@type":"ListItem","position":1,"name":"Home","item":"https:\/\/www.sleepcity.ee\/"},{"@type":"ListItem","position":2,"name":"Pood","item":"https:\/\/sleepcity.ee\/pood\/"},{"@type":"ListItem","position":3,"name":"Tempur Sealy Prestige madrats Hybrid Style"}]},{"@type":"WebSite","@id":"https:\/\/sleepcity.ee\/#website","url":"https:\/\/sleepcity.ee\/","name":"Tempur Shop","description":"TEMPUR madratsid, voodid, padjad ja muud unetooted.","publisher":{"@id":"https:\/\/sleepcity.ee\/#organization"},"potentialAction":[{"@type":"SearchAction","target":{"@type":"EntryPoint","urlTemplate":"https:\/\/sleepcity.ee\/?s={search_term_string}"},"query-input":{"@type":"PropertyValueSpecification","valueRequired":true,"valueName":"search_term_string"}}],"inLanguage":"et"},{"@type":"Organization","@id":"https:\/\/sleepcity.ee\/#organization","name":"VG Design O\u00dc","url":"https:\/\/sleepcity.ee\/","logo":{"@type":"ImageObject","inLanguage":"et","@id":"https:\/\/sleepcity.ee\/#\/schema\/logo\/image\/","url":"https:\/\/www.sleepcity.ee\/wp-content\/uploads\/2023\/09\/sleepcity_logo.png","contentUrl":"https:\/\/www.sleepcity.ee\/wp-content\/uploads\/2023\/09\/sleepcity_logo.png","width":1034,"height":318,"caption":"VG Design O\u00dc"},"image":{"@id":"https:\/\/sleepcity.ee\/#\/schema\/logo\/image\/"},"sameAs":["http:\/\/www.fb.com\/TempurEstonia","http:\/\/www.instagram.com\/tempurestonia"]}]}},"_links":{"self":[{"href":"https:\/\/www.sleepcity.ee\/wp-json\/wp\/v2\/product\/4801","targetHints":{"allow":["GET"]}}],"collection":[{"href":"https:\/\/www.sleepcity.ee\/wp-json\/wp\/v2\/product"}],"about":[{"href":"https:\/\/www.sleepcity.ee\/wp-json\/wp\/v2\/types\/product"}],"replies":[{"embeddable":true,"href":"https:\/\/www.sleepcity.ee\/wp-json\/wp\/v2\/comments?post=4801"}],"wp:featuredmedia":[{"embeddable":true,"href":"https:\/\/www.sleepcity.ee\/wp-json\/wp\/v2\/media\/5023"}],"wp:attachment":[{"href":"https:\/\/www.sleepcity.ee\/wp-json\/wp\/v2\/media?parent=4801"}],"wp:term":[{"taxonomy":"product_brand","embeddable":true,"href":"https:\/\/www.sleepcity.ee\/wp-json\/wp\/v2\/product_brand?post=4801"},{"taxonomy":"product_cat","embeddable":true,"href":"https:\/\/www.sleepcity.ee\/wp-json\/wp\/v2\/product_cat?post=4801"},{"taxonomy":"product_tag","embeddable":true,"href":"https:\/\/www.sleepcity.ee\/wp-json\/wp\/v2\/product_tag?post=4801"}],"curies":[{"name":"wp","href":"https:\/\/api.w.org\/{rel}","templated":true}]}}