{"id":4701,"date":"2021-12-13T10:40:53","date_gmt":"2021-12-13T10:40:53","guid":{"rendered":"https:\/\/sleepcity.ee\/?post_type=product&#038;p=4701"},"modified":"2026-04-05T11:05:11","modified_gmt":"2026-04-05T11:05:11","slug":"tempur-padi-sonata-smartcool","status":"publish","type":"product","link":"https:\/\/www.sleepcity.ee\/toode\/tempur-padi-sonata-smartcool\/","title":{"rendered":"TEMPUR padi Sonata SmartCool"},"content":{"rendered":"<h2><strong>TEMPUR materjal on eriline!<\/strong><\/h2>\n<p>TEMPUR\u00ae materjal on erinev k\u00f5ikidest teistest. Hetk, mil pikali heidad, tundub kui\u00a0<em>puhas maagia<\/em>\u00a0\u2013 materjali rakud reageerivad koheselt sinu keha kujule, kaalule ja soojusele, kohandudes t\u00e4pselt iga sinu kehaosaga. T\u00f5estatult survevaba tugi pakub t\u00e4ielikku mugavust ja toetust. See v\u00f5ib aidata v\u00e4hendada pidevat p\u00f6\u00f6ramist ja k\u00fclje vahetamist une ajal. TEMPUR\u00ae materjal neelab ka partneri liikumise, nii et te ei sega teineteise und. Kuidas TEMPUR\u00ae materjal t\u00f6\u00f6tab, on keeruline, aga selle m\u00f5ju on lihtne: see aitab sul saavutada t\u00f5eliselt kosutava une.<\/p>\n<h2><strong>TEMPUR<sup>\u00ae<\/sup>\u00a0ergonoomiliste patjade katted on pestavad kuni 60\u00b0c.<\/strong><\/h2>\n<p>Sinu padi on oluline sinu tervise ja heaolu jaoks, seet\u00f5ttu on t\u00e4htis hoida seda puhta ja v\u00e4rskena. Meie pestavate padjap\u00fc\u00fcridega saad neid mugavalt eemaldada ja pesta pesumasinas kuni 60 \u00b0C juures.*<\/p>\n<h2><strong>SmartCool\u2122 tehnoloogia<\/strong><\/h2>\n<p>TEMPUR innovaatiline jahutav kate SmartCool tehnoloogiaga on jaheda tunnetusega ning aitab imada liigset kehasoojust, hoides sind meeldivalt jaheda ja v\u00e4rskena. SmartCool tehnoloogia on vana CoolTouch tehnoloogia uuendus!<\/p>\n<p>&nbsp;<\/p>\n","protected":false},"excerpt":{"rendered":"<div class=\"description-description\">\n<p><strong>Kumer kuju toetab \u00f5rnalt su kaela ja \u00f5lgu, pakkudes toestavat mugavust isegi siis, kui \u00f6\u00f6 jooksul k\u00fclge vahetad.<\/strong><\/p>\n<ul>\n<li>SONATA padi on mugav ja pehme ning vormitud spetsiaalselt nii, et toetab ka siis, kui vahetad magamisasendit seljalt k\u00fcljele ning v\u00f5imaldab kogu \u00f6\u00f6 rahulikult magada.<\/li>\n<li>Sobib ideaalselt selili ja k\u00fclili magajatele.<\/li>\n<li>Saadaval ka vastav padjap\u00fc\u00fcr, kui vana on kulunud.<\/li>\n<li>UUS Tempur SONATA padi koos SmartCool \u2122 s\u00fcsteemiga on n\u00f6. jaheda puudutusega.<\/li>\n<li>Padi sobib kasutajale kaissu v\u00f5tmiseks.<\/li>\n<\/ul>\n<\/div>\n<div class=\"description-options\"><\/div>\n","protected":false},"featured_media":4705,"comment_status":"closed","ping_status":"closed","template":"","meta":{"_monsterinsights_skip_tracking":false,"_monsterinsights_sitenote_active":false,"_monsterinsights_sitenote_note":"","_monsterinsights_sitenote_category":0},"product_brand":[],"product_cat":[94],"product_tag":[86],"class_list":{"0":"post-4701","1":"product","2":"type-product","3":"status-publish","4":"has-post-thumbnail","6":"product_cat-ergonoomilised-padjad","7":"product_tag-cooltouch","9":"first","10":"instock","11":"taxable","12":"shipping-taxable","13":"purchasable","14":"product-type-variable"},"yoast_head":"<!-- This site is optimized with the Yoast SEO plugin v27.3 - https:\/\/yoast.com\/product\/yoast-seo-wordpress\/ -->\n<title>TEMPUR padi Sonata SmartCool - SleepCity - Hea Une Valem<\/title>\n<meta name=\"description\" content=\"Kumer kuju toetab \u00f5rnalt su kaela ja \u00f5lgu, pakkudes toestavat mugavust isegi siis, kui \u00f6\u00f6 jooksul k\u00fclge vahetad.   SONATA padi on mugav ja pehme ning vormitud spetsiaalselt nii, et toetab ka siis, kui vahetad magamisasendit seljalt k\u00fcljele ning v\u00f5imaldab kogu \u00f6\u00f6 rahulikult magada.  Sobib ideaalselt selili ja k\u00fclili magajatele.  Saadaval ka vastav padjap\u00fc\u00fcr, kui vana on kulunud.  UUS Tempur SONATA padi koos SmartCool \u2122 s\u00fcsteemiga on n\u00f6. jaheda puudutusega.  Padi sobib kasutajale kaissu v\u00f5tmiseks.\" \/>\n<meta name=\"robots\" content=\"index, follow, max-snippet:-1, max-image-preview:large, max-video-preview:-1\" \/>\n<link rel=\"canonical\" href=\"https:\/\/sleepcity.ee\/toode\/tempur-padi-sonata-smartcool\/\" \/>\n<meta property=\"og:locale\" content=\"et_EE\" \/>\n<meta property=\"og:type\" content=\"article\" \/>\n<meta property=\"og:title\" content=\"TEMPUR padi Sonata SmartCool - SleepCity - Hea Une Valem\" \/>\n<meta property=\"og:description\" content=\"Kumer kuju toetab \u00f5rnalt su kaela ja \u00f5lgu, pakkudes toestavat mugavust isegi siis, kui \u00f6\u00f6 jooksul k\u00fclge vahetad.   SONATA padi on mugav ja pehme ning vormitud spetsiaalselt nii, et toetab ka siis, kui vahetad magamisasendit seljalt k\u00fcljele ning v\u00f5imaldab kogu \u00f6\u00f6 rahulikult magada.  Sobib ideaalselt selili ja k\u00fclili magajatele.  Saadaval ka vastav padjap\u00fc\u00fcr, kui vana on kulunud.  UUS Tempur SONATA padi koos SmartCool \u2122 s\u00fcsteemiga on n\u00f6. jaheda puudutusega.  Padi sobib kasutajale kaissu v\u00f5tmiseks.\" \/>\n<meta property=\"og:url\" content=\"https:\/\/sleepcity.ee\/toode\/tempur-padi-sonata-smartcool\/\" \/>\n<meta property=\"og:site_name\" content=\"SleepCity - Hea Une Valem\" \/>\n<meta property=\"article:publisher\" content=\"http:\/\/www.fb.com\/TempurEstonia\" \/>\n<meta property=\"article:modified_time\" content=\"2026-04-05T11:05:11+00:00\" \/>\n<meta property=\"og:image\" content=\"https:\/\/sleepcity.ee\/wp-content\/uploads\/2021\/12\/0030144_tempur-sonata-pillow-with-smartcool_415.png\" \/>\n\t<meta property=\"og:image:width\" content=\"415\" \/>\n\t<meta property=\"og:image:height\" content=\"415\" \/>\n\t<meta property=\"og:image:type\" content=\"image\/png\" \/>\n<meta name=\"twitter:card\" content=\"summary_large_image\" \/>\n<meta name=\"twitter:label1\" content=\"Est. reading time\" \/>\n\t<meta name=\"twitter:data1\" content=\"1 minut\" \/>\n<script type=\"application\/ld+json\" class=\"yoast-schema-graph\">{\"@context\":\"https:\\\/\\\/schema.org\",\"@graph\":[{\"@type\":\"WebPage\",\"@id\":\"https:\\\/\\\/sleepcity.ee\\\/toode\\\/tempur-padi-sonata-smartcool\\\/\",\"url\":\"https:\\\/\\\/sleepcity.ee\\\/toode\\\/tempur-padi-sonata-smartcool\\\/\",\"name\":\"TEMPUR padi Sonata SmartCool - SleepCity - Hea Une Valem\",\"isPartOf\":{\"@id\":\"https:\\\/\\\/sleepcity.ee\\\/#website\"},\"primaryImageOfPage\":{\"@id\":\"https:\\\/\\\/sleepcity.ee\\\/toode\\\/tempur-padi-sonata-smartcool\\\/#primaryimage\"},\"image\":{\"@id\":\"https:\\\/\\\/sleepcity.ee\\\/toode\\\/tempur-padi-sonata-smartcool\\\/#primaryimage\"},\"thumbnailUrl\":\"https:\\\/\\\/sleepcity.ee\\\/wp-content\\\/uploads\\\/2021\\\/12\\\/0030144_tempur-sonata-pillow-with-smartcool_415.png\",\"datePublished\":\"2021-12-13T10:40:53+00:00\",\"dateModified\":\"2026-04-05T11:05:11+00:00\",\"description\":\"Kumer kuju toetab \u00f5rnalt su kaela ja \u00f5lgu, pakkudes toestavat mugavust isegi siis, kui \u00f6\u00f6 jooksul k\u00fclge vahetad. SONATA padi on mugav ja pehme ning vormitud spetsiaalselt nii, et toetab ka siis, kui vahetad magamisasendit seljalt k\u00fcljele ning v\u00f5imaldab kogu \u00f6\u00f6 rahulikult magada. Sobib ideaalselt selili ja k\u00fclili magajatele. Saadaval ka vastav padjap\u00fc\u00fcr, kui vana on kulunud. UUS Tempur SONATA padi koos SmartCool \u2122 s\u00fcsteemiga on n\u00f6. jaheda puudutusega. Padi sobib kasutajale kaissu v\u00f5tmiseks.\",\"breadcrumb\":{\"@id\":\"https:\\\/\\\/sleepcity.ee\\\/toode\\\/tempur-padi-sonata-smartcool\\\/#breadcrumb\"},\"inLanguage\":\"et\",\"potentialAction\":[{\"@type\":\"ReadAction\",\"target\":[\"https:\\\/\\\/sleepcity.ee\\\/toode\\\/tempur-padi-sonata-smartcool\\\/\"]}]},{\"@type\":\"ImageObject\",\"inLanguage\":\"et\",\"@id\":\"https:\\\/\\\/sleepcity.ee\\\/toode\\\/tempur-padi-sonata-smartcool\\\/#primaryimage\",\"url\":\"https:\\\/\\\/sleepcity.ee\\\/wp-content\\\/uploads\\\/2021\\\/12\\\/0030144_tempur-sonata-pillow-with-smartcool_415.png\",\"contentUrl\":\"https:\\\/\\\/sleepcity.ee\\\/wp-content\\\/uploads\\\/2021\\\/12\\\/0030144_tempur-sonata-pillow-with-smartcool_415.png\",\"width\":415,\"height\":415},{\"@type\":\"BreadcrumbList\",\"@id\":\"https:\\\/\\\/sleepcity.ee\\\/toode\\\/tempur-padi-sonata-smartcool\\\/#breadcrumb\",\"itemListElement\":[{\"@type\":\"ListItem\",\"position\":1,\"name\":\"Home\",\"item\":\"https:\\\/\\\/www.sleepcity.ee\\\/\"},{\"@type\":\"ListItem\",\"position\":2,\"name\":\"Pood\",\"item\":\"https:\\\/\\\/sleepcity.ee\\\/pood\\\/\"},{\"@type\":\"ListItem\",\"position\":3,\"name\":\"TEMPUR padi Sonata SmartCool\"}]},{\"@type\":\"WebSite\",\"@id\":\"https:\\\/\\\/sleepcity.ee\\\/#website\",\"url\":\"https:\\\/\\\/sleepcity.ee\\\/\",\"name\":\"Tempur Shop\",\"description\":\"TEMPUR madratsid, voodid, padjad ja muud unetooted.\",\"publisher\":{\"@id\":\"https:\\\/\\\/sleepcity.ee\\\/#organization\"},\"potentialAction\":[{\"@type\":\"SearchAction\",\"target\":{\"@type\":\"EntryPoint\",\"urlTemplate\":\"https:\\\/\\\/sleepcity.ee\\\/?s={search_term_string}\"},\"query-input\":{\"@type\":\"PropertyValueSpecification\",\"valueRequired\":true,\"valueName\":\"search_term_string\"}}],\"inLanguage\":\"et\"},{\"@type\":\"Organization\",\"@id\":\"https:\\\/\\\/sleepcity.ee\\\/#organization\",\"name\":\"VG Design O\u00dc\",\"url\":\"https:\\\/\\\/sleepcity.ee\\\/\",\"logo\":{\"@type\":\"ImageObject\",\"inLanguage\":\"et\",\"@id\":\"https:\\\/\\\/sleepcity.ee\\\/#\\\/schema\\\/logo\\\/image\\\/\",\"url\":\"https:\\\/\\\/sleepcity.ee\\\/wp-content\\\/uploads\\\/2023\\\/09\\\/sleepcity_logo.png\",\"contentUrl\":\"https:\\\/\\\/sleepcity.ee\\\/wp-content\\\/uploads\\\/2023\\\/09\\\/sleepcity_logo.png\",\"width\":1034,\"height\":318,\"caption\":\"VG Design O\u00dc\"},\"image\":{\"@id\":\"https:\\\/\\\/sleepcity.ee\\\/#\\\/schema\\\/logo\\\/image\\\/\"},\"sameAs\":[\"http:\\\/\\\/www.fb.com\\\/TempurEstonia\",\"http:\\\/\\\/www.instagram.com\\\/tempurestonia\"]}]}<\/script>\n<!-- \/ Yoast SEO plugin. -->","yoast_head_json":{"title":"TEMPUR padi Sonata SmartCool - SleepCity - Hea Une Valem","description":"Kumer kuju toetab \u00f5rnalt su kaela ja \u00f5lgu, pakkudes toestavat mugavust isegi siis, kui \u00f6\u00f6 jooksul k\u00fclge vahetad.   SONATA padi on mugav ja pehme ning vormitud spetsiaalselt nii, et toetab ka siis, kui vahetad magamisasendit seljalt k\u00fcljele ning v\u00f5imaldab kogu \u00f6\u00f6 rahulikult magada.  Sobib ideaalselt selili ja k\u00fclili magajatele.  Saadaval ka vastav padjap\u00fc\u00fcr, kui vana on kulunud.  UUS Tempur SONATA padi koos SmartCool \u2122 s\u00fcsteemiga on n\u00f6. jaheda puudutusega.  Padi sobib kasutajale kaissu v\u00f5tmiseks.","robots":{"index":"index","follow":"follow","max-snippet":"max-snippet:-1","max-image-preview":"max-image-preview:large","max-video-preview":"max-video-preview:-1"},"canonical":"https:\/\/sleepcity.ee\/toode\/tempur-padi-sonata-smartcool\/","og_locale":"et_EE","og_type":"article","og_title":"TEMPUR padi Sonata SmartCool - SleepCity - Hea Une Valem","og_description":"Kumer kuju toetab \u00f5rnalt su kaela ja \u00f5lgu, pakkudes toestavat mugavust isegi siis, kui \u00f6\u00f6 jooksul k\u00fclge vahetad.   SONATA padi on mugav ja pehme ning vormitud spetsiaalselt nii, et toetab ka siis, kui vahetad magamisasendit seljalt k\u00fcljele ning v\u00f5imaldab kogu \u00f6\u00f6 rahulikult magada.  Sobib ideaalselt selili ja k\u00fclili magajatele.  Saadaval ka vastav padjap\u00fc\u00fcr, kui vana on kulunud.  UUS Tempur SONATA padi koos SmartCool \u2122 s\u00fcsteemiga on n\u00f6. jaheda puudutusega.  Padi sobib kasutajale kaissu v\u00f5tmiseks.","og_url":"https:\/\/sleepcity.ee\/toode\/tempur-padi-sonata-smartcool\/","og_site_name":"SleepCity - Hea Une Valem","article_publisher":"http:\/\/www.fb.com\/TempurEstonia","article_modified_time":"2026-04-05T11:05:11+00:00","og_image":[{"width":415,"height":415,"url":"https:\/\/sleepcity.ee\/wp-content\/uploads\/2021\/12\/0030144_tempur-sonata-pillow-with-smartcool_415.png","type":"image\/png"}],"twitter_card":"summary_large_image","twitter_misc":{"Est. reading time":"1 minut"},"schema":{"@context":"https:\/\/schema.org","@graph":[{"@type":"WebPage","@id":"https:\/\/sleepcity.ee\/toode\/tempur-padi-sonata-smartcool\/","url":"https:\/\/sleepcity.ee\/toode\/tempur-padi-sonata-smartcool\/","name":"TEMPUR padi Sonata SmartCool - SleepCity - Hea Une Valem","isPartOf":{"@id":"https:\/\/sleepcity.ee\/#website"},"primaryImageOfPage":{"@id":"https:\/\/sleepcity.ee\/toode\/tempur-padi-sonata-smartcool\/#primaryimage"},"image":{"@id":"https:\/\/sleepcity.ee\/toode\/tempur-padi-sonata-smartcool\/#primaryimage"},"thumbnailUrl":"https:\/\/sleepcity.ee\/wp-content\/uploads\/2021\/12\/0030144_tempur-sonata-pillow-with-smartcool_415.png","datePublished":"2021-12-13T10:40:53+00:00","dateModified":"2026-04-05T11:05:11+00:00","description":"Kumer kuju toetab \u00f5rnalt su kaela ja \u00f5lgu, pakkudes toestavat mugavust isegi siis, kui \u00f6\u00f6 jooksul k\u00fclge vahetad. SONATA padi on mugav ja pehme ning vormitud spetsiaalselt nii, et toetab ka siis, kui vahetad magamisasendit seljalt k\u00fcljele ning v\u00f5imaldab kogu \u00f6\u00f6 rahulikult magada. Sobib ideaalselt selili ja k\u00fclili magajatele. Saadaval ka vastav padjap\u00fc\u00fcr, kui vana on kulunud. UUS Tempur SONATA padi koos SmartCool \u2122 s\u00fcsteemiga on n\u00f6. jaheda puudutusega. Padi sobib kasutajale kaissu v\u00f5tmiseks.","breadcrumb":{"@id":"https:\/\/sleepcity.ee\/toode\/tempur-padi-sonata-smartcool\/#breadcrumb"},"inLanguage":"et","potentialAction":[{"@type":"ReadAction","target":["https:\/\/sleepcity.ee\/toode\/tempur-padi-sonata-smartcool\/"]}]},{"@type":"ImageObject","inLanguage":"et","@id":"https:\/\/sleepcity.ee\/toode\/tempur-padi-sonata-smartcool\/#primaryimage","url":"https:\/\/sleepcity.ee\/wp-content\/uploads\/2021\/12\/0030144_tempur-sonata-pillow-with-smartcool_415.png","contentUrl":"https:\/\/sleepcity.ee\/wp-content\/uploads\/2021\/12\/0030144_tempur-sonata-pillow-with-smartcool_415.png","width":415,"height":415},{"@type":"BreadcrumbList","@id":"https:\/\/sleepcity.ee\/toode\/tempur-padi-sonata-smartcool\/#breadcrumb","itemListElement":[{"@type":"ListItem","position":1,"name":"Home","item":"https:\/\/www.sleepcity.ee\/"},{"@type":"ListItem","position":2,"name":"Pood","item":"https:\/\/sleepcity.ee\/pood\/"},{"@type":"ListItem","position":3,"name":"TEMPUR padi Sonata SmartCool"}]},{"@type":"WebSite","@id":"https:\/\/sleepcity.ee\/#website","url":"https:\/\/sleepcity.ee\/","name":"Tempur Shop","description":"TEMPUR madratsid, voodid, padjad ja muud unetooted.","publisher":{"@id":"https:\/\/sleepcity.ee\/#organization"},"potentialAction":[{"@type":"SearchAction","target":{"@type":"EntryPoint","urlTemplate":"https:\/\/sleepcity.ee\/?s={search_term_string}"},"query-input":{"@type":"PropertyValueSpecification","valueRequired":true,"valueName":"search_term_string"}}],"inLanguage":"et"},{"@type":"Organization","@id":"https:\/\/sleepcity.ee\/#organization","name":"VG Design O\u00dc","url":"https:\/\/sleepcity.ee\/","logo":{"@type":"ImageObject","inLanguage":"et","@id":"https:\/\/sleepcity.ee\/#\/schema\/logo\/image\/","url":"https:\/\/sleepcity.ee\/wp-content\/uploads\/2023\/09\/sleepcity_logo.png","contentUrl":"https:\/\/sleepcity.ee\/wp-content\/uploads\/2023\/09\/sleepcity_logo.png","width":1034,"height":318,"caption":"VG Design O\u00dc"},"image":{"@id":"https:\/\/sleepcity.ee\/#\/schema\/logo\/image\/"},"sameAs":["http:\/\/www.fb.com\/TempurEstonia","http:\/\/www.instagram.com\/tempurestonia"]}]}},"_links":{"self":[{"href":"https:\/\/www.sleepcity.ee\/wp-json\/wp\/v2\/product\/4701","targetHints":{"allow":["GET"]}}],"collection":[{"href":"https:\/\/www.sleepcity.ee\/wp-json\/wp\/v2\/product"}],"about":[{"href":"https:\/\/www.sleepcity.ee\/wp-json\/wp\/v2\/types\/product"}],"replies":[{"embeddable":true,"href":"https:\/\/www.sleepcity.ee\/wp-json\/wp\/v2\/comments?post=4701"}],"wp:featuredmedia":[{"embeddable":true,"href":"https:\/\/www.sleepcity.ee\/wp-json\/wp\/v2\/media\/4705"}],"wp:attachment":[{"href":"https:\/\/www.sleepcity.ee\/wp-json\/wp\/v2\/media?parent=4701"}],"wp:term":[{"taxonomy":"product_brand","embeddable":true,"href":"https:\/\/www.sleepcity.ee\/wp-json\/wp\/v2\/product_brand?post=4701"},{"taxonomy":"product_cat","embeddable":true,"href":"https:\/\/www.sleepcity.ee\/wp-json\/wp\/v2\/product_cat?post=4701"},{"taxonomy":"product_tag","embeddable":true,"href":"https:\/\/www.sleepcity.ee\/wp-json\/wp\/v2\/product_tag?post=4701"}],"curies":[{"name":"wp","href":"https:\/\/api.w.org\/{rel}","templated":true}]}}