{"id":4445,"date":"2020-12-19T09:03:32","date_gmt":"2020-12-19T09:03:32","guid":{"rendered":"https:\/\/sleepcity.ee\/?post_type=product&#038;p=4445"},"modified":"2023-11-02T16:46:45","modified_gmt":"2023-11-02T16:46:45","slug":"tempur-seljatugipadi","status":"publish","type":"product","link":"https:\/\/www.sleepcity.ee\/toode\/tempur-seljatugipadi\/","title":{"rendered":"TEMPUR seljatugi padi"},"content":{"rendered":"<ul>\n<li>TEMPUR materjal on viskoelastne, temperatuuritundlik avatud elemendiga materjal, millel on ainulaadsed r\u00f5hku v\u00e4hendavad omadused.<\/li>\n<li>Erinevalt tavalisest pol\u00fcuretaanist, millel on ebaregulaarsed rakukujud, mis lihtsalt kaalu all kokku suruvad ja l\u00fchikese aja jooksul degenereeruvad, koosneb TEMPURi r\u00f5hu alandav materjal miljarditest viskoelastsetest kerakujulistest avatud rakkudest.<\/li>\n<li>Rakud reageerivad kehatemperatuurile ja kehakaalule, seej\u00e4rel nihkuvad ja korrastavad oma positsiooni, et vormida patsiendi keha t\u00e4pseteks kontuurideks.<\/li>\n<li>TEMPURi r\u00f5huvabastusmaterjal muutub pehmemaks soojemates piirkondades ja j\u00e4\u00e4b kindlamaks jahedamates piirkondades, kus kehaga v\u00e4hem kokkupuudet<br \/>\ntehakse.<\/li>\n<\/ul>\n<p>Suurus: 40x70x6\/2 cm<\/p>\n<p>V\u00e4rv:Hele veluur<\/p>\n","protected":false},"excerpt":{"rendered":"<div class=\"description-description\">\n<div class=\"p-rich_text_section\">\n<p>Tavalisel madratsil kasutatav TEMPUR\u00ae seljatugi padi pakub alaseljale tuge ja paremat mugavust.<\/p>\n<p>Seljakoormusega inimestele ja rasedatele naistele<br \/>\nSobib ka asendipadjaks.<\/p>\n<\/div>\n<div class=\"p-rich_text_section\">Suurus: 50 x 75 x 15cm<\/div>\n<p><a href=\"http:\/\/sleepcity.ee\/wp-content\/uploads\/2020\/12\/tempur-bed-back-support.jpg\"><img fetchpriority=\"high\" decoding=\"async\" class=\"alignnone wp-image-4446\" src=\"http:\/\/sleepcity.ee\/wp-content\/uploads\/2020\/12\/tempur-bed-back-support-400x400.jpg\" alt=\"\" width=\"241\" height=\"241\" srcset=\"https:\/\/www.sleepcity.ee\/wp-content\/uploads\/2020\/12\/tempur-bed-back-support-400x400.jpg 400w, https:\/\/www.sleepcity.ee\/wp-content\/uploads\/2020\/12\/tempur-bed-back-support-247x247.jpg 247w, https:\/\/www.sleepcity.ee\/wp-content\/uploads\/2020\/12\/tempur-bed-back-support-100x100.jpg 100w, https:\/\/www.sleepcity.ee\/wp-content\/uploads\/2020\/12\/tempur-bed-back-support-510x510.jpg 510w, https:\/\/www.sleepcity.ee\/wp-content\/uploads\/2020\/12\/tempur-bed-back-support-64x64.jpg 64w, https:\/\/www.sleepcity.ee\/wp-content\/uploads\/2020\/12\/tempur-bed-back-support-280x280.jpg 280w, https:\/\/www.sleepcity.ee\/wp-content\/uploads\/2020\/12\/tempur-bed-back-support-600x600.jpg 600w, https:\/\/www.sleepcity.ee\/wp-content\/uploads\/2020\/12\/tempur-bed-back-support.jpg 650w\" sizes=\"(max-width: 241px) 100vw, 241px\" \/><\/a><a href=\"http:\/\/sleepcity.ee\/wp-content\/uploads\/2020\/12\/back-support-e1608368970158.jpg\"><img decoding=\"async\" class=\"alignnone size-full wp-image-4447\" src=\"http:\/\/sleepcity.ee\/wp-content\/uploads\/2020\/12\/back-support-e1608368970158.jpg\" alt=\"\" width=\"248\" height=\"150\" srcset=\"https:\/\/www.sleepcity.ee\/wp-content\/uploads\/2020\/12\/back-support-e1608368970158.jpg 248w, https:\/\/www.sleepcity.ee\/wp-content\/uploads\/2020\/12\/back-support-e1608368970158-64x39.jpg 64w\" sizes=\"(max-width: 248px) 100vw, 248px\" \/><\/a><\/p>\n<p>&nbsp;<\/p>\n<\/div>\n","protected":false},"featured_media":4446,"comment_status":"closed","ping_status":"closed","template":"","meta":{"_monsterinsights_skip_tracking":false,"_monsterinsights_sitenote_active":false,"_monsterinsights_sitenote_note":"","_monsterinsights_sitenote_category":0},"product_brand":[],"product_cat":[421,15],"product_tag":[131,84],"class_list":{"0":"post-4445","1":"product","2":"type-product","3":"status-publish","4":"has-post-thumbnail","6":"product_cat-kodus","7":"product_cat-muu","8":"product_tag-padi","9":"product_tag-tempur","11":"first","12":"instock","13":"taxable","14":"shipping-taxable","15":"purchasable","16":"product-type-simple"},"yoast_head":"<!-- This site is optimized with the Yoast SEO plugin v27.3 - https:\/\/yoast.com\/product\/yoast-seo-wordpress\/ -->\n<title>TEMPUR seljatugi padi - SleepCity - Hea Une Valem<\/title>\n<meta name=\"description\" content=\"Tavalisel madratsil kasutatav TEMPUR\u00ae seljatugi padi pakub alaseljale tuge ja paremat mugavust.Seljakoormusega inimestele ja rasedatele naisteleSobib ka asendipadjaks.Suurus: 40x70x6\/2 cm TEMPUR materjal on viskoelastne, temperatuuritundlik avatud elemendiga materjal, millel on ainulaadsed r\u00f5hku v\u00e4hendavad omadused.Erinevalt tavalisest pol\u00fcuretaanist, millel on ebaregulaarsed rakukujud, mis lihtsalt kaalu all kokku suruvad ja l\u00fchikese aja jooksul degenereeruvad, koosneb TEMPURi r\u00f5hu alandav materjal miljarditest viskoelastsetest kerakujulistest avatud rakkudest.Rakud reageerivad kehatemperatuurile ja kehakaalule, seej\u00e4rel nihkuvad ja korrastavad oma positsiooni, et vormida patsiendi keha t\u00e4pseteks kontuurideks.TEMPURi r\u00f5huvabastusmaterjal muutub pehmemaks soojemates piirkondades ja j\u00e4\u00e4b kindlamaks jahedamates piirkondades, kus kehaga v\u00e4hem kokkupuudettehakse.\" \/>\n<meta name=\"robots\" content=\"index, follow, max-snippet:-1, max-image-preview:large, max-video-preview:-1\" \/>\n<link rel=\"canonical\" href=\"https:\/\/sleepcity.ee\/toode\/tempur-seljatugipadi\/\" \/>\n<meta property=\"og:locale\" content=\"et_EE\" \/>\n<meta property=\"og:type\" content=\"article\" \/>\n<meta property=\"og:title\" content=\"TEMPUR seljatugi padi - SleepCity - Hea Une Valem\" \/>\n<meta property=\"og:description\" content=\"Tavalisel madratsil kasutatav TEMPUR\u00ae seljatugi padi pakub alaseljale tuge ja paremat mugavust.Seljakoormusega inimestele ja rasedatele naisteleSobib ka asendipadjaks.Suurus: 40x70x6\/2 cm TEMPUR materjal on viskoelastne, temperatuuritundlik avatud elemendiga materjal, millel on ainulaadsed r\u00f5hku v\u00e4hendavad omadused.Erinevalt tavalisest pol\u00fcuretaanist, millel on ebaregulaarsed rakukujud, mis lihtsalt kaalu all kokku suruvad ja l\u00fchikese aja jooksul degenereeruvad, koosneb TEMPURi r\u00f5hu alandav materjal miljarditest viskoelastsetest kerakujulistest avatud rakkudest.Rakud reageerivad kehatemperatuurile ja kehakaalule, seej\u00e4rel nihkuvad ja korrastavad oma positsiooni, et vormida patsiendi keha t\u00e4pseteks kontuurideks.TEMPURi r\u00f5huvabastusmaterjal muutub pehmemaks soojemates piirkondades ja j\u00e4\u00e4b kindlamaks jahedamates piirkondades, kus kehaga v\u00e4hem kokkupuudettehakse.\" \/>\n<meta property=\"og:url\" content=\"https:\/\/sleepcity.ee\/toode\/tempur-seljatugipadi\/\" \/>\n<meta property=\"og:site_name\" content=\"SleepCity - Hea Une Valem\" \/>\n<meta property=\"article:publisher\" content=\"http:\/\/www.fb.com\/TempurEstonia\" \/>\n<meta property=\"article:modified_time\" content=\"2023-11-02T16:46:45+00:00\" \/>\n<meta property=\"og:image\" content=\"https:\/\/sleepcity.ee\/wp-content\/uploads\/2020\/12\/tempur-bed-back-support.jpg\" \/>\n\t<meta property=\"og:image:width\" content=\"650\" \/>\n\t<meta property=\"og:image:height\" content=\"650\" \/>\n\t<meta property=\"og:image:type\" content=\"image\/jpeg\" \/>\n<meta name=\"twitter:card\" content=\"summary_large_image\" \/>\n<script type=\"application\/ld+json\" class=\"yoast-schema-graph\">{\"@context\":\"https:\\\/\\\/schema.org\",\"@graph\":[{\"@type\":\"WebPage\",\"@id\":\"https:\\\/\\\/sleepcity.ee\\\/toode\\\/tempur-seljatugipadi\\\/\",\"url\":\"https:\\\/\\\/sleepcity.ee\\\/toode\\\/tempur-seljatugipadi\\\/\",\"name\":\"TEMPUR seljatugi padi - SleepCity - Hea Une Valem\",\"isPartOf\":{\"@id\":\"https:\\\/\\\/sleepcity.ee\\\/#website\"},\"primaryImageOfPage\":{\"@id\":\"https:\\\/\\\/sleepcity.ee\\\/toode\\\/tempur-seljatugipadi\\\/#primaryimage\"},\"image\":{\"@id\":\"https:\\\/\\\/sleepcity.ee\\\/toode\\\/tempur-seljatugipadi\\\/#primaryimage\"},\"thumbnailUrl\":\"https:\\\/\\\/www.sleepcity.ee\\\/wp-content\\\/uploads\\\/2020\\\/12\\\/tempur-bed-back-support.jpg\",\"datePublished\":\"2020-12-19T09:03:32+00:00\",\"dateModified\":\"2023-11-02T16:46:45+00:00\",\"description\":\"Tavalisel madratsil kasutatav TEMPUR\u00ae seljatugi padi pakub alaseljale tuge ja paremat mugavust.Seljakoormusega inimestele ja rasedatele naisteleSobib ka asendipadjaks.Suurus: 40x70x6\\\/2 cm TEMPUR materjal on viskoelastne, temperatuuritundlik avatud elemendiga materjal, millel on ainulaadsed r\u00f5hku v\u00e4hendavad omadused.Erinevalt tavalisest pol\u00fcuretaanist, millel on ebaregulaarsed rakukujud, mis lihtsalt kaalu all kokku suruvad ja l\u00fchikese aja jooksul degenereeruvad, koosneb TEMPURi r\u00f5hu alandav materjal miljarditest viskoelastsetest kerakujulistest avatud rakkudest.Rakud reageerivad kehatemperatuurile ja kehakaalule, seej\u00e4rel nihkuvad ja korrastavad oma positsiooni, et vormida patsiendi keha t\u00e4pseteks kontuurideks.TEMPURi r\u00f5huvabastusmaterjal muutub pehmemaks soojemates piirkondades ja j\u00e4\u00e4b kindlamaks jahedamates piirkondades, kus kehaga v\u00e4hem kokkupuudettehakse.\",\"breadcrumb\":{\"@id\":\"https:\\\/\\\/sleepcity.ee\\\/toode\\\/tempur-seljatugipadi\\\/#breadcrumb\"},\"inLanguage\":\"et\",\"potentialAction\":[{\"@type\":\"ReadAction\",\"target\":[\"https:\\\/\\\/sleepcity.ee\\\/toode\\\/tempur-seljatugipadi\\\/\"]}]},{\"@type\":\"ImageObject\",\"inLanguage\":\"et\",\"@id\":\"https:\\\/\\\/sleepcity.ee\\\/toode\\\/tempur-seljatugipadi\\\/#primaryimage\",\"url\":\"https:\\\/\\\/www.sleepcity.ee\\\/wp-content\\\/uploads\\\/2020\\\/12\\\/tempur-bed-back-support.jpg\",\"contentUrl\":\"https:\\\/\\\/www.sleepcity.ee\\\/wp-content\\\/uploads\\\/2020\\\/12\\\/tempur-bed-back-support.jpg\",\"width\":650,\"height\":650},{\"@type\":\"BreadcrumbList\",\"@id\":\"https:\\\/\\\/sleepcity.ee\\\/toode\\\/tempur-seljatugipadi\\\/#breadcrumb\",\"itemListElement\":[{\"@type\":\"ListItem\",\"position\":1,\"name\":\"Home\",\"item\":\"https:\\\/\\\/www.sleepcity.ee\\\/\"},{\"@type\":\"ListItem\",\"position\":2,\"name\":\"Pood\",\"item\":\"https:\\\/\\\/sleepcity.ee\\\/pood\\\/\"},{\"@type\":\"ListItem\",\"position\":3,\"name\":\"TEMPUR seljatugi padi\"}]},{\"@type\":\"WebSite\",\"@id\":\"https:\\\/\\\/sleepcity.ee\\\/#website\",\"url\":\"https:\\\/\\\/sleepcity.ee\\\/\",\"name\":\"Tempur Shop\",\"description\":\"TEMPUR madratsid, voodid, padjad ja muud unetooted.\",\"publisher\":{\"@id\":\"https:\\\/\\\/sleepcity.ee\\\/#organization\"},\"potentialAction\":[{\"@type\":\"SearchAction\",\"target\":{\"@type\":\"EntryPoint\",\"urlTemplate\":\"https:\\\/\\\/sleepcity.ee\\\/?s={search_term_string}\"},\"query-input\":{\"@type\":\"PropertyValueSpecification\",\"valueRequired\":true,\"valueName\":\"search_term_string\"}}],\"inLanguage\":\"et\"},{\"@type\":\"Organization\",\"@id\":\"https:\\\/\\\/sleepcity.ee\\\/#organization\",\"name\":\"VG Design O\u00dc\",\"url\":\"https:\\\/\\\/sleepcity.ee\\\/\",\"logo\":{\"@type\":\"ImageObject\",\"inLanguage\":\"et\",\"@id\":\"https:\\\/\\\/sleepcity.ee\\\/#\\\/schema\\\/logo\\\/image\\\/\",\"url\":\"https:\\\/\\\/www.sleepcity.ee\\\/wp-content\\\/uploads\\\/2023\\\/09\\\/sleepcity_logo.png\",\"contentUrl\":\"https:\\\/\\\/www.sleepcity.ee\\\/wp-content\\\/uploads\\\/2023\\\/09\\\/sleepcity_logo.png\",\"width\":1034,\"height\":318,\"caption\":\"VG Design O\u00dc\"},\"image\":{\"@id\":\"https:\\\/\\\/sleepcity.ee\\\/#\\\/schema\\\/logo\\\/image\\\/\"},\"sameAs\":[\"http:\\\/\\\/www.fb.com\\\/TempurEstonia\",\"http:\\\/\\\/www.instagram.com\\\/tempurestonia\"]}]}<\/script>\n<!-- \/ Yoast SEO plugin. -->","yoast_head_json":{"title":"TEMPUR seljatugi padi - SleepCity - Hea Une Valem","description":"Tavalisel madratsil kasutatav TEMPUR\u00ae seljatugi padi pakub alaseljale tuge ja paremat mugavust.Seljakoormusega inimestele ja rasedatele naisteleSobib ka asendipadjaks.Suurus: 40x70x6\/2 cm TEMPUR materjal on viskoelastne, temperatuuritundlik avatud elemendiga materjal, millel on ainulaadsed r\u00f5hku v\u00e4hendavad omadused.Erinevalt tavalisest pol\u00fcuretaanist, millel on ebaregulaarsed rakukujud, mis lihtsalt kaalu all kokku suruvad ja l\u00fchikese aja jooksul degenereeruvad, koosneb TEMPURi r\u00f5hu alandav materjal miljarditest viskoelastsetest kerakujulistest avatud rakkudest.Rakud reageerivad kehatemperatuurile ja kehakaalule, seej\u00e4rel nihkuvad ja korrastavad oma positsiooni, et vormida patsiendi keha t\u00e4pseteks kontuurideks.TEMPURi r\u00f5huvabastusmaterjal muutub pehmemaks soojemates piirkondades ja j\u00e4\u00e4b kindlamaks jahedamates piirkondades, kus kehaga v\u00e4hem kokkupuudettehakse.","robots":{"index":"index","follow":"follow","max-snippet":"max-snippet:-1","max-image-preview":"max-image-preview:large","max-video-preview":"max-video-preview:-1"},"canonical":"https:\/\/sleepcity.ee\/toode\/tempur-seljatugipadi\/","og_locale":"et_EE","og_type":"article","og_title":"TEMPUR seljatugi padi - SleepCity - Hea Une Valem","og_description":"Tavalisel madratsil kasutatav TEMPUR\u00ae seljatugi padi pakub alaseljale tuge ja paremat mugavust.Seljakoormusega inimestele ja rasedatele naisteleSobib ka asendipadjaks.Suurus: 40x70x6\/2 cm TEMPUR materjal on viskoelastne, temperatuuritundlik avatud elemendiga materjal, millel on ainulaadsed r\u00f5hku v\u00e4hendavad omadused.Erinevalt tavalisest pol\u00fcuretaanist, millel on ebaregulaarsed rakukujud, mis lihtsalt kaalu all kokku suruvad ja l\u00fchikese aja jooksul degenereeruvad, koosneb TEMPURi r\u00f5hu alandav materjal miljarditest viskoelastsetest kerakujulistest avatud rakkudest.Rakud reageerivad kehatemperatuurile ja kehakaalule, seej\u00e4rel nihkuvad ja korrastavad oma positsiooni, et vormida patsiendi keha t\u00e4pseteks kontuurideks.TEMPURi r\u00f5huvabastusmaterjal muutub pehmemaks soojemates piirkondades ja j\u00e4\u00e4b kindlamaks jahedamates piirkondades, kus kehaga v\u00e4hem kokkupuudettehakse.","og_url":"https:\/\/sleepcity.ee\/toode\/tempur-seljatugipadi\/","og_site_name":"SleepCity - Hea Une Valem","article_publisher":"http:\/\/www.fb.com\/TempurEstonia","article_modified_time":"2023-11-02T16:46:45+00:00","og_image":[{"width":650,"height":650,"url":"https:\/\/sleepcity.ee\/wp-content\/uploads\/2020\/12\/tempur-bed-back-support.jpg","type":"image\/jpeg"}],"twitter_card":"summary_large_image","schema":{"@context":"https:\/\/schema.org","@graph":[{"@type":"WebPage","@id":"https:\/\/sleepcity.ee\/toode\/tempur-seljatugipadi\/","url":"https:\/\/sleepcity.ee\/toode\/tempur-seljatugipadi\/","name":"TEMPUR seljatugi padi - SleepCity - Hea Une Valem","isPartOf":{"@id":"https:\/\/sleepcity.ee\/#website"},"primaryImageOfPage":{"@id":"https:\/\/sleepcity.ee\/toode\/tempur-seljatugipadi\/#primaryimage"},"image":{"@id":"https:\/\/sleepcity.ee\/toode\/tempur-seljatugipadi\/#primaryimage"},"thumbnailUrl":"https:\/\/www.sleepcity.ee\/wp-content\/uploads\/2020\/12\/tempur-bed-back-support.jpg","datePublished":"2020-12-19T09:03:32+00:00","dateModified":"2023-11-02T16:46:45+00:00","description":"Tavalisel madratsil kasutatav TEMPUR\u00ae seljatugi padi pakub alaseljale tuge ja paremat mugavust.Seljakoormusega inimestele ja rasedatele naisteleSobib ka asendipadjaks.Suurus: 40x70x6\/2 cm TEMPUR materjal on viskoelastne, temperatuuritundlik avatud elemendiga materjal, millel on ainulaadsed r\u00f5hku v\u00e4hendavad omadused.Erinevalt tavalisest pol\u00fcuretaanist, millel on ebaregulaarsed rakukujud, mis lihtsalt kaalu all kokku suruvad ja l\u00fchikese aja jooksul degenereeruvad, koosneb TEMPURi r\u00f5hu alandav materjal miljarditest viskoelastsetest kerakujulistest avatud rakkudest.Rakud reageerivad kehatemperatuurile ja kehakaalule, seej\u00e4rel nihkuvad ja korrastavad oma positsiooni, et vormida patsiendi keha t\u00e4pseteks kontuurideks.TEMPURi r\u00f5huvabastusmaterjal muutub pehmemaks soojemates piirkondades ja j\u00e4\u00e4b kindlamaks jahedamates piirkondades, kus kehaga v\u00e4hem kokkupuudettehakse.","breadcrumb":{"@id":"https:\/\/sleepcity.ee\/toode\/tempur-seljatugipadi\/#breadcrumb"},"inLanguage":"et","potentialAction":[{"@type":"ReadAction","target":["https:\/\/sleepcity.ee\/toode\/tempur-seljatugipadi\/"]}]},{"@type":"ImageObject","inLanguage":"et","@id":"https:\/\/sleepcity.ee\/toode\/tempur-seljatugipadi\/#primaryimage","url":"https:\/\/www.sleepcity.ee\/wp-content\/uploads\/2020\/12\/tempur-bed-back-support.jpg","contentUrl":"https:\/\/www.sleepcity.ee\/wp-content\/uploads\/2020\/12\/tempur-bed-back-support.jpg","width":650,"height":650},{"@type":"BreadcrumbList","@id":"https:\/\/sleepcity.ee\/toode\/tempur-seljatugipadi\/#breadcrumb","itemListElement":[{"@type":"ListItem","position":1,"name":"Home","item":"https:\/\/www.sleepcity.ee\/"},{"@type":"ListItem","position":2,"name":"Pood","item":"https:\/\/sleepcity.ee\/pood\/"},{"@type":"ListItem","position":3,"name":"TEMPUR seljatugi padi"}]},{"@type":"WebSite","@id":"https:\/\/sleepcity.ee\/#website","url":"https:\/\/sleepcity.ee\/","name":"Tempur Shop","description":"TEMPUR madratsid, voodid, padjad ja muud unetooted.","publisher":{"@id":"https:\/\/sleepcity.ee\/#organization"},"potentialAction":[{"@type":"SearchAction","target":{"@type":"EntryPoint","urlTemplate":"https:\/\/sleepcity.ee\/?s={search_term_string}"},"query-input":{"@type":"PropertyValueSpecification","valueRequired":true,"valueName":"search_term_string"}}],"inLanguage":"et"},{"@type":"Organization","@id":"https:\/\/sleepcity.ee\/#organization","name":"VG Design O\u00dc","url":"https:\/\/sleepcity.ee\/","logo":{"@type":"ImageObject","inLanguage":"et","@id":"https:\/\/sleepcity.ee\/#\/schema\/logo\/image\/","url":"https:\/\/www.sleepcity.ee\/wp-content\/uploads\/2023\/09\/sleepcity_logo.png","contentUrl":"https:\/\/www.sleepcity.ee\/wp-content\/uploads\/2023\/09\/sleepcity_logo.png","width":1034,"height":318,"caption":"VG Design O\u00dc"},"image":{"@id":"https:\/\/sleepcity.ee\/#\/schema\/logo\/image\/"},"sameAs":["http:\/\/www.fb.com\/TempurEstonia","http:\/\/www.instagram.com\/tempurestonia"]}]}},"_links":{"self":[{"href":"https:\/\/www.sleepcity.ee\/wp-json\/wp\/v2\/product\/4445","targetHints":{"allow":["GET"]}}],"collection":[{"href":"https:\/\/www.sleepcity.ee\/wp-json\/wp\/v2\/product"}],"about":[{"href":"https:\/\/www.sleepcity.ee\/wp-json\/wp\/v2\/types\/product"}],"replies":[{"embeddable":true,"href":"https:\/\/www.sleepcity.ee\/wp-json\/wp\/v2\/comments?post=4445"}],"wp:featuredmedia":[{"embeddable":true,"href":"https:\/\/www.sleepcity.ee\/wp-json\/wp\/v2\/media\/4446"}],"wp:attachment":[{"href":"https:\/\/www.sleepcity.ee\/wp-json\/wp\/v2\/media?parent=4445"}],"wp:term":[{"taxonomy":"product_brand","embeddable":true,"href":"https:\/\/www.sleepcity.ee\/wp-json\/wp\/v2\/product_brand?post=4445"},{"taxonomy":"product_cat","embeddable":true,"href":"https:\/\/www.sleepcity.ee\/wp-json\/wp\/v2\/product_cat?post=4445"},{"taxonomy":"product_tag","embeddable":true,"href":"https:\/\/www.sleepcity.ee\/wp-json\/wp\/v2\/product_tag?post=4445"}],"curies":[{"name":"wp","href":"https:\/\/api.w.org\/{rel}","templated":true}]}}