{"id":4311,"date":"2020-04-27T15:03:27","date_gmt":"2020-04-27T15:03:27","guid":{"rendered":"https:\/\/sleepcity.ee\/?post_type=product&#038;p=4311"},"modified":"2023-11-02T16:23:48","modified_gmt":"2023-11-02T16:23:48","slug":"kiilpadi-tempur-tempur-seat-wedge","status":"publish","type":"product","link":"https:\/\/www.sleepcity.ee\/toode\/kiilpadi-tempur-tempur-seat-wedge\/","title":{"rendered":"KIILPADI TEMPUR\u00ae TEMPUR SEAT WEDGE"},"content":{"rendered":"<div class=\"description-description\">\n<div class=\"description-description\">\n<div class=\"p-rich_text_section\">Tootekirjeldus<\/div>\n<ul class=\"p-rich_text_list p-rich_text_list__bullet\" data-stringify-type=\"unordered-list\" data-indent=\"0\">\n<li>M\u00f5eldud seljapingete v\u00e4hendamiseks. Kiilpadi on sellise kujuga, et l\u00fckkab vaagna ettepoole ning aitab selga hoida p\u00fcstasendis. Ideaalne k\u00f5igile, kellel on istuv t\u00f6\u00f6, eriti arvutikasutajatele.<\/li>\n<\/ul>\n<\/div>\n<div class=\"description-options\">\n<h3>M\u00f5\u00f5dud<\/h3>\n<ul>\n<li>Suurus: 40x40x9\/1 cm<\/li>\n<\/ul>\n<\/div>\n<\/div>\n","protected":false},"excerpt":{"rendered":"<div class=\"description-description\">\n<ul>\n<li>Suurus: 40x40x9\/1 cm<\/li>\n<\/ul>\n<div class=\"p-rich_text_section\">Tootekirjeldus<\/div>\n<ul class=\"p-rich_text_list p-rich_text_list__bullet\" data-stringify-type=\"unordered-list\" data-indent=\"0\">\n<li>M\u00f5eldud seljapingete v\u00e4hendamiseks. Kiilpadi on sellise kujuga, et l\u00fckkab vaagna ettepoole ning aitab selga hoida p\u00fcstasendis. Ideaalne k\u00f5igile, kellel on istuv t\u00f6\u00f6, eriti arvutikasutajatele.<\/li>\n<li>Suurus: 40x40x9\/1 cm<\/li>\n<\/ul>\n<\/div>\n<div class=\"description-options\"><\/div>\n","protected":false},"featured_media":4312,"comment_status":"closed","ping_status":"closed","template":"","meta":{"_monsterinsights_skip_tracking":false,"_monsterinsights_sitenote_active":false,"_monsterinsights_sitenote_note":"","_monsterinsights_sitenote_category":0},"product_brand":[],"product_cat":[421,15,422],"product_tag":[],"class_list":{"0":"post-4311","1":"product","2":"type-product","3":"status-publish","4":"has-post-thumbnail","6":"product_cat-kodus","7":"product_cat-muu","8":"product_cat-tool","10":"first","11":"instock","12":"taxable","13":"shipping-taxable","14":"purchasable","15":"product-type-simple"},"yoast_head":"<!-- This site is optimized with the Yoast SEO plugin v27.3 - https:\/\/yoast.com\/product\/yoast-seo-wordpress\/ -->\n<title>KIILPADI TEMPUR\u00ae TEMPUR SEAT WEDGE - SleepCity - Hea Une Valem<\/title>\n<meta name=\"description\" content=\"Suurus: 40x40x9\/1 cm  Tootekirjeldus   M\u00f5eldud seljapingete v\u00e4hendamiseks. Kiilpadi on sellise kujuga, et l\u00fckkab vaagna ettepoole ning aitab selga hoida p\u00fcstasendis. Ideaalne k\u00f5igile, kellel on istuv t\u00f6\u00f6, eriti arvutikasutajatele.  Suurus: 40x40x9\/1 cm\" \/>\n<meta name=\"robots\" content=\"index, follow, max-snippet:-1, max-image-preview:large, max-video-preview:-1\" \/>\n<link rel=\"canonical\" href=\"https:\/\/www.sleepcity.ee\/toode\/kiilpadi-tempur-tempur-seat-wedge\/\" \/>\n<meta property=\"og:locale\" content=\"et_EE\" \/>\n<meta property=\"og:type\" content=\"article\" \/>\n<meta property=\"og:title\" content=\"KIILPADI TEMPUR\u00ae TEMPUR SEAT WEDGE - SleepCity - Hea Une Valem\" \/>\n<meta property=\"og:description\" content=\"Suurus: 40x40x9\/1 cm  Tootekirjeldus   M\u00f5eldud seljapingete v\u00e4hendamiseks. Kiilpadi on sellise kujuga, et l\u00fckkab vaagna ettepoole ning aitab selga hoida p\u00fcstasendis. Ideaalne k\u00f5igile, kellel on istuv t\u00f6\u00f6, eriti arvutikasutajatele.  Suurus: 40x40x9\/1 cm\" \/>\n<meta property=\"og:url\" content=\"https:\/\/www.sleepcity.ee\/toode\/kiilpadi-tempur-tempur-seat-wedge\/\" \/>\n<meta property=\"og:site_name\" content=\"SleepCity - Hea Une Valem\" \/>\n<meta property=\"article:publisher\" content=\"http:\/\/www.fb.com\/TempurEstonia\" \/>\n<meta property=\"article:modified_time\" content=\"2023-11-02T16:23:48+00:00\" \/>\n<meta property=\"og:image\" content=\"https:\/\/sleepcity.ee\/wp-content\/uploads\/2020\/04\/\u0414\u0438\u0437\u0430\u0439\u043d-\u0431\u0435\u0437-\u043d\u0430\u0437\u0432\u0430\u043d\u0438\u044f-1.png\" \/>\n\t<meta property=\"og:image:width\" content=\"1080\" \/>\n\t<meta property=\"og:image:height\" content=\"1080\" \/>\n\t<meta property=\"og:image:type\" content=\"image\/png\" \/>\n<meta name=\"twitter:card\" content=\"summary_large_image\" \/>\n<script type=\"application\/ld+json\" class=\"yoast-schema-graph\">{\"@context\":\"https:\\\/\\\/schema.org\",\"@graph\":[{\"@type\":\"WebPage\",\"@id\":\"https:\\\/\\\/www.sleepcity.ee\\\/toode\\\/kiilpadi-tempur-tempur-seat-wedge\\\/\",\"url\":\"https:\\\/\\\/www.sleepcity.ee\\\/toode\\\/kiilpadi-tempur-tempur-seat-wedge\\\/\",\"name\":\"KIILPADI TEMPUR\u00ae TEMPUR SEAT WEDGE - SleepCity - Hea Une Valem\",\"isPartOf\":{\"@id\":\"https:\\\/\\\/sleepcity.ee\\\/#website\"},\"primaryImageOfPage\":{\"@id\":\"https:\\\/\\\/www.sleepcity.ee\\\/toode\\\/kiilpadi-tempur-tempur-seat-wedge\\\/#primaryimage\"},\"image\":{\"@id\":\"https:\\\/\\\/www.sleepcity.ee\\\/toode\\\/kiilpadi-tempur-tempur-seat-wedge\\\/#primaryimage\"},\"thumbnailUrl\":\"https:\\\/\\\/www.sleepcity.ee\\\/wp-content\\\/uploads\\\/2020\\\/04\\\/\u0414\u0438\u0437\u0430\u0439\u043d-\u0431\u0435\u0437-\u043d\u0430\u0437\u0432\u0430\u043d\u0438\u044f-1.png\",\"datePublished\":\"2020-04-27T15:03:27+00:00\",\"dateModified\":\"2023-11-02T16:23:48+00:00\",\"description\":\"Suurus: 40x40x9\\\/1 cm Tootekirjeldus M\u00f5eldud seljapingete v\u00e4hendamiseks. Kiilpadi on sellise kujuga, et l\u00fckkab vaagna ettepoole ning aitab selga hoida p\u00fcstasendis. Ideaalne k\u00f5igile, kellel on istuv t\u00f6\u00f6, eriti arvutikasutajatele. Suurus: 40x40x9\\\/1 cm\",\"breadcrumb\":{\"@id\":\"https:\\\/\\\/www.sleepcity.ee\\\/toode\\\/kiilpadi-tempur-tempur-seat-wedge\\\/#breadcrumb\"},\"inLanguage\":\"et\",\"potentialAction\":[{\"@type\":\"ReadAction\",\"target\":[\"https:\\\/\\\/www.sleepcity.ee\\\/toode\\\/kiilpadi-tempur-tempur-seat-wedge\\\/\"]}]},{\"@type\":\"ImageObject\",\"inLanguage\":\"et\",\"@id\":\"https:\\\/\\\/www.sleepcity.ee\\\/toode\\\/kiilpadi-tempur-tempur-seat-wedge\\\/#primaryimage\",\"url\":\"https:\\\/\\\/www.sleepcity.ee\\\/wp-content\\\/uploads\\\/2020\\\/04\\\/\u0414\u0438\u0437\u0430\u0439\u043d-\u0431\u0435\u0437-\u043d\u0430\u0437\u0432\u0430\u043d\u0438\u044f-1.png\",\"contentUrl\":\"https:\\\/\\\/www.sleepcity.ee\\\/wp-content\\\/uploads\\\/2020\\\/04\\\/\u0414\u0438\u0437\u0430\u0439\u043d-\u0431\u0435\u0437-\u043d\u0430\u0437\u0432\u0430\u043d\u0438\u044f-1.png\",\"width\":1080,\"height\":1080},{\"@type\":\"BreadcrumbList\",\"@id\":\"https:\\\/\\\/www.sleepcity.ee\\\/toode\\\/kiilpadi-tempur-tempur-seat-wedge\\\/#breadcrumb\",\"itemListElement\":[{\"@type\":\"ListItem\",\"position\":1,\"name\":\"Home\",\"item\":\"https:\\\/\\\/www.sleepcity.ee\\\/\"},{\"@type\":\"ListItem\",\"position\":2,\"name\":\"Pood\",\"item\":\"https:\\\/\\\/sleepcity.ee\\\/pood\\\/\"},{\"@type\":\"ListItem\",\"position\":3,\"name\":\"KIILPADI TEMPUR\u00ae TEMPUR SEAT WEDGE\"}]},{\"@type\":\"WebSite\",\"@id\":\"https:\\\/\\\/sleepcity.ee\\\/#website\",\"url\":\"https:\\\/\\\/sleepcity.ee\\\/\",\"name\":\"Tempur Shop\",\"description\":\"TEMPUR madratsid, voodid, padjad ja muud unetooted.\",\"publisher\":{\"@id\":\"https:\\\/\\\/sleepcity.ee\\\/#organization\"},\"potentialAction\":[{\"@type\":\"SearchAction\",\"target\":{\"@type\":\"EntryPoint\",\"urlTemplate\":\"https:\\\/\\\/sleepcity.ee\\\/?s={search_term_string}\"},\"query-input\":{\"@type\":\"PropertyValueSpecification\",\"valueRequired\":true,\"valueName\":\"search_term_string\"}}],\"inLanguage\":\"et\"},{\"@type\":\"Organization\",\"@id\":\"https:\\\/\\\/sleepcity.ee\\\/#organization\",\"name\":\"VG Design O\u00dc\",\"url\":\"https:\\\/\\\/sleepcity.ee\\\/\",\"logo\":{\"@type\":\"ImageObject\",\"inLanguage\":\"et\",\"@id\":\"https:\\\/\\\/sleepcity.ee\\\/#\\\/schema\\\/logo\\\/image\\\/\",\"url\":\"https:\\\/\\\/www.sleepcity.ee\\\/wp-content\\\/uploads\\\/2023\\\/09\\\/sleepcity_logo.png\",\"contentUrl\":\"https:\\\/\\\/www.sleepcity.ee\\\/wp-content\\\/uploads\\\/2023\\\/09\\\/sleepcity_logo.png\",\"width\":1034,\"height\":318,\"caption\":\"VG Design O\u00dc\"},\"image\":{\"@id\":\"https:\\\/\\\/sleepcity.ee\\\/#\\\/schema\\\/logo\\\/image\\\/\"},\"sameAs\":[\"http:\\\/\\\/www.fb.com\\\/TempurEstonia\",\"http:\\\/\\\/www.instagram.com\\\/tempurestonia\"]}]}<\/script>\n<!-- \/ Yoast SEO plugin. -->","yoast_head_json":{"title":"KIILPADI TEMPUR\u00ae TEMPUR SEAT WEDGE - SleepCity - Hea Une Valem","description":"Suurus: 40x40x9\/1 cm  Tootekirjeldus   M\u00f5eldud seljapingete v\u00e4hendamiseks. Kiilpadi on sellise kujuga, et l\u00fckkab vaagna ettepoole ning aitab selga hoida p\u00fcstasendis. Ideaalne k\u00f5igile, kellel on istuv t\u00f6\u00f6, eriti arvutikasutajatele.  Suurus: 40x40x9\/1 cm","robots":{"index":"index","follow":"follow","max-snippet":"max-snippet:-1","max-image-preview":"max-image-preview:large","max-video-preview":"max-video-preview:-1"},"canonical":"https:\/\/www.sleepcity.ee\/toode\/kiilpadi-tempur-tempur-seat-wedge\/","og_locale":"et_EE","og_type":"article","og_title":"KIILPADI TEMPUR\u00ae TEMPUR SEAT WEDGE - SleepCity - Hea Une Valem","og_description":"Suurus: 40x40x9\/1 cm  Tootekirjeldus   M\u00f5eldud seljapingete v\u00e4hendamiseks. Kiilpadi on sellise kujuga, et l\u00fckkab vaagna ettepoole ning aitab selga hoida p\u00fcstasendis. Ideaalne k\u00f5igile, kellel on istuv t\u00f6\u00f6, eriti arvutikasutajatele.  Suurus: 40x40x9\/1 cm","og_url":"https:\/\/www.sleepcity.ee\/toode\/kiilpadi-tempur-tempur-seat-wedge\/","og_site_name":"SleepCity - Hea Une Valem","article_publisher":"http:\/\/www.fb.com\/TempurEstonia","article_modified_time":"2023-11-02T16:23:48+00:00","og_image":[{"width":1080,"height":1080,"url":"https:\/\/sleepcity.ee\/wp-content\/uploads\/2020\/04\/\u0414\u0438\u0437\u0430\u0439\u043d-\u0431\u0435\u0437-\u043d\u0430\u0437\u0432\u0430\u043d\u0438\u044f-1.png","type":"image\/png"}],"twitter_card":"summary_large_image","schema":{"@context":"https:\/\/schema.org","@graph":[{"@type":"WebPage","@id":"https:\/\/www.sleepcity.ee\/toode\/kiilpadi-tempur-tempur-seat-wedge\/","url":"https:\/\/www.sleepcity.ee\/toode\/kiilpadi-tempur-tempur-seat-wedge\/","name":"KIILPADI TEMPUR\u00ae TEMPUR SEAT WEDGE - SleepCity - Hea Une Valem","isPartOf":{"@id":"https:\/\/sleepcity.ee\/#website"},"primaryImageOfPage":{"@id":"https:\/\/www.sleepcity.ee\/toode\/kiilpadi-tempur-tempur-seat-wedge\/#primaryimage"},"image":{"@id":"https:\/\/www.sleepcity.ee\/toode\/kiilpadi-tempur-tempur-seat-wedge\/#primaryimage"},"thumbnailUrl":"https:\/\/www.sleepcity.ee\/wp-content\/uploads\/2020\/04\/\u0414\u0438\u0437\u0430\u0439\u043d-\u0431\u0435\u0437-\u043d\u0430\u0437\u0432\u0430\u043d\u0438\u044f-1.png","datePublished":"2020-04-27T15:03:27+00:00","dateModified":"2023-11-02T16:23:48+00:00","description":"Suurus: 40x40x9\/1 cm Tootekirjeldus M\u00f5eldud seljapingete v\u00e4hendamiseks. Kiilpadi on sellise kujuga, et l\u00fckkab vaagna ettepoole ning aitab selga hoida p\u00fcstasendis. Ideaalne k\u00f5igile, kellel on istuv t\u00f6\u00f6, eriti arvutikasutajatele. Suurus: 40x40x9\/1 cm","breadcrumb":{"@id":"https:\/\/www.sleepcity.ee\/toode\/kiilpadi-tempur-tempur-seat-wedge\/#breadcrumb"},"inLanguage":"et","potentialAction":[{"@type":"ReadAction","target":["https:\/\/www.sleepcity.ee\/toode\/kiilpadi-tempur-tempur-seat-wedge\/"]}]},{"@type":"ImageObject","inLanguage":"et","@id":"https:\/\/www.sleepcity.ee\/toode\/kiilpadi-tempur-tempur-seat-wedge\/#primaryimage","url":"https:\/\/www.sleepcity.ee\/wp-content\/uploads\/2020\/04\/\u0414\u0438\u0437\u0430\u0439\u043d-\u0431\u0435\u0437-\u043d\u0430\u0437\u0432\u0430\u043d\u0438\u044f-1.png","contentUrl":"https:\/\/www.sleepcity.ee\/wp-content\/uploads\/2020\/04\/\u0414\u0438\u0437\u0430\u0439\u043d-\u0431\u0435\u0437-\u043d\u0430\u0437\u0432\u0430\u043d\u0438\u044f-1.png","width":1080,"height":1080},{"@type":"BreadcrumbList","@id":"https:\/\/www.sleepcity.ee\/toode\/kiilpadi-tempur-tempur-seat-wedge\/#breadcrumb","itemListElement":[{"@type":"ListItem","position":1,"name":"Home","item":"https:\/\/www.sleepcity.ee\/"},{"@type":"ListItem","position":2,"name":"Pood","item":"https:\/\/sleepcity.ee\/pood\/"},{"@type":"ListItem","position":3,"name":"KIILPADI TEMPUR\u00ae TEMPUR SEAT WEDGE"}]},{"@type":"WebSite","@id":"https:\/\/sleepcity.ee\/#website","url":"https:\/\/sleepcity.ee\/","name":"Tempur Shop","description":"TEMPUR madratsid, voodid, padjad ja muud unetooted.","publisher":{"@id":"https:\/\/sleepcity.ee\/#organization"},"potentialAction":[{"@type":"SearchAction","target":{"@type":"EntryPoint","urlTemplate":"https:\/\/sleepcity.ee\/?s={search_term_string}"},"query-input":{"@type":"PropertyValueSpecification","valueRequired":true,"valueName":"search_term_string"}}],"inLanguage":"et"},{"@type":"Organization","@id":"https:\/\/sleepcity.ee\/#organization","name":"VG Design O\u00dc","url":"https:\/\/sleepcity.ee\/","logo":{"@type":"ImageObject","inLanguage":"et","@id":"https:\/\/sleepcity.ee\/#\/schema\/logo\/image\/","url":"https:\/\/www.sleepcity.ee\/wp-content\/uploads\/2023\/09\/sleepcity_logo.png","contentUrl":"https:\/\/www.sleepcity.ee\/wp-content\/uploads\/2023\/09\/sleepcity_logo.png","width":1034,"height":318,"caption":"VG Design O\u00dc"},"image":{"@id":"https:\/\/sleepcity.ee\/#\/schema\/logo\/image\/"},"sameAs":["http:\/\/www.fb.com\/TempurEstonia","http:\/\/www.instagram.com\/tempurestonia"]}]}},"_links":{"self":[{"href":"https:\/\/www.sleepcity.ee\/wp-json\/wp\/v2\/product\/4311","targetHints":{"allow":["GET"]}}],"collection":[{"href":"https:\/\/www.sleepcity.ee\/wp-json\/wp\/v2\/product"}],"about":[{"href":"https:\/\/www.sleepcity.ee\/wp-json\/wp\/v2\/types\/product"}],"replies":[{"embeddable":true,"href":"https:\/\/www.sleepcity.ee\/wp-json\/wp\/v2\/comments?post=4311"}],"wp:featuredmedia":[{"embeddable":true,"href":"https:\/\/www.sleepcity.ee\/wp-json\/wp\/v2\/media\/4312"}],"wp:attachment":[{"href":"https:\/\/www.sleepcity.ee\/wp-json\/wp\/v2\/media?parent=4311"}],"wp:term":[{"taxonomy":"product_brand","embeddable":true,"href":"https:\/\/www.sleepcity.ee\/wp-json\/wp\/v2\/product_brand?post=4311"},{"taxonomy":"product_cat","embeddable":true,"href":"https:\/\/www.sleepcity.ee\/wp-json\/wp\/v2\/product_cat?post=4311"},{"taxonomy":"product_tag","embeddable":true,"href":"https:\/\/www.sleepcity.ee\/wp-json\/wp\/v2\/product_tag?post=4311"}],"curies":[{"name":"wp","href":"https:\/\/api.w.org\/{rel}","templated":true}]}}