{"id":2718,"date":"2020-01-10T10:33:13","date_gmt":"2020-01-10T10:33:13","guid":{"rendered":"https:\/\/sleepcity.ee\/?post_type=product&#038;p=2718"},"modified":"2026-03-06T05:03:35","modified_gmt":"2026-03-06T05:03:35","slug":"tempur-padi-ombracio-smartcool","status":"publish","type":"product","link":"https:\/\/www.sleepcity.ee\/toode\/tempur-padi-ombracio-smartcool\/","title":{"rendered":"TEMPUR padi Ombracio SmartCool"},"content":{"rendered":"<p>TEMPUR\u00ae Ombracio padja ainulaadne t\u00e4hekujuline disain v\u00f5imaldab padja mugavalt embusse v\u00f5tta, t\u00f5stes \u00fclakeha sirgemasse asendisse ning leevendades seel\u00e4bi kaela- ja seljapingeid.<\/p>\n<h2><strong>TEMPUR materjal on eriline!<\/strong><\/h2>\n<p>TEMPUR\u00ae materjal on erinev k\u00f5ikidest teistest. Hetk, mil pikali heidad, tundub kui\u00a0<em>puhas maagia<\/em>\u00a0\u2013 materjali rakud reageerivad koheselt sinu keha kujule, kaalule ja soojusele, kohandudes t\u00e4pselt iga sinu kehaosaga. T\u00f5estatult survevaba tugi pakub t\u00e4ielikku mugavust ja toetust. See v\u00f5ib aidata v\u00e4hendada pidevat p\u00f6\u00f6ramist ja k\u00fclje vahetamist une ajal. TEMPUR\u00ae materjal neelab ka partneri liikumise, nii et te ei sega teineteise und. Kuidas TEMPUR\u00ae materjal t\u00f6\u00f6tab, on keeruline, aga selle m\u00f5ju on lihtne: see aitab sul saavutada t\u00f5eliselt kosutava une.<\/p>\n<h2><strong>TEMPUR<sup>\u00ae<\/sup>\u00a0ergonoomiliste patjade katted on pestavad kuni 60\u00b0c.<\/strong><\/h2>\n<p>Sinu padi on oluline sinu tervise ja heaolu jaoks, seet\u00f5ttu on t\u00e4htis hoida seda puhta ja v\u00e4rskena. Meie pestavate padjap\u00fc\u00fcridega saad neid mugavalt eemaldada ja pesta pesumasinas kuni 60 \u00b0C juures.*<\/p>\n","protected":false},"excerpt":{"rendered":"<p>TEMPUR\u00ae\ufe0f Ombracio \u2013 See toetav ja embamiseks sobiv padi on loodud spetsiaalselt<strong> k\u00f5huli magajatele<\/strong>, t\u00f5stes \u00f5lgu kergelt k\u00f5rgemale, et v\u00e4hendada survet. Tulemuseks on suurep\u00e4rane mugavus, tugi ja hingavus.<\/p>\n<p>TEMPUR\u00ae\ufe0f originaalne padi OMBRACIO koos SmartCool\u2122 s\u00fcsteemiga \ufe0f on loodud kaela ja selgroo optimaalseks toetamiseks n\u00f6. jaheda puudutusega (SmartCool). SmartCool jahutuss\u00fcsteem akumuleerib \u00fcleliigse soojuse endasse, v\u00e4ga komfortne on magada ja samal ajal ei aja higistama.<\/p>\n<p>Ergonoomiline disain, mis on just enda keha loomuliku kuju j\u00e4rgi ainulaadselt kujundatud, aitab mugavamaks muuta selgroo asendit ning toetab ka kaela, kui magate k\u00f5huli\/k\u00fclili.<\/p>\n<p>TEMPUR\u00ae\ufe0f materjal leevendab survet \u00f5lgade, kaela ja selja \u00fcmber, v\u00f5imaldades lihastel t\u00e4ielikult l\u00f5\u00f5gastuda.<\/p>\n<p>Palume valida kulleriteenuse.<\/p>\n","protected":false},"featured_media":4526,"comment_status":"open","ping_status":"closed","template":"","meta":{"_monsterinsights_skip_tracking":false,"_monsterinsights_sitenote_active":false,"_monsterinsights_sitenote_note":"","_monsterinsights_sitenote_category":0},"product_brand":[],"product_cat":[94,92],"product_tag":[],"class_list":{"0":"post-2718","1":"product","2":"type-product","3":"status-publish","4":"has-post-thumbnail","6":"product_cat-ergonoomilised-padjad","7":"product_cat-padjad","9":"first","10":"onbackorder","11":"taxable","12":"shipping-taxable","13":"purchasable","14":"product-type-simple"},"yoast_head":"<!-- This site is optimized with the Yoast SEO plugin v27.4 - https:\/\/yoast.com\/product\/yoast-seo-wordpress\/ -->\n<title>TEMPUR padi Ombracio SmartCool - SleepCity - Hea Une Valem<\/title>\n<meta name=\"description\" content=\"UUS TEMPUR\u00ae\ufe0f originaalne padi OMBRACIO koos SmartCool \u2122 s\u00fcsteemiga \ufe0f on loodud kaela ja selgroo optimaalseks toetamiseks n\u00f6. jaheda puudutusega (SmartCool). SmartCool jahutuss\u00fcsteem akumuleerib \u00fcleliigse soojuse endasse, v\u00e4ga komfortne on magada ja samal ajal ei aja higistama.\" \/>\n<meta name=\"robots\" content=\"index, follow, max-snippet:-1, max-image-preview:large, max-video-preview:-1\" \/>\n<link rel=\"canonical\" href=\"https:\/\/www.sleepcity.ee\/toode\/tempur-padi-ombracio-smartcool\/\" \/>\n<meta property=\"og:locale\" content=\"et_EE\" \/>\n<meta property=\"og:type\" content=\"article\" \/>\n<meta property=\"og:title\" content=\"TEMPUR padi Ombracio SmartCool - SleepCity - Hea Une Valem\" \/>\n<meta property=\"og:description\" content=\"UUS TEMPUR\u00ae\ufe0f originaalne padi OMBRACIO koos SmartCool \u2122 s\u00fcsteemiga \ufe0f on loodud kaela ja selgroo optimaalseks toetamiseks n\u00f6. jaheda puudutusega (SmartCool). SmartCool jahutuss\u00fcsteem akumuleerib \u00fcleliigse soojuse endasse, v\u00e4ga komfortne on magada ja samal ajal ei aja higistama.\" \/>\n<meta property=\"og:url\" content=\"https:\/\/www.sleepcity.ee\/toode\/tempur-padi-ombracio-smartcool\/\" \/>\n<meta property=\"og:site_name\" content=\"SleepCity - Hea Une Valem\" \/>\n<meta property=\"article:publisher\" content=\"http:\/\/www.fb.com\/TempurEstonia\" \/>\n<meta property=\"article:modified_time\" content=\"2026-03-06T05:03:35+00:00\" \/>\n<meta property=\"og:image\" content=\"https:\/\/www.sleepcity.ee\/wp-content\/uploads\/2020\/01\/ombracio-smartcool-2.png\" \/>\n\t<meta property=\"og:image:width\" content=\"1200\" \/>\n\t<meta property=\"og:image:height\" content=\"732\" \/>\n\t<meta property=\"og:image:type\" content=\"image\/png\" \/>\n<meta name=\"twitter:card\" content=\"summary_large_image\" \/>\n<meta name=\"twitter:label1\" content=\"Est. reading time\" \/>\n\t<meta name=\"twitter:data1\" content=\"1 minut\" \/>\n<script type=\"application\/ld+json\" class=\"yoast-schema-graph\">{\"@context\":\"https:\\\/\\\/schema.org\",\"@graph\":[{\"@type\":\"WebPage\",\"@id\":\"https:\\\/\\\/www.sleepcity.ee\\\/toode\\\/tempur-padi-ombracio-smartcool\\\/\",\"url\":\"https:\\\/\\\/www.sleepcity.ee\\\/toode\\\/tempur-padi-ombracio-smartcool\\\/\",\"name\":\"TEMPUR padi Ombracio SmartCool - SleepCity - Hea Une Valem\",\"isPartOf\":{\"@id\":\"https:\\\/\\\/sleepcity.ee\\\/#website\"},\"primaryImageOfPage\":{\"@id\":\"https:\\\/\\\/www.sleepcity.ee\\\/toode\\\/tempur-padi-ombracio-smartcool\\\/#primaryimage\"},\"image\":{\"@id\":\"https:\\\/\\\/www.sleepcity.ee\\\/toode\\\/tempur-padi-ombracio-smartcool\\\/#primaryimage\"},\"thumbnailUrl\":\"https:\\\/\\\/www.sleepcity.ee\\\/wp-content\\\/uploads\\\/2020\\\/01\\\/ombracio-smartcool-2.png\",\"datePublished\":\"2020-01-10T10:33:13+00:00\",\"dateModified\":\"2026-03-06T05:03:35+00:00\",\"description\":\"UUS TEMPUR\u00ae\ufe0f originaalne padi OMBRACIO koos SmartCool \u2122 s\u00fcsteemiga \ufe0f on loodud kaela ja selgroo optimaalseks toetamiseks n\u00f6. jaheda puudutusega (SmartCool). SmartCool jahutuss\u00fcsteem akumuleerib \u00fcleliigse soojuse endasse, v\u00e4ga komfortne on magada ja samal ajal ei aja higistama.\",\"breadcrumb\":{\"@id\":\"https:\\\/\\\/www.sleepcity.ee\\\/toode\\\/tempur-padi-ombracio-smartcool\\\/#breadcrumb\"},\"inLanguage\":\"et\",\"potentialAction\":[{\"@type\":\"ReadAction\",\"target\":[\"https:\\\/\\\/www.sleepcity.ee\\\/toode\\\/tempur-padi-ombracio-smartcool\\\/\"]}]},{\"@type\":\"ImageObject\",\"inLanguage\":\"et\",\"@id\":\"https:\\\/\\\/www.sleepcity.ee\\\/toode\\\/tempur-padi-ombracio-smartcool\\\/#primaryimage\",\"url\":\"https:\\\/\\\/www.sleepcity.ee\\\/wp-content\\\/uploads\\\/2020\\\/01\\\/ombracio-smartcool-2.png\",\"contentUrl\":\"https:\\\/\\\/www.sleepcity.ee\\\/wp-content\\\/uploads\\\/2020\\\/01\\\/ombracio-smartcool-2.png\",\"width\":1200,\"height\":732},{\"@type\":\"BreadcrumbList\",\"@id\":\"https:\\\/\\\/www.sleepcity.ee\\\/toode\\\/tempur-padi-ombracio-smartcool\\\/#breadcrumb\",\"itemListElement\":[{\"@type\":\"ListItem\",\"position\":1,\"name\":\"Home\",\"item\":\"https:\\\/\\\/sleepcity.ee\\\/\"},{\"@type\":\"ListItem\",\"position\":2,\"name\":\"Pood\",\"item\":\"https:\\\/\\\/sleepcity.ee\\\/pood\\\/\"},{\"@type\":\"ListItem\",\"position\":3,\"name\":\"TEMPUR padi Ombracio SmartCool\"}]},{\"@type\":\"WebSite\",\"@id\":\"https:\\\/\\\/sleepcity.ee\\\/#website\",\"url\":\"https:\\\/\\\/sleepcity.ee\\\/\",\"name\":\"Tempur Shop\",\"description\":\"TEMPUR madratsid, voodid, padjad ja muud unetooted.\",\"publisher\":{\"@id\":\"https:\\\/\\\/sleepcity.ee\\\/#organization\"},\"potentialAction\":[{\"@type\":\"SearchAction\",\"target\":{\"@type\":\"EntryPoint\",\"urlTemplate\":\"https:\\\/\\\/sleepcity.ee\\\/?s={search_term_string}\"},\"query-input\":{\"@type\":\"PropertyValueSpecification\",\"valueRequired\":true,\"valueName\":\"search_term_string\"}}],\"inLanguage\":\"et\"},{\"@type\":\"Organization\",\"@id\":\"https:\\\/\\\/sleepcity.ee\\\/#organization\",\"name\":\"VG Design O\u00dc\",\"url\":\"https:\\\/\\\/sleepcity.ee\\\/\",\"logo\":{\"@type\":\"ImageObject\",\"inLanguage\":\"et\",\"@id\":\"https:\\\/\\\/sleepcity.ee\\\/#\\\/schema\\\/logo\\\/image\\\/\",\"url\":\"https:\\\/\\\/www.sleepcity.ee\\\/wp-content\\\/uploads\\\/2023\\\/09\\\/sleepcity_logo.png\",\"contentUrl\":\"https:\\\/\\\/www.sleepcity.ee\\\/wp-content\\\/uploads\\\/2023\\\/09\\\/sleepcity_logo.png\",\"width\":1034,\"height\":318,\"caption\":\"VG Design O\u00dc\"},\"image\":{\"@id\":\"https:\\\/\\\/sleepcity.ee\\\/#\\\/schema\\\/logo\\\/image\\\/\"},\"sameAs\":[\"http:\\\/\\\/www.fb.com\\\/TempurEstonia\",\"http:\\\/\\\/www.instagram.com\\\/tempurestonia\"]}]}<\/script>\n<!-- \/ Yoast SEO plugin. -->","yoast_head_json":{"title":"TEMPUR padi Ombracio SmartCool - SleepCity - Hea Une Valem","description":"UUS TEMPUR\u00ae\ufe0f originaalne padi OMBRACIO koos SmartCool \u2122 s\u00fcsteemiga \ufe0f on loodud kaela ja selgroo optimaalseks toetamiseks n\u00f6. jaheda puudutusega (SmartCool). SmartCool jahutuss\u00fcsteem akumuleerib \u00fcleliigse soojuse endasse, v\u00e4ga komfortne on magada ja samal ajal ei aja higistama.","robots":{"index":"index","follow":"follow","max-snippet":"max-snippet:-1","max-image-preview":"max-image-preview:large","max-video-preview":"max-video-preview:-1"},"canonical":"https:\/\/www.sleepcity.ee\/toode\/tempur-padi-ombracio-smartcool\/","og_locale":"et_EE","og_type":"article","og_title":"TEMPUR padi Ombracio SmartCool - SleepCity - Hea Une Valem","og_description":"UUS TEMPUR\u00ae\ufe0f originaalne padi OMBRACIO koos SmartCool \u2122 s\u00fcsteemiga \ufe0f on loodud kaela ja selgroo optimaalseks toetamiseks n\u00f6. jaheda puudutusega (SmartCool). SmartCool jahutuss\u00fcsteem akumuleerib \u00fcleliigse soojuse endasse, v\u00e4ga komfortne on magada ja samal ajal ei aja higistama.","og_url":"https:\/\/www.sleepcity.ee\/toode\/tempur-padi-ombracio-smartcool\/","og_site_name":"SleepCity - Hea Une Valem","article_publisher":"http:\/\/www.fb.com\/TempurEstonia","article_modified_time":"2026-03-06T05:03:35+00:00","og_image":[{"width":1200,"height":732,"url":"https:\/\/www.sleepcity.ee\/wp-content\/uploads\/2020\/01\/ombracio-smartcool-2.png","type":"image\/png"}],"twitter_card":"summary_large_image","twitter_misc":{"Est. reading time":"1 minut"},"schema":{"@context":"https:\/\/schema.org","@graph":[{"@type":"WebPage","@id":"https:\/\/www.sleepcity.ee\/toode\/tempur-padi-ombracio-smartcool\/","url":"https:\/\/www.sleepcity.ee\/toode\/tempur-padi-ombracio-smartcool\/","name":"TEMPUR padi Ombracio SmartCool - SleepCity - Hea Une Valem","isPartOf":{"@id":"https:\/\/sleepcity.ee\/#website"},"primaryImageOfPage":{"@id":"https:\/\/www.sleepcity.ee\/toode\/tempur-padi-ombracio-smartcool\/#primaryimage"},"image":{"@id":"https:\/\/www.sleepcity.ee\/toode\/tempur-padi-ombracio-smartcool\/#primaryimage"},"thumbnailUrl":"https:\/\/www.sleepcity.ee\/wp-content\/uploads\/2020\/01\/ombracio-smartcool-2.png","datePublished":"2020-01-10T10:33:13+00:00","dateModified":"2026-03-06T05:03:35+00:00","description":"UUS TEMPUR\u00ae\ufe0f originaalne padi OMBRACIO koos SmartCool \u2122 s\u00fcsteemiga \ufe0f on loodud kaela ja selgroo optimaalseks toetamiseks n\u00f6. jaheda puudutusega (SmartCool). SmartCool jahutuss\u00fcsteem akumuleerib \u00fcleliigse soojuse endasse, v\u00e4ga komfortne on magada ja samal ajal ei aja higistama.","breadcrumb":{"@id":"https:\/\/www.sleepcity.ee\/toode\/tempur-padi-ombracio-smartcool\/#breadcrumb"},"inLanguage":"et","potentialAction":[{"@type":"ReadAction","target":["https:\/\/www.sleepcity.ee\/toode\/tempur-padi-ombracio-smartcool\/"]}]},{"@type":"ImageObject","inLanguage":"et","@id":"https:\/\/www.sleepcity.ee\/toode\/tempur-padi-ombracio-smartcool\/#primaryimage","url":"https:\/\/www.sleepcity.ee\/wp-content\/uploads\/2020\/01\/ombracio-smartcool-2.png","contentUrl":"https:\/\/www.sleepcity.ee\/wp-content\/uploads\/2020\/01\/ombracio-smartcool-2.png","width":1200,"height":732},{"@type":"BreadcrumbList","@id":"https:\/\/www.sleepcity.ee\/toode\/tempur-padi-ombracio-smartcool\/#breadcrumb","itemListElement":[{"@type":"ListItem","position":1,"name":"Home","item":"https:\/\/sleepcity.ee\/"},{"@type":"ListItem","position":2,"name":"Pood","item":"https:\/\/sleepcity.ee\/pood\/"},{"@type":"ListItem","position":3,"name":"TEMPUR padi Ombracio SmartCool"}]},{"@type":"WebSite","@id":"https:\/\/sleepcity.ee\/#website","url":"https:\/\/sleepcity.ee\/","name":"Tempur Shop","description":"TEMPUR madratsid, voodid, padjad ja muud unetooted.","publisher":{"@id":"https:\/\/sleepcity.ee\/#organization"},"potentialAction":[{"@type":"SearchAction","target":{"@type":"EntryPoint","urlTemplate":"https:\/\/sleepcity.ee\/?s={search_term_string}"},"query-input":{"@type":"PropertyValueSpecification","valueRequired":true,"valueName":"search_term_string"}}],"inLanguage":"et"},{"@type":"Organization","@id":"https:\/\/sleepcity.ee\/#organization","name":"VG Design O\u00dc","url":"https:\/\/sleepcity.ee\/","logo":{"@type":"ImageObject","inLanguage":"et","@id":"https:\/\/sleepcity.ee\/#\/schema\/logo\/image\/","url":"https:\/\/www.sleepcity.ee\/wp-content\/uploads\/2023\/09\/sleepcity_logo.png","contentUrl":"https:\/\/www.sleepcity.ee\/wp-content\/uploads\/2023\/09\/sleepcity_logo.png","width":1034,"height":318,"caption":"VG Design O\u00dc"},"image":{"@id":"https:\/\/sleepcity.ee\/#\/schema\/logo\/image\/"},"sameAs":["http:\/\/www.fb.com\/TempurEstonia","http:\/\/www.instagram.com\/tempurestonia"]}]}},"_links":{"self":[{"href":"https:\/\/www.sleepcity.ee\/wp-json\/wp\/v2\/product\/2718","targetHints":{"allow":["GET"]}}],"collection":[{"href":"https:\/\/www.sleepcity.ee\/wp-json\/wp\/v2\/product"}],"about":[{"href":"https:\/\/www.sleepcity.ee\/wp-json\/wp\/v2\/types\/product"}],"replies":[{"embeddable":true,"href":"https:\/\/www.sleepcity.ee\/wp-json\/wp\/v2\/comments?post=2718"}],"wp:featuredmedia":[{"embeddable":true,"href":"https:\/\/www.sleepcity.ee\/wp-json\/wp\/v2\/media\/4526"}],"wp:attachment":[{"href":"https:\/\/www.sleepcity.ee\/wp-json\/wp\/v2\/media?parent=2718"}],"wp:term":[{"taxonomy":"product_brand","embeddable":true,"href":"https:\/\/www.sleepcity.ee\/wp-json\/wp\/v2\/product_brand?post=2718"},{"taxonomy":"product_cat","embeddable":true,"href":"https:\/\/www.sleepcity.ee\/wp-json\/wp\/v2\/product_cat?post=2718"},{"taxonomy":"product_tag","embeddable":true,"href":"https:\/\/www.sleepcity.ee\/wp-json\/wp\/v2\/product_tag?post=2718"}],"curies":[{"name":"wp","href":"https:\/\/api.w.org\/{rel}","templated":true}]}}