{"id":2226,"date":"2019-12-20T16:21:36","date_gmt":"2019-12-20T16:21:36","guid":{"rendered":"https:\/\/sleepcity.ee\/?post_type=product&#038;p=2226"},"modified":"2024-07-17T13:20:29","modified_gmt":"2024-07-17T13:20:29","slug":"decoflux-milena-inspiration-240x220cm-komplekt","status":"publish","type":"product","link":"https:\/\/www.sleepcity.ee\/toode\/decoflux-milena-inspiration-240x220cm-komplekt\/","title":{"rendered":"Decoflux Milena Inspiration 240x220cm komplekt"},"content":{"rendered":"<p>Imeilus voodipesu Milena Inspiration m\u00f5nusa sinimustvalge mustriga , valmistatud Egiptuse puuvillast (100% satiin) printt\u00f6\u00f6na.<\/p>\n<p>Komplekt sisaldab 1 tekikott + 2 padjap\u00fc\u00fcri 70x50cm. Masinpestav.<\/p>\n","protected":false},"excerpt":{"rendered":"<p>Imeilus voodipesu Milena Inspiration m\u00f5nusa sinimustvalge mustriga , valmistatud Egiptuse puuvillast (100% satiin) printt\u00f6\u00f6na.<\/p>\n<p>Komplekt sisaldab 1 tekikott + 2 padjap\u00fc\u00fcri 70x50cm. Masinpestav.<\/p>\n","protected":false},"featured_media":2224,"comment_status":"open","ping_status":"closed","template":"","meta":{"_monsterinsights_skip_tracking":false,"_monsterinsights_sitenote_active":false,"_monsterinsights_sitenote_note":"","_monsterinsights_sitenote_category":0},"product_brand":[],"product_cat":[264,90],"product_tag":[],"class_list":{"0":"post-2226","1":"product","2":"type-product","3":"status-publish","4":"has-post-thumbnail","6":"product_cat-satiinist-voodipesu","7":"product_cat-voodipesu","9":"first","10":"instock","11":"sale","12":"taxable","13":"shipping-taxable","14":"purchasable","15":"product-type-simple"},"yoast_head":"<!-- This site is optimized with the Yoast SEO plugin v27.3 - https:\/\/yoast.com\/product\/yoast-seo-wordpress\/ -->\n<title>Decoflux Milena Inspiration 240x220cm komplekt - SleepCity - Hea Une Valem<\/title>\n<meta name=\"description\" content=\"Imeilus voodipesu Milena Inspiration m\u00f5nusa sinimustvalge mustriga , valmistatud Egiptuse puuvillast (100% satiin) printt\u00f6\u00f6na.  Komplekt sisaldab 1 tekikott + 2 padjap\u00fc\u00fcri 70x50cm. Masinpestav.\" \/>\n<meta name=\"robots\" content=\"index, follow, max-snippet:-1, max-image-preview:large, max-video-preview:-1\" \/>\n<link rel=\"canonical\" href=\"https:\/\/sleepcity.ee\/toode\/decoflux-milena-inspiration-240x220cm-komplekt\/\" \/>\n<meta property=\"og:locale\" content=\"et_EE\" \/>\n<meta property=\"og:type\" content=\"article\" \/>\n<meta property=\"og:title\" content=\"Decoflux Milena Inspiration 240x220cm komplekt - SleepCity - Hea Une Valem\" \/>\n<meta property=\"og:description\" content=\"Imeilus voodipesu Milena Inspiration m\u00f5nusa sinimustvalge mustriga , valmistatud Egiptuse puuvillast (100% satiin) printt\u00f6\u00f6na.  Komplekt sisaldab 1 tekikott + 2 padjap\u00fc\u00fcri 70x50cm. Masinpestav.\" \/>\n<meta property=\"og:url\" content=\"https:\/\/sleepcity.ee\/toode\/decoflux-milena-inspiration-240x220cm-komplekt\/\" \/>\n<meta property=\"og:site_name\" content=\"SleepCity - Hea Une Valem\" \/>\n<meta property=\"article:publisher\" content=\"http:\/\/www.fb.com\/TempurEstonia\" \/>\n<meta property=\"article:modified_time\" content=\"2024-07-17T13:20:29+00:00\" \/>\n<meta property=\"og:image\" content=\"https:\/\/sleepcity.ee\/wp-content\/uploads\/2019\/12\/Milena-Muse.jpg\" \/>\n\t<meta property=\"og:image:width\" content=\"183\" \/>\n\t<meta property=\"og:image:height\" content=\"275\" \/>\n\t<meta property=\"og:image:type\" content=\"image\/jpeg\" \/>\n<meta name=\"twitter:card\" content=\"summary_large_image\" \/>\n<script type=\"application\/ld+json\" class=\"yoast-schema-graph\">{\"@context\":\"https:\\\/\\\/schema.org\",\"@graph\":[{\"@type\":\"WebPage\",\"@id\":\"https:\\\/\\\/sleepcity.ee\\\/toode\\\/decoflux-milena-inspiration-240x220cm-komplekt\\\/\",\"url\":\"https:\\\/\\\/sleepcity.ee\\\/toode\\\/decoflux-milena-inspiration-240x220cm-komplekt\\\/\",\"name\":\"Decoflux Milena Inspiration 240x220cm komplekt - SleepCity - Hea Une Valem\",\"isPartOf\":{\"@id\":\"https:\\\/\\\/sleepcity.ee\\\/#website\"},\"primaryImageOfPage\":{\"@id\":\"https:\\\/\\\/sleepcity.ee\\\/toode\\\/decoflux-milena-inspiration-240x220cm-komplekt\\\/#primaryimage\"},\"image\":{\"@id\":\"https:\\\/\\\/sleepcity.ee\\\/toode\\\/decoflux-milena-inspiration-240x220cm-komplekt\\\/#primaryimage\"},\"thumbnailUrl\":\"https:\\\/\\\/www.sleepcity.ee\\\/wp-content\\\/uploads\\\/2019\\\/12\\\/Milena-Muse.jpg\",\"datePublished\":\"2019-12-20T16:21:36+00:00\",\"dateModified\":\"2024-07-17T13:20:29+00:00\",\"description\":\"Imeilus voodipesu Milena Inspiration m\u00f5nusa sinimustvalge mustriga , valmistatud Egiptuse puuvillast (100% satiin) printt\u00f6\u00f6na. Komplekt sisaldab 1 tekikott + 2 padjap\u00fc\u00fcri 70x50cm. Masinpestav.\",\"breadcrumb\":{\"@id\":\"https:\\\/\\\/sleepcity.ee\\\/toode\\\/decoflux-milena-inspiration-240x220cm-komplekt\\\/#breadcrumb\"},\"inLanguage\":\"et\",\"potentialAction\":[{\"@type\":\"ReadAction\",\"target\":[\"https:\\\/\\\/sleepcity.ee\\\/toode\\\/decoflux-milena-inspiration-240x220cm-komplekt\\\/\"]}]},{\"@type\":\"ImageObject\",\"inLanguage\":\"et\",\"@id\":\"https:\\\/\\\/sleepcity.ee\\\/toode\\\/decoflux-milena-inspiration-240x220cm-komplekt\\\/#primaryimage\",\"url\":\"https:\\\/\\\/www.sleepcity.ee\\\/wp-content\\\/uploads\\\/2019\\\/12\\\/Milena-Muse.jpg\",\"contentUrl\":\"https:\\\/\\\/www.sleepcity.ee\\\/wp-content\\\/uploads\\\/2019\\\/12\\\/Milena-Muse.jpg\",\"width\":183,\"height\":275},{\"@type\":\"BreadcrumbList\",\"@id\":\"https:\\\/\\\/sleepcity.ee\\\/toode\\\/decoflux-milena-inspiration-240x220cm-komplekt\\\/#breadcrumb\",\"itemListElement\":[{\"@type\":\"ListItem\",\"position\":1,\"name\":\"Home\",\"item\":\"https:\\\/\\\/www.sleepcity.ee\\\/\"},{\"@type\":\"ListItem\",\"position\":2,\"name\":\"Pood\",\"item\":\"https:\\\/\\\/sleepcity.ee\\\/pood\\\/\"},{\"@type\":\"ListItem\",\"position\":3,\"name\":\"Decoflux Milena Inspiration 240x220cm komplekt\"}]},{\"@type\":\"WebSite\",\"@id\":\"https:\\\/\\\/sleepcity.ee\\\/#website\",\"url\":\"https:\\\/\\\/sleepcity.ee\\\/\",\"name\":\"Tempur Shop\",\"description\":\"TEMPUR madratsid, voodid, padjad ja muud unetooted.\",\"publisher\":{\"@id\":\"https:\\\/\\\/sleepcity.ee\\\/#organization\"},\"potentialAction\":[{\"@type\":\"SearchAction\",\"target\":{\"@type\":\"EntryPoint\",\"urlTemplate\":\"https:\\\/\\\/sleepcity.ee\\\/?s={search_term_string}\"},\"query-input\":{\"@type\":\"PropertyValueSpecification\",\"valueRequired\":true,\"valueName\":\"search_term_string\"}}],\"inLanguage\":\"et\"},{\"@type\":\"Organization\",\"@id\":\"https:\\\/\\\/sleepcity.ee\\\/#organization\",\"name\":\"VG Design O\u00dc\",\"url\":\"https:\\\/\\\/sleepcity.ee\\\/\",\"logo\":{\"@type\":\"ImageObject\",\"inLanguage\":\"et\",\"@id\":\"https:\\\/\\\/sleepcity.ee\\\/#\\\/schema\\\/logo\\\/image\\\/\",\"url\":\"https:\\\/\\\/www.sleepcity.ee\\\/wp-content\\\/uploads\\\/2023\\\/09\\\/sleepcity_logo.png\",\"contentUrl\":\"https:\\\/\\\/www.sleepcity.ee\\\/wp-content\\\/uploads\\\/2023\\\/09\\\/sleepcity_logo.png\",\"width\":1034,\"height\":318,\"caption\":\"VG Design O\u00dc\"},\"image\":{\"@id\":\"https:\\\/\\\/sleepcity.ee\\\/#\\\/schema\\\/logo\\\/image\\\/\"},\"sameAs\":[\"http:\\\/\\\/www.fb.com\\\/TempurEstonia\",\"http:\\\/\\\/www.instagram.com\\\/tempurestonia\"]}]}<\/script>\n<!-- \/ Yoast SEO plugin. -->","yoast_head_json":{"title":"Decoflux Milena Inspiration 240x220cm komplekt - SleepCity - Hea Une Valem","description":"Imeilus voodipesu Milena Inspiration m\u00f5nusa sinimustvalge mustriga , valmistatud Egiptuse puuvillast (100% satiin) printt\u00f6\u00f6na.  Komplekt sisaldab 1 tekikott + 2 padjap\u00fc\u00fcri 70x50cm. Masinpestav.","robots":{"index":"index","follow":"follow","max-snippet":"max-snippet:-1","max-image-preview":"max-image-preview:large","max-video-preview":"max-video-preview:-1"},"canonical":"https:\/\/sleepcity.ee\/toode\/decoflux-milena-inspiration-240x220cm-komplekt\/","og_locale":"et_EE","og_type":"article","og_title":"Decoflux Milena Inspiration 240x220cm komplekt - SleepCity - Hea Une Valem","og_description":"Imeilus voodipesu Milena Inspiration m\u00f5nusa sinimustvalge mustriga , valmistatud Egiptuse puuvillast (100% satiin) printt\u00f6\u00f6na.  Komplekt sisaldab 1 tekikott + 2 padjap\u00fc\u00fcri 70x50cm. Masinpestav.","og_url":"https:\/\/sleepcity.ee\/toode\/decoflux-milena-inspiration-240x220cm-komplekt\/","og_site_name":"SleepCity - Hea Une Valem","article_publisher":"http:\/\/www.fb.com\/TempurEstonia","article_modified_time":"2024-07-17T13:20:29+00:00","og_image":[{"width":183,"height":275,"url":"https:\/\/sleepcity.ee\/wp-content\/uploads\/2019\/12\/Milena-Muse.jpg","type":"image\/jpeg"}],"twitter_card":"summary_large_image","schema":{"@context":"https:\/\/schema.org","@graph":[{"@type":"WebPage","@id":"https:\/\/sleepcity.ee\/toode\/decoflux-milena-inspiration-240x220cm-komplekt\/","url":"https:\/\/sleepcity.ee\/toode\/decoflux-milena-inspiration-240x220cm-komplekt\/","name":"Decoflux Milena Inspiration 240x220cm komplekt - SleepCity - Hea Une Valem","isPartOf":{"@id":"https:\/\/sleepcity.ee\/#website"},"primaryImageOfPage":{"@id":"https:\/\/sleepcity.ee\/toode\/decoflux-milena-inspiration-240x220cm-komplekt\/#primaryimage"},"image":{"@id":"https:\/\/sleepcity.ee\/toode\/decoflux-milena-inspiration-240x220cm-komplekt\/#primaryimage"},"thumbnailUrl":"https:\/\/www.sleepcity.ee\/wp-content\/uploads\/2019\/12\/Milena-Muse.jpg","datePublished":"2019-12-20T16:21:36+00:00","dateModified":"2024-07-17T13:20:29+00:00","description":"Imeilus voodipesu Milena Inspiration m\u00f5nusa sinimustvalge mustriga , valmistatud Egiptuse puuvillast (100% satiin) printt\u00f6\u00f6na. Komplekt sisaldab 1 tekikott + 2 padjap\u00fc\u00fcri 70x50cm. Masinpestav.","breadcrumb":{"@id":"https:\/\/sleepcity.ee\/toode\/decoflux-milena-inspiration-240x220cm-komplekt\/#breadcrumb"},"inLanguage":"et","potentialAction":[{"@type":"ReadAction","target":["https:\/\/sleepcity.ee\/toode\/decoflux-milena-inspiration-240x220cm-komplekt\/"]}]},{"@type":"ImageObject","inLanguage":"et","@id":"https:\/\/sleepcity.ee\/toode\/decoflux-milena-inspiration-240x220cm-komplekt\/#primaryimage","url":"https:\/\/www.sleepcity.ee\/wp-content\/uploads\/2019\/12\/Milena-Muse.jpg","contentUrl":"https:\/\/www.sleepcity.ee\/wp-content\/uploads\/2019\/12\/Milena-Muse.jpg","width":183,"height":275},{"@type":"BreadcrumbList","@id":"https:\/\/sleepcity.ee\/toode\/decoflux-milena-inspiration-240x220cm-komplekt\/#breadcrumb","itemListElement":[{"@type":"ListItem","position":1,"name":"Home","item":"https:\/\/www.sleepcity.ee\/"},{"@type":"ListItem","position":2,"name":"Pood","item":"https:\/\/sleepcity.ee\/pood\/"},{"@type":"ListItem","position":3,"name":"Decoflux Milena Inspiration 240x220cm komplekt"}]},{"@type":"WebSite","@id":"https:\/\/sleepcity.ee\/#website","url":"https:\/\/sleepcity.ee\/","name":"Tempur Shop","description":"TEMPUR madratsid, voodid, padjad ja muud unetooted.","publisher":{"@id":"https:\/\/sleepcity.ee\/#organization"},"potentialAction":[{"@type":"SearchAction","target":{"@type":"EntryPoint","urlTemplate":"https:\/\/sleepcity.ee\/?s={search_term_string}"},"query-input":{"@type":"PropertyValueSpecification","valueRequired":true,"valueName":"search_term_string"}}],"inLanguage":"et"},{"@type":"Organization","@id":"https:\/\/sleepcity.ee\/#organization","name":"VG Design O\u00dc","url":"https:\/\/sleepcity.ee\/","logo":{"@type":"ImageObject","inLanguage":"et","@id":"https:\/\/sleepcity.ee\/#\/schema\/logo\/image\/","url":"https:\/\/www.sleepcity.ee\/wp-content\/uploads\/2023\/09\/sleepcity_logo.png","contentUrl":"https:\/\/www.sleepcity.ee\/wp-content\/uploads\/2023\/09\/sleepcity_logo.png","width":1034,"height":318,"caption":"VG Design O\u00dc"},"image":{"@id":"https:\/\/sleepcity.ee\/#\/schema\/logo\/image\/"},"sameAs":["http:\/\/www.fb.com\/TempurEstonia","http:\/\/www.instagram.com\/tempurestonia"]}]}},"_links":{"self":[{"href":"https:\/\/www.sleepcity.ee\/wp-json\/wp\/v2\/product\/2226","targetHints":{"allow":["GET"]}}],"collection":[{"href":"https:\/\/www.sleepcity.ee\/wp-json\/wp\/v2\/product"}],"about":[{"href":"https:\/\/www.sleepcity.ee\/wp-json\/wp\/v2\/types\/product"}],"replies":[{"embeddable":true,"href":"https:\/\/www.sleepcity.ee\/wp-json\/wp\/v2\/comments?post=2226"}],"wp:featuredmedia":[{"embeddable":true,"href":"https:\/\/www.sleepcity.ee\/wp-json\/wp\/v2\/media\/2224"}],"wp:attachment":[{"href":"https:\/\/www.sleepcity.ee\/wp-json\/wp\/v2\/media?parent=2226"}],"wp:term":[{"taxonomy":"product_brand","embeddable":true,"href":"https:\/\/www.sleepcity.ee\/wp-json\/wp\/v2\/product_brand?post=2226"},{"taxonomy":"product_cat","embeddable":true,"href":"https:\/\/www.sleepcity.ee\/wp-json\/wp\/v2\/product_cat?post=2226"},{"taxonomy":"product_tag","embeddable":true,"href":"https:\/\/www.sleepcity.ee\/wp-json\/wp\/v2\/product_tag?post=2226"}],"curies":[{"name":"wp","href":"https:\/\/api.w.org\/{rel}","templated":true}]}}