{"id":1980,"date":"2019-12-11T14:32:22","date_gmt":"2019-12-11T14:32:22","guid":{"rendered":"https:\/\/sleepcity.ee\/?post_type=product&#038;p=1980"},"modified":"2023-11-02T16:39:33","modified_gmt":"2023-11-02T16:39:33","slug":"tempur-fit-premium-tekk-light","status":"publish","type":"product","link":"https:\/\/www.sleepcity.ee\/toode\/tempur-fit-premium-tekk-light\/","title":{"rendered":"TEMPUR-FIT Premium tekk light"},"content":{"rendered":"<h2>TEMPUR-FIT premium tekk light<\/h2>\n","protected":false},"excerpt":{"rendered":"<div class=\"contentexpander hide-contentexpander active\">\n<div class=\"description\">\n<div class=\"description-description\">\n<ul>\n<li>K\u00f5ik TEMPUR-Fit \u2122tekid on loodud revolutsioonilise uuendatud TEMPRAKON\u00ae tehnoloogiaga, mis \u00fchendab kerguse ja pehmuse termoreguleerivate omadustega<\/li>\n<li>Kasutades\u00a0TEMPRAKON\u00a0tehnoloogial p\u00f5hinevat TEMPUR-Fit \u2122tekki\u00a0v\u00e4lditakse\u00a0\u00f6ist temepartuuri k\u00f5ikumist ja aidatakse kehal s\u00e4ilitada optimaalset temperatuuri, v\u00e4hendades higistamist ja tagades\u00a0keha l\u00f5\u00f5gastuse ja mugavuse kogu une ajal.<\/li>\n<li>LIGHT tekk on \u00f5huke kerge suletekk,mis on jahutav, kaetud m\u00f5nusa puuvilase riidega.<\/li>\n<li>ALLERGIAVABA!<\/li>\n<li>TEMPRAKON Tempur-Fit tekid on uuenduslikud ja erakordselt hinnatud avalikkuse poolt.<\/li>\n<li>TEMPURi toodete maksimaalse efektiivsuse ja tervisliku ja kasuliku puhkuse tagamiseks on loodud\u00a0erinevad padja- ja madratsikaitsed ja ka linu, mis on kujundatud looduslike toodete ja kosmosetehnoloogia kombineerimisega.<\/li>\n<li>Patenteeritud tehnoloogia, mille on v\u00e4lja t\u00f6\u00f6tanud NASA poolt<\/li>\n<li>TEMPUR PREMIUM\u00a0 STANDARD on m\u00f5eldud jahedama toa jaoks, kuna tekis on rohkem sulgi. On v\u00e4ga soe!<\/li>\n<li>TEMPUR PREMIUM LIGHT on m\u00f5edud soojema toa jaoks (18-25\u00baC). Kerge ja soe tekk, isegi toatemperatuuril alla 15\u00baC.<\/li>\n<\/ul>\n<\/div>\n<div class=\"description-options\">\n<p>&nbsp;<\/p>\n<\/div>\n<\/div>\n<div class=\"contentexpander-control\"><\/div>\n<\/div>\n<nav class=\"more\"><\/nav>\n","protected":false},"featured_media":1978,"comment_status":"open","ping_status":"closed","template":"","meta":{"_monsterinsights_skip_tracking":false,"_monsterinsights_sitenote_active":false,"_monsterinsights_sitenote_note":"","_monsterinsights_sitenote_category":0},"product_brand":[],"product_cat":[439,416],"product_tag":[],"class_list":{"0":"post-1980","1":"product","2":"type-product","3":"status-publish","4":"has-post-thumbnail","6":"product_cat-tekid-2","7":"product_cat-tempur-suletekid","9":"first","10":"instock","11":"sold-individually","12":"taxable","13":"shipping-taxable","14":"purchasable","15":"product-type-variable"},"yoast_head":"<!-- This site is optimized with the Yoast SEO plugin v27.4 - https:\/\/yoast.com\/product\/yoast-seo-wordpress\/ -->\n<title>TEMPUR-FIT Premium tekk light - SleepCity - Hea Une Valem<\/title>\n<meta name=\"description\" content=\"TEMPUR-FIT TEKK Premium light on uue tehnoloogia j\u00e4rgi valmistatud tekk mis aitab hoida optimaalset temperatuuri magamise ajal.\" \/>\n<meta name=\"robots\" content=\"index, follow, max-snippet:-1, max-image-preview:large, max-video-preview:-1\" \/>\n<link rel=\"canonical\" href=\"https:\/\/www.sleepcity.ee\/toode\/tempur-fit-premium-tekk-light\/\" \/>\n<meta property=\"og:locale\" content=\"et_EE\" \/>\n<meta property=\"og:type\" content=\"article\" \/>\n<meta property=\"og:title\" content=\"TEMPUR-FIT Premium tekk light - SleepCity - Hea Une Valem\" \/>\n<meta property=\"og:description\" content=\"TEMPUR-FIT TEKK Premium light on uue tehnoloogia j\u00e4rgi valmistatud tekk mis aitab hoida optimaalset temperatuuri magamise ajal.\" \/>\n<meta property=\"og:url\" content=\"https:\/\/www.sleepcity.ee\/toode\/tempur-fit-premium-tekk-light\/\" \/>\n<meta property=\"og:site_name\" content=\"SleepCity - Hea Une Valem\" \/>\n<meta property=\"article:publisher\" content=\"http:\/\/www.fb.com\/TempurEstonia\" \/>\n<meta property=\"article:modified_time\" content=\"2023-11-02T16:39:33+00:00\" \/>\n<meta property=\"og:image\" content=\"https:\/\/www.sleepcity.ee\/wp-content\/uploads\/2019\/12\/Tempur-Quilt-Temprakon-Premium-Light-2.png\" \/>\n\t<meta property=\"og:image:width\" content=\"1080\" \/>\n\t<meta property=\"og:image:height\" content=\"1080\" \/>\n\t<meta property=\"og:image:type\" content=\"image\/png\" \/>\n<meta name=\"twitter:card\" content=\"summary_large_image\" \/>\n<script type=\"application\/ld+json\" class=\"yoast-schema-graph\">{\"@context\":\"https:\\\/\\\/schema.org\",\"@graph\":[{\"@type\":\"WebPage\",\"@id\":\"https:\\\/\\\/www.sleepcity.ee\\\/toode\\\/tempur-fit-premium-tekk-light\\\/\",\"url\":\"https:\\\/\\\/www.sleepcity.ee\\\/toode\\\/tempur-fit-premium-tekk-light\\\/\",\"name\":\"TEMPUR-FIT Premium tekk light - SleepCity - Hea Une Valem\",\"isPartOf\":{\"@id\":\"https:\\\/\\\/sleepcity.ee\\\/#website\"},\"primaryImageOfPage\":{\"@id\":\"https:\\\/\\\/www.sleepcity.ee\\\/toode\\\/tempur-fit-premium-tekk-light\\\/#primaryimage\"},\"image\":{\"@id\":\"https:\\\/\\\/www.sleepcity.ee\\\/toode\\\/tempur-fit-premium-tekk-light\\\/#primaryimage\"},\"thumbnailUrl\":\"https:\\\/\\\/sleepcity.ee\\\/wp-content\\\/uploads\\\/2019\\\/12\\\/Tempur-Quilt-Temprakon-Premium-Light-2.png\",\"datePublished\":\"2019-12-11T14:32:22+00:00\",\"dateModified\":\"2023-11-02T16:39:33+00:00\",\"description\":\"TEMPUR-FIT TEKK Premium light on uue tehnoloogia j\u00e4rgi valmistatud tekk mis aitab hoida optimaalset temperatuuri magamise ajal.\",\"breadcrumb\":{\"@id\":\"https:\\\/\\\/www.sleepcity.ee\\\/toode\\\/tempur-fit-premium-tekk-light\\\/#breadcrumb\"},\"inLanguage\":\"et\",\"potentialAction\":[{\"@type\":\"ReadAction\",\"target\":[\"https:\\\/\\\/www.sleepcity.ee\\\/toode\\\/tempur-fit-premium-tekk-light\\\/\"]}]},{\"@type\":\"ImageObject\",\"inLanguage\":\"et\",\"@id\":\"https:\\\/\\\/www.sleepcity.ee\\\/toode\\\/tempur-fit-premium-tekk-light\\\/#primaryimage\",\"url\":\"https:\\\/\\\/sleepcity.ee\\\/wp-content\\\/uploads\\\/2019\\\/12\\\/Tempur-Quilt-Temprakon-Premium-Light-2.png\",\"contentUrl\":\"https:\\\/\\\/sleepcity.ee\\\/wp-content\\\/uploads\\\/2019\\\/12\\\/Tempur-Quilt-Temprakon-Premium-Light-2.png\",\"width\":1080,\"height\":1080},{\"@type\":\"BreadcrumbList\",\"@id\":\"https:\\\/\\\/www.sleepcity.ee\\\/toode\\\/tempur-fit-premium-tekk-light\\\/#breadcrumb\",\"itemListElement\":[{\"@type\":\"ListItem\",\"position\":1,\"name\":\"Home\",\"item\":\"https:\\\/\\\/sleepcity.ee\\\/\"},{\"@type\":\"ListItem\",\"position\":2,\"name\":\"Pood\",\"item\":\"https:\\\/\\\/sleepcity.ee\\\/pood\\\/\"},{\"@type\":\"ListItem\",\"position\":3,\"name\":\"TEMPUR-FIT Premium tekk light\"}]},{\"@type\":\"WebSite\",\"@id\":\"https:\\\/\\\/sleepcity.ee\\\/#website\",\"url\":\"https:\\\/\\\/sleepcity.ee\\\/\",\"name\":\"Tempur Shop\",\"description\":\"TEMPUR madratsid, voodid, padjad ja muud unetooted.\",\"publisher\":{\"@id\":\"https:\\\/\\\/sleepcity.ee\\\/#organization\"},\"potentialAction\":[{\"@type\":\"SearchAction\",\"target\":{\"@type\":\"EntryPoint\",\"urlTemplate\":\"https:\\\/\\\/sleepcity.ee\\\/?s={search_term_string}\"},\"query-input\":{\"@type\":\"PropertyValueSpecification\",\"valueRequired\":true,\"valueName\":\"search_term_string\"}}],\"inLanguage\":\"et\"},{\"@type\":\"Organization\",\"@id\":\"https:\\\/\\\/sleepcity.ee\\\/#organization\",\"name\":\"VG Design O\u00dc\",\"url\":\"https:\\\/\\\/sleepcity.ee\\\/\",\"logo\":{\"@type\":\"ImageObject\",\"inLanguage\":\"et\",\"@id\":\"https:\\\/\\\/sleepcity.ee\\\/#\\\/schema\\\/logo\\\/image\\\/\",\"url\":\"https:\\\/\\\/sleepcity.ee\\\/wp-content\\\/uploads\\\/2023\\\/09\\\/sleepcity_logo.png\",\"contentUrl\":\"https:\\\/\\\/sleepcity.ee\\\/wp-content\\\/uploads\\\/2023\\\/09\\\/sleepcity_logo.png\",\"width\":1034,\"height\":318,\"caption\":\"VG Design O\u00dc\"},\"image\":{\"@id\":\"https:\\\/\\\/sleepcity.ee\\\/#\\\/schema\\\/logo\\\/image\\\/\"},\"sameAs\":[\"http:\\\/\\\/www.fb.com\\\/TempurEstonia\",\"http:\\\/\\\/www.instagram.com\\\/tempurestonia\"]}]}<\/script>\n<!-- \/ Yoast SEO plugin. -->","yoast_head_json":{"title":"TEMPUR-FIT Premium tekk light - SleepCity - Hea Une Valem","description":"TEMPUR-FIT TEKK Premium light on uue tehnoloogia j\u00e4rgi valmistatud tekk mis aitab hoida optimaalset temperatuuri magamise ajal.","robots":{"index":"index","follow":"follow","max-snippet":"max-snippet:-1","max-image-preview":"max-image-preview:large","max-video-preview":"max-video-preview:-1"},"canonical":"https:\/\/www.sleepcity.ee\/toode\/tempur-fit-premium-tekk-light\/","og_locale":"et_EE","og_type":"article","og_title":"TEMPUR-FIT Premium tekk light - SleepCity - Hea Une Valem","og_description":"TEMPUR-FIT TEKK Premium light on uue tehnoloogia j\u00e4rgi valmistatud tekk mis aitab hoida optimaalset temperatuuri magamise ajal.","og_url":"https:\/\/www.sleepcity.ee\/toode\/tempur-fit-premium-tekk-light\/","og_site_name":"SleepCity - Hea Une Valem","article_publisher":"http:\/\/www.fb.com\/TempurEstonia","article_modified_time":"2023-11-02T16:39:33+00:00","og_image":[{"width":1080,"height":1080,"url":"https:\/\/www.sleepcity.ee\/wp-content\/uploads\/2019\/12\/Tempur-Quilt-Temprakon-Premium-Light-2.png","type":"image\/png"}],"twitter_card":"summary_large_image","schema":{"@context":"https:\/\/schema.org","@graph":[{"@type":"WebPage","@id":"https:\/\/www.sleepcity.ee\/toode\/tempur-fit-premium-tekk-light\/","url":"https:\/\/www.sleepcity.ee\/toode\/tempur-fit-premium-tekk-light\/","name":"TEMPUR-FIT Premium tekk light - SleepCity - Hea Une Valem","isPartOf":{"@id":"https:\/\/sleepcity.ee\/#website"},"primaryImageOfPage":{"@id":"https:\/\/www.sleepcity.ee\/toode\/tempur-fit-premium-tekk-light\/#primaryimage"},"image":{"@id":"https:\/\/www.sleepcity.ee\/toode\/tempur-fit-premium-tekk-light\/#primaryimage"},"thumbnailUrl":"https:\/\/sleepcity.ee\/wp-content\/uploads\/2019\/12\/Tempur-Quilt-Temprakon-Premium-Light-2.png","datePublished":"2019-12-11T14:32:22+00:00","dateModified":"2023-11-02T16:39:33+00:00","description":"TEMPUR-FIT TEKK Premium light on uue tehnoloogia j\u00e4rgi valmistatud tekk mis aitab hoida optimaalset temperatuuri magamise ajal.","breadcrumb":{"@id":"https:\/\/www.sleepcity.ee\/toode\/tempur-fit-premium-tekk-light\/#breadcrumb"},"inLanguage":"et","potentialAction":[{"@type":"ReadAction","target":["https:\/\/www.sleepcity.ee\/toode\/tempur-fit-premium-tekk-light\/"]}]},{"@type":"ImageObject","inLanguage":"et","@id":"https:\/\/www.sleepcity.ee\/toode\/tempur-fit-premium-tekk-light\/#primaryimage","url":"https:\/\/sleepcity.ee\/wp-content\/uploads\/2019\/12\/Tempur-Quilt-Temprakon-Premium-Light-2.png","contentUrl":"https:\/\/sleepcity.ee\/wp-content\/uploads\/2019\/12\/Tempur-Quilt-Temprakon-Premium-Light-2.png","width":1080,"height":1080},{"@type":"BreadcrumbList","@id":"https:\/\/www.sleepcity.ee\/toode\/tempur-fit-premium-tekk-light\/#breadcrumb","itemListElement":[{"@type":"ListItem","position":1,"name":"Home","item":"https:\/\/sleepcity.ee\/"},{"@type":"ListItem","position":2,"name":"Pood","item":"https:\/\/sleepcity.ee\/pood\/"},{"@type":"ListItem","position":3,"name":"TEMPUR-FIT Premium tekk light"}]},{"@type":"WebSite","@id":"https:\/\/sleepcity.ee\/#website","url":"https:\/\/sleepcity.ee\/","name":"Tempur Shop","description":"TEMPUR madratsid, voodid, padjad ja muud unetooted.","publisher":{"@id":"https:\/\/sleepcity.ee\/#organization"},"potentialAction":[{"@type":"SearchAction","target":{"@type":"EntryPoint","urlTemplate":"https:\/\/sleepcity.ee\/?s={search_term_string}"},"query-input":{"@type":"PropertyValueSpecification","valueRequired":true,"valueName":"search_term_string"}}],"inLanguage":"et"},{"@type":"Organization","@id":"https:\/\/sleepcity.ee\/#organization","name":"VG Design O\u00dc","url":"https:\/\/sleepcity.ee\/","logo":{"@type":"ImageObject","inLanguage":"et","@id":"https:\/\/sleepcity.ee\/#\/schema\/logo\/image\/","url":"https:\/\/sleepcity.ee\/wp-content\/uploads\/2023\/09\/sleepcity_logo.png","contentUrl":"https:\/\/sleepcity.ee\/wp-content\/uploads\/2023\/09\/sleepcity_logo.png","width":1034,"height":318,"caption":"VG Design O\u00dc"},"image":{"@id":"https:\/\/sleepcity.ee\/#\/schema\/logo\/image\/"},"sameAs":["http:\/\/www.fb.com\/TempurEstonia","http:\/\/www.instagram.com\/tempurestonia"]}]}},"_links":{"self":[{"href":"https:\/\/www.sleepcity.ee\/wp-json\/wp\/v2\/product\/1980","targetHints":{"allow":["GET"]}}],"collection":[{"href":"https:\/\/www.sleepcity.ee\/wp-json\/wp\/v2\/product"}],"about":[{"href":"https:\/\/www.sleepcity.ee\/wp-json\/wp\/v2\/types\/product"}],"replies":[{"embeddable":true,"href":"https:\/\/www.sleepcity.ee\/wp-json\/wp\/v2\/comments?post=1980"}],"wp:featuredmedia":[{"embeddable":true,"href":"https:\/\/www.sleepcity.ee\/wp-json\/wp\/v2\/media\/1978"}],"wp:attachment":[{"href":"https:\/\/www.sleepcity.ee\/wp-json\/wp\/v2\/media?parent=1980"}],"wp:term":[{"taxonomy":"product_brand","embeddable":true,"href":"https:\/\/www.sleepcity.ee\/wp-json\/wp\/v2\/product_brand?post=1980"},{"taxonomy":"product_cat","embeddable":true,"href":"https:\/\/www.sleepcity.ee\/wp-json\/wp\/v2\/product_cat?post=1980"},{"taxonomy":"product_tag","embeddable":true,"href":"https:\/\/www.sleepcity.ee\/wp-json\/wp\/v2\/product_tag?post=1980"}],"curies":[{"name":"wp","href":"https:\/\/api.w.org\/{rel}","templated":true}]}}