{"id":13,"date":"2014-08-08T20:57:29","date_gmt":"2014-08-08T20:57:29","guid":{"rendered":"http:\/\/uxthemes.wpengine.com\/?post_type=product&#038;p=132"},"modified":"2025-05-23T17:55:07","modified_gmt":"2025-05-23T17:55:07","slug":"tempur-pro-smartcool-madrats","status":"publish","type":"product","link":"https:\/\/www.sleepcity.ee\/toode\/tempur-pro-smartcool-madrats\/","title":{"rendered":"Tempur PRO\u00ae  SmartCool  madrats"},"content":{"rendered":"<div class=\"contentexpander hide-contentexpander active\">\n<div class=\"description\">\n<div class=\"description-description\">\n<p>Keskmiselt tugev lamamistunne koos t\u00e4iendava liikumisvabaduse ja meeldiva kehatoega<\/p>\n<ul class=\"icon-list\">\n<li><strong>TEMPUR PRO\u00ae SmartCool\u2122 kate<\/strong><br \/>\nNeelab liigse kehasoojuse, on kergesti eemaldatav ja pestav 40\u00b0C juures.<\/li>\n<li><strong>TEMPUR\u00ae Advanced Material<\/strong><br \/>\npakub 20% rohkem survet*, neelab rohkem liikumist ja kohandub veelgi paremini.<\/li>\n<li><strong>TEMPUR\u00ae Dynamic Support Technology<\/strong><br \/>\nToetab koos TEMPUR\u00ae materjaliga ja pakub rohkem liikumisvabadust.<\/li>\n<li><strong>TEMPUR DuraBase\u2122 tehnoloogia<\/strong><br \/>\nt\u00f6\u00f6tab koos teiste kihtidega, et tagada kauakestev mugavus ja tugi.<\/li>\n<\/ul>\n<\/div>\n<p><span style=\"text-decoration: underline;\"><strong>Madratsi k\u00f5rgused:<\/strong> <\/span>PRO 21cm, PRO PLUS 25cm, PRO LUXE 30 cm<\/p>\n<\/div>\n<\/div>\n","protected":false},"excerpt":{"rendered":"<p><strong>Targem tehnoloogia. V\u00e4rskem uni. Sinu keha v\u00e4\u00e4rib parimat.<\/strong><\/p>\n<p>Valmistu kogema t\u00e4iesti uut une taset TEMPUR PRO\u00ae SmartCool\u2122 madratsiga \u2013 see on loodud tagama jahedama, s\u00fcgavama ja isikup\u00e4rasema puhkuse kui kunagi varem.<\/p>\n<div class=\"contentexpander hide-contentexpander active\">\n<div class=\"description\">\n<div class=\"description-description\">\n<h4 data-start=\"550\" data-end=\"586\">Uus TEMPUR\u00ae Advanced materjal<\/h4>\n<p data-start=\"587\" data-end=\"896\">Meie seni k\u00f5ige arenenum TEMPUR\u00ae materjal leevendab kehasurvet kuni <strong data-start=\"655\" data-end=\"673\">20% t\u00f5husamalt*<\/strong>, neelab liikumise peaaegu t\u00e4ielikult ning kohandub veelgi t\u00e4psemini Sinu kehavormi, kaalu ja kehatemperatuuriga. Miljardid \u00fclit\u00e4psed rakud t\u00f6\u00f6tavad koos, et pakkuda tuge ja mugavust, mis tundub nagu loodud just Sinu jaoks.<\/p>\n<h4 data-start=\"898\" data-end=\"935\">Jahutav SmartCool\u2122 tehnoloogia<\/h4>\n<p data-start=\"936\" data-end=\"1158\">Unusta \u00f6ine higistamine \u2013 <strong data-start=\"962\" data-end=\"987\">SmartCool\u2122 pealiskate<\/strong> tundub puudutades jahe ja neelab liigse kehasoojuse. QuickRefresh\u2122 disain v\u00f5imaldab katet lihtsalt eemaldada ja pesta, et Sinu voodi p\u00fcsiks alati v\u00e4rske ja puhas.<\/p>\n<p><em>*P\u00f5hineb Dan-Foam ApS poolt 2021. aasta veebruarist juulini l\u00e4biviidud Tempuri sisetestidel, milles v\u00f5rreldi Tempur Original materjali Tempur Advanced materjaliga.<\/em><\/p>\n<h4 data-start=\"1160\" data-end=\"1205\">Tunned t\u00e4pselt enda j\u00e4rgi loodud tuge:<\/h4>\n<p data-start=\"1206\" data-end=\"1343\">\u2714 <strong data-start=\"1208\" data-end=\"1216\">Soft<\/strong> \u2013 pilvepehme hellus<br data-start=\"1236\" data-end=\"1239\" \/>\u2714 <strong data-start=\"1241\" data-end=\"1256\">Medium Firm<\/strong> \u2013 tasakaalustatud toestus ja mugavus<br data-start=\"1293\" data-end=\"1296\" \/>\u2714 <strong data-start=\"1298\" data-end=\"1306\">Firm<\/strong> \u2013 kindel ja toetav tunne kogu kehale<\/p>\n<p data-start=\"1206\" data-end=\"1343\"><em><strong style=\"font-family: -apple-system, BlinkMacSystemFont, 'Segoe UI', Roboto, 'Helvetica Neue', Arial, 'Noto Sans', sans-serif, 'Apple Color Emoji', 'Segoe UI Emoji', 'Segoe UI Symbol', 'Noto Color Emoji';\" data-start=\"1347\" data-end=\"1420\">Madrats, mis ei kohandu lihtsalt \u2013 see loeb Sind s\u00f5na otseses m\u00f5ttes.<\/strong><\/em><\/p>\n<\/div>\n<\/div>\n<\/div>\n","protected":false},"featured_media":5056,"comment_status":"closed","ping_status":"closed","template":"","meta":{"_monsterinsights_skip_tracking":false,"_monsterinsights_sitenote_active":false,"_monsterinsights_sitenote_note":"","_monsterinsights_sitenote_category":0},"product_brand":[],"product_cat":[87,267],"product_tag":[],"class_list":{"0":"post-13","1":"product","2":"type-product","3":"status-publish","4":"has-post-thumbnail","6":"product_cat-madratsid","7":"product_cat-tempur-madratsid","9":"first","10":"instock","11":"sale","12":"featured","13":"taxable","14":"shipping-taxable","15":"purchasable","16":"product-type-variable","17":"has-default-attributes"},"yoast_head":"<!-- This site is optimized with the Yoast SEO plugin v27.4 - https:\/\/yoast.com\/product\/yoast-seo-wordpress\/ -->\n<title>Tempur PRO\u00ae SmartCool madrats - SleepCity - Hea Une Valem<\/title>\n<meta name=\"description\" content=\"Valmistuge jahedamaks ja kosutavamaks uneks uue TEMPUR Pro\u00ae SmartCool\u2122 madratsiga, mis on n\u00fc\u00fcd parema kohanemisv\u00f5imega ja v\u00e4rskendava puudutusega.Uus TEMPUR\u00ae Advanced materjal v\u00f5imaldab parandada 20%ulatuses* surve leevendavaid omadusi, lisaks veel paremat liikumise pehmendamist ja veelgi paremat sobivust kehakujuga. Saad valida kolme tunnetuse vahel:J\u00e4ik, keskmine j\u00e4ikus ja pehme.\" \/>\n<meta name=\"robots\" content=\"index, follow, max-snippet:-1, max-image-preview:large, max-video-preview:-1\" \/>\n<link rel=\"canonical\" href=\"https:\/\/sleepcity.ee\/toode\/tempur-pro-smartcool-madrats\/\" \/>\n<meta property=\"og:locale\" content=\"et_EE\" \/>\n<meta property=\"og:type\" content=\"article\" \/>\n<meta property=\"og:title\" content=\"Tempur PRO\u00ae SmartCool madrats - SleepCity - Hea Une Valem\" \/>\n<meta property=\"og:description\" content=\"Valmistuge jahedamaks ja kosutavamaks uneks uue TEMPUR Pro\u00ae SmartCool\u2122 madratsiga, mis on n\u00fc\u00fcd parema kohanemisv\u00f5imega ja v\u00e4rskendava puudutusega.Uus TEMPUR\u00ae Advanced materjal v\u00f5imaldab parandada 20%ulatuses* surve leevendavaid omadusi, lisaks veel paremat liikumise pehmendamist ja veelgi paremat sobivust kehakujuga. Saad valida kolme tunnetuse vahel:J\u00e4ik, keskmine j\u00e4ikus ja pehme.\" \/>\n<meta property=\"og:url\" content=\"https:\/\/sleepcity.ee\/toode\/tempur-pro-smartcool-madrats\/\" \/>\n<meta property=\"og:site_name\" content=\"SleepCity - Hea Une Valem\" \/>\n<meta property=\"article:publisher\" content=\"http:\/\/www.fb.com\/TempurEstonia\" \/>\n<meta property=\"article:modified_time\" content=\"2025-05-23T17:55:07+00:00\" \/>\n<meta property=\"og:image\" content=\"https:\/\/sleepcity.ee\/wp-content\/uploads\/2014\/08\/Tempur-Matratze-Pro-Plus-CoolQuilt-im-Test-bei-Alles-zum-Schlafen_1200x711px.webp\" \/>\n\t<meta property=\"og:image:width\" content=\"1200\" \/>\n\t<meta property=\"og:image:height\" content=\"711\" \/>\n\t<meta property=\"og:image:type\" content=\"image\/webp\" \/>\n<meta name=\"twitter:card\" content=\"summary_large_image\" \/>\n<meta name=\"twitter:label1\" content=\"Est. reading time\" \/>\n\t<meta name=\"twitter:data1\" content=\"1 minut\" \/>\n<script type=\"application\/ld+json\" class=\"yoast-schema-graph\">{\"@context\":\"https:\\\/\\\/schema.org\",\"@graph\":[{\"@type\":\"WebPage\",\"@id\":\"https:\\\/\\\/sleepcity.ee\\\/toode\\\/tempur-pro-smartcool-madrats\\\/\",\"url\":\"https:\\\/\\\/sleepcity.ee\\\/toode\\\/tempur-pro-smartcool-madrats\\\/\",\"name\":\"Tempur PRO\u00ae SmartCool madrats - SleepCity - Hea Une Valem\",\"isPartOf\":{\"@id\":\"https:\\\/\\\/sleepcity.ee\\\/#website\"},\"primaryImageOfPage\":{\"@id\":\"https:\\\/\\\/sleepcity.ee\\\/toode\\\/tempur-pro-smartcool-madrats\\\/#primaryimage\"},\"image\":{\"@id\":\"https:\\\/\\\/sleepcity.ee\\\/toode\\\/tempur-pro-smartcool-madrats\\\/#primaryimage\"},\"thumbnailUrl\":\"https:\\\/\\\/www.sleepcity.ee\\\/wp-content\\\/uploads\\\/2014\\\/08\\\/Tempur-Matratze-Pro-Plus-CoolQuilt-im-Test-bei-Alles-zum-Schlafen_1200x711px.webp\",\"datePublished\":\"2014-08-08T20:57:29+00:00\",\"dateModified\":\"2025-05-23T17:55:07+00:00\",\"description\":\"Valmistuge jahedamaks ja kosutavamaks uneks uue TEMPUR Pro\u00ae SmartCool\u2122 madratsiga, mis on n\u00fc\u00fcd parema kohanemisv\u00f5imega ja v\u00e4rskendava puudutusega.Uus TEMPUR\u00ae Advanced materjal v\u00f5imaldab parandada 20%ulatuses* surve leevendavaid omadusi, lisaks veel paremat liikumise pehmendamist ja veelgi paremat sobivust kehakujuga. Saad valida kolme tunnetuse vahel:J\u00e4ik, keskmine j\u00e4ikus ja pehme.\",\"breadcrumb\":{\"@id\":\"https:\\\/\\\/sleepcity.ee\\\/toode\\\/tempur-pro-smartcool-madrats\\\/#breadcrumb\"},\"inLanguage\":\"et\",\"potentialAction\":[{\"@type\":\"ReadAction\",\"target\":[\"https:\\\/\\\/sleepcity.ee\\\/toode\\\/tempur-pro-smartcool-madrats\\\/\"]}]},{\"@type\":\"ImageObject\",\"inLanguage\":\"et\",\"@id\":\"https:\\\/\\\/sleepcity.ee\\\/toode\\\/tempur-pro-smartcool-madrats\\\/#primaryimage\",\"url\":\"https:\\\/\\\/www.sleepcity.ee\\\/wp-content\\\/uploads\\\/2014\\\/08\\\/Tempur-Matratze-Pro-Plus-CoolQuilt-im-Test-bei-Alles-zum-Schlafen_1200x711px.webp\",\"contentUrl\":\"https:\\\/\\\/www.sleepcity.ee\\\/wp-content\\\/uploads\\\/2014\\\/08\\\/Tempur-Matratze-Pro-Plus-CoolQuilt-im-Test-bei-Alles-zum-Schlafen_1200x711px.webp\",\"width\":1200,\"height\":711},{\"@type\":\"BreadcrumbList\",\"@id\":\"https:\\\/\\\/sleepcity.ee\\\/toode\\\/tempur-pro-smartcool-madrats\\\/#breadcrumb\",\"itemListElement\":[{\"@type\":\"ListItem\",\"position\":1,\"name\":\"Home\",\"item\":\"https:\\\/\\\/sleepcity.ee\\\/\"},{\"@type\":\"ListItem\",\"position\":2,\"name\":\"Pood\",\"item\":\"https:\\\/\\\/sleepcity.ee\\\/pood\\\/\"},{\"@type\":\"ListItem\",\"position\":3,\"name\":\"Tempur PRO\u00ae SmartCool madrats\"}]},{\"@type\":\"WebSite\",\"@id\":\"https:\\\/\\\/sleepcity.ee\\\/#website\",\"url\":\"https:\\\/\\\/sleepcity.ee\\\/\",\"name\":\"Tempur Shop\",\"description\":\"TEMPUR madratsid, voodid, padjad ja muud unetooted.\",\"publisher\":{\"@id\":\"https:\\\/\\\/sleepcity.ee\\\/#organization\"},\"potentialAction\":[{\"@type\":\"SearchAction\",\"target\":{\"@type\":\"EntryPoint\",\"urlTemplate\":\"https:\\\/\\\/sleepcity.ee\\\/?s={search_term_string}\"},\"query-input\":{\"@type\":\"PropertyValueSpecification\",\"valueRequired\":true,\"valueName\":\"search_term_string\"}}],\"inLanguage\":\"et\"},{\"@type\":\"Organization\",\"@id\":\"https:\\\/\\\/sleepcity.ee\\\/#organization\",\"name\":\"VG Design O\u00dc\",\"url\":\"https:\\\/\\\/sleepcity.ee\\\/\",\"logo\":{\"@type\":\"ImageObject\",\"inLanguage\":\"et\",\"@id\":\"https:\\\/\\\/sleepcity.ee\\\/#\\\/schema\\\/logo\\\/image\\\/\",\"url\":\"https:\\\/\\\/www.sleepcity.ee\\\/wp-content\\\/uploads\\\/2023\\\/09\\\/sleepcity_logo.png\",\"contentUrl\":\"https:\\\/\\\/www.sleepcity.ee\\\/wp-content\\\/uploads\\\/2023\\\/09\\\/sleepcity_logo.png\",\"width\":1034,\"height\":318,\"caption\":\"VG Design O\u00dc\"},\"image\":{\"@id\":\"https:\\\/\\\/sleepcity.ee\\\/#\\\/schema\\\/logo\\\/image\\\/\"},\"sameAs\":[\"http:\\\/\\\/www.fb.com\\\/TempurEstonia\",\"http:\\\/\\\/www.instagram.com\\\/tempurestonia\"]}]}<\/script>\n<!-- \/ Yoast SEO plugin. -->","yoast_head_json":{"title":"Tempur PRO\u00ae SmartCool madrats - SleepCity - Hea Une Valem","description":"Valmistuge jahedamaks ja kosutavamaks uneks uue TEMPUR Pro\u00ae SmartCool\u2122 madratsiga, mis on n\u00fc\u00fcd parema kohanemisv\u00f5imega ja v\u00e4rskendava puudutusega.Uus TEMPUR\u00ae Advanced materjal v\u00f5imaldab parandada 20%ulatuses* surve leevendavaid omadusi, lisaks veel paremat liikumise pehmendamist ja veelgi paremat sobivust kehakujuga. Saad valida kolme tunnetuse vahel:J\u00e4ik, keskmine j\u00e4ikus ja pehme.","robots":{"index":"index","follow":"follow","max-snippet":"max-snippet:-1","max-image-preview":"max-image-preview:large","max-video-preview":"max-video-preview:-1"},"canonical":"https:\/\/sleepcity.ee\/toode\/tempur-pro-smartcool-madrats\/","og_locale":"et_EE","og_type":"article","og_title":"Tempur PRO\u00ae SmartCool madrats - SleepCity - Hea Une Valem","og_description":"Valmistuge jahedamaks ja kosutavamaks uneks uue TEMPUR Pro\u00ae SmartCool\u2122 madratsiga, mis on n\u00fc\u00fcd parema kohanemisv\u00f5imega ja v\u00e4rskendava puudutusega.Uus TEMPUR\u00ae Advanced materjal v\u00f5imaldab parandada 20%ulatuses* surve leevendavaid omadusi, lisaks veel paremat liikumise pehmendamist ja veelgi paremat sobivust kehakujuga. Saad valida kolme tunnetuse vahel:J\u00e4ik, keskmine j\u00e4ikus ja pehme.","og_url":"https:\/\/sleepcity.ee\/toode\/tempur-pro-smartcool-madrats\/","og_site_name":"SleepCity - Hea Une Valem","article_publisher":"http:\/\/www.fb.com\/TempurEstonia","article_modified_time":"2025-05-23T17:55:07+00:00","og_image":[{"width":1200,"height":711,"url":"https:\/\/sleepcity.ee\/wp-content\/uploads\/2014\/08\/Tempur-Matratze-Pro-Plus-CoolQuilt-im-Test-bei-Alles-zum-Schlafen_1200x711px.webp","type":"image\/webp"}],"twitter_card":"summary_large_image","twitter_misc":{"Est. reading time":"1 minut"},"schema":{"@context":"https:\/\/schema.org","@graph":[{"@type":"WebPage","@id":"https:\/\/sleepcity.ee\/toode\/tempur-pro-smartcool-madrats\/","url":"https:\/\/sleepcity.ee\/toode\/tempur-pro-smartcool-madrats\/","name":"Tempur PRO\u00ae SmartCool madrats - SleepCity - Hea Une Valem","isPartOf":{"@id":"https:\/\/sleepcity.ee\/#website"},"primaryImageOfPage":{"@id":"https:\/\/sleepcity.ee\/toode\/tempur-pro-smartcool-madrats\/#primaryimage"},"image":{"@id":"https:\/\/sleepcity.ee\/toode\/tempur-pro-smartcool-madrats\/#primaryimage"},"thumbnailUrl":"https:\/\/www.sleepcity.ee\/wp-content\/uploads\/2014\/08\/Tempur-Matratze-Pro-Plus-CoolQuilt-im-Test-bei-Alles-zum-Schlafen_1200x711px.webp","datePublished":"2014-08-08T20:57:29+00:00","dateModified":"2025-05-23T17:55:07+00:00","description":"Valmistuge jahedamaks ja kosutavamaks uneks uue TEMPUR Pro\u00ae SmartCool\u2122 madratsiga, mis on n\u00fc\u00fcd parema kohanemisv\u00f5imega ja v\u00e4rskendava puudutusega.Uus TEMPUR\u00ae Advanced materjal v\u00f5imaldab parandada 20%ulatuses* surve leevendavaid omadusi, lisaks veel paremat liikumise pehmendamist ja veelgi paremat sobivust kehakujuga. Saad valida kolme tunnetuse vahel:J\u00e4ik, keskmine j\u00e4ikus ja pehme.","breadcrumb":{"@id":"https:\/\/sleepcity.ee\/toode\/tempur-pro-smartcool-madrats\/#breadcrumb"},"inLanguage":"et","potentialAction":[{"@type":"ReadAction","target":["https:\/\/sleepcity.ee\/toode\/tempur-pro-smartcool-madrats\/"]}]},{"@type":"ImageObject","inLanguage":"et","@id":"https:\/\/sleepcity.ee\/toode\/tempur-pro-smartcool-madrats\/#primaryimage","url":"https:\/\/www.sleepcity.ee\/wp-content\/uploads\/2014\/08\/Tempur-Matratze-Pro-Plus-CoolQuilt-im-Test-bei-Alles-zum-Schlafen_1200x711px.webp","contentUrl":"https:\/\/www.sleepcity.ee\/wp-content\/uploads\/2014\/08\/Tempur-Matratze-Pro-Plus-CoolQuilt-im-Test-bei-Alles-zum-Schlafen_1200x711px.webp","width":1200,"height":711},{"@type":"BreadcrumbList","@id":"https:\/\/sleepcity.ee\/toode\/tempur-pro-smartcool-madrats\/#breadcrumb","itemListElement":[{"@type":"ListItem","position":1,"name":"Home","item":"https:\/\/sleepcity.ee\/"},{"@type":"ListItem","position":2,"name":"Pood","item":"https:\/\/sleepcity.ee\/pood\/"},{"@type":"ListItem","position":3,"name":"Tempur PRO\u00ae SmartCool madrats"}]},{"@type":"WebSite","@id":"https:\/\/sleepcity.ee\/#website","url":"https:\/\/sleepcity.ee\/","name":"Tempur Shop","description":"TEMPUR madratsid, voodid, padjad ja muud unetooted.","publisher":{"@id":"https:\/\/sleepcity.ee\/#organization"},"potentialAction":[{"@type":"SearchAction","target":{"@type":"EntryPoint","urlTemplate":"https:\/\/sleepcity.ee\/?s={search_term_string}"},"query-input":{"@type":"PropertyValueSpecification","valueRequired":true,"valueName":"search_term_string"}}],"inLanguage":"et"},{"@type":"Organization","@id":"https:\/\/sleepcity.ee\/#organization","name":"VG Design O\u00dc","url":"https:\/\/sleepcity.ee\/","logo":{"@type":"ImageObject","inLanguage":"et","@id":"https:\/\/sleepcity.ee\/#\/schema\/logo\/image\/","url":"https:\/\/www.sleepcity.ee\/wp-content\/uploads\/2023\/09\/sleepcity_logo.png","contentUrl":"https:\/\/www.sleepcity.ee\/wp-content\/uploads\/2023\/09\/sleepcity_logo.png","width":1034,"height":318,"caption":"VG Design O\u00dc"},"image":{"@id":"https:\/\/sleepcity.ee\/#\/schema\/logo\/image\/"},"sameAs":["http:\/\/www.fb.com\/TempurEstonia","http:\/\/www.instagram.com\/tempurestonia"]}]}},"_links":{"self":[{"href":"https:\/\/www.sleepcity.ee\/wp-json\/wp\/v2\/product\/13","targetHints":{"allow":["GET"]}}],"collection":[{"href":"https:\/\/www.sleepcity.ee\/wp-json\/wp\/v2\/product"}],"about":[{"href":"https:\/\/www.sleepcity.ee\/wp-json\/wp\/v2\/types\/product"}],"replies":[{"embeddable":true,"href":"https:\/\/www.sleepcity.ee\/wp-json\/wp\/v2\/comments?post=13"}],"wp:featuredmedia":[{"embeddable":true,"href":"https:\/\/www.sleepcity.ee\/wp-json\/wp\/v2\/media\/5056"}],"wp:attachment":[{"href":"https:\/\/www.sleepcity.ee\/wp-json\/wp\/v2\/media?parent=13"}],"wp:term":[{"taxonomy":"product_brand","embeddable":true,"href":"https:\/\/www.sleepcity.ee\/wp-json\/wp\/v2\/product_brand?post=13"},{"taxonomy":"product_cat","embeddable":true,"href":"https:\/\/www.sleepcity.ee\/wp-json\/wp\/v2\/product_cat?post=13"},{"taxonomy":"product_tag","embeddable":true,"href":"https:\/\/www.sleepcity.ee\/wp-json\/wp\/v2\/product_tag?post=13"}],"curies":[{"name":"wp","href":"https:\/\/api.w.org\/{rel}","templated":true}]}}