{"id":10,"date":"2014-08-10T10:06:55","date_gmt":"2014-08-10T10:06:55","guid":{"rendered":"http:\/\/uxthemes.wpengine.com\/?post_type=product&#038;p=395"},"modified":"2025-05-23T17:50:14","modified_gmt":"2025-05-23T17:50:14","slug":"tempur-pro-medium-firm-hybrid-madrats","status":"publish","type":"product","link":"https:\/\/www.sleepcity.ee\/toode\/tempur-pro-medium-firm-hybrid-madrats\/","title":{"rendered":"Tempur Pro\u00ae Medium Firm Hybrid madrats"},"content":{"rendered":"<div>TEMPUR PRO\u00ae Medium Firm Hybrid<\/div>\n<div><\/div>\n<div><strong>SmartCool s\u00fcsteem <\/strong>\u2013 Tutvustame t\u00e4iesti uut SmartCool s\u00fcsteemi. See kate on loodud ja konstrueeritud nii, et tunneksite end terve \u00f6\u00f6\u00a0 jahedamana. \u00dclik\u00f5rge molekulmassiga l\u00f5ng j\u00e4\u00e4b katsudes jahedaks, samas kui suure venivusega kangas v\u00f5imaldab teil tunda Tempurpedicu esmaklassiliste m\u00e4luvahtude kontuurimise mugavust ja r\u00f5hu leevendamist.<\/p>\n<\/div>\n<div><strong>TEMPURi materjali tugikiht<\/strong> \u2013 Tempuri originaalne survet leevendav tugimaterjal kohandub teie kehaga t\u00f5eliselt isikup\u00e4rastatud unekogemuse saamiseks, mida paljud on tundma \u00f5ppinud ja armastanud.<\/p>\n<\/div>\n<div><strong>H\u00fcbriidtehnoloogia<\/strong> \u2013 1000 esmaklassilist individuaalselt m\u00e4hitud vedruspiraali, mis on loodud ettev\u00f5ttesiseselt, pakuvad t\u00e4iendavat survet leevendavat tuge, kontuuride kujundamise mugavust ja h\u00f5lpsat liikumist.<\/div>\n<div><\/div>\n<div><\/div>\n<div>Garantii: 10 aastat<\/div>\n","protected":false},"excerpt":{"rendered":"<p data-start=\"257\" data-end=\"322\"><strong data-start=\"257\" data-end=\"322\">Tippklassi mugavus, mis p\u00fcsib jahe ka k\u00f5ige kuumematel \u00f6\u00f6del.<\/strong><\/p>\n<p data-start=\"324\" data-end=\"573\">Otsid madratsit, mis \u00fchendab m\u00e4luvahtmaterjali kehale kohanduvat mugavust ja vedrumadratsi klassikalist elastsust? TEMPUR PRO\u00ae Medium Firm Hybrid SmartCool\u2122 on just see \u2013 ideaalne kombinatsioon modernsest tehnoloogiast ja traditsioonilisest toest.<\/p>\n<p data-start=\"575\" data-end=\"751\">T\u00e4nu <strong data-start=\"580\" data-end=\"639\">uue p\u00f5lvkonna 3-kihilisele SmartCool\u2122 jahutuss\u00fcsteemile<\/strong> aitab see madrats hoida kehatemperatuuri kuni 3\u00b0C madalamal, pakkudes v\u00e4rsket ja rahulikku und terve \u00f6\u00f6 v\u00e4ltel.<\/p>\n<p data-start=\"753\" data-end=\"781\"><strong data-start=\"753\" data-end=\"781\">Miks valida see madrats?<\/strong><\/p>\n<ul data-start=\"782\" data-end=\"1190\">\n<li data-start=\"782\" data-end=\"888\">\n<p data-start=\"784\" data-end=\"888\"><strong data-start=\"784\" data-end=\"804\">Keskmine k\u00f5vadus<\/strong> \u2013 tasakaalustatud tugi neile, kes ei soovi liiga pehmet ega liiga k\u00f5va madratsit.<\/p>\n<\/li>\n<li data-start=\"889\" data-end=\"973\">\n<p data-start=\"891\" data-end=\"973\"><strong data-start=\"891\" data-end=\"917\">SmartCool\u2122 tehnoloogia<\/strong> \u2013 hoiab une v\u00e4rske ja jahedana, isegi soojadel \u00f6\u00f6del.<\/p>\n<\/li>\n<li data-start=\"974\" data-end=\"1106\">\n<p data-start=\"976\" data-end=\"1106\"><strong data-start=\"976\" data-end=\"1005\">Vedrud + TEMPUR\u00ae materjal<\/strong> \u2013 reageerib sinu kehavormile, kaalule ja liikumisele, kuid s\u00e4ilitab traditsioonilise p\u00f5rke ja toe.<\/p>\n<\/li>\n<li data-start=\"1107\" data-end=\"1190\">\n<p data-start=\"1109\" data-end=\"1190\"><strong data-start=\"1109\" data-end=\"1142\">V\u00e4hem visklemist ja p\u00f6\u00f6ramist<\/strong> \u2013 s\u00fcgavam, rahulikum uni alates esimesest \u00f6\u00f6st.<\/p>\n<\/li>\n<\/ul>\n<p data-start=\"1192\" data-end=\"1287\"><strong data-start=\"1192\" data-end=\"1287\">See madrats on neile, kes armastavad kaasaegset mugavust, aga hindavad klassikalist tunnet.<\/strong><\/p>\n","protected":false},"featured_media":5043,"comment_status":"closed","ping_status":"closed","template":"","meta":{"_monsterinsights_skip_tracking":false,"_monsterinsights_sitenote_active":false,"_monsterinsights_sitenote_note":"","_monsterinsights_sitenote_category":0},"product_brand":[],"product_cat":[87,267],"product_tag":[86,85,84],"class_list":{"0":"post-10","1":"product","2":"type-product","3":"status-publish","4":"has-post-thumbnail","6":"product_cat-madratsid","7":"product_cat-tempur-madratsid","8":"product_tag-cooltouch","9":"product_tag-madrats","10":"product_tag-tempur","11":"product_shipping_class-tasuta-transport","13":"first","14":"onbackorder","15":"featured","16":"taxable","17":"shipping-taxable","18":"purchasable","19":"product-type-variable"},"yoast_head":"<!-- This site is optimized with the Yoast SEO plugin v27.4 - https:\/\/yoast.com\/product\/yoast-seo-wordpress\/ -->\n<title>Tempur Pro\u00ae Medium Firm Hybrid madrats - SleepCity - Hea Une Valem<\/title>\n<meta name=\"description\" content=\"Tempur Pro Medium Firm Hybrid SmartCool\u00a0 madrats on valmistatud uue p\u00f5lvkonna tehnoloogiaga, mis \u00fchendab endas t\u00e4iustatud materjale, et hoida sind kogu \u00f6\u00f6 jahedana. Tempur Pro Medium Hybrid Smartcool madrats on esmaklassiline kombo m\u00e4luvahust ja vedrudest, mis on valmistatud t\u00e4iustatud 3-tasemelise jahutuss\u00fcsteemiga, mis on loodud hoidma teid kogu \u00f6\u00f6 jooksul jahedamana.\" \/>\n<meta name=\"robots\" content=\"index, follow, max-snippet:-1, max-image-preview:large, max-video-preview:-1\" \/>\n<link rel=\"canonical\" href=\"https:\/\/sleepcity.ee\/toode\/tempur-pro-medium-firm-hybrid-madrats\/\" \/>\n<meta property=\"og:locale\" content=\"et_EE\" \/>\n<meta property=\"og:type\" content=\"article\" \/>\n<meta property=\"og:title\" content=\"Tempur Pro\u00ae Medium Firm Hybrid madrats - SleepCity - Hea Une Valem\" \/>\n<meta property=\"og:description\" content=\"Tempur Pro Medium Firm Hybrid SmartCool\u00a0 madrats on valmistatud uue p\u00f5lvkonna tehnoloogiaga, mis \u00fchendab endas t\u00e4iustatud materjale, et hoida sind kogu \u00f6\u00f6 jahedana. Tempur Pro Medium Hybrid Smartcool madrats on esmaklassiline kombo m\u00e4luvahust ja vedrudest, mis on valmistatud t\u00e4iustatud 3-tasemelise jahutuss\u00fcsteemiga, mis on loodud hoidma teid kogu \u00f6\u00f6 jooksul jahedamana.\" \/>\n<meta property=\"og:url\" content=\"https:\/\/sleepcity.ee\/toode\/tempur-pro-medium-firm-hybrid-madrats\/\" \/>\n<meta property=\"og:site_name\" content=\"SleepCity - Hea Une Valem\" \/>\n<meta property=\"article:publisher\" content=\"http:\/\/www.fb.com\/TempurEstonia\" \/>\n<meta property=\"article:modified_time\" content=\"2025-05-23T17:50:14+00:00\" \/>\n<meta property=\"og:image\" content=\"https:\/\/sleepcity.ee\/wp-content\/uploads\/2014\/08\/TempurProDoubleinDarkGreyMediumFirmHybrid2_F5F5F3.webp\" \/>\n\t<meta property=\"og:image:width\" content=\"1080\" \/>\n\t<meta property=\"og:image:height\" content=\"720\" \/>\n\t<meta property=\"og:image:type\" content=\"image\/webp\" \/>\n<meta name=\"twitter:card\" content=\"summary_large_image\" \/>\n<meta name=\"twitter:label1\" content=\"Est. reading time\" \/>\n\t<meta name=\"twitter:data1\" content=\"1 minut\" \/>\n<script type=\"application\/ld+json\" class=\"yoast-schema-graph\">{\"@context\":\"https:\\\/\\\/schema.org\",\"@graph\":[{\"@type\":\"WebPage\",\"@id\":\"https:\\\/\\\/sleepcity.ee\\\/toode\\\/tempur-pro-medium-firm-hybrid-madrats\\\/\",\"url\":\"https:\\\/\\\/sleepcity.ee\\\/toode\\\/tempur-pro-medium-firm-hybrid-madrats\\\/\",\"name\":\"Tempur Pro\u00ae Medium Firm Hybrid madrats - SleepCity - Hea Une Valem\",\"isPartOf\":{\"@id\":\"https:\\\/\\\/sleepcity.ee\\\/#website\"},\"primaryImageOfPage\":{\"@id\":\"https:\\\/\\\/sleepcity.ee\\\/toode\\\/tempur-pro-medium-firm-hybrid-madrats\\\/#primaryimage\"},\"image\":{\"@id\":\"https:\\\/\\\/sleepcity.ee\\\/toode\\\/tempur-pro-medium-firm-hybrid-madrats\\\/#primaryimage\"},\"thumbnailUrl\":\"https:\\\/\\\/www.sleepcity.ee\\\/wp-content\\\/uploads\\\/2014\\\/08\\\/TempurProDoubleinDarkGreyMediumFirmHybrid2_F5F5F3.webp\",\"datePublished\":\"2014-08-10T10:06:55+00:00\",\"dateModified\":\"2025-05-23T17:50:14+00:00\",\"description\":\"Tempur Pro Medium Firm Hybrid SmartCool\u00a0 madrats on valmistatud uue p\u00f5lvkonna tehnoloogiaga, mis \u00fchendab endas t\u00e4iustatud materjale, et hoida sind kogu \u00f6\u00f6 jahedana. Tempur Pro Medium Hybrid Smartcool madrats on esmaklassiline kombo m\u00e4luvahust ja vedrudest, mis on valmistatud t\u00e4iustatud 3-tasemelise jahutuss\u00fcsteemiga, mis on loodud hoidma teid kogu \u00f6\u00f6 jooksul jahedamana.\",\"breadcrumb\":{\"@id\":\"https:\\\/\\\/sleepcity.ee\\\/toode\\\/tempur-pro-medium-firm-hybrid-madrats\\\/#breadcrumb\"},\"inLanguage\":\"et\",\"potentialAction\":[{\"@type\":\"ReadAction\",\"target\":[\"https:\\\/\\\/sleepcity.ee\\\/toode\\\/tempur-pro-medium-firm-hybrid-madrats\\\/\"]}]},{\"@type\":\"ImageObject\",\"inLanguage\":\"et\",\"@id\":\"https:\\\/\\\/sleepcity.ee\\\/toode\\\/tempur-pro-medium-firm-hybrid-madrats\\\/#primaryimage\",\"url\":\"https:\\\/\\\/www.sleepcity.ee\\\/wp-content\\\/uploads\\\/2014\\\/08\\\/TempurProDoubleinDarkGreyMediumFirmHybrid2_F5F5F3.webp\",\"contentUrl\":\"https:\\\/\\\/www.sleepcity.ee\\\/wp-content\\\/uploads\\\/2014\\\/08\\\/TempurProDoubleinDarkGreyMediumFirmHybrid2_F5F5F3.webp\",\"width\":1080,\"height\":720},{\"@type\":\"BreadcrumbList\",\"@id\":\"https:\\\/\\\/sleepcity.ee\\\/toode\\\/tempur-pro-medium-firm-hybrid-madrats\\\/#breadcrumb\",\"itemListElement\":[{\"@type\":\"ListItem\",\"position\":1,\"name\":\"Home\",\"item\":\"https:\\\/\\\/sleepcity.ee\\\/\"},{\"@type\":\"ListItem\",\"position\":2,\"name\":\"Pood\",\"item\":\"https:\\\/\\\/sleepcity.ee\\\/pood\\\/\"},{\"@type\":\"ListItem\",\"position\":3,\"name\":\"Tempur Pro\u00ae Medium Firm Hybrid madrats\"}]},{\"@type\":\"WebSite\",\"@id\":\"https:\\\/\\\/sleepcity.ee\\\/#website\",\"url\":\"https:\\\/\\\/sleepcity.ee\\\/\",\"name\":\"Tempur Shop\",\"description\":\"TEMPUR madratsid, voodid, padjad ja muud unetooted.\",\"publisher\":{\"@id\":\"https:\\\/\\\/sleepcity.ee\\\/#organization\"},\"potentialAction\":[{\"@type\":\"SearchAction\",\"target\":{\"@type\":\"EntryPoint\",\"urlTemplate\":\"https:\\\/\\\/sleepcity.ee\\\/?s={search_term_string}\"},\"query-input\":{\"@type\":\"PropertyValueSpecification\",\"valueRequired\":true,\"valueName\":\"search_term_string\"}}],\"inLanguage\":\"et\"},{\"@type\":\"Organization\",\"@id\":\"https:\\\/\\\/sleepcity.ee\\\/#organization\",\"name\":\"VG Design O\u00dc\",\"url\":\"https:\\\/\\\/sleepcity.ee\\\/\",\"logo\":{\"@type\":\"ImageObject\",\"inLanguage\":\"et\",\"@id\":\"https:\\\/\\\/sleepcity.ee\\\/#\\\/schema\\\/logo\\\/image\\\/\",\"url\":\"https:\\\/\\\/www.sleepcity.ee\\\/wp-content\\\/uploads\\\/2023\\\/09\\\/sleepcity_logo.png\",\"contentUrl\":\"https:\\\/\\\/www.sleepcity.ee\\\/wp-content\\\/uploads\\\/2023\\\/09\\\/sleepcity_logo.png\",\"width\":1034,\"height\":318,\"caption\":\"VG Design O\u00dc\"},\"image\":{\"@id\":\"https:\\\/\\\/sleepcity.ee\\\/#\\\/schema\\\/logo\\\/image\\\/\"},\"sameAs\":[\"http:\\\/\\\/www.fb.com\\\/TempurEstonia\",\"http:\\\/\\\/www.instagram.com\\\/tempurestonia\"]}]}<\/script>\n<!-- \/ Yoast SEO plugin. -->","yoast_head_json":{"title":"Tempur Pro\u00ae Medium Firm Hybrid madrats - SleepCity - Hea Une Valem","description":"Tempur Pro Medium Firm Hybrid SmartCool\u00a0 madrats on valmistatud uue p\u00f5lvkonna tehnoloogiaga, mis \u00fchendab endas t\u00e4iustatud materjale, et hoida sind kogu \u00f6\u00f6 jahedana. Tempur Pro Medium Hybrid Smartcool madrats on esmaklassiline kombo m\u00e4luvahust ja vedrudest, mis on valmistatud t\u00e4iustatud 3-tasemelise jahutuss\u00fcsteemiga, mis on loodud hoidma teid kogu \u00f6\u00f6 jooksul jahedamana.","robots":{"index":"index","follow":"follow","max-snippet":"max-snippet:-1","max-image-preview":"max-image-preview:large","max-video-preview":"max-video-preview:-1"},"canonical":"https:\/\/sleepcity.ee\/toode\/tempur-pro-medium-firm-hybrid-madrats\/","og_locale":"et_EE","og_type":"article","og_title":"Tempur Pro\u00ae Medium Firm Hybrid madrats - SleepCity - Hea Une Valem","og_description":"Tempur Pro Medium Firm Hybrid SmartCool\u00a0 madrats on valmistatud uue p\u00f5lvkonna tehnoloogiaga, mis \u00fchendab endas t\u00e4iustatud materjale, et hoida sind kogu \u00f6\u00f6 jahedana. Tempur Pro Medium Hybrid Smartcool madrats on esmaklassiline kombo m\u00e4luvahust ja vedrudest, mis on valmistatud t\u00e4iustatud 3-tasemelise jahutuss\u00fcsteemiga, mis on loodud hoidma teid kogu \u00f6\u00f6 jooksul jahedamana.","og_url":"https:\/\/sleepcity.ee\/toode\/tempur-pro-medium-firm-hybrid-madrats\/","og_site_name":"SleepCity - Hea Une Valem","article_publisher":"http:\/\/www.fb.com\/TempurEstonia","article_modified_time":"2025-05-23T17:50:14+00:00","og_image":[{"width":1080,"height":720,"url":"https:\/\/sleepcity.ee\/wp-content\/uploads\/2014\/08\/TempurProDoubleinDarkGreyMediumFirmHybrid2_F5F5F3.webp","type":"image\/webp"}],"twitter_card":"summary_large_image","twitter_misc":{"Est. reading time":"1 minut"},"schema":{"@context":"https:\/\/schema.org","@graph":[{"@type":"WebPage","@id":"https:\/\/sleepcity.ee\/toode\/tempur-pro-medium-firm-hybrid-madrats\/","url":"https:\/\/sleepcity.ee\/toode\/tempur-pro-medium-firm-hybrid-madrats\/","name":"Tempur Pro\u00ae Medium Firm Hybrid madrats - SleepCity - Hea Une Valem","isPartOf":{"@id":"https:\/\/sleepcity.ee\/#website"},"primaryImageOfPage":{"@id":"https:\/\/sleepcity.ee\/toode\/tempur-pro-medium-firm-hybrid-madrats\/#primaryimage"},"image":{"@id":"https:\/\/sleepcity.ee\/toode\/tempur-pro-medium-firm-hybrid-madrats\/#primaryimage"},"thumbnailUrl":"https:\/\/www.sleepcity.ee\/wp-content\/uploads\/2014\/08\/TempurProDoubleinDarkGreyMediumFirmHybrid2_F5F5F3.webp","datePublished":"2014-08-10T10:06:55+00:00","dateModified":"2025-05-23T17:50:14+00:00","description":"Tempur Pro Medium Firm Hybrid SmartCool\u00a0 madrats on valmistatud uue p\u00f5lvkonna tehnoloogiaga, mis \u00fchendab endas t\u00e4iustatud materjale, et hoida sind kogu \u00f6\u00f6 jahedana. Tempur Pro Medium Hybrid Smartcool madrats on esmaklassiline kombo m\u00e4luvahust ja vedrudest, mis on valmistatud t\u00e4iustatud 3-tasemelise jahutuss\u00fcsteemiga, mis on loodud hoidma teid kogu \u00f6\u00f6 jooksul jahedamana.","breadcrumb":{"@id":"https:\/\/sleepcity.ee\/toode\/tempur-pro-medium-firm-hybrid-madrats\/#breadcrumb"},"inLanguage":"et","potentialAction":[{"@type":"ReadAction","target":["https:\/\/sleepcity.ee\/toode\/tempur-pro-medium-firm-hybrid-madrats\/"]}]},{"@type":"ImageObject","inLanguage":"et","@id":"https:\/\/sleepcity.ee\/toode\/tempur-pro-medium-firm-hybrid-madrats\/#primaryimage","url":"https:\/\/www.sleepcity.ee\/wp-content\/uploads\/2014\/08\/TempurProDoubleinDarkGreyMediumFirmHybrid2_F5F5F3.webp","contentUrl":"https:\/\/www.sleepcity.ee\/wp-content\/uploads\/2014\/08\/TempurProDoubleinDarkGreyMediumFirmHybrid2_F5F5F3.webp","width":1080,"height":720},{"@type":"BreadcrumbList","@id":"https:\/\/sleepcity.ee\/toode\/tempur-pro-medium-firm-hybrid-madrats\/#breadcrumb","itemListElement":[{"@type":"ListItem","position":1,"name":"Home","item":"https:\/\/sleepcity.ee\/"},{"@type":"ListItem","position":2,"name":"Pood","item":"https:\/\/sleepcity.ee\/pood\/"},{"@type":"ListItem","position":3,"name":"Tempur Pro\u00ae Medium Firm Hybrid madrats"}]},{"@type":"WebSite","@id":"https:\/\/sleepcity.ee\/#website","url":"https:\/\/sleepcity.ee\/","name":"Tempur Shop","description":"TEMPUR madratsid, voodid, padjad ja muud unetooted.","publisher":{"@id":"https:\/\/sleepcity.ee\/#organization"},"potentialAction":[{"@type":"SearchAction","target":{"@type":"EntryPoint","urlTemplate":"https:\/\/sleepcity.ee\/?s={search_term_string}"},"query-input":{"@type":"PropertyValueSpecification","valueRequired":true,"valueName":"search_term_string"}}],"inLanguage":"et"},{"@type":"Organization","@id":"https:\/\/sleepcity.ee\/#organization","name":"VG Design O\u00dc","url":"https:\/\/sleepcity.ee\/","logo":{"@type":"ImageObject","inLanguage":"et","@id":"https:\/\/sleepcity.ee\/#\/schema\/logo\/image\/","url":"https:\/\/www.sleepcity.ee\/wp-content\/uploads\/2023\/09\/sleepcity_logo.png","contentUrl":"https:\/\/www.sleepcity.ee\/wp-content\/uploads\/2023\/09\/sleepcity_logo.png","width":1034,"height":318,"caption":"VG Design O\u00dc"},"image":{"@id":"https:\/\/sleepcity.ee\/#\/schema\/logo\/image\/"},"sameAs":["http:\/\/www.fb.com\/TempurEstonia","http:\/\/www.instagram.com\/tempurestonia"]}]}},"_links":{"self":[{"href":"https:\/\/www.sleepcity.ee\/wp-json\/wp\/v2\/product\/10","targetHints":{"allow":["GET"]}}],"collection":[{"href":"https:\/\/www.sleepcity.ee\/wp-json\/wp\/v2\/product"}],"about":[{"href":"https:\/\/www.sleepcity.ee\/wp-json\/wp\/v2\/types\/product"}],"replies":[{"embeddable":true,"href":"https:\/\/www.sleepcity.ee\/wp-json\/wp\/v2\/comments?post=10"}],"wp:featuredmedia":[{"embeddable":true,"href":"https:\/\/www.sleepcity.ee\/wp-json\/wp\/v2\/media\/5043"}],"wp:attachment":[{"href":"https:\/\/www.sleepcity.ee\/wp-json\/wp\/v2\/media?parent=10"}],"wp:term":[{"taxonomy":"product_brand","embeddable":true,"href":"https:\/\/www.sleepcity.ee\/wp-json\/wp\/v2\/product_brand?post=10"},{"taxonomy":"product_cat","embeddable":true,"href":"https:\/\/www.sleepcity.ee\/wp-json\/wp\/v2\/product_cat?post=10"},{"taxonomy":"product_tag","embeddable":true,"href":"https:\/\/www.sleepcity.ee\/wp-json\/wp\/v2\/product_tag?post=10"}],"curies":[{"name":"wp","href":"https:\/\/api.w.org\/{rel}","templated":true}]}}