{"id":9392,"date":"2025-08-23T13:55:05","date_gmt":"2025-08-23T13:55:05","guid":{"rendered":"https:\/\/sleepcity.ee\/?page_id=9392"},"modified":"2025-08-23T14:04:33","modified_gmt":"2025-08-23T14:04:33","slug":"esto-jarelmaks","status":"publish","type":"page","link":"https:\/\/www.sleepcity.ee\/esto-jarelmaks\/","title":{"rendered":"ESTO j\u00e4relmaks"},"content":{"rendered":"\t\t<div data-elementor-type=\"wp-page\" data-elementor-id=\"9392\" class=\"elementor elementor-9392\" data-elementor-post-type=\"page\">\n\t\t\t\t<div class=\"elementor-element elementor-element-8e7439c e-flex e-con-boxed e-con e-parent\" data-id=\"8e7439c\" data-element_type=\"container\" data-e-type=\"container\">\n\t\t\t\t\t<div class=\"e-con-inner\">\n\t\t\t\t<div class=\"elementor-element elementor-element-44c672d elementor-widget elementor-widget-image\" data-id=\"44c672d\" data-element_type=\"widget\" data-e-type=\"widget\" data-widget_type=\"image.default\">\n\t\t\t\t<div class=\"elementor-widget-container\">\n\t\t\t\t\t\t\t\t\t\t\t\t\t\t\t<img fetchpriority=\"high\" decoding=\"async\" width=\"800\" height=\"418\" src=\"https:\/\/www.sleepcity.ee\/wp-content\/uploads\/2025\/08\/HP_banner_offline_1000x523-29.webp\" class=\"attachment-large size-large wp-image-9394\" alt=\"\" srcset=\"https:\/\/www.sleepcity.ee\/wp-content\/uploads\/2025\/08\/HP_banner_offline_1000x523-29.webp 1000w, https:\/\/www.sleepcity.ee\/wp-content\/uploads\/2025\/08\/HP_banner_offline_1000x523-29-765x400.webp 765w, https:\/\/www.sleepcity.ee\/wp-content\/uploads\/2025\/08\/HP_banner_offline_1000x523-29-768x402.webp 768w, https:\/\/www.sleepcity.ee\/wp-content\/uploads\/2025\/08\/HP_banner_offline_1000x523-29-510x267.webp 510w, https:\/\/www.sleepcity.ee\/wp-content\/uploads\/2025\/08\/HP_banner_offline_1000x523-29-64x33.webp 64w\" sizes=\"(max-width: 800px) 100vw, 800px\" \/>\t\t\t\t\t\t\t\t\t\t\t\t\t\t\t<\/div>\n\t\t\t\t<\/div>\n\t\t\t\t<div class=\"elementor-element elementor-element-b69ac1b elementor-widget elementor-widget-heading\" data-id=\"b69ac1b\" data-element_type=\"widget\" data-e-type=\"widget\" data-widget_type=\"heading.default\">\n\t\t\t\t<div class=\"elementor-widget-container\">\n\t\t\t\t\t<h2 class=\"elementor-heading-title elementor-size-default\">Ei soovi maksta kogu summat korraga? Maksa osamaksete kaupa!\n\n<\/h2>\t\t\t\t<\/div>\n\t\t\t\t<\/div>\n\t\t\t\t<div class=\"elementor-element elementor-element-bb601d4 elementor-widget elementor-widget-text-editor\" data-id=\"bb601d4\" data-element_type=\"widget\" data-e-type=\"widget\" data-widget_type=\"text-editor.default\">\n\t\t\t\t<div class=\"elementor-widget-container\">\n\t\t\t\t\t\t\t\t\t<p>ESTO \u00a0j\u00e4relmaksu puhul on tegemist innovatiivse makselahendusega, mis aitab koostada sulle sinu poolt valitud perioodi alusel maksegraafiku. Makselahendus teeb otsuse reaalajas ning aitab ostu sooritada v\u00e4hem kui 60 sekundiga.<\/p><p>Lisa sobivad tooted ostukorvi, kinnita oma tellimus ning vali makseviisidest ESTO j\u00e4relmaks. Ostu kinnitamisel vali endale sobiv periood, igakuise osamakse suurus ning digiallkirjasta mugavalt ID-kaardi, Smart-ID v\u00f5i Mobiili-ID abil.<\/p><ul><li>ESTO j\u00e4relmaksu saavad taotleda k\u00f5ik 18-70-aastased Eesti Vabariigi kodanikud.<\/li><li>ESTO j\u00e4relmaks on v\u00f5imalik vormistada kiirelt ja mugavalt ka juriidilisele isikule.<\/li><li>ESTO j\u00e4relmaksu pakub ja haldab ESTO AS.<\/li><\/ul><div>\u00a0<\/div><p><strong>T\u00c4HELEPANU!\u00a0<\/strong>Iga j\u00e4relmaks on finantskohustus. Enne j\u00e4relmaksulepingu s\u00f5lmimist tutvuge vastava teenuse tingimustega ning vajadusel konsulteerige asjatundjaga.\u00a0<em>ESTO AS j\u00e4relmaksu krediidi kulukuse m\u00e4\u00e4r on 23.63% aastas j\u00e4rgmistel n\u00e4idistingimustel: krediidi summa 1490 EUR, kauba\/teenuse maksumus 1490 EUR, sissemakse 0%, fikseeritud intressim\u00e4\u00e4r 11.90%, lepingutasu 0 EUR, krediidi kogusumma ja tagasimaksete summa 1844.64 EUR eeldusel, et krediit tagastatakse 24 kuu jooksul igakuiste v\u00f5rdsete osamaksetena suuruses 76.86 EUR. Tutvu enne lepingu s\u00f5lmimist tingimustega ja vajadusel konsulteeri spetsialistiga. J\u00e4relmaksu pakub ja haldab ESTO AS.<\/em><\/p><p><em>\u00a0<\/em><\/p><p>\u00a0<\/p><p style=\"color: #7a7a7a; font-family: Verdana, sans-serif;\"><span style=\"color: #000000;\"><span style=\"font-weight: bolder;\">MIS ON ESTO?<br \/><\/span>ESTO on finantsteenuseid pakkuv ettev\u00f5te, mille algusaeg ulatub aastasse 2016. Br\u00e4nd sai alguse vajadusest uue generatsiooni makselahenduste j\u00e4rele, mis oleksid sobilikud nii l\u00f5pptarbijale kui ka m\u00fc\u00fcjale. T\u00e4na pakub ESTO k\u00f5ige suuremat valikut erinevaid makselahendusi Baltikumis ning ESTO partnerv\u00f5rgustikku kuulub \u00fcle 2600 koost\u00f6\u00f6partneri ja kaupluse ning \u00fcle 300 000 kliendi.<\/span><\/p><p style=\"color: #7a7a7a; font-family: Verdana, sans-serif;\"><span style=\"color: #000000;\">Tutvu tingimustega siin:\u00a0<a style=\"color: #000000;\" href=\"http:\/\/www.esto.eu\/ee\">www.esto.eu\/ee<\/a><\/span><\/p><p style=\"color: #7a7a7a; font-family: Verdana, sans-serif;\"><span style=\"color: #000000;\">Vajadusel kontakteeruge ESTO AS t\u00f6\u00f6tajaga \u2013\u00a0<a style=\"color: #000000;\" href=\"mailto:info@esto.ee\">info@esto.ee<\/a>\u00a0v\u00f5i\u00a0<a style=\"color: #000000;\" href=\"http:\/\/www.esto.eu\/ee\">www.esto.eu\/ee<\/a>\u00a0LIVE chat-aknas<\/span><\/p>\t\t\t\t\t\t\t\t<\/div>\n\t\t\t\t<\/div>\n\t\t\t\t<div class=\"elementor-element elementor-element-79f6592 elementor-widget elementor-widget-button\" data-id=\"79f6592\" data-element_type=\"widget\" data-e-type=\"widget\" data-widget_type=\"button.default\">\n\t\t\t\t<div class=\"elementor-widget-container\">\n\t\t\t\t\t\t\t\t\t<div class=\"elementor-button-wrapper\">\n\t\t\t\t\t<a class=\"elementor-button elementor-button-link elementor-size-sm\" href=\"https:\/\/sleepcity.ee\/pood\/\">\n\t\t\t\t\t\t<span class=\"elementor-button-content-wrapper\">\n\t\t\t\t\t\t\t\t\t<span class=\"elementor-button-text\">E-POODI<\/span>\n\t\t\t\t\t<\/span>\n\t\t\t\t\t<\/a>\n\t\t\t\t<\/div>\n\t\t\t\t\t\t\t\t<\/div>\n\t\t\t\t<\/div>\n\t\t\t\t\t<\/div>\n\t\t\t\t<\/div>\n\t\t\t\t<\/div>\n\t\t","protected":false},"excerpt":{"rendered":"<p>Ei soovi maksta kogu summat korraga? Maksa osamaksete kaupa! ESTO \u00a0j\u00e4relmaksu puhul on tegemist innovatiivse makselahendusega, mis aitab koostada sulle sinu poolt valitud perioodi alusel maksegraafiku. Makselahendus teeb otsuse reaalajas ning aitab ostu sooritada v\u00e4hem kui 60 sekundiga. Lisa sobivad tooted ostukorvi, kinnita oma tellimus ning vali makseviisidest ESTO j\u00e4relmaks. Ostu kinnitamisel vali endale sobiv [&hellip;]<\/p>\n","protected":false},"author":4718,"featured_media":0,"parent":0,"menu_order":0,"comment_status":"closed","ping_status":"closed","template":"","meta":{"_monsterinsights_skip_tracking":false,"_monsterinsights_sitenote_active":false,"_monsterinsights_sitenote_note":"","_monsterinsights_sitenote_category":0,"footnotes":""},"class_list":["post-9392","page","type-page","status-publish","hentry"],"yoast_head":"<!-- This site is optimized with the Yoast SEO plugin v27.4 - https:\/\/yoast.com\/product\/yoast-seo-wordpress\/ -->\n<title>ESTO j\u00e4relmaks - SleepCity - Hea Une Valem<\/title>\n<meta name=\"description\" content=\"Ei soovi maksta kogu summat korraga? Maksa osamaksete kaupa! ESTO \u00a0j\u00e4relmaksu puhul on tegemist innovatiivse makselahendusega, mis aitab koostada sulle\" \/>\n<meta name=\"robots\" content=\"index, follow, max-snippet:-1, max-image-preview:large, max-video-preview:-1\" \/>\n<link rel=\"canonical\" href=\"https:\/\/sleepcity.ee\/esto-jarelmaks\/\" \/>\n<meta property=\"og:locale\" content=\"et_EE\" \/>\n<meta property=\"og:type\" content=\"article\" \/>\n<meta property=\"og:title\" content=\"ESTO j\u00e4relmaks - SleepCity - Hea Une Valem\" \/>\n<meta property=\"og:description\" content=\"Ei soovi maksta kogu summat korraga? Maksa osamaksete kaupa! ESTO \u00a0j\u00e4relmaksu puhul on tegemist innovatiivse makselahendusega, mis aitab koostada sulle\" \/>\n<meta property=\"og:url\" content=\"https:\/\/sleepcity.ee\/esto-jarelmaks\/\" \/>\n<meta property=\"og:site_name\" content=\"SleepCity - Hea Une Valem\" \/>\n<meta property=\"article:publisher\" content=\"http:\/\/www.fb.com\/TempurEstonia\" \/>\n<meta property=\"article:modified_time\" content=\"2025-08-23T14:04:33+00:00\" \/>\n<meta property=\"og:image\" content=\"https:\/\/sleepcity.ee\/wp-content\/uploads\/2025\/08\/HP_banner_offline_1000x523-29.webp\" \/>\n<meta name=\"twitter:card\" content=\"summary_large_image\" \/>\n<meta name=\"twitter:label1\" content=\"Est. reading time\" \/>\n\t<meta name=\"twitter:data1\" content=\"1 minut\" \/>\n<script type=\"application\/ld+json\" class=\"yoast-schema-graph\">{\"@context\":\"https:\\\/\\\/schema.org\",\"@graph\":[{\"@type\":\"WebPage\",\"@id\":\"https:\\\/\\\/sleepcity.ee\\\/esto-jarelmaks\\\/\",\"url\":\"https:\\\/\\\/sleepcity.ee\\\/esto-jarelmaks\\\/\",\"name\":\"ESTO j\u00e4relmaks - SleepCity - Hea Une Valem\",\"isPartOf\":{\"@id\":\"https:\\\/\\\/sleepcity.ee\\\/#website\"},\"primaryImageOfPage\":{\"@id\":\"https:\\\/\\\/sleepcity.ee\\\/esto-jarelmaks\\\/#primaryimage\"},\"image\":{\"@id\":\"https:\\\/\\\/sleepcity.ee\\\/esto-jarelmaks\\\/#primaryimage\"},\"thumbnailUrl\":\"https:\\\/\\\/sleepcity.ee\\\/wp-content\\\/uploads\\\/2025\\\/08\\\/HP_banner_offline_1000x523-29.webp\",\"datePublished\":\"2025-08-23T13:55:05+00:00\",\"dateModified\":\"2025-08-23T14:04:33+00:00\",\"description\":\"Ei soovi maksta kogu summat korraga? Maksa osamaksete kaupa! ESTO \u00a0j\u00e4relmaksu puhul on tegemist innovatiivse makselahendusega, mis aitab koostada sulle\",\"breadcrumb\":{\"@id\":\"https:\\\/\\\/sleepcity.ee\\\/esto-jarelmaks\\\/#breadcrumb\"},\"inLanguage\":\"et\",\"potentialAction\":[{\"@type\":\"ReadAction\",\"target\":[\"https:\\\/\\\/sleepcity.ee\\\/esto-jarelmaks\\\/\"]}]},{\"@type\":\"ImageObject\",\"inLanguage\":\"et\",\"@id\":\"https:\\\/\\\/sleepcity.ee\\\/esto-jarelmaks\\\/#primaryimage\",\"url\":\"https:\\\/\\\/sleepcity.ee\\\/wp-content\\\/uploads\\\/2025\\\/08\\\/HP_banner_offline_1000x523-29.webp\",\"contentUrl\":\"https:\\\/\\\/sleepcity.ee\\\/wp-content\\\/uploads\\\/2025\\\/08\\\/HP_banner_offline_1000x523-29.webp\"},{\"@type\":\"BreadcrumbList\",\"@id\":\"https:\\\/\\\/sleepcity.ee\\\/esto-jarelmaks\\\/#breadcrumb\",\"itemListElement\":[{\"@type\":\"ListItem\",\"position\":1,\"name\":\"Home\",\"item\":\"https:\\\/\\\/sleepcity.ee\\\/\"},{\"@type\":\"ListItem\",\"position\":2,\"name\":\"ESTO j\u00e4relmaks\"}]},{\"@type\":\"WebSite\",\"@id\":\"https:\\\/\\\/sleepcity.ee\\\/#website\",\"url\":\"https:\\\/\\\/sleepcity.ee\\\/\",\"name\":\"Tempur Shop\",\"description\":\"TEMPUR madratsid, voodid, padjad ja muud unetooted.\",\"publisher\":{\"@id\":\"https:\\\/\\\/sleepcity.ee\\\/#organization\"},\"potentialAction\":[{\"@type\":\"SearchAction\",\"target\":{\"@type\":\"EntryPoint\",\"urlTemplate\":\"https:\\\/\\\/sleepcity.ee\\\/?s={search_term_string}\"},\"query-input\":{\"@type\":\"PropertyValueSpecification\",\"valueRequired\":true,\"valueName\":\"search_term_string\"}}],\"inLanguage\":\"et\"},{\"@type\":\"Organization\",\"@id\":\"https:\\\/\\\/sleepcity.ee\\\/#organization\",\"name\":\"VG Design O\u00dc\",\"url\":\"https:\\\/\\\/sleepcity.ee\\\/\",\"logo\":{\"@type\":\"ImageObject\",\"inLanguage\":\"et\",\"@id\":\"https:\\\/\\\/sleepcity.ee\\\/#\\\/schema\\\/logo\\\/image\\\/\",\"url\":\"https:\\\/\\\/www.sleepcity.ee\\\/wp-content\\\/uploads\\\/2023\\\/09\\\/sleepcity_logo.png\",\"contentUrl\":\"https:\\\/\\\/www.sleepcity.ee\\\/wp-content\\\/uploads\\\/2023\\\/09\\\/sleepcity_logo.png\",\"width\":1034,\"height\":318,\"caption\":\"VG Design O\u00dc\"},\"image\":{\"@id\":\"https:\\\/\\\/sleepcity.ee\\\/#\\\/schema\\\/logo\\\/image\\\/\"},\"sameAs\":[\"http:\\\/\\\/www.fb.com\\\/TempurEstonia\",\"http:\\\/\\\/www.instagram.com\\\/tempurestonia\"]}]}<\/script>\n<!-- \/ Yoast SEO plugin. -->","yoast_head_json":{"title":"ESTO j\u00e4relmaks - SleepCity - Hea Une Valem","description":"Ei soovi maksta kogu summat korraga? Maksa osamaksete kaupa! ESTO \u00a0j\u00e4relmaksu puhul on tegemist innovatiivse makselahendusega, mis aitab koostada sulle","robots":{"index":"index","follow":"follow","max-snippet":"max-snippet:-1","max-image-preview":"max-image-preview:large","max-video-preview":"max-video-preview:-1"},"canonical":"https:\/\/sleepcity.ee\/esto-jarelmaks\/","og_locale":"et_EE","og_type":"article","og_title":"ESTO j\u00e4relmaks - SleepCity - Hea Une Valem","og_description":"Ei soovi maksta kogu summat korraga? Maksa osamaksete kaupa! ESTO \u00a0j\u00e4relmaksu puhul on tegemist innovatiivse makselahendusega, mis aitab koostada sulle","og_url":"https:\/\/sleepcity.ee\/esto-jarelmaks\/","og_site_name":"SleepCity - Hea Une Valem","article_publisher":"http:\/\/www.fb.com\/TempurEstonia","article_modified_time":"2025-08-23T14:04:33+00:00","og_image":[{"url":"https:\/\/sleepcity.ee\/wp-content\/uploads\/2025\/08\/HP_banner_offline_1000x523-29.webp","type":"","width":"","height":""}],"twitter_card":"summary_large_image","twitter_misc":{"Est. reading time":"1 minut"},"schema":{"@context":"https:\/\/schema.org","@graph":[{"@type":"WebPage","@id":"https:\/\/sleepcity.ee\/esto-jarelmaks\/","url":"https:\/\/sleepcity.ee\/esto-jarelmaks\/","name":"ESTO j\u00e4relmaks - SleepCity - Hea Une Valem","isPartOf":{"@id":"https:\/\/sleepcity.ee\/#website"},"primaryImageOfPage":{"@id":"https:\/\/sleepcity.ee\/esto-jarelmaks\/#primaryimage"},"image":{"@id":"https:\/\/sleepcity.ee\/esto-jarelmaks\/#primaryimage"},"thumbnailUrl":"https:\/\/sleepcity.ee\/wp-content\/uploads\/2025\/08\/HP_banner_offline_1000x523-29.webp","datePublished":"2025-08-23T13:55:05+00:00","dateModified":"2025-08-23T14:04:33+00:00","description":"Ei soovi maksta kogu summat korraga? Maksa osamaksete kaupa! ESTO \u00a0j\u00e4relmaksu puhul on tegemist innovatiivse makselahendusega, mis aitab koostada sulle","breadcrumb":{"@id":"https:\/\/sleepcity.ee\/esto-jarelmaks\/#breadcrumb"},"inLanguage":"et","potentialAction":[{"@type":"ReadAction","target":["https:\/\/sleepcity.ee\/esto-jarelmaks\/"]}]},{"@type":"ImageObject","inLanguage":"et","@id":"https:\/\/sleepcity.ee\/esto-jarelmaks\/#primaryimage","url":"https:\/\/sleepcity.ee\/wp-content\/uploads\/2025\/08\/HP_banner_offline_1000x523-29.webp","contentUrl":"https:\/\/sleepcity.ee\/wp-content\/uploads\/2025\/08\/HP_banner_offline_1000x523-29.webp"},{"@type":"BreadcrumbList","@id":"https:\/\/sleepcity.ee\/esto-jarelmaks\/#breadcrumb","itemListElement":[{"@type":"ListItem","position":1,"name":"Home","item":"https:\/\/sleepcity.ee\/"},{"@type":"ListItem","position":2,"name":"ESTO j\u00e4relmaks"}]},{"@type":"WebSite","@id":"https:\/\/sleepcity.ee\/#website","url":"https:\/\/sleepcity.ee\/","name":"Tempur Shop","description":"TEMPUR madratsid, voodid, padjad ja muud unetooted.","publisher":{"@id":"https:\/\/sleepcity.ee\/#organization"},"potentialAction":[{"@type":"SearchAction","target":{"@type":"EntryPoint","urlTemplate":"https:\/\/sleepcity.ee\/?s={search_term_string}"},"query-input":{"@type":"PropertyValueSpecification","valueRequired":true,"valueName":"search_term_string"}}],"inLanguage":"et"},{"@type":"Organization","@id":"https:\/\/sleepcity.ee\/#organization","name":"VG Design O\u00dc","url":"https:\/\/sleepcity.ee\/","logo":{"@type":"ImageObject","inLanguage":"et","@id":"https:\/\/sleepcity.ee\/#\/schema\/logo\/image\/","url":"https:\/\/www.sleepcity.ee\/wp-content\/uploads\/2023\/09\/sleepcity_logo.png","contentUrl":"https:\/\/www.sleepcity.ee\/wp-content\/uploads\/2023\/09\/sleepcity_logo.png","width":1034,"height":318,"caption":"VG Design O\u00dc"},"image":{"@id":"https:\/\/sleepcity.ee\/#\/schema\/logo\/image\/"},"sameAs":["http:\/\/www.fb.com\/TempurEstonia","http:\/\/www.instagram.com\/tempurestonia"]}]}},"_links":{"self":[{"href":"https:\/\/www.sleepcity.ee\/wp-json\/wp\/v2\/pages\/9392","targetHints":{"allow":["GET"]}}],"collection":[{"href":"https:\/\/www.sleepcity.ee\/wp-json\/wp\/v2\/pages"}],"about":[{"href":"https:\/\/www.sleepcity.ee\/wp-json\/wp\/v2\/types\/page"}],"author":[{"embeddable":true,"href":"https:\/\/www.sleepcity.ee\/wp-json\/wp\/v2\/users\/4718"}],"replies":[{"embeddable":true,"href":"https:\/\/www.sleepcity.ee\/wp-json\/wp\/v2\/comments?post=9392"}],"version-history":[{"count":4,"href":"https:\/\/www.sleepcity.ee\/wp-json\/wp\/v2\/pages\/9392\/revisions"}],"predecessor-version":[{"id":9397,"href":"https:\/\/www.sleepcity.ee\/wp-json\/wp\/v2\/pages\/9392\/revisions\/9397"}],"wp:attachment":[{"href":"https:\/\/www.sleepcity.ee\/wp-json\/wp\/v2\/media?parent=9392"}],"curies":[{"name":"wp","href":"https:\/\/api.w.org\/{rel}","templated":true}]}}