{"id":213,"date":"2018-11-30T08:10:35","date_gmt":"2018-11-30T08:10:35","guid":{"rendered":"https:\/\/sleepcity.ee\/?page_id=213"},"modified":"2025-04-26T12:36:53","modified_gmt":"2025-04-26T12:36:53","slug":"voodid","status":"publish","type":"page","link":"https:\/\/www.sleepcity.ee\/voodid\/","title":{"rendered":"Voodid"},"content":{"rendered":"<p>[section padding=&#8221;0px&#8221;]<\/p>\n<p>[ux_banner height__sm=&#8221;300px&#8221; height__md=&#8221;50%&#8221; bg=&#8221;8723&#8243; bg_size=&#8221;original&#8221; bg_color=&#8221;rgb(255, 255, 255)&#8221; bg_overlay=&#8221;rgba(0, 0, 0, 0.2)&#8221; bg_pos=&#8221;22% 43%&#8221; class=&#8221;voodid-banner&#8221;]<\/p>\n<p>[text_box text_color=&#8221;dark&#8221; width=&#8221;58&#8243; width__sm=&#8221;88&#8243; width__md=&#8221;70&#8243; position_x=&#8221;0&#8243; position_y=&#8221;20&#8243; text_align=&#8221;left&#8221;]<\/p>\n<h1 class=\"alt-font\"><span style=\"color: #ffffff; font-size: 200%;\">Voodite valik<\/span><\/h1>\n<h3><span style=\"color: #ffffff; font-size: 60%;\">\u00d5ige voodi valimine on sama oluline kui kvaliteetne madrats. Meie mitmek\u00fclgne voodite valik pakub kvaliteeti, stiili ja mugavust, sobitudes suurep\u00e4raselt igasse eelarver\u00fchma, moodustades SleepCity madratsitega parima kombinatsiooni. Avasta stiil, mis sobib just sulle, ilma kompromissideta!<\/span><\/h3>\n<p>[\/text_box]<\/p>\n<p>[\/ux_banner]<\/p>\n<p>[\/section]<br \/>\n[section padding=&#8221;0px&#8221;]<\/p>\n<p>[gap height=&#8221;60px&#8221;]<\/p>\n<p>[row]<\/p>\n<p>[col span__sm=&#8221;12&#8243;]<\/p>\n<h2 style=\"text-align: center;\">Voodikataloog<\/h2>\n<p>[tabgroup style=&#8221;line-bottom&#8221; nav_style=&#8221;normal&#8221; nav_size=&#8221;large&#8221; align=&#8221;center&#8221;]<\/p>\n<p>[tab title=&#8221;Tempur Arc&#8221;]<\/p>\n<p>[ux_gallery ids=&#8221;5124,5125,5126,5128,5129&#8243; columns=&#8221;5&#8243; image_size=&#8221;thumbnail&#8221;]<\/p>\n<p>Tempur Arc Bed&#8217;i sari pakub k\u00f5rgekvaliteedilisi voodistandardeid, mida ootate ja usaldate maailma juhtivalt voodipesuettev\u00f5ttelt. Iga detail on k\u00e4sitsi valmistatud luksuslikest materjalidest ja kangastest, mis on uskumatult vastupidavad ja kergesti hooldatavad. Annab teile iga unega kauakestva kvaliteedi.<\/p>\n<p>Funktsioonid:<\/p>\n<p>Moodulkoost ja lai sortiment erinevatele turgudele<br \/>\nSaadaval erinevates v\u00e4rvides\/kangas<br \/>\nSaadaval erineva k\u00f5rgusega jalad ainulaadse \u00fcmara jalaga<br \/>\nKaasaegne stiil m\u00f5jutustega kogu maailmast<br \/>\nPakub t\u00e4ielikku unes\u00fcsteemi.<br \/>\nLihtne lahti v\u00f5tta ja kokku panna.<br \/>\nKvaliteetne k\u00e4sit\u00f6\u00f6.<\/p>\n<p>[button text=&#8221;Vaata videot&#8221; icon=&#8221;icon-play&#8221; icon_pos=&#8221;left&#8221; link=&#8221;https:\/\/www.youtube.com\/watch?v=Vj-KeusdRhE&#8221;]<\/p>\n<p>[\/tab]<br \/>\n[tab title=&#8221;LovaPro&#8221;]<\/p>\n<p>[ux_gallery ids=&#8221;733,741,8670&#8243;]<\/p>\n<p>[\/tab]<br \/>\n[tab title=&#8221;Ergomotion- targad voodid&#8221;]<\/p>\n<p>[ux_gallery ids=&#8221;5134,5135&#8243; image_size=&#8221;thumbnail&#8221;]<\/p>\n<p>Puudutage nuppu ja seadke oma pea, jalad v\u00f5i m\u00f5lemad endale k\u00f5ige mugavamasse asendisse, et saaksite lugemisest, teleri vaatamisest, magamisest v\u00f5i lihtsalt mugavalt l\u00f5\u00f5gastumisest maksimumi v\u00f5tta. Lisaks on iga praegune reguleeritav TEMPUR\u00ae elektrivoodi ka massaa\u017eivoodi! Et magamaminek oleks t\u00f5eline maiuspala, lisage TEMPUR\u00ae madrats ja padi, et kogeda t\u00f5eliselt oma parimat und. Lisainfo ja hinnainfo saamiseks <a href=\"https:\/\/sleepcity.ee\/kontakt\/\">v\u00f5tke meiega \u00fchendust<\/a>.<\/p>\n<p>[\/tab]<br \/>\n[tab title=&#8221;TEMPUR Sofad&#8221;]<\/p>\n<p>[ux_gallery ids=&#8221;4586&#8243; image_height=&#8221;100%&#8221; image_hover=&#8221;zoom&#8221;]<\/p>\n<p>[\/tab]<\/p>\n<p>[\/tabgroup]<\/p>\n<p>[\/col]<\/p>\n<p>[\/row]<\/p>\n<p>[\/section]<br \/>\n[section bg_color=&#8221;rgb(247, 247, 247)&#8221; padding=&#8221;17px&#8221;]<\/p>\n<p>[row]<\/p>\n<p>[col span=&#8221;7&#8243; span__sm=&#8221;12&#8243; padding=&#8221;51px 0px 0px 0px&#8221;]<\/p>\n<p style=\"text-align: center;\"> Oled unistanud t\u00e4iuslikust voodist?SleepCity-s on see v\u00f5imalik. Tule k\u00fclla meie esindussalongi P\u00e4rnu mnt.110, Tallinn ja me aitame sul valida oma unelmate voodi.Tundub p\u00f5nev? Lisainfo saamiseks <a href=\"https:\/\/sleepcity.ee\/kontakt\/\">v\u00f5tke meiega \u00fchendust<\/a>.<\/p>\n<p>\u00a0<\/p>\n<h2 style=\"text-align: center;\">Kas leidsite sobiva voodi? Kui ei, siis vajuta k\u00fcsige pakkumist<\/h2>\n<p>[\/col]<br \/>\n[col span=&#8221;5&#8243; span__sm=&#8221;12&#8243; padding=&#8221;52px 0px 0px 0px&#8221;]<\/p>\n<p>[button text=&#8221;K\u00fcsige pakkumist!&#8221; size=&#8221;large&#8221; link=&#8221;https:\/\/sleepcity.ee\/kontakt\/&#8221;]<\/p>\n<p>[\/col]<\/p>\n<p>[\/row]<\/p>\n<p>[\/section]<\/p>\n","protected":false},"excerpt":{"rendered":"<p>[section padding=&#8221;0px&#8221;] [ux_banner height__sm=&#8221;300px&#8221; height__md=&#8221;50%&#8221; bg=&#8221;8723&#8243; bg_size=&#8221;original&#8221; bg_color=&#8221;rgb(255, 255, 255)&#8221; bg_overlay=&#8221;rgba(0, 0, 0, 0.2)&#8221; bg_pos=&#8221;22% 43%&#8221; class=&#8221;voodid-banner&#8221;] [text_box text_color=&#8221;dark&#8221; width=&#8221;58&#8243; width__sm=&#8221;88&#8243; width__md=&#8221;70&#8243; position_x=&#8221;0&#8243; position_y=&#8221;20&#8243; text_align=&#8221;left&#8221;] Voodite valik \u00d5ige voodi valimine on sama oluline kui kvaliteetne madrats. Meie mitmek\u00fclgne voodite valik pakub kvaliteeti, stiili ja mugavust, sobitudes suurep\u00e4raselt igasse eelarver\u00fchma, moodustades SleepCity madratsitega parima kombinatsiooni. Avasta [&hellip;]<\/p>\n","protected":false},"author":2,"featured_media":0,"parent":0,"menu_order":0,"comment_status":"closed","ping_status":"closed","template":"page-blank.php","meta":{"_monsterinsights_skip_tracking":false,"_monsterinsights_sitenote_active":false,"_monsterinsights_sitenote_note":"","_monsterinsights_sitenote_category":0,"footnotes":""},"class_list":["post-213","page","type-page","status-publish","hentry"],"yoast_head":"<!-- This site is optimized with the Yoast SEO plugin v27.4 - https:\/\/yoast.com\/product\/yoast-seo-wordpress\/ -->\n<title>Voodid - SleepCity - Hea Une Valem<\/title>\n<meta name=\"description\" content=\"Voodite valik \u00d5ige voodi valimine on sama oluline kui kvaliteetne madrats. Meie mitmek\u00fclgne voodite valik pakub kvaliteeti, stiili ja mugavust, sobitudes\" \/>\n<meta name=\"robots\" content=\"index, follow, max-snippet:-1, max-image-preview:large, max-video-preview:-1\" \/>\n<link rel=\"canonical\" href=\"https:\/\/sleepcity.ee\/voodid\/\" \/>\n<meta property=\"og:locale\" content=\"et_EE\" \/>\n<meta property=\"og:type\" content=\"article\" \/>\n<meta property=\"og:title\" content=\"Voodid - SleepCity - Hea Une Valem\" \/>\n<meta property=\"og:description\" content=\"Voodite valik \u00d5ige voodi valimine on sama oluline kui kvaliteetne madrats. Meie mitmek\u00fclgne voodite valik pakub kvaliteeti, stiili ja mugavust, sobitudes\" \/>\n<meta property=\"og:url\" content=\"https:\/\/sleepcity.ee\/voodid\/\" \/>\n<meta property=\"og:site_name\" content=\"SleepCity - Hea Une Valem\" \/>\n<meta property=\"article:publisher\" content=\"http:\/\/www.fb.com\/TempurEstonia\" \/>\n<meta property=\"article:modified_time\" content=\"2025-04-26T12:36:53+00:00\" \/>\n<meta name=\"twitter:card\" content=\"summary_large_image\" \/>\n<meta name=\"twitter:label1\" content=\"Est. reading time\" \/>\n\t<meta name=\"twitter:data1\" content=\"2 minutit\" \/>\n<script type=\"application\/ld+json\" class=\"yoast-schema-graph\">{\"@context\":\"https:\\\/\\\/schema.org\",\"@graph\":[{\"@type\":\"WebPage\",\"@id\":\"https:\\\/\\\/sleepcity.ee\\\/voodid\\\/\",\"url\":\"https:\\\/\\\/sleepcity.ee\\\/voodid\\\/\",\"name\":\"Voodid - SleepCity - Hea Une Valem\",\"isPartOf\":{\"@id\":\"https:\\\/\\\/sleepcity.ee\\\/#website\"},\"datePublished\":\"2018-11-30T08:10:35+00:00\",\"dateModified\":\"2025-04-26T12:36:53+00:00\",\"description\":\"Voodite valik \u00d5ige voodi valimine on sama oluline kui kvaliteetne madrats. Meie mitmek\u00fclgne voodite valik pakub kvaliteeti, stiili ja mugavust, sobitudes\",\"breadcrumb\":{\"@id\":\"https:\\\/\\\/sleepcity.ee\\\/voodid\\\/#breadcrumb\"},\"inLanguage\":\"et\",\"potentialAction\":[{\"@type\":\"ReadAction\",\"target\":[\"https:\\\/\\\/sleepcity.ee\\\/voodid\\\/\"]}]},{\"@type\":\"BreadcrumbList\",\"@id\":\"https:\\\/\\\/sleepcity.ee\\\/voodid\\\/#breadcrumb\",\"itemListElement\":[{\"@type\":\"ListItem\",\"position\":1,\"name\":\"Home\",\"item\":\"https:\\\/\\\/sleepcity.ee\\\/\"},{\"@type\":\"ListItem\",\"position\":2,\"name\":\"Voodid\"}]},{\"@type\":\"WebSite\",\"@id\":\"https:\\\/\\\/sleepcity.ee\\\/#website\",\"url\":\"https:\\\/\\\/sleepcity.ee\\\/\",\"name\":\"Tempur Shop\",\"description\":\"TEMPUR madratsid, voodid, padjad ja muud unetooted.\",\"publisher\":{\"@id\":\"https:\\\/\\\/sleepcity.ee\\\/#organization\"},\"potentialAction\":[{\"@type\":\"SearchAction\",\"target\":{\"@type\":\"EntryPoint\",\"urlTemplate\":\"https:\\\/\\\/sleepcity.ee\\\/?s={search_term_string}\"},\"query-input\":{\"@type\":\"PropertyValueSpecification\",\"valueRequired\":true,\"valueName\":\"search_term_string\"}}],\"inLanguage\":\"et\"},{\"@type\":\"Organization\",\"@id\":\"https:\\\/\\\/sleepcity.ee\\\/#organization\",\"name\":\"VG Design O\u00dc\",\"url\":\"https:\\\/\\\/sleepcity.ee\\\/\",\"logo\":{\"@type\":\"ImageObject\",\"inLanguage\":\"et\",\"@id\":\"https:\\\/\\\/sleepcity.ee\\\/#\\\/schema\\\/logo\\\/image\\\/\",\"url\":\"https:\\\/\\\/www.sleepcity.ee\\\/wp-content\\\/uploads\\\/2023\\\/09\\\/sleepcity_logo.png\",\"contentUrl\":\"https:\\\/\\\/www.sleepcity.ee\\\/wp-content\\\/uploads\\\/2023\\\/09\\\/sleepcity_logo.png\",\"width\":1034,\"height\":318,\"caption\":\"VG Design O\u00dc\"},\"image\":{\"@id\":\"https:\\\/\\\/sleepcity.ee\\\/#\\\/schema\\\/logo\\\/image\\\/\"},\"sameAs\":[\"http:\\\/\\\/www.fb.com\\\/TempurEstonia\",\"http:\\\/\\\/www.instagram.com\\\/tempurestonia\"]}]}<\/script>\n<!-- \/ Yoast SEO plugin. -->","yoast_head_json":{"title":"Voodid - SleepCity - Hea Une Valem","description":"Voodite valik \u00d5ige voodi valimine on sama oluline kui kvaliteetne madrats. Meie mitmek\u00fclgne voodite valik pakub kvaliteeti, stiili ja mugavust, sobitudes","robots":{"index":"index","follow":"follow","max-snippet":"max-snippet:-1","max-image-preview":"max-image-preview:large","max-video-preview":"max-video-preview:-1"},"canonical":"https:\/\/sleepcity.ee\/voodid\/","og_locale":"et_EE","og_type":"article","og_title":"Voodid - SleepCity - Hea Une Valem","og_description":"Voodite valik \u00d5ige voodi valimine on sama oluline kui kvaliteetne madrats. Meie mitmek\u00fclgne voodite valik pakub kvaliteeti, stiili ja mugavust, sobitudes","og_url":"https:\/\/sleepcity.ee\/voodid\/","og_site_name":"SleepCity - Hea Une Valem","article_publisher":"http:\/\/www.fb.com\/TempurEstonia","article_modified_time":"2025-04-26T12:36:53+00:00","twitter_card":"summary_large_image","twitter_misc":{"Est. reading time":"2 minutit"},"schema":{"@context":"https:\/\/schema.org","@graph":[{"@type":"WebPage","@id":"https:\/\/sleepcity.ee\/voodid\/","url":"https:\/\/sleepcity.ee\/voodid\/","name":"Voodid - SleepCity - Hea Une Valem","isPartOf":{"@id":"https:\/\/sleepcity.ee\/#website"},"datePublished":"2018-11-30T08:10:35+00:00","dateModified":"2025-04-26T12:36:53+00:00","description":"Voodite valik \u00d5ige voodi valimine on sama oluline kui kvaliteetne madrats. Meie mitmek\u00fclgne voodite valik pakub kvaliteeti, stiili ja mugavust, sobitudes","breadcrumb":{"@id":"https:\/\/sleepcity.ee\/voodid\/#breadcrumb"},"inLanguage":"et","potentialAction":[{"@type":"ReadAction","target":["https:\/\/sleepcity.ee\/voodid\/"]}]},{"@type":"BreadcrumbList","@id":"https:\/\/sleepcity.ee\/voodid\/#breadcrumb","itemListElement":[{"@type":"ListItem","position":1,"name":"Home","item":"https:\/\/sleepcity.ee\/"},{"@type":"ListItem","position":2,"name":"Voodid"}]},{"@type":"WebSite","@id":"https:\/\/sleepcity.ee\/#website","url":"https:\/\/sleepcity.ee\/","name":"Tempur Shop","description":"TEMPUR madratsid, voodid, padjad ja muud unetooted.","publisher":{"@id":"https:\/\/sleepcity.ee\/#organization"},"potentialAction":[{"@type":"SearchAction","target":{"@type":"EntryPoint","urlTemplate":"https:\/\/sleepcity.ee\/?s={search_term_string}"},"query-input":{"@type":"PropertyValueSpecification","valueRequired":true,"valueName":"search_term_string"}}],"inLanguage":"et"},{"@type":"Organization","@id":"https:\/\/sleepcity.ee\/#organization","name":"VG Design O\u00dc","url":"https:\/\/sleepcity.ee\/","logo":{"@type":"ImageObject","inLanguage":"et","@id":"https:\/\/sleepcity.ee\/#\/schema\/logo\/image\/","url":"https:\/\/www.sleepcity.ee\/wp-content\/uploads\/2023\/09\/sleepcity_logo.png","contentUrl":"https:\/\/www.sleepcity.ee\/wp-content\/uploads\/2023\/09\/sleepcity_logo.png","width":1034,"height":318,"caption":"VG Design O\u00dc"},"image":{"@id":"https:\/\/sleepcity.ee\/#\/schema\/logo\/image\/"},"sameAs":["http:\/\/www.fb.com\/TempurEstonia","http:\/\/www.instagram.com\/tempurestonia"]}]}},"_links":{"self":[{"href":"https:\/\/www.sleepcity.ee\/wp-json\/wp\/v2\/pages\/213","targetHints":{"allow":["GET"]}}],"collection":[{"href":"https:\/\/www.sleepcity.ee\/wp-json\/wp\/v2\/pages"}],"about":[{"href":"https:\/\/www.sleepcity.ee\/wp-json\/wp\/v2\/types\/page"}],"author":[{"embeddable":true,"href":"https:\/\/www.sleepcity.ee\/wp-json\/wp\/v2\/users\/2"}],"replies":[{"embeddable":true,"href":"https:\/\/www.sleepcity.ee\/wp-json\/wp\/v2\/comments?post=213"}],"version-history":[{"count":5,"href":"https:\/\/www.sleepcity.ee\/wp-json\/wp\/v2\/pages\/213\/revisions"}],"predecessor-version":[{"id":8733,"href":"https:\/\/www.sleepcity.ee\/wp-json\/wp\/v2\/pages\/213\/revisions\/8733"}],"wp:attachment":[{"href":"https:\/\/www.sleepcity.ee\/wp-json\/wp\/v2\/media?parent=213"}],"curies":[{"name":"wp","href":"https:\/\/api.w.org\/{rel}","templated":true}]}}