{"id":10041,"date":"2026-02-01T21:35:25","date_gmt":"2026-02-01T21:35:25","guid":{"rendered":"https:\/\/sleepcity.ee\/?page_id=10041"},"modified":"2026-02-01T22:32:04","modified_gmt":"2026-02-01T22:32:04","slug":"aitah-votame-teiega-peagi-uhendust","status":"publish","type":"page","link":"https:\/\/www.sleepcity.ee\/aitah-votame-teiega-peagi-uhendust\/","title":{"rendered":"Ait\u00e4h! V\u00f5tame Teiega peagi \u00fchendust."},"content":{"rendered":"\t\t<div data-elementor-type=\"wp-page\" data-elementor-id=\"10041\" class=\"elementor elementor-10041\" data-elementor-post-type=\"page\">\n\t\t\t\t<div class=\"elementor-element elementor-element-e529dd8 e-flex e-con-boxed e-con e-parent\" data-id=\"e529dd8\" data-element_type=\"container\" data-e-type=\"container\">\n\t\t\t\t\t<div class=\"e-con-inner\">\n\t\t\t\t\t<\/div>\n\t\t\t\t<\/div>\n\t\t\t\t<\/div>\n\t\t","protected":false},"excerpt":{"rendered":"","protected":false},"author":2,"featured_media":9959,"parent":0,"menu_order":0,"comment_status":"closed","ping_status":"closed","template":"","meta":{"_monsterinsights_skip_tracking":false,"_monsterinsights_sitenote_active":false,"_monsterinsights_sitenote_note":"","_monsterinsights_sitenote_category":0,"footnotes":""},"class_list":["post-10041","page","type-page","status-publish","has-post-thumbnail","hentry"],"yoast_head":"<!-- This site is optimized with the Yoast SEO plugin v27.4 - https:\/\/yoast.com\/product\/yoast-seo-wordpress\/ -->\n<title>Ait\u00e4h! V\u00f5tame Teiega peagi \u00fchendust. - SleepCity - Hea Une Valem<\/title>\n<meta name=\"robots\" content=\"index, follow, max-snippet:-1, max-image-preview:large, max-video-preview:-1\" \/>\n<link rel=\"canonical\" href=\"https:\/\/sleepcity.ee\/aitah-votame-teiega-peagi-uhendust\/\" \/>\n<meta property=\"og:locale\" content=\"et_EE\" \/>\n<meta property=\"og:type\" content=\"article\" \/>\n<meta property=\"og:title\" content=\"Ait\u00e4h! V\u00f5tame Teiega peagi \u00fchendust. - SleepCity - Hea Une Valem\" \/>\n<meta property=\"og:url\" content=\"https:\/\/sleepcity.ee\/aitah-votame-teiega-peagi-uhendust\/\" \/>\n<meta property=\"og:site_name\" content=\"SleepCity - Hea Une Valem\" \/>\n<meta property=\"article:publisher\" content=\"http:\/\/www.fb.com\/TempurEstonia\" \/>\n<meta property=\"article:modified_time\" content=\"2026-02-01T22:32:04+00:00\" \/>\n<meta property=\"og:image\" content=\"https:\/\/sleepcity.ee\/wp-content\/uploads\/2026\/01\/TEMPUR-Prima-Mattress-SmartCool.jpg\" \/>\n\t<meta property=\"og:image:width\" content=\"790\" \/>\n\t<meta property=\"og:image:height\" content=\"585\" \/>\n\t<meta property=\"og:image:type\" content=\"image\/jpeg\" \/>\n<meta name=\"twitter:card\" content=\"summary_large_image\" \/>\n<script type=\"application\/ld+json\" class=\"yoast-schema-graph\">{\"@context\":\"https:\\\/\\\/schema.org\",\"@graph\":[{\"@type\":\"WebPage\",\"@id\":\"https:\\\/\\\/sleepcity.ee\\\/aitah-votame-teiega-peagi-uhendust\\\/\",\"url\":\"https:\\\/\\\/sleepcity.ee\\\/aitah-votame-teiega-peagi-uhendust\\\/\",\"name\":\"Ait\u00e4h! V\u00f5tame Teiega peagi \u00fchendust. - SleepCity - Hea Une Valem\",\"isPartOf\":{\"@id\":\"https:\\\/\\\/sleepcity.ee\\\/#website\"},\"primaryImageOfPage\":{\"@id\":\"https:\\\/\\\/sleepcity.ee\\\/aitah-votame-teiega-peagi-uhendust\\\/#primaryimage\"},\"image\":{\"@id\":\"https:\\\/\\\/sleepcity.ee\\\/aitah-votame-teiega-peagi-uhendust\\\/#primaryimage\"},\"thumbnailUrl\":\"https:\\\/\\\/www.sleepcity.ee\\\/wp-content\\\/uploads\\\/2026\\\/01\\\/TEMPUR-Prima-Mattress-SmartCool.jpg\",\"datePublished\":\"2026-02-01T21:35:25+00:00\",\"dateModified\":\"2026-02-01T22:32:04+00:00\",\"breadcrumb\":{\"@id\":\"https:\\\/\\\/sleepcity.ee\\\/aitah-votame-teiega-peagi-uhendust\\\/#breadcrumb\"},\"inLanguage\":\"et\",\"potentialAction\":[{\"@type\":\"ReadAction\",\"target\":[\"https:\\\/\\\/sleepcity.ee\\\/aitah-votame-teiega-peagi-uhendust\\\/\"]}]},{\"@type\":\"ImageObject\",\"inLanguage\":\"et\",\"@id\":\"https:\\\/\\\/sleepcity.ee\\\/aitah-votame-teiega-peagi-uhendust\\\/#primaryimage\",\"url\":\"https:\\\/\\\/www.sleepcity.ee\\\/wp-content\\\/uploads\\\/2026\\\/01\\\/TEMPUR-Prima-Mattress-SmartCool.jpg\",\"contentUrl\":\"https:\\\/\\\/www.sleepcity.ee\\\/wp-content\\\/uploads\\\/2026\\\/01\\\/TEMPUR-Prima-Mattress-SmartCool.jpg\",\"width\":790,\"height\":585},{\"@type\":\"BreadcrumbList\",\"@id\":\"https:\\\/\\\/sleepcity.ee\\\/aitah-votame-teiega-peagi-uhendust\\\/#breadcrumb\",\"itemListElement\":[{\"@type\":\"ListItem\",\"position\":1,\"name\":\"Home\",\"item\":\"https:\\\/\\\/sleepcity.ee\\\/\"},{\"@type\":\"ListItem\",\"position\":2,\"name\":\"Ait\u00e4h! V\u00f5tame Teiega peagi \u00fchendust.\"}]},{\"@type\":\"WebSite\",\"@id\":\"https:\\\/\\\/sleepcity.ee\\\/#website\",\"url\":\"https:\\\/\\\/sleepcity.ee\\\/\",\"name\":\"Tempur Shop\",\"description\":\"TEMPUR madratsid, voodid, padjad ja muud unetooted.\",\"publisher\":{\"@id\":\"https:\\\/\\\/sleepcity.ee\\\/#organization\"},\"potentialAction\":[{\"@type\":\"SearchAction\",\"target\":{\"@type\":\"EntryPoint\",\"urlTemplate\":\"https:\\\/\\\/sleepcity.ee\\\/?s={search_term_string}\"},\"query-input\":{\"@type\":\"PropertyValueSpecification\",\"valueRequired\":true,\"valueName\":\"search_term_string\"}}],\"inLanguage\":\"et\"},{\"@type\":\"Organization\",\"@id\":\"https:\\\/\\\/sleepcity.ee\\\/#organization\",\"name\":\"VG Design O\u00dc\",\"url\":\"https:\\\/\\\/sleepcity.ee\\\/\",\"logo\":{\"@type\":\"ImageObject\",\"inLanguage\":\"et\",\"@id\":\"https:\\\/\\\/sleepcity.ee\\\/#\\\/schema\\\/logo\\\/image\\\/\",\"url\":\"https:\\\/\\\/www.sleepcity.ee\\\/wp-content\\\/uploads\\\/2023\\\/09\\\/sleepcity_logo.png\",\"contentUrl\":\"https:\\\/\\\/www.sleepcity.ee\\\/wp-content\\\/uploads\\\/2023\\\/09\\\/sleepcity_logo.png\",\"width\":1034,\"height\":318,\"caption\":\"VG Design O\u00dc\"},\"image\":{\"@id\":\"https:\\\/\\\/sleepcity.ee\\\/#\\\/schema\\\/logo\\\/image\\\/\"},\"sameAs\":[\"http:\\\/\\\/www.fb.com\\\/TempurEstonia\",\"http:\\\/\\\/www.instagram.com\\\/tempurestonia\"]}]}<\/script>\n<!-- \/ Yoast SEO plugin. -->","yoast_head_json":{"title":"Ait\u00e4h! V\u00f5tame Teiega peagi \u00fchendust. - SleepCity - Hea Une Valem","robots":{"index":"index","follow":"follow","max-snippet":"max-snippet:-1","max-image-preview":"max-image-preview:large","max-video-preview":"max-video-preview:-1"},"canonical":"https:\/\/sleepcity.ee\/aitah-votame-teiega-peagi-uhendust\/","og_locale":"et_EE","og_type":"article","og_title":"Ait\u00e4h! V\u00f5tame Teiega peagi \u00fchendust. - SleepCity - Hea Une Valem","og_url":"https:\/\/sleepcity.ee\/aitah-votame-teiega-peagi-uhendust\/","og_site_name":"SleepCity - Hea Une Valem","article_publisher":"http:\/\/www.fb.com\/TempurEstonia","article_modified_time":"2026-02-01T22:32:04+00:00","og_image":[{"width":790,"height":585,"url":"https:\/\/sleepcity.ee\/wp-content\/uploads\/2026\/01\/TEMPUR-Prima-Mattress-SmartCool.jpg","type":"image\/jpeg"}],"twitter_card":"summary_large_image","schema":{"@context":"https:\/\/schema.org","@graph":[{"@type":"WebPage","@id":"https:\/\/sleepcity.ee\/aitah-votame-teiega-peagi-uhendust\/","url":"https:\/\/sleepcity.ee\/aitah-votame-teiega-peagi-uhendust\/","name":"Ait\u00e4h! V\u00f5tame Teiega peagi \u00fchendust. - SleepCity - Hea Une Valem","isPartOf":{"@id":"https:\/\/sleepcity.ee\/#website"},"primaryImageOfPage":{"@id":"https:\/\/sleepcity.ee\/aitah-votame-teiega-peagi-uhendust\/#primaryimage"},"image":{"@id":"https:\/\/sleepcity.ee\/aitah-votame-teiega-peagi-uhendust\/#primaryimage"},"thumbnailUrl":"https:\/\/www.sleepcity.ee\/wp-content\/uploads\/2026\/01\/TEMPUR-Prima-Mattress-SmartCool.jpg","datePublished":"2026-02-01T21:35:25+00:00","dateModified":"2026-02-01T22:32:04+00:00","breadcrumb":{"@id":"https:\/\/sleepcity.ee\/aitah-votame-teiega-peagi-uhendust\/#breadcrumb"},"inLanguage":"et","potentialAction":[{"@type":"ReadAction","target":["https:\/\/sleepcity.ee\/aitah-votame-teiega-peagi-uhendust\/"]}]},{"@type":"ImageObject","inLanguage":"et","@id":"https:\/\/sleepcity.ee\/aitah-votame-teiega-peagi-uhendust\/#primaryimage","url":"https:\/\/www.sleepcity.ee\/wp-content\/uploads\/2026\/01\/TEMPUR-Prima-Mattress-SmartCool.jpg","contentUrl":"https:\/\/www.sleepcity.ee\/wp-content\/uploads\/2026\/01\/TEMPUR-Prima-Mattress-SmartCool.jpg","width":790,"height":585},{"@type":"BreadcrumbList","@id":"https:\/\/sleepcity.ee\/aitah-votame-teiega-peagi-uhendust\/#breadcrumb","itemListElement":[{"@type":"ListItem","position":1,"name":"Home","item":"https:\/\/sleepcity.ee\/"},{"@type":"ListItem","position":2,"name":"Ait\u00e4h! V\u00f5tame Teiega peagi \u00fchendust."}]},{"@type":"WebSite","@id":"https:\/\/sleepcity.ee\/#website","url":"https:\/\/sleepcity.ee\/","name":"Tempur Shop","description":"TEMPUR madratsid, voodid, padjad ja muud unetooted.","publisher":{"@id":"https:\/\/sleepcity.ee\/#organization"},"potentialAction":[{"@type":"SearchAction","target":{"@type":"EntryPoint","urlTemplate":"https:\/\/sleepcity.ee\/?s={search_term_string}"},"query-input":{"@type":"PropertyValueSpecification","valueRequired":true,"valueName":"search_term_string"}}],"inLanguage":"et"},{"@type":"Organization","@id":"https:\/\/sleepcity.ee\/#organization","name":"VG Design O\u00dc","url":"https:\/\/sleepcity.ee\/","logo":{"@type":"ImageObject","inLanguage":"et","@id":"https:\/\/sleepcity.ee\/#\/schema\/logo\/image\/","url":"https:\/\/www.sleepcity.ee\/wp-content\/uploads\/2023\/09\/sleepcity_logo.png","contentUrl":"https:\/\/www.sleepcity.ee\/wp-content\/uploads\/2023\/09\/sleepcity_logo.png","width":1034,"height":318,"caption":"VG Design O\u00dc"},"image":{"@id":"https:\/\/sleepcity.ee\/#\/schema\/logo\/image\/"},"sameAs":["http:\/\/www.fb.com\/TempurEstonia","http:\/\/www.instagram.com\/tempurestonia"]}]}},"_links":{"self":[{"href":"https:\/\/www.sleepcity.ee\/wp-json\/wp\/v2\/pages\/10041","targetHints":{"allow":["GET"]}}],"collection":[{"href":"https:\/\/www.sleepcity.ee\/wp-json\/wp\/v2\/pages"}],"about":[{"href":"https:\/\/www.sleepcity.ee\/wp-json\/wp\/v2\/types\/page"}],"author":[{"embeddable":true,"href":"https:\/\/www.sleepcity.ee\/wp-json\/wp\/v2\/users\/2"}],"replies":[{"embeddable":true,"href":"https:\/\/www.sleepcity.ee\/wp-json\/wp\/v2\/comments?post=10041"}],"version-history":[{"count":4,"href":"https:\/\/www.sleepcity.ee\/wp-json\/wp\/v2\/pages\/10041\/revisions"}],"predecessor-version":[{"id":10050,"href":"https:\/\/www.sleepcity.ee\/wp-json\/wp\/v2\/pages\/10041\/revisions\/10050"}],"wp:featuredmedia":[{"embeddable":true,"href":"https:\/\/www.sleepcity.ee\/wp-json\/wp\/v2\/media\/9959"}],"wp:attachment":[{"href":"https:\/\/www.sleepcity.ee\/wp-json\/wp\/v2\/media?parent=10041"}],"curies":[{"name":"wp","href":"https:\/\/api.w.org\/{rel}","templated":true}]}}